{"id":32375,"date":"2023-08-31T10:42:23","date_gmt":"2023-08-31T10:42:23","guid":{"rendered":"https:\/\/evolve-fitness.eu\/product\/evolve-ultra-series-pulldown-reeekselectoren\/"},"modified":"2026-03-26T10:27:43","modified_gmt":"2026-03-26T08:27:43","slug":"evolve-ultra-series-pulldown-reeekselectoren","status":"publish","type":"product","link":"https:\/\/evolve-fitness.eu\/nl\/product\/evolve-ultra-series-pulldown-reeekselectoren\/","title":{"rendered":"Evolve Ultra Series selecteerbare pulldown\/rij (UL-260)"},"content":{"rendered":"\n<section class=\"wp-block-group alignfull has-lightgray-background-color has-background is-layout-constrained wp-block-group-is-layout-constrained\">\n<div class=\"wp-block-columns alignwide is-layout-flex wp-container-core-columns-is-layout-2edb0647 wp-block-columns-is-layout-flex\" style=\"margin-top:0;margin-bottom:0\">\n<div class=\"wp-block-column is-layout-flow wp-block-column-is-layout-flow\" style=\"flex-basis:33.33%\"><\/div>\n\n\n\n<div class=\"wp-block-column is-layout-flow wp-block-column-is-layout-flow\" style=\"flex-basis:66.66%\"><\/div>\n<\/div>\n<\/section>\n\n<section class=\"wp-block-group alignfull black-content has-white-color has-darkgray-background-color has-text-color has-background is-layout-constrained wp-block-group-is-layout-constrained\" style=\"padding-top:var(--wp--preset--spacing--section-bottom);padding-bottom:var(--wp--preset--spacing--section-bottom)\">\n<div class=\"wp-block-columns alignwide mobile-reverse is-layout-flex wp-container-core-columns-is-layout-ca64bf2d wp-block-columns-is-layout-flex\" style=\"margin-bottom:var(--wp--preset--spacing--side-padding)\">\n<div class=\"wp-block-column is-vertically-aligned-center is-layout-flow wp-block-column-is-layout-flow\">\n<h3 class=\"wp-block-heading\">Welkom bij de Ultra-serie<\/h3>\n\n\n\n<p><strong><em>Leer onze Ultra Series-apparatuur kennen met de nieuwste 3D 360 Tour<\/em><\/strong><\/p>\n\n\n\n<p>De Evolve Ultra Series Selectorized Pulldown \/ Row is een eersteklas commerci\u00eble krachttoestel ontworpen voor comfort, prestaties en trainingsveelzijdigheid. Met ergonomische ondersteuning, gebruiksvriendelijke verstelbaarheid voor gebruikers van verschillende maten, een duurzame afwerking met poedercoating en kabels van hoge kwaliteit, levert het een soepele werking en langdurige betrouwbaarheid in professionele fitnessomgevingen. <\/p>\n<\/div>\n\n\n\n<div class=\"wp-block-column is-vertically-aligned-center is-layout-flow wp-block-column-is-layout-flow\">\n<figure class=\"wp-block-video\"><video height=\"1080\" style=\"aspect-ratio: 1920 \/ 1080;\" width=\"1920\" autoplay=\"\" controls=\"\" loop=\"\" muted=\"\" src=\"https:\/\/evolve-fitness.eu\/wp-content\/uploads\/2023\/08\/Evolve-Ultra-Series-Selectorized-Pulldown-Row.mp4\"><\/video><\/figure>\n<\/div>\n<\/div>\n\n\n\n<div class=\"wp-block-columns alignwide mobile-reverse is-layout-flex wp-container-core-columns-is-layout-ca64bf2d wp-block-columns-is-layout-flex\" style=\"margin-bottom:var(--wp--preset--spacing--side-padding)\">\n<div class=\"wp-block-column is-vertically-aligned-center is-layout-flow wp-block-column-is-layout-flow\">\n<figure class=\"wp-block-image size-large is-style-rounded\"><img loading=\"lazy\" decoding=\"async\" width=\"738\" height=\"1024\" src=\"https:\/\/evolve-fitness.eu\/wp-content\/uploads\/2023\/08\/A7_03083-Copy-738x1024.jpg\" alt=\"\" class=\"wp-image-226000\" srcset=\"https:\/\/evolve-fitness.eu\/wp-content\/uploads\/2023\/08\/A7_03083-Copy-738x1024.jpg 738w, https:\/\/evolve-fitness.eu\/wp-content\/uploads\/2023\/08\/A7_03083-Copy-216x300.jpg 216w, https:\/\/evolve-fitness.eu\/wp-content\/uploads\/2023\/08\/A7_03083-Copy-108x150.jpg 108w, https:\/\/evolve-fitness.eu\/wp-content\/uploads\/2023\/08\/A7_03083-Copy-768x1066.jpg 768w, https:\/\/evolve-fitness.eu\/wp-content\/uploads\/2023\/08\/A7_03083-Copy-1106x1536.jpg 1106w, https:\/\/evolve-fitness.eu\/wp-content\/uploads\/2023\/08\/A7_03083-Copy-1475x2048.jpg 1475w, https:\/\/evolve-fitness.eu\/wp-content\/uploads\/2023\/08\/A7_03083-Copy-300x416.jpg 300w, https:\/\/evolve-fitness.eu\/wp-content\/uploads\/2023\/08\/A7_03083-Copy-600x833.jpg 600w, https:\/\/evolve-fitness.eu\/wp-content\/uploads\/2023\/08\/A7_03083-Copy.jpg 1777w\" sizes=\"auto, (max-width: 738px) 100vw, 738px\" \/><\/figure>\n<\/div>\n\n\n\n<div class=\"wp-block-column is-vertically-aligned-center is-layout-flow wp-block-column-is-layout-flow\">\n<h3 class=\"wp-block-heading\" style=\"margin-bottom:var(--wp--preset--spacing--h-3-bottom)\">Veiligheid ontmoet stijl<\/h3>\n\n\n\n<p><strong><em>Volledig afgedekte gewichtskap<\/em><\/strong><\/p>\n\n\n\n<p>Veiligheid en esthetiek zijn essentieel voor elke sportschoolhouder en fitnessondernemer, en de Evolve Ultra Series levert beide dankzij de volledig afgedekte beschermkap voor de gewichtenstapel. Deze functie is ontworpen om de veiligheid van de gebruiker te vergroten, ongelukken te helpen voorkomen en een schone, professionele trainingsomgeving te behouden, en versterkt ook het slanke en moderne uiterlijk van het toestel. Het is een ideale oplossing voor fitnesscentra die waarde hechten aan eersteklas design, veiligheid en functionaliteit op de lange termijn.  <\/p>\n<\/div>\n<\/div>\n\n\n\n<div class=\"wp-block-columns alignwide is-layout-flex wp-container-core-columns-is-layout-c45ee707 wp-block-columns-is-layout-flex\" style=\"margin-bottom:var(--wp--preset--spacing--side-padding);padding-top:var(--wp--preset--spacing--side-padding)\">\n<div class=\"wp-block-column is-vertically-aligned-center is-layout-flow wp-block-column-is-layout-flow\">\n<h3 class=\"wp-block-heading\" style=\"margin-bottom:var(--wp--preset--spacing--h-3-bottom)\"><strong>Optimale handgrepen<\/strong><\/h3>\n\n\n\n<p><strong><em><strong><em><strong><em>De fitnesservaring verbeteren<\/em><\/strong><\/em><\/strong><\/em><\/strong><\/p>\n\n\n\n<p style=\"margin-bottom:var(--wp--preset--spacing--tb-section-padding)\">Klanten aantrekken en behouden is een belangrijke prioriteit voor elke eigenaar van een sportschool en manager van een fitnesscentrum. De Evolve Ultra Series is uitgerust met ergonomisch ontworpen handgrepen die superieur comfort en veiligheid bieden tijdens elke training. Door deze verbeterde gebruikerservaring blijven klanten betrokken, gemotiveerd en toegewijd aan het bereiken van hun fitnessdoelen in uw fitnesscentrum.  <\/p>\n<\/div>\n\n\n\n<div class=\"wp-block-column is-vertically-aligned-center is-layout-flow wp-block-column-is-layout-flow\">\n<figure class=\"wp-block-image size-large\"><img loading=\"lazy\" decoding=\"async\" width=\"1024\" height=\"1024\" src=\"https:\/\/evolve-fitness.eu\/wp-content\/uploads\/2023\/08\/EV-SC-UL-260-Evolve-Ultra-Series-Selectorized-Pulldown-Row_PNG2-1024x1024.png\" alt=\"EV-SC-UL-260\" class=\"wp-image-10174\" srcset=\"https:\/\/evolve-fitness.eu\/wp-content\/uploads\/2023\/08\/EV-SC-UL-260-Evolve-Ultra-Series-Selectorized-Pulldown-Row_PNG2-1024x1024.png 1024w, https:\/\/evolve-fitness.eu\/wp-content\/uploads\/2023\/08\/EV-SC-UL-260-Evolve-Ultra-Series-Selectorized-Pulldown-Row_PNG2-300x300.png 300w, https:\/\/evolve-fitness.eu\/wp-content\/uploads\/2023\/08\/EV-SC-UL-260-Evolve-Ultra-Series-Selectorized-Pulldown-Row_PNG2-150x150.png 150w, https:\/\/evolve-fitness.eu\/wp-content\/uploads\/2023\/08\/EV-SC-UL-260-Evolve-Ultra-Series-Selectorized-Pulldown-Row_PNG2-600x600.png 600w, https:\/\/evolve-fitness.eu\/wp-content\/uploads\/2023\/08\/EV-SC-UL-260-Evolve-Ultra-Series-Selectorized-Pulldown-Row_PNG2-768x768.png 768w, https:\/\/evolve-fitness.eu\/wp-content\/uploads\/2023\/08\/EV-SC-UL-260-Evolve-Ultra-Series-Selectorized-Pulldown-Row_PNG2-1536x1536.png 1536w, https:\/\/evolve-fitness.eu\/wp-content\/uploads\/2023\/08\/EV-SC-UL-260-Evolve-Ultra-Series-Selectorized-Pulldown-Row_PNG2.png 1920w\" sizes=\"auto, (max-width: 1024px) 100vw, 1024px\" \/><\/figure>\n<\/div>\n<\/div>\n\n\n\n<div class=\"wp-block-columns alignwide are-vertically-aligned-center mobile-reverse is-layout-flex wp-container-core-columns-is-layout-e8158c2f wp-block-columns-is-layout-flex\" style=\"padding-top:var(--wp--preset--spacing--side-padding)\">\n<div class=\"wp-block-column is-vertically-aligned-center is-layout-flow wp-block-column-is-layout-flow\">\n<figure class=\"wp-block-video\"><video height=\"1080\" style=\"aspect-ratio: 1920 \/ 1080;\" width=\"1920\" autoplay=\"\" controls=\"\" loop=\"\" muted=\"\" src=\"https:\/\/evolve-fitness.eu\/wp-content\/uploads\/2023\/08\/UL-040-Weight-Stack.mp4\"><\/video><\/figure>\n<\/div>\n\n\n\n<div class=\"wp-block-column is-vertically-aligned-center is-layout-flow wp-block-column-is-layout-flow\">\n<h3 class=\"wp-block-heading\" style=\"margin-bottom:var(--wp--preset--spacing--h-3-bottom)\"><strong>Gewicht Stapel<\/strong><\/h3>\n\n\n\n<p><strong><em><strong><em>De fitnesservaring verbeteren<\/em><\/strong><\/em><\/strong><\/p>\n\n\n\n<p style=\"margin-bottom:var(--wp--preset--spacing--tb-section-padding)\">De Evolve Ultra Series Selectorized Biceps Curl machine heeft een 122,5 kg gewichtstapel, met de optie om te upgraden naar 152 kg voor gebruikers die op zoek zijn naar een hogere trainingsintensiteit. De volledig gesloten gewichtstapel verhoogt de veiligheid tijdens de training en draagt bij aan het strakke, moderne en professionele uiterlijk van de machine. <br\/><\/p>\n<\/div>\n<\/div>\n\n\n\n<div class=\"wp-block-columns alignwide is-layout-flex wp-container-core-columns-is-layout-c45ee707 wp-block-columns-is-layout-flex\" style=\"margin-bottom:var(--wp--preset--spacing--side-padding);padding-top:var(--wp--preset--spacing--side-padding)\">\n<div class=\"wp-block-column is-vertically-aligned-center is-layout-flow wp-block-column-is-layout-flow\">\n<h3 class=\"wp-block-heading\" style=\"margin-bottom:var(--wp--preset--spacing--h-3-bottom)\">Frame met dubbele poedercoating<\/h3>\n\n\n\n<p><strong><em>Schade voorkomen<\/em><\/strong><\/p>\n\n\n\n<p style=\"margin-bottom:var(--wp--preset--spacing--tb-section-padding)\">De krachttoestellen uit de Evolve Ultra Series hebben een mat parelzwart frame met elektrostatische poedercoating dat een eersteklas esthetiek combineert met uitzonderlijke duurzaamheid. De verfijnde matte afwerking geeft elk toestel een gestroomlijnde, professionele look, terwijl de wrijvingsbestendige, anticorrosie en krasbestendige eigenschappen zorgen voor betrouwbare prestaties op lange termijn in veeleisende fitnessomgevingen. <br\/><br\/><\/p>\n<\/div>\n\n\n\n<div class=\"wp-block-column is-vertically-aligned-center is-layout-flow wp-block-column-is-layout-flow\">\n<figure class=\"wp-block-video\"><video height=\"720\" style=\"aspect-ratio: 1280 \/ 720;\" width=\"1280\" autoplay=\"\" controls=\"\" loop=\"\" muted=\"\" src=\"https:\/\/evolve-fitness.eu\/wp-content\/uploads\/2023\/10\/Evolve-Double-powder-coated-Frame.mp4\"><\/video><\/figure>\n<\/div>\n<\/div>\n\n\n\n<div class=\"wp-block-columns alignwide is-layout-flex wp-container-core-columns-is-layout-c45ee707 wp-block-columns-is-layout-flex\" style=\"margin-bottom:var(--wp--preset--spacing--side-padding);padding-top:var(--wp--preset--spacing--side-padding)\">\n<div class=\"wp-block-column is-vertically-aligned-center is-layout-flow wp-block-column-is-layout-flow\">\n<figure class=\"wp-block-video\"><video height=\"720\" style=\"aspect-ratio: 1280 \/ 720;\" width=\"1280\" autoplay=\"\" controls=\"\" loop=\"\" muted=\"\" src=\"https:\/\/evolve-fitness.eu\/wp-content\/uploads\/2023\/10\/Evolve-cable.mp4\"><\/video><\/figure>\n<\/div>\n\n\n\n<div class=\"wp-block-column is-vertically-aligned-center is-layout-flow wp-block-column-is-layout-flow\">\n<h3 class=\"wp-block-heading\" style=\"margin-bottom:var(--wp--preset--spacing--h-3-bottom)\">Kabel<\/h3>\n\n\n\n<p><strong><em>Superieure kwaliteit<\/em><\/strong><\/p>\n\n\n\n<p style=\"margin-bottom:var(--wp--preset--spacing--tb-section-padding)\">Evolve Ultra Series machines gebruiken kabels van superieure kwaliteit, ontworpen voor uitzonderlijke sterkte, duurzaamheid en soepele prestaties. Elke kabel heeft zes hoofdstrengen, waarbij elke streng bestaat uit 19 gedraaide draden, een polyamide 12 (PA12) coating en een diameter van 5 mm. Met een breekkracht van 9000 kN zijn deze kabels gebouwd voor uitstekende betrouwbaarheid en langdurige prestaties in veeleisende fitnessomgevingen.  <\/p>\n\n\n\n<p style=\"margin-bottom:var(--wp--preset--spacing--tb-section-padding)\">Of je nu bicep curls, chest presses, lat pulldowns of andere krachttrainingsoefeningen doet, het hoogwaardige kabelsysteem zorgt voor soepele bewegingen en een consistente weerstand tijdens elke herhaling. Dit helpt bij het cre\u00ebren van een trainingservaring die gecontroleerd, effectief en comfortabel is. <\/p>\n<\/div>\n<\/div>\n<\/section>\n","protected":false},"excerpt":{"rendered":"<p>Verhoog je sportschoolervaring met de Evolve Ultra Series Selectorized Pulldown\/Row, UL-260.<br \/>\nGeniet van onafhankelijke armbewegingen voor dynamische workouts, terwijl de beklede gewichtstapel voor veiligheid en stijl zorgt.<br \/>\nMet gebruikersgerichte functies zoals stoelverstelling met \u00e9\u00e9n hand en optimale handgrepen biedt de UL-260 comfort en effici\u00ebntie.<br \/>\nTransformeer je fitnesscentrum met dit slanke, innovatieve toestel.   <\/p>\n","protected":false},"featured_media":134933,"template":"","meta":{"_acf_changed":false,"inline_featured_image":false},"product_brand":[],"product_cat":[2832,3862],"product_tag":[],"class_list":{"0":"post-32375","1":"product","2":"type-product","3":"status-publish","4":"has-post-thumbnail","6":"product_cat-geselecteerde-machines","7":"product_cat-ultra-series-machines-met-selectiemotor","9":"first","10":"instock","11":"virtual","12":"purchasable","13":"product-type-simple"},"acf":{"long_title":"Evolve Ultra Series selecteerbare pulldown\/rij (UL-260)","subtitle":"","specifications":[{"label":"SKU","text_value":"EV-SC-UL-260","icon":"x"},{"label":"Afmetingen","text_value":"1985 x 1475 x 2247 mm","icon":"x"},{"label":"Gewicht","text_value":"152 kg","icon":"x"},{"label":"Stapel gewichten","text_value":"122,5 kg","icon":"x"},{"label":"Bovenste gewichtplaat","text_value":"2 x 2,5 kg","icon":"x"},{"label":"Max. gewicht gebruiker","text_value":"180 kg","icon":"x"},{"label":"Dikte frame","text_value":"3 mm","icon":"x"},{"label":"Bovenste gewichtplaat","text_value":"","icon":"v"},{"label":"Magnetische gewichtstapelpen","text_value":"","icon":"v"},{"label":"Plakkaat met trainingsinstructie","text_value":"2 jaar","icon":"v"},{"label":"Omhulde gewichtstapel","text_value":"","icon":"v"},{"label":"Duurzame vloerbeschermers","text_value":"","icon":"v"},{"label":"Corrosiewerende verf","text_value":"2 jaar","icon":"v"},{"label":"Dikke bekleding bedekt met PU leer","text_value":"","icon":"v"},{"label":"Nylon kabel","text_value":"","icon":"v"},{"label":"Antislip handgrepen  ","text_value":"","icon":"v"},{"label":"Waterfles en accessoirekoffer","text_value":"","icon":"v"},{"label":"Garantie  ","text_value":"2 jaar","icon":"x"}]},"yoast_head":"<!-- This site is optimized with the Yoast SEO plugin v27.4 - https:\/\/yoast.com\/product\/yoast-seo-wordpress\/ -->\n<title>Evolve Ultra Series selecteerbare pulldown\/rij (UL-260) - Evolve<\/title>\n<meta name=\"description\" content=\"Verhoog je sportschoolervaring met de Evolve Ultra Series Selectorized Pulldown\/Row, UL-260. Geniet van onafhankelijke armbewegingen\" \/>\n<meta name=\"robots\" content=\"index, follow, max-snippet:-1, max-image-preview:large, max-video-preview:-1\" \/>\n<link rel=\"canonical\" href=\"https:\/\/evolve-fitness.eu\/nl\/product\/evolve-ultra-series-pulldown-reeekselectoren\/\" \/>\n<meta property=\"og:locale\" content=\"nl_NL\" \/>\n<meta property=\"og:type\" content=\"article\" \/>\n<meta property=\"og:title\" content=\"Evolve Ultra Series selecteerbare pulldown\/rij (UL-260) - Evolve\" \/>\n<meta property=\"og:description\" content=\"Verhoog je sportschoolervaring met de Evolve Ultra Series Selectorized Pulldown\/Row, UL-260. Geniet van onafhankelijke armbewegingen\" \/>\n<meta property=\"og:url\" content=\"https:\/\/evolve-fitness.eu\/nl\/product\/evolve-ultra-series-pulldown-reeekselectoren\/\" \/>\n<meta property=\"og:site_name\" content=\"Evolve\" \/>\n<meta property=\"article:publisher\" content=\"https:\/\/www.facebook.com\/EvolveFitnessEurope\" \/>\n<meta property=\"article:modified_time\" content=\"2026-03-26T08:27:43+00:00\" \/>\n<meta property=\"og:image\" content=\"https:\/\/evolve-fitness.eu\/wp-content\/uploads\/2024\/06\/EV-SC-UL-260-Evolve-Ultra-Series-Selectorized-Pulldown-Row-5-1024x1024.png\" \/>\n\t<meta property=\"og:image:width\" content=\"1024\" \/>\n\t<meta property=\"og:image:height\" content=\"1024\" \/>\n\t<meta property=\"og:image:type\" content=\"image\/png\" \/>\n<meta name=\"twitter:card\" content=\"summary_large_image\" \/>\n<script type=\"application\/ld+json\" class=\"yoast-schema-graph\">{\"@context\":\"https:\\\/\\\/schema.org\",\"@graph\":[{\"@type\":\"WebPage\",\"@id\":\"https:\\\/\\\/evolve-fitness.eu\\\/nl\\\/product\\\/evolve-ultra-series-pulldown-reeekselectoren\\\/\",\"url\":\"https:\\\/\\\/evolve-fitness.eu\\\/nl\\\/product\\\/evolve-ultra-series-pulldown-reeekselectoren\\\/\",\"name\":\"Evolve Ultra Series selecteerbare pulldown\\\/rij (UL-260) - Evolve\",\"isPartOf\":{\"@id\":\"https:\\\/\\\/evolve-fitness.eu\\\/nl\\\/#website\"},\"primaryImageOfPage\":{\"@id\":\"https:\\\/\\\/evolve-fitness.eu\\\/nl\\\/product\\\/evolve-ultra-series-pulldown-reeekselectoren\\\/#primaryimage\"},\"image\":{\"@id\":\"https:\\\/\\\/evolve-fitness.eu\\\/nl\\\/product\\\/evolve-ultra-series-pulldown-reeekselectoren\\\/#primaryimage\"},\"thumbnailUrl\":\"https:\\\/\\\/evolve-fitness.eu\\\/wp-content\\\/uploads\\\/2024\\\/06\\\/EV-SC-UL-260-Evolve-Ultra-Series-Selectorized-Pulldown-Row-5.png\",\"datePublished\":\"2023-08-31T10:42:23+00:00\",\"dateModified\":\"2026-03-26T08:27:43+00:00\",\"description\":\"Verhoog je sportschoolervaring met de Evolve Ultra Series Selectorized Pulldown\\\/Row, UL-260. Geniet van onafhankelijke armbewegingen\",\"breadcrumb\":{\"@id\":\"https:\\\/\\\/evolve-fitness.eu\\\/nl\\\/product\\\/evolve-ultra-series-pulldown-reeekselectoren\\\/#breadcrumb\"},\"inLanguage\":\"nl-NL\",\"potentialAction\":[{\"@type\":\"ReadAction\",\"target\":[\"https:\\\/\\\/evolve-fitness.eu\\\/nl\\\/product\\\/evolve-ultra-series-pulldown-reeekselectoren\\\/\"]}]},{\"@type\":\"ImageObject\",\"inLanguage\":\"nl-NL\",\"@id\":\"https:\\\/\\\/evolve-fitness.eu\\\/nl\\\/product\\\/evolve-ultra-series-pulldown-reeekselectoren\\\/#primaryimage\",\"url\":\"https:\\\/\\\/evolve-fitness.eu\\\/wp-content\\\/uploads\\\/2024\\\/06\\\/EV-SC-UL-260-Evolve-Ultra-Series-Selectorized-Pulldown-Row-5.png\",\"contentUrl\":\"https:\\\/\\\/evolve-fitness.eu\\\/wp-content\\\/uploads\\\/2024\\\/06\\\/EV-SC-UL-260-Evolve-Ultra-Series-Selectorized-Pulldown-Row-5.png\",\"width\":1920,\"height\":1920},{\"@type\":\"BreadcrumbList\",\"@id\":\"https:\\\/\\\/evolve-fitness.eu\\\/nl\\\/product\\\/evolve-ultra-series-pulldown-reeekselectoren\\\/#breadcrumb\",\"itemListElement\":[{\"@type\":\"ListItem\",\"position\":1,\"name\":\"Home\",\"item\":\"https:\\\/\\\/evolve-fitness.eu\\\/nl\\\/\"},{\"@type\":\"ListItem\",\"position\":2,\"name\":\"Producten\",\"item\":\"https:\\\/\\\/evolve-fitness.eu\\\/nl\\\/shop\\\/\"},{\"@type\":\"ListItem\",\"position\":3,\"name\":\"Evolve Ultra Series selecteerbare pulldown\\\/rij (UL-260)\"}]},{\"@type\":\"WebSite\",\"@id\":\"https:\\\/\\\/evolve-fitness.eu\\\/nl\\\/#website\",\"url\":\"https:\\\/\\\/evolve-fitness.eu\\\/nl\\\/\",\"name\":\"Evolve\",\"description\":\"Your Evolved Gear Arrived\",\"publisher\":{\"@id\":\"https:\\\/\\\/evolve-fitness.eu\\\/nl\\\/#organization\"},\"potentialAction\":[{\"@type\":\"SearchAction\",\"target\":{\"@type\":\"EntryPoint\",\"urlTemplate\":\"https:\\\/\\\/evolve-fitness.eu\\\/nl\\\/?s={search_term_string}\"},\"query-input\":{\"@type\":\"PropertyValueSpecification\",\"valueRequired\":true,\"valueName\":\"search_term_string\"}}],\"inLanguage\":\"nl-NL\"},{\"@type\":\"Organization\",\"@id\":\"https:\\\/\\\/evolve-fitness.eu\\\/nl\\\/#organization\",\"name\":\"Evolve\",\"url\":\"https:\\\/\\\/evolve-fitness.eu\\\/nl\\\/\",\"logo\":{\"@type\":\"ImageObject\",\"inLanguage\":\"nl-NL\",\"@id\":\"https:\\\/\\\/evolve-fitness.eu\\\/nl\\\/#\\\/schema\\\/logo\\\/image\\\/\",\"url\":\"https:\\\/\\\/evolve-fitness.eu\\\/wp-content\\\/uploads\\\/2023\\\/05\\\/Evolve-logo.svg\",\"contentUrl\":\"https:\\\/\\\/evolve-fitness.eu\\\/wp-content\\\/uploads\\\/2023\\\/05\\\/Evolve-logo.svg\",\"width\":176,\"height\":20,\"caption\":\"Evolve\"},\"image\":{\"@id\":\"https:\\\/\\\/evolve-fitness.eu\\\/nl\\\/#\\\/schema\\\/logo\\\/image\\\/\"},\"sameAs\":[\"https:\\\/\\\/www.facebook.com\\\/EvolveFitnessEurope\"]}]}<\/script>\n<!-- \/ Yoast SEO plugin. -->","yoast_head_json":{"title":"Evolve Ultra Series selecteerbare pulldown\/rij (UL-260) - Evolve","description":"Verhoog je sportschoolervaring met de Evolve Ultra Series Selectorized Pulldown\/Row, UL-260. Geniet van onafhankelijke armbewegingen","robots":{"index":"index","follow":"follow","max-snippet":"max-snippet:-1","max-image-preview":"max-image-preview:large","max-video-preview":"max-video-preview:-1"},"canonical":"https:\/\/evolve-fitness.eu\/nl\/product\/evolve-ultra-series-pulldown-reeekselectoren\/","og_locale":"nl_NL","og_type":"article","og_title":"Evolve Ultra Series selecteerbare pulldown\/rij (UL-260) - Evolve","og_description":"Verhoog je sportschoolervaring met de Evolve Ultra Series Selectorized Pulldown\/Row, UL-260. Geniet van onafhankelijke armbewegingen","og_url":"https:\/\/evolve-fitness.eu\/nl\/product\/evolve-ultra-series-pulldown-reeekselectoren\/","og_site_name":"Evolve","article_publisher":"https:\/\/www.facebook.com\/EvolveFitnessEurope","article_modified_time":"2026-03-26T08:27:43+00:00","og_image":[{"width":1024,"height":1024,"url":"https:\/\/evolve-fitness.eu\/wp-content\/uploads\/2024\/06\/EV-SC-UL-260-Evolve-Ultra-Series-Selectorized-Pulldown-Row-5-1024x1024.png","type":"image\/png"}],"twitter_card":"summary_large_image","schema":{"@context":"https:\/\/schema.org","@graph":[{"@type":"WebPage","@id":"https:\/\/evolve-fitness.eu\/nl\/product\/evolve-ultra-series-pulldown-reeekselectoren\/","url":"https:\/\/evolve-fitness.eu\/nl\/product\/evolve-ultra-series-pulldown-reeekselectoren\/","name":"Evolve Ultra Series selecteerbare pulldown\/rij (UL-260) - Evolve","isPartOf":{"@id":"https:\/\/evolve-fitness.eu\/nl\/#website"},"primaryImageOfPage":{"@id":"https:\/\/evolve-fitness.eu\/nl\/product\/evolve-ultra-series-pulldown-reeekselectoren\/#primaryimage"},"image":{"@id":"https:\/\/evolve-fitness.eu\/nl\/product\/evolve-ultra-series-pulldown-reeekselectoren\/#primaryimage"},"thumbnailUrl":"https:\/\/evolve-fitness.eu\/wp-content\/uploads\/2024\/06\/EV-SC-UL-260-Evolve-Ultra-Series-Selectorized-Pulldown-Row-5.png","datePublished":"2023-08-31T10:42:23+00:00","dateModified":"2026-03-26T08:27:43+00:00","description":"Verhoog je sportschoolervaring met de Evolve Ultra Series Selectorized Pulldown\/Row, UL-260. Geniet van onafhankelijke armbewegingen","breadcrumb":{"@id":"https:\/\/evolve-fitness.eu\/nl\/product\/evolve-ultra-series-pulldown-reeekselectoren\/#breadcrumb"},"inLanguage":"nl-NL","potentialAction":[{"@type":"ReadAction","target":["https:\/\/evolve-fitness.eu\/nl\/product\/evolve-ultra-series-pulldown-reeekselectoren\/"]}]},{"@type":"ImageObject","inLanguage":"nl-NL","@id":"https:\/\/evolve-fitness.eu\/nl\/product\/evolve-ultra-series-pulldown-reeekselectoren\/#primaryimage","url":"https:\/\/evolve-fitness.eu\/wp-content\/uploads\/2024\/06\/EV-SC-UL-260-Evolve-Ultra-Series-Selectorized-Pulldown-Row-5.png","contentUrl":"https:\/\/evolve-fitness.eu\/wp-content\/uploads\/2024\/06\/EV-SC-UL-260-Evolve-Ultra-Series-Selectorized-Pulldown-Row-5.png","width":1920,"height":1920},{"@type":"BreadcrumbList","@id":"https:\/\/evolve-fitness.eu\/nl\/product\/evolve-ultra-series-pulldown-reeekselectoren\/#breadcrumb","itemListElement":[{"@type":"ListItem","position":1,"name":"Home","item":"https:\/\/evolve-fitness.eu\/nl\/"},{"@type":"ListItem","position":2,"name":"Producten","item":"https:\/\/evolve-fitness.eu\/nl\/shop\/"},{"@type":"ListItem","position":3,"name":"Evolve Ultra Series selecteerbare pulldown\/rij (UL-260)"}]},{"@type":"WebSite","@id":"https:\/\/evolve-fitness.eu\/nl\/#website","url":"https:\/\/evolve-fitness.eu\/nl\/","name":"Evolve","description":"Your Evolved Gear Arrived","publisher":{"@id":"https:\/\/evolve-fitness.eu\/nl\/#organization"},"potentialAction":[{"@type":"SearchAction","target":{"@type":"EntryPoint","urlTemplate":"https:\/\/evolve-fitness.eu\/nl\/?s={search_term_string}"},"query-input":{"@type":"PropertyValueSpecification","valueRequired":true,"valueName":"search_term_string"}}],"inLanguage":"nl-NL"},{"@type":"Organization","@id":"https:\/\/evolve-fitness.eu\/nl\/#organization","name":"Evolve","url":"https:\/\/evolve-fitness.eu\/nl\/","logo":{"@type":"ImageObject","inLanguage":"nl-NL","@id":"https:\/\/evolve-fitness.eu\/nl\/#\/schema\/logo\/image\/","url":"https:\/\/evolve-fitness.eu\/wp-content\/uploads\/2023\/05\/Evolve-logo.svg","contentUrl":"https:\/\/evolve-fitness.eu\/wp-content\/uploads\/2023\/05\/Evolve-logo.svg","width":176,"height":20,"caption":"Evolve"},"image":{"@id":"https:\/\/evolve-fitness.eu\/nl\/#\/schema\/logo\/image\/"},"sameAs":["https:\/\/www.facebook.com\/EvolveFitnessEurope"]}]}},"_links":{"self":[{"href":"https:\/\/evolve-fitness.eu\/nl\/wp-json\/wp\/v2\/product\/32375","targetHints":{"allow":["GET"]}}],"collection":[{"href":"https:\/\/evolve-fitness.eu\/nl\/wp-json\/wp\/v2\/product"}],"about":[{"href":"https:\/\/evolve-fitness.eu\/nl\/wp-json\/wp\/v2\/types\/product"}],"wp:featuredmedia":[{"embeddable":true,"href":"https:\/\/evolve-fitness.eu\/nl\/wp-json\/wp\/v2\/media\/134933"}],"wp:attachment":[{"href":"https:\/\/evolve-fitness.eu\/nl\/wp-json\/wp\/v2\/media?parent=32375"}],"wp:term":[{"taxonomy":"product_brand","embeddable":true,"href":"https:\/\/evolve-fitness.eu\/nl\/wp-json\/wp\/v2\/product_brand?post=32375"},{"taxonomy":"product_cat","embeddable":true,"href":"https:\/\/evolve-fitness.eu\/nl\/wp-json\/wp\/v2\/product_cat?post=32375"},{"taxonomy":"product_tag","embeddable":true,"href":"https:\/\/evolve-fitness.eu\/nl\/wp-json\/wp\/v2\/product_tag?post=32375"}],"curies":[{"name":"wp","href":"https:\/\/api.w.org\/{rel}","templated":true}]}}