{"id":34987,"date":"2023-09-11T07:14:18","date_gmt":"2023-09-11T07:14:18","guid":{"rendered":"https:\/\/evolve-fitness.eu\/product\/evolve-ultra-series-plattenbelastete-brustpresse\/"},"modified":"2024-03-15T11:46:32","modified_gmt":"2024-03-15T11:46:32","slug":"evolve-ultra-series-plattenbelastete-brustpresse","status":"publish","type":"product","link":"https:\/\/evolve-fitness.eu\/nl\/product\/evolve-ultra-series-plattenbelastete-brustpresse\/","title":{"rendered":"Evolve Ultra Series plattenbelastete Brustpresse"},"content":{"rendered":"","protected":false},"excerpt":{"rendered":"<p>Gebruik het product in uw fitnessstudio met de Evolve Ultra Series Plate Loaded Chest Press UL-010. Deze voor kommerzielle Fitnesseinrichtungen konzipierte Brustpresse verf\u00fcgt \u00fcber einen robuusten Stahlrahmen mit Rostschutz, 6 integrierte Hantelscheibenaufbewahrungsstifte und rutschfeste Griffe f\u00fcr mehr Sicherheit. Het ergonomische ontwerp, de unilaterale armbeweging en de prachtige kleuren maken hem tot een unieke keuze. Met een garantie van 2 jaar is dit de ideale oplossing voor fitnessstudenten die op zoek zijn naar duurzame, hoogwaardige apparaten. Verfraai de fitnessapparatuur in uw fitnessstudio met deze hoogwaardige Brustpresse.  <\/p>\n","protected":false},"featured_media":0,"template":"","meta":{"_acf_changed":false,"inline_featured_image":false},"product_brand":[],"product_cat":[17],"product_tag":[],"class_list":{"0":"post-34987","1":"product","2":"type-product","3":"status-publish","5":"product_cat-be-kategorijos","7":"first","8":"instock","9":"virtual","10":"purchasable","11":"product-type-simple"},"acf":{"long_title":"Evolve Ultra Series Plaatbelaste Borstdruk, UL-010","subtitle":"","specifications":[{"label":"SKU","text_value":"EV-PL-UL-010","icon":"x"},{"label":"Aanbiedingen","text_value":"1100 x 1690 x 1770 mm","icon":"x"},{"label":"Gewicht","text_value":"135 kg","icon":"x"},{"label":"Garantie  ","text_value":"2 Jahre","icon":"x"},{"label":"Max. beladen  ","text_value":"300 kg","icon":"x"},{"label":"Aufbewahrung von Hantelscheiben","text_value":"","icon":"v"},{"label":"Dick gepolstert","text_value":"","icon":"v"},{"label":"Unilaterale Armbewegung","text_value":"","icon":"v"},{"label":"Zitpositie instelbaar  ","text_value":"","icon":"v"},{"label":"Offener Rahmen f\u00fcr leichten Zugang","text_value":"","icon":"v"},{"label":"Langlebige Bodenschoner","text_value":"","icon":"v"},{"label":"Anti-Rutsch-Griffe","text_value":"","icon":"v"},{"label":"6 Stifte zur Aufbewahrung von Hantelscheiben","text_value":"","icon":"v"},{"label":"Rahmen- en Polsterfarben individueel aanpassen","text_value":"","icon":"v"}]},"yoast_head":"<!-- This site is optimized with the Yoast SEO plugin v27.4 - https:\/\/yoast.com\/product\/yoast-seo-wordpress\/ -->\n<title>Evolve Ultra Series plattenbelastete Brustpresse - Evolve<\/title>\n<meta name=\"robots\" content=\"index, follow, max-snippet:-1, max-image-preview:large, max-video-preview:-1\" \/>\n<link rel=\"canonical\" href=\"https:\/\/evolve-fitness.eu\/nl\/product\/evolve-ultra-series-plattenbelastete-brustpresse\/\" \/>\n<meta property=\"og:locale\" content=\"nl_NL\" \/>\n<meta property=\"og:type\" content=\"article\" \/>\n<meta property=\"og:title\" content=\"Evolve Ultra Series plattenbelastete Brustpresse - Evolve\" \/>\n<meta property=\"og:url\" content=\"https:\/\/evolve-fitness.eu\/nl\/product\/evolve-ultra-series-plattenbelastete-brustpresse\/\" \/>\n<meta property=\"og:site_name\" content=\"Evolve\" \/>\n<meta property=\"article:publisher\" content=\"https:\/\/www.facebook.com\/EvolveFitnessEurope\" \/>\n<meta property=\"article:modified_time\" content=\"2024-03-15T11:46:32+00:00\" \/>\n<meta name=\"twitter:card\" content=\"summary_large_image\" \/>\n<script type=\"application\/ld+json\" class=\"yoast-schema-graph\">{\"@context\":\"https:\\\/\\\/schema.org\",\"@graph\":[{\"@type\":\"WebPage\",\"@id\":\"https:\\\/\\\/evolve-fitness.eu\\\/nl\\\/product\\\/evolve-ultra-series-plattenbelastete-brustpresse\\\/\",\"url\":\"https:\\\/\\\/evolve-fitness.eu\\\/nl\\\/product\\\/evolve-ultra-series-plattenbelastete-brustpresse\\\/\",\"name\":\"Evolve Ultra Series plattenbelastete Brustpresse - Evolve\",\"isPartOf\":{\"@id\":\"https:\\\/\\\/evolve-fitness.eu\\\/nl\\\/#website\"},\"datePublished\":\"2023-09-11T07:14:18+00:00\",\"dateModified\":\"2024-03-15T11:46:32+00:00\",\"breadcrumb\":{\"@id\":\"https:\\\/\\\/evolve-fitness.eu\\\/nl\\\/product\\\/evolve-ultra-series-plattenbelastete-brustpresse\\\/#breadcrumb\"},\"inLanguage\":\"nl-NL\",\"potentialAction\":[{\"@type\":\"ReadAction\",\"target\":[\"https:\\\/\\\/evolve-fitness.eu\\\/nl\\\/product\\\/evolve-ultra-series-plattenbelastete-brustpresse\\\/\"]}]},{\"@type\":\"BreadcrumbList\",\"@id\":\"https:\\\/\\\/evolve-fitness.eu\\\/nl\\\/product\\\/evolve-ultra-series-plattenbelastete-brustpresse\\\/#breadcrumb\",\"itemListElement\":[{\"@type\":\"ListItem\",\"position\":1,\"name\":\"Home\",\"item\":\"https:\\\/\\\/evolve-fitness.eu\\\/nl\\\/\"},{\"@type\":\"ListItem\",\"position\":2,\"name\":\"Producten\",\"item\":\"https:\\\/\\\/evolve-fitness.eu\\\/nl\\\/shop\\\/\"},{\"@type\":\"ListItem\",\"position\":3,\"name\":\"Evolve Ultra Series plattenbelastete Brustpresse\"}]},{\"@type\":\"WebSite\",\"@id\":\"https:\\\/\\\/evolve-fitness.eu\\\/nl\\\/#website\",\"url\":\"https:\\\/\\\/evolve-fitness.eu\\\/nl\\\/\",\"name\":\"Evolve\",\"description\":\"Your Evolved Gear Arrived\",\"publisher\":{\"@id\":\"https:\\\/\\\/evolve-fitness.eu\\\/nl\\\/#organization\"},\"potentialAction\":[{\"@type\":\"SearchAction\",\"target\":{\"@type\":\"EntryPoint\",\"urlTemplate\":\"https:\\\/\\\/evolve-fitness.eu\\\/nl\\\/?s={search_term_string}\"},\"query-input\":{\"@type\":\"PropertyValueSpecification\",\"valueRequired\":true,\"valueName\":\"search_term_string\"}}],\"inLanguage\":\"nl-NL\"},{\"@type\":\"Organization\",\"@id\":\"https:\\\/\\\/evolve-fitness.eu\\\/nl\\\/#organization\",\"name\":\"Evolve\",\"url\":\"https:\\\/\\\/evolve-fitness.eu\\\/nl\\\/\",\"logo\":{\"@type\":\"ImageObject\",\"inLanguage\":\"nl-NL\",\"@id\":\"https:\\\/\\\/evolve-fitness.eu\\\/nl\\\/#\\\/schema\\\/logo\\\/image\\\/\",\"url\":\"https:\\\/\\\/evolve-fitness.eu\\\/wp-content\\\/uploads\\\/2023\\\/05\\\/Evolve-logo.svg\",\"contentUrl\":\"https:\\\/\\\/evolve-fitness.eu\\\/wp-content\\\/uploads\\\/2023\\\/05\\\/Evolve-logo.svg\",\"width\":176,\"height\":20,\"caption\":\"Evolve\"},\"image\":{\"@id\":\"https:\\\/\\\/evolve-fitness.eu\\\/nl\\\/#\\\/schema\\\/logo\\\/image\\\/\"},\"sameAs\":[\"https:\\\/\\\/www.facebook.com\\\/EvolveFitnessEurope\"]}]}<\/script>\n<!-- \/ Yoast SEO plugin. -->","yoast_head_json":{"title":"Evolve Ultra Series plattenbelastete Brustpresse - Evolve","robots":{"index":"index","follow":"follow","max-snippet":"max-snippet:-1","max-image-preview":"max-image-preview:large","max-video-preview":"max-video-preview:-1"},"canonical":"https:\/\/evolve-fitness.eu\/nl\/product\/evolve-ultra-series-plattenbelastete-brustpresse\/","og_locale":"nl_NL","og_type":"article","og_title":"Evolve Ultra Series plattenbelastete Brustpresse - Evolve","og_url":"https:\/\/evolve-fitness.eu\/nl\/product\/evolve-ultra-series-plattenbelastete-brustpresse\/","og_site_name":"Evolve","article_publisher":"https:\/\/www.facebook.com\/EvolveFitnessEurope","article_modified_time":"2024-03-15T11:46:32+00:00","twitter_card":"summary_large_image","schema":{"@context":"https:\/\/schema.org","@graph":[{"@type":"WebPage","@id":"https:\/\/evolve-fitness.eu\/nl\/product\/evolve-ultra-series-plattenbelastete-brustpresse\/","url":"https:\/\/evolve-fitness.eu\/nl\/product\/evolve-ultra-series-plattenbelastete-brustpresse\/","name":"Evolve Ultra Series plattenbelastete Brustpresse - Evolve","isPartOf":{"@id":"https:\/\/evolve-fitness.eu\/nl\/#website"},"datePublished":"2023-09-11T07:14:18+00:00","dateModified":"2024-03-15T11:46:32+00:00","breadcrumb":{"@id":"https:\/\/evolve-fitness.eu\/nl\/product\/evolve-ultra-series-plattenbelastete-brustpresse\/#breadcrumb"},"inLanguage":"nl-NL","potentialAction":[{"@type":"ReadAction","target":["https:\/\/evolve-fitness.eu\/nl\/product\/evolve-ultra-series-plattenbelastete-brustpresse\/"]}]},{"@type":"BreadcrumbList","@id":"https:\/\/evolve-fitness.eu\/nl\/product\/evolve-ultra-series-plattenbelastete-brustpresse\/#breadcrumb","itemListElement":[{"@type":"ListItem","position":1,"name":"Home","item":"https:\/\/evolve-fitness.eu\/nl\/"},{"@type":"ListItem","position":2,"name":"Producten","item":"https:\/\/evolve-fitness.eu\/nl\/shop\/"},{"@type":"ListItem","position":3,"name":"Evolve Ultra Series plattenbelastete Brustpresse"}]},{"@type":"WebSite","@id":"https:\/\/evolve-fitness.eu\/nl\/#website","url":"https:\/\/evolve-fitness.eu\/nl\/","name":"Evolve","description":"Your Evolved Gear Arrived","publisher":{"@id":"https:\/\/evolve-fitness.eu\/nl\/#organization"},"potentialAction":[{"@type":"SearchAction","target":{"@type":"EntryPoint","urlTemplate":"https:\/\/evolve-fitness.eu\/nl\/?s={search_term_string}"},"query-input":{"@type":"PropertyValueSpecification","valueRequired":true,"valueName":"search_term_string"}}],"inLanguage":"nl-NL"},{"@type":"Organization","@id":"https:\/\/evolve-fitness.eu\/nl\/#organization","name":"Evolve","url":"https:\/\/evolve-fitness.eu\/nl\/","logo":{"@type":"ImageObject","inLanguage":"nl-NL","@id":"https:\/\/evolve-fitness.eu\/nl\/#\/schema\/logo\/image\/","url":"https:\/\/evolve-fitness.eu\/wp-content\/uploads\/2023\/05\/Evolve-logo.svg","contentUrl":"https:\/\/evolve-fitness.eu\/wp-content\/uploads\/2023\/05\/Evolve-logo.svg","width":176,"height":20,"caption":"Evolve"},"image":{"@id":"https:\/\/evolve-fitness.eu\/nl\/#\/schema\/logo\/image\/"},"sameAs":["https:\/\/www.facebook.com\/EvolveFitnessEurope"]}]}},"_links":{"self":[{"href":"https:\/\/evolve-fitness.eu\/nl\/wp-json\/wp\/v2\/product\/34987","targetHints":{"allow":["GET"]}}],"collection":[{"href":"https:\/\/evolve-fitness.eu\/nl\/wp-json\/wp\/v2\/product"}],"about":[{"href":"https:\/\/evolve-fitness.eu\/nl\/wp-json\/wp\/v2\/types\/product"}],"wp:attachment":[{"href":"https:\/\/evolve-fitness.eu\/nl\/wp-json\/wp\/v2\/media?parent=34987"}],"wp:term":[{"taxonomy":"product_brand","embeddable":true,"href":"https:\/\/evolve-fitness.eu\/nl\/wp-json\/wp\/v2\/product_brand?post=34987"},{"taxonomy":"product_cat","embeddable":true,"href":"https:\/\/evolve-fitness.eu\/nl\/wp-json\/wp\/v2\/product_cat?post=34987"},{"taxonomy":"product_tag","embeddable":true,"href":"https:\/\/evolve-fitness.eu\/nl\/wp-json\/wp\/v2\/product_tag?post=34987"}],"curies":[{"name":"wp","href":"https:\/\/api.w.org\/{rel}","templated":true}]}}