{"id":71519,"date":"2023-09-11T12:36:33","date_gmt":"2023-09-11T12:36:33","guid":{"rendered":"https:\/\/evolve-fitness.eu\/product\/evolve-ultra-series-plaatbelaste-squat\/"},"modified":"2024-03-25T08:48:42","modified_gmt":"2024-03-25T08:48:42","slug":"evolve-ultra-series-plaatbelaste-squat","status":"publish","type":"product","link":"https:\/\/evolve-fitness.eu\/nl\/product\/evolve-ultra-series-plaatbelaste-squat\/","title":{"rendered":"Evolve Ultra Series Plaatbelaste Squat"},"content":{"rendered":"\n<section class=\"wp-block-group alignfull has-lightgray-background-color has-background is-layout-constrained wp-block-group-is-layout-constrained\">\n<div class=\"wp-block-columns alignwide is-layout-flex wp-container-core-columns-is-layout-2edb0647 wp-block-columns-is-layout-flex\" style=\"margin-top:0;margin-bottom:0\">\n<div class=\"wp-block-column is-layout-flow wp-block-column-is-layout-flow\" style=\"flex-basis:33.33%\"><\/div>\n\n\n\n<div class=\"wp-block-column is-layout-flow wp-block-column-is-layout-flow\" style=\"flex-basis:66.66%\"><\/div>\n<\/div>\n<\/section>\n\n<section class=\"wp-block-group alignfull black-content has-white-color has-darkgray-background-color has-text-color has-background is-layout-constrained wp-block-group-is-layout-constrained\" style=\"padding-top:var(--wp--preset--spacing--section-bottom);padding-bottom:var(--wp--preset--spacing--section-bottom)\">\n<section class=\"wp-block-group alignfull black-content has-white-color has-darkgray-background-color has-text-color has-background is-layout-constrained wp-block-group-is-layout-constrained\" style=\"padding-top:var(--wp--preset--spacing--section-bottom);padding-bottom:var(--wp--preset--spacing--section-bottom)\">\n<div class=\"wp-block-columns alignwide mobile-reverse is-layout-flex wp-container-core-columns-is-layout-ca64bf2d wp-block-columns-is-layout-flex\" style=\"margin-bottom:var(--wp--preset--spacing--side-padding)\">\n<div class=\"wp-block-column is-vertically-aligned-center is-layout-flow wp-block-column-is-layout-flow\">\n<h3 class=\"wp-block-heading\" style=\"margin-bottom:var(--wp--preset--spacing--h-3-bottom)\"><strong><strong><strong><strong><strong><strong><strong>Gerichte spierbetrokkenheid<\/strong><\/strong><\/strong><\/strong><\/strong><\/strong><\/strong><\/h3>\n\n\n\n<p><strong><em><strong><strong><strong><strong><strong>Unilaterale armbeweging (beschikbaar op sommige machines)<\/strong><\/strong><\/strong><\/strong><\/strong><\/em><\/strong><\/p>\n\n\n\n<p>De Evolve Ultra Series Plate Loaded Squat machine biedt een uitgebreide workout voor het onderlichaam, waarbij belangrijke spiergroepen zoals de quadriceps, hamstrings, bilspieren en kuiten tegelijkertijd worden aangesproken. Dankzij het aanpasbare ontwerp kunnen gebruikers de weerstandsniveaus aanpassen aan hun kracht en fitnessdoelen, waardoor het geschikt is voor mensen van alle fitnessniveaus. Door de juiste vorm en techniek te stimuleren, helpt de Squat machine kracht, stabiliteit en de algehele functie van het onderlichaam te verbeteren. Het ergonomische ontwerp minimaliseert de belasting op de onderrug en gewrichten en zorgt voor een veilige en effectieve trainingservaring. Met de mogelijkheid om meerdere spiergroepen in \u00e9\u00e9n beweging aan te spreken, is de Squat machine een effici\u00ebnte keuze voor gebruikers die kracht in het onderlichaam willen opbouwen, spiermassa willen vergroten en het algehele fitnessniveau willen verbeteren.<\/p>\n<\/div>\n\n\n\n<div class=\"wp-block-column is-vertically-aligned-center is-layout-flow wp-block-column-is-layout-flow\">\n<figure class=\"wp-block-video\"><video height=\"2000\" style=\"aspect-ratio: 2000 \/ 2000;\" width=\"2000\" autoplay=\"\" controls=\"\" loop=\"\" muted=\"\" src=\"https:\/\/evolve-fitness.eu\/wp-content\/uploads\/2023\/09\/EV-PL-UL-210-Evolve-Ultra-Series-Plate-Loaded-Squat-1.mp4\"><\/video><\/figure>\n<\/div>\n<\/div>\n\n\n\n<div class=\"wp-block-columns alignwide mobile-reverse is-layout-flex wp-container-core-columns-is-layout-ca64bf2d wp-block-columns-is-layout-flex\" style=\"margin-bottom:var(--wp--preset--spacing--side-padding)\">\n<div class=\"wp-block-column is-vertically-aligned-center is-layout-flow wp-block-column-is-layout-flow\">\n<figure class=\"wp-block-image size-large\"><img loading=\"lazy\" decoding=\"async\" width=\"1024\" height=\"683\" src=\"https:\/\/evolve-fitness.eu\/wp-content\/uploads\/2023\/09\/A7_06534-1024x683.jpg\" alt=\"\" class=\"wp-image-8327\" srcset=\"https:\/\/evolve-fitness.eu\/wp-content\/uploads\/2023\/09\/A7_06534-1024x683.jpg 1024w, https:\/\/evolve-fitness.eu\/wp-content\/uploads\/2023\/09\/A7_06534-300x200.jpg 300w, https:\/\/evolve-fitness.eu\/wp-content\/uploads\/2023\/09\/A7_06534-225x150.jpg 225w, https:\/\/evolve-fitness.eu\/wp-content\/uploads\/2023\/09\/A7_06534-600x400.jpg 600w, https:\/\/evolve-fitness.eu\/wp-content\/uploads\/2023\/09\/A7_06534-150x100.jpg 150w, https:\/\/evolve-fitness.eu\/wp-content\/uploads\/2023\/09\/A7_06534-768x512.jpg 768w, https:\/\/evolve-fitness.eu\/wp-content\/uploads\/2023\/09\/A7_06534-1536x1024.jpg 1536w, https:\/\/evolve-fitness.eu\/wp-content\/uploads\/2023\/09\/A7_06534.jpg 1920w\" sizes=\"auto, (max-width: 1024px) 100vw, 1024px\" \/><\/figure>\n<\/div>\n\n\n\n<div class=\"wp-block-column is-vertically-aligned-center is-layout-flow wp-block-column-is-layout-flow\">\n<h3 class=\"wp-block-heading\" style=\"margin-bottom:var(--wp--preset--spacing--h-3-bottom)\"><strong><strong><strong><strong>Anti-slip handgrepen<\/strong><\/strong><\/strong><\/strong><\/h3>\n\n\n\n<p><strong><em><strong><strong><strong><strong><strong><strong><strong>Veilige grip voor veiligheid en vertrouwen<\/strong><\/strong><\/strong><\/strong><\/strong><\/strong><\/strong><\/em><\/strong><\/p>\n\n\n\n<p style=\"margin-bottom:var(--wp--preset--spacing--tb-section-padding)\">Bepaalde banken in de Econ Series hebben een verstelbare zitpositie, zodat je je training kunt aanpassen voor maximaal comfort en trainingsvariatie.<\/p>\n\n\n\n<h3 class=\"wp-block-heading\" style=\"margin-bottom:var(--wp--preset--spacing--h-3-bottom)\"><strong><strong><strong><strong><strong><strong><strong><strong><strong><strong>Duurzaamheid en stabiliteit<\/strong><\/strong><\/strong><\/strong><\/strong><\/strong><\/strong><\/strong><\/strong><\/strong><\/h3>\n\n\n\n<p><strong><em><strong><strong><strong><strong><strong><strong><strong>Stevig frame<\/strong><\/strong><\/strong><\/strong><\/strong><\/strong><\/strong><\/em><\/strong><\/p>\n\n\n\n<p>Het robuuste frame zorgt voor stabiliteit en veiligheid tijdens de training, zodat gebruikers vol vertrouwen kuitoefeningen kunnen doen zonder zich zorgen te hoeven maken over de stabiliteit van de apparatuur. Het gestroomlijnde ontwerp maximaliseert de ruimte zonder afbreuk te doen aan de functionaliteit, waardoor een geoptimaliseerde trainingsruimte ontstaat die is gewijd aan effectieve kuittraining.<\/p>\n<\/div>\n<\/div>\n\n\n\n<div class=\"wp-block-columns alignwide mobile-reverse is-layout-flex wp-container-core-columns-is-layout-ca64bf2d wp-block-columns-is-layout-flex\" style=\"margin-bottom:var(--wp--preset--spacing--side-padding)\">\n<div class=\"wp-block-column is-vertically-aligned-center is-layout-flow wp-block-column-is-layout-flow\">\n<h3 class=\"wp-block-heading\" style=\"margin-bottom:var(--wp--preset--spacing--h-3-bottom)\"><strong><strong><strong><strong><strong><strong><strong><strong><strong>Verstelbare weerstand<\/strong><\/strong><\/strong><\/strong><\/strong><\/strong><\/strong><\/strong><\/strong><\/h3>\n\n\n\n<p><strong><em><strong><strong><strong><strong><strong><strong>Aanpasbare gewichtstapels<\/strong><\/strong><\/strong><\/strong><\/strong><\/strong><\/em><\/strong><\/p>\n\n\n\n<p>Gebruikers kunnen de weerstandsniveaus eenvoudig aanpassen door gewichtplaten toe te voegen of te verwijderen, waardoor trainingen op maat mogelijk zijn die aansluiten bij de individuele krachtniveaus en progressie van de kuiten. Of je nu meer uithoudingsvermogen of kracht wilt, de instelbare weerstand biedt veelzijdigheid om je aan te passen aan verschillende trainingsdoelen.<\/p>\n\n\n\n<p><\/p>\n\n\n\n<h3 class=\"wp-block-heading\" style=\"margin-bottom:var(--wp--preset--spacing--h-3-bottom)\"><strong><strong><strong><strong><strong><strong><strong><strong>Comfortabel ontwerp<\/strong><\/strong><\/strong><\/strong><\/strong><\/strong><\/strong><\/strong><\/h3>\n\n\n\n<p><strong><em><strong><strong><strong><strong><strong><strong>Ergonomische vulling en handgrepen<\/strong><\/strong><\/strong><\/strong><\/strong><\/strong><\/em><\/strong><\/p>\n\n\n\n<p>De Seated Calf Raise machine is ontworpen met het oog op comfort voor de gebruiker en heeft ergonomische kussentjes en handgrepen die de juiste beenpositionering en ondersteuning tijdens de oefeningen bevorderen.<\/p>\n<\/div>\n\n\n\n<div class=\"wp-block-column is-vertically-aligned-center is-layout-flow wp-block-column-is-layout-flow\">\n<figure class=\"wp-block-image size-large\"><img loading=\"lazy\" decoding=\"async\" width=\"683\" height=\"1024\" src=\"https:\/\/evolve-fitness.eu\/wp-content\/uploads\/2023\/12\/A7_06544-683x1024.jpg\" alt=\"\" class=\"wp-image-8324\" srcset=\"https:\/\/evolve-fitness.eu\/wp-content\/uploads\/2023\/12\/A7_06544-683x1024.jpg 683w, https:\/\/evolve-fitness.eu\/wp-content\/uploads\/2023\/12\/A7_06544-300x450.jpg 300w, https:\/\/evolve-fitness.eu\/wp-content\/uploads\/2023\/12\/A7_06544-100x150.jpg 100w, https:\/\/evolve-fitness.eu\/wp-content\/uploads\/2023\/12\/A7_06544-600x900.jpg 600w, https:\/\/evolve-fitness.eu\/wp-content\/uploads\/2023\/12\/A7_06544-200x300.jpg 200w, https:\/\/evolve-fitness.eu\/wp-content\/uploads\/2023\/12\/A7_06544-768x1152.jpg 768w, https:\/\/evolve-fitness.eu\/wp-content\/uploads\/2023\/12\/A7_06544-1024x1536.jpg 1024w, https:\/\/evolve-fitness.eu\/wp-content\/uploads\/2023\/12\/A7_06544.jpg 1280w\" sizes=\"auto, (max-width: 683px) 100vw, 683px\" \/><\/figure>\n<\/div>\n<\/div>\n\n\n\n<div class=\"wp-block-columns alignwide mobile-reverse is-layout-flex wp-container-core-columns-is-layout-ca64bf2d wp-block-columns-is-layout-flex\" style=\"margin-bottom:var(--wp--preset--spacing--side-padding)\">\n<div class=\"wp-block-column is-vertically-aligned-center is-layout-flow wp-block-column-is-layout-flow\">\n<figure class=\"wp-block-image size-large\"><img loading=\"lazy\" decoding=\"async\" width=\"683\" height=\"1024\" src=\"https:\/\/evolve-fitness.eu\/wp-content\/uploads\/2023\/12\/A7_06526-683x1024.jpg\" alt=\"\" class=\"wp-image-8331\" srcset=\"https:\/\/evolve-fitness.eu\/wp-content\/uploads\/2023\/12\/A7_06526-683x1024.jpg 683w, https:\/\/evolve-fitness.eu\/wp-content\/uploads\/2023\/12\/A7_06526-300x450.jpg 300w, https:\/\/evolve-fitness.eu\/wp-content\/uploads\/2023\/12\/A7_06526-100x150.jpg 100w, https:\/\/evolve-fitness.eu\/wp-content\/uploads\/2023\/12\/A7_06526-600x900.jpg 600w, https:\/\/evolve-fitness.eu\/wp-content\/uploads\/2023\/12\/A7_06526-200x300.jpg 200w, https:\/\/evolve-fitness.eu\/wp-content\/uploads\/2023\/12\/A7_06526-768x1152.jpg 768w, https:\/\/evolve-fitness.eu\/wp-content\/uploads\/2023\/12\/A7_06526-1024x1536.jpg 1024w, https:\/\/evolve-fitness.eu\/wp-content\/uploads\/2023\/12\/A7_06526.jpg 1280w\" sizes=\"auto, (max-width: 683px) 100vw, 683px\" \/><\/figure>\n<\/div>\n\n\n\n<div class=\"wp-block-column is-vertically-aligned-center is-layout-flow wp-block-column-is-layout-flow\">\n<h3 class=\"wp-block-heading\" style=\"margin-bottom:var(--wp--preset--spacing--h-3-bottom)\"><strong><strong><strong><strong><strong><strong><strong><strong><strong>Compact voetstuk<\/strong><\/strong><\/strong><\/strong><\/strong><\/strong><\/strong><\/strong><\/strong><\/h3>\n\n\n\n<p><strong><em><strong><strong><strong><strong><strong><strong>Ruimte-effici\u00ebnt ontwerp<\/strong><\/strong><\/strong><\/strong><\/strong><\/strong><\/em><\/strong><\/p>\n\n\n\n<p>Ondanks zijn functionaliteit neemt de Staande Leg Curl machine weinig ruimte in beslag, waardoor hij geschikt is voor mensen met beperkte trainingsruimte. Het gestroomlijnde ontwerp maximaliseert de ruimte-effici\u00ebntie zonder afbreuk te doen aan de functionaliteit en zorgt voor een geoptimaliseerde trainingsruimte gewijd aan effectieve hamstringtraining.<\/p>\n\n\n\n<p><\/p>\n\n\n\n<h3 class=\"wp-block-heading\" style=\"margin-bottom:var(--wp--preset--spacing--h-3-bottom)\"><strong><strong><strong><strong><strong><strong><strong><strong><strong>Blijvende afwerking<\/strong><\/strong><\/strong><\/strong><\/strong><\/strong><\/strong><\/strong><\/strong><\/h3>\n\n\n\n<p><strong><em><strong><strong><strong><strong><strong><strong>Thermohardend poeder elektrostatisch spuiten<\/strong><\/strong><\/strong><\/strong><\/strong><\/strong><\/em><\/strong><\/p>\n\n\n\n<p>Onze machines zijn uitgerust met Thermosetting Powder Electrostatic Spraying Technology die zorgt voor een duurzame afwerking. Deze geavanceerde coating zorgt ervoor dat de apparatuur er ook na verloop van tijd mooi blijft uitzien.<\/p>\n<\/div>\n<\/div>\n<\/section>\n<\/section>\n","protected":false},"excerpt":{"rendered":"<p>Verhoog je sportschool met de Evolve Ultra Series Plate Loaded Squat. Deze krachtpatser van commerci\u00eble kwaliteit heeft een duurzaam stalen frame, ergonomisch ontwerp met anti-slip handgrepen en een oversized voetsteun, en 4 ge\u00efntegreerde haken voor het opbergen van halterschijven voor eenvoudige organisatie. Bovendien kun je de kleur aanpassen aan het merk van je sportschool. Met comfortabele bekleding, 2 jaar garantie en een maximale belasting van 300 kg is dit de perfecte keuze voor professionele fitnessomgevingen. Upgrade je sportschool met de Evolve Ultra Series Squat.<\/p>\n","protected":false},"featured_media":113072,"template":"","meta":{"_acf_changed":false,"inline_featured_image":false},"product_brand":[],"product_cat":[2932,2934],"product_tag":[],"class_list":{"0":"post-71519","1":"product","2":"type-product","3":"status-publish","4":"has-post-thumbnail","6":"product_cat-machines-met-plaatbelading","7":"product_cat-ultra-series-plaatbelaste-machines","9":"first","10":"instock","11":"virtual","12":"purchasable","13":"product-type-simple"},"acf":{"long_title":"Evolve Ultra Series Plaatbelaste Squat, UL-210","subtitle":"","specifications":[{"label":"SKU","text_value":"EV-PL-UL-210","icon":"x"},{"label":"Afmetingen","text_value":"1680 x 1680 x 1604 mm","icon":"x"},{"label":"Gewicht","text_value":"162 kg","icon":"x"},{"label":"Garantie  ","text_value":"2 jaar","icon":"x"},{"label":"Max. belasting  ","text_value":"300 kg","icon":"x"},{"label":"Opslag voor halterschijven  ","text_value":"","icon":"x"},{"label":"Antislip handgrepen","text_value":"","icon":"x"},{"label":"Dikke bekleding","text_value":"","icon":"v"},{"label":"Begin-\/eindpositie handgreep","text_value":"","icon":"v"},{"label":"Aanpasbare frame- en bekledingskleuren","text_value":"","icon":"v"},{"label":"Extra grote schuine anti-slip voetsteun","text_value":"","icon":"v"},{"label":"Duurzame vloerbeschermers","text_value":"","icon":"v"},{"label":"4 haringen voor het opbergen van halterschijven","text_value":"","icon":"v"},{"label":"","text_value":"","icon":"v"},{"label":"","text_value":"","icon":"v"},{"label":"","text_value":"","icon":"v"},{"label":"","text_value":"","icon":"v"},{"label":"","text_value":"","icon":"x"}],"product_frequently_asked_questions":null},"yoast_head":"<!-- This site is optimized with the Yoast SEO plugin v27.4 - https:\/\/yoast.com\/product\/yoast-seo-wordpress\/ -->\n<title>Evolve Ultra Series Plaatbelaste Squat - Evolve<\/title>\n<meta name=\"robots\" content=\"index, follow, max-snippet:-1, max-image-preview:large, max-video-preview:-1\" \/>\n<link rel=\"canonical\" href=\"https:\/\/evolve-fitness.eu\/nl\/product\/evolve-ultra-series-plaatbelaste-squat\/\" \/>\n<meta property=\"og:locale\" content=\"nl_NL\" \/>\n<meta property=\"og:type\" content=\"article\" \/>\n<meta property=\"og:title\" content=\"Evolve Ultra Series Plaatbelaste Squat - Evolve\" \/>\n<meta property=\"og:url\" content=\"https:\/\/evolve-fitness.eu\/nl\/product\/evolve-ultra-series-plaatbelaste-squat\/\" \/>\n<meta property=\"og:site_name\" content=\"Evolve\" \/>\n<meta property=\"article:publisher\" content=\"https:\/\/www.facebook.com\/EvolveFitnessEurope\" \/>\n<meta property=\"article:modified_time\" content=\"2024-03-25T08:48:42+00:00\" \/>\n<meta property=\"og:image\" content=\"https:\/\/evolve-fitness.eu\/wp-content\/uploads\/2023\/09\/EV-PL-UL-210-Evolve-Ultra-Series-Plate-Loaded-Squat-1.png\" \/>\n\t<meta property=\"og:image:width\" content=\"680\" \/>\n\t<meta property=\"og:image:height\" content=\"600\" \/>\n\t<meta property=\"og:image:type\" content=\"image\/png\" \/>\n<meta name=\"twitter:card\" content=\"summary_large_image\" \/>\n<script type=\"application\/ld+json\" class=\"yoast-schema-graph\">{\"@context\":\"https:\\\/\\\/schema.org\",\"@graph\":[{\"@type\":\"WebPage\",\"@id\":\"https:\\\/\\\/evolve-fitness.eu\\\/nl\\\/product\\\/evolve-ultra-series-plaatbelaste-squat\\\/\",\"url\":\"https:\\\/\\\/evolve-fitness.eu\\\/nl\\\/product\\\/evolve-ultra-series-plaatbelaste-squat\\\/\",\"name\":\"Evolve Ultra Series Plaatbelaste Squat - Evolve\",\"isPartOf\":{\"@id\":\"https:\\\/\\\/evolve-fitness.eu\\\/nl\\\/#website\"},\"primaryImageOfPage\":{\"@id\":\"https:\\\/\\\/evolve-fitness.eu\\\/nl\\\/product\\\/evolve-ultra-series-plaatbelaste-squat\\\/#primaryimage\"},\"image\":{\"@id\":\"https:\\\/\\\/evolve-fitness.eu\\\/nl\\\/product\\\/evolve-ultra-series-plaatbelaste-squat\\\/#primaryimage\"},\"thumbnailUrl\":\"https:\\\/\\\/evolve-fitness.eu\\\/wp-content\\\/uploads\\\/2023\\\/09\\\/EV-PL-UL-210-Evolve-Ultra-Series-Plate-Loaded-Squat-1.png\",\"datePublished\":\"2023-09-11T12:36:33+00:00\",\"dateModified\":\"2024-03-25T08:48:42+00:00\",\"breadcrumb\":{\"@id\":\"https:\\\/\\\/evolve-fitness.eu\\\/nl\\\/product\\\/evolve-ultra-series-plaatbelaste-squat\\\/#breadcrumb\"},\"inLanguage\":\"nl-NL\",\"potentialAction\":[{\"@type\":\"ReadAction\",\"target\":[\"https:\\\/\\\/evolve-fitness.eu\\\/nl\\\/product\\\/evolve-ultra-series-plaatbelaste-squat\\\/\"]}]},{\"@type\":\"ImageObject\",\"inLanguage\":\"nl-NL\",\"@id\":\"https:\\\/\\\/evolve-fitness.eu\\\/nl\\\/product\\\/evolve-ultra-series-plaatbelaste-squat\\\/#primaryimage\",\"url\":\"https:\\\/\\\/evolve-fitness.eu\\\/wp-content\\\/uploads\\\/2023\\\/09\\\/EV-PL-UL-210-Evolve-Ultra-Series-Plate-Loaded-Squat-1.png\",\"contentUrl\":\"https:\\\/\\\/evolve-fitness.eu\\\/wp-content\\\/uploads\\\/2023\\\/09\\\/EV-PL-UL-210-Evolve-Ultra-Series-Plate-Loaded-Squat-1.png\",\"width\":680,\"height\":600,\"caption\":\"EV-PL-UL-210\"},{\"@type\":\"BreadcrumbList\",\"@id\":\"https:\\\/\\\/evolve-fitness.eu\\\/nl\\\/product\\\/evolve-ultra-series-plaatbelaste-squat\\\/#breadcrumb\",\"itemListElement\":[{\"@type\":\"ListItem\",\"position\":1,\"name\":\"Home\",\"item\":\"https:\\\/\\\/evolve-fitness.eu\\\/nl\\\/\"},{\"@type\":\"ListItem\",\"position\":2,\"name\":\"Producten\",\"item\":\"https:\\\/\\\/evolve-fitness.eu\\\/nl\\\/shop\\\/\"},{\"@type\":\"ListItem\",\"position\":3,\"name\":\"Evolve Ultra Series Plaatbelaste Squat\"}]},{\"@type\":\"WebSite\",\"@id\":\"https:\\\/\\\/evolve-fitness.eu\\\/nl\\\/#website\",\"url\":\"https:\\\/\\\/evolve-fitness.eu\\\/nl\\\/\",\"name\":\"Evolve\",\"description\":\"Your Evolved Gear Arrived\",\"publisher\":{\"@id\":\"https:\\\/\\\/evolve-fitness.eu\\\/nl\\\/#organization\"},\"potentialAction\":[{\"@type\":\"SearchAction\",\"target\":{\"@type\":\"EntryPoint\",\"urlTemplate\":\"https:\\\/\\\/evolve-fitness.eu\\\/nl\\\/?s={search_term_string}\"},\"query-input\":{\"@type\":\"PropertyValueSpecification\",\"valueRequired\":true,\"valueName\":\"search_term_string\"}}],\"inLanguage\":\"nl-NL\"},{\"@type\":\"Organization\",\"@id\":\"https:\\\/\\\/evolve-fitness.eu\\\/nl\\\/#organization\",\"name\":\"Evolve\",\"url\":\"https:\\\/\\\/evolve-fitness.eu\\\/nl\\\/\",\"logo\":{\"@type\":\"ImageObject\",\"inLanguage\":\"nl-NL\",\"@id\":\"https:\\\/\\\/evolve-fitness.eu\\\/nl\\\/#\\\/schema\\\/logo\\\/image\\\/\",\"url\":\"https:\\\/\\\/evolve-fitness.eu\\\/wp-content\\\/uploads\\\/2023\\\/05\\\/Evolve-logo.svg\",\"contentUrl\":\"https:\\\/\\\/evolve-fitness.eu\\\/wp-content\\\/uploads\\\/2023\\\/05\\\/Evolve-logo.svg\",\"width\":176,\"height\":20,\"caption\":\"Evolve\"},\"image\":{\"@id\":\"https:\\\/\\\/evolve-fitness.eu\\\/nl\\\/#\\\/schema\\\/logo\\\/image\\\/\"},\"sameAs\":[\"https:\\\/\\\/www.facebook.com\\\/EvolveFitnessEurope\"]}]}<\/script>\n<!-- \/ Yoast SEO plugin. -->","yoast_head_json":{"title":"Evolve Ultra Series Plaatbelaste Squat - Evolve","robots":{"index":"index","follow":"follow","max-snippet":"max-snippet:-1","max-image-preview":"max-image-preview:large","max-video-preview":"max-video-preview:-1"},"canonical":"https:\/\/evolve-fitness.eu\/nl\/product\/evolve-ultra-series-plaatbelaste-squat\/","og_locale":"nl_NL","og_type":"article","og_title":"Evolve Ultra Series Plaatbelaste Squat - Evolve","og_url":"https:\/\/evolve-fitness.eu\/nl\/product\/evolve-ultra-series-plaatbelaste-squat\/","og_site_name":"Evolve","article_publisher":"https:\/\/www.facebook.com\/EvolveFitnessEurope","article_modified_time":"2024-03-25T08:48:42+00:00","og_image":[{"width":680,"height":600,"url":"https:\/\/evolve-fitness.eu\/wp-content\/uploads\/2023\/09\/EV-PL-UL-210-Evolve-Ultra-Series-Plate-Loaded-Squat-1.png","type":"image\/png"}],"twitter_card":"summary_large_image","schema":{"@context":"https:\/\/schema.org","@graph":[{"@type":"WebPage","@id":"https:\/\/evolve-fitness.eu\/nl\/product\/evolve-ultra-series-plaatbelaste-squat\/","url":"https:\/\/evolve-fitness.eu\/nl\/product\/evolve-ultra-series-plaatbelaste-squat\/","name":"Evolve Ultra Series Plaatbelaste Squat - Evolve","isPartOf":{"@id":"https:\/\/evolve-fitness.eu\/nl\/#website"},"primaryImageOfPage":{"@id":"https:\/\/evolve-fitness.eu\/nl\/product\/evolve-ultra-series-plaatbelaste-squat\/#primaryimage"},"image":{"@id":"https:\/\/evolve-fitness.eu\/nl\/product\/evolve-ultra-series-plaatbelaste-squat\/#primaryimage"},"thumbnailUrl":"https:\/\/evolve-fitness.eu\/wp-content\/uploads\/2023\/09\/EV-PL-UL-210-Evolve-Ultra-Series-Plate-Loaded-Squat-1.png","datePublished":"2023-09-11T12:36:33+00:00","dateModified":"2024-03-25T08:48:42+00:00","breadcrumb":{"@id":"https:\/\/evolve-fitness.eu\/nl\/product\/evolve-ultra-series-plaatbelaste-squat\/#breadcrumb"},"inLanguage":"nl-NL","potentialAction":[{"@type":"ReadAction","target":["https:\/\/evolve-fitness.eu\/nl\/product\/evolve-ultra-series-plaatbelaste-squat\/"]}]},{"@type":"ImageObject","inLanguage":"nl-NL","@id":"https:\/\/evolve-fitness.eu\/nl\/product\/evolve-ultra-series-plaatbelaste-squat\/#primaryimage","url":"https:\/\/evolve-fitness.eu\/wp-content\/uploads\/2023\/09\/EV-PL-UL-210-Evolve-Ultra-Series-Plate-Loaded-Squat-1.png","contentUrl":"https:\/\/evolve-fitness.eu\/wp-content\/uploads\/2023\/09\/EV-PL-UL-210-Evolve-Ultra-Series-Plate-Loaded-Squat-1.png","width":680,"height":600,"caption":"EV-PL-UL-210"},{"@type":"BreadcrumbList","@id":"https:\/\/evolve-fitness.eu\/nl\/product\/evolve-ultra-series-plaatbelaste-squat\/#breadcrumb","itemListElement":[{"@type":"ListItem","position":1,"name":"Home","item":"https:\/\/evolve-fitness.eu\/nl\/"},{"@type":"ListItem","position":2,"name":"Producten","item":"https:\/\/evolve-fitness.eu\/nl\/shop\/"},{"@type":"ListItem","position":3,"name":"Evolve Ultra Series Plaatbelaste Squat"}]},{"@type":"WebSite","@id":"https:\/\/evolve-fitness.eu\/nl\/#website","url":"https:\/\/evolve-fitness.eu\/nl\/","name":"Evolve","description":"Your Evolved Gear Arrived","publisher":{"@id":"https:\/\/evolve-fitness.eu\/nl\/#organization"},"potentialAction":[{"@type":"SearchAction","target":{"@type":"EntryPoint","urlTemplate":"https:\/\/evolve-fitness.eu\/nl\/?s={search_term_string}"},"query-input":{"@type":"PropertyValueSpecification","valueRequired":true,"valueName":"search_term_string"}}],"inLanguage":"nl-NL"},{"@type":"Organization","@id":"https:\/\/evolve-fitness.eu\/nl\/#organization","name":"Evolve","url":"https:\/\/evolve-fitness.eu\/nl\/","logo":{"@type":"ImageObject","inLanguage":"nl-NL","@id":"https:\/\/evolve-fitness.eu\/nl\/#\/schema\/logo\/image\/","url":"https:\/\/evolve-fitness.eu\/wp-content\/uploads\/2023\/05\/Evolve-logo.svg","contentUrl":"https:\/\/evolve-fitness.eu\/wp-content\/uploads\/2023\/05\/Evolve-logo.svg","width":176,"height":20,"caption":"Evolve"},"image":{"@id":"https:\/\/evolve-fitness.eu\/nl\/#\/schema\/logo\/image\/"},"sameAs":["https:\/\/www.facebook.com\/EvolveFitnessEurope"]}]}},"_links":{"self":[{"href":"https:\/\/evolve-fitness.eu\/nl\/wp-json\/wp\/v2\/product\/71519","targetHints":{"allow":["GET"]}}],"collection":[{"href":"https:\/\/evolve-fitness.eu\/nl\/wp-json\/wp\/v2\/product"}],"about":[{"href":"https:\/\/evolve-fitness.eu\/nl\/wp-json\/wp\/v2\/types\/product"}],"wp:featuredmedia":[{"embeddable":true,"href":"https:\/\/evolve-fitness.eu\/nl\/wp-json\/wp\/v2\/media\/113072"}],"wp:attachment":[{"href":"https:\/\/evolve-fitness.eu\/nl\/wp-json\/wp\/v2\/media?parent=71519"}],"wp:term":[{"taxonomy":"product_brand","embeddable":true,"href":"https:\/\/evolve-fitness.eu\/nl\/wp-json\/wp\/v2\/product_brand?post=71519"},{"taxonomy":"product_cat","embeddable":true,"href":"https:\/\/evolve-fitness.eu\/nl\/wp-json\/wp\/v2\/product_cat?post=71519"},{"taxonomy":"product_tag","embeddable":true,"href":"https:\/\/evolve-fitness.eu\/nl\/wp-json\/wp\/v2\/product_tag?post=71519"}],"curies":[{"name":"wp","href":"https:\/\/api.w.org\/{rel}","templated":true}]}}