{"id":99217,"date":"2023-08-31T11:21:54","date_gmt":"2023-08-31T11:21:54","guid":{"rendered":"https:\/\/evolve-fitness.eu\/product\/evolve-ultra-series-selectorized-lateral-raise-staande-pec-fly-2\/"},"modified":"2026-03-26T11:27:24","modified_gmt":"2026-03-26T09:27:24","slug":"evolve-ultra-series-selectorized-lateral-raise-staande-pec-fly-2","status":"publish","type":"product","link":"https:\/\/evolve-fitness.eu\/nl\/product\/evolve-ultra-series-selectorized-lateral-raise-staande-pec-fly-2\/","title":{"rendered":"Evolve Ultra Series Selectorized Lateral Raise \/ Staande Pec Fly (UL-340)"},"content":{"rendered":"\n<section class=\"wp-block-group alignfull has-lightgray-background-color has-background is-layout-constrained wp-block-group-is-layout-constrained\">\n<div class=\"wp-block-columns alignwide is-layout-flex wp-container-core-columns-is-layout-2edb0647 wp-block-columns-is-layout-flex\" style=\"margin-top:0;margin-bottom:0\">\n<div class=\"wp-block-column is-layout-flow wp-block-column-is-layout-flow\" style=\"flex-basis:33.33%\"><\/div>\n\n\n\n<div class=\"wp-block-column is-layout-flow wp-block-column-is-layout-flow\" style=\"flex-basis:66.66%\"><\/div>\n<\/div>\n<\/section>\n\n<section class=\"wp-block-group alignfull black-content has-white-color has-darkgray-background-color has-text-color has-background is-layout-constrained wp-block-group-is-layout-constrained\" style=\"padding-top:var(--wp--preset--spacing--section-bottom);padding-bottom:var(--wp--preset--spacing--section-bottom)\">\n<div class=\"wp-block-columns alignwide mobile-reverse is-layout-flex wp-container-core-columns-is-layout-ca64bf2d wp-block-columns-is-layout-flex\" style=\"margin-bottom:var(--wp--preset--spacing--side-padding)\">\n<div class=\"wp-block-column is-vertically-aligned-center is-layout-flow wp-block-column-is-layout-flow\">\n<h3 class=\"wp-block-heading\">Welkom bij de Ultra-serie<\/h3>\n\n\n\n<p><\/p>\n\n\n\n<p><strong><em>Leer onze Ultra Series-apparatuur kennen met de nieuwste 3D 360 Tour<\/em><\/strong><\/p>\n\n\n\n<p>De Evolve Ultra Series Selectorized Lateral Raise \/ Standing Pec Fly, onderdeel van de Evolve Ultra Series, is gebouwd voor zowel comfort als prestaties. De machine is ontworpen voor veelzijdige oefeningen, ergonomische ondersteuning en aanpassingsmogelijkheden voor verschillende gebruikersgroottes. Het ontwerp is esthetisch met een duurzame afwerking met poedercoating en het gebruik van hoogwaardige kabels zorgt voor een soepele werking.<\/p>\n<\/div>\n\n\n\n<div class=\"wp-block-column is-vertically-aligned-center is-layout-flow wp-block-column-is-layout-flow\">\n<figure class=\"wp-block-video\"><video height=\"720\" style=\"aspect-ratio: 1280 \/ 720;\" width=\"1280\" autoplay=\"\" controls=\"\" loop=\"\" muted=\"\" src=\"https:\/\/evolve-fitness.eu\/wp-content\/uploads\/2023\/08\/Evolve-Ultra-Series-Selectorized-Lateral-Raise-Standing-Pec-Fly.mp4\"><\/video><\/figure>\n<\/div>\n<\/div>\n\n\n\n<div class=\"wp-block-columns alignwide mobile-reverse is-layout-flex wp-container-core-columns-is-layout-ca64bf2d wp-block-columns-is-layout-flex\" style=\"margin-bottom:var(--wp--preset--spacing--side-padding)\">\n<div class=\"wp-block-column is-vertically-aligned-center is-layout-flow wp-block-column-is-layout-flow\">\n<figure class=\"wp-block-video\"><video height=\"1080\" style=\"aspect-ratio: 1920 \/ 1080;\" width=\"1920\" autoplay=\"\" controls=\"\" loop=\"\" muted=\"\" src=\"https:\/\/evolve-fitness.eu\/wp-content\/uploads\/2023\/08\/EV-SC-UL-340-Main.mp4\"><\/video><\/figure>\n<\/div>\n\n\n\n<div class=\"wp-block-column is-vertically-aligned-center is-layout-flow wp-block-column-is-layout-flow\">\n<h3 class=\"wp-block-heading\" style=\"margin-bottom:var(--wp--preset--spacing--h-3-bottom)\">Spieren<\/h3>\n\n\n\n<p><em><strong>Machine met twee functies biedt een uitgebreide benadering van training van het bovenlichaam<\/strong><\/em><\/p>\n\n\n\n<p>De Evolve Ultra Series Selectorized Lateral Raise\/Standing Pec Fly machine is ontworpen om twee belangrijke spiergroepen te trainen: <strong>Lateral Raise:<\/strong> Deze beweging traint voornamelijk de deltaspieren in de schouders, vooral de middelste (laterale) deltaspieren. Het is effectief voor schouderversteviging en het opbouwen van schouderbreedte; <strong>Staande Pec Fly:<\/strong> Deze oefening richt zich op de borstspieren. Het is geweldig voor de ontwikkeling van de borst, richt zich op de grote borstspier en helpt het algehele uiterlijk en de kracht van de borst te verbeteren.<\/p>\n<\/div>\n<\/div>\n\n\n\n<div class=\"wp-block-columns alignwide mobile-reverse is-layout-flex wp-container-core-columns-is-layout-ca64bf2d wp-block-columns-is-layout-flex\" style=\"margin-bottom:var(--wp--preset--spacing--side-padding)\">\n<div class=\"wp-block-column is-vertically-aligned-center is-layout-flow wp-block-column-is-layout-flow\">\n<h3 class=\"wp-block-heading\" style=\"margin-bottom:var(--wp--preset--spacing--h-3-bottom)\">Veiligheid ontmoet stijl<\/h3>\n\n\n\n<p><strong><em>Volledig afgedekte gewichtskap<\/em><\/strong><\/p>\n\n\n\n<p>Voor eigenaars van sportscholen en fitnessondernemers zijn veiligheid en esthetiek van het grootste belang. De Evolve Ultra Series heeft een volledig afgedekte gewichtskap, die veiligheid en stijl naadloos combineert. Door de veiligheid te verbeteren en ongelukken te voorkomen en tegelijkertijd je fitnessruimte schoon te houden, is deze lijkwade een essenti\u00eble toevoeging aan elke fitnessruimte. Verhoog de visuele aantrekkingskracht van uw sportschool en geef tegelijkertijd prioriteit aan de veiligheid van uw klanten tijdens elke trainingssessie.<\/p>\n<\/div>\n\n\n\n<div class=\"wp-block-column is-vertically-aligned-center is-layout-flow wp-block-column-is-layout-flow\">\n<figure class=\"wp-block-image size-large\"><img loading=\"lazy\" decoding=\"async\" width=\"683\" height=\"1024\" src=\"https:\/\/evolve-fitness.eu\/wp-content\/uploads\/2023\/08\/A7_08509-683x1024.jpg\" alt=\"\" class=\"wp-image-8741\" srcset=\"https:\/\/evolve-fitness.eu\/wp-content\/uploads\/2023\/08\/A7_08509-683x1024.jpg 683w, https:\/\/evolve-fitness.eu\/wp-content\/uploads\/2023\/08\/A7_08509-300x450.jpg 300w, https:\/\/evolve-fitness.eu\/wp-content\/uploads\/2023\/08\/A7_08509-100x150.jpg 100w, https:\/\/evolve-fitness.eu\/wp-content\/uploads\/2023\/08\/A7_08509-600x900.jpg 600w, https:\/\/evolve-fitness.eu\/wp-content\/uploads\/2023\/08\/A7_08509-200x300.jpg 200w, https:\/\/evolve-fitness.eu\/wp-content\/uploads\/2023\/08\/A7_08509-768x1152.jpg 768w, https:\/\/evolve-fitness.eu\/wp-content\/uploads\/2023\/08\/A7_08509-1024x1536.jpg 1024w, https:\/\/evolve-fitness.eu\/wp-content\/uploads\/2023\/08\/A7_08509.jpg 1320w\" sizes=\"auto, (max-width: 683px) 100vw, 683px\" \/><\/figure>\n<\/div>\n<\/div>\n\n\n\n<div class=\"wp-block-columns alignwide is-layout-flex wp-container-core-columns-is-layout-c45ee707 wp-block-columns-is-layout-flex\" style=\"margin-bottom:var(--wp--preset--spacing--side-padding);padding-top:var(--wp--preset--spacing--side-padding)\">\n<div class=\"wp-block-column is-vertically-aligned-center is-layout-flow wp-block-column-is-layout-flow\">\n<figure class=\"wp-block-image size-large\"><img loading=\"lazy\" decoding=\"async\" width=\"1024\" height=\"685\" src=\"https:\/\/evolve-fitness.eu\/wp-content\/uploads\/2023\/08\/A7_08524-1024x685.jpg\" alt=\"\" class=\"wp-image-8737\" srcset=\"https:\/\/evolve-fitness.eu\/wp-content\/uploads\/2023\/08\/A7_08524-1024x685.jpg 1024w, https:\/\/evolve-fitness.eu\/wp-content\/uploads\/2023\/08\/A7_08524-300x201.jpg 300w, https:\/\/evolve-fitness.eu\/wp-content\/uploads\/2023\/08\/A7_08524-224x150.jpg 224w, https:\/\/evolve-fitness.eu\/wp-content\/uploads\/2023\/08\/A7_08524-600x402.jpg 600w, https:\/\/evolve-fitness.eu\/wp-content\/uploads\/2023\/08\/A7_08524-150x100.jpg 150w, https:\/\/evolve-fitness.eu\/wp-content\/uploads\/2023\/08\/A7_08524-768x514.jpg 768w, https:\/\/evolve-fitness.eu\/wp-content\/uploads\/2023\/08\/A7_08524-1536x1028.jpg 1536w, https:\/\/evolve-fitness.eu\/wp-content\/uploads\/2023\/08\/A7_08524.jpg 1980w\" sizes=\"auto, (max-width: 1024px) 100vw, 1024px\" \/><\/figure>\n<\/div>\n\n\n\n<div class=\"wp-block-column is-vertically-aligned-center is-layout-flow wp-block-column-is-layout-flow\">\n<h3 class=\"wp-block-heading\" style=\"margin-bottom:var(--wp--preset--spacing--h-3-bottom)\">Slank en duurzaam<\/h3>\n\n\n\n<p><strong><em>De unieke matte lakafwerking<\/em><\/strong><\/p>\n\n\n\n<p style=\"margin-bottom:var(--wp--preset--spacing--tb-section-padding)\">De Ultra Series introduceert een combinatie van veiligheid en stijl met Shrouded Weight Stacks. Ondoorzichtige plastic afdekplaten geven prioriteit aan de veiligheid van de training en voegen tegelijkertijd elegantie toe aan je fitnessruimte. Of je nu sportschoolhouder of fitnessfanaat bent, je zult de visuele aantrekkingskracht en veiligheid die deze beschermkappen je sportschool bieden zeker waarderen.<\/p>\n<\/div>\n<\/div>\n\n\n\n<div class=\"wp-block-columns alignwide are-vertically-aligned-center mobile-reverse is-layout-flex wp-container-core-columns-is-layout-e8158c2f wp-block-columns-is-layout-flex\" style=\"padding-top:var(--wp--preset--spacing--side-padding)\">\n<div class=\"wp-block-column is-vertically-aligned-center is-layout-flow wp-block-column-is-layout-flow\">\n<h3 class=\"wp-block-heading\" style=\"margin-bottom:var(--wp--preset--spacing--h-3-bottom)\"><strong>Optimale handgrepen<\/strong><\/h3>\n\n\n\n<p><strong><em><strong><em>De fitnesservaring verbeteren<\/em><\/strong><\/em><\/strong><\/p>\n\n\n\n<p style=\"margin-bottom:var(--wp--preset--spacing--tb-section-padding)\">Klanten aantrekken en behouden is essentieel voor eigenaars van sportscholen en managers van fitnesscentra. De Evolve Ultra Series biedt Optimal Hand Grips, zorgvuldig ontworpen voor comfort en veiligheid. Verhoog de trainingservaring van je klanten, houd ze betrokken en motiveer ze om hun fitnessdoelen in jouw club te bereiken.<\/p>\n<\/div>\n\n\n\n<div class=\"wp-block-column is-vertically-aligned-center is-layout-flow wp-block-column-is-layout-flow\">\n<figure class=\"wp-block-image size-large\"><img loading=\"lazy\" decoding=\"async\" width=\"1024\" height=\"683\" src=\"https:\/\/evolve-fitness.eu\/wp-content\/uploads\/2023\/08\/A7_08527-1024x683.jpg\" alt=\"\" class=\"wp-image-8739\" srcset=\"https:\/\/evolve-fitness.eu\/wp-content\/uploads\/2023\/08\/A7_08527-1024x683.jpg 1024w, https:\/\/evolve-fitness.eu\/wp-content\/uploads\/2023\/08\/A7_08527-300x200.jpg 300w, https:\/\/evolve-fitness.eu\/wp-content\/uploads\/2023\/08\/A7_08527-225x150.jpg 225w, https:\/\/evolve-fitness.eu\/wp-content\/uploads\/2023\/08\/A7_08527-600x400.jpg 600w, https:\/\/evolve-fitness.eu\/wp-content\/uploads\/2023\/08\/A7_08527-150x100.jpg 150w, https:\/\/evolve-fitness.eu\/wp-content\/uploads\/2023\/08\/A7_08527-768x512.jpg 768w, https:\/\/evolve-fitness.eu\/wp-content\/uploads\/2023\/08\/A7_08527-1536x1024.jpg 1536w, https:\/\/evolve-fitness.eu\/wp-content\/uploads\/2023\/08\/A7_08527.jpg 1980w\" sizes=\"auto, (max-width: 1024px) 100vw, 1024px\" \/><\/figure>\n<\/div>\n<\/div>\n\n\n\n<div class=\"wp-block-columns alignwide are-vertically-aligned-center mobile-reverse is-layout-flex wp-container-core-columns-is-layout-e8158c2f wp-block-columns-is-layout-flex\" style=\"padding-top:var(--wp--preset--spacing--side-padding)\">\n<div class=\"wp-block-column is-vertically-aligned-center is-layout-flow wp-block-column-is-layout-flow\">\n<figure class=\"wp-block-image size-large\"><img loading=\"lazy\" decoding=\"async\" width=\"1024\" height=\"683\" src=\"https:\/\/evolve-fitness.eu\/wp-content\/uploads\/2023\/08\/A7_08545-1024x683.jpg\" alt=\"\" class=\"wp-image-8734\" srcset=\"https:\/\/evolve-fitness.eu\/wp-content\/uploads\/2023\/08\/A7_08545-1024x683.jpg 1024w, https:\/\/evolve-fitness.eu\/wp-content\/uploads\/2023\/08\/A7_08545-300x200.jpg 300w, https:\/\/evolve-fitness.eu\/wp-content\/uploads\/2023\/08\/A7_08545-225x150.jpg 225w, https:\/\/evolve-fitness.eu\/wp-content\/uploads\/2023\/08\/A7_08545-600x400.jpg 600w, https:\/\/evolve-fitness.eu\/wp-content\/uploads\/2023\/08\/A7_08545-150x100.jpg 150w, https:\/\/evolve-fitness.eu\/wp-content\/uploads\/2023\/08\/A7_08545-768x512.jpg 768w, https:\/\/evolve-fitness.eu\/wp-content\/uploads\/2023\/08\/A7_08545-1536x1024.jpg 1536w, https:\/\/evolve-fitness.eu\/wp-content\/uploads\/2023\/08\/A7_08545.jpg 1980w\" sizes=\"auto, (max-width: 1024px) 100vw, 1024px\" \/><\/figure>\n<\/div>\n\n\n\n<div class=\"wp-block-column is-vertically-aligned-center is-layout-flow wp-block-column-is-layout-flow\">\n<h3 class=\"wp-block-heading\">Onafhankelijke armbeweging<\/h3>\n\n\n\n<p><\/p>\n\n\n\n<p><strong><em>Een gamehanger voor veelzijdigheid<\/em><\/strong><\/p>\n\n\n\n<p>Eigenaren van sportscholen en managers van fitnesscentra begrijpen de behoefte aan veelzijdige apparatuur. Onze Evolve Ultra Series introduceert Independent Arm Movement, een baanbrekende functie die gebruikers een breder bewegingsbereik geeft. Deze innovatieve toevoeging bevordert een superieure spierbetrokkenheid en symmetrie, waardoor het een must-have is voor fitnessliefhebbers die op zoek zijn naar dynamische trainingservaringen. Verhoog de reputatie van je sportschool met apparatuur waarmee je klanten hun fitnessdoelen effectief en effici\u00ebnt kunnen bereiken.<\/p>\n<\/div>\n<\/div>\n<\/section>\n","protected":false},"excerpt":{"rendered":"<p>Maak kennis met de Evolve Ultra Series UL-340 Selectorized Lateral Raise \/ Standing Pec Fly machine &#8211; een toppunt van innovatie in fitnessapparatuur. Verhoog je sportschoolervaring met deze geavanceerde machine, ontworpen om de laterale deltaspieren effectief aan te pakken. Met zijn gebruikersgerichte ontwerp, onafhankelijke armbewegingen en onberispelijk comfort zorgt de UL-340 voor een onge\u00ebvenaarde workout. De gestroomlijnde matte afwerking, de met \u00e9\u00e9n hand te verstellen zitting en de optimale handgrepen maken het een must-have voor sportschoolhouders en fitnessfanaten. Ontdek de Evolve Ultra Series UL-340 en herdefinieer je fitnessreis met een combinatie van geavanceerde technologie en uitzonderlijk comfort.<\/p>\n","protected":false},"featured_media":135359,"template":"","meta":{"_acf_changed":false,"inline_featured_image":false},"product_brand":[],"product_cat":[2832,3862],"product_tag":[],"class_list":{"0":"post-99217","1":"product","2":"type-product","3":"status-publish","4":"has-post-thumbnail","6":"product_cat-geselecteerde-machines","7":"product_cat-ultra-series-machines-met-selectiemotor","9":"first","10":"instock","11":"virtual","12":"purchasable","13":"product-type-simple"},"acf":{"long_title":"Evolve Ultra Series Selectorized Lateral Raise \/ Staande Pec Fly (UL-340)","subtitle":"","specifications":[{"label":"SKU","text_value":"EV-SC-UL-340","icon":"x"},{"label":"Afmetingen","text_value":"1420 x 1020 x 1855 mm","icon":"x"},{"label":"Gewicht","text_value":"192 kg","icon":"x"},{"label":"Stapel gewichten","text_value":"80 kg","icon":"x"},{"label":"Optionele gewichtstapel","text_value":"100 kg","icon":"x"},{"label":"Minimale weerstand","text_value":"5 kg","icon":"x"},{"label":"Verstelbare hoogte van handgrepen","text_value":"14","icon":"x"},{"label":"Verstelbare startposities van handgrepen  ","text_value":"13","icon":"x"},{"label":"Dikte frame","text_value":"3 mm","icon":"x"},{"label":"Verstelbare trainingspositie","text_value":"","icon":"v"},{"label":"Magnetische gewichtstapelpen","text_value":"","icon":"v"},{"label":"Plakkaat met trainingsinstructie","text_value":"","icon":"v"},{"label":"Omhulde gewichtstapel","text_value":"","icon":"v"},{"label":"Duurzame vloerbeschermers","text_value":"","icon":"v"},{"label":"Corrosiewerende verf","text_value":"2 jaar","icon":"v"},{"label":"Dikke bekleding bedekt met PU leer","text_value":"","icon":"v"},{"label":"Nylon kabel","text_value":"","icon":"v"},{"label":"Antislip handgrepen","text_value":"","icon":"v"},{"label":"Waterfles en accessoirekoffer","text_value":"","icon":"v"},{"label":"Garantie  ","text_value":"2 jaar","icon":"x"}]},"yoast_head":"<!-- This site is optimized with the Yoast SEO plugin v27.4 - https:\/\/yoast.com\/product\/yoast-seo-wordpress\/ -->\n<title>Evolve Ultra Series Selectorized Lateral Raise \/ Staande Pec Fly (UL-340) - Evolve<\/title>\n<meta name=\"robots\" content=\"index, follow, max-snippet:-1, max-image-preview:large, max-video-preview:-1\" \/>\n<link rel=\"canonical\" href=\"https:\/\/evolve-fitness.eu\/nl\/product\/evolve-ultra-series-selectorized-lateral-raise-staande-pec-fly-2\/\" \/>\n<meta property=\"og:locale\" content=\"nl_NL\" \/>\n<meta property=\"og:type\" content=\"article\" \/>\n<meta property=\"og:title\" content=\"Evolve Ultra Series Selectorized Lateral Raise \/ Staande Pec Fly (UL-340) - Evolve\" \/>\n<meta property=\"og:url\" content=\"https:\/\/evolve-fitness.eu\/nl\/product\/evolve-ultra-series-selectorized-lateral-raise-staande-pec-fly-2\/\" \/>\n<meta property=\"og:site_name\" content=\"Evolve\" \/>\n<meta property=\"article:publisher\" content=\"https:\/\/www.facebook.com\/EvolveFitnessEurope\" \/>\n<meta property=\"article:modified_time\" content=\"2026-03-26T09:27:24+00:00\" \/>\n<meta property=\"og:image\" content=\"https:\/\/evolve-fitness.eu\/wp-content\/uploads\/2023\/08\/Dizainas-be-pavadinimo-66.png\" \/>\n\t<meta property=\"og:image:width\" content=\"810\" \/>\n\t<meta property=\"og:image:height\" content=\"810\" \/>\n\t<meta property=\"og:image:type\" content=\"image\/png\" \/>\n<meta name=\"twitter:card\" content=\"summary_large_image\" \/>\n<script type=\"application\/ld+json\" class=\"yoast-schema-graph\">{\"@context\":\"https:\\\/\\\/schema.org\",\"@graph\":[{\"@type\":\"WebPage\",\"@id\":\"https:\\\/\\\/evolve-fitness.eu\\\/nl\\\/product\\\/evolve-ultra-series-selectorized-lateral-raise-staande-pec-fly-2\\\/\",\"url\":\"https:\\\/\\\/evolve-fitness.eu\\\/nl\\\/product\\\/evolve-ultra-series-selectorized-lateral-raise-staande-pec-fly-2\\\/\",\"name\":\"Evolve Ultra Series Selectorized Lateral Raise \\\/ Staande Pec Fly (UL-340) - Evolve\",\"isPartOf\":{\"@id\":\"https:\\\/\\\/evolve-fitness.eu\\\/nl\\\/#website\"},\"primaryImageOfPage\":{\"@id\":\"https:\\\/\\\/evolve-fitness.eu\\\/nl\\\/product\\\/evolve-ultra-series-selectorized-lateral-raise-staande-pec-fly-2\\\/#primaryimage\"},\"image\":{\"@id\":\"https:\\\/\\\/evolve-fitness.eu\\\/nl\\\/product\\\/evolve-ultra-series-selectorized-lateral-raise-staande-pec-fly-2\\\/#primaryimage\"},\"thumbnailUrl\":\"https:\\\/\\\/evolve-fitness.eu\\\/wp-content\\\/uploads\\\/2023\\\/08\\\/Dizainas-be-pavadinimo-66.png\",\"datePublished\":\"2023-08-31T11:21:54+00:00\",\"dateModified\":\"2026-03-26T09:27:24+00:00\",\"breadcrumb\":{\"@id\":\"https:\\\/\\\/evolve-fitness.eu\\\/nl\\\/product\\\/evolve-ultra-series-selectorized-lateral-raise-staande-pec-fly-2\\\/#breadcrumb\"},\"inLanguage\":\"nl-NL\",\"potentialAction\":[{\"@type\":\"ReadAction\",\"target\":[\"https:\\\/\\\/evolve-fitness.eu\\\/nl\\\/product\\\/evolve-ultra-series-selectorized-lateral-raise-staande-pec-fly-2\\\/\"]}]},{\"@type\":\"ImageObject\",\"inLanguage\":\"nl-NL\",\"@id\":\"https:\\\/\\\/evolve-fitness.eu\\\/nl\\\/product\\\/evolve-ultra-series-selectorized-lateral-raise-staande-pec-fly-2\\\/#primaryimage\",\"url\":\"https:\\\/\\\/evolve-fitness.eu\\\/wp-content\\\/uploads\\\/2023\\\/08\\\/Dizainas-be-pavadinimo-66.png\",\"contentUrl\":\"https:\\\/\\\/evolve-fitness.eu\\\/wp-content\\\/uploads\\\/2023\\\/08\\\/Dizainas-be-pavadinimo-66.png\",\"width\":810,\"height\":810},{\"@type\":\"BreadcrumbList\",\"@id\":\"https:\\\/\\\/evolve-fitness.eu\\\/nl\\\/product\\\/evolve-ultra-series-selectorized-lateral-raise-staande-pec-fly-2\\\/#breadcrumb\",\"itemListElement\":[{\"@type\":\"ListItem\",\"position\":1,\"name\":\"Home\",\"item\":\"https:\\\/\\\/evolve-fitness.eu\\\/nl\\\/\"},{\"@type\":\"ListItem\",\"position\":2,\"name\":\"Producten\",\"item\":\"https:\\\/\\\/evolve-fitness.eu\\\/nl\\\/shop\\\/\"},{\"@type\":\"ListItem\",\"position\":3,\"name\":\"Evolve Ultra Series Selectorized Lateral Raise \\\/ Staande Pec Fly (UL-340)\"}]},{\"@type\":\"WebSite\",\"@id\":\"https:\\\/\\\/evolve-fitness.eu\\\/nl\\\/#website\",\"url\":\"https:\\\/\\\/evolve-fitness.eu\\\/nl\\\/\",\"name\":\"Evolve\",\"description\":\"Your Evolved Gear Arrived\",\"publisher\":{\"@id\":\"https:\\\/\\\/evolve-fitness.eu\\\/nl\\\/#organization\"},\"potentialAction\":[{\"@type\":\"SearchAction\",\"target\":{\"@type\":\"EntryPoint\",\"urlTemplate\":\"https:\\\/\\\/evolve-fitness.eu\\\/nl\\\/?s={search_term_string}\"},\"query-input\":{\"@type\":\"PropertyValueSpecification\",\"valueRequired\":true,\"valueName\":\"search_term_string\"}}],\"inLanguage\":\"nl-NL\"},{\"@type\":\"Organization\",\"@id\":\"https:\\\/\\\/evolve-fitness.eu\\\/nl\\\/#organization\",\"name\":\"Evolve\",\"url\":\"https:\\\/\\\/evolve-fitness.eu\\\/nl\\\/\",\"logo\":{\"@type\":\"ImageObject\",\"inLanguage\":\"nl-NL\",\"@id\":\"https:\\\/\\\/evolve-fitness.eu\\\/nl\\\/#\\\/schema\\\/logo\\\/image\\\/\",\"url\":\"https:\\\/\\\/evolve-fitness.eu\\\/wp-content\\\/uploads\\\/2023\\\/05\\\/Evolve-logo.svg\",\"contentUrl\":\"https:\\\/\\\/evolve-fitness.eu\\\/wp-content\\\/uploads\\\/2023\\\/05\\\/Evolve-logo.svg\",\"width\":176,\"height\":20,\"caption\":\"Evolve\"},\"image\":{\"@id\":\"https:\\\/\\\/evolve-fitness.eu\\\/nl\\\/#\\\/schema\\\/logo\\\/image\\\/\"},\"sameAs\":[\"https:\\\/\\\/www.facebook.com\\\/EvolveFitnessEurope\"]}]}<\/script>\n<!-- \/ Yoast SEO plugin. -->","yoast_head_json":{"title":"Evolve Ultra Series Selectorized Lateral Raise \/ Staande Pec Fly (UL-340) - Evolve","robots":{"index":"index","follow":"follow","max-snippet":"max-snippet:-1","max-image-preview":"max-image-preview:large","max-video-preview":"max-video-preview:-1"},"canonical":"https:\/\/evolve-fitness.eu\/nl\/product\/evolve-ultra-series-selectorized-lateral-raise-staande-pec-fly-2\/","og_locale":"nl_NL","og_type":"article","og_title":"Evolve Ultra Series Selectorized Lateral Raise \/ Staande Pec Fly (UL-340) - Evolve","og_url":"https:\/\/evolve-fitness.eu\/nl\/product\/evolve-ultra-series-selectorized-lateral-raise-staande-pec-fly-2\/","og_site_name":"Evolve","article_publisher":"https:\/\/www.facebook.com\/EvolveFitnessEurope","article_modified_time":"2026-03-26T09:27:24+00:00","og_image":[{"width":810,"height":810,"url":"https:\/\/evolve-fitness.eu\/wp-content\/uploads\/2023\/08\/Dizainas-be-pavadinimo-66.png","type":"image\/png"}],"twitter_card":"summary_large_image","schema":{"@context":"https:\/\/schema.org","@graph":[{"@type":"WebPage","@id":"https:\/\/evolve-fitness.eu\/nl\/product\/evolve-ultra-series-selectorized-lateral-raise-staande-pec-fly-2\/","url":"https:\/\/evolve-fitness.eu\/nl\/product\/evolve-ultra-series-selectorized-lateral-raise-staande-pec-fly-2\/","name":"Evolve Ultra Series Selectorized Lateral Raise \/ Staande Pec Fly (UL-340) - Evolve","isPartOf":{"@id":"https:\/\/evolve-fitness.eu\/nl\/#website"},"primaryImageOfPage":{"@id":"https:\/\/evolve-fitness.eu\/nl\/product\/evolve-ultra-series-selectorized-lateral-raise-staande-pec-fly-2\/#primaryimage"},"image":{"@id":"https:\/\/evolve-fitness.eu\/nl\/product\/evolve-ultra-series-selectorized-lateral-raise-staande-pec-fly-2\/#primaryimage"},"thumbnailUrl":"https:\/\/evolve-fitness.eu\/wp-content\/uploads\/2023\/08\/Dizainas-be-pavadinimo-66.png","datePublished":"2023-08-31T11:21:54+00:00","dateModified":"2026-03-26T09:27:24+00:00","breadcrumb":{"@id":"https:\/\/evolve-fitness.eu\/nl\/product\/evolve-ultra-series-selectorized-lateral-raise-staande-pec-fly-2\/#breadcrumb"},"inLanguage":"nl-NL","potentialAction":[{"@type":"ReadAction","target":["https:\/\/evolve-fitness.eu\/nl\/product\/evolve-ultra-series-selectorized-lateral-raise-staande-pec-fly-2\/"]}]},{"@type":"ImageObject","inLanguage":"nl-NL","@id":"https:\/\/evolve-fitness.eu\/nl\/product\/evolve-ultra-series-selectorized-lateral-raise-staande-pec-fly-2\/#primaryimage","url":"https:\/\/evolve-fitness.eu\/wp-content\/uploads\/2023\/08\/Dizainas-be-pavadinimo-66.png","contentUrl":"https:\/\/evolve-fitness.eu\/wp-content\/uploads\/2023\/08\/Dizainas-be-pavadinimo-66.png","width":810,"height":810},{"@type":"BreadcrumbList","@id":"https:\/\/evolve-fitness.eu\/nl\/product\/evolve-ultra-series-selectorized-lateral-raise-staande-pec-fly-2\/#breadcrumb","itemListElement":[{"@type":"ListItem","position":1,"name":"Home","item":"https:\/\/evolve-fitness.eu\/nl\/"},{"@type":"ListItem","position":2,"name":"Producten","item":"https:\/\/evolve-fitness.eu\/nl\/shop\/"},{"@type":"ListItem","position":3,"name":"Evolve Ultra Series Selectorized Lateral Raise \/ Staande Pec Fly (UL-340)"}]},{"@type":"WebSite","@id":"https:\/\/evolve-fitness.eu\/nl\/#website","url":"https:\/\/evolve-fitness.eu\/nl\/","name":"Evolve","description":"Your Evolved Gear Arrived","publisher":{"@id":"https:\/\/evolve-fitness.eu\/nl\/#organization"},"potentialAction":[{"@type":"SearchAction","target":{"@type":"EntryPoint","urlTemplate":"https:\/\/evolve-fitness.eu\/nl\/?s={search_term_string}"},"query-input":{"@type":"PropertyValueSpecification","valueRequired":true,"valueName":"search_term_string"}}],"inLanguage":"nl-NL"},{"@type":"Organization","@id":"https:\/\/evolve-fitness.eu\/nl\/#organization","name":"Evolve","url":"https:\/\/evolve-fitness.eu\/nl\/","logo":{"@type":"ImageObject","inLanguage":"nl-NL","@id":"https:\/\/evolve-fitness.eu\/nl\/#\/schema\/logo\/image\/","url":"https:\/\/evolve-fitness.eu\/wp-content\/uploads\/2023\/05\/Evolve-logo.svg","contentUrl":"https:\/\/evolve-fitness.eu\/wp-content\/uploads\/2023\/05\/Evolve-logo.svg","width":176,"height":20,"caption":"Evolve"},"image":{"@id":"https:\/\/evolve-fitness.eu\/nl\/#\/schema\/logo\/image\/"},"sameAs":["https:\/\/www.facebook.com\/EvolveFitnessEurope"]}]}},"_links":{"self":[{"href":"https:\/\/evolve-fitness.eu\/nl\/wp-json\/wp\/v2\/product\/99217","targetHints":{"allow":["GET"]}}],"collection":[{"href":"https:\/\/evolve-fitness.eu\/nl\/wp-json\/wp\/v2\/product"}],"about":[{"href":"https:\/\/evolve-fitness.eu\/nl\/wp-json\/wp\/v2\/types\/product"}],"wp:featuredmedia":[{"embeddable":true,"href":"https:\/\/evolve-fitness.eu\/nl\/wp-json\/wp\/v2\/media\/135359"}],"wp:attachment":[{"href":"https:\/\/evolve-fitness.eu\/nl\/wp-json\/wp\/v2\/media?parent=99217"}],"wp:term":[{"taxonomy":"product_brand","embeddable":true,"href":"https:\/\/evolve-fitness.eu\/nl\/wp-json\/wp\/v2\/product_brand?post=99217"},{"taxonomy":"product_cat","embeddable":true,"href":"https:\/\/evolve-fitness.eu\/nl\/wp-json\/wp\/v2\/product_cat?post=99217"},{"taxonomy":"product_tag","embeddable":true,"href":"https:\/\/evolve-fitness.eu\/nl\/wp-json\/wp\/v2\/product_tag?post=99217"}],"curies":[{"name":"wp","href":"https:\/\/api.w.org\/{rel}","templated":true}]}}