{"id":119263,"date":"2023-09-14T08:51:48","date_gmt":"2023-09-14T08:51:48","guid":{"rendered":"https:\/\/evolve-fitness.eu\/product\/evolve-inclinacoes-para-ladrilhos-com-bom-acabamento-superior-evolve-inclinacoes-com-para-ladrilhos-com-bom-acabamento-superior-50-x-15-x-2-%d1%81%d0%bc\/"},"modified":"2023-09-14T08:51:48","modified_gmt":"2023-09-14T08:51:48","slug":"evolve-inclinacoes-para-ladrilhos-com-bom-acabamento-superior-evolve-inclinacoes-com-para-ladrilhos-com-bom-acabamento-superior-50-x-15-x-2-%d1%81%d0%bc","status":"publish","type":"product","link":"https:\/\/evolve-fitness.eu\/ru\/product\/evolve-inclinacoes-para-ladrilhos-com-bom-acabamento-superior-evolve-inclinacoes-com-para-ladrilhos-com-bom-acabamento-superior-50-x-15-x-2-%d1%81%d0%bc\/","title":{"rendered":"Evolve Inclina\u00e7\u00f5es Para Ladrilhos Com Bom Acabamento Superior Evolve Inclina\u00e7\u00f5es Com Para Ladrilhos Com Bom Acabamento Superior 50 x 15 x 2 \u0441\u043c"},"content":{"rendered":"","protected":false},"excerpt":{"rendered":"<p>Evolve Ladrilhos para pavimentos interiores com bom acabamento superior 100 x 100 x 1,5 &#8212; 5 cm<\/p>\n","protected":false},"featured_media":0,"template":"","meta":{"_acf_changed":false,"inline_featured_image":false},"product_brand":[],"product_cat":[17],"product_tag":[],"class_list":{"0":"post-119263","1":"product","2":"type-product","3":"status-publish","5":"product_cat-be-kategorijos","7":"first","8":"instock","9":"shipping-taxable","10":"purchasable","11":"product-type-simple"},"acf":{"long_title":"","subtitle":"","specifications":null},"yoast_head":"<!-- This site is optimized with the Yoast SEO plugin v26.6 - https:\/\/yoast.com\/wordpress\/plugins\/seo\/ -->\n<title>Evolve Inclina\u00e7\u00f5es Para Ladrilhos Com Bom Acabamento Superior Evolve Inclina\u00e7\u00f5es Com Para Ladrilhos Com Bom Acabamento Superior 50 x 15 x 2 \u0441\u043c - Evolve<\/title>\n<meta name=\"robots\" content=\"index, follow, max-snippet:-1, max-image-preview:large, max-video-preview:-1\" \/>\n<link rel=\"canonical\" href=\"https:\/\/evolve-fitness.eu\/ru\/product\/evolve-inclinacoes-para-ladrilhos-com-bom-acabamento-superior-evolve-inclinacoes-com-para-ladrilhos-com-bom-acabamento-superior-50-x-15-x-2-%d1%81%d0%bc\/\" \/>\n<meta property=\"og:locale\" content=\"ru_RU\" \/>\n<meta property=\"og:type\" content=\"article\" \/>\n<meta property=\"og:title\" content=\"Evolve Inclina\u00e7\u00f5es Para Ladrilhos Com Bom Acabamento Superior Evolve Inclina\u00e7\u00f5es Com Para Ladrilhos Com Bom Acabamento Superior 50 x 15 x 2 \u0441\u043c - Evolve\" \/>\n<meta property=\"og:url\" content=\"https:\/\/evolve-fitness.eu\/ru\/product\/evolve-inclinacoes-para-ladrilhos-com-bom-acabamento-superior-evolve-inclinacoes-com-para-ladrilhos-com-bom-acabamento-superior-50-x-15-x-2-%d1%81%d0%bc\/\" \/>\n<meta property=\"og:site_name\" content=\"Evolve\" \/>\n<meta property=\"article:publisher\" content=\"https:\/\/www.facebook.com\/EvolveFitnessEurope\" \/>\n<meta name=\"twitter:card\" content=\"summary_large_image\" \/>\n<script type=\"application\/ld+json\" class=\"yoast-schema-graph\">{\"@context\":\"https:\/\/schema.org\",\"@graph\":[{\"@type\":\"WebPage\",\"@id\":\"https:\/\/evolve-fitness.eu\/ru\/product\/evolve-inclinacoes-para-ladrilhos-com-bom-acabamento-superior-evolve-inclinacoes-com-para-ladrilhos-com-bom-acabamento-superior-50-x-15-x-2-%d1%81%d0%bc\/\",\"url\":\"https:\/\/evolve-fitness.eu\/ru\/product\/evolve-inclinacoes-para-ladrilhos-com-bom-acabamento-superior-evolve-inclinacoes-com-para-ladrilhos-com-bom-acabamento-superior-50-x-15-x-2-%d1%81%d0%bc\/\",\"name\":\"Evolve Inclina\u00e7\u00f5es Para Ladrilhos Com Bom Acabamento Superior Evolve Inclina\u00e7\u00f5es Com Para Ladrilhos Com Bom Acabamento Superior 50 x 15 x 2 \u0441\u043c - Evolve\",\"isPartOf\":{\"@id\":\"https:\/\/evolve-fitness.eu\/ru\/#website\"},\"datePublished\":\"2023-09-14T08:51:48+00:00\",\"breadcrumb\":{\"@id\":\"https:\/\/evolve-fitness.eu\/ru\/product\/evolve-inclinacoes-para-ladrilhos-com-bom-acabamento-superior-evolve-inclinacoes-com-para-ladrilhos-com-bom-acabamento-superior-50-x-15-x-2-%d1%81%d0%bc\/#breadcrumb\"},\"inLanguage\":\"ru-RU\",\"potentialAction\":[{\"@type\":\"ReadAction\",\"target\":[\"https:\/\/evolve-fitness.eu\/ru\/product\/evolve-inclinacoes-para-ladrilhos-com-bom-acabamento-superior-evolve-inclinacoes-com-para-ladrilhos-com-bom-acabamento-superior-50-x-15-x-2-%d1%81%d0%bc\/\"]}]},{\"@type\":\"BreadcrumbList\",\"@id\":\"https:\/\/evolve-fitness.eu\/ru\/product\/evolve-inclinacoes-para-ladrilhos-com-bom-acabamento-superior-evolve-inclinacoes-com-para-ladrilhos-com-bom-acabamento-superior-50-x-15-x-2-%d1%81%d0%bc\/#breadcrumb\",\"itemListElement\":[{\"@type\":\"ListItem\",\"position\":1,\"name\":\"Home\",\"item\":\"https:\/\/evolve-fitness.eu\/ru\/\"},{\"@type\":\"ListItem\",\"position\":2,\"name\":\"\u041f\u0440\u043e\u0434\u0443\u043a\u0446\u0438\u044f\",\"item\":\"https:\/\/evolve-fitness.eu\/ru\/shop\/\"},{\"@type\":\"ListItem\",\"position\":3,\"name\":\"Evolve Inclina\u00e7\u00f5es Para Ladrilhos Com Bom Acabamento Superior Evolve Inclina\u00e7\u00f5es Com Para Ladrilhos Com Bom Acabamento Superior 50 x 15 x 2 \u0441\u043c\"}]},{\"@type\":\"WebSite\",\"@id\":\"https:\/\/evolve-fitness.eu\/ru\/#website\",\"url\":\"https:\/\/evolve-fitness.eu\/ru\/\",\"name\":\"Evolve\",\"description\":\"Your Evolved Gear Arrived\",\"publisher\":{\"@id\":\"https:\/\/evolve-fitness.eu\/ru\/#organization\"},\"potentialAction\":[{\"@type\":\"SearchAction\",\"target\":{\"@type\":\"EntryPoint\",\"urlTemplate\":\"https:\/\/evolve-fitness.eu\/ru\/?s={search_term_string}\"},\"query-input\":{\"@type\":\"PropertyValueSpecification\",\"valueRequired\":true,\"valueName\":\"search_term_string\"}}],\"inLanguage\":\"ru-RU\"},{\"@type\":\"Organization\",\"@id\":\"https:\/\/evolve-fitness.eu\/ru\/#organization\",\"name\":\"Evolve\",\"url\":\"https:\/\/evolve-fitness.eu\/ru\/\",\"logo\":{\"@type\":\"ImageObject\",\"inLanguage\":\"ru-RU\",\"@id\":\"https:\/\/evolve-fitness.eu\/ru\/#\/schema\/logo\/image\/\",\"url\":\"https:\/\/evolve-fitness.eu\/wp-content\/uploads\/2023\/05\/Evolve-logo.svg\",\"contentUrl\":\"https:\/\/evolve-fitness.eu\/wp-content\/uploads\/2023\/05\/Evolve-logo.svg\",\"width\":176,\"height\":20,\"caption\":\"Evolve\"},\"image\":{\"@id\":\"https:\/\/evolve-fitness.eu\/ru\/#\/schema\/logo\/image\/\"},\"sameAs\":[\"https:\/\/www.facebook.com\/EvolveFitnessEurope\"]}]}<\/script>\n<!-- \/ Yoast SEO plugin. -->","yoast_head_json":{"title":"Evolve Inclina\u00e7\u00f5es Para Ladrilhos Com Bom Acabamento Superior Evolve Inclina\u00e7\u00f5es Com Para Ladrilhos Com Bom Acabamento Superior 50 x 15 x 2 \u0441\u043c - Evolve","robots":{"index":"index","follow":"follow","max-snippet":"max-snippet:-1","max-image-preview":"max-image-preview:large","max-video-preview":"max-video-preview:-1"},"canonical":"https:\/\/evolve-fitness.eu\/ru\/product\/evolve-inclinacoes-para-ladrilhos-com-bom-acabamento-superior-evolve-inclinacoes-com-para-ladrilhos-com-bom-acabamento-superior-50-x-15-x-2-%d1%81%d0%bc\/","og_locale":"ru_RU","og_type":"article","og_title":"Evolve Inclina\u00e7\u00f5es Para Ladrilhos Com Bom Acabamento Superior Evolve Inclina\u00e7\u00f5es Com Para Ladrilhos Com Bom Acabamento Superior 50 x 15 x 2 \u0441\u043c - Evolve","og_url":"https:\/\/evolve-fitness.eu\/ru\/product\/evolve-inclinacoes-para-ladrilhos-com-bom-acabamento-superior-evolve-inclinacoes-com-para-ladrilhos-com-bom-acabamento-superior-50-x-15-x-2-%d1%81%d0%bc\/","og_site_name":"Evolve","article_publisher":"https:\/\/www.facebook.com\/EvolveFitnessEurope","twitter_card":"summary_large_image","schema":{"@context":"https:\/\/schema.org","@graph":[{"@type":"WebPage","@id":"https:\/\/evolve-fitness.eu\/ru\/product\/evolve-inclinacoes-para-ladrilhos-com-bom-acabamento-superior-evolve-inclinacoes-com-para-ladrilhos-com-bom-acabamento-superior-50-x-15-x-2-%d1%81%d0%bc\/","url":"https:\/\/evolve-fitness.eu\/ru\/product\/evolve-inclinacoes-para-ladrilhos-com-bom-acabamento-superior-evolve-inclinacoes-com-para-ladrilhos-com-bom-acabamento-superior-50-x-15-x-2-%d1%81%d0%bc\/","name":"Evolve Inclina\u00e7\u00f5es Para Ladrilhos Com Bom Acabamento Superior Evolve Inclina\u00e7\u00f5es Com Para Ladrilhos Com Bom Acabamento Superior 50 x 15 x 2 \u0441\u043c - Evolve","isPartOf":{"@id":"https:\/\/evolve-fitness.eu\/ru\/#website"},"datePublished":"2023-09-14T08:51:48+00:00","breadcrumb":{"@id":"https:\/\/evolve-fitness.eu\/ru\/product\/evolve-inclinacoes-para-ladrilhos-com-bom-acabamento-superior-evolve-inclinacoes-com-para-ladrilhos-com-bom-acabamento-superior-50-x-15-x-2-%d1%81%d0%bc\/#breadcrumb"},"inLanguage":"ru-RU","potentialAction":[{"@type":"ReadAction","target":["https:\/\/evolve-fitness.eu\/ru\/product\/evolve-inclinacoes-para-ladrilhos-com-bom-acabamento-superior-evolve-inclinacoes-com-para-ladrilhos-com-bom-acabamento-superior-50-x-15-x-2-%d1%81%d0%bc\/"]}]},{"@type":"BreadcrumbList","@id":"https:\/\/evolve-fitness.eu\/ru\/product\/evolve-inclinacoes-para-ladrilhos-com-bom-acabamento-superior-evolve-inclinacoes-com-para-ladrilhos-com-bom-acabamento-superior-50-x-15-x-2-%d1%81%d0%bc\/#breadcrumb","itemListElement":[{"@type":"ListItem","position":1,"name":"Home","item":"https:\/\/evolve-fitness.eu\/ru\/"},{"@type":"ListItem","position":2,"name":"\u041f\u0440\u043e\u0434\u0443\u043a\u0446\u0438\u044f","item":"https:\/\/evolve-fitness.eu\/ru\/shop\/"},{"@type":"ListItem","position":3,"name":"Evolve Inclina\u00e7\u00f5es Para Ladrilhos Com Bom Acabamento Superior Evolve Inclina\u00e7\u00f5es Com Para Ladrilhos Com Bom Acabamento Superior 50 x 15 x 2 \u0441\u043c"}]},{"@type":"WebSite","@id":"https:\/\/evolve-fitness.eu\/ru\/#website","url":"https:\/\/evolve-fitness.eu\/ru\/","name":"Evolve","description":"Your Evolved Gear Arrived","publisher":{"@id":"https:\/\/evolve-fitness.eu\/ru\/#organization"},"potentialAction":[{"@type":"SearchAction","target":{"@type":"EntryPoint","urlTemplate":"https:\/\/evolve-fitness.eu\/ru\/?s={search_term_string}"},"query-input":{"@type":"PropertyValueSpecification","valueRequired":true,"valueName":"search_term_string"}}],"inLanguage":"ru-RU"},{"@type":"Organization","@id":"https:\/\/evolve-fitness.eu\/ru\/#organization","name":"Evolve","url":"https:\/\/evolve-fitness.eu\/ru\/","logo":{"@type":"ImageObject","inLanguage":"ru-RU","@id":"https:\/\/evolve-fitness.eu\/ru\/#\/schema\/logo\/image\/","url":"https:\/\/evolve-fitness.eu\/wp-content\/uploads\/2023\/05\/Evolve-logo.svg","contentUrl":"https:\/\/evolve-fitness.eu\/wp-content\/uploads\/2023\/05\/Evolve-logo.svg","width":176,"height":20,"caption":"Evolve"},"image":{"@id":"https:\/\/evolve-fitness.eu\/ru\/#\/schema\/logo\/image\/"},"sameAs":["https:\/\/www.facebook.com\/EvolveFitnessEurope"]}]}},"_links":{"self":[{"href":"https:\/\/evolve-fitness.eu\/ru\/wp-json\/wp\/v2\/product\/119263","targetHints":{"allow":["GET"]}}],"collection":[{"href":"https:\/\/evolve-fitness.eu\/ru\/wp-json\/wp\/v2\/product"}],"about":[{"href":"https:\/\/evolve-fitness.eu\/ru\/wp-json\/wp\/v2\/types\/product"}],"wp:attachment":[{"href":"https:\/\/evolve-fitness.eu\/ru\/wp-json\/wp\/v2\/media?parent=119263"}],"wp:term":[{"taxonomy":"product_brand","embeddable":true,"href":"https:\/\/evolve-fitness.eu\/ru\/wp-json\/wp\/v2\/product_brand?post=119263"},{"taxonomy":"product_cat","embeddable":true,"href":"https:\/\/evolve-fitness.eu\/ru\/wp-json\/wp\/v2\/product_cat?post=119263"},{"taxonomy":"product_tag","embeddable":true,"href":"https:\/\/evolve-fitness.eu\/ru\/wp-json\/wp\/v2\/product_tag?post=119263"}],"curies":[{"name":"wp","href":"https:\/\/api.w.org\/{rel}","templated":true}]}}