{"id":238495,"date":"2023-11-13T15:11:44","date_gmt":"2023-11-13T13:11:44","guid":{"rendered":"https:\/\/evolve-fitness.eu\/product\/%d0%b4%d0%b2%d0%be%d0%b9%d0%bd%d0%be%d0%b9-%d1%82%d1%83%d1%80%d0%bd%d0%b8%d0%ba-evolve-1100-%d0%bc%d0%bc-1800-%d0%bc%d0%bc-2\/"},"modified":"2026-04-23T09:53:38","modified_gmt":"2026-04-23T06:53:38","slug":"%d0%b4%d0%b2%d0%be%d0%b9%d0%bd%d0%be%d0%b9-%d1%82%d1%83%d1%80%d0%bd%d0%b8%d0%ba-evolve-1100-%d0%bc%d0%bc-1800-%d0%bc%d0%bc-2","status":"publish","type":"product","link":"https:\/\/evolve-fitness.eu\/ru\/product\/%d0%b4%d0%b2%d0%be%d0%b9%d0%bd%d0%be%d0%b9-%d1%82%d1%83%d1%80%d0%bd%d0%b8%d0%ba-evolve-1100-%d0%bc%d0%bc-1800-%d0%bc%d0%bc-2\/","title":{"rendered":"\u0414\u0432\u043e\u0439\u043d\u043e\u0439 \u0442\u0443\u0440\u043d\u0438\u043a Evolve &#8212; 1100 \u043c\u043c \/ 1800 \u043c\u043c"},"content":{"rendered":"\n<section class=\"wp-block-group alignfull has-lightgray-background-color has-background is-layout-constrained wp-block-group-is-layout-constrained\">\n<div class=\"wp-block-columns alignwide is-layout-flex wp-container-core-columns-is-layout-2edb0647 wp-block-columns-is-layout-flex\" style=\"margin-top:0;margin-bottom:0\">\n<div class=\"wp-block-column is-layout-flow wp-block-column-is-layout-flow\" style=\"flex-basis:33.33%\"><\/div>\n\n\n\n<div class=\"wp-block-column is-layout-flow wp-block-column-is-layout-flow\" style=\"flex-basis:66.66%\"><\/div>\n<\/div>\n<\/section>\n","protected":false},"excerpt":{"rendered":"<p>\u0412\u044b\u043b\u0435\u043f\u0438\u0442\u0435 \u0441\u0432\u043e\u0439 \u0441\u043e\u0431\u0441\u0442\u0432\u0435\u043d\u043d\u044b\u0439 \u0442\u0440\u0438\u043d\u043a \u0441 \u0434\u0432\u0443\u0445\u0441\u0442\u043e\u0440\u043e\u043d\u043d\u0435\u0439 \u043e\u043f\u0438\u0447\u044c\u0435\u0439 \u0448\u0438\u043d\u043e\u0439 Evolve \u0432 \u0434\u043b\u0438\u043d\u0435 1100 \u043c\u043c \u0438 1800 \u043c\u043c. Tyto ty\u010de jsou ur\u010deny pro soupravy Evolve a pozvednou v\u00e1\u0161 funk\u010dn\u00ed, crossfitov\u00fd, skupinov\u00fd nebo individu\u00e1ln\u00ed tr\u00e9nink. \u041f\u0440\u043e\u0447\u043d\u044b\u0439 \u043f\u0440\u0443\u0442 \u0434\u0438\u0430\u043c\u0435\u0442\u0440\u043e\u043c 32 \u043c\u043c \u0438 \u0441\u043e\u0432\u043c\u0435\u0441\u0442\u0438\u043c\u043e\u0441\u0442\u044c \u0441 \u043f\u0440\u0436\u0438\u0441\u043b\u0443\u0448\u0438\u0432\u0430\u043d\u0438\u0435\u043c \u043f\u043e\u0437\u0432\u043e\u043b\u044f\u044e\u0442 \u0438\u0441\u043f\u043e\u043b\u044c\u0437\u043e\u0432\u0430\u0442\u044c \u0442\u0443\u0440\u043d\u0438\u043a Evolve Double Monkey Bar \u0432 \u0444\u0438\u0442\u043d\u0435\u0441-\u0440\u0443\u0442\u0438\u043d\u0435. Cena za kus. Zlep\u0161ete svou kondici je\u0161t\u011b dnes.    <\/p>\n","protected":false},"featured_media":0,"template":"","meta":{"_acf_changed":false,"inline_featured_image":false},"product_brand":[],"product_cat":[13030],"product_tag":[],"class_list":{"0":"post-238495","1":"product","2":"type-product","3":"status-publish","5":"product_cat-hyrox-gear","7":"first","8":"instock","9":"shipping-taxable","10":"purchasable","11":"product-type-simple"},"acf":{"long_title":"","subtitle":"","specifications":null},"yoast_head":"<!-- This site is optimized with the Yoast SEO plugin v27.4 - https:\/\/yoast.com\/product\/yoast-seo-wordpress\/ -->\n<title>\u0414\u0432\u043e\u0439\u043d\u043e\u0439 \u0442\u0443\u0440\u043d\u0438\u043a Evolve - 1100 \u043c\u043c \/ 1800 \u043c\u043c - Evolve<\/title>\n<meta name=\"robots\" content=\"index, follow, max-snippet:-1, max-image-preview:large, max-video-preview:-1\" \/>\n<link rel=\"canonical\" href=\"https:\/\/evolve-fitness.eu\/ru\/product\/%d0%b4%d0%b2%d0%be%d0%b9%d0%bd%d0%be%d0%b9-%d1%82%d1%83%d1%80%d0%bd%d0%b8%d0%ba-evolve-1100-%d0%bc%d0%bc-1800-%d0%bc%d0%bc-2\/\" \/>\n<meta property=\"og:locale\" content=\"ru_RU\" \/>\n<meta property=\"og:type\" content=\"article\" \/>\n<meta property=\"og:title\" content=\"\u0414\u0432\u043e\u0439\u043d\u043e\u0439 \u0442\u0443\u0440\u043d\u0438\u043a Evolve - 1100 \u043c\u043c \/ 1800 \u043c\u043c - Evolve\" \/>\n<meta property=\"og:url\" content=\"https:\/\/evolve-fitness.eu\/ru\/product\/%d0%b4%d0%b2%d0%be%d0%b9%d0%bd%d0%be%d0%b9-%d1%82%d1%83%d1%80%d0%bd%d0%b8%d0%ba-evolve-1100-%d0%bc%d0%bc-1800-%d0%bc%d0%bc-2\/\" \/>\n<meta property=\"og:site_name\" content=\"Evolve\" \/>\n<meta property=\"article:publisher\" content=\"https:\/\/www.facebook.com\/EvolveFitnessEurope\" \/>\n<meta property=\"article:modified_time\" content=\"2026-04-23T06:53:38+00:00\" \/>\n<meta name=\"twitter:card\" content=\"summary_large_image\" \/>\n<script type=\"application\/ld+json\" class=\"yoast-schema-graph\">{\"@context\":\"https:\\\/\\\/schema.org\",\"@graph\":[{\"@type\":\"WebPage\",\"@id\":\"https:\\\/\\\/evolve-fitness.eu\\\/ru\\\/product\\\/%d0%b4%d0%b2%d0%be%d0%b9%d0%bd%d0%be%d0%b9-%d1%82%d1%83%d1%80%d0%bd%d0%b8%d0%ba-evolve-1100-%d0%bc%d0%bc-1800-%d0%bc%d0%bc-2\\\/\",\"url\":\"https:\\\/\\\/evolve-fitness.eu\\\/ru\\\/product\\\/%d0%b4%d0%b2%d0%be%d0%b9%d0%bd%d0%be%d0%b9-%d1%82%d1%83%d1%80%d0%bd%d0%b8%d0%ba-evolve-1100-%d0%bc%d0%bc-1800-%d0%bc%d0%bc-2\\\/\",\"name\":\"\u0414\u0432\u043e\u0439\u043d\u043e\u0439 \u0442\u0443\u0440\u043d\u0438\u043a Evolve - 1100 \u043c\u043c \\\/ 1800 \u043c\u043c - Evolve\",\"isPartOf\":{\"@id\":\"https:\\\/\\\/evolve-fitness.eu\\\/ru\\\/#website\"},\"datePublished\":\"2023-11-13T13:11:44+00:00\",\"dateModified\":\"2026-04-23T06:53:38+00:00\",\"breadcrumb\":{\"@id\":\"https:\\\/\\\/evolve-fitness.eu\\\/ru\\\/product\\\/%d0%b4%d0%b2%d0%be%d0%b9%d0%bd%d0%be%d0%b9-%d1%82%d1%83%d1%80%d0%bd%d0%b8%d0%ba-evolve-1100-%d0%bc%d0%bc-1800-%d0%bc%d0%bc-2\\\/#breadcrumb\"},\"inLanguage\":\"ru-RU\",\"potentialAction\":[{\"@type\":\"ReadAction\",\"target\":[\"https:\\\/\\\/evolve-fitness.eu\\\/ru\\\/product\\\/%d0%b4%d0%b2%d0%be%d0%b9%d0%bd%d0%be%d0%b9-%d1%82%d1%83%d1%80%d0%bd%d0%b8%d0%ba-evolve-1100-%d0%bc%d0%bc-1800-%d0%bc%d0%bc-2\\\/\"]}]},{\"@type\":\"BreadcrumbList\",\"@id\":\"https:\\\/\\\/evolve-fitness.eu\\\/ru\\\/product\\\/%d0%b4%d0%b2%d0%be%d0%b9%d0%bd%d0%be%d0%b9-%d1%82%d1%83%d1%80%d0%bd%d0%b8%d0%ba-evolve-1100-%d0%bc%d0%bc-1800-%d0%bc%d0%bc-2\\\/#breadcrumb\",\"itemListElement\":[{\"@type\":\"ListItem\",\"position\":1,\"name\":\"Home\",\"item\":\"https:\\\/\\\/evolve-fitness.eu\\\/ru\\\/\"},{\"@type\":\"ListItem\",\"position\":2,\"name\":\"\u041f\u0440\u043e\u0434\u0443\u043a\u0446\u0438\u044f\",\"item\":\"https:\\\/\\\/evolve-fitness.eu\\\/ru\\\/shop\\\/\"},{\"@type\":\"ListItem\",\"position\":3,\"name\":\"\u0414\u0432\u043e\u0439\u043d\u043e\u0439 \u0442\u0443\u0440\u043d\u0438\u043a Evolve &#8211; 1100 \u043c\u043c \\\/ 1800 \u043c\u043c\"}]},{\"@type\":\"WebSite\",\"@id\":\"https:\\\/\\\/evolve-fitness.eu\\\/ru\\\/#website\",\"url\":\"https:\\\/\\\/evolve-fitness.eu\\\/ru\\\/\",\"name\":\"Evolve\",\"description\":\"Your Evolved Gear Arrived\",\"publisher\":{\"@id\":\"https:\\\/\\\/evolve-fitness.eu\\\/ru\\\/#organization\"},\"potentialAction\":[{\"@type\":\"SearchAction\",\"target\":{\"@type\":\"EntryPoint\",\"urlTemplate\":\"https:\\\/\\\/evolve-fitness.eu\\\/ru\\\/?s={search_term_string}\"},\"query-input\":{\"@type\":\"PropertyValueSpecification\",\"valueRequired\":true,\"valueName\":\"search_term_string\"}}],\"inLanguage\":\"ru-RU\"},{\"@type\":\"Organization\",\"@id\":\"https:\\\/\\\/evolve-fitness.eu\\\/ru\\\/#organization\",\"name\":\"Evolve\",\"url\":\"https:\\\/\\\/evolve-fitness.eu\\\/ru\\\/\",\"logo\":{\"@type\":\"ImageObject\",\"inLanguage\":\"ru-RU\",\"@id\":\"https:\\\/\\\/evolve-fitness.eu\\\/ru\\\/#\\\/schema\\\/logo\\\/image\\\/\",\"url\":\"https:\\\/\\\/evolve-fitness.eu\\\/wp-content\\\/uploads\\\/2023\\\/05\\\/Evolve-logo.svg\",\"contentUrl\":\"https:\\\/\\\/evolve-fitness.eu\\\/wp-content\\\/uploads\\\/2023\\\/05\\\/Evolve-logo.svg\",\"width\":176,\"height\":20,\"caption\":\"Evolve\"},\"image\":{\"@id\":\"https:\\\/\\\/evolve-fitness.eu\\\/ru\\\/#\\\/schema\\\/logo\\\/image\\\/\"},\"sameAs\":[\"https:\\\/\\\/www.facebook.com\\\/EvolveFitnessEurope\"]}]}<\/script>\n<!-- \/ Yoast SEO plugin. -->","yoast_head_json":{"title":"\u0414\u0432\u043e\u0439\u043d\u043e\u0439 \u0442\u0443\u0440\u043d\u0438\u043a Evolve - 1100 \u043c\u043c \/ 1800 \u043c\u043c - Evolve","robots":{"index":"index","follow":"follow","max-snippet":"max-snippet:-1","max-image-preview":"max-image-preview:large","max-video-preview":"max-video-preview:-1"},"canonical":"https:\/\/evolve-fitness.eu\/ru\/product\/%d0%b4%d0%b2%d0%be%d0%b9%d0%bd%d0%be%d0%b9-%d1%82%d1%83%d1%80%d0%bd%d0%b8%d0%ba-evolve-1100-%d0%bc%d0%bc-1800-%d0%bc%d0%bc-2\/","og_locale":"ru_RU","og_type":"article","og_title":"\u0414\u0432\u043e\u0439\u043d\u043e\u0439 \u0442\u0443\u0440\u043d\u0438\u043a Evolve - 1100 \u043c\u043c \/ 1800 \u043c\u043c - Evolve","og_url":"https:\/\/evolve-fitness.eu\/ru\/product\/%d0%b4%d0%b2%d0%be%d0%b9%d0%bd%d0%be%d0%b9-%d1%82%d1%83%d1%80%d0%bd%d0%b8%d0%ba-evolve-1100-%d0%bc%d0%bc-1800-%d0%bc%d0%bc-2\/","og_site_name":"Evolve","article_publisher":"https:\/\/www.facebook.com\/EvolveFitnessEurope","article_modified_time":"2026-04-23T06:53:38+00:00","twitter_card":"summary_large_image","schema":{"@context":"https:\/\/schema.org","@graph":[{"@type":"WebPage","@id":"https:\/\/evolve-fitness.eu\/ru\/product\/%d0%b4%d0%b2%d0%be%d0%b9%d0%bd%d0%be%d0%b9-%d1%82%d1%83%d1%80%d0%bd%d0%b8%d0%ba-evolve-1100-%d0%bc%d0%bc-1800-%d0%bc%d0%bc-2\/","url":"https:\/\/evolve-fitness.eu\/ru\/product\/%d0%b4%d0%b2%d0%be%d0%b9%d0%bd%d0%be%d0%b9-%d1%82%d1%83%d1%80%d0%bd%d0%b8%d0%ba-evolve-1100-%d0%bc%d0%bc-1800-%d0%bc%d0%bc-2\/","name":"\u0414\u0432\u043e\u0439\u043d\u043e\u0439 \u0442\u0443\u0440\u043d\u0438\u043a Evolve - 1100 \u043c\u043c \/ 1800 \u043c\u043c - Evolve","isPartOf":{"@id":"https:\/\/evolve-fitness.eu\/ru\/#website"},"datePublished":"2023-11-13T13:11:44+00:00","dateModified":"2026-04-23T06:53:38+00:00","breadcrumb":{"@id":"https:\/\/evolve-fitness.eu\/ru\/product\/%d0%b4%d0%b2%d0%be%d0%b9%d0%bd%d0%be%d0%b9-%d1%82%d1%83%d1%80%d0%bd%d0%b8%d0%ba-evolve-1100-%d0%bc%d0%bc-1800-%d0%bc%d0%bc-2\/#breadcrumb"},"inLanguage":"ru-RU","potentialAction":[{"@type":"ReadAction","target":["https:\/\/evolve-fitness.eu\/ru\/product\/%d0%b4%d0%b2%d0%be%d0%b9%d0%bd%d0%be%d0%b9-%d1%82%d1%83%d1%80%d0%bd%d0%b8%d0%ba-evolve-1100-%d0%bc%d0%bc-1800-%d0%bc%d0%bc-2\/"]}]},{"@type":"BreadcrumbList","@id":"https:\/\/evolve-fitness.eu\/ru\/product\/%d0%b4%d0%b2%d0%be%d0%b9%d0%bd%d0%be%d0%b9-%d1%82%d1%83%d1%80%d0%bd%d0%b8%d0%ba-evolve-1100-%d0%bc%d0%bc-1800-%d0%bc%d0%bc-2\/#breadcrumb","itemListElement":[{"@type":"ListItem","position":1,"name":"Home","item":"https:\/\/evolve-fitness.eu\/ru\/"},{"@type":"ListItem","position":2,"name":"\u041f\u0440\u043e\u0434\u0443\u043a\u0446\u0438\u044f","item":"https:\/\/evolve-fitness.eu\/ru\/shop\/"},{"@type":"ListItem","position":3,"name":"\u0414\u0432\u043e\u0439\u043d\u043e\u0439 \u0442\u0443\u0440\u043d\u0438\u043a Evolve &#8211; 1100 \u043c\u043c \/ 1800 \u043c\u043c"}]},{"@type":"WebSite","@id":"https:\/\/evolve-fitness.eu\/ru\/#website","url":"https:\/\/evolve-fitness.eu\/ru\/","name":"Evolve","description":"Your Evolved Gear Arrived","publisher":{"@id":"https:\/\/evolve-fitness.eu\/ru\/#organization"},"potentialAction":[{"@type":"SearchAction","target":{"@type":"EntryPoint","urlTemplate":"https:\/\/evolve-fitness.eu\/ru\/?s={search_term_string}"},"query-input":{"@type":"PropertyValueSpecification","valueRequired":true,"valueName":"search_term_string"}}],"inLanguage":"ru-RU"},{"@type":"Organization","@id":"https:\/\/evolve-fitness.eu\/ru\/#organization","name":"Evolve","url":"https:\/\/evolve-fitness.eu\/ru\/","logo":{"@type":"ImageObject","inLanguage":"ru-RU","@id":"https:\/\/evolve-fitness.eu\/ru\/#\/schema\/logo\/image\/","url":"https:\/\/evolve-fitness.eu\/wp-content\/uploads\/2023\/05\/Evolve-logo.svg","contentUrl":"https:\/\/evolve-fitness.eu\/wp-content\/uploads\/2023\/05\/Evolve-logo.svg","width":176,"height":20,"caption":"Evolve"},"image":{"@id":"https:\/\/evolve-fitness.eu\/ru\/#\/schema\/logo\/image\/"},"sameAs":["https:\/\/www.facebook.com\/EvolveFitnessEurope"]}]}},"_links":{"self":[{"href":"https:\/\/evolve-fitness.eu\/ru\/wp-json\/wp\/v2\/product\/238495","targetHints":{"allow":["GET"]}}],"collection":[{"href":"https:\/\/evolve-fitness.eu\/ru\/wp-json\/wp\/v2\/product"}],"about":[{"href":"https:\/\/evolve-fitness.eu\/ru\/wp-json\/wp\/v2\/types\/product"}],"wp:attachment":[{"href":"https:\/\/evolve-fitness.eu\/ru\/wp-json\/wp\/v2\/media?parent=238495"}],"wp:term":[{"taxonomy":"product_brand","embeddable":true,"href":"https:\/\/evolve-fitness.eu\/ru\/wp-json\/wp\/v2\/product_brand?post=238495"},{"taxonomy":"product_cat","embeddable":true,"href":"https:\/\/evolve-fitness.eu\/ru\/wp-json\/wp\/v2\/product_cat?post=238495"},{"taxonomy":"product_tag","embeddable":true,"href":"https:\/\/evolve-fitness.eu\/ru\/wp-json\/wp\/v2\/product_tag?post=238495"}],"curies":[{"name":"wp","href":"https:\/\/api.w.org\/{rel}","templated":true}]}}