{"id":238510,"date":"2023-11-14T06:45:22","date_gmt":"2023-11-14T04:45:22","guid":{"rendered":"https:\/\/evolve-fitness.eu\/product\/%d0%b3%d0%b8%d1%80%d0%b8-%d1%80%d0%b5%d0%b7%d0%b8%d0%bd%d0%be%d0%b2%d1%8b%d0%b5-evolve-4-14-%d0%ba%d0%b3-2\/"},"modified":"2026-04-23T09:54:14","modified_gmt":"2026-04-23T06:54:14","slug":"%d0%b3%d0%b8%d1%80%d0%b8-%d1%80%d0%b5%d0%b7%d0%b8%d0%bd%d0%be%d0%b2%d1%8b%d0%b5-evolve-4-14-%d0%ba%d0%b3-2","status":"publish","type":"product","link":"https:\/\/evolve-fitness.eu\/ru\/product\/%d0%b3%d0%b8%d1%80%d0%b8-%d1%80%d0%b5%d0%b7%d0%b8%d0%bd%d0%be%d0%b2%d1%8b%d0%b5-evolve-4-14-%d0%ba%d0%b3-2\/","title":{"rendered":"\u0413\u0438\u0440\u0438 \u0440\u0435\u0437\u0438\u043d\u043e\u0432\u044b\u0435 Evolve 4-14 \u043a\u0433"},"content":{"rendered":"\n<section class=\"wp-block-group alignfull has-lightgray-background-color has-background is-layout-constrained wp-block-group-is-layout-constrained\">\n<div class=\"wp-block-columns alignwide is-layout-flex wp-container-core-columns-is-layout-2edb0647 wp-block-columns-is-layout-flex\" style=\"margin-top:0;margin-bottom:0\">\n<div class=\"wp-block-column is-layout-flow wp-block-column-is-layout-flow\" style=\"flex-basis:33.33%\"><\/div>\n\n\n\n<div class=\"wp-block-column is-layout-flow wp-block-column-is-layout-flow\" style=\"flex-basis:66.66%\"><\/div>\n<\/div>\n<\/section>\n\n<section class=\"wp-block-group alignfull black-content has-white-color has-darkgray-background-color has-text-color has-background is-layout-constrained wp-block-group-is-layout-constrained\" style=\"padding-top:var(--wp--preset--spacing--section-bottom);padding-bottom:var(--wp--preset--spacing--section-bottom)\">\n<div class=\"wp-block-columns alignwide mobile-reverse is-layout-flex wp-container-core-columns-is-layout-ca64bf2d wp-block-columns-is-layout-flex\" style=\"margin-bottom:var(--wp--preset--spacing--side-padding)\">\n<div class=\"wp-block-column is-vertically-aligned-center is-layout-flow wp-block-column-is-layout-flow\">\n<h3 class=\"wp-block-heading\" style=\"margin-bottom:var(--wp--preset--spacing--h-3-bottom)\"><strong>\u0418\u0441\u043a\u043b\u044e\u0447\u0438\u0442\u0435\u043b\u044c\u043d\u0430\u044f \u0434\u043e\u043b\u0433\u043e\u0432\u0435\u0447\u043d\u043e\u0441\u0442\u044c<\/strong><\/h3>\n\n\n\n<p><strong><em><strong><em><strong><em>Longevitate \u0219i rezisten\u021b\u0103<\/em><\/strong><\/em><\/strong><\/em><\/strong><\/p>\n\n\n\n<p>Fiecare kettlebell Evolve \u00ee\u0219i \u00eencepe via\u021ba ca un aliaj metalic robust turnat, promi\u021b\u00e2nd longevitate \u0219i rezisten\u021b\u0103 la uzur\u0103. \u041f\u0440\u0438\u0433\u043e\u0442\u043e\u0432\u043b\u0435\u043d\u043d\u044b\u0435 \u0441 \u043e\u0441\u043e\u0431\u043e\u0439 \u0442\u0449\u0430\u0442\u0435\u043b\u044c\u043d\u043e\u0441\u0442\u044c\u044e, \u0433\u0438\u0440\u0438 \u0432\u043e\u0441\u0441\u0442\u0430\u043d\u0430\u0432\u043b\u0438\u0432\u0430\u044e\u0442 \u043a\u043e\u0440\u043e\u0437\u0438\u044e \u0438 \u0434\u0435\u0444\u043e\u0440\u043c\u0430\u0446\u0438\u044e, \u0430\u0441\u0438\u0433\u0443\u0440\u0430\u043d\u0434\u0443-\u0441\u0435 \u043a\u044d \u043e\u0219i p\u0103streaz\u0103 starea impecabil\u0103 antrenament dup\u0103 antrenament. \u041e\u0431\u043e\u0440\u043e\u0442\u044b \u0441 \u0432\u044b\u0441\u043e\u043a\u043e\u0439 \u0442\u043e\u0447\u043d\u043e\u0441\u0442\u044c\u044e \u0433\u0430\u0440\u0430\u043d\u0442\u0438\u0440\u0443\u044e\u0442 \u0441\u043e\u0437\u0434\u0430\u043d\u0438\u0435 \u043f\u0440\u0435\u0432\u043e\u0441\u0445\u043e\u0434\u043d\u043e\u0439 \u044d\u043a\u0432\u0438\u043b\u0438\u0431\u0440\u044b \u0438 \u0442\u043e\u0447\u043d\u044b\u0445 \u0440\u0430\u0437\u043c\u0435\u0440\u043e\u0432, \u0447\u0442\u043e \u043f\u043e\u0437\u0432\u043e\u043b\u044f\u0435\u0442 \u0438\u0441\u043f\u043e\u043b\u044c\u0437\u043e\u0432\u0430\u0442\u044c \u0435\u0435 \u0432 \u043f\u0440\u043e\u0444\u0435\u0441\u0441\u0438\u043e\u043d\u0430\u043b\u044c\u043d\u044b\u0445 \u0441\u043f\u043e\u0440\u0442\u0438\u0432\u043d\u044b\u0445 \u0441\u0435\u043a\u0446\u0438\u044f\u0445, \u0432\u043e\u0435\u043d\u043d\u044b\u0445 \u0431\u0430\u0437\u0430\u0445, \u0433\u043e\u0441\u0442\u0438\u043d\u0438\u0446\u0430\u0445, \u0446\u0435\u043d\u0442\u0440\u0430\u0445 \u0440\u0435\u0430\u0431\u0438\u043b\u0438\u0442\u0430\u0446\u0438\u0438 \u0438 \u0444\u0438\u0442\u043d\u0435\u0441\u0430 \u0432 \u0434\u043e\u043c\u0430\u0448\u043d\u0438\u0445 \u0443\u0441\u043b\u043e\u0432\u0438\u044f\u0445.  <\/p>\n<\/div>\n\n\n\n<div class=\"wp-block-column is-vertically-aligned-center is-layout-flow wp-block-column-is-layout-flow\">\n<figure class=\"wp-block-image alignright size-full is-resized is-style-rounded\"><img loading=\"lazy\" decoding=\"async\" width=\"680\" height=\"600\" src=\"https:\/\/evolve-fitness.eu\/wp-content\/uploads\/2023\/11\/Evolve-Rubber-Kettlebells.png\" alt=\"\" class=\"wp-image-5697\" style=\"object-fit:cover;width:680px;height:600px\" srcset=\"https:\/\/evolve-fitness.eu\/wp-content\/uploads\/2023\/11\/Evolve-Rubber-Kettlebells.png 680w, https:\/\/evolve-fitness.eu\/wp-content\/uploads\/2023\/11\/Evolve-Rubber-Kettlebells-300x265.png 300w, https:\/\/evolve-fitness.eu\/wp-content\/uploads\/2023\/11\/Evolve-Rubber-Kettlebells-170x150.png 170w, https:\/\/evolve-fitness.eu\/wp-content\/uploads\/2023\/11\/Evolve-Rubber-Kettlebells-600x529.png 600w, https:\/\/evolve-fitness.eu\/wp-content\/uploads\/2023\/11\/Evolve-Rubber-Kettlebells-150x132.png 150w\" sizes=\"auto, (max-width: 680px) 100vw, 680px\" \/><\/figure>\n<\/div>\n<\/div>\n\n\n\n<div class=\"wp-block-columns alignwide is-layout-flex wp-container-core-columns-is-layout-c45ee707 wp-block-columns-is-layout-flex\" style=\"margin-bottom:var(--wp--preset--spacing--side-padding);padding-top:var(--wp--preset--spacing--side-padding)\">\n<div class=\"wp-block-column is-vertically-aligned-center is-layout-flow wp-block-column-is-layout-flow\">\n<figure class=\"wp-block-image size-full is-resized is-style-rounded\"><img loading=\"lazy\" decoding=\"async\" width=\"1920\" height=\"1280\" src=\"https:\/\/evolve-fitness.eu\/wp-content\/uploads\/2023\/11\/EV-KB-RB-Evolve-Rubber-Kettlebells-4-14-kg-5.jpg\" alt=\"\" class=\"wp-image-150739\" style=\"object-fit:cover;width:680px;height:600px\" srcset=\"https:\/\/evolve-fitness.eu\/wp-content\/uploads\/2023\/11\/EV-KB-RB-Evolve-Rubber-Kettlebells-4-14-kg-5.jpg 1920w, https:\/\/evolve-fitness.eu\/wp-content\/uploads\/2023\/11\/EV-KB-RB-Evolve-Rubber-Kettlebells-4-14-kg-5-300x200.jpg 300w, https:\/\/evolve-fitness.eu\/wp-content\/uploads\/2023\/11\/EV-KB-RB-Evolve-Rubber-Kettlebells-4-14-kg-5-225x150.jpg 225w, https:\/\/evolve-fitness.eu\/wp-content\/uploads\/2023\/11\/EV-KB-RB-Evolve-Rubber-Kettlebells-4-14-kg-5-600x400.jpg 600w, https:\/\/evolve-fitness.eu\/wp-content\/uploads\/2023\/11\/EV-KB-RB-Evolve-Rubber-Kettlebells-4-14-kg-5-1024x683.jpg 1024w, https:\/\/evolve-fitness.eu\/wp-content\/uploads\/2023\/11\/EV-KB-RB-Evolve-Rubber-Kettlebells-4-14-kg-5-150x100.jpg 150w, https:\/\/evolve-fitness.eu\/wp-content\/uploads\/2023\/11\/EV-KB-RB-Evolve-Rubber-Kettlebells-4-14-kg-5-768x512.jpg 768w, https:\/\/evolve-fitness.eu\/wp-content\/uploads\/2023\/11\/EV-KB-RB-Evolve-Rubber-Kettlebells-4-14-kg-5-1536x1024.jpg 1536w\" sizes=\"auto, (max-width: 1920px) 100vw, 1920px\" \/><\/figure>\n<\/div>\n\n\n\n<div class=\"wp-block-column is-vertically-aligned-center is-layout-flow wp-block-column-is-layout-flow\">\n<h3 class=\"wp-block-heading\" style=\"margin-bottom:var(--wp--preset--spacing--h-3-bottom)\"><strong><strong>Func\u021bionalitate avansat\u0103<\/strong><\/strong><\/h3>\n\n\n\n<p><strong><em><strong><em><strong><em>Durabilitate<\/em><\/strong><\/em><\/strong><\/em><\/strong> <em><strong>\u0219i protec\u021bii<\/strong><\/em><\/p>\n\n\n\n<p>\u0413\u0438\u0440\u0435\u0432\u043e\u0439 \u0442\u0440\u0435\u043d\u0430\u0436\u0435\u0440 Evolve \u044f\u0432\u043b\u044f\u0435\u0442\u0441\u044f \u043e\u0434\u043d\u0438\u043c \u0438\u0437 \u0441\u0430\u043c\u044b\u0445 \u043f\u0440\u043e\u0441\u0442\u044b\u0445 \u044d\u0441\u0442\u0435\u0442\u0438\u0447\u0435\u0441\u043a\u0438\u0445 \u0442\u0440\u0435\u043d\u0430\u0436\u0435\u0440\u043e\u0432. Aceasta spore\u0219te semnificativ durabilitatea acestora, protejeaz\u0103 podeaua \u0219i echipamentul \u00eempotriva deterior\u0103rii \u0219i reduce substan\u021bial zgomotul \u00een timpul antrenamentelor. Suprafa\u021ba texturat\u0103 nu numai c\u0103 este u\u0219or de cur\u0103\u021bat, dar ofer\u0103 \u0219i o aderen\u021b\u0103 sigur\u0103 \u0219i antiderapant\u0103, esen\u021bial\u0103 pentru siguran\u021b\u0103 \u00een timpul sesiunilor intense de antrenament. \u041a\u0440\u043e\u043c\u0435 \u0442\u043e\u0433\u043e, \u0431\u043b\u0430\u0433\u043e\u0434\u0430\u0440\u044f \u0440\u0435\u043b\u044c\u0435\u0444\u043d\u043e\u043c\u0443 \u043c\u0430\u0440\u043a\u0435\u0440\u0443 \u0438 \u043b\u0430\u0437\u0435\u0440\u043d\u043e\u0439 \u0433\u0438\u0440\u0435, \u0432\u044b\u0431\u043e\u0440 \u0433\u0438\u0440\u0435\u0432\u043e\u0433\u043e \u0441\u043d\u0430\u0440\u044f\u0434\u0430 \u0434\u043b\u044f \u0438\u043d\u0442\u0435\u043d\u0441\u0438\u0432\u043d\u044b\u0445 \u0442\u0440\u0435\u043d\u0438\u0440\u043e\u0432\u043e\u043a dvs. este o joac\u0103 de copii.    <\/p>\n<\/div>\n<\/div>\n\n\n\n<div class=\"wp-block-columns alignwide are-vertically-aligned-center mobile-reverse is-layout-flex wp-container-core-columns-is-layout-e8158c2f wp-block-columns-is-layout-flex\" style=\"padding-top:var(--wp--preset--spacing--side-padding)\">\n<div class=\"wp-block-column is-vertically-aligned-center is-layout-flow wp-block-column-is-layout-flow\">\n<h3 class=\"wp-block-heading\" style=\"margin-bottom:var(--wp--preset--spacing--h-3-bottom)\"><strong><strong><strong>\u0423\u043d\u0438\u0432\u0435\u0440\u0441\u0430\u043b\u044c\u043d\u044b\u0439 \u0438\u043d\u0441\u0442\u0440\u0443\u043c\u0435\u043d\u0442 \u0434\u043b\u044f \u043f\u043e\u0432\u044b\u0448\u0435\u043d\u0438\u044f \u0443\u0440\u043e\u0432\u043d\u044f \u0444\u0438\u0437\u0438\u0447\u0435\u0441\u043a\u043e\u0439 \u043f\u043e\u0434\u0433\u043e\u0442\u043e\u0432\u043a\u0438<\/strong><\/strong><\/strong><\/h3>\n\n\n\n<p><strong><em><strong><em><strong>Calitate \u0219i valoare<\/strong><\/em><\/strong><\/em><\/strong><\/p>\n\n\n\n<p>\u0415\u0441\u043b\u0438 \u0440\u0435\u0447\u044c \u0438\u0434\u0435\u0442 \u043e\u0431 \u0438\u043d\u0434\u0438\u0432\u0438\u0434\u0443\u0430\u043b\u044c\u043d\u043e\u043c, \u0433\u0440\u0443\u043f\u043f\u043e\u0432\u043e\u043c, \u0444\u0443\u043d\u043a\u0446\u0438\u043e\u043d\u0430\u043b\u044c\u043d\u043e\u043c \u0442\u0440\u0435\u043d\u0438\u043d\u0433\u0435 \u0438\u043b\u0438 CrossFit, \u0433\u0438\u0440\u0435\u0432\u0438\u043a\u0438 Evolve \u044f\u0432\u043b\u044f\u044e\u0442\u0441\u044f \u043e\u0442\u043b\u0438\u0447\u043d\u044b\u043c \u0442\u0440\u0435\u043d\u0430\u0436\u0435\u0440\u043e\u043c. Gama lor divers\u0103, care variaz\u0103 \u00een func\u021bie de dimensiune, diametru \u0219i grosimea m\u00e2nerului, v\u0103 permite s\u0103 alege\u021bi kettlebellul perfect pentru nevoile dumneavoastr\u0103 de antrenament. \u0413\u0438\u0440\u0438 \u0432\u0435\u0441\u043e\u043c \u043e\u0442 4 \u043a\u0433 \u0434\u043e 14 \u043a\u0433, \u0433\u0438\u0440\u0435\u0432\u044b\u0435 \u0441\u043d\u0430\u0440\u044f\u0434\u044b \u0441 \u043f\u043b\u0430\u0441\u0442\u0438\u043d\u043e\u0439 \u0438 \u043b\u0430\u0442\u0430\u043c\u0438 \u043e\u0431\u0435\u0441\u043f\u0435\u0447\u0438\u0432\u0430\u044e\u0442 \u0443\u0441\u0442\u043e\u0439\u0447\u0438\u0432\u043e\u0441\u0442\u044c \u0433\u0438\u0440\u0435\u0432\u043e\u0433\u043e \u0441\u043d\u0430\u0440\u044f\u0434\u0430, \u0438\u0441\u043a\u043b\u044e\u0447\u0430\u044e\u0442 \u043a\u043b\u044d\u0442\u0438\u043d\u0430\u0440\u0435\u044e \u0438 \u043e\u043c\u0431\u0443\u043d\u044d\u0442\u0438\u0446\u0438\u043d\u0434.  <\/p>\n<\/div>\n\n\n\n<div class=\"wp-block-column is-vertically-aligned-center is-layout-flow wp-block-column-is-layout-flow\">\n<figure class=\"wp-block-image alignright size-full is-resized is-style-rounded\"><img loading=\"lazy\" decoding=\"async\" width=\"680\" height=\"600\" src=\"https:\/\/evolve-fitness.eu\/wp-content\/uploads\/2023\/11\/Evolve-Rubber-Kettlebells-3.png\" alt=\"\" class=\"wp-image-5701\" style=\"object-fit:cover;width:680px;height:600px\" srcset=\"https:\/\/evolve-fitness.eu\/wp-content\/uploads\/2023\/11\/Evolve-Rubber-Kettlebells-3.png 680w, https:\/\/evolve-fitness.eu\/wp-content\/uploads\/2023\/11\/Evolve-Rubber-Kettlebells-3-300x265.png 300w, https:\/\/evolve-fitness.eu\/wp-content\/uploads\/2023\/11\/Evolve-Rubber-Kettlebells-3-170x150.png 170w, https:\/\/evolve-fitness.eu\/wp-content\/uploads\/2023\/11\/Evolve-Rubber-Kettlebells-3-600x529.png 600w, https:\/\/evolve-fitness.eu\/wp-content\/uploads\/2023\/11\/Evolve-Rubber-Kettlebells-3-150x132.png 150w\" sizes=\"auto, (max-width: 680px) 100vw, 680px\" \/><\/figure>\n<\/div>\n<\/div>\n\n\n\n<p class=\"has-text-align-center has-medium-font-size\"><strong>Descoperi\u021bi diferen\u021ba Evolve \u0219i transforma\u021bi-v\u0103 c\u0103l\u0103toria de fitness cu gama noastr\u0103 de kettlebells din cauciuc. Proiectate pentru cei care apreciaz\u0103 calitatea \u0219i performan\u021ba, ganterele Evolve sunt partenerul dvs. de \u00eencredere \u00een atingerea obiectivelor dvs. de for\u021b\u0103 \u0219i condi\u021bionare.   <\/strong><\/p>\n<\/section>\n","protected":false},"excerpt":{"rendered":"<p>\u0413\u0438\u0440\u0438 c acoperire de cauciuc Evolve, turnate din aliaj metalic solid. \u0411\u0430\u0437\u0430 \u043f\u043b\u0430\u0442\u0444\u043e\u0440\u043c\u044b \u0433\u0438\u0440\u0438 \u043e\u0431\u0435\u0441\u043f\u0435\u0447\u0438\u0432\u0430\u0435\u0442 \u043c\u0430\u043a\u0441\u0438\u043c\u0430\u043b\u044c\u043d\u0443\u044e \u0443\u0441\u0442\u043e\u0439\u0447\u0438\u0432\u043e\u0441\u0442\u044c, \u0432 \u0442\u043e \u0432\u0440\u0435\u043c\u044f \u043a\u0430\u043a \u0433\u0438\u0440\u0438 \u0441 \u0430\u043d\u0442\u0438\u0434\u0435\u0440\u0430\u043f\u0430\u043d\u0442\u043d\u044b\u043c \u043f\u043e\u043a\u0440\u044b\u0442\u0438\u0435\u043c \u043f\u043e\u0437\u0432\u043e\u043b\u044f\u044e\u0442 \u0433\u0438\u0440\u0435 \u043f\u0440\u043e\u0434\u0435\u0440\u0436\u0430\u0442\u044c\u0441\u044f \u0432 \u0442\u0435\u0447\u0435\u043d\u0438\u0435 \u0432\u0441\u0435\u0433\u043e \u0432\u0440\u0435\u043c\u0435\u043d\u0438 \u0432\u044b\u043f\u043e\u043b\u043d\u0435\u043d\u0438\u044f \u0443\u043f\u0440\u0430\u0436\u043d\u0435\u043d\u0438\u0439. \u0412 \u0441\u0432\u044f\u0437\u0438 \u0441 \u0442\u0435\u043c, \u0447\u0442\u043e \u0447\u0430\u0439\u043d\u0438\u043a \u043d\u0435 \u0438\u043c\u0435\u0435\u0442 \u0431\u043e\u043b\u044c\u0448\u043e\u0433\u043e \u0440\u0430\u0437\u043c\u0435\u0440\u0430, \u0434\u0438\u0430\u043c\u0435\u0442\u0440 \u043c\u0430\u043d\u0435\u0442\u043a\u0438 \u043c\u043e\u0436\u0435\u0442 \u043c\u0435\u043d\u044f\u0442\u044c\u0441\u044f. \u00cenveli\u0219ul de cauciuc nu numai c\u0103 asigur\u0103 o func\u021bionare silen\u021bioas\u0103, dar protejeaz\u0103 \u0219i metalul de deterior\u0103ri, zg\u00e2rieturi \u0219i rugin\u0103.   <\/p>\n","protected":false},"featured_media":0,"template":"","meta":{"_acf_changed":false,"inline_featured_image":false},"product_brand":[],"product_cat":[13030],"product_tag":[],"class_list":{"0":"post-238510","1":"product","2":"type-product","3":"status-publish","5":"product_cat-hyrox-gear","7":"first","8":"instock","9":"shipping-taxable","10":"purchasable","11":"product-type-simple"},"acf":{"long_title":"","subtitle":"","specifications":null},"yoast_head":"<!-- This site is optimized with the Yoast SEO plugin v27.4 - https:\/\/yoast.com\/product\/yoast-seo-wordpress\/ -->\n<title>\u0413\u0438\u0440\u0438 \u0440\u0435\u0437\u0438\u043d\u043e\u0432\u044b\u0435 Evolve 4-14 \u043a\u0433 - Evolve<\/title>\n<meta name=\"robots\" content=\"index, follow, max-snippet:-1, max-image-preview:large, max-video-preview:-1\" \/>\n<link rel=\"canonical\" href=\"https:\/\/evolve-fitness.eu\/ru\/product\/%d0%b3%d0%b8%d1%80%d0%b8-%d1%80%d0%b5%d0%b7%d0%b8%d0%bd%d0%be%d0%b2%d1%8b%d0%b5-evolve-4-14-%d0%ba%d0%b3-2\/\" \/>\n<meta property=\"og:locale\" content=\"ru_RU\" \/>\n<meta property=\"og:type\" content=\"article\" \/>\n<meta property=\"og:title\" content=\"\u0413\u0438\u0440\u0438 \u0440\u0435\u0437\u0438\u043d\u043e\u0432\u044b\u0435 Evolve 4-14 \u043a\u0433 - Evolve\" \/>\n<meta property=\"og:url\" content=\"https:\/\/evolve-fitness.eu\/ru\/product\/%d0%b3%d0%b8%d1%80%d0%b8-%d1%80%d0%b5%d0%b7%d0%b8%d0%bd%d0%be%d0%b2%d1%8b%d0%b5-evolve-4-14-%d0%ba%d0%b3-2\/\" \/>\n<meta property=\"og:site_name\" content=\"Evolve\" \/>\n<meta property=\"article:publisher\" content=\"https:\/\/www.facebook.com\/EvolveFitnessEurope\" \/>\n<meta property=\"article:modified_time\" content=\"2026-04-23T06:54:14+00:00\" \/>\n<meta property=\"og:image\" content=\"https:\/\/evolve-fitness.eu\/wp-content\/uploads\/2023\/11\/Evolve-Rubber-Kettlebells.png\" \/>\n\t<meta property=\"og:image:width\" content=\"680\" \/>\n\t<meta property=\"og:image:height\" content=\"600\" \/>\n\t<meta property=\"og:image:type\" content=\"image\/png\" \/>\n<meta name=\"twitter:card\" content=\"summary_large_image\" \/>\n<script type=\"application\/ld+json\" class=\"yoast-schema-graph\">{\"@context\":\"https:\\\/\\\/schema.org\",\"@graph\":[{\"@type\":\"WebPage\",\"@id\":\"https:\\\/\\\/evolve-fitness.eu\\\/ru\\\/product\\\/%d0%b3%d0%b8%d1%80%d0%b8-%d1%80%d0%b5%d0%b7%d0%b8%d0%bd%d0%be%d0%b2%d1%8b%d0%b5-evolve-4-14-%d0%ba%d0%b3-2\\\/\",\"url\":\"https:\\\/\\\/evolve-fitness.eu\\\/ru\\\/product\\\/%d0%b3%d0%b8%d1%80%d0%b8-%d1%80%d0%b5%d0%b7%d0%b8%d0%bd%d0%be%d0%b2%d1%8b%d0%b5-evolve-4-14-%d0%ba%d0%b3-2\\\/\",\"name\":\"\u0413\u0438\u0440\u0438 \u0440\u0435\u0437\u0438\u043d\u043e\u0432\u044b\u0435 Evolve 4-14 \u043a\u0433 - Evolve\",\"isPartOf\":{\"@id\":\"https:\\\/\\\/evolve-fitness.eu\\\/ru\\\/#website\"},\"primaryImageOfPage\":{\"@id\":\"https:\\\/\\\/evolve-fitness.eu\\\/ru\\\/product\\\/%d0%b3%d0%b8%d1%80%d0%b8-%d1%80%d0%b5%d0%b7%d0%b8%d0%bd%d0%be%d0%b2%d1%8b%d0%b5-evolve-4-14-%d0%ba%d0%b3-2\\\/#primaryimage\"},\"image\":{\"@id\":\"https:\\\/\\\/evolve-fitness.eu\\\/ru\\\/product\\\/%d0%b3%d0%b8%d1%80%d0%b8-%d1%80%d0%b5%d0%b7%d0%b8%d0%bd%d0%be%d0%b2%d1%8b%d0%b5-evolve-4-14-%d0%ba%d0%b3-2\\\/#primaryimage\"},\"thumbnailUrl\":\"https:\\\/\\\/evolve-fitness.eu\\\/wp-content\\\/uploads\\\/2023\\\/11\\\/Evolve-Rubber-Kettlebells.png\",\"datePublished\":\"2023-11-14T04:45:22+00:00\",\"dateModified\":\"2026-04-23T06:54:14+00:00\",\"breadcrumb\":{\"@id\":\"https:\\\/\\\/evolve-fitness.eu\\\/ru\\\/product\\\/%d0%b3%d0%b8%d1%80%d0%b8-%d1%80%d0%b5%d0%b7%d0%b8%d0%bd%d0%be%d0%b2%d1%8b%d0%b5-evolve-4-14-%d0%ba%d0%b3-2\\\/#breadcrumb\"},\"inLanguage\":\"ru-RU\",\"potentialAction\":[{\"@type\":\"ReadAction\",\"target\":[\"https:\\\/\\\/evolve-fitness.eu\\\/ru\\\/product\\\/%d0%b3%d0%b8%d1%80%d0%b8-%d1%80%d0%b5%d0%b7%d0%b8%d0%bd%d0%be%d0%b2%d1%8b%d0%b5-evolve-4-14-%d0%ba%d0%b3-2\\\/\"]}]},{\"@type\":\"ImageObject\",\"inLanguage\":\"ru-RU\",\"@id\":\"https:\\\/\\\/evolve-fitness.eu\\\/ru\\\/product\\\/%d0%b3%d0%b8%d1%80%d0%b8-%d1%80%d0%b5%d0%b7%d0%b8%d0%bd%d0%be%d0%b2%d1%8b%d0%b5-evolve-4-14-%d0%ba%d0%b3-2\\\/#primaryimage\",\"url\":\"https:\\\/\\\/evolve-fitness.eu\\\/wp-content\\\/uploads\\\/2023\\\/11\\\/Evolve-Rubber-Kettlebells.png\",\"contentUrl\":\"https:\\\/\\\/evolve-fitness.eu\\\/wp-content\\\/uploads\\\/2023\\\/11\\\/Evolve-Rubber-Kettlebells.png\"},{\"@type\":\"BreadcrumbList\",\"@id\":\"https:\\\/\\\/evolve-fitness.eu\\\/ru\\\/product\\\/%d0%b3%d0%b8%d1%80%d0%b8-%d1%80%d0%b5%d0%b7%d0%b8%d0%bd%d0%be%d0%b2%d1%8b%d0%b5-evolve-4-14-%d0%ba%d0%b3-2\\\/#breadcrumb\",\"itemListElement\":[{\"@type\":\"ListItem\",\"position\":1,\"name\":\"Home\",\"item\":\"https:\\\/\\\/evolve-fitness.eu\\\/ru\\\/\"},{\"@type\":\"ListItem\",\"position\":2,\"name\":\"\u041f\u0440\u043e\u0434\u0443\u043a\u0446\u0438\u044f\",\"item\":\"https:\\\/\\\/evolve-fitness.eu\\\/ru\\\/shop\\\/\"},{\"@type\":\"ListItem\",\"position\":3,\"name\":\"\u0413\u0438\u0440\u0438 \u0440\u0435\u0437\u0438\u043d\u043e\u0432\u044b\u0435 Evolve 4-14 \u043a\u0433\"}]},{\"@type\":\"WebSite\",\"@id\":\"https:\\\/\\\/evolve-fitness.eu\\\/ru\\\/#website\",\"url\":\"https:\\\/\\\/evolve-fitness.eu\\\/ru\\\/\",\"name\":\"Evolve\",\"description\":\"Your Evolved Gear Arrived\",\"publisher\":{\"@id\":\"https:\\\/\\\/evolve-fitness.eu\\\/ru\\\/#organization\"},\"potentialAction\":[{\"@type\":\"SearchAction\",\"target\":{\"@type\":\"EntryPoint\",\"urlTemplate\":\"https:\\\/\\\/evolve-fitness.eu\\\/ru\\\/?s={search_term_string}\"},\"query-input\":{\"@type\":\"PropertyValueSpecification\",\"valueRequired\":true,\"valueName\":\"search_term_string\"}}],\"inLanguage\":\"ru-RU\"},{\"@type\":\"Organization\",\"@id\":\"https:\\\/\\\/evolve-fitness.eu\\\/ru\\\/#organization\",\"name\":\"Evolve\",\"url\":\"https:\\\/\\\/evolve-fitness.eu\\\/ru\\\/\",\"logo\":{\"@type\":\"ImageObject\",\"inLanguage\":\"ru-RU\",\"@id\":\"https:\\\/\\\/evolve-fitness.eu\\\/ru\\\/#\\\/schema\\\/logo\\\/image\\\/\",\"url\":\"https:\\\/\\\/evolve-fitness.eu\\\/wp-content\\\/uploads\\\/2023\\\/05\\\/Evolve-logo.svg\",\"contentUrl\":\"https:\\\/\\\/evolve-fitness.eu\\\/wp-content\\\/uploads\\\/2023\\\/05\\\/Evolve-logo.svg\",\"width\":176,\"height\":20,\"caption\":\"Evolve\"},\"image\":{\"@id\":\"https:\\\/\\\/evolve-fitness.eu\\\/ru\\\/#\\\/schema\\\/logo\\\/image\\\/\"},\"sameAs\":[\"https:\\\/\\\/www.facebook.com\\\/EvolveFitnessEurope\"]}]}<\/script>\n<!-- \/ Yoast SEO plugin. -->","yoast_head_json":{"title":"\u0413\u0438\u0440\u0438 \u0440\u0435\u0437\u0438\u043d\u043e\u0432\u044b\u0435 Evolve 4-14 \u043a\u0433 - Evolve","robots":{"index":"index","follow":"follow","max-snippet":"max-snippet:-1","max-image-preview":"max-image-preview:large","max-video-preview":"max-video-preview:-1"},"canonical":"https:\/\/evolve-fitness.eu\/ru\/product\/%d0%b3%d0%b8%d1%80%d0%b8-%d1%80%d0%b5%d0%b7%d0%b8%d0%bd%d0%be%d0%b2%d1%8b%d0%b5-evolve-4-14-%d0%ba%d0%b3-2\/","og_locale":"ru_RU","og_type":"article","og_title":"\u0413\u0438\u0440\u0438 \u0440\u0435\u0437\u0438\u043d\u043e\u0432\u044b\u0435 Evolve 4-14 \u043a\u0433 - Evolve","og_url":"https:\/\/evolve-fitness.eu\/ru\/product\/%d0%b3%d0%b8%d1%80%d0%b8-%d1%80%d0%b5%d0%b7%d0%b8%d0%bd%d0%be%d0%b2%d1%8b%d0%b5-evolve-4-14-%d0%ba%d0%b3-2\/","og_site_name":"Evolve","article_publisher":"https:\/\/www.facebook.com\/EvolveFitnessEurope","article_modified_time":"2026-04-23T06:54:14+00:00","og_image":[{"width":680,"height":600,"url":"https:\/\/evolve-fitness.eu\/wp-content\/uploads\/2023\/11\/Evolve-Rubber-Kettlebells.png","type":"image\/png"}],"twitter_card":"summary_large_image","schema":{"@context":"https:\/\/schema.org","@graph":[{"@type":"WebPage","@id":"https:\/\/evolve-fitness.eu\/ru\/product\/%d0%b3%d0%b8%d1%80%d0%b8-%d1%80%d0%b5%d0%b7%d0%b8%d0%bd%d0%be%d0%b2%d1%8b%d0%b5-evolve-4-14-%d0%ba%d0%b3-2\/","url":"https:\/\/evolve-fitness.eu\/ru\/product\/%d0%b3%d0%b8%d1%80%d0%b8-%d1%80%d0%b5%d0%b7%d0%b8%d0%bd%d0%be%d0%b2%d1%8b%d0%b5-evolve-4-14-%d0%ba%d0%b3-2\/","name":"\u0413\u0438\u0440\u0438 \u0440\u0435\u0437\u0438\u043d\u043e\u0432\u044b\u0435 Evolve 4-14 \u043a\u0433 - Evolve","isPartOf":{"@id":"https:\/\/evolve-fitness.eu\/ru\/#website"},"primaryImageOfPage":{"@id":"https:\/\/evolve-fitness.eu\/ru\/product\/%d0%b3%d0%b8%d1%80%d0%b8-%d1%80%d0%b5%d0%b7%d0%b8%d0%bd%d0%be%d0%b2%d1%8b%d0%b5-evolve-4-14-%d0%ba%d0%b3-2\/#primaryimage"},"image":{"@id":"https:\/\/evolve-fitness.eu\/ru\/product\/%d0%b3%d0%b8%d1%80%d0%b8-%d1%80%d0%b5%d0%b7%d0%b8%d0%bd%d0%be%d0%b2%d1%8b%d0%b5-evolve-4-14-%d0%ba%d0%b3-2\/#primaryimage"},"thumbnailUrl":"https:\/\/evolve-fitness.eu\/wp-content\/uploads\/2023\/11\/Evolve-Rubber-Kettlebells.png","datePublished":"2023-11-14T04:45:22+00:00","dateModified":"2026-04-23T06:54:14+00:00","breadcrumb":{"@id":"https:\/\/evolve-fitness.eu\/ru\/product\/%d0%b3%d0%b8%d1%80%d0%b8-%d1%80%d0%b5%d0%b7%d0%b8%d0%bd%d0%be%d0%b2%d1%8b%d0%b5-evolve-4-14-%d0%ba%d0%b3-2\/#breadcrumb"},"inLanguage":"ru-RU","potentialAction":[{"@type":"ReadAction","target":["https:\/\/evolve-fitness.eu\/ru\/product\/%d0%b3%d0%b8%d1%80%d0%b8-%d1%80%d0%b5%d0%b7%d0%b8%d0%bd%d0%be%d0%b2%d1%8b%d0%b5-evolve-4-14-%d0%ba%d0%b3-2\/"]}]},{"@type":"ImageObject","inLanguage":"ru-RU","@id":"https:\/\/evolve-fitness.eu\/ru\/product\/%d0%b3%d0%b8%d1%80%d0%b8-%d1%80%d0%b5%d0%b7%d0%b8%d0%bd%d0%be%d0%b2%d1%8b%d0%b5-evolve-4-14-%d0%ba%d0%b3-2\/#primaryimage","url":"https:\/\/evolve-fitness.eu\/wp-content\/uploads\/2023\/11\/Evolve-Rubber-Kettlebells.png","contentUrl":"https:\/\/evolve-fitness.eu\/wp-content\/uploads\/2023\/11\/Evolve-Rubber-Kettlebells.png"},{"@type":"BreadcrumbList","@id":"https:\/\/evolve-fitness.eu\/ru\/product\/%d0%b3%d0%b8%d1%80%d0%b8-%d1%80%d0%b5%d0%b7%d0%b8%d0%bd%d0%be%d0%b2%d1%8b%d0%b5-evolve-4-14-%d0%ba%d0%b3-2\/#breadcrumb","itemListElement":[{"@type":"ListItem","position":1,"name":"Home","item":"https:\/\/evolve-fitness.eu\/ru\/"},{"@type":"ListItem","position":2,"name":"\u041f\u0440\u043e\u0434\u0443\u043a\u0446\u0438\u044f","item":"https:\/\/evolve-fitness.eu\/ru\/shop\/"},{"@type":"ListItem","position":3,"name":"\u0413\u0438\u0440\u0438 \u0440\u0435\u0437\u0438\u043d\u043e\u0432\u044b\u0435 Evolve 4-14 \u043a\u0433"}]},{"@type":"WebSite","@id":"https:\/\/evolve-fitness.eu\/ru\/#website","url":"https:\/\/evolve-fitness.eu\/ru\/","name":"Evolve","description":"Your Evolved Gear Arrived","publisher":{"@id":"https:\/\/evolve-fitness.eu\/ru\/#organization"},"potentialAction":[{"@type":"SearchAction","target":{"@type":"EntryPoint","urlTemplate":"https:\/\/evolve-fitness.eu\/ru\/?s={search_term_string}"},"query-input":{"@type":"PropertyValueSpecification","valueRequired":true,"valueName":"search_term_string"}}],"inLanguage":"ru-RU"},{"@type":"Organization","@id":"https:\/\/evolve-fitness.eu\/ru\/#organization","name":"Evolve","url":"https:\/\/evolve-fitness.eu\/ru\/","logo":{"@type":"ImageObject","inLanguage":"ru-RU","@id":"https:\/\/evolve-fitness.eu\/ru\/#\/schema\/logo\/image\/","url":"https:\/\/evolve-fitness.eu\/wp-content\/uploads\/2023\/05\/Evolve-logo.svg","contentUrl":"https:\/\/evolve-fitness.eu\/wp-content\/uploads\/2023\/05\/Evolve-logo.svg","width":176,"height":20,"caption":"Evolve"},"image":{"@id":"https:\/\/evolve-fitness.eu\/ru\/#\/schema\/logo\/image\/"},"sameAs":["https:\/\/www.facebook.com\/EvolveFitnessEurope"]}]}},"_links":{"self":[{"href":"https:\/\/evolve-fitness.eu\/ru\/wp-json\/wp\/v2\/product\/238510","targetHints":{"allow":["GET"]}}],"collection":[{"href":"https:\/\/evolve-fitness.eu\/ru\/wp-json\/wp\/v2\/product"}],"about":[{"href":"https:\/\/evolve-fitness.eu\/ru\/wp-json\/wp\/v2\/types\/product"}],"wp:attachment":[{"href":"https:\/\/evolve-fitness.eu\/ru\/wp-json\/wp\/v2\/media?parent=238510"}],"wp:term":[{"taxonomy":"product_brand","embeddable":true,"href":"https:\/\/evolve-fitness.eu\/ru\/wp-json\/wp\/v2\/product_brand?post=238510"},{"taxonomy":"product_cat","embeddable":true,"href":"https:\/\/evolve-fitness.eu\/ru\/wp-json\/wp\/v2\/product_cat?post=238510"},{"taxonomy":"product_tag","embeddable":true,"href":"https:\/\/evolve-fitness.eu\/ru\/wp-json\/wp\/v2\/product_tag?post=238510"}],"curies":[{"name":"wp","href":"https:\/\/api.w.org\/{rel}","templated":true}]}}