{"id":238520,"date":"2023-11-15T11:38:39","date_gmt":"2023-11-15T09:38:39","guid":{"rendered":"https:\/\/evolve-fitness.eu\/product\/%d1%81%d1%82%d0%be%d0%b9%d0%ba%d0%b0-%d0%b4%d0%bb%d1%8f-%d0%b3%d0%b0%d0%bd%d1%82%d0%b5%d0%bb%d0%b5%d0%b9-evolve-studio-2\/"},"modified":"2026-04-23T09:54:33","modified_gmt":"2026-04-23T06:54:33","slug":"%d1%81%d1%82%d0%be%d0%b9%d0%ba%d0%b0-%d0%b4%d0%bb%d1%8f-%d0%b3%d0%b0%d0%bd%d1%82%d0%b5%d0%bb%d0%b5%d0%b9-evolve-studio-2","status":"publish","type":"product","link":"https:\/\/evolve-fitness.eu\/ru\/product\/%d1%81%d1%82%d0%be%d0%b9%d0%ba%d0%b0-%d0%b4%d0%bb%d1%8f-%d0%b3%d0%b0%d0%bd%d1%82%d0%b5%d0%bb%d0%b5%d0%b9-evolve-studio-2\/","title":{"rendered":"\u0421\u0442\u043e\u0439\u043a\u0430 \u0434\u043b\u044f \u0433\u0430\u043d\u0442\u0435\u043b\u0435\u0439 Evolve Studio"},"content":{"rendered":"\n<section class=\"wp-block-group alignfull black-content has-white-color has-darkgray-background-color has-text-color has-background is-layout-constrained wp-block-group-is-layout-constrained\" style=\"padding-top:var(--wp--preset--spacing--section-bottom);padding-bottom:var(--wp--preset--spacing--section-bottom)\">\n<p class=\"has-text-align-center has-medium-2-font-size\" style=\"padding-top:var(--wp--preset--spacing--tb-padding);padding-bottom:var(--wp--preset--spacing--tb-padding)\"><strong>\u041c\u0430\u043a\u0441\u0438\u043c\u0438\u0437\u0438\u0440\u0443\u0439\u0442\u0435 \u0441\u043f\u0430\u0446\u0438\u0443\u043b \u0434\u0432\u0441. \u0434\u0435 \u0444\u0438\u0442\u043d\u0435\u0441 cu raftul de haltere Aerobic de la Evolve Studio <\/strong><\/p>\n\n\n\n<p>\u041f\u0440\u0435\u043e\u0431\u0440\u0430\u0437\u0443\u0439\u0442\u0435 \u0441\u0442\u0443\u0434\u0438\u044e \u0444\u0438\u0442\u043d\u0435\u0441\u0430, \u0430 \u0442\u0430\u043a\u0436\u0435 \u0437\u0430\u043b \u0434\u043b\u044f \u0437\u0430\u043d\u044f\u0442\u0438\u0439 \u0441\u043f\u043e\u0440\u0442\u043e\u043c <strong>\u0432 \u0446\u0435\u043d\u0442\u0440 \u0430\u044d\u0440\u043e\u0431\u0438\u043a\u0438 Evolve<\/strong>, \u0440\u0430\u0437\u0440\u0430\u0431\u043e\u0442\u0430\u043d\u043d\u044b\u0439 \u044d\u043a\u0441\u043f\u0435\u0440\u0442\u043e\u043c \u043f\u043e \u043c\u043e\u0434\u0435\u043b\u044f\u043c \u0434\u043b\u044f \u043e\u0440\u0433\u0430\u043d\u0438\u0437\u0430\u0446\u0438\u0438 \u0438 \u043e\u0431\u0435\u0441\u043f\u0435\u0447\u0435\u043d\u0438\u044f \u0434\u043e\u0441\u0442\u0443\u043f\u043d\u043e\u0441\u0442\u0438. \u0412\u0435\u0440\u0442\u0438\u043a\u0430\u043b\u044c\u043d\u044b\u0439 \u0434\u0438\u0437\u0430\u0439\u043d, \u044d\u0444\u0444\u0435\u043a\u0442\u0438\u0432\u043d\u043e \u0438\u0441\u043f\u043e\u043b\u044c\u0437\u0443\u0435\u043c\u044b\u0439 \u0434\u043b\u044f \u043f\u0440\u043e\u0441\u043c\u043e\u0442\u0440\u0430 \u0441\u043f\u0430-\u0441\u0430\u043b\u043e\u043d\u043e\u0432 \u0438 \u0438\u0445 \u043e\u0431\u0441\u043b\u0443\u0436\u0438\u0432\u0430\u043d\u0438\u044f, \u044f\u0432\u043b\u044f\u0435\u0442\u0441\u044f \u0438\u0434\u0435\u0430\u043b\u044c\u043d\u044b\u043c \u0432\u0430\u0440\u0438\u0430\u043d\u0442\u043e\u043c \u0434\u043b\u044f \u0441\u0442\u0443\u0434\u0438\u0439 \u0444\u0438\u0442\u043d\u0435\u0441\u0430, \u043e\u0437\u0434\u043e\u0440\u043e\u0432\u0438\u0442\u0435\u043b\u044c\u043d\u044b\u0445 \u0446\u0435\u043d\u0442\u0440\u043e\u0432 \u0438 \u0441\u043f\u0430-\u0441\u0430\u043b\u043e\u043d\u043e\u0432 \u0434\u043b\u044f \u0434\u043e\u043c\u0430\u0448\u043d\u0435\u0433\u043e \u0438\u0441\u043f\u043e\u043b\u044c\u0437\u043e\u0432\u0430\u043d\u0438\u044f, \u0430 \u0442\u0430\u043a\u0436\u0435 \u0434\u043b\u044f \u0440\u0430\u0437\u043d\u043e\u043e\u0431\u0440\u0430\u0437\u043d\u044b\u0445 \u0430\u044d\u0440\u043e\u0431\u0438\u0447\u0435\u0441\u043a\u0438\u0445 \u0438 \u0432\u0438\u043d\u0438\u043b\u043e\u0432\u044b\u0445 \u043f\u043b\u043e\u0449\u0430\u0434\u043e\u043a. <\/p>\n\n\n\n<div class=\"wp-block-columns alignwide mobile-reverse is-layout-flex wp-container-core-columns-is-layout-ca64bf2d wp-block-columns-is-layout-flex\" style=\"margin-bottom:var(--wp--preset--spacing--side-padding)\">\n<div class=\"wp-block-column is-vertically-aligned-center is-layout-flow wp-block-column-is-layout-flow\">\n<h3 class=\"wp-block-heading\" style=\"margin-bottom:var(--wp--preset--spacing--h-3-bottom)\"><strong>\n  <strong>\n    <strong>\n      <strong>\n        <strong>\n          <strong>\n            <strong>\n              <strong>\n                <strong>\n                  <strong>Caracteristici cheie<\/strong>\n                <\/strong>\n              <\/strong>\n            <\/strong>\n          <\/strong>\n        <\/strong>\n      <\/strong>\n    <\/strong>\n  <\/strong>\n<\/strong>:<\/h3>\n\n\n\n<ul class=\"wp-block-list\">\n<li><strong>\u042d\u043a\u043e\u043d\u043e\u043c\u0438\u0447\u043d\u044b\u0439 \u0434\u0438\u0437\u0430\u0439\u043d \u0441\u043f\u0430\u0446\u0438\u0443\u043b\u0435\u0439:<\/strong> \u0412\u0435\u0440\u0442\u0438\u043a\u0430\u043b\u044c\u043d\u0430\u044f \u0441\u0442\u0440\u0443\u043a\u0442\u0443\u0440\u0430 \u0440\u0430\u0444\u0442\u0443\u043b\u0443\u0438 \u043d\u0430 \u043f\u043e\u043b\u043a\u0435 Evolve \u043f\u043e\u0437\u0432\u043e\u043b\u044f\u0435\u0442 \u043c\u0430\u043a\u0441\u0438\u043c\u0430\u043b\u044c\u043d\u043e \u0440\u0430\u0437\u0433\u0440\u0443\u0437\u0438\u0442\u044c \u0441\u043f\u0430\u0446\u0438\u0443\u043b\u0443, \u043d\u0435 \u0436\u0435\u0440\u0442\u0432\u0443\u044f \u0435\u044e, \u0438 \u0438\u0434\u0435\u0430\u043b\u044c\u043d\u043e \u043f\u043e\u0434\u0445\u043e\u0434\u0438\u0442 \u0434\u043b\u044f \u043a\u043e\u043c\u043f\u0430\u043a\u0442\u043d\u044b\u0445 \u0437\u043e\u043d.<\/li>\n\n\n\n<li><strong>Mobilitate u\u0219oar\u0103:<\/strong> \u0412 \u044d\u0442\u043e\u043c \u043e\u0442\u0435\u043b\u0435, \u0433\u0434\u0435 \u0435\u0441\u0442\u044c \u0432\u0441\u0435 \u043d\u0435\u043e\u0431\u0445\u043e\u0434\u0438\u043c\u043e\u0435 \u0434\u043b\u044f \u043a\u043e\u043c\u0444\u043e\u0440\u0442\u043d\u043e\u0433\u043e \u043f\u0440\u043e\u0436\u0438\u0432\u0430\u043d\u0438\u044f, \u0432\u044b \u043c\u043e\u0436\u0435\u0442\u0435 \u0441\u043d\u044f\u0442\u044c \u0441 \u0441\u0435\u0431\u044f \u0432\u0441\u0435 \u0437\u0430\u0431\u043e\u0442\u044b \u0438 \u0437\u0430\u0431\u043e\u0442\u044b \u043e \u043a\u043e\u043c\u0444\u043e\u0440\u0442\u0435.<\/li>\n\n\n\n<li><strong>\u0414\u043e\u043b\u0433\u043e\u0432\u0435\u0447\u043d\u043e\u0441\u0442\u044c \u043a\u043e\u043d\u0441\u0442\u0440\u0443\u043a\u0446\u0438\u0438:<\/strong> Suportul &#8212; \u044d\u0442\u043e \u0435\u0434\u0438\u043d\u044b\u0439 \u043a\u043e\u0440\u043f\u0443\u0441, \u043a\u043e\u0442\u043e\u0440\u044b\u0439 \u0438\u0441\u043f\u043e\u043b\u044c\u0437\u0443\u0435\u0442\u0441\u044f \u0434\u043b\u044f \u0438\u0437\u0433\u043e\u0442\u043e\u0432\u043b\u0435\u043d\u0438\u044f \u043f\u0443\u043b\u044c\u043f\u044b, \u0430 \u0442\u0430\u043a\u0436\u0435 \u0434\u043b\u044f \u0434\u043e\u043b\u0433\u043e\u0432\u0435\u0447\u043d\u043e\u0441\u0442\u0438 \u0219i rezisten\u021b\u0103 la uzur\u0103, \u043a\u043e\u0442\u043e\u0440\u044b\u0439 \u043c\u043e\u0436\u0435\u0442 \u0438\u0441\u043f\u043e\u043b\u044c\u0437\u043e\u0432\u0430\u0442\u044c\u0441\u044f \u0434\u043b\u044f \u0437\u0430\u043d\u044f\u0442\u0438\u0439 \u0444\u0438\u0442\u043d\u0435\u0441\u043e\u043c.<\/li>\n\n\n\n<li><strong>\u0421\u0442\u0430\u0431\u0438\u043b\u044c\u043d\u044b\u0439 \u0219i \u043a\u043e\u043c\u043f\u0430\u043a\u0442\u043d\u044b\u0439:<\/strong> Cadrul s\u0103u stabil ofer\u0103 o solu\u021bie de depozitare sigur\u0103, p\u0103str\u00e2nd zona de antrenament \u00eengrijit\u0103 \u0219i organizat\u0103.<\/li>\n<\/ul>\n<\/div>\n\n\n\n<div class=\"wp-block-column is-vertically-aligned-center is-layout-flow wp-block-column-is-layout-flow\">\n<figure class=\"wp-block-video\"><video height=\"2160\" style=\"aspect-ratio: 3840 \/ 2160;\" width=\"3840\" autoplay=\"\" controls=\"\" loop=\"\" muted=\"\" src=\"https:\/\/evolve-fitness.eu\/wp-content\/uploads\/2023\/12\/1-2.mp4\"><\/video><\/figure>\n<\/div>\n<\/div>\n\n\n\n<div class=\"wp-block-columns alignwide is-layout-flex wp-container-core-columns-is-layout-c45ee707 wp-block-columns-is-layout-flex\" style=\"margin-bottom:var(--wp--preset--spacing--side-padding);padding-top:var(--wp--preset--spacing--side-padding)\">\n<div class=\"wp-block-column is-vertically-aligned-center is-layout-flow wp-block-column-is-layout-flow\">\n<figure class=\"wp-block-video\"><video height=\"2160\" style=\"aspect-ratio: 3840 \/ 2160;\" width=\"3840\" autoplay=\"\" controls=\"\" loop=\"\" muted=\"\" src=\"https:\/\/evolve-fitness.eu\/wp-content\/uploads\/2023\/12\/2-2.mp4\"><\/video><\/figure>\n<\/div>\n\n\n\n<div class=\"wp-block-column is-vertically-aligned-center is-layout-constrained wp-block-column-is-layout-constrained\">\n<h3 class=\"wp-block-heading\" style=\"margin-bottom:var(--wp--preset--spacing--h-3-bottom)\"><strong><strong><strong><strong><strong><strong><strong><strong><strong><strong>De ce s\u0103 alege\u021bi raftul pentru haltere Evolve Aerobic?<\/strong><\/strong><\/strong><\/strong><\/strong><\/strong><\/strong><\/strong><\/strong><\/strong><\/h3>\n\n\n\n<p>Acest suport nu este doar o solu\u021bie de depozitare; este un accesoriu pentru c\u0103l\u0103toria dvs. de fitness. \u0415\u0441\u043b\u0438 \u0412\u044b \u0445\u043e\u0442\u0438\u0442\u0435, \u0447\u0442\u043e\u0431\u044b \u0432 \u0446\u0435\u043d\u0442\u0440\u0435 \u0444\u0438\u0442\u043d\u0435\u0441\u0430 \u0440\u0430\u0431\u043e\u0442\u0430\u043b \u043f\u0440\u043e\u0444\u0435\u0441\u0441\u0438\u043e\u043d\u0430\u043b\u044c\u043d\u044b\u0439 \u0441\u043f\u0435\u0446\u0438\u0430\u043b\u0438\u0441\u0442 \u0438\u043b\u0438 \u043f\u0435\u0440\u0441\u043e\u043d\u0430\u043b\u044c\u043d\u044b\u0439 \u0433\u0438\u043c\u043d\u0430\u0441\u0442\u0438\u043a, \u043d\u0430\u0448 \u0441\u0443\u043f\u043f\u043e\u0440\u0442 \u0433\u0430\u0440\u0430\u043d\u0442\u0438\u0440\u0443\u0435\u0442, \u0447\u0442\u043e \u0433\u0430\u043d\u0442\u0435\u0440\u0435\u043b\u044b dvs. \u0431\u0443\u0434\u0443\u0442 \u0438\u043c\u0435\u0442\u044c \u0438\u0434\u0435\u0430\u043b\u044c\u043d\u044b\u0439 \u0432\u0438\u0434, \u043e\u0440\u0433\u0430\u043d\u0438\u0437\u043e\u0432\u0430\u043d\u044b \u0438 \u0434\u0435\u043f\u043e\u043d\u0438\u0440\u043e\u0432\u0430\u043d\u044b \u0432 \u0441\u0438\u0433\u0443\u0440\u0430\u043d\u0446\u0435. \u042d\u043b\u0435\u0433\u0430\u043d\u0442\u043d\u044b\u0439 \u0434\u0438\u0437\u0430\u0439\u043d \u0438 \u043c\u043e\u0431\u0438\u043b\u044c\u043d\u043e\u0441\u0442\u044c \u043f\u043e\u0437\u0432\u043e\u043b\u044f\u044e\u0442 \u0438\u0441\u043f\u043e\u043b\u044c\u0437\u043e\u0432\u0430\u0442\u044c \u0435\u0433\u043e \u043a\u0430\u043a \u043b\u0443\u0447\u0448\u0435\u0435 \u0441\u0440\u0435\u0434\u0441\u0442\u0432\u043e \u0434\u043b\u044f \u0437\u0430\u043d\u044f\u0442\u0438\u0439 \u0444\u0438\u0442\u043d\u0435\u0441\u043e\u043c.    <\/p>\n<\/div>\n<\/div>\n\n\n\n<p class=\"has-text-align-center has-medium-2-font-size\">\u0412\u043b\u043e\u0436\u0438\u0442\u0435 \u0434\u0435\u043d\u044c\u0433\u0438 \u0432 <strong>\u0441\u0443\u043f\u043f\u043e\u0440\u0442 \u0434\u043b\u044f \u0437\u0430\u043d\u044f\u0442\u0438\u0439 \u0444\u0438\u0442\u043d\u0435\u0441\u043e\u043c Evolve Studio<\/strong> \u0219i experimenta\u021bi combina\u021bia perfect\u0103 de func\u021bionalitate, durabilitate \u0219i stil. Comanda\u021bi acum \u0219i ridica\u021bi spa\u021biul de fitness! <\/p>\n<\/section>\n","protected":false},"excerpt":{"rendered":"<p>Ridica\u021bi spa\u021biul de fitness cu suportul pentru haltere aerobice Evolve (EV-RS-SD-500), o solu\u021bie mobil\u0103 \u0219i eficient\u0103 din punct de vedere al spa\u021biului pentru organizarea halterelor aerobice \u0219i de vinil. \u0412\u0435\u0440\u0442\u0438\u043a\u0430\u043b\u044c\u043d\u044b\u0439 \u0434\u0438\u0437\u0430\u0439\u043d, \u043a\u043e\u043c\u043f\u0430\u043a\u0442\u043d\u044b\u0439 \u0440\u0430\u0437\u043c\u0435\u0440 \u0438 \u043a\u043e\u0440\u043f\u0443\u0441 \u0438\u0434\u0435\u0430\u043b\u044c\u043d\u043e \u043f\u043e\u0434\u0445\u043e\u0434\u044f\u0442 \u0434\u043b\u044f \u0437\u0430\u043d\u044f\u0442\u0438\u0439 \u0444\u0438\u0442\u043d\u0435\u0441\u043e\u043c \u0438 \u0441\u043f\u043e\u0440\u0442\u043e\u043c, \u0432 \u0442\u043e \u0432\u0440\u0435\u043c\u044f \u043a\u0430\u043a \u0432\u0435\u0441 34 \u043a\u0433 \u044f\u0432\u043b\u044f\u0435\u0442\u0441\u044f \u0441\u0442\u0430\u0431\u0438\u043b\u044c\u043d\u044b\u043c. Echipat cu ro\u021bi de transport \u0219i cu o garan\u021bie de doi ani, acest suport este un amestec perfect de func\u021bionalitate \u0219i durabilitate pentru pasiona\u021bii de fitness care caut\u0103 un mediu de antrenament ordonat \u0219i accesibil.  <\/p>\n","protected":false},"featured_media":0,"template":"","meta":{"_acf_changed":false,"inline_featured_image":false},"product_brand":[],"product_cat":[13030],"product_tag":[],"class_list":{"0":"post-238520","1":"product","2":"type-product","3":"status-publish","5":"product_cat-hyrox-gear","7":"first","8":"instock","9":"shipping-taxable","10":"purchasable","11":"product-type-simple"},"acf":{"long_title":"","subtitle":"","specifications":null},"yoast_head":"<!-- This site is optimized with the Yoast SEO plugin v27.4 - https:\/\/yoast.com\/product\/yoast-seo-wordpress\/ -->\n<title>\u0421\u0442\u043e\u0439\u043a\u0430 \u0434\u043b\u044f \u0433\u0430\u043d\u0442\u0435\u043b\u0435\u0439 Evolve Studio - Evolve<\/title>\n<meta name=\"robots\" content=\"index, follow, max-snippet:-1, max-image-preview:large, max-video-preview:-1\" \/>\n<link rel=\"canonical\" href=\"https:\/\/evolve-fitness.eu\/ru\/product\/%d1%81%d1%82%d0%be%d0%b9%d0%ba%d0%b0-%d0%b4%d0%bb%d1%8f-%d0%b3%d0%b0%d0%bd%d1%82%d0%b5%d0%bb%d0%b5%d0%b9-evolve-studio-2\/\" \/>\n<meta property=\"og:locale\" content=\"ru_RU\" \/>\n<meta property=\"og:type\" content=\"article\" \/>\n<meta property=\"og:title\" content=\"\u0421\u0442\u043e\u0439\u043a\u0430 \u0434\u043b\u044f \u0433\u0430\u043d\u0442\u0435\u043b\u0435\u0439 Evolve Studio - Evolve\" \/>\n<meta property=\"og:url\" content=\"https:\/\/evolve-fitness.eu\/ru\/product\/%d1%81%d1%82%d0%be%d0%b9%d0%ba%d0%b0-%d0%b4%d0%bb%d1%8f-%d0%b3%d0%b0%d0%bd%d1%82%d0%b5%d0%bb%d0%b5%d0%b9-evolve-studio-2\/\" \/>\n<meta property=\"og:site_name\" content=\"Evolve\" \/>\n<meta property=\"article:publisher\" content=\"https:\/\/www.facebook.com\/EvolveFitnessEurope\" \/>\n<meta property=\"article:modified_time\" content=\"2026-04-23T06:54:33+00:00\" \/>\n<meta name=\"twitter:card\" content=\"summary_large_image\" \/>\n<script type=\"application\/ld+json\" class=\"yoast-schema-graph\">{\"@context\":\"https:\\\/\\\/schema.org\",\"@graph\":[{\"@type\":\"WebPage\",\"@id\":\"https:\\\/\\\/evolve-fitness.eu\\\/ru\\\/product\\\/%d1%81%d1%82%d0%be%d0%b9%d0%ba%d0%b0-%d0%b4%d0%bb%d1%8f-%d0%b3%d0%b0%d0%bd%d1%82%d0%b5%d0%bb%d0%b5%d0%b9-evolve-studio-2\\\/\",\"url\":\"https:\\\/\\\/evolve-fitness.eu\\\/ru\\\/product\\\/%d1%81%d1%82%d0%be%d0%b9%d0%ba%d0%b0-%d0%b4%d0%bb%d1%8f-%d0%b3%d0%b0%d0%bd%d1%82%d0%b5%d0%bb%d0%b5%d0%b9-evolve-studio-2\\\/\",\"name\":\"\u0421\u0442\u043e\u0439\u043a\u0430 \u0434\u043b\u044f \u0433\u0430\u043d\u0442\u0435\u043b\u0435\u0439 Evolve Studio - Evolve\",\"isPartOf\":{\"@id\":\"https:\\\/\\\/evolve-fitness.eu\\\/ru\\\/#website\"},\"datePublished\":\"2023-11-15T09:38:39+00:00\",\"dateModified\":\"2026-04-23T06:54:33+00:00\",\"breadcrumb\":{\"@id\":\"https:\\\/\\\/evolve-fitness.eu\\\/ru\\\/product\\\/%d1%81%d1%82%d0%be%d0%b9%d0%ba%d0%b0-%d0%b4%d0%bb%d1%8f-%d0%b3%d0%b0%d0%bd%d1%82%d0%b5%d0%bb%d0%b5%d0%b9-evolve-studio-2\\\/#breadcrumb\"},\"inLanguage\":\"ru-RU\",\"potentialAction\":[{\"@type\":\"ReadAction\",\"target\":[\"https:\\\/\\\/evolve-fitness.eu\\\/ru\\\/product\\\/%d1%81%d1%82%d0%be%d0%b9%d0%ba%d0%b0-%d0%b4%d0%bb%d1%8f-%d0%b3%d0%b0%d0%bd%d1%82%d0%b5%d0%bb%d0%b5%d0%b9-evolve-studio-2\\\/\"]}]},{\"@type\":\"BreadcrumbList\",\"@id\":\"https:\\\/\\\/evolve-fitness.eu\\\/ru\\\/product\\\/%d1%81%d1%82%d0%be%d0%b9%d0%ba%d0%b0-%d0%b4%d0%bb%d1%8f-%d0%b3%d0%b0%d0%bd%d1%82%d0%b5%d0%bb%d0%b5%d0%b9-evolve-studio-2\\\/#breadcrumb\",\"itemListElement\":[{\"@type\":\"ListItem\",\"position\":1,\"name\":\"Home\",\"item\":\"https:\\\/\\\/evolve-fitness.eu\\\/ru\\\/\"},{\"@type\":\"ListItem\",\"position\":2,\"name\":\"\u041f\u0440\u043e\u0434\u0443\u043a\u0446\u0438\u044f\",\"item\":\"https:\\\/\\\/evolve-fitness.eu\\\/ru\\\/shop\\\/\"},{\"@type\":\"ListItem\",\"position\":3,\"name\":\"\u0421\u0442\u043e\u0439\u043a\u0430 \u0434\u043b\u044f \u0433\u0430\u043d\u0442\u0435\u043b\u0435\u0439 Evolve Studio\"}]},{\"@type\":\"WebSite\",\"@id\":\"https:\\\/\\\/evolve-fitness.eu\\\/ru\\\/#website\",\"url\":\"https:\\\/\\\/evolve-fitness.eu\\\/ru\\\/\",\"name\":\"Evolve\",\"description\":\"Your Evolved Gear Arrived\",\"publisher\":{\"@id\":\"https:\\\/\\\/evolve-fitness.eu\\\/ru\\\/#organization\"},\"potentialAction\":[{\"@type\":\"SearchAction\",\"target\":{\"@type\":\"EntryPoint\",\"urlTemplate\":\"https:\\\/\\\/evolve-fitness.eu\\\/ru\\\/?s={search_term_string}\"},\"query-input\":{\"@type\":\"PropertyValueSpecification\",\"valueRequired\":true,\"valueName\":\"search_term_string\"}}],\"inLanguage\":\"ru-RU\"},{\"@type\":\"Organization\",\"@id\":\"https:\\\/\\\/evolve-fitness.eu\\\/ru\\\/#organization\",\"name\":\"Evolve\",\"url\":\"https:\\\/\\\/evolve-fitness.eu\\\/ru\\\/\",\"logo\":{\"@type\":\"ImageObject\",\"inLanguage\":\"ru-RU\",\"@id\":\"https:\\\/\\\/evolve-fitness.eu\\\/ru\\\/#\\\/schema\\\/logo\\\/image\\\/\",\"url\":\"https:\\\/\\\/evolve-fitness.eu\\\/wp-content\\\/uploads\\\/2023\\\/05\\\/Evolve-logo.svg\",\"contentUrl\":\"https:\\\/\\\/evolve-fitness.eu\\\/wp-content\\\/uploads\\\/2023\\\/05\\\/Evolve-logo.svg\",\"width\":176,\"height\":20,\"caption\":\"Evolve\"},\"image\":{\"@id\":\"https:\\\/\\\/evolve-fitness.eu\\\/ru\\\/#\\\/schema\\\/logo\\\/image\\\/\"},\"sameAs\":[\"https:\\\/\\\/www.facebook.com\\\/EvolveFitnessEurope\"]}]}<\/script>\n<!-- \/ Yoast SEO plugin. -->","yoast_head_json":{"title":"\u0421\u0442\u043e\u0439\u043a\u0430 \u0434\u043b\u044f \u0433\u0430\u043d\u0442\u0435\u043b\u0435\u0439 Evolve Studio - Evolve","robots":{"index":"index","follow":"follow","max-snippet":"max-snippet:-1","max-image-preview":"max-image-preview:large","max-video-preview":"max-video-preview:-1"},"canonical":"https:\/\/evolve-fitness.eu\/ru\/product\/%d1%81%d1%82%d0%be%d0%b9%d0%ba%d0%b0-%d0%b4%d0%bb%d1%8f-%d0%b3%d0%b0%d0%bd%d1%82%d0%b5%d0%bb%d0%b5%d0%b9-evolve-studio-2\/","og_locale":"ru_RU","og_type":"article","og_title":"\u0421\u0442\u043e\u0439\u043a\u0430 \u0434\u043b\u044f \u0433\u0430\u043d\u0442\u0435\u043b\u0435\u0439 Evolve Studio - Evolve","og_url":"https:\/\/evolve-fitness.eu\/ru\/product\/%d1%81%d1%82%d0%be%d0%b9%d0%ba%d0%b0-%d0%b4%d0%bb%d1%8f-%d0%b3%d0%b0%d0%bd%d1%82%d0%b5%d0%bb%d0%b5%d0%b9-evolve-studio-2\/","og_site_name":"Evolve","article_publisher":"https:\/\/www.facebook.com\/EvolveFitnessEurope","article_modified_time":"2026-04-23T06:54:33+00:00","twitter_card":"summary_large_image","schema":{"@context":"https:\/\/schema.org","@graph":[{"@type":"WebPage","@id":"https:\/\/evolve-fitness.eu\/ru\/product\/%d1%81%d1%82%d0%be%d0%b9%d0%ba%d0%b0-%d0%b4%d0%bb%d1%8f-%d0%b3%d0%b0%d0%bd%d1%82%d0%b5%d0%bb%d0%b5%d0%b9-evolve-studio-2\/","url":"https:\/\/evolve-fitness.eu\/ru\/product\/%d1%81%d1%82%d0%be%d0%b9%d0%ba%d0%b0-%d0%b4%d0%bb%d1%8f-%d0%b3%d0%b0%d0%bd%d1%82%d0%b5%d0%bb%d0%b5%d0%b9-evolve-studio-2\/","name":"\u0421\u0442\u043e\u0439\u043a\u0430 \u0434\u043b\u044f \u0433\u0430\u043d\u0442\u0435\u043b\u0435\u0439 Evolve Studio - Evolve","isPartOf":{"@id":"https:\/\/evolve-fitness.eu\/ru\/#website"},"datePublished":"2023-11-15T09:38:39+00:00","dateModified":"2026-04-23T06:54:33+00:00","breadcrumb":{"@id":"https:\/\/evolve-fitness.eu\/ru\/product\/%d1%81%d1%82%d0%be%d0%b9%d0%ba%d0%b0-%d0%b4%d0%bb%d1%8f-%d0%b3%d0%b0%d0%bd%d1%82%d0%b5%d0%bb%d0%b5%d0%b9-evolve-studio-2\/#breadcrumb"},"inLanguage":"ru-RU","potentialAction":[{"@type":"ReadAction","target":["https:\/\/evolve-fitness.eu\/ru\/product\/%d1%81%d1%82%d0%be%d0%b9%d0%ba%d0%b0-%d0%b4%d0%bb%d1%8f-%d0%b3%d0%b0%d0%bd%d1%82%d0%b5%d0%bb%d0%b5%d0%b9-evolve-studio-2\/"]}]},{"@type":"BreadcrumbList","@id":"https:\/\/evolve-fitness.eu\/ru\/product\/%d1%81%d1%82%d0%be%d0%b9%d0%ba%d0%b0-%d0%b4%d0%bb%d1%8f-%d0%b3%d0%b0%d0%bd%d1%82%d0%b5%d0%bb%d0%b5%d0%b9-evolve-studio-2\/#breadcrumb","itemListElement":[{"@type":"ListItem","position":1,"name":"Home","item":"https:\/\/evolve-fitness.eu\/ru\/"},{"@type":"ListItem","position":2,"name":"\u041f\u0440\u043e\u0434\u0443\u043a\u0446\u0438\u044f","item":"https:\/\/evolve-fitness.eu\/ru\/shop\/"},{"@type":"ListItem","position":3,"name":"\u0421\u0442\u043e\u0439\u043a\u0430 \u0434\u043b\u044f \u0433\u0430\u043d\u0442\u0435\u043b\u0435\u0439 Evolve Studio"}]},{"@type":"WebSite","@id":"https:\/\/evolve-fitness.eu\/ru\/#website","url":"https:\/\/evolve-fitness.eu\/ru\/","name":"Evolve","description":"Your Evolved Gear Arrived","publisher":{"@id":"https:\/\/evolve-fitness.eu\/ru\/#organization"},"potentialAction":[{"@type":"SearchAction","target":{"@type":"EntryPoint","urlTemplate":"https:\/\/evolve-fitness.eu\/ru\/?s={search_term_string}"},"query-input":{"@type":"PropertyValueSpecification","valueRequired":true,"valueName":"search_term_string"}}],"inLanguage":"ru-RU"},{"@type":"Organization","@id":"https:\/\/evolve-fitness.eu\/ru\/#organization","name":"Evolve","url":"https:\/\/evolve-fitness.eu\/ru\/","logo":{"@type":"ImageObject","inLanguage":"ru-RU","@id":"https:\/\/evolve-fitness.eu\/ru\/#\/schema\/logo\/image\/","url":"https:\/\/evolve-fitness.eu\/wp-content\/uploads\/2023\/05\/Evolve-logo.svg","contentUrl":"https:\/\/evolve-fitness.eu\/wp-content\/uploads\/2023\/05\/Evolve-logo.svg","width":176,"height":20,"caption":"Evolve"},"image":{"@id":"https:\/\/evolve-fitness.eu\/ru\/#\/schema\/logo\/image\/"},"sameAs":["https:\/\/www.facebook.com\/EvolveFitnessEurope"]}]}},"_links":{"self":[{"href":"https:\/\/evolve-fitness.eu\/ru\/wp-json\/wp\/v2\/product\/238520","targetHints":{"allow":["GET"]}}],"collection":[{"href":"https:\/\/evolve-fitness.eu\/ru\/wp-json\/wp\/v2\/product"}],"about":[{"href":"https:\/\/evolve-fitness.eu\/ru\/wp-json\/wp\/v2\/types\/product"}],"wp:attachment":[{"href":"https:\/\/evolve-fitness.eu\/ru\/wp-json\/wp\/v2\/media?parent=238520"}],"wp:term":[{"taxonomy":"product_brand","embeddable":true,"href":"https:\/\/evolve-fitness.eu\/ru\/wp-json\/wp\/v2\/product_brand?post=238520"},{"taxonomy":"product_cat","embeddable":true,"href":"https:\/\/evolve-fitness.eu\/ru\/wp-json\/wp\/v2\/product_cat?post=238520"},{"taxonomy":"product_tag","embeddable":true,"href":"https:\/\/evolve-fitness.eu\/ru\/wp-json\/wp\/v2\/product_tag?post=238520"}],"curies":[{"name":"wp","href":"https:\/\/api.w.org\/{rel}","templated":true}]}}