{"id":238530,"date":"2023-11-16T11:08:18","date_gmt":"2023-11-16T09:08:18","guid":{"rendered":"https:\/\/evolve-fitness.eu\/product\/drziak-zatazovej-dosky-evolve-50-mm\/"},"modified":"2026-04-23T09:54:51","modified_gmt":"2026-04-23T06:54:51","slug":"drziak-zatazovej-dosky-evolve-50-mm","status":"publish","type":"product","link":"https:\/\/evolve-fitness.eu\/ru\/product\/drziak-zatazovej-dosky-evolve-50-mm\/","title":{"rendered":"Dr\u017eiak z\u00e1\u0165a\u017eovej dosky Evolve, 50 mm"},"content":{"rendered":"\n<section class=\"wp-block-group alignfull has-lightgray-background-color has-background is-layout-constrained wp-block-group-is-layout-constrained\">\n<div class=\"wp-block-columns alignwide is-layout-flex wp-container-core-columns-is-layout-2edb0647 wp-block-columns-is-layout-flex\" style=\"margin-top:0;margin-bottom:0\">\n<div class=\"wp-block-column is-layout-flow wp-block-column-is-layout-flow\" style=\"flex-basis:33.33%\"><\/div>\n\n\n\n<div class=\"wp-block-column is-layout-flow wp-block-column-is-layout-flow\" style=\"flex-basis:66.66%\"><\/div>\n<\/div>\n<\/section>\n","protected":false},"excerpt":{"rendered":"<p>\u041c\u0430\u043a\u0441\u0438\u043c\u0430\u043b\u0438\u0437\u0443\u0439\u0442\u0435 \u0441\u0432\u043e\u0439 \u0442\u0440\u0435\u0445\u0441\u0442\u043e\u0440\u043e\u043d\u043d\u0438\u0439 \u043f\u0440\u0438\u0441\u0442\u0430\u0432\u043a\u0443 pomocou dr\u017eiaka \u043d\u0430 \u0437\u0430\u0442\u0430\u0436\u043e\u0432\u043e\u0439 \u0434\u043e\u0441\u043a\u0435 Evolve. \u0422\u043e\u0442\u043e \u043c\u043e\u0434\u0443\u043b\u044f\u0440\u043d\u043e\u0435 \u043f\u0440\u0438\u0441\u043b\u0443\u0448\u0438\u0432\u0430\u043d\u0438\u0435 je navrhnut\u00e9 ako doplnok k zariadeniam Evolve a umo\u017e\u0148uje v\u00e1m prisp\u00f4sobi\u0165 si tr\u00e9ningov\u00e9 prostredie pre funk\u010dn\u00e9, crossfitov\u00e9, skupinov\u00e9 alebo individu\u00e1lne tr\u00e9ningy. V\u010faka univerz\u00e1lnemu dizajnu si m\u00f4\u017eete svoju s\u00fapravu prisp\u00f4sobi\u0165 presne pod\u013ea svojich potrieb a roz\u0161\u00edri\u0165 jej funk\u010dnos\u0165 jednoduch\u00fdm pridan\u00edm r\u00f4zneho pr\u00edslu\u0161enstva. \u0417\u0430\u0436\u0438\u0442\u0435 \u0434\u043e\u043a\u043e\u043d\u0430\u043b\u044c\u043d\u0443\u044e \u043e\u0440\u0433\u0430\u043d\u0438\u0437\u0430\u0446\u0438\u043e\u043d\u043d\u0443\u044e \u0438 \u044d\u0444\u0444\u0435\u043a\u0442\u0438\u0432\u043d\u0443\u044e \u0440\u0430\u0431\u043e\u0442\u0443. Cena za kus.<\/p>\n","protected":false},"featured_media":0,"template":"","meta":{"_acf_changed":false,"inline_featured_image":false},"product_brand":[],"product_cat":[13030],"product_tag":[],"class_list":{"0":"post-238530","1":"product","2":"type-product","3":"status-publish","5":"product_cat-hyrox-gear","7":"first","8":"instock","9":"shipping-taxable","10":"purchasable","11":"product-type-simple"},"acf":{"long_title":"","subtitle":"","specifications":null},"yoast_head":"<!-- This site is optimized with the Yoast SEO plugin v27.4 - https:\/\/yoast.com\/product\/yoast-seo-wordpress\/ -->\n<title>Dr\u017eiak z\u00e1\u0165a\u017eovej dosky Evolve, 50 mm - Evolve<\/title>\n<meta name=\"robots\" content=\"index, follow, max-snippet:-1, max-image-preview:large, max-video-preview:-1\" \/>\n<link rel=\"canonical\" href=\"https:\/\/evolve-fitness.eu\/ru\/product\/drziak-zatazovej-dosky-evolve-50-mm\/\" \/>\n<meta property=\"og:locale\" content=\"ru_RU\" \/>\n<meta property=\"og:type\" content=\"article\" \/>\n<meta property=\"og:title\" content=\"Dr\u017eiak z\u00e1\u0165a\u017eovej dosky Evolve, 50 mm - Evolve\" \/>\n<meta property=\"og:url\" content=\"https:\/\/evolve-fitness.eu\/ru\/product\/drziak-zatazovej-dosky-evolve-50-mm\/\" \/>\n<meta property=\"og:site_name\" content=\"Evolve\" \/>\n<meta property=\"article:publisher\" content=\"https:\/\/www.facebook.com\/EvolveFitnessEurope\" \/>\n<meta property=\"article:modified_time\" content=\"2026-04-23T06:54:51+00:00\" \/>\n<meta name=\"twitter:card\" content=\"summary_large_image\" \/>\n<script type=\"application\/ld+json\" class=\"yoast-schema-graph\">{\"@context\":\"https:\\\/\\\/schema.org\",\"@graph\":[{\"@type\":\"WebPage\",\"@id\":\"https:\\\/\\\/evolve-fitness.eu\\\/ru\\\/product\\\/drziak-zatazovej-dosky-evolve-50-mm\\\/\",\"url\":\"https:\\\/\\\/evolve-fitness.eu\\\/ru\\\/product\\\/drziak-zatazovej-dosky-evolve-50-mm\\\/\",\"name\":\"Dr\u017eiak z\u00e1\u0165a\u017eovej dosky Evolve, 50 mm - Evolve\",\"isPartOf\":{\"@id\":\"https:\\\/\\\/evolve-fitness.eu\\\/ru\\\/#website\"},\"datePublished\":\"2023-11-16T09:08:18+00:00\",\"dateModified\":\"2026-04-23T06:54:51+00:00\",\"breadcrumb\":{\"@id\":\"https:\\\/\\\/evolve-fitness.eu\\\/ru\\\/product\\\/drziak-zatazovej-dosky-evolve-50-mm\\\/#breadcrumb\"},\"inLanguage\":\"ru-RU\",\"potentialAction\":[{\"@type\":\"ReadAction\",\"target\":[\"https:\\\/\\\/evolve-fitness.eu\\\/ru\\\/product\\\/drziak-zatazovej-dosky-evolve-50-mm\\\/\"]}]},{\"@type\":\"BreadcrumbList\",\"@id\":\"https:\\\/\\\/evolve-fitness.eu\\\/ru\\\/product\\\/drziak-zatazovej-dosky-evolve-50-mm\\\/#breadcrumb\",\"itemListElement\":[{\"@type\":\"ListItem\",\"position\":1,\"name\":\"Home\",\"item\":\"https:\\\/\\\/evolve-fitness.eu\\\/ru\\\/\"},{\"@type\":\"ListItem\",\"position\":2,\"name\":\"\u041f\u0440\u043e\u0434\u0443\u043a\u0446\u0438\u044f\",\"item\":\"https:\\\/\\\/evolve-fitness.eu\\\/ru\\\/shop\\\/\"},{\"@type\":\"ListItem\",\"position\":3,\"name\":\"Dr\u017eiak z\u00e1\u0165a\u017eovej dosky Evolve, 50 mm\"}]},{\"@type\":\"WebSite\",\"@id\":\"https:\\\/\\\/evolve-fitness.eu\\\/ru\\\/#website\",\"url\":\"https:\\\/\\\/evolve-fitness.eu\\\/ru\\\/\",\"name\":\"Evolve\",\"description\":\"Your Evolved Gear Arrived\",\"publisher\":{\"@id\":\"https:\\\/\\\/evolve-fitness.eu\\\/ru\\\/#organization\"},\"potentialAction\":[{\"@type\":\"SearchAction\",\"target\":{\"@type\":\"EntryPoint\",\"urlTemplate\":\"https:\\\/\\\/evolve-fitness.eu\\\/ru\\\/?s={search_term_string}\"},\"query-input\":{\"@type\":\"PropertyValueSpecification\",\"valueRequired\":true,\"valueName\":\"search_term_string\"}}],\"inLanguage\":\"ru-RU\"},{\"@type\":\"Organization\",\"@id\":\"https:\\\/\\\/evolve-fitness.eu\\\/ru\\\/#organization\",\"name\":\"Evolve\",\"url\":\"https:\\\/\\\/evolve-fitness.eu\\\/ru\\\/\",\"logo\":{\"@type\":\"ImageObject\",\"inLanguage\":\"ru-RU\",\"@id\":\"https:\\\/\\\/evolve-fitness.eu\\\/ru\\\/#\\\/schema\\\/logo\\\/image\\\/\",\"url\":\"https:\\\/\\\/evolve-fitness.eu\\\/wp-content\\\/uploads\\\/2023\\\/05\\\/Evolve-logo.svg\",\"contentUrl\":\"https:\\\/\\\/evolve-fitness.eu\\\/wp-content\\\/uploads\\\/2023\\\/05\\\/Evolve-logo.svg\",\"width\":176,\"height\":20,\"caption\":\"Evolve\"},\"image\":{\"@id\":\"https:\\\/\\\/evolve-fitness.eu\\\/ru\\\/#\\\/schema\\\/logo\\\/image\\\/\"},\"sameAs\":[\"https:\\\/\\\/www.facebook.com\\\/EvolveFitnessEurope\"]}]}<\/script>\n<!-- \/ Yoast SEO plugin. -->","yoast_head_json":{"title":"Dr\u017eiak z\u00e1\u0165a\u017eovej dosky Evolve, 50 mm - Evolve","robots":{"index":"index","follow":"follow","max-snippet":"max-snippet:-1","max-image-preview":"max-image-preview:large","max-video-preview":"max-video-preview:-1"},"canonical":"https:\/\/evolve-fitness.eu\/ru\/product\/drziak-zatazovej-dosky-evolve-50-mm\/","og_locale":"ru_RU","og_type":"article","og_title":"Dr\u017eiak z\u00e1\u0165a\u017eovej dosky Evolve, 50 mm - Evolve","og_url":"https:\/\/evolve-fitness.eu\/ru\/product\/drziak-zatazovej-dosky-evolve-50-mm\/","og_site_name":"Evolve","article_publisher":"https:\/\/www.facebook.com\/EvolveFitnessEurope","article_modified_time":"2026-04-23T06:54:51+00:00","twitter_card":"summary_large_image","schema":{"@context":"https:\/\/schema.org","@graph":[{"@type":"WebPage","@id":"https:\/\/evolve-fitness.eu\/ru\/product\/drziak-zatazovej-dosky-evolve-50-mm\/","url":"https:\/\/evolve-fitness.eu\/ru\/product\/drziak-zatazovej-dosky-evolve-50-mm\/","name":"Dr\u017eiak z\u00e1\u0165a\u017eovej dosky Evolve, 50 mm - Evolve","isPartOf":{"@id":"https:\/\/evolve-fitness.eu\/ru\/#website"},"datePublished":"2023-11-16T09:08:18+00:00","dateModified":"2026-04-23T06:54:51+00:00","breadcrumb":{"@id":"https:\/\/evolve-fitness.eu\/ru\/product\/drziak-zatazovej-dosky-evolve-50-mm\/#breadcrumb"},"inLanguage":"ru-RU","potentialAction":[{"@type":"ReadAction","target":["https:\/\/evolve-fitness.eu\/ru\/product\/drziak-zatazovej-dosky-evolve-50-mm\/"]}]},{"@type":"BreadcrumbList","@id":"https:\/\/evolve-fitness.eu\/ru\/product\/drziak-zatazovej-dosky-evolve-50-mm\/#breadcrumb","itemListElement":[{"@type":"ListItem","position":1,"name":"Home","item":"https:\/\/evolve-fitness.eu\/ru\/"},{"@type":"ListItem","position":2,"name":"\u041f\u0440\u043e\u0434\u0443\u043a\u0446\u0438\u044f","item":"https:\/\/evolve-fitness.eu\/ru\/shop\/"},{"@type":"ListItem","position":3,"name":"Dr\u017eiak z\u00e1\u0165a\u017eovej dosky Evolve, 50 mm"}]},{"@type":"WebSite","@id":"https:\/\/evolve-fitness.eu\/ru\/#website","url":"https:\/\/evolve-fitness.eu\/ru\/","name":"Evolve","description":"Your Evolved Gear Arrived","publisher":{"@id":"https:\/\/evolve-fitness.eu\/ru\/#organization"},"potentialAction":[{"@type":"SearchAction","target":{"@type":"EntryPoint","urlTemplate":"https:\/\/evolve-fitness.eu\/ru\/?s={search_term_string}"},"query-input":{"@type":"PropertyValueSpecification","valueRequired":true,"valueName":"search_term_string"}}],"inLanguage":"ru-RU"},{"@type":"Organization","@id":"https:\/\/evolve-fitness.eu\/ru\/#organization","name":"Evolve","url":"https:\/\/evolve-fitness.eu\/ru\/","logo":{"@type":"ImageObject","inLanguage":"ru-RU","@id":"https:\/\/evolve-fitness.eu\/ru\/#\/schema\/logo\/image\/","url":"https:\/\/evolve-fitness.eu\/wp-content\/uploads\/2023\/05\/Evolve-logo.svg","contentUrl":"https:\/\/evolve-fitness.eu\/wp-content\/uploads\/2023\/05\/Evolve-logo.svg","width":176,"height":20,"caption":"Evolve"},"image":{"@id":"https:\/\/evolve-fitness.eu\/ru\/#\/schema\/logo\/image\/"},"sameAs":["https:\/\/www.facebook.com\/EvolveFitnessEurope"]}]}},"_links":{"self":[{"href":"https:\/\/evolve-fitness.eu\/ru\/wp-json\/wp\/v2\/product\/238530","targetHints":{"allow":["GET"]}}],"collection":[{"href":"https:\/\/evolve-fitness.eu\/ru\/wp-json\/wp\/v2\/product"}],"about":[{"href":"https:\/\/evolve-fitness.eu\/ru\/wp-json\/wp\/v2\/types\/product"}],"wp:attachment":[{"href":"https:\/\/evolve-fitness.eu\/ru\/wp-json\/wp\/v2\/media?parent=238530"}],"wp:term":[{"taxonomy":"product_brand","embeddable":true,"href":"https:\/\/evolve-fitness.eu\/ru\/wp-json\/wp\/v2\/product_brand?post=238530"},{"taxonomy":"product_cat","embeddable":true,"href":"https:\/\/evolve-fitness.eu\/ru\/wp-json\/wp\/v2\/product_cat?post=238530"},{"taxonomy":"product_tag","embeddable":true,"href":"https:\/\/evolve-fitness.eu\/ru\/wp-json\/wp\/v2\/product_tag?post=238530"}],"curies":[{"name":"wp","href":"https:\/\/api.w.org\/{rel}","templated":true}]}}