{"id":238580,"date":"2023-12-22T11:56:27","date_gmt":"2023-12-22T09:56:27","guid":{"rendered":"https:\/\/evolve-fitness.eu\/product\/%d0%ba%d1%80%d0%be%d1%81%d1%81%d0%be%d0%b2%d1%8b%d0%b9-%d1%82%d1%80%d0%b5%d0%bf%d0%b0%d0%b6%d0%b5%d1%80-evolve-prime-series\/"},"modified":"2026-04-23T09:57:51","modified_gmt":"2026-04-23T06:57:51","slug":"%d0%ba%d1%80%d0%be%d1%81%d1%81%d0%be%d0%b2%d1%8b%d0%b9-%d1%82%d1%80%d0%b5%d0%bf%d0%b0%d0%b6%d0%b5%d1%80-evolve-prime-series","status":"publish","type":"product","link":"https:\/\/evolve-fitness.eu\/ru\/product\/%d0%ba%d1%80%d0%be%d1%81%d1%81%d0%be%d0%b2%d1%8b%d0%b9-%d1%82%d1%80%d0%b5%d0%bf%d0%b0%d0%b6%d0%b5%d1%80-evolve-prime-series\/","title":{"rendered":"\u041a\u0440\u043e\u0441\u0441\u043e\u0432\u044b\u0439 \u0442\u0440\u0435\u043f\u0430\u0436\u0435\u0440 Evolve Prime Series"},"content":{"rendered":"\n<section class=\"wp-block-group alignfull has-lightgray-background-color has-background is-layout-constrained wp-block-group-is-layout-constrained\">\n<div class=\"wp-block-columns alignwide is-layout-flex wp-container-core-columns-is-layout-2edb0647 wp-block-columns-is-layout-flex\" style=\"margin-top:0;margin-bottom:0\">\n<div class=\"wp-block-column is-layout-flow wp-block-column-is-layout-flow\" style=\"flex-basis:33.33%\"><\/div>\n\n\n\n<div class=\"wp-block-column is-layout-flow wp-block-column-is-layout-flow\" style=\"flex-basis:66.66%\"><\/div>\n<\/div>\n<\/section>\n\n<section class=\"wp-block-group alignfull black-content has-white-color has-darkgray-background-color has-text-color has-background is-layout-constrained wp-block-group-is-layout-constrained\" style=\"padding-top:var(--wp--preset--spacing--section-bottom);padding-bottom:var(--wp--preset--spacing--section-bottom)\">\n<div class=\"wp-block-columns alignwide is-layout-flex wp-container-core-columns-is-layout-c45ee707 wp-block-columns-is-layout-flex\" style=\"margin-bottom:var(--wp--preset--spacing--side-padding);padding-top:var(--wp--preset--spacing--side-padding)\">\n<div class=\"wp-block-column is-vertically-aligned-center is-layout-flow wp-block-column-is-layout-flow\">\n<figure class=\"wp-block-video\"><video height=\"2160\" style=\"aspect-ratio: 3840 \/ 2160;\" width=\"3840\" autoplay=\"\" controls=\"\" loop=\"\" muted=\"\" src=\"https:\/\/evolve-fitness.eu\/wp-content\/uploads\/2023\/12\/2-18.mp4\"><\/video><\/figure>\n<\/div>\n\n\n\n<div class=\"wp-block-column is-vertically-aligned-center is-layout-constrained wp-block-column-is-layout-constrained\">\n<h3 class=\"wp-block-heading\" style=\"margin-bottom:var(--wp--preset--spacing--h-3-bottom)\"><strong>\u0428\u0438\u0440\u043e\u043a\u0430\u044f \u0448\u043a\u0430\u043b\u0430 \u0441 \u0432\u0438\u0448\u043d\u0435\u0439<\/strong> <\/h3>\n\n\n\n<p><\/p>\n\n\n\n<p style=\"margin-bottom:var(--wp--preset--spacing--tb-section-padding)\">\u0422\u0440\u0435\u043d\u0430\u0436\u0435\u0440 Evolve cross pull trainer cable crossover nab\u00edz\u00ed \u0161irokou \u0161k\u00e1lu cvik\u016f zam\u011b\u0159en\u00fdch na v\u00edce svalov\u00fdch skupin, kter\u00e9 zvy\u0161uj\u00ed celkovou s\u00edlu a flexibilitu t\u011bla.<\/p>\n<\/div>\n<\/div>\n\n\n\n<div class=\"wp-block-columns alignwide is-layout-flex wp-container-core-columns-is-layout-c45ee707 wp-block-columns-is-layout-flex\" style=\"margin-bottom:var(--wp--preset--spacing--side-padding);padding-top:var(--wp--preset--spacing--side-padding)\">\n<div class=\"wp-block-column is-vertically-aligned-center is-layout-flow wp-block-column-is-layout-flow\">\n<h3 class=\"wp-block-heading\" style=\"margin-bottom:var(--wp--preset--spacing--h-3-bottom)\"><strong><strong>P\u0159izp\u016fsobiteln\u00e9 mo\u017enosti odporu<\/strong><\/strong><\/h3>\n\n\n\n<p><\/p>\n\n\n\n<p>\u0412\u044b\u0431\u0430\u0432\u0435\u043d \u043d\u0430\u0441\u0442\u0430\u0432\u043d\u0438\u0447\u0435\u0441\u043a\u0438\u043c \u043e\u0434\u043f\u043e\u0440\u043e\u043c, \u043a\u043e\u0442\u043e\u0440\u044b\u0439 \u0443\u043c\u043e\u0436\u043d\u044e\u0435\u0442 \u0443\u0436\u0438\u0432\u0430\u0442\u0435\u043b\u0435\u043c \u043f\u0440\u0436\u0438\u0437\u043f\u0443\u0441\u043e\u0431\u0438\u0442\u0430 \u0442\u0440\u0438\u043d\u0438\u043d\u043a \u043a\u043e\u043d\u043a\u0440\u0435\u043d\u0442\u043d\u044b\u043c \u0443\u0440\u043e\u0432\u043d\u0435\u043c \u0441\u0438\u043b\u0438 \u0438 \u0446\u0438\u043b\u0443\u043c, \u0442\u0430\u043a \u0447\u0442\u043e \u043e\u043d \u0432\u0445\u043e\u0434\u043d\u044b\u0439 \u044f\u043a \u0434\u043b\u044f \u0437\u0430\u0447\u0430\u0442\u0435\u0447\u043d\u044b\u0445, \u0442\u0430\u043a \u0438 \u0434\u043b\u044f \u043f\u043e\u043a\u043e\u0440\u043e\u0447\u0438\u043b\u0435 \u0443\u0436\u0438\u0432\u0430\u0442\u0435\u043b\u0435\u0439.<\/p>\n<\/div>\n\n\n\n<div class=\"wp-block-column is-vertically-aligned-center is-layout-flow wp-block-column-is-layout-flow\">\n<div class=\"wp-block-columns is-layout-flex wp-container-core-columns-is-layout-9d6595d7 wp-block-columns-is-layout-flex\">\n<div class=\"wp-block-column is-layout-flow wp-block-column-is-layout-flow\">\n<figure class=\"wp-block-video\"><video height=\"2160\" style=\"aspect-ratio: 3840 \/ 2160;\" width=\"3840\" autoplay=\"\" controls=\"\" loop=\"\" muted=\"\" src=\"https:\/\/evolve-fitness.eu\/wp-content\/uploads\/2023\/12\/8.mp4\"><\/video><\/figure>\n<\/div>\n<\/div>\n<\/div>\n<\/div>\n\n\n\n<div class=\"wp-block-columns alignwide is-layout-flex wp-container-core-columns-is-layout-c45ee707 wp-block-columns-is-layout-flex\" style=\"margin-bottom:var(--wp--preset--spacing--side-padding);padding-top:var(--wp--preset--spacing--side-padding)\">\n<div class=\"wp-block-column is-vertically-aligned-center is-layout-flow wp-block-column-is-layout-flow\">\n<figure class=\"wp-block-video\"><video height=\"2160\" style=\"aspect-ratio: 3840 \/ 2160;\" width=\"3840\" autoplay=\"\" controls=\"\" loop=\"\" muted=\"\" src=\"https:\/\/evolve-fitness.eu\/wp-content\/uploads\/2023\/12\/1-28.mp4\"><\/video><\/figure>\n<\/div>\n\n\n\n<div class=\"wp-block-column is-vertically-aligned-center is-layout-flow wp-block-column-is-layout-flow\">\n<h3 class=\"wp-block-heading\" style=\"margin-bottom:var(--wp--preset--spacing--h-3-bottom)\"><strong><strong><strong>\u041e\u0434\u043e\u043b\u0436\u0435\u043d\u043d\u043e\u0441\u0442\u044c \u0437\u0430 \u0438\u043d\u0442\u0435\u043d\u0441\u0438\u0432\u043d\u044b\u0439 \u043f\u043e\u0431\u0443\u0434\u0438\u0442\u0435\u043b\u044c\u043d\u044b\u0439 \u044d\u0444\u0444\u0435\u043a\u0442<\/strong><\/strong><\/strong><\/h3>\n\n\n\n<p><\/p>\n\n\n\n<p>Tento stroj je navr\u017een pro profesion\u00e1ln\u00ed posilovny a je konstruov\u00e1n tak, aby vydr\u017eel n\u00e1ro\u010dn\u00e9 pou\u017e\u00edv\u00e1n\u00ed a zajistil dlouhou \u017eivotnost a st\u00e1l\u00fd v\u00fdkon.<\/p>\n<\/div>\n<\/div>\n\n\n\n<div class=\"wp-block-columns alignwide is-layout-flex wp-container-core-columns-is-layout-c45ee707 wp-block-columns-is-layout-flex\" style=\"margin-bottom:var(--wp--preset--spacing--side-padding);padding-top:var(--wp--preset--spacing--side-padding)\">\n<div class=\"wp-block-column is-vertically-aligned-center is-layout-flow wp-block-column-is-layout-flow\">\n<h3 class=\"wp-block-heading\" style=\"margin-bottom:var(--wp--preset--spacing--h-3-bottom)\"><strong><strong>\u042d\u0440\u0433\u043e\u043d\u043e\u043c\u0438\u0447\u043d\u044b\u0439 \u0434\u0438\u0437\u0430\u0439\u043d \u0434\u043b\u044f \u0438\u0441\u043f\u043e\u043b\u044c\u0437\u043e\u0432\u0430\u043d\u0438\u044f \u0432 \u043a\u0430\u0447\u0435\u0441\u0442\u0432\u0435 \u0443\u0436\u0438\u0432\u0430\u0442\u0435\u043b\u044f<\/strong><\/strong><\/h3>\n\n\n\n<p><\/p>\n\n\n\n<p>\u042d\u0440\u0433\u043e\u043d\u043e\u043c\u0438\u0447\u043d\u044b\u0439 \u0434\u0438\u0437\u0430\u0439\u043d \u0441\u0442\u0440\u043e\u0435\u0432\u043e\u0433\u043e \u0443\u043f\u043e\u0440\u0430 \u043f\u043e\u0437\u0432\u043e\u043b\u044f\u0435\u0442 \u0438\u0441\u043f\u043e\u043b\u044c\u0437\u043e\u0432\u0430\u0442\u044c \u0435\u0433\u043e \u0432 \u043a\u0430\u0447\u0435\u0441\u0442\u0432\u0435 \u043f\u0440\u0436\u0438\u0440\u043e\u0437\u0435\u043d\u043d\u043e\u0433\u043e \u0433\u0438\u0431\u0430, \u0441\u043d\u0438\u0436\u0430\u0435\u0442 \u0440\u0438\u0437\u0438\u043a\u043e \u0437\u0440\u0430\u043d\u0438\u0439 \u0438 \u043f\u043e\u0432\u044b\u0448\u0430\u0435\u0442 \u0447\u0443\u0432\u0441\u0442\u0432\u0438\u0442\u0435\u043b\u044c\u043d\u043e\u0441\u0442\u044c \u043a \u0432\u043e\u0437\u0434\u0435\u0439\u0441\u0442\u0432\u0438\u044e \u043e\u043a\u0440\u0443\u0436\u0430\u044e\u0449\u0435\u0439 \u0441\u0440\u0435\u0434\u044b.<\/p>\n<\/div>\n\n\n\n<div class=\"wp-block-column is-vertically-aligned-center is-layout-flow wp-block-column-is-layout-flow\">\n<div class=\"wp-block-columns is-layout-flex wp-container-core-columns-is-layout-9d6595d7 wp-block-columns-is-layout-flex\">\n<div class=\"wp-block-column is-layout-flow wp-block-column-is-layout-flow\">\n<figure class=\"wp-block-video\"><video height=\"2160\" style=\"aspect-ratio: 3840 \/ 2160;\" width=\"3840\" autoplay=\"\" controls=\"\" loop=\"\" muted=\"\" src=\"https:\/\/evolve-fitness.eu\/wp-content\/uploads\/2023\/12\/6-1.mp4\"><\/video><\/figure>\n<\/div>\n<\/div>\n<\/div>\n<\/div>\n<\/section>\n","protected":false},"excerpt":{"rendered":"<p>\u041a\u0440\u043e\u0441\u0441\u043e\u0432\u044b\u0439 \u0442\u0440\u0435\u043d\u0430\u0436\u0435\u0440 Evolve &#8212; \u044d\u0442\u043e \u043f\u0440\u043e\u0444\u0435\u0441\u0441\u0438\u043e\u043d\u0430\u043b\u044c\u043d\u044b\u0439 \u0442\u0440\u0435\u043d\u0430\u0436\u0435\u0440, \u043a\u043e\u0442\u043e\u0440\u044b\u0439 \u0437\u0430\u043c\u0435\u0440\u044f\u0435\u0442\u0441\u044f \u043d\u0430 \u0437\u0434\u043e\u0440\u043e\u0432\u043e\u043c \u0441\u0438\u043b\u0435 \u0438 \u0432\u044b\u0434\u0435\u0440\u0436\u043a\u0435 \u044f\u0434\u0440\u0430. \u042d\u0442\u043e\u0442 \u043a\u0440\u043e\u0441\u0441\u043e\u0432\u044b\u0439 \u0442\u0440\u0435\u043d\u0430\u0436\u0435\u0440 \u044f\u0432\u043b\u044f\u0435\u0442\u0441\u044f \u0441\u043f\u0435\u0446\u0438\u0430\u043b\u044c\u043d\u044b\u043c \u043d\u0430\u0432\u0438\u0433\u0430\u0442\u043e\u0440\u043e\u043c \u0434\u043b\u044f \u043f\u043e\u0434\u0434\u0435\u0440\u0436\u043a\u0438 \u0432 \u043f\u043e\u0437\u0438\u0446\u0438\u044f\u0445 \u0438 \u0434\u043e\u043c\u0430\u0445 \u0438 \u043f\u043e\u0437\u0432\u043e\u043b\u044f\u0435\u0442 \u0441\u043e\u0437\u0434\u0430\u0442\u044c \u0440\u043e\u0437\u043c\u0430\u043d\u0438\u0442\u043e\u0441\u0442 \u0432\u0438\u043a\u0443 \u043d\u0430 \u044f\u0434\u0440\u043e \u0442\u0435\u043b\u0430. Jeho robustn\u00ed konstrukce zaji\u0161\u0165uje dlouhou \u017eivotnost, tak\u017ee je spolehliv\u00fdm za\u0159\u00edzen\u00edm pro intenzivn\u00ed tr\u00e9nink.  <\/p>\n","protected":false},"featured_media":0,"template":"","meta":{"_acf_changed":false,"inline_featured_image":false},"product_brand":[],"product_cat":[13030],"product_tag":[],"class_list":{"0":"post-238580","1":"product","2":"type-product","3":"status-publish","5":"product_cat-hyrox-gear","7":"first","8":"instock","9":"shipping-taxable","10":"purchasable","11":"product-type-simple"},"acf":{"long_title":"","subtitle":"","specifications":null},"yoast_head":"<!-- This site is optimized with the Yoast SEO plugin v27.4 - https:\/\/yoast.com\/product\/yoast-seo-wordpress\/ -->\n<title>\u041a\u0440\u043e\u0441\u0441\u043e\u0432\u044b\u0439 \u0442\u0440\u0435\u043f\u0430\u0436\u0435\u0440 Evolve Prime Series - Evolve<\/title>\n<meta name=\"robots\" content=\"index, follow, max-snippet:-1, max-image-preview:large, max-video-preview:-1\" \/>\n<link rel=\"canonical\" href=\"https:\/\/evolve-fitness.eu\/ru\/product\/%d0%ba%d1%80%d0%be%d1%81%d1%81%d0%be%d0%b2%d1%8b%d0%b9-%d1%82%d1%80%d0%b5%d0%bf%d0%b0%d0%b6%d0%b5%d1%80-evolve-prime-series\/\" \/>\n<meta property=\"og:locale\" content=\"ru_RU\" \/>\n<meta property=\"og:type\" content=\"article\" \/>\n<meta property=\"og:title\" content=\"\u041a\u0440\u043e\u0441\u0441\u043e\u0432\u044b\u0439 \u0442\u0440\u0435\u043f\u0430\u0436\u0435\u0440 Evolve Prime Series - Evolve\" \/>\n<meta property=\"og:url\" content=\"https:\/\/evolve-fitness.eu\/ru\/product\/%d0%ba%d1%80%d0%be%d1%81%d1%81%d0%be%d0%b2%d1%8b%d0%b9-%d1%82%d1%80%d0%b5%d0%bf%d0%b0%d0%b6%d0%b5%d1%80-evolve-prime-series\/\" \/>\n<meta property=\"og:site_name\" content=\"Evolve\" \/>\n<meta property=\"article:publisher\" content=\"https:\/\/www.facebook.com\/EvolveFitnessEurope\" \/>\n<meta property=\"article:modified_time\" content=\"2026-04-23T06:57:51+00:00\" \/>\n<meta name=\"twitter:card\" content=\"summary_large_image\" \/>\n<script type=\"application\/ld+json\" class=\"yoast-schema-graph\">{\"@context\":\"https:\\\/\\\/schema.org\",\"@graph\":[{\"@type\":\"WebPage\",\"@id\":\"https:\\\/\\\/evolve-fitness.eu\\\/ru\\\/product\\\/%d0%ba%d1%80%d0%be%d1%81%d1%81%d0%be%d0%b2%d1%8b%d0%b9-%d1%82%d1%80%d0%b5%d0%bf%d0%b0%d0%b6%d0%b5%d1%80-evolve-prime-series\\\/\",\"url\":\"https:\\\/\\\/evolve-fitness.eu\\\/ru\\\/product\\\/%d0%ba%d1%80%d0%be%d1%81%d1%81%d0%be%d0%b2%d1%8b%d0%b9-%d1%82%d1%80%d0%b5%d0%bf%d0%b0%d0%b6%d0%b5%d1%80-evolve-prime-series\\\/\",\"name\":\"\u041a\u0440\u043e\u0441\u0441\u043e\u0432\u044b\u0439 \u0442\u0440\u0435\u043f\u0430\u0436\u0435\u0440 Evolve Prime Series - Evolve\",\"isPartOf\":{\"@id\":\"https:\\\/\\\/evolve-fitness.eu\\\/ru\\\/#website\"},\"datePublished\":\"2023-12-22T09:56:27+00:00\",\"dateModified\":\"2026-04-23T06:57:51+00:00\",\"breadcrumb\":{\"@id\":\"https:\\\/\\\/evolve-fitness.eu\\\/ru\\\/product\\\/%d0%ba%d1%80%d0%be%d1%81%d1%81%d0%be%d0%b2%d1%8b%d0%b9-%d1%82%d1%80%d0%b5%d0%bf%d0%b0%d0%b6%d0%b5%d1%80-evolve-prime-series\\\/#breadcrumb\"},\"inLanguage\":\"ru-RU\",\"potentialAction\":[{\"@type\":\"ReadAction\",\"target\":[\"https:\\\/\\\/evolve-fitness.eu\\\/ru\\\/product\\\/%d0%ba%d1%80%d0%be%d1%81%d1%81%d0%be%d0%b2%d1%8b%d0%b9-%d1%82%d1%80%d0%b5%d0%bf%d0%b0%d0%b6%d0%b5%d1%80-evolve-prime-series\\\/\"]}]},{\"@type\":\"BreadcrumbList\",\"@id\":\"https:\\\/\\\/evolve-fitness.eu\\\/ru\\\/product\\\/%d0%ba%d1%80%d0%be%d1%81%d1%81%d0%be%d0%b2%d1%8b%d0%b9-%d1%82%d1%80%d0%b5%d0%bf%d0%b0%d0%b6%d0%b5%d1%80-evolve-prime-series\\\/#breadcrumb\",\"itemListElement\":[{\"@type\":\"ListItem\",\"position\":1,\"name\":\"Home\",\"item\":\"https:\\\/\\\/evolve-fitness.eu\\\/ru\\\/\"},{\"@type\":\"ListItem\",\"position\":2,\"name\":\"\u041f\u0440\u043e\u0434\u0443\u043a\u0446\u0438\u044f\",\"item\":\"https:\\\/\\\/evolve-fitness.eu\\\/ru\\\/shop\\\/\"},{\"@type\":\"ListItem\",\"position\":3,\"name\":\"\u041a\u0440\u043e\u0441\u0441\u043e\u0432\u044b\u0439 \u0442\u0440\u0435\u043f\u0430\u0436\u0435\u0440 Evolve Prime Series\"}]},{\"@type\":\"WebSite\",\"@id\":\"https:\\\/\\\/evolve-fitness.eu\\\/ru\\\/#website\",\"url\":\"https:\\\/\\\/evolve-fitness.eu\\\/ru\\\/\",\"name\":\"Evolve\",\"description\":\"Your Evolved Gear Arrived\",\"publisher\":{\"@id\":\"https:\\\/\\\/evolve-fitness.eu\\\/ru\\\/#organization\"},\"potentialAction\":[{\"@type\":\"SearchAction\",\"target\":{\"@type\":\"EntryPoint\",\"urlTemplate\":\"https:\\\/\\\/evolve-fitness.eu\\\/ru\\\/?s={search_term_string}\"},\"query-input\":{\"@type\":\"PropertyValueSpecification\",\"valueRequired\":true,\"valueName\":\"search_term_string\"}}],\"inLanguage\":\"ru-RU\"},{\"@type\":\"Organization\",\"@id\":\"https:\\\/\\\/evolve-fitness.eu\\\/ru\\\/#organization\",\"name\":\"Evolve\",\"url\":\"https:\\\/\\\/evolve-fitness.eu\\\/ru\\\/\",\"logo\":{\"@type\":\"ImageObject\",\"inLanguage\":\"ru-RU\",\"@id\":\"https:\\\/\\\/evolve-fitness.eu\\\/ru\\\/#\\\/schema\\\/logo\\\/image\\\/\",\"url\":\"https:\\\/\\\/evolve-fitness.eu\\\/wp-content\\\/uploads\\\/2023\\\/05\\\/Evolve-logo.svg\",\"contentUrl\":\"https:\\\/\\\/evolve-fitness.eu\\\/wp-content\\\/uploads\\\/2023\\\/05\\\/Evolve-logo.svg\",\"width\":176,\"height\":20,\"caption\":\"Evolve\"},\"image\":{\"@id\":\"https:\\\/\\\/evolve-fitness.eu\\\/ru\\\/#\\\/schema\\\/logo\\\/image\\\/\"},\"sameAs\":[\"https:\\\/\\\/www.facebook.com\\\/EvolveFitnessEurope\"]}]}<\/script>\n<!-- \/ Yoast SEO plugin. -->","yoast_head_json":{"title":"\u041a\u0440\u043e\u0441\u0441\u043e\u0432\u044b\u0439 \u0442\u0440\u0435\u043f\u0430\u0436\u0435\u0440 Evolve Prime Series - Evolve","robots":{"index":"index","follow":"follow","max-snippet":"max-snippet:-1","max-image-preview":"max-image-preview:large","max-video-preview":"max-video-preview:-1"},"canonical":"https:\/\/evolve-fitness.eu\/ru\/product\/%d0%ba%d1%80%d0%be%d1%81%d1%81%d0%be%d0%b2%d1%8b%d0%b9-%d1%82%d1%80%d0%b5%d0%bf%d0%b0%d0%b6%d0%b5%d1%80-evolve-prime-series\/","og_locale":"ru_RU","og_type":"article","og_title":"\u041a\u0440\u043e\u0441\u0441\u043e\u0432\u044b\u0439 \u0442\u0440\u0435\u043f\u0430\u0436\u0435\u0440 Evolve Prime Series - Evolve","og_url":"https:\/\/evolve-fitness.eu\/ru\/product\/%d0%ba%d1%80%d0%be%d1%81%d1%81%d0%be%d0%b2%d1%8b%d0%b9-%d1%82%d1%80%d0%b5%d0%bf%d0%b0%d0%b6%d0%b5%d1%80-evolve-prime-series\/","og_site_name":"Evolve","article_publisher":"https:\/\/www.facebook.com\/EvolveFitnessEurope","article_modified_time":"2026-04-23T06:57:51+00:00","twitter_card":"summary_large_image","schema":{"@context":"https:\/\/schema.org","@graph":[{"@type":"WebPage","@id":"https:\/\/evolve-fitness.eu\/ru\/product\/%d0%ba%d1%80%d0%be%d1%81%d1%81%d0%be%d0%b2%d1%8b%d0%b9-%d1%82%d1%80%d0%b5%d0%bf%d0%b0%d0%b6%d0%b5%d1%80-evolve-prime-series\/","url":"https:\/\/evolve-fitness.eu\/ru\/product\/%d0%ba%d1%80%d0%be%d1%81%d1%81%d0%be%d0%b2%d1%8b%d0%b9-%d1%82%d1%80%d0%b5%d0%bf%d0%b0%d0%b6%d0%b5%d1%80-evolve-prime-series\/","name":"\u041a\u0440\u043e\u0441\u0441\u043e\u0432\u044b\u0439 \u0442\u0440\u0435\u043f\u0430\u0436\u0435\u0440 Evolve Prime Series - Evolve","isPartOf":{"@id":"https:\/\/evolve-fitness.eu\/ru\/#website"},"datePublished":"2023-12-22T09:56:27+00:00","dateModified":"2026-04-23T06:57:51+00:00","breadcrumb":{"@id":"https:\/\/evolve-fitness.eu\/ru\/product\/%d0%ba%d1%80%d0%be%d1%81%d1%81%d0%be%d0%b2%d1%8b%d0%b9-%d1%82%d1%80%d0%b5%d0%bf%d0%b0%d0%b6%d0%b5%d1%80-evolve-prime-series\/#breadcrumb"},"inLanguage":"ru-RU","potentialAction":[{"@type":"ReadAction","target":["https:\/\/evolve-fitness.eu\/ru\/product\/%d0%ba%d1%80%d0%be%d1%81%d1%81%d0%be%d0%b2%d1%8b%d0%b9-%d1%82%d1%80%d0%b5%d0%bf%d0%b0%d0%b6%d0%b5%d1%80-evolve-prime-series\/"]}]},{"@type":"BreadcrumbList","@id":"https:\/\/evolve-fitness.eu\/ru\/product\/%d0%ba%d1%80%d0%be%d1%81%d1%81%d0%be%d0%b2%d1%8b%d0%b9-%d1%82%d1%80%d0%b5%d0%bf%d0%b0%d0%b6%d0%b5%d1%80-evolve-prime-series\/#breadcrumb","itemListElement":[{"@type":"ListItem","position":1,"name":"Home","item":"https:\/\/evolve-fitness.eu\/ru\/"},{"@type":"ListItem","position":2,"name":"\u041f\u0440\u043e\u0434\u0443\u043a\u0446\u0438\u044f","item":"https:\/\/evolve-fitness.eu\/ru\/shop\/"},{"@type":"ListItem","position":3,"name":"\u041a\u0440\u043e\u0441\u0441\u043e\u0432\u044b\u0439 \u0442\u0440\u0435\u043f\u0430\u0436\u0435\u0440 Evolve Prime Series"}]},{"@type":"WebSite","@id":"https:\/\/evolve-fitness.eu\/ru\/#website","url":"https:\/\/evolve-fitness.eu\/ru\/","name":"Evolve","description":"Your Evolved Gear Arrived","publisher":{"@id":"https:\/\/evolve-fitness.eu\/ru\/#organization"},"potentialAction":[{"@type":"SearchAction","target":{"@type":"EntryPoint","urlTemplate":"https:\/\/evolve-fitness.eu\/ru\/?s={search_term_string}"},"query-input":{"@type":"PropertyValueSpecification","valueRequired":true,"valueName":"search_term_string"}}],"inLanguage":"ru-RU"},{"@type":"Organization","@id":"https:\/\/evolve-fitness.eu\/ru\/#organization","name":"Evolve","url":"https:\/\/evolve-fitness.eu\/ru\/","logo":{"@type":"ImageObject","inLanguage":"ru-RU","@id":"https:\/\/evolve-fitness.eu\/ru\/#\/schema\/logo\/image\/","url":"https:\/\/evolve-fitness.eu\/wp-content\/uploads\/2023\/05\/Evolve-logo.svg","contentUrl":"https:\/\/evolve-fitness.eu\/wp-content\/uploads\/2023\/05\/Evolve-logo.svg","width":176,"height":20,"caption":"Evolve"},"image":{"@id":"https:\/\/evolve-fitness.eu\/ru\/#\/schema\/logo\/image\/"},"sameAs":["https:\/\/www.facebook.com\/EvolveFitnessEurope"]}]}},"_links":{"self":[{"href":"https:\/\/evolve-fitness.eu\/ru\/wp-json\/wp\/v2\/product\/238580","targetHints":{"allow":["GET"]}}],"collection":[{"href":"https:\/\/evolve-fitness.eu\/ru\/wp-json\/wp\/v2\/product"}],"about":[{"href":"https:\/\/evolve-fitness.eu\/ru\/wp-json\/wp\/v2\/types\/product"}],"wp:attachment":[{"href":"https:\/\/evolve-fitness.eu\/ru\/wp-json\/wp\/v2\/media?parent=238580"}],"wp:term":[{"taxonomy":"product_brand","embeddable":true,"href":"https:\/\/evolve-fitness.eu\/ru\/wp-json\/wp\/v2\/product_brand?post=238580"},{"taxonomy":"product_cat","embeddable":true,"href":"https:\/\/evolve-fitness.eu\/ru\/wp-json\/wp\/v2\/product_cat?post=238580"},{"taxonomy":"product_tag","embeddable":true,"href":"https:\/\/evolve-fitness.eu\/ru\/wp-json\/wp\/v2\/product_tag?post=238580"}],"curies":[{"name":"wp","href":"https:\/\/api.w.org\/{rel}","templated":true}]}}