{"id":213164,"date":"2025-07-07T06:44:43","date_gmt":"2025-07-07T03:44:43","guid":{"rendered":"https:\/\/evolve-fitness.eu\/installation\/"},"modified":"2025-11-05T10:19:38","modified_gmt":"2025-11-05T08:19:38","slug":"installation","status":"publish","type":"page","link":"https:\/\/evolve-fitness.eu\/sv\/installation\/","title":{"rendered":"Installation"},"content":{"rendered":"\n<div class=\"wp-block-group h-full w-full installations-heroe has-darkgray-background-color has-background is-layout-constrained wp-container-core-group-is-layout-e566ce2e wp-block-group-is-layout-constrained\" style=\"margin-top:0;margin-bottom:0;padding-top:0;padding-right:0;padding-left:0\">\n<div class=\"wp-block-group alignfull h-full w-full flex-nowrap justify-end items-strech is-vertical is-content-justification-stretch is-nowrap is-layout-flex wp-container-core-group-is-layout-1e1e0099 wp-block-group-is-layout-flex\">\n<div class=\"wp-block-cover has-custom-content-position is-position-bottom-center mobile2x wp-container-content-9cfa9a5a\" style=\"min-height:20vw;aspect-ratio:unset;\"><video class=\"wp-block-cover__video-background intrinsic-ignore\" autoplay muted loop playsinline src=\"https:\/\/evolve-fitness.eu\/wp-content\/uploads\/2025\/08\/social-SQUARE-ansanaviciutes-lemong-gym.mp4\" data-object-fit=\"cover\"><\/video><span aria-hidden=\"true\" class=\"wp-block-cover__background has-background-dim-100 has-background-dim wp-block-cover__gradient-background has-background-gradient\" style=\"background:linear-gradient(180deg,rgba(237,237,237,0) 0%,rgb(22,22,23) 92%)\"><\/span><div class=\"wp-block-cover__inner-container is-layout-flow wp-block-cover-is-layout-flow\">\n<div class=\"wp-block-group alignwide is-content-justification-left is-layout-constrained wp-container-core-group-is-layout-8c890d92 wp-block-group-is-layout-constrained\">\n<h1 class=\"wp-block-heading alignwide has-white-color has-text-color has-link-color has-montserrat-font-family has-extra-large-title-font-size wp-elements-d086c4a42ffb365f1c4b44a1b097741c\" style=\"font-style:normal;font-weight:700\">INSTALLATION<\/h1>\n\n\n\n<p>Leverans och installation &#8211; Vi har allt du beh\u00f6ver!<\/p>\n<\/div>\n<\/div><\/div>\n<\/div>\n<\/div>\n\n<section class=\"wp-block-group alignfull black-content has-white-color has-darkgray-background-color has-text-color has-background is-layout-constrained wp-block-group-is-layout-constrained\" style=\"padding-top:var(--wp--preset--spacing--section-title-bottom);padding-bottom:var(--wp--preset--spacing--section-bottom)\">\n<div class=\"wp-block-columns installations-div-p is-layout-flex wp-container-core-columns-is-layout-0bc94483 wp-block-columns-is-layout-flex\" style=\"margin-top:0;margin-bottom:var(--wp--preset--spacing--side-padding);padding-top:0;padding-right:0;padding-bottom:0;padding-left:0\">\n<div class=\"wp-block-column installations-div-inner-col is-layout-flow wp-block-column-is-layout-flow\" style=\"padding-top:0;padding-right:0;padding-bottom:0;padding-left:0\">\n<p style=\"padding-top:0;padding-right:0;padding-bottom:0;padding-left:0\">Vi levererar. Vi installerar. Du utbildar.  <\/p>\n<\/div>\n<\/div>\n\n\n\n<div class=\"wp-block-columns alignwide mobile-reverse is-layout-flex wp-container-core-columns-is-layout-ca64bf2d wp-block-columns-is-layout-flex\" style=\"margin-bottom:var(--wp--preset--spacing--side-padding)\">\n<div class=\"wp-block-column is-vertically-aligned-center is-layout-flow wp-block-column-is-layout-flow\">\n<figure class=\"wp-block-video\"><video height=\"1080\" style=\"aspect-ratio: 1920 \/ 1080;\" width=\"1920\" controls=\"\" src=\"https:\/\/evolve-fitness.eu\/wp-content\/uploads\/2025\/08\/Lemon_GYM_HQ.mp4\"><\/video><\/figure>\n<\/div>\n\n\n\n<div class=\"wp-block-column is-vertically-aligned-center is-layout-flow wp-block-column-is-layout-flow\">\n<h3 class=\"wp-block-heading\" style=\"margin-bottom:var(--wp--preset--spacing--h-3-bottom)\">Kompletta gyml\u00f6sningar \u00f6ver hela Europa<\/h3>\n\n\n\n<p>Vi erbjuder professionella leverans-, installations- och utbildningstj\u00e4nster i alla europeiska l\u00e4nder. Oavsett om du beh\u00f6ver en enstaka utrustning eller ett komplett gym, tar vi hand om processen fr\u00e5n planering till montering &#8211; s\u00e5 att du kan fokusera p\u00e5 tr\u00e4ningen. <\/p>\n<\/div>\n<\/div>\n\n\n\n<div class=\"wp-block-columns alignwide is-layout-flex wp-container-core-columns-is-layout-ca64bf2d wp-block-columns-is-layout-flex\" style=\"margin-bottom:var(--wp--preset--spacing--side-padding)\">\n<div class=\"wp-block-column is-vertically-aligned-center is-layout-flow wp-block-column-is-layout-flow\" style=\"padding-top:var(--wp--preset--spacing--side-padding)\">\n<h3 class=\"wp-block-heading\" style=\"margin-bottom:var(--wp--preset--spacing--h-3-bottom)\"><strong><strong><strong><strong><strong><strong><strong>Fr\u00e5n id\u00e9 till verklighet<\/strong><\/strong><\/strong><\/strong><\/strong><\/strong><\/strong><\/h3>\n\n\n\n<p>Varje projekt b\u00f6rjar med att vi lyssnar p\u00e5 dina behov. Oavsett om du redan har en tydlig vision eller bara en id\u00e9 kan vi skapa skisser, f\u00f6rbereda tekniska 2D-planer och producera 3D-visualiseringar s\u00e5 att du kan se exakt hur din installation kommer att se ut. N\u00e4r vi har f\u00e5tt klartecken f\u00f6rverkligar v\u00e5rt installationsteam planen med precision och k\u00e4nsla f\u00f6r detaljer.  <br\/><\/p>\n<\/div>\n\n\n\n<div class=\"wp-block-column is-vertically-aligned-center is-layout-flow wp-block-column-is-layout-flow\">\n<figure class=\"wp-block-video\"><video height=\"1440\" style=\"aspect-ratio: 2560 \/ 1440;\" width=\"2560\" controls=\"\" src=\"https:\/\/evolve-fitness.eu\/wp-content\/uploads\/2025\/08\/Evolve-Home-Systemss.mp4\"><\/video><\/figure>\n<\/div>\n<\/div>\n\n\n\n<div class=\"wp-block-columns alignwide mobile-reverse is-layout-flex wp-container-core-columns-is-layout-c45ee707 wp-block-columns-is-layout-flex\" style=\"margin-bottom:var(--wp--preset--spacing--side-padding);padding-top:var(--wp--preset--spacing--side-padding)\">\n<div class=\"wp-block-column is-vertically-aligned-center is-layout-flow wp-block-column-is-layout-flow\">\n<figure class=\"wp-block-image size-large is-style-default\"><img loading=\"lazy\" decoding=\"async\" width=\"1024\" height=\"576\" src=\"https:\/\/evolve-fitness.eu\/wp-content\/uploads\/2025\/08\/vlcsnap-2023-06-22-17h40m07s325-1024x576.png\" alt=\"\" class=\"wp-image-201949\" srcset=\"https:\/\/evolve-fitness.eu\/wp-content\/uploads\/2025\/08\/vlcsnap-2023-06-22-17h40m07s325-1024x576.png 1024w, https:\/\/evolve-fitness.eu\/wp-content\/uploads\/2025\/08\/vlcsnap-2023-06-22-17h40m07s325-300x169.png 300w, https:\/\/evolve-fitness.eu\/wp-content\/uploads\/2025\/08\/vlcsnap-2023-06-22-17h40m07s325-150x84.png 150w, https:\/\/evolve-fitness.eu\/wp-content\/uploads\/2025\/08\/vlcsnap-2023-06-22-17h40m07s325-768x432.png 768w, https:\/\/evolve-fitness.eu\/wp-content\/uploads\/2025\/08\/vlcsnap-2023-06-22-17h40m07s325-1536x864.png 1536w, https:\/\/evolve-fitness.eu\/wp-content\/uploads\/2025\/08\/vlcsnap-2023-06-22-17h40m07s325-2048x1152.png 2048w, https:\/\/evolve-fitness.eu\/wp-content\/uploads\/2025\/08\/vlcsnap-2023-06-22-17h40m07s325-600x338.png 600w, https:\/\/evolve-fitness.eu\/wp-content\/uploads\/2025\/08\/vlcsnap-2023-06-22-17h40m07s325-267x150.png 267w\" sizes=\"auto, (max-width: 1024px) 100vw, 1024px\" \/><\/figure>\n<\/div>\n\n\n\n<div class=\"wp-block-column is-vertically-aligned-center is-layout-flow wp-block-column-is-layout-flow\">\n<h3 class=\"wp-block-heading\" style=\"margin-bottom:var(--wp--preset--spacing--h-3-bottom)\"><strong><strong><strong><strong><strong><strong><strong><strong>Vi hanterar mer \u00e4n bara konditionstr\u00e4ning<\/strong><\/strong><\/strong><\/strong><\/strong><\/strong><\/strong><\/strong><\/h3>\n\n\n\n<p>Vill du installera en basketplan eller ett basketkorgsystem? Vi kan komma till platsen och f\u00e5 det att h\u00e4nda. Beh\u00f6ver du en komplett gymupps\u00e4ttning fr\u00e5n b\u00f6rjan? Vi har allt du beh\u00f6ver. V\u00e5r expertis str\u00e4cker sig \u00f6ver fitness-, sport- och rekreationsutrustning och ger l\u00f6sningar som \u00e4r skr\u00e4ddarsydda f\u00f6r ditt utrymme och dina krav.    <\/p>\n<\/div>\n<\/div>\n\n\n\n<div class=\"wp-block-columns alignwide is-layout-flex wp-container-core-columns-is-layout-ca64bf2d wp-block-columns-is-layout-flex\" style=\"margin-bottom:var(--wp--preset--spacing--side-padding)\">\n<div class=\"wp-block-column is-vertically-aligned-center is-layout-flow wp-block-column-is-layout-flow\" style=\"padding-top:var(--wp--preset--spacing--side-padding)\">\n<h3 class=\"wp-block-heading\" style=\"margin-bottom:var(--wp--preset--spacing--h-3-bottom)\"><strong><strong><strong><strong><strong><strong><strong><strong>L\u00f6sningar \u00f6ver hela Europa<\/strong><\/strong><\/strong><\/strong><\/strong><\/strong><\/strong><\/strong><\/h3>\n\n\n\n<p>V\u00e5ra leverans- och installationstj\u00e4nster t\u00e4cker alla europeiska l\u00e4nder. Fr\u00e5n enstaka maskiner till kompletta kommersiella gym, fr\u00e5n privata studior till sportkomplex &#8211; vi ser till att varje projekt hanteras med samma professionalism och omsorg. <br\/><\/p>\n<\/div>\n\n\n\n<div class=\"wp-block-column is-vertically-aligned-center is-layout-flow wp-block-column-is-layout-flow\">\n<figure class=\"wp-block-image size-large\"><img loading=\"lazy\" decoding=\"async\" width=\"1024\" height=\"683\" src=\"https:\/\/evolve-fitness.eu\/wp-content\/uploads\/2025\/08\/8-1024x683.jpg\" alt=\"\" class=\"wp-image-201974\" srcset=\"https:\/\/evolve-fitness.eu\/wp-content\/uploads\/2025\/08\/8-1024x683.jpg 1024w, https:\/\/evolve-fitness.eu\/wp-content\/uploads\/2025\/08\/8-300x200.jpg 300w, https:\/\/evolve-fitness.eu\/wp-content\/uploads\/2025\/08\/8-150x100.jpg 150w, https:\/\/evolve-fitness.eu\/wp-content\/uploads\/2025\/08\/8-768x512.jpg 768w, https:\/\/evolve-fitness.eu\/wp-content\/uploads\/2025\/08\/8-1536x1024.jpg 1536w, https:\/\/evolve-fitness.eu\/wp-content\/uploads\/2025\/08\/8-2048x1366.jpg 2048w, https:\/\/evolve-fitness.eu\/wp-content\/uploads\/2025\/08\/8-600x400.jpg 600w, https:\/\/evolve-fitness.eu\/wp-content\/uploads\/2025\/08\/8-225x150.jpg 225w\" sizes=\"auto, (max-width: 1024px) 100vw, 1024px\" \/><\/figure>\n<\/div>\n<\/div>\n\n\n\n<div class=\"wp-block-columns alignwide mobile-reverse is-layout-flex wp-container-core-columns-is-layout-c45ee707 wp-block-columns-is-layout-flex\" style=\"margin-bottom:var(--wp--preset--spacing--side-padding);padding-top:var(--wp--preset--spacing--side-padding)\">\n<div class=\"wp-block-column is-vertically-aligned-center is-layout-flow wp-block-column-is-layout-flow\">\n<figure class=\"wp-block-image size-large is-style-default\"><img loading=\"lazy\" decoding=\"async\" width=\"1024\" height=\"683\" src=\"https:\/\/evolve-fitness.eu\/wp-content\/uploads\/2025\/08\/Gym-Gardino-14-1024x683.jpg\" alt=\"\" class=\"wp-image-202024\" srcset=\"https:\/\/evolve-fitness.eu\/wp-content\/uploads\/2025\/08\/Gym-Gardino-14-1024x683.jpg 1024w, https:\/\/evolve-fitness.eu\/wp-content\/uploads\/2025\/08\/Gym-Gardino-14-300x200.jpg 300w, https:\/\/evolve-fitness.eu\/wp-content\/uploads\/2025\/08\/Gym-Gardino-14-150x100.jpg 150w, https:\/\/evolve-fitness.eu\/wp-content\/uploads\/2025\/08\/Gym-Gardino-14-768x512.jpg 768w, https:\/\/evolve-fitness.eu\/wp-content\/uploads\/2025\/08\/Gym-Gardino-14-1536x1024.jpg 1536w, https:\/\/evolve-fitness.eu\/wp-content\/uploads\/2025\/08\/Gym-Gardino-14-600x400.jpg 600w, https:\/\/evolve-fitness.eu\/wp-content\/uploads\/2025\/08\/Gym-Gardino-14-225x150.jpg 225w, https:\/\/evolve-fitness.eu\/wp-content\/uploads\/2025\/08\/Gym-Gardino-14.jpg 2048w\" sizes=\"auto, (max-width: 1024px) 100vw, 1024px\" \/><\/figure>\n<\/div>\n\n\n\n<div class=\"wp-block-column is-vertically-aligned-center is-layout-flow wp-block-column-is-layout-flow\">\n<h3 class=\"wp-block-heading\" style=\"margin-bottom:var(--wp--preset--spacing--h-3-bottom)\"><strong><strong><strong><strong><strong><strong><strong><strong>Ditt projekt, v\u00e5rt \u00e5tagande<\/strong><\/strong><\/strong><\/strong><\/strong><\/strong><\/strong><\/strong><\/h3>\n\n\n\n<p>Oavsett storlek eller komplexitet anser vi att varje installation f\u00f6rtj\u00e4nar ett personligt tillv\u00e4gag\u00e5ngss\u00e4tt. Vi kombinerar teknisk expertis, moderna designverktyg och praktisk erfarenhet f\u00f6r att leverera resultat som \u00f6vertr\u00e4ffar f\u00f6rv\u00e4ntningarna. <\/p>\n<\/div>\n<\/div>\n<\/section>\n","protected":false},"excerpt":{"rendered":"<p>Vi levererar. Vi installerar. Du utbildar. Kompletta gyml\u00f6sningar \u00f6ver hela Europa Vi erbjuder professionella leverans-, installations- och utbildningstj\u00e4nster i alla europeiska l\u00e4nder. Oavsett om du beh\u00f6ver en enstaka utrustning eller ett komplett gym, tar vi hand om processen fr\u00e5n planering till montering &#8211; s\u00e5 att du kan fokusera p\u00e5 tr\u00e4ningen. Fr\u00e5n id\u00e9 till verklighet Varje [&hellip;]<\/p>\n","protected":false},"author":15,"featured_media":0,"parent":0,"menu_order":0,"comment_status":"closed","ping_status":"closed","template":"","meta":{"_acf_changed":false,"inline_featured_image":false,"footnotes":""},"class_list":["post-213164","page","type-page","status-publish","hentry"],"acf":[],"yoast_head":"<!-- This site is optimized with the Yoast SEO plugin v27.4 - https:\/\/yoast.com\/product\/yoast-seo-wordpress\/ -->\n<title>Installation - Evolve<\/title>\n<meta name=\"description\" content=\"V\u00e5ra leverans- och installationstj\u00e4nster t\u00e4cker alla europeiska l\u00e4nder. Fr\u00e5n enstaka maskiner till kompletta kommersiella gym, alla typer av gym\" \/>\n<meta name=\"robots\" content=\"index, follow, max-snippet:-1, max-image-preview:large, max-video-preview:-1\" \/>\n<link rel=\"canonical\" href=\"https:\/\/evolve-fitness.eu\/sv\/installation\/\" \/>\n<meta property=\"og:locale\" content=\"sv_SE\" \/>\n<meta property=\"og:type\" content=\"article\" \/>\n<meta property=\"og:title\" content=\"Installation - Evolve\" \/>\n<meta property=\"og:description\" content=\"V\u00e5ra leverans- och installationstj\u00e4nster t\u00e4cker alla europeiska l\u00e4nder. Fr\u00e5n enstaka maskiner till kompletta kommersiella gym, alla typer av gym\" \/>\n<meta property=\"og:url\" content=\"https:\/\/evolve-fitness.eu\/sv\/installation\/\" \/>\n<meta property=\"og:site_name\" content=\"Evolve\" \/>\n<meta property=\"article:publisher\" content=\"https:\/\/www.facebook.com\/EvolveFitnessEurope\" \/>\n<meta property=\"article:modified_time\" content=\"2025-11-05T08:19:38+00:00\" \/>\n<meta property=\"og:image\" content=\"https:\/\/evolve-fitness.eu\/wp-content\/uploads\/2025\/08\/vlcsnap-2023-06-22-17h40m07s325-scaled.png\" \/>\n\t<meta property=\"og:image:width\" content=\"2560\" \/>\n\t<meta property=\"og:image:height\" content=\"1440\" \/>\n\t<meta property=\"og:image:type\" content=\"image\/png\" \/>\n<meta name=\"twitter:card\" content=\"summary_large_image\" \/>\n<script type=\"application\/ld+json\" class=\"yoast-schema-graph\">{\"@context\":\"https:\\\/\\\/schema.org\",\"@graph\":[{\"@type\":\"WebPage\",\"@id\":\"https:\\\/\\\/evolve-fitness.eu\\\/sv\\\/installation\\\/\",\"url\":\"https:\\\/\\\/evolve-fitness.eu\\\/sv\\\/installation\\\/\",\"name\":\"Installation - Evolve\",\"isPartOf\":{\"@id\":\"https:\\\/\\\/evolve-fitness.eu\\\/sv\\\/#website\"},\"primaryImageOfPage\":{\"@id\":\"https:\\\/\\\/evolve-fitness.eu\\\/sv\\\/installation\\\/#primaryimage\"},\"image\":{\"@id\":\"https:\\\/\\\/evolve-fitness.eu\\\/sv\\\/installation\\\/#primaryimage\"},\"thumbnailUrl\":\"https:\\\/\\\/evolve-fitness.eu\\\/wp-content\\\/uploads\\\/2025\\\/08\\\/vlcsnap-2023-06-22-17h40m07s325-1024x576.png\",\"datePublished\":\"2025-07-07T03:44:43+00:00\",\"dateModified\":\"2025-11-05T08:19:38+00:00\",\"description\":\"V\u00e5ra leverans- och installationstj\u00e4nster t\u00e4cker alla europeiska l\u00e4nder. Fr\u00e5n enstaka maskiner till kompletta kommersiella gym, alla typer av gym\",\"breadcrumb\":{\"@id\":\"https:\\\/\\\/evolve-fitness.eu\\\/sv\\\/installation\\\/#breadcrumb\"},\"inLanguage\":\"sv-SE\",\"potentialAction\":[{\"@type\":\"ReadAction\",\"target\":[\"https:\\\/\\\/evolve-fitness.eu\\\/sv\\\/installation\\\/\"]}]},{\"@type\":\"ImageObject\",\"inLanguage\":\"sv-SE\",\"@id\":\"https:\\\/\\\/evolve-fitness.eu\\\/sv\\\/installation\\\/#primaryimage\",\"url\":\"https:\\\/\\\/evolve-fitness.eu\\\/wp-content\\\/uploads\\\/2025\\\/08\\\/vlcsnap-2023-06-22-17h40m07s325-1024x576.png\",\"contentUrl\":\"https:\\\/\\\/evolve-fitness.eu\\\/wp-content\\\/uploads\\\/2025\\\/08\\\/vlcsnap-2023-06-22-17h40m07s325-1024x576.png\"},{\"@type\":\"BreadcrumbList\",\"@id\":\"https:\\\/\\\/evolve-fitness.eu\\\/sv\\\/installation\\\/#breadcrumb\",\"itemListElement\":[{\"@type\":\"ListItem\",\"position\":1,\"name\":\"Home\",\"item\":\"https:\\\/\\\/evolve-fitness.eu\\\/sv\\\/\"},{\"@type\":\"ListItem\",\"position\":2,\"name\":\"Installation\"}]},{\"@type\":\"WebSite\",\"@id\":\"https:\\\/\\\/evolve-fitness.eu\\\/sv\\\/#website\",\"url\":\"https:\\\/\\\/evolve-fitness.eu\\\/sv\\\/\",\"name\":\"Evolve\",\"description\":\"Your Evolved Gear Arrived\",\"publisher\":{\"@id\":\"https:\\\/\\\/evolve-fitness.eu\\\/sv\\\/#organization\"},\"potentialAction\":[{\"@type\":\"SearchAction\",\"target\":{\"@type\":\"EntryPoint\",\"urlTemplate\":\"https:\\\/\\\/evolve-fitness.eu\\\/sv\\\/?s={search_term_string}\"},\"query-input\":{\"@type\":\"PropertyValueSpecification\",\"valueRequired\":true,\"valueName\":\"search_term_string\"}}],\"inLanguage\":\"sv-SE\"},{\"@type\":\"Organization\",\"@id\":\"https:\\\/\\\/evolve-fitness.eu\\\/sv\\\/#organization\",\"name\":\"Evolve\",\"url\":\"https:\\\/\\\/evolve-fitness.eu\\\/sv\\\/\",\"logo\":{\"@type\":\"ImageObject\",\"inLanguage\":\"sv-SE\",\"@id\":\"https:\\\/\\\/evolve-fitness.eu\\\/sv\\\/#\\\/schema\\\/logo\\\/image\\\/\",\"url\":\"https:\\\/\\\/evolve-fitness.eu\\\/wp-content\\\/uploads\\\/2023\\\/05\\\/Evolve-logo.svg\",\"contentUrl\":\"https:\\\/\\\/evolve-fitness.eu\\\/wp-content\\\/uploads\\\/2023\\\/05\\\/Evolve-logo.svg\",\"width\":176,\"height\":20,\"caption\":\"Evolve\"},\"image\":{\"@id\":\"https:\\\/\\\/evolve-fitness.eu\\\/sv\\\/#\\\/schema\\\/logo\\\/image\\\/\"},\"sameAs\":[\"https:\\\/\\\/www.facebook.com\\\/EvolveFitnessEurope\"]}]}<\/script>\n<!-- \/ Yoast SEO plugin. -->","yoast_head_json":{"title":"Installation - Evolve","description":"V\u00e5ra leverans- och installationstj\u00e4nster t\u00e4cker alla europeiska l\u00e4nder. Fr\u00e5n enstaka maskiner till kompletta kommersiella gym, alla typer av gym","robots":{"index":"index","follow":"follow","max-snippet":"max-snippet:-1","max-image-preview":"max-image-preview:large","max-video-preview":"max-video-preview:-1"},"canonical":"https:\/\/evolve-fitness.eu\/sv\/installation\/","og_locale":"sv_SE","og_type":"article","og_title":"Installation - Evolve","og_description":"V\u00e5ra leverans- och installationstj\u00e4nster t\u00e4cker alla europeiska l\u00e4nder. Fr\u00e5n enstaka maskiner till kompletta kommersiella gym, alla typer av gym","og_url":"https:\/\/evolve-fitness.eu\/sv\/installation\/","og_site_name":"Evolve","article_publisher":"https:\/\/www.facebook.com\/EvolveFitnessEurope","article_modified_time":"2025-11-05T08:19:38+00:00","og_image":[{"width":2560,"height":1440,"url":"https:\/\/evolve-fitness.eu\/wp-content\/uploads\/2025\/08\/vlcsnap-2023-06-22-17h40m07s325-scaled.png","type":"image\/png"}],"twitter_card":"summary_large_image","schema":{"@context":"https:\/\/schema.org","@graph":[{"@type":"WebPage","@id":"https:\/\/evolve-fitness.eu\/sv\/installation\/","url":"https:\/\/evolve-fitness.eu\/sv\/installation\/","name":"Installation - Evolve","isPartOf":{"@id":"https:\/\/evolve-fitness.eu\/sv\/#website"},"primaryImageOfPage":{"@id":"https:\/\/evolve-fitness.eu\/sv\/installation\/#primaryimage"},"image":{"@id":"https:\/\/evolve-fitness.eu\/sv\/installation\/#primaryimage"},"thumbnailUrl":"https:\/\/evolve-fitness.eu\/wp-content\/uploads\/2025\/08\/vlcsnap-2023-06-22-17h40m07s325-1024x576.png","datePublished":"2025-07-07T03:44:43+00:00","dateModified":"2025-11-05T08:19:38+00:00","description":"V\u00e5ra leverans- och installationstj\u00e4nster t\u00e4cker alla europeiska l\u00e4nder. Fr\u00e5n enstaka maskiner till kompletta kommersiella gym, alla typer av gym","breadcrumb":{"@id":"https:\/\/evolve-fitness.eu\/sv\/installation\/#breadcrumb"},"inLanguage":"sv-SE","potentialAction":[{"@type":"ReadAction","target":["https:\/\/evolve-fitness.eu\/sv\/installation\/"]}]},{"@type":"ImageObject","inLanguage":"sv-SE","@id":"https:\/\/evolve-fitness.eu\/sv\/installation\/#primaryimage","url":"https:\/\/evolve-fitness.eu\/wp-content\/uploads\/2025\/08\/vlcsnap-2023-06-22-17h40m07s325-1024x576.png","contentUrl":"https:\/\/evolve-fitness.eu\/wp-content\/uploads\/2025\/08\/vlcsnap-2023-06-22-17h40m07s325-1024x576.png"},{"@type":"BreadcrumbList","@id":"https:\/\/evolve-fitness.eu\/sv\/installation\/#breadcrumb","itemListElement":[{"@type":"ListItem","position":1,"name":"Home","item":"https:\/\/evolve-fitness.eu\/sv\/"},{"@type":"ListItem","position":2,"name":"Installation"}]},{"@type":"WebSite","@id":"https:\/\/evolve-fitness.eu\/sv\/#website","url":"https:\/\/evolve-fitness.eu\/sv\/","name":"Evolve","description":"Your Evolved Gear Arrived","publisher":{"@id":"https:\/\/evolve-fitness.eu\/sv\/#organization"},"potentialAction":[{"@type":"SearchAction","target":{"@type":"EntryPoint","urlTemplate":"https:\/\/evolve-fitness.eu\/sv\/?s={search_term_string}"},"query-input":{"@type":"PropertyValueSpecification","valueRequired":true,"valueName":"search_term_string"}}],"inLanguage":"sv-SE"},{"@type":"Organization","@id":"https:\/\/evolve-fitness.eu\/sv\/#organization","name":"Evolve","url":"https:\/\/evolve-fitness.eu\/sv\/","logo":{"@type":"ImageObject","inLanguage":"sv-SE","@id":"https:\/\/evolve-fitness.eu\/sv\/#\/schema\/logo\/image\/","url":"https:\/\/evolve-fitness.eu\/wp-content\/uploads\/2023\/05\/Evolve-logo.svg","contentUrl":"https:\/\/evolve-fitness.eu\/wp-content\/uploads\/2023\/05\/Evolve-logo.svg","width":176,"height":20,"caption":"Evolve"},"image":{"@id":"https:\/\/evolve-fitness.eu\/sv\/#\/schema\/logo\/image\/"},"sameAs":["https:\/\/www.facebook.com\/EvolveFitnessEurope"]}]}},"_links":{"self":[{"href":"https:\/\/evolve-fitness.eu\/sv\/wp-json\/wp\/v2\/pages\/213164","targetHints":{"allow":["GET"]}}],"collection":[{"href":"https:\/\/evolve-fitness.eu\/sv\/wp-json\/wp\/v2\/pages"}],"about":[{"href":"https:\/\/evolve-fitness.eu\/sv\/wp-json\/wp\/v2\/types\/page"}],"author":[{"embeddable":true,"href":"https:\/\/evolve-fitness.eu\/sv\/wp-json\/wp\/v2\/users\/15"}],"replies":[{"embeddable":true,"href":"https:\/\/evolve-fitness.eu\/sv\/wp-json\/wp\/v2\/comments?post=213164"}],"version-history":[{"count":0,"href":"https:\/\/evolve-fitness.eu\/sv\/wp-json\/wp\/v2\/pages\/213164\/revisions"}],"wp:attachment":[{"href":"https:\/\/evolve-fitness.eu\/sv\/wp-json\/wp\/v2\/media?parent=213164"}],"curies":[{"name":"wp","href":"https:\/\/api.w.org\/{rel}","templated":true}]}}