{"id":101442,"date":"2023-08-31T11:21:54","date_gmt":"2023-08-31T11:21:54","guid":{"rendered":"https:\/\/evolve-fitness.eu\/product\/evolve-ultra-series-selectorized-lateral-raise-staende-pec-fly-2\/"},"modified":"2026-03-26T11:27:55","modified_gmt":"2026-03-26T09:27:55","slug":"evolve-ultra-series-selectorized-lateral-raise-staende-pec-fly-2","status":"publish","type":"product","link":"https:\/\/evolve-fitness.eu\/sv\/produkt\/evolve-ultra-series-selectorized-lateral-raise-staende-pec-fly-2\/","title":{"rendered":"Evolve Ultra Series Selectorized Lateral Raise \/ St\u00e5ende Pec Fly (UL-340)"},"content":{"rendered":"\n<section class=\"wp-block-group alignfull has-lightgray-background-color has-background is-layout-constrained wp-block-group-is-layout-constrained\">\n<div class=\"wp-block-columns alignwide is-layout-flex wp-container-core-columns-is-layout-2edb0647 wp-block-columns-is-layout-flex\" style=\"margin-top:0;margin-bottom:0\">\n<div class=\"wp-block-column is-layout-flow wp-block-column-is-layout-flow\" style=\"flex-basis:33.33%\"><\/div>\n\n\n\n<div class=\"wp-block-column is-layout-flow wp-block-column-is-layout-flow\" style=\"flex-basis:66.66%\"><\/div>\n<\/div>\n<\/section>\n\n<section class=\"wp-block-group alignfull black-content has-white-color has-darkgray-background-color has-text-color has-background is-layout-constrained wp-block-group-is-layout-constrained\" style=\"padding-top:var(--wp--preset--spacing--section-bottom);padding-bottom:var(--wp--preset--spacing--section-bottom)\">\n<div class=\"wp-block-columns alignwide mobile-reverse is-layout-flex wp-container-core-columns-is-layout-ca64bf2d wp-block-columns-is-layout-flex\" style=\"margin-bottom:var(--wp--preset--spacing--side-padding)\">\n<div class=\"wp-block-column is-vertically-aligned-center is-layout-flow wp-block-column-is-layout-flow\">\n<h3 class=\"wp-block-heading\">V\u00e4lkommen till Ultra-serien<\/h3>\n\n\n\n<p><\/p>\n\n\n\n<p><strong><em>L\u00e4r k\u00e4nna v\u00e5r utrustning i Ultra-serien med toppmodern 3D 360-visning<\/em><\/strong><\/p>\n\n\n\n<p>Evolve Ultra Series Selectorized Lateral Raise \/ Standing Pec Fly, en del av Evolve Ultra Series, \u00e4r byggd f\u00f6r b\u00e5de komfort och prestanda. Maskinen \u00e4r konstruerad f\u00f6r m\u00e5ngsidig tr\u00e4ning, ergonomiskt st\u00f6d och justeringsm\u00f6jligheter f\u00f6r olika anv\u00e4ndarstorlekar. Designen \u00e4r estetiskt tilltalande med en h\u00e5llbar, pulverlackerad yta, och anv\u00e4ndningen av h\u00f6gkvalitativa kablar s\u00e4kerst\u00e4ller smidig drift.<\/p>\n<\/div>\n\n\n\n<div class=\"wp-block-column is-vertically-aligned-center is-layout-flow wp-block-column-is-layout-flow\">\n<figure class=\"wp-block-video\"><video height=\"720\" style=\"aspect-ratio: 1280 \/ 720;\" width=\"1280\" autoplay=\"\" controls=\"\" loop=\"\" muted=\"\" src=\"https:\/\/evolve-fitness.eu\/wp-content\/uploads\/2023\/08\/Evolve-Ultra-Series-Selectorized-Lateral-Raise-Standing-Pec-Fly.mp4\"><\/video><\/figure>\n<\/div>\n<\/div>\n\n\n\n<div class=\"wp-block-columns alignwide mobile-reverse is-layout-flex wp-container-core-columns-is-layout-ca64bf2d wp-block-columns-is-layout-flex\" style=\"margin-bottom:var(--wp--preset--spacing--side-padding)\">\n<div class=\"wp-block-column is-vertically-aligned-center is-layout-flow wp-block-column-is-layout-flow\">\n<figure class=\"wp-block-video\"><video height=\"1080\" style=\"aspect-ratio: 1920 \/ 1080;\" width=\"1920\" autoplay=\"\" controls=\"\" loop=\"\" muted=\"\" src=\"https:\/\/evolve-fitness.eu\/wp-content\/uploads\/2023\/08\/EV-SC-UL-340-Main.mp4\"><\/video><\/figure>\n<\/div>\n\n\n\n<div class=\"wp-block-column is-vertically-aligned-center is-layout-flow wp-block-column-is-layout-flow\">\n<h3 class=\"wp-block-heading\" style=\"margin-bottom:var(--wp--preset--spacing--h-3-bottom)\">Muskler<\/h3>\n\n\n\n<p><em><strong>Maskin med dubbla funktioner erbjuder ett helt\u00e4ckande tillv\u00e4gag\u00e5ngss\u00e4tt f\u00f6r tr\u00e4ning av \u00f6verkroppen<\/strong><\/em><\/p>\n\n\n\n<p>Evolve Ultra Series Selectorized Lateral Raise\/Standing Pec Fly-maskinen \u00e4r utformad f\u00f6r att rikta in sig p\u00e5 tv\u00e5 huvudsakliga muskelgrupper: <strong>Lateral h\u00f6jning:<\/strong> Denna r\u00f6relse arbetar fr\u00e4mst med deltoidmusklerna i axlarna, s\u00e4rskilt de mellersta (laterala) deltoiderna. Den \u00e4r effektiv f\u00f6r att st\u00e4rka axlarna och bygga axelbredd; <strong>Standing Pec Fly:<\/strong> Denna \u00f6vning fokuserar p\u00e5 br\u00f6stmusklerna i br\u00f6stet. Den \u00e4r utm\u00e4rkt f\u00f6r br\u00f6stutveckling, riktar in sig p\u00e5 pectoralis major och hj\u00e4lper till att f\u00f6rb\u00e4ttra br\u00f6stets \u00f6vergripande utseende och styrka.<\/p>\n<\/div>\n<\/div>\n\n\n\n<div class=\"wp-block-columns alignwide mobile-reverse is-layout-flex wp-container-core-columns-is-layout-ca64bf2d wp-block-columns-is-layout-flex\" style=\"margin-bottom:var(--wp--preset--spacing--side-padding)\">\n<div class=\"wp-block-column is-vertically-aligned-center is-layout-flow wp-block-column-is-layout-flow\">\n<h3 class=\"wp-block-heading\" style=\"margin-bottom:var(--wp--preset--spacing--h-3-bottom)\">S\u00e4kerhet m\u00f6ter stil<\/h3>\n\n\n\n<p><strong><em>Fullt t\u00e4ckt sk\u00e4rm f\u00f6r viktmagasin<\/em><\/strong><\/p>\n\n\n\n<p>F\u00f6r gym\u00e4gare och fitnessf\u00f6retagare \u00e4r s\u00e4kerhet och estetik av st\u00f6rsta vikt. Evolve Ultra Series har en helt\u00e4ckande Weight Stack Shroud som s\u00f6ml\u00f6st kombinerar s\u00e4kerhet och stil. Genom att f\u00f6rb\u00e4ttra s\u00e4kerheten och f\u00f6rhindra olyckor samtidigt som du h\u00e5ller ditt gym rent, \u00e4r detta skydd ett viktigt tillskott till alla tr\u00e4ningsanl\u00e4ggningar. F\u00f6rh\u00f6j ditt gyms visuella attraktionskraft samtidigt som du prioriterar dina kunders s\u00e4kerhet under varje tr\u00e4ningspass.<\/p>\n<\/div>\n\n\n\n<div class=\"wp-block-column is-vertically-aligned-center is-layout-flow wp-block-column-is-layout-flow\">\n<figure class=\"wp-block-image size-large\"><img loading=\"lazy\" decoding=\"async\" width=\"683\" height=\"1024\" src=\"https:\/\/evolve-fitness.eu\/wp-content\/uploads\/2023\/08\/A7_08509-683x1024.jpg\" alt=\"\" class=\"wp-image-8741\" srcset=\"https:\/\/evolve-fitness.eu\/wp-content\/uploads\/2023\/08\/A7_08509-683x1024.jpg 683w, https:\/\/evolve-fitness.eu\/wp-content\/uploads\/2023\/08\/A7_08509-300x450.jpg 300w, https:\/\/evolve-fitness.eu\/wp-content\/uploads\/2023\/08\/A7_08509-100x150.jpg 100w, https:\/\/evolve-fitness.eu\/wp-content\/uploads\/2023\/08\/A7_08509-600x900.jpg 600w, https:\/\/evolve-fitness.eu\/wp-content\/uploads\/2023\/08\/A7_08509-200x300.jpg 200w, https:\/\/evolve-fitness.eu\/wp-content\/uploads\/2023\/08\/A7_08509-768x1152.jpg 768w, https:\/\/evolve-fitness.eu\/wp-content\/uploads\/2023\/08\/A7_08509-1024x1536.jpg 1024w, https:\/\/evolve-fitness.eu\/wp-content\/uploads\/2023\/08\/A7_08509.jpg 1320w\" sizes=\"auto, (max-width: 683px) 100vw, 683px\" \/><\/figure>\n<\/div>\n<\/div>\n\n\n\n<div class=\"wp-block-columns alignwide is-layout-flex wp-container-core-columns-is-layout-c45ee707 wp-block-columns-is-layout-flex\" style=\"margin-bottom:var(--wp--preset--spacing--side-padding);padding-top:var(--wp--preset--spacing--side-padding)\">\n<div class=\"wp-block-column is-vertically-aligned-center is-layout-flow wp-block-column-is-layout-flow\">\n<figure class=\"wp-block-image size-large\"><img loading=\"lazy\" decoding=\"async\" width=\"1024\" height=\"685\" src=\"https:\/\/evolve-fitness.eu\/wp-content\/uploads\/2023\/08\/A7_08524-1024x685.jpg\" alt=\"\" class=\"wp-image-8737\" srcset=\"https:\/\/evolve-fitness.eu\/wp-content\/uploads\/2023\/08\/A7_08524-1024x685.jpg 1024w, https:\/\/evolve-fitness.eu\/wp-content\/uploads\/2023\/08\/A7_08524-300x201.jpg 300w, https:\/\/evolve-fitness.eu\/wp-content\/uploads\/2023\/08\/A7_08524-224x150.jpg 224w, https:\/\/evolve-fitness.eu\/wp-content\/uploads\/2023\/08\/A7_08524-600x402.jpg 600w, https:\/\/evolve-fitness.eu\/wp-content\/uploads\/2023\/08\/A7_08524-150x100.jpg 150w, https:\/\/evolve-fitness.eu\/wp-content\/uploads\/2023\/08\/A7_08524-768x514.jpg 768w, https:\/\/evolve-fitness.eu\/wp-content\/uploads\/2023\/08\/A7_08524-1536x1028.jpg 1536w, https:\/\/evolve-fitness.eu\/wp-content\/uploads\/2023\/08\/A7_08524.jpg 1980w\" sizes=\"auto, (max-width: 1024px) 100vw, 1024px\" \/><\/figure>\n<\/div>\n\n\n\n<div class=\"wp-block-column is-vertically-aligned-center is-layout-flow wp-block-column-is-layout-flow\">\n<h3 class=\"wp-block-heading\" style=\"margin-bottom:var(--wp--preset--spacing--h-3-bottom)\">Snygg och h\u00e5llbar<\/h3>\n\n\n\n<p><strong><em>Den unika matta f\u00e4rgfinishen<\/em><\/strong><\/p>\n\n\n\n<p style=\"margin-bottom:var(--wp--preset--spacing--tb-section-padding)\">Ultra-serien introducerar en kombination av s\u00e4kerhet och stil med kapslade viktmagasin. Ogenomskinliga plast\u00f6verdrag prioriterar tr\u00e4ningss\u00e4kerhet samtidigt som de ger en elegant touch till din tr\u00e4ningslokal. Oavsett om du \u00e4r gym\u00e4gare eller fitnessentusiast kommer du att uppskatta det visuella intrycket och den s\u00e4kerhet som dessa h\u00f6ljen ger ditt gym.<\/p>\n<\/div>\n<\/div>\n\n\n\n<div class=\"wp-block-columns alignwide are-vertically-aligned-center mobile-reverse is-layout-flex wp-container-core-columns-is-layout-e8158c2f wp-block-columns-is-layout-flex\" style=\"padding-top:var(--wp--preset--spacing--side-padding)\">\n<div class=\"wp-block-column is-vertically-aligned-center is-layout-flow wp-block-column-is-layout-flow\">\n<h3 class=\"wp-block-heading\" style=\"margin-bottom:var(--wp--preset--spacing--h-3-bottom)\"><strong>Optimala handgrepp<\/strong><\/h3>\n\n\n\n<p><strong><em><strong><em>F\u00f6rh\u00f6jd tr\u00e4ningsupplevelse<\/em><\/strong><\/em><\/strong><\/p>\n\n\n\n<p style=\"margin-bottom:var(--wp--preset--spacing--tb-section-padding)\">Att locka och beh\u00e5lla kunder \u00e4r avg\u00f6rande f\u00f6r gym\u00e4gare och chefer f\u00f6r fitnessanl\u00e4ggningar. Evolve Ultra-serien erbjuder optimala handgrepp, noggrant utformade f\u00f6r komfort och s\u00e4kerhet. F\u00f6rh\u00f6j dina kunders tr\u00e4ningsupplevelse, h\u00e5ll dem engagerade och motiverade att uppn\u00e5 sina tr\u00e4ningsm\u00e5l p\u00e5 din anl\u00e4ggning.<\/p>\n<\/div>\n\n\n\n<div class=\"wp-block-column is-vertically-aligned-center is-layout-flow wp-block-column-is-layout-flow\">\n<figure class=\"wp-block-image size-large\"><img loading=\"lazy\" decoding=\"async\" width=\"1024\" height=\"683\" src=\"https:\/\/evolve-fitness.eu\/wp-content\/uploads\/2023\/08\/A7_08527-1024x683.jpg\" alt=\"\" class=\"wp-image-8739\" srcset=\"https:\/\/evolve-fitness.eu\/wp-content\/uploads\/2023\/08\/A7_08527-1024x683.jpg 1024w, https:\/\/evolve-fitness.eu\/wp-content\/uploads\/2023\/08\/A7_08527-300x200.jpg 300w, https:\/\/evolve-fitness.eu\/wp-content\/uploads\/2023\/08\/A7_08527-225x150.jpg 225w, https:\/\/evolve-fitness.eu\/wp-content\/uploads\/2023\/08\/A7_08527-600x400.jpg 600w, https:\/\/evolve-fitness.eu\/wp-content\/uploads\/2023\/08\/A7_08527-150x100.jpg 150w, https:\/\/evolve-fitness.eu\/wp-content\/uploads\/2023\/08\/A7_08527-768x512.jpg 768w, https:\/\/evolve-fitness.eu\/wp-content\/uploads\/2023\/08\/A7_08527-1536x1024.jpg 1536w, https:\/\/evolve-fitness.eu\/wp-content\/uploads\/2023\/08\/A7_08527.jpg 1980w\" sizes=\"auto, (max-width: 1024px) 100vw, 1024px\" \/><\/figure>\n<\/div>\n<\/div>\n\n\n\n<div class=\"wp-block-columns alignwide are-vertically-aligned-center mobile-reverse is-layout-flex wp-container-core-columns-is-layout-e8158c2f wp-block-columns-is-layout-flex\" style=\"padding-top:var(--wp--preset--spacing--side-padding)\">\n<div class=\"wp-block-column is-vertically-aligned-center is-layout-flow wp-block-column-is-layout-flow\">\n<figure class=\"wp-block-image size-large\"><img loading=\"lazy\" decoding=\"async\" width=\"1024\" height=\"683\" src=\"https:\/\/evolve-fitness.eu\/wp-content\/uploads\/2023\/08\/A7_08545-1024x683.jpg\" alt=\"\" class=\"wp-image-8734\" srcset=\"https:\/\/evolve-fitness.eu\/wp-content\/uploads\/2023\/08\/A7_08545-1024x683.jpg 1024w, https:\/\/evolve-fitness.eu\/wp-content\/uploads\/2023\/08\/A7_08545-300x200.jpg 300w, https:\/\/evolve-fitness.eu\/wp-content\/uploads\/2023\/08\/A7_08545-225x150.jpg 225w, https:\/\/evolve-fitness.eu\/wp-content\/uploads\/2023\/08\/A7_08545-600x400.jpg 600w, https:\/\/evolve-fitness.eu\/wp-content\/uploads\/2023\/08\/A7_08545-150x100.jpg 150w, https:\/\/evolve-fitness.eu\/wp-content\/uploads\/2023\/08\/A7_08545-768x512.jpg 768w, https:\/\/evolve-fitness.eu\/wp-content\/uploads\/2023\/08\/A7_08545-1536x1024.jpg 1536w, https:\/\/evolve-fitness.eu\/wp-content\/uploads\/2023\/08\/A7_08545.jpg 1980w\" sizes=\"auto, (max-width: 1024px) 100vw, 1024px\" \/><\/figure>\n<\/div>\n\n\n\n<div class=\"wp-block-column is-vertically-aligned-center is-layout-flow wp-block-column-is-layout-flow\">\n<h3 class=\"wp-block-heading\">Oberoende armr\u00f6relser<\/h3>\n\n\n\n<p><\/p>\n\n\n\n<p><strong><em>En spelf\u00f6r\u00e4ndrare f\u00f6r m\u00e5ngsidighet<\/em><\/strong><\/p>\n\n\n\n<p>Gym\u00e4gare och chefer f\u00f6r fitnessanl\u00e4ggningar f\u00f6rst\u00e5r behovet av m\u00e5ngsidig utrustning. V\u00e5r Evolve Ultra-serie introducerar Independent Arm Movement, en banbrytande funktion som ger anv\u00e4ndarna ett bredare r\u00f6relseomf\u00e5ng. Detta innovativa tillskott fr\u00e4mjar \u00f6verl\u00e4gsen muskelengagemang och symmetri, vilket g\u00f6r det till ett m\u00e5ste f\u00f6r fitnessentusiaster som vill ha dynamiska tr\u00e4ningsupplevelser. F\u00f6rb\u00e4ttra ditt gyms rykte med utrustning som g\u00f6r det m\u00f6jligt f\u00f6r dina kunder att uppn\u00e5 sina tr\u00e4ningsm\u00e5l p\u00e5 ett effektivt s\u00e4tt.<\/p>\n<\/div>\n<\/div>\n<\/section>\n","protected":false},"excerpt":{"rendered":"<p>Vi presenterar Evolve Ultra Series UL-340 Selectorized Lateral Raise \/ Standing Pec Fly-maskin &#8211; en h\u00f6jdpunkt av innovation inom fitnessutrustning. F\u00f6rh\u00f6j din tr\u00e4ningsupplevelse med denna avancerade maskin som \u00e4r utformad f\u00f6r att effektivt tr\u00e4na de laterala deltamusklerna. Med sin anv\u00e4ndarcentrerade design, oberoende armr\u00f6relser och enast\u00e5ende komfort ger UL-340 dig ett tr\u00e4ningspass utan motstycke. Den eleganta matta ytan, enhandsjusteringen av sitsen och de optimala handtagen g\u00f6r den till ett m\u00e5ste f\u00f6r b\u00e5de gym\u00e4gare och fitnessentusiaster. Utforska Evolve Ultra Series UL-340 och omdefiniera din tr\u00e4ningsresa med en blandning av banbrytande teknik och exceptionell komfort.<\/p>\n","protected":false},"featured_media":135378,"template":"","meta":{"_acf_changed":false,"inline_featured_image":false},"product_brand":[],"product_cat":[2823,3858],"product_tag":[],"class_list":{"0":"post-101442","1":"product","2":"type-product","3":"status-publish","4":"has-post-thumbnail","6":"product_cat-selectoriserade-maskiner","7":"product_cat-ultra-series-selectorized-maskiner-sv","9":"first","10":"instock","11":"virtual","12":"purchasable","13":"product-type-simple"},"acf":{"long_title":"Evolve Ultra Series Selectorized Lateral Raise \/ St\u00e5ende Pec Fly (UL-340)","subtitle":"","specifications":[{"label":"SKU","text_value":"EV-SC-UL-340","icon":"x"},{"label":"M\u00e5tt och dimensioner","text_value":"1420 x 1020 x 1855 mm","icon":"x"},{"label":"Vikt","text_value":"192 kg","icon":"x"},{"label":"Viktstapel","text_value":"80 kg","icon":"x"},{"label":"Valfri viktstapel","text_value":"100 kg","icon":"x"},{"label":"Minsta motst\u00e5nd","text_value":"5 kg","icon":"x"},{"label":"Justerbar h\u00f6jd p\u00e5 handtagspositionerna","text_value":"14","icon":"x"},{"label":"Justerbara startpositioner f\u00f6r handtagen  ","text_value":"13","icon":"x"},{"label":"Tjocklek p\u00e5 ram","text_value":"3 mm","icon":"x"},{"label":"Justerbar tr\u00e4ningsposition","text_value":"","icon":"v"},{"label":"Magnetisk viktstapelstift","text_value":"","icon":"v"},{"label":"Skylt med utbildningsinstruktion","text_value":"","icon":"v"},{"label":"Inkapslad viktstapel","text_value":"","icon":"v"},{"label":"Slitstarka golvskydd","text_value":"","icon":"v"},{"label":"Korrosionsskyddande f\u00e4rg","text_value":"2 \u00e5r","icon":"v"},{"label":"Tjock kl\u00e4dsel kl\u00e4dd med PU-l\u00e4der","text_value":"","icon":"v"},{"label":"Nylonkabel","text_value":"","icon":"v"},{"label":"Handtag med halkskydd","text_value":"","icon":"v"},{"label":"Vattenflaska och tillbeh\u00f6rsfodral","text_value":"","icon":"v"},{"label":"Garanti  ","text_value":"2 \u00e5r","icon":"x"}]},"yoast_head":"<!-- This site is optimized with the Yoast SEO plugin v26.6 - https:\/\/yoast.com\/wordpress\/plugins\/seo\/ -->\n<title>Evolve Ultra Series Selectorized Lateral Raise \/ St\u00e5ende Pec Fly (UL-340) - Evolve<\/title>\n<meta name=\"robots\" content=\"index, follow, max-snippet:-1, max-image-preview:large, max-video-preview:-1\" \/>\n<link rel=\"canonical\" href=\"https:\/\/evolve-fitness.eu\/sv\/produkt\/evolve-ultra-series-selectorized-lateral-raise-staende-pec-fly-2\/\" \/>\n<meta property=\"og:locale\" content=\"sv_SE\" \/>\n<meta property=\"og:type\" content=\"article\" \/>\n<meta property=\"og:title\" content=\"Evolve Ultra Series Selectorized Lateral Raise \/ St\u00e5ende Pec Fly (UL-340) - Evolve\" \/>\n<meta property=\"og:url\" content=\"https:\/\/evolve-fitness.eu\/sv\/produkt\/evolve-ultra-series-selectorized-lateral-raise-staende-pec-fly-2\/\" \/>\n<meta property=\"og:site_name\" content=\"Evolve\" \/>\n<meta property=\"article:publisher\" content=\"https:\/\/www.facebook.com\/EvolveFitnessEurope\" \/>\n<meta property=\"article:modified_time\" content=\"2026-03-26T09:27:55+00:00\" \/>\n<meta property=\"og:image\" content=\"https:\/\/evolve-fitness.eu\/wp-content\/uploads\/2023\/08\/Dizainas-be-pavadinimo-66.png\" \/>\n\t<meta property=\"og:image:width\" content=\"810\" \/>\n\t<meta property=\"og:image:height\" content=\"810\" \/>\n\t<meta property=\"og:image:type\" content=\"image\/png\" \/>\n<meta name=\"twitter:card\" content=\"summary_large_image\" \/>\n<script type=\"application\/ld+json\" class=\"yoast-schema-graph\">{\"@context\":\"https:\/\/schema.org\",\"@graph\":[{\"@type\":\"WebPage\",\"@id\":\"https:\/\/evolve-fitness.eu\/sv\/produkt\/evolve-ultra-series-selectorized-lateral-raise-staende-pec-fly-2\/\",\"url\":\"https:\/\/evolve-fitness.eu\/sv\/produkt\/evolve-ultra-series-selectorized-lateral-raise-staende-pec-fly-2\/\",\"name\":\"Evolve Ultra Series Selectorized Lateral Raise \/ St\u00e5ende Pec Fly (UL-340) - Evolve\",\"isPartOf\":{\"@id\":\"https:\/\/evolve-fitness.eu\/sv\/#website\"},\"primaryImageOfPage\":{\"@id\":\"https:\/\/evolve-fitness.eu\/sv\/produkt\/evolve-ultra-series-selectorized-lateral-raise-staende-pec-fly-2\/#primaryimage\"},\"image\":{\"@id\":\"https:\/\/evolve-fitness.eu\/sv\/produkt\/evolve-ultra-series-selectorized-lateral-raise-staende-pec-fly-2\/#primaryimage\"},\"thumbnailUrl\":\"https:\/\/evolve-fitness.eu\/wp-content\/uploads\/2023\/08\/Dizainas-be-pavadinimo-66.png\",\"datePublished\":\"2023-08-31T11:21:54+00:00\",\"dateModified\":\"2026-03-26T09:27:55+00:00\",\"breadcrumb\":{\"@id\":\"https:\/\/evolve-fitness.eu\/sv\/produkt\/evolve-ultra-series-selectorized-lateral-raise-staende-pec-fly-2\/#breadcrumb\"},\"inLanguage\":\"sv-SE\",\"potentialAction\":[{\"@type\":\"ReadAction\",\"target\":[\"https:\/\/evolve-fitness.eu\/sv\/produkt\/evolve-ultra-series-selectorized-lateral-raise-staende-pec-fly-2\/\"]}]},{\"@type\":\"ImageObject\",\"inLanguage\":\"sv-SE\",\"@id\":\"https:\/\/evolve-fitness.eu\/sv\/produkt\/evolve-ultra-series-selectorized-lateral-raise-staende-pec-fly-2\/#primaryimage\",\"url\":\"https:\/\/evolve-fitness.eu\/wp-content\/uploads\/2023\/08\/Dizainas-be-pavadinimo-66.png\",\"contentUrl\":\"https:\/\/evolve-fitness.eu\/wp-content\/uploads\/2023\/08\/Dizainas-be-pavadinimo-66.png\",\"width\":810,\"height\":810},{\"@type\":\"BreadcrumbList\",\"@id\":\"https:\/\/evolve-fitness.eu\/sv\/produkt\/evolve-ultra-series-selectorized-lateral-raise-staende-pec-fly-2\/#breadcrumb\",\"itemListElement\":[{\"@type\":\"ListItem\",\"position\":1,\"name\":\"Home\",\"item\":\"https:\/\/evolve-fitness.eu\/sv\/\"},{\"@type\":\"ListItem\",\"position\":2,\"name\":\"Produkter\",\"item\":\"https:\/\/evolve-fitness.eu\/sv\/shop\/\"},{\"@type\":\"ListItem\",\"position\":3,\"name\":\"Evolve Ultra Series Selectorized Lateral Raise \/ St\u00e5ende Pec Fly (UL-340)\"}]},{\"@type\":\"WebSite\",\"@id\":\"https:\/\/evolve-fitness.eu\/sv\/#website\",\"url\":\"https:\/\/evolve-fitness.eu\/sv\/\",\"name\":\"Evolve\",\"description\":\"Your Evolved Gear Arrived\",\"publisher\":{\"@id\":\"https:\/\/evolve-fitness.eu\/sv\/#organization\"},\"potentialAction\":[{\"@type\":\"SearchAction\",\"target\":{\"@type\":\"EntryPoint\",\"urlTemplate\":\"https:\/\/evolve-fitness.eu\/sv\/?s={search_term_string}\"},\"query-input\":{\"@type\":\"PropertyValueSpecification\",\"valueRequired\":true,\"valueName\":\"search_term_string\"}}],\"inLanguage\":\"sv-SE\"},{\"@type\":\"Organization\",\"@id\":\"https:\/\/evolve-fitness.eu\/sv\/#organization\",\"name\":\"Evolve\",\"url\":\"https:\/\/evolve-fitness.eu\/sv\/\",\"logo\":{\"@type\":\"ImageObject\",\"inLanguage\":\"sv-SE\",\"@id\":\"https:\/\/evolve-fitness.eu\/sv\/#\/schema\/logo\/image\/\",\"url\":\"https:\/\/evolve-fitness.eu\/wp-content\/uploads\/2023\/05\/Evolve-logo.svg\",\"contentUrl\":\"https:\/\/evolve-fitness.eu\/wp-content\/uploads\/2023\/05\/Evolve-logo.svg\",\"width\":176,\"height\":20,\"caption\":\"Evolve\"},\"image\":{\"@id\":\"https:\/\/evolve-fitness.eu\/sv\/#\/schema\/logo\/image\/\"},\"sameAs\":[\"https:\/\/www.facebook.com\/EvolveFitnessEurope\"]}]}<\/script>\n<!-- \/ Yoast SEO plugin. -->","yoast_head_json":{"title":"Evolve Ultra Series Selectorized Lateral Raise \/ St\u00e5ende Pec Fly (UL-340) - Evolve","robots":{"index":"index","follow":"follow","max-snippet":"max-snippet:-1","max-image-preview":"max-image-preview:large","max-video-preview":"max-video-preview:-1"},"canonical":"https:\/\/evolve-fitness.eu\/sv\/produkt\/evolve-ultra-series-selectorized-lateral-raise-staende-pec-fly-2\/","og_locale":"sv_SE","og_type":"article","og_title":"Evolve Ultra Series Selectorized Lateral Raise \/ St\u00e5ende Pec Fly (UL-340) - Evolve","og_url":"https:\/\/evolve-fitness.eu\/sv\/produkt\/evolve-ultra-series-selectorized-lateral-raise-staende-pec-fly-2\/","og_site_name":"Evolve","article_publisher":"https:\/\/www.facebook.com\/EvolveFitnessEurope","article_modified_time":"2026-03-26T09:27:55+00:00","og_image":[{"width":810,"height":810,"url":"https:\/\/evolve-fitness.eu\/wp-content\/uploads\/2023\/08\/Dizainas-be-pavadinimo-66.png","type":"image\/png"}],"twitter_card":"summary_large_image","schema":{"@context":"https:\/\/schema.org","@graph":[{"@type":"WebPage","@id":"https:\/\/evolve-fitness.eu\/sv\/produkt\/evolve-ultra-series-selectorized-lateral-raise-staende-pec-fly-2\/","url":"https:\/\/evolve-fitness.eu\/sv\/produkt\/evolve-ultra-series-selectorized-lateral-raise-staende-pec-fly-2\/","name":"Evolve Ultra Series Selectorized Lateral Raise \/ St\u00e5ende Pec Fly (UL-340) - Evolve","isPartOf":{"@id":"https:\/\/evolve-fitness.eu\/sv\/#website"},"primaryImageOfPage":{"@id":"https:\/\/evolve-fitness.eu\/sv\/produkt\/evolve-ultra-series-selectorized-lateral-raise-staende-pec-fly-2\/#primaryimage"},"image":{"@id":"https:\/\/evolve-fitness.eu\/sv\/produkt\/evolve-ultra-series-selectorized-lateral-raise-staende-pec-fly-2\/#primaryimage"},"thumbnailUrl":"https:\/\/evolve-fitness.eu\/wp-content\/uploads\/2023\/08\/Dizainas-be-pavadinimo-66.png","datePublished":"2023-08-31T11:21:54+00:00","dateModified":"2026-03-26T09:27:55+00:00","breadcrumb":{"@id":"https:\/\/evolve-fitness.eu\/sv\/produkt\/evolve-ultra-series-selectorized-lateral-raise-staende-pec-fly-2\/#breadcrumb"},"inLanguage":"sv-SE","potentialAction":[{"@type":"ReadAction","target":["https:\/\/evolve-fitness.eu\/sv\/produkt\/evolve-ultra-series-selectorized-lateral-raise-staende-pec-fly-2\/"]}]},{"@type":"ImageObject","inLanguage":"sv-SE","@id":"https:\/\/evolve-fitness.eu\/sv\/produkt\/evolve-ultra-series-selectorized-lateral-raise-staende-pec-fly-2\/#primaryimage","url":"https:\/\/evolve-fitness.eu\/wp-content\/uploads\/2023\/08\/Dizainas-be-pavadinimo-66.png","contentUrl":"https:\/\/evolve-fitness.eu\/wp-content\/uploads\/2023\/08\/Dizainas-be-pavadinimo-66.png","width":810,"height":810},{"@type":"BreadcrumbList","@id":"https:\/\/evolve-fitness.eu\/sv\/produkt\/evolve-ultra-series-selectorized-lateral-raise-staende-pec-fly-2\/#breadcrumb","itemListElement":[{"@type":"ListItem","position":1,"name":"Home","item":"https:\/\/evolve-fitness.eu\/sv\/"},{"@type":"ListItem","position":2,"name":"Produkter","item":"https:\/\/evolve-fitness.eu\/sv\/shop\/"},{"@type":"ListItem","position":3,"name":"Evolve Ultra Series Selectorized Lateral Raise \/ St\u00e5ende Pec Fly (UL-340)"}]},{"@type":"WebSite","@id":"https:\/\/evolve-fitness.eu\/sv\/#website","url":"https:\/\/evolve-fitness.eu\/sv\/","name":"Evolve","description":"Your Evolved Gear Arrived","publisher":{"@id":"https:\/\/evolve-fitness.eu\/sv\/#organization"},"potentialAction":[{"@type":"SearchAction","target":{"@type":"EntryPoint","urlTemplate":"https:\/\/evolve-fitness.eu\/sv\/?s={search_term_string}"},"query-input":{"@type":"PropertyValueSpecification","valueRequired":true,"valueName":"search_term_string"}}],"inLanguage":"sv-SE"},{"@type":"Organization","@id":"https:\/\/evolve-fitness.eu\/sv\/#organization","name":"Evolve","url":"https:\/\/evolve-fitness.eu\/sv\/","logo":{"@type":"ImageObject","inLanguage":"sv-SE","@id":"https:\/\/evolve-fitness.eu\/sv\/#\/schema\/logo\/image\/","url":"https:\/\/evolve-fitness.eu\/wp-content\/uploads\/2023\/05\/Evolve-logo.svg","contentUrl":"https:\/\/evolve-fitness.eu\/wp-content\/uploads\/2023\/05\/Evolve-logo.svg","width":176,"height":20,"caption":"Evolve"},"image":{"@id":"https:\/\/evolve-fitness.eu\/sv\/#\/schema\/logo\/image\/"},"sameAs":["https:\/\/www.facebook.com\/EvolveFitnessEurope"]}]}},"_links":{"self":[{"href":"https:\/\/evolve-fitness.eu\/sv\/wp-json\/wp\/v2\/product\/101442","targetHints":{"allow":["GET"]}}],"collection":[{"href":"https:\/\/evolve-fitness.eu\/sv\/wp-json\/wp\/v2\/product"}],"about":[{"href":"https:\/\/evolve-fitness.eu\/sv\/wp-json\/wp\/v2\/types\/product"}],"wp:featuredmedia":[{"embeddable":true,"href":"https:\/\/evolve-fitness.eu\/sv\/wp-json\/wp\/v2\/media\/135378"}],"wp:attachment":[{"href":"https:\/\/evolve-fitness.eu\/sv\/wp-json\/wp\/v2\/media?parent=101442"}],"wp:term":[{"taxonomy":"product_brand","embeddable":true,"href":"https:\/\/evolve-fitness.eu\/sv\/wp-json\/wp\/v2\/product_brand?post=101442"},{"taxonomy":"product_cat","embeddable":true,"href":"https:\/\/evolve-fitness.eu\/sv\/wp-json\/wp\/v2\/product_cat?post=101442"},{"taxonomy":"product_tag","embeddable":true,"href":"https:\/\/evolve-fitness.eu\/sv\/wp-json\/wp\/v2\/product_tag?post=101442"}],"curies":[{"name":"wp","href":"https:\/\/api.w.org\/{rel}","templated":true}]}}