{"id":101813,"date":"2023-11-21T07:20:07","date_gmt":"2023-11-21T07:20:07","guid":{"rendered":"https:\/\/evolve-fitness.eu\/product\/evolve-cerakote-series-olympisk-manlig-stang-220-cm-20-kg\/"},"modified":"2026-04-09T15:23:04","modified_gmt":"2026-04-09T12:23:04","slug":"evolve-cerakote-series-olympisk-manlig-stang-220-cm-20-kg","status":"publish","type":"product","link":"https:\/\/evolve-fitness.eu\/sv\/produkt\/evolve-cerakote-series-olympisk-manlig-stang-220-cm-20-kg\/","title":{"rendered":"Evolve Cerakote Series Olympic Man Bar &#8211; 220 cm \/ 20 kg (CK-220)"},"content":{"rendered":"\n<section class=\"wp-block-group alignfull has-lightgray-background-color has-background is-layout-constrained wp-block-group-is-layout-constrained\">\n<div class=\"wp-block-columns alignwide is-layout-flex wp-container-core-columns-is-layout-2edb0647 wp-block-columns-is-layout-flex\" style=\"margin-top:0;margin-bottom:0\">\n<div class=\"wp-block-column is-layout-flow wp-block-column-is-layout-flow\" style=\"flex-basis:33.33%\"><\/div>\n\n\n\n<div class=\"wp-block-column is-layout-flow wp-block-column-is-layout-flow\" style=\"flex-basis:66.66%\"><\/div>\n<\/div>\n<\/section>\n","protected":false},"excerpt":{"rendered":"<p>Uppt\u00e4ck den ultimata styrkan och h\u00e5llbarheten med Evolve Cerakote Olympic Bar, ett f\u00f6rstklassigt val f\u00f6r b\u00e5de professionell tr\u00e4ning och hemmaidrottare. Med en imponerande l\u00e4ngd p\u00e5 220 cm och en vikt p\u00e5 20 kg \u00e4r denna skivst\u00e5ng konstruerad f\u00f6r att klara en maximal belastning p\u00e5 1043 kg, vilket g\u00f6r den idealisk f\u00f6r tunga lyft. Med 8 n\u00e5llager och 2 kopparbussningar s\u00e4kerst\u00e4ller den j\u00e4mn rotation och stabilitet under anv\u00e4ndning. Den \u00d850 mm stora hylsdiametern rymmer standardvikter, medan den \u00d828 mm stora diametern p\u00e5 den inre delen av st\u00e5ngen f\u00f6rb\u00e4ttrar grepp och kontroll. Kromfinishen p\u00e5 b\u00e5de greppytan och den inre delen av st\u00e5ngen bidrar inte bara till dess eleganta utseende utan ocks\u00e5 till dess l\u00e5nga livsl\u00e4ngd. Med en 415 mm l\u00e5ng hylsa f\u00f6r vikter och ett 1,5 mm djup i greppbr\u00e4dans grovlek \u00e4r denna skivst\u00e5ng utformad f\u00f6r maximal effektivitet och komfort. Evolve Cerakote Olympic Bar \u00e4r certifierad enligt IMF:s standarder f\u00f6r grovbearbetning och har 2 \u00e5rs garanti &#8211; den perfekta blandningen av prestanda och kvalitet f\u00f6r seri\u00f6sa idrottare.<\/p>\n","protected":false},"featured_media":100726,"template":"","meta":{"_acf_changed":false,"inline_featured_image":false},"product_brand":[],"product_cat":[3653,1568,13028],"product_tag":[],"class_list":{"0":"post-101813","1":"product","2":"type-product","3":"status-publish","4":"has-post-thumbnail","6":"product_cat-barer-och-tillbehor","7":"product_cat-fria-vikter","8":"product_cat-hyrox-redskap","10":"first","11":"instock","12":"shipping-taxable","13":"purchasable","14":"product-type-simple"},"acf":{"long_title":"Evolve Cerakote Series Olympic Man Bar - 220 cm \/ 20 kg (CK-220)","subtitle":"","specifications":[{"label":"SKU","text_value":"EV-OB-CK-220","icon":"x"},{"label":"Vikt","text_value":"20 kg","icon":"v"},{"label":"Garanti","text_value":"2 \u00e5r","icon":"v"},{"label":"Max belastning","text_value":"1043 kg","icon":"v"},{"label":"Viktskivans bussningsdiameter","text_value":"\u00d8 50 mm","icon":"v"},{"label":"L\u00e4ngd","text_value":"2200 mm","icon":"v"},{"label":"Inre st\u00e5ngdiameter","text_value":"\u00d8 28 mm","icon":"v"},{"label":"Lager och bussningar","text_value":"8 n\u00e5llager, 2 kopparbussningar","icon":"v"},{"label":"Ytan p\u00e5 den inre delen av greppbr\u00e4dan","text_value":"Krom","icon":"v"},{"label":"Viktens greppyta","text_value":"Krom","icon":"v"},{"label":"\u00c4rml\u00e4ngd f\u00f6r vikter","text_value":"415 mm","icon":"v"},{"label":"Djupet av greppbr\u00e4dans oj\u00e4mnhet","text_value":"1,5 mm","icon":"v"},{"label":"Typ av grovhet p\u00e5 greppbr\u00e4dan","text_value":"INTERNATIONELLA VALUTAFONDEN","icon":"v"}],"product_frequently_asked_questions":null},"yoast_head":"<!-- This site is optimized with the Yoast SEO plugin v27.4 - https:\/\/yoast.com\/product\/yoast-seo-wordpress\/ -->\n<title>Evolve Cerakote Series Olympic Man Bar - 220 cm \/ 20 kg (CK-220) - Evolve<\/title>\n<meta name=\"robots\" content=\"index, follow, max-snippet:-1, max-image-preview:large, max-video-preview:-1\" \/>\n<link rel=\"canonical\" href=\"https:\/\/evolve-fitness.eu\/sv\/produkt\/evolve-cerakote-series-olympisk-manlig-stang-220-cm-20-kg\/\" \/>\n<meta property=\"og:locale\" content=\"sv_SE\" \/>\n<meta property=\"og:type\" content=\"article\" \/>\n<meta property=\"og:title\" content=\"Evolve Cerakote Series Olympic Man Bar - 220 cm \/ 20 kg (CK-220) - Evolve\" \/>\n<meta property=\"og:url\" content=\"https:\/\/evolve-fitness.eu\/sv\/produkt\/evolve-cerakote-series-olympisk-manlig-stang-220-cm-20-kg\/\" \/>\n<meta property=\"og:site_name\" content=\"Evolve\" \/>\n<meta property=\"article:publisher\" content=\"https:\/\/www.facebook.com\/EvolveFitnessEurope\" \/>\n<meta property=\"article:modified_time\" content=\"2026-04-09T12:23:04+00:00\" \/>\n<meta property=\"og:image\" content=\"https:\/\/evolve-fitness.eu\/wp-content\/uploads\/2023\/11\/Evolve-Cerakote-Olympic-Womens-Grip-201-cm.png\" \/>\n\t<meta property=\"og:image:width\" content=\"680\" \/>\n\t<meta property=\"og:image:height\" content=\"600\" \/>\n\t<meta property=\"og:image:type\" content=\"image\/png\" \/>\n<meta name=\"twitter:card\" content=\"summary_large_image\" \/>\n<script type=\"application\/ld+json\" class=\"yoast-schema-graph\">{\"@context\":\"https:\\\/\\\/schema.org\",\"@graph\":[{\"@type\":\"WebPage\",\"@id\":\"https:\\\/\\\/evolve-fitness.eu\\\/sv\\\/produkt\\\/evolve-cerakote-series-olympisk-manlig-stang-220-cm-20-kg\\\/\",\"url\":\"https:\\\/\\\/evolve-fitness.eu\\\/sv\\\/produkt\\\/evolve-cerakote-series-olympisk-manlig-stang-220-cm-20-kg\\\/\",\"name\":\"Evolve Cerakote Series Olympic Man Bar - 220 cm \\\/ 20 kg (CK-220) - Evolve\",\"isPartOf\":{\"@id\":\"https:\\\/\\\/evolve-fitness.eu\\\/sv\\\/#website\"},\"primaryImageOfPage\":{\"@id\":\"https:\\\/\\\/evolve-fitness.eu\\\/sv\\\/produkt\\\/evolve-cerakote-series-olympisk-manlig-stang-220-cm-20-kg\\\/#primaryimage\"},\"image\":{\"@id\":\"https:\\\/\\\/evolve-fitness.eu\\\/sv\\\/produkt\\\/evolve-cerakote-series-olympisk-manlig-stang-220-cm-20-kg\\\/#primaryimage\"},\"thumbnailUrl\":\"https:\\\/\\\/evolve-fitness.eu\\\/wp-content\\\/uploads\\\/2023\\\/11\\\/Evolve-Cerakote-Olympic-Womens-Grip-201-cm.png\",\"datePublished\":\"2023-11-21T07:20:07+00:00\",\"dateModified\":\"2026-04-09T12:23:04+00:00\",\"breadcrumb\":{\"@id\":\"https:\\\/\\\/evolve-fitness.eu\\\/sv\\\/produkt\\\/evolve-cerakote-series-olympisk-manlig-stang-220-cm-20-kg\\\/#breadcrumb\"},\"inLanguage\":\"sv-SE\",\"potentialAction\":[{\"@type\":\"ReadAction\",\"target\":[\"https:\\\/\\\/evolve-fitness.eu\\\/sv\\\/produkt\\\/evolve-cerakote-series-olympisk-manlig-stang-220-cm-20-kg\\\/\"]}]},{\"@type\":\"ImageObject\",\"inLanguage\":\"sv-SE\",\"@id\":\"https:\\\/\\\/evolve-fitness.eu\\\/sv\\\/produkt\\\/evolve-cerakote-series-olympisk-manlig-stang-220-cm-20-kg\\\/#primaryimage\",\"url\":\"https:\\\/\\\/evolve-fitness.eu\\\/wp-content\\\/uploads\\\/2023\\\/11\\\/Evolve-Cerakote-Olympic-Womens-Grip-201-cm.png\",\"contentUrl\":\"https:\\\/\\\/evolve-fitness.eu\\\/wp-content\\\/uploads\\\/2023\\\/11\\\/Evolve-Cerakote-Olympic-Womens-Grip-201-cm.png\",\"width\":680,\"height\":600,\"caption\":\"EV-OB-CK-201\"},{\"@type\":\"BreadcrumbList\",\"@id\":\"https:\\\/\\\/evolve-fitness.eu\\\/sv\\\/produkt\\\/evolve-cerakote-series-olympisk-manlig-stang-220-cm-20-kg\\\/#breadcrumb\",\"itemListElement\":[{\"@type\":\"ListItem\",\"position\":1,\"name\":\"Home\",\"item\":\"https:\\\/\\\/evolve-fitness.eu\\\/sv\\\/\"},{\"@type\":\"ListItem\",\"position\":2,\"name\":\"Produkter\",\"item\":\"https:\\\/\\\/evolve-fitness.eu\\\/sv\\\/shop\\\/\"},{\"@type\":\"ListItem\",\"position\":3,\"name\":\"Evolve Cerakote Series Olympic Man Bar &#8211; 220 cm \\\/ 20 kg (CK-220)\"}]},{\"@type\":\"WebSite\",\"@id\":\"https:\\\/\\\/evolve-fitness.eu\\\/sv\\\/#website\",\"url\":\"https:\\\/\\\/evolve-fitness.eu\\\/sv\\\/\",\"name\":\"Evolve\",\"description\":\"Your Evolved Gear Arrived\",\"publisher\":{\"@id\":\"https:\\\/\\\/evolve-fitness.eu\\\/sv\\\/#organization\"},\"potentialAction\":[{\"@type\":\"SearchAction\",\"target\":{\"@type\":\"EntryPoint\",\"urlTemplate\":\"https:\\\/\\\/evolve-fitness.eu\\\/sv\\\/?s={search_term_string}\"},\"query-input\":{\"@type\":\"PropertyValueSpecification\",\"valueRequired\":true,\"valueName\":\"search_term_string\"}}],\"inLanguage\":\"sv-SE\"},{\"@type\":\"Organization\",\"@id\":\"https:\\\/\\\/evolve-fitness.eu\\\/sv\\\/#organization\",\"name\":\"Evolve\",\"url\":\"https:\\\/\\\/evolve-fitness.eu\\\/sv\\\/\",\"logo\":{\"@type\":\"ImageObject\",\"inLanguage\":\"sv-SE\",\"@id\":\"https:\\\/\\\/evolve-fitness.eu\\\/sv\\\/#\\\/schema\\\/logo\\\/image\\\/\",\"url\":\"https:\\\/\\\/evolve-fitness.eu\\\/wp-content\\\/uploads\\\/2023\\\/05\\\/Evolve-logo.svg\",\"contentUrl\":\"https:\\\/\\\/evolve-fitness.eu\\\/wp-content\\\/uploads\\\/2023\\\/05\\\/Evolve-logo.svg\",\"width\":176,\"height\":20,\"caption\":\"Evolve\"},\"image\":{\"@id\":\"https:\\\/\\\/evolve-fitness.eu\\\/sv\\\/#\\\/schema\\\/logo\\\/image\\\/\"},\"sameAs\":[\"https:\\\/\\\/www.facebook.com\\\/EvolveFitnessEurope\"]}]}<\/script>\n<!-- \/ Yoast SEO plugin. -->","yoast_head_json":{"title":"Evolve Cerakote Series Olympic Man Bar - 220 cm \/ 20 kg (CK-220) - Evolve","robots":{"index":"index","follow":"follow","max-snippet":"max-snippet:-1","max-image-preview":"max-image-preview:large","max-video-preview":"max-video-preview:-1"},"canonical":"https:\/\/evolve-fitness.eu\/sv\/produkt\/evolve-cerakote-series-olympisk-manlig-stang-220-cm-20-kg\/","og_locale":"sv_SE","og_type":"article","og_title":"Evolve Cerakote Series Olympic Man Bar - 220 cm \/ 20 kg (CK-220) - Evolve","og_url":"https:\/\/evolve-fitness.eu\/sv\/produkt\/evolve-cerakote-series-olympisk-manlig-stang-220-cm-20-kg\/","og_site_name":"Evolve","article_publisher":"https:\/\/www.facebook.com\/EvolveFitnessEurope","article_modified_time":"2026-04-09T12:23:04+00:00","og_image":[{"width":680,"height":600,"url":"https:\/\/evolve-fitness.eu\/wp-content\/uploads\/2023\/11\/Evolve-Cerakote-Olympic-Womens-Grip-201-cm.png","type":"image\/png"}],"twitter_card":"summary_large_image","schema":{"@context":"https:\/\/schema.org","@graph":[{"@type":"WebPage","@id":"https:\/\/evolve-fitness.eu\/sv\/produkt\/evolve-cerakote-series-olympisk-manlig-stang-220-cm-20-kg\/","url":"https:\/\/evolve-fitness.eu\/sv\/produkt\/evolve-cerakote-series-olympisk-manlig-stang-220-cm-20-kg\/","name":"Evolve Cerakote Series Olympic Man Bar - 220 cm \/ 20 kg (CK-220) - Evolve","isPartOf":{"@id":"https:\/\/evolve-fitness.eu\/sv\/#website"},"primaryImageOfPage":{"@id":"https:\/\/evolve-fitness.eu\/sv\/produkt\/evolve-cerakote-series-olympisk-manlig-stang-220-cm-20-kg\/#primaryimage"},"image":{"@id":"https:\/\/evolve-fitness.eu\/sv\/produkt\/evolve-cerakote-series-olympisk-manlig-stang-220-cm-20-kg\/#primaryimage"},"thumbnailUrl":"https:\/\/evolve-fitness.eu\/wp-content\/uploads\/2023\/11\/Evolve-Cerakote-Olympic-Womens-Grip-201-cm.png","datePublished":"2023-11-21T07:20:07+00:00","dateModified":"2026-04-09T12:23:04+00:00","breadcrumb":{"@id":"https:\/\/evolve-fitness.eu\/sv\/produkt\/evolve-cerakote-series-olympisk-manlig-stang-220-cm-20-kg\/#breadcrumb"},"inLanguage":"sv-SE","potentialAction":[{"@type":"ReadAction","target":["https:\/\/evolve-fitness.eu\/sv\/produkt\/evolve-cerakote-series-olympisk-manlig-stang-220-cm-20-kg\/"]}]},{"@type":"ImageObject","inLanguage":"sv-SE","@id":"https:\/\/evolve-fitness.eu\/sv\/produkt\/evolve-cerakote-series-olympisk-manlig-stang-220-cm-20-kg\/#primaryimage","url":"https:\/\/evolve-fitness.eu\/wp-content\/uploads\/2023\/11\/Evolve-Cerakote-Olympic-Womens-Grip-201-cm.png","contentUrl":"https:\/\/evolve-fitness.eu\/wp-content\/uploads\/2023\/11\/Evolve-Cerakote-Olympic-Womens-Grip-201-cm.png","width":680,"height":600,"caption":"EV-OB-CK-201"},{"@type":"BreadcrumbList","@id":"https:\/\/evolve-fitness.eu\/sv\/produkt\/evolve-cerakote-series-olympisk-manlig-stang-220-cm-20-kg\/#breadcrumb","itemListElement":[{"@type":"ListItem","position":1,"name":"Home","item":"https:\/\/evolve-fitness.eu\/sv\/"},{"@type":"ListItem","position":2,"name":"Produkter","item":"https:\/\/evolve-fitness.eu\/sv\/shop\/"},{"@type":"ListItem","position":3,"name":"Evolve Cerakote Series Olympic Man Bar &#8211; 220 cm \/ 20 kg (CK-220)"}]},{"@type":"WebSite","@id":"https:\/\/evolve-fitness.eu\/sv\/#website","url":"https:\/\/evolve-fitness.eu\/sv\/","name":"Evolve","description":"Your Evolved Gear Arrived","publisher":{"@id":"https:\/\/evolve-fitness.eu\/sv\/#organization"},"potentialAction":[{"@type":"SearchAction","target":{"@type":"EntryPoint","urlTemplate":"https:\/\/evolve-fitness.eu\/sv\/?s={search_term_string}"},"query-input":{"@type":"PropertyValueSpecification","valueRequired":true,"valueName":"search_term_string"}}],"inLanguage":"sv-SE"},{"@type":"Organization","@id":"https:\/\/evolve-fitness.eu\/sv\/#organization","name":"Evolve","url":"https:\/\/evolve-fitness.eu\/sv\/","logo":{"@type":"ImageObject","inLanguage":"sv-SE","@id":"https:\/\/evolve-fitness.eu\/sv\/#\/schema\/logo\/image\/","url":"https:\/\/evolve-fitness.eu\/wp-content\/uploads\/2023\/05\/Evolve-logo.svg","contentUrl":"https:\/\/evolve-fitness.eu\/wp-content\/uploads\/2023\/05\/Evolve-logo.svg","width":176,"height":20,"caption":"Evolve"},"image":{"@id":"https:\/\/evolve-fitness.eu\/sv\/#\/schema\/logo\/image\/"},"sameAs":["https:\/\/www.facebook.com\/EvolveFitnessEurope"]}]}},"_links":{"self":[{"href":"https:\/\/evolve-fitness.eu\/sv\/wp-json\/wp\/v2\/product\/101813","targetHints":{"allow":["GET"]}}],"collection":[{"href":"https:\/\/evolve-fitness.eu\/sv\/wp-json\/wp\/v2\/product"}],"about":[{"href":"https:\/\/evolve-fitness.eu\/sv\/wp-json\/wp\/v2\/types\/product"}],"wp:featuredmedia":[{"embeddable":true,"href":"https:\/\/evolve-fitness.eu\/sv\/wp-json\/wp\/v2\/media\/100726"}],"wp:attachment":[{"href":"https:\/\/evolve-fitness.eu\/sv\/wp-json\/wp\/v2\/media?parent=101813"}],"wp:term":[{"taxonomy":"product_brand","embeddable":true,"href":"https:\/\/evolve-fitness.eu\/sv\/wp-json\/wp\/v2\/product_brand?post=101813"},{"taxonomy":"product_cat","embeddable":true,"href":"https:\/\/evolve-fitness.eu\/sv\/wp-json\/wp\/v2\/product_cat?post=101813"},{"taxonomy":"product_tag","embeddable":true,"href":"https:\/\/evolve-fitness.eu\/sv\/wp-json\/wp\/v2\/product_tag?post=101813"}],"curies":[{"name":"wp","href":"https:\/\/api.w.org\/{rel}","templated":true}]}}