{"id":103310,"date":"2023-11-16T06:59:07","date_gmt":"2023-11-16T06:59:07","guid":{"rendered":"https:\/\/evolve-fitness.eu\/product\/evolve-vaggforvaring-for-kulor-och-stotfangare-1100-1800-mm\/"},"modified":"2026-04-08T15:38:42","modified_gmt":"2026-04-08T12:38:42","slug":"evolve-vaggforvaring-for-kulor-och-stotfangare-1100-1800-mm","status":"publish","type":"product","link":"https:\/\/evolve-fitness.eu\/sv\/produkt\/evolve-vaggforvaring-for-kulor-och-stotfangare-1100-1800-mm\/","title":{"rendered":"Evolve v\u00e4ggf\u00f6rvaring f\u00f6r kulor och st\u00f6tf\u00e5ngarplattor &#8211; 1100 \/ 1800 mm (ST-WB)"},"content":{"rendered":"\n<section class=\"wp-block-group alignfull has-lightgray-background-color has-background is-layout-constrained wp-block-group-is-layout-constrained\">\n<div class=\"wp-block-columns alignwide is-layout-flex wp-container-core-columns-is-layout-2edb0647 wp-block-columns-is-layout-flex\" style=\"margin-top:0;margin-bottom:0\">\n<div class=\"wp-block-column is-layout-flow wp-block-column-is-layout-flow\" style=\"flex-basis:33.33%\"><\/div>\n\n\n\n<div class=\"wp-block-column is-layout-flow wp-block-column-is-layout-flow\" style=\"flex-basis:66.66%\"><\/div>\n<\/div>\n<\/section>\n","protected":false},"excerpt":{"rendered":"<p>F\u00f6rb\u00e4ttra ditt tr\u00e4ningsutrymme med v\u00e5r m\u00e5ngsidiga Evolve Wall Ball och Bumper Plate f\u00f6rvaringsl\u00f6sning, tillg\u00e4nglig i tv\u00e5 praktiska l\u00e4ngder: 1100 mm och 1800 mm. Dessa modul\u00e4ra riggar \u00e4r utformade f\u00f6r funktionell tr\u00e4ning, crossfit, grupptr\u00e4ning eller individuell tr\u00e4ning och kan anpassas f\u00f6r att passa dina specifika behov. Med m\u00f6jligheten att f\u00e4sta ett brett utbud av tillbeh\u00f6r kan du enkelt h\u00f6ja din tr\u00e4ningsupplevelse. Investera i ett mer organiserat och effektivt tr\u00e4ningsomr\u00e5de med denna viktiga utrustning som \u00e4r utformad f\u00f6r att h\u00e5lla ditt utrymme fritt fr\u00e5n r\u00f6ran och dina tr\u00e4ningspass i fokus.<\/p>\n","protected":false},"featured_media":103317,"template":"","meta":{"_acf_changed":false,"inline_featured_image":false},"product_brand":[],"product_cat":[2904,2903,2916],"product_tag":[],"class_list":{"0":"post-103310","1":"product","2":"type-product","3":"status-publish","4":"has-post-thumbnail","6":"product_cat-komponenter-till-riggen","7":"product_cat-korsvis-funktionell","8":"product_cat-lagring","10":"first","11":"instock","12":"shipping-taxable","13":"purchasable","14":"product-type-variable"},"acf":{"long_title":"Evolve v\u00e4ggf\u00f6rvaring f\u00f6r kul- och st\u00f6tf\u00e5ngarplattor - 1100 \/ 1800 mm (ST-WB)","subtitle":"","specifications":[{"label":"SKU","text_value":"EV-ST-WB","icon":"x"}],"product_frequently_asked_questions":null},"yoast_head":"<!-- This site is optimized with the Yoast SEO plugin v27.4 - https:\/\/yoast.com\/product\/yoast-seo-wordpress\/ -->\n<title>Evolve v\u00e4ggf\u00f6rvaring f\u00f6r kulor och st\u00f6tf\u00e5ngarplattor - 1100 \/ 1800 mm (ST-WB) - Evolve<\/title>\n<meta name=\"robots\" content=\"index, follow, max-snippet:-1, max-image-preview:large, max-video-preview:-1\" \/>\n<link rel=\"canonical\" href=\"https:\/\/evolve-fitness.eu\/sv\/produkt\/evolve-vaggforvaring-for-kulor-och-stotfangare-1100-1800-mm\/\" \/>\n<meta property=\"og:locale\" content=\"sv_SE\" \/>\n<meta property=\"og:type\" content=\"article\" \/>\n<meta property=\"og:title\" content=\"Evolve v\u00e4ggf\u00f6rvaring f\u00f6r kulor och st\u00f6tf\u00e5ngarplattor - 1100 \/ 1800 mm (ST-WB) - Evolve\" \/>\n<meta property=\"og:url\" content=\"https:\/\/evolve-fitness.eu\/sv\/produkt\/evolve-vaggforvaring-for-kulor-och-stotfangare-1100-1800-mm\/\" \/>\n<meta property=\"og:site_name\" content=\"Evolve\" \/>\n<meta property=\"article:publisher\" content=\"https:\/\/www.facebook.com\/EvolveFitnessEurope\" \/>\n<meta property=\"article:modified_time\" content=\"2026-04-08T12:38:42+00:00\" \/>\n<meta property=\"og:image\" content=\"https:\/\/evolve-fitness.eu\/wp-content\/uploads\/2023\/11\/Evolve-Wall-ball-and-bumper-plate-storage-1100-1800-mm.png\" \/>\n\t<meta property=\"og:image:width\" content=\"680\" \/>\n\t<meta property=\"og:image:height\" content=\"600\" \/>\n\t<meta property=\"og:image:type\" content=\"image\/png\" \/>\n<meta name=\"twitter:card\" content=\"summary_large_image\" \/>\n<script type=\"application\/ld+json\" class=\"yoast-schema-graph\">{\"@context\":\"https:\\\/\\\/schema.org\",\"@graph\":[{\"@type\":\"WebPage\",\"@id\":\"https:\\\/\\\/evolve-fitness.eu\\\/sv\\\/produkt\\\/evolve-vaggforvaring-for-kulor-och-stotfangare-1100-1800-mm\\\/\",\"url\":\"https:\\\/\\\/evolve-fitness.eu\\\/sv\\\/produkt\\\/evolve-vaggforvaring-for-kulor-och-stotfangare-1100-1800-mm\\\/\",\"name\":\"Evolve v\u00e4ggf\u00f6rvaring f\u00f6r kulor och st\u00f6tf\u00e5ngarplattor - 1100 \\\/ 1800 mm (ST-WB) - Evolve\",\"isPartOf\":{\"@id\":\"https:\\\/\\\/evolve-fitness.eu\\\/sv\\\/#website\"},\"primaryImageOfPage\":{\"@id\":\"https:\\\/\\\/evolve-fitness.eu\\\/sv\\\/produkt\\\/evolve-vaggforvaring-for-kulor-och-stotfangare-1100-1800-mm\\\/#primaryimage\"},\"image\":{\"@id\":\"https:\\\/\\\/evolve-fitness.eu\\\/sv\\\/produkt\\\/evolve-vaggforvaring-for-kulor-och-stotfangare-1100-1800-mm\\\/#primaryimage\"},\"thumbnailUrl\":\"https:\\\/\\\/evolve-fitness.eu\\\/wp-content\\\/uploads\\\/2023\\\/11\\\/Evolve-Wall-ball-and-bumper-plate-storage-1100-1800-mm.png\",\"datePublished\":\"2023-11-16T06:59:07+00:00\",\"dateModified\":\"2026-04-08T12:38:42+00:00\",\"breadcrumb\":{\"@id\":\"https:\\\/\\\/evolve-fitness.eu\\\/sv\\\/produkt\\\/evolve-vaggforvaring-for-kulor-och-stotfangare-1100-1800-mm\\\/#breadcrumb\"},\"inLanguage\":\"sv-SE\",\"potentialAction\":[{\"@type\":\"ReadAction\",\"target\":[\"https:\\\/\\\/evolve-fitness.eu\\\/sv\\\/produkt\\\/evolve-vaggforvaring-for-kulor-och-stotfangare-1100-1800-mm\\\/\"]}]},{\"@type\":\"ImageObject\",\"inLanguage\":\"sv-SE\",\"@id\":\"https:\\\/\\\/evolve-fitness.eu\\\/sv\\\/produkt\\\/evolve-vaggforvaring-for-kulor-och-stotfangare-1100-1800-mm\\\/#primaryimage\",\"url\":\"https:\\\/\\\/evolve-fitness.eu\\\/wp-content\\\/uploads\\\/2023\\\/11\\\/Evolve-Wall-ball-and-bumper-plate-storage-1100-1800-mm.png\",\"contentUrl\":\"https:\\\/\\\/evolve-fitness.eu\\\/wp-content\\\/uploads\\\/2023\\\/11\\\/Evolve-Wall-ball-and-bumper-plate-storage-1100-1800-mm.png\",\"width\":680,\"height\":600,\"caption\":\"ER-ST-WB\"},{\"@type\":\"BreadcrumbList\",\"@id\":\"https:\\\/\\\/evolve-fitness.eu\\\/sv\\\/produkt\\\/evolve-vaggforvaring-for-kulor-och-stotfangare-1100-1800-mm\\\/#breadcrumb\",\"itemListElement\":[{\"@type\":\"ListItem\",\"position\":1,\"name\":\"Home\",\"item\":\"https:\\\/\\\/evolve-fitness.eu\\\/sv\\\/\"},{\"@type\":\"ListItem\",\"position\":2,\"name\":\"Produkter\",\"item\":\"https:\\\/\\\/evolve-fitness.eu\\\/sv\\\/shop\\\/\"},{\"@type\":\"ListItem\",\"position\":3,\"name\":\"Evolve v\u00e4ggf\u00f6rvaring f\u00f6r kulor och st\u00f6tf\u00e5ngarplattor &#8211; 1100 \\\/ 1800 mm (ST-WB)\"}]},{\"@type\":\"WebSite\",\"@id\":\"https:\\\/\\\/evolve-fitness.eu\\\/sv\\\/#website\",\"url\":\"https:\\\/\\\/evolve-fitness.eu\\\/sv\\\/\",\"name\":\"Evolve\",\"description\":\"Your Evolved Gear Arrived\",\"publisher\":{\"@id\":\"https:\\\/\\\/evolve-fitness.eu\\\/sv\\\/#organization\"},\"potentialAction\":[{\"@type\":\"SearchAction\",\"target\":{\"@type\":\"EntryPoint\",\"urlTemplate\":\"https:\\\/\\\/evolve-fitness.eu\\\/sv\\\/?s={search_term_string}\"},\"query-input\":{\"@type\":\"PropertyValueSpecification\",\"valueRequired\":true,\"valueName\":\"search_term_string\"}}],\"inLanguage\":\"sv-SE\"},{\"@type\":\"Organization\",\"@id\":\"https:\\\/\\\/evolve-fitness.eu\\\/sv\\\/#organization\",\"name\":\"Evolve\",\"url\":\"https:\\\/\\\/evolve-fitness.eu\\\/sv\\\/\",\"logo\":{\"@type\":\"ImageObject\",\"inLanguage\":\"sv-SE\",\"@id\":\"https:\\\/\\\/evolve-fitness.eu\\\/sv\\\/#\\\/schema\\\/logo\\\/image\\\/\",\"url\":\"https:\\\/\\\/evolve-fitness.eu\\\/wp-content\\\/uploads\\\/2023\\\/05\\\/Evolve-logo.svg\",\"contentUrl\":\"https:\\\/\\\/evolve-fitness.eu\\\/wp-content\\\/uploads\\\/2023\\\/05\\\/Evolve-logo.svg\",\"width\":176,\"height\":20,\"caption\":\"Evolve\"},\"image\":{\"@id\":\"https:\\\/\\\/evolve-fitness.eu\\\/sv\\\/#\\\/schema\\\/logo\\\/image\\\/\"},\"sameAs\":[\"https:\\\/\\\/www.facebook.com\\\/EvolveFitnessEurope\"]}]}<\/script>\n<!-- \/ Yoast SEO plugin. -->","yoast_head_json":{"title":"Evolve v\u00e4ggf\u00f6rvaring f\u00f6r kulor och st\u00f6tf\u00e5ngarplattor - 1100 \/ 1800 mm (ST-WB) - Evolve","robots":{"index":"index","follow":"follow","max-snippet":"max-snippet:-1","max-image-preview":"max-image-preview:large","max-video-preview":"max-video-preview:-1"},"canonical":"https:\/\/evolve-fitness.eu\/sv\/produkt\/evolve-vaggforvaring-for-kulor-och-stotfangare-1100-1800-mm\/","og_locale":"sv_SE","og_type":"article","og_title":"Evolve v\u00e4ggf\u00f6rvaring f\u00f6r kulor och st\u00f6tf\u00e5ngarplattor - 1100 \/ 1800 mm (ST-WB) - Evolve","og_url":"https:\/\/evolve-fitness.eu\/sv\/produkt\/evolve-vaggforvaring-for-kulor-och-stotfangare-1100-1800-mm\/","og_site_name":"Evolve","article_publisher":"https:\/\/www.facebook.com\/EvolveFitnessEurope","article_modified_time":"2026-04-08T12:38:42+00:00","og_image":[{"width":680,"height":600,"url":"https:\/\/evolve-fitness.eu\/wp-content\/uploads\/2023\/11\/Evolve-Wall-ball-and-bumper-plate-storage-1100-1800-mm.png","type":"image\/png"}],"twitter_card":"summary_large_image","schema":{"@context":"https:\/\/schema.org","@graph":[{"@type":"WebPage","@id":"https:\/\/evolve-fitness.eu\/sv\/produkt\/evolve-vaggforvaring-for-kulor-och-stotfangare-1100-1800-mm\/","url":"https:\/\/evolve-fitness.eu\/sv\/produkt\/evolve-vaggforvaring-for-kulor-och-stotfangare-1100-1800-mm\/","name":"Evolve v\u00e4ggf\u00f6rvaring f\u00f6r kulor och st\u00f6tf\u00e5ngarplattor - 1100 \/ 1800 mm (ST-WB) - Evolve","isPartOf":{"@id":"https:\/\/evolve-fitness.eu\/sv\/#website"},"primaryImageOfPage":{"@id":"https:\/\/evolve-fitness.eu\/sv\/produkt\/evolve-vaggforvaring-for-kulor-och-stotfangare-1100-1800-mm\/#primaryimage"},"image":{"@id":"https:\/\/evolve-fitness.eu\/sv\/produkt\/evolve-vaggforvaring-for-kulor-och-stotfangare-1100-1800-mm\/#primaryimage"},"thumbnailUrl":"https:\/\/evolve-fitness.eu\/wp-content\/uploads\/2023\/11\/Evolve-Wall-ball-and-bumper-plate-storage-1100-1800-mm.png","datePublished":"2023-11-16T06:59:07+00:00","dateModified":"2026-04-08T12:38:42+00:00","breadcrumb":{"@id":"https:\/\/evolve-fitness.eu\/sv\/produkt\/evolve-vaggforvaring-for-kulor-och-stotfangare-1100-1800-mm\/#breadcrumb"},"inLanguage":"sv-SE","potentialAction":[{"@type":"ReadAction","target":["https:\/\/evolve-fitness.eu\/sv\/produkt\/evolve-vaggforvaring-for-kulor-och-stotfangare-1100-1800-mm\/"]}]},{"@type":"ImageObject","inLanguage":"sv-SE","@id":"https:\/\/evolve-fitness.eu\/sv\/produkt\/evolve-vaggforvaring-for-kulor-och-stotfangare-1100-1800-mm\/#primaryimage","url":"https:\/\/evolve-fitness.eu\/wp-content\/uploads\/2023\/11\/Evolve-Wall-ball-and-bumper-plate-storage-1100-1800-mm.png","contentUrl":"https:\/\/evolve-fitness.eu\/wp-content\/uploads\/2023\/11\/Evolve-Wall-ball-and-bumper-plate-storage-1100-1800-mm.png","width":680,"height":600,"caption":"ER-ST-WB"},{"@type":"BreadcrumbList","@id":"https:\/\/evolve-fitness.eu\/sv\/produkt\/evolve-vaggforvaring-for-kulor-och-stotfangare-1100-1800-mm\/#breadcrumb","itemListElement":[{"@type":"ListItem","position":1,"name":"Home","item":"https:\/\/evolve-fitness.eu\/sv\/"},{"@type":"ListItem","position":2,"name":"Produkter","item":"https:\/\/evolve-fitness.eu\/sv\/shop\/"},{"@type":"ListItem","position":3,"name":"Evolve v\u00e4ggf\u00f6rvaring f\u00f6r kulor och st\u00f6tf\u00e5ngarplattor &#8211; 1100 \/ 1800 mm (ST-WB)"}]},{"@type":"WebSite","@id":"https:\/\/evolve-fitness.eu\/sv\/#website","url":"https:\/\/evolve-fitness.eu\/sv\/","name":"Evolve","description":"Your Evolved Gear Arrived","publisher":{"@id":"https:\/\/evolve-fitness.eu\/sv\/#organization"},"potentialAction":[{"@type":"SearchAction","target":{"@type":"EntryPoint","urlTemplate":"https:\/\/evolve-fitness.eu\/sv\/?s={search_term_string}"},"query-input":{"@type":"PropertyValueSpecification","valueRequired":true,"valueName":"search_term_string"}}],"inLanguage":"sv-SE"},{"@type":"Organization","@id":"https:\/\/evolve-fitness.eu\/sv\/#organization","name":"Evolve","url":"https:\/\/evolve-fitness.eu\/sv\/","logo":{"@type":"ImageObject","inLanguage":"sv-SE","@id":"https:\/\/evolve-fitness.eu\/sv\/#\/schema\/logo\/image\/","url":"https:\/\/evolve-fitness.eu\/wp-content\/uploads\/2023\/05\/Evolve-logo.svg","contentUrl":"https:\/\/evolve-fitness.eu\/wp-content\/uploads\/2023\/05\/Evolve-logo.svg","width":176,"height":20,"caption":"Evolve"},"image":{"@id":"https:\/\/evolve-fitness.eu\/sv\/#\/schema\/logo\/image\/"},"sameAs":["https:\/\/www.facebook.com\/EvolveFitnessEurope"]}]}},"_links":{"self":[{"href":"https:\/\/evolve-fitness.eu\/sv\/wp-json\/wp\/v2\/product\/103310","targetHints":{"allow":["GET"]}}],"collection":[{"href":"https:\/\/evolve-fitness.eu\/sv\/wp-json\/wp\/v2\/product"}],"about":[{"href":"https:\/\/evolve-fitness.eu\/sv\/wp-json\/wp\/v2\/types\/product"}],"wp:featuredmedia":[{"embeddable":true,"href":"https:\/\/evolve-fitness.eu\/sv\/wp-json\/wp\/v2\/media\/103317"}],"wp:attachment":[{"href":"https:\/\/evolve-fitness.eu\/sv\/wp-json\/wp\/v2\/media?parent=103310"}],"wp:term":[{"taxonomy":"product_brand","embeddable":true,"href":"https:\/\/evolve-fitness.eu\/sv\/wp-json\/wp\/v2\/product_brand?post=103310"},{"taxonomy":"product_cat","embeddable":true,"href":"https:\/\/evolve-fitness.eu\/sv\/wp-json\/wp\/v2\/product_cat?post=103310"},{"taxonomy":"product_tag","embeddable":true,"href":"https:\/\/evolve-fitness.eu\/sv\/wp-json\/wp\/v2\/product_tag?post=103310"}],"curies":[{"name":"wp","href":"https:\/\/api.w.org\/{rel}","templated":true}]}}