{"id":105566,"date":"2023-12-22T12:10:25","date_gmt":"2023-12-22T12:10:25","guid":{"rendered":"https:\/\/evolve-fitness.eu\/product\/evolve-prime-series-justerbar-hyperextensionsbank\/"},"modified":"2026-04-23T10:02:59","modified_gmt":"2026-04-23T07:02:59","slug":"evolve-prime-series-justerbar-hyperextensionsbank","status":"publish","type":"product","link":"https:\/\/evolve-fitness.eu\/sv\/produkt\/evolve-prime-series-justerbar-hyperextensionsbank\/","title":{"rendered":"Evolve Prime Series justerbar hyperextensionsb\u00e4nk (PR-224)"},"content":{"rendered":"\n<section class=\"wp-block-group alignfull has-lightgray-background-color has-background is-layout-constrained wp-block-group-is-layout-constrained\">\n<div class=\"wp-block-columns alignwide is-layout-flex wp-container-core-columns-is-layout-2edb0647 wp-block-columns-is-layout-flex\" style=\"margin-top:0;margin-bottom:0\">\n<div class=\"wp-block-column is-layout-flow wp-block-column-is-layout-flow\" style=\"flex-basis:33.33%\"><\/div>\n\n\n\n<div class=\"wp-block-column is-layout-flow wp-block-column-is-layout-flow\" style=\"flex-basis:66.66%\"><\/div>\n<\/div>\n<\/section>\n\n<section class=\"wp-block-group alignfull black-content has-white-color has-darkgray-background-color has-text-color has-background is-layout-constrained wp-block-group-is-layout-constrained\" style=\"padding-top:var(--wp--preset--spacing--section-bottom);padding-bottom:var(--wp--preset--spacing--section-bottom)\">\n<div class=\"wp-block-columns alignwide is-layout-flex wp-container-core-columns-is-layout-c45ee707 wp-block-columns-is-layout-flex\" style=\"margin-bottom:var(--wp--preset--spacing--side-padding);padding-top:var(--wp--preset--spacing--side-padding)\">\n<div class=\"wp-block-column is-vertically-aligned-center is-layout-flow wp-block-column-is-layout-flow\">\n<figure class=\"wp-block-image size-large\"><img loading=\"lazy\" decoding=\"async\" width=\"683\" height=\"1024\" src=\"https:\/\/evolve-fitness.eu\/wp-content\/uploads\/2023\/12\/EV-BN-PR-224-Evolve-Prime-Series-Adjustable-Hyperextension-Bench-8-683x1024.jpg\" alt=\"\" class=\"wp-image-129583\" srcset=\"https:\/\/evolve-fitness.eu\/wp-content\/uploads\/2023\/12\/EV-BN-PR-224-Evolve-Prime-Series-Adjustable-Hyperextension-Bench-8-683x1024.jpg 683w, https:\/\/evolve-fitness.eu\/wp-content\/uploads\/2023\/12\/EV-BN-PR-224-Evolve-Prime-Series-Adjustable-Hyperextension-Bench-8-300x450.jpg 300w, https:\/\/evolve-fitness.eu\/wp-content\/uploads\/2023\/12\/EV-BN-PR-224-Evolve-Prime-Series-Adjustable-Hyperextension-Bench-8-100x150.jpg 100w, https:\/\/evolve-fitness.eu\/wp-content\/uploads\/2023\/12\/EV-BN-PR-224-Evolve-Prime-Series-Adjustable-Hyperextension-Bench-8-600x900.jpg 600w, https:\/\/evolve-fitness.eu\/wp-content\/uploads\/2023\/12\/EV-BN-PR-224-Evolve-Prime-Series-Adjustable-Hyperextension-Bench-8-200x300.jpg 200w, https:\/\/evolve-fitness.eu\/wp-content\/uploads\/2023\/12\/EV-BN-PR-224-Evolve-Prime-Series-Adjustable-Hyperextension-Bench-8-768x1152.jpg 768w, https:\/\/evolve-fitness.eu\/wp-content\/uploads\/2023\/12\/EV-BN-PR-224-Evolve-Prime-Series-Adjustable-Hyperextension-Bench-8-1024x1536.jpg 1024w, https:\/\/evolve-fitness.eu\/wp-content\/uploads\/2023\/12\/EV-BN-PR-224-Evolve-Prime-Series-Adjustable-Hyperextension-Bench-8.jpg 1280w\" sizes=\"auto, (max-width: 683px) 100vw, 683px\" \/><\/figure>\n<\/div>\n\n\n\n<div class=\"wp-block-column is-vertically-aligned-center is-layout-constrained wp-block-column-is-layout-constrained\">\n<h3 class=\"wp-block-heading\" style=\"margin-bottom:var(--wp--preset--spacing--h-3-bottom)\"><strong>F\u00f6rb\u00e4ttrad<\/strong><\/h3>\n\n\n\n<p><strong>K\u00e4rntr\u00e4ning<\/strong><\/p>\n\n\n\n<p style=\"margin-bottom:var(--wp--preset--spacing--tb-section-padding)\">Evolve PR-224 \u00e4r specialiserad p\u00e5 att st\u00e4rka nedre delen av ryggen, s\u00e4tesmusklerna och magmusklerna, vilket ger en fokuserad coretr\u00e4ning. Dess design s\u00e4kerst\u00e4ller riktad muskelaktivering f\u00f6r effektiv styrkeuppbyggnad.<\/p>\n<\/div>\n<\/div>\n\n\n\n<div class=\"wp-block-columns alignwide is-layout-flex wp-container-core-columns-is-layout-c45ee707 wp-block-columns-is-layout-flex\" style=\"margin-bottom:var(--wp--preset--spacing--side-padding);padding-top:var(--wp--preset--spacing--side-padding)\">\n<div class=\"wp-block-column is-vertically-aligned-center is-layout-flow wp-block-column-is-layout-flow\">\n<h3 class=\"wp-block-heading\" style=\"margin-bottom:var(--wp--preset--spacing--h-3-bottom)\"><strong><strong>Anpassningsbar<\/strong><\/strong><\/h3>\n\n\n\n<p><strong><em><strong><strong>f\u00f6r individuella behov<\/strong><\/strong><\/em><\/strong><\/p>\n\n\n\n<p>Denna romerska stol har justerbara inst\u00e4llningar, s\u00e5 att anv\u00e4ndaren kan anpassa den efter sin l\u00e4ngd och tr\u00e4ningsintensitet. Denna anpassningsf\u00f6rm\u00e5ga g\u00f6r den l\u00e4mplig f\u00f6r anv\u00e4ndare med olika konditionsniv\u00e5er.<\/p>\n<\/div>\n\n\n\n<div class=\"wp-block-column is-vertically-aligned-center is-layout-flow wp-block-column-is-layout-flow\">\n<div class=\"wp-block-columns is-layout-flex wp-container-core-columns-is-layout-9d6595d7 wp-block-columns-is-layout-flex\">\n<div class=\"wp-block-column is-layout-flow wp-block-column-is-layout-flow\">\n<figure class=\"wp-block-image size-large\"><img loading=\"lazy\" decoding=\"async\" width=\"1024\" height=\"683\" src=\"https:\/\/evolve-fitness.eu\/wp-content\/uploads\/2023\/12\/EV-BN-PR-224-Evolve-Prime-Series-Adjustable-Hyperextension-Bench-7-1024x683.jpg\" alt=\"EV-BN-PR-224\" class=\"wp-image-129609\" srcset=\"https:\/\/evolve-fitness.eu\/wp-content\/uploads\/2023\/12\/EV-BN-PR-224-Evolve-Prime-Series-Adjustable-Hyperextension-Bench-7-1024x683.jpg 1024w, https:\/\/evolve-fitness.eu\/wp-content\/uploads\/2023\/12\/EV-BN-PR-224-Evolve-Prime-Series-Adjustable-Hyperextension-Bench-7-300x200.jpg 300w, https:\/\/evolve-fitness.eu\/wp-content\/uploads\/2023\/12\/EV-BN-PR-224-Evolve-Prime-Series-Adjustable-Hyperextension-Bench-7-225x150.jpg 225w, https:\/\/evolve-fitness.eu\/wp-content\/uploads\/2023\/12\/EV-BN-PR-224-Evolve-Prime-Series-Adjustable-Hyperextension-Bench-7-600x400.jpg 600w, https:\/\/evolve-fitness.eu\/wp-content\/uploads\/2023\/12\/EV-BN-PR-224-Evolve-Prime-Series-Adjustable-Hyperextension-Bench-7-150x100.jpg 150w, https:\/\/evolve-fitness.eu\/wp-content\/uploads\/2023\/12\/EV-BN-PR-224-Evolve-Prime-Series-Adjustable-Hyperextension-Bench-7-768x512.jpg 768w, https:\/\/evolve-fitness.eu\/wp-content\/uploads\/2023\/12\/EV-BN-PR-224-Evolve-Prime-Series-Adjustable-Hyperextension-Bench-7-1536x1024.jpg 1536w, https:\/\/evolve-fitness.eu\/wp-content\/uploads\/2023\/12\/EV-BN-PR-224-Evolve-Prime-Series-Adjustable-Hyperextension-Bench-7.jpg 1920w\" sizes=\"auto, (max-width: 1024px) 100vw, 1024px\" \/><\/figure>\n<\/div>\n<\/div>\n<\/div>\n<\/div>\n\n\n\n<div class=\"wp-block-columns alignwide is-layout-flex wp-container-core-columns-is-layout-c45ee707 wp-block-columns-is-layout-flex\" style=\"margin-bottom:var(--wp--preset--spacing--side-padding);padding-top:var(--wp--preset--spacing--side-padding)\">\n<div class=\"wp-block-column is-vertically-aligned-center is-layout-flow wp-block-column-is-layout-flow\">\n<figure class=\"wp-block-image size-large\"><img loading=\"lazy\" decoding=\"async\" width=\"1024\" height=\"683\" src=\"https:\/\/evolve-fitness.eu\/wp-content\/uploads\/2023\/12\/EV-BN-PR-224-Evolve-Prime-Series-Adjustable-Hyperextension-Bench-2-1024x683.jpg\" alt=\"EV-BN-PR-224\" class=\"wp-image-129634\" srcset=\"https:\/\/evolve-fitness.eu\/wp-content\/uploads\/2023\/12\/EV-BN-PR-224-Evolve-Prime-Series-Adjustable-Hyperextension-Bench-2-1024x683.jpg 1024w, https:\/\/evolve-fitness.eu\/wp-content\/uploads\/2023\/12\/EV-BN-PR-224-Evolve-Prime-Series-Adjustable-Hyperextension-Bench-2-300x200.jpg 300w, https:\/\/evolve-fitness.eu\/wp-content\/uploads\/2023\/12\/EV-BN-PR-224-Evolve-Prime-Series-Adjustable-Hyperextension-Bench-2-225x150.jpg 225w, https:\/\/evolve-fitness.eu\/wp-content\/uploads\/2023\/12\/EV-BN-PR-224-Evolve-Prime-Series-Adjustable-Hyperextension-Bench-2-600x400.jpg 600w, https:\/\/evolve-fitness.eu\/wp-content\/uploads\/2023\/12\/EV-BN-PR-224-Evolve-Prime-Series-Adjustable-Hyperextension-Bench-2-150x100.jpg 150w, https:\/\/evolve-fitness.eu\/wp-content\/uploads\/2023\/12\/EV-BN-PR-224-Evolve-Prime-Series-Adjustable-Hyperextension-Bench-2-768x512.jpg 768w, https:\/\/evolve-fitness.eu\/wp-content\/uploads\/2023\/12\/EV-BN-PR-224-Evolve-Prime-Series-Adjustable-Hyperextension-Bench-2-1536x1024.jpg 1536w, https:\/\/evolve-fitness.eu\/wp-content\/uploads\/2023\/12\/EV-BN-PR-224-Evolve-Prime-Series-Adjustable-Hyperextension-Bench-2.jpg 1920w\" sizes=\"auto, (max-width: 1024px) 100vw, 1024px\" \/><\/figure>\n<\/div>\n\n\n\n<div class=\"wp-block-column is-vertically-aligned-center is-layout-flow wp-block-column-is-layout-flow\">\n<h3 class=\"wp-block-heading\" style=\"margin-bottom:var(--wp--preset--spacing--h-3-bottom)\"><strong><strong><strong>Robust och tillf\u00f6rlitlig<\/strong><\/strong><\/strong><\/h3>\n\n\n\n<p><em><strong><strong>Byggnation<\/strong><\/strong><\/em><\/p>\n\n\n\n<p>Evolve Adjustable Tilt Roman Back Bench \u00e4r byggd f\u00f6r h\u00e5llbarhet och t\u00e5l tuff anv\u00e4ndning i professionella gym, vilket garanterar l\u00e5ngsiktig tillf\u00f6rlitlighet och s\u00e4kerhet under tr\u00e4ningspassen.<\/p>\n<\/div>\n<\/div>\n\n\n\n<div class=\"wp-block-columns alignwide is-layout-flex wp-container-core-columns-is-layout-c45ee707 wp-block-columns-is-layout-flex\" style=\"margin-bottom:var(--wp--preset--spacing--side-padding);padding-top:var(--wp--preset--spacing--side-padding)\">\n<div class=\"wp-block-column is-vertically-aligned-center is-layout-flow wp-block-column-is-layout-flow\">\n<h3 class=\"wp-block-heading\" style=\"margin-bottom:var(--wp--preset--spacing--h-3-bottom)\"><strong><strong>Ergonomisk utformning<\/strong><\/strong><\/h3>\n\n\n\n<p><strong><strong>f\u00f6r komfort<\/strong><\/strong><\/p>\n\n\n\n<p>Den ergonomiska utformningen prioriterar anv\u00e4ndarkomfort och ger kroppen r\u00e4tt st\u00f6d under tr\u00e4ningen, vilket minimerar risken f\u00f6r skador och \u00f6kar tr\u00e4ningseffektiviteten.<\/p>\n<\/div>\n\n\n\n<div class=\"wp-block-column is-vertically-aligned-center is-layout-flow wp-block-column-is-layout-flow\">\n<div class=\"wp-block-columns is-layout-flex wp-container-core-columns-is-layout-9d6595d7 wp-block-columns-is-layout-flex\">\n<div class=\"wp-block-column is-layout-flow wp-block-column-is-layout-flow\">\n<figure class=\"wp-block-image size-large\"><img loading=\"lazy\" decoding=\"async\" width=\"683\" height=\"1024\" src=\"https:\/\/evolve-fitness.eu\/wp-content\/uploads\/2023\/12\/EV-BN-PR-224-Evolve-Prime-Series-Adjustable-Hyperextension-Bench-3-683x1024.jpg\" alt=\"EV-BN-PR-224\" class=\"wp-image-129659\" srcset=\"https:\/\/evolve-fitness.eu\/wp-content\/uploads\/2023\/12\/EV-BN-PR-224-Evolve-Prime-Series-Adjustable-Hyperextension-Bench-3-683x1024.jpg 683w, https:\/\/evolve-fitness.eu\/wp-content\/uploads\/2023\/12\/EV-BN-PR-224-Evolve-Prime-Series-Adjustable-Hyperextension-Bench-3-300x450.jpg 300w, https:\/\/evolve-fitness.eu\/wp-content\/uploads\/2023\/12\/EV-BN-PR-224-Evolve-Prime-Series-Adjustable-Hyperextension-Bench-3-100x150.jpg 100w, https:\/\/evolve-fitness.eu\/wp-content\/uploads\/2023\/12\/EV-BN-PR-224-Evolve-Prime-Series-Adjustable-Hyperextension-Bench-3-600x900.jpg 600w, https:\/\/evolve-fitness.eu\/wp-content\/uploads\/2023\/12\/EV-BN-PR-224-Evolve-Prime-Series-Adjustable-Hyperextension-Bench-3-200x300.jpg 200w, https:\/\/evolve-fitness.eu\/wp-content\/uploads\/2023\/12\/EV-BN-PR-224-Evolve-Prime-Series-Adjustable-Hyperextension-Bench-3-768x1152.jpg 768w, https:\/\/evolve-fitness.eu\/wp-content\/uploads\/2023\/12\/EV-BN-PR-224-Evolve-Prime-Series-Adjustable-Hyperextension-Bench-3-1024x1536.jpg 1024w, https:\/\/evolve-fitness.eu\/wp-content\/uploads\/2023\/12\/EV-BN-PR-224-Evolve-Prime-Series-Adjustable-Hyperextension-Bench-3.jpg 1280w\" sizes=\"auto, (max-width: 683px) 100vw, 683px\" \/><\/figure>\n<\/div>\n<\/div>\n<\/div>\n<\/div>\n<\/section>\n","protected":false},"excerpt":{"rendered":"<p>Evolve Roman back b\u00e4nk med justerbar lutning \u00e4r en professionell stol som \u00e4r utformad f\u00f6r att f\u00f6rb\u00e4ttra din tr\u00e4ning av nedre delen av ryggen, s\u00e4tesmusklerna och magen. Den \u00e4r tillverkad f\u00f6r h\u00e5llbarhet och stabilitet och \u00e4r ett perfekt tillskott till alla gym eller tr\u00e4ningsrum hemma, med b\u00e5de komfort och robusthet f\u00f6r olika \u00f6vningar. Justerbar design som passar anv\u00e4ndare med olika l\u00e4ngd och tr\u00e4ningspreferenser, vilket garanterar en personlig och effektiv tr\u00e4ningsupplevelse.<\/p>\n","protected":false},"featured_media":105570,"template":"","meta":{"_acf_changed":true,"inline_featured_image":false},"product_brand":[],"product_cat":[1247,2062],"product_tag":[1250,2143,2088,7347,2105,2065,2138,2133,2077,2126,2097,2114],"class_list":{"0":"post-105566","1":"product","2":"type-product","3":"status-publish","4":"has-post-thumbnail","6":"product_cat-bankar","7":"product_cat-prime-series-bankar","8":"product_tag-bank-sv","9":"product_tag-gym-i-hemmet","10":"product_tag-hoftstot","11":"product_tag-hyperextension-sv","12":"product_tag-komfort-sv","13":"product_tag-kommersiellt-gym","14":"product_tag-kraftig-sv","15":"product_tag-olympisk-bank","16":"product_tag-precision-sv","17":"product_tag-skum-med-hog-densitet","18":"product_tag-styrka","19":"product_tag-styrketraning","21":"first","22":"instock","23":"shipping-taxable","24":"purchasable","25":"product-type-simple"},"acf":{"long_title":"Evolve Prime Series hyperextensionsb\u00e4nk (PR-224)","subtitle":"","specifications":[{"label":"SKU","text_value":"EV-BN-PR-224","icon":"x"},{"label":"M\u00e5tt och dimensioner","text_value":"1597 x 938 x 1084 mm","icon":"x"},{"label":"Tjocklek p\u00e5 ramv\u00e4gg","text_value":"3 mm","icon":"x"},{"label":"Vikt","text_value":"67 kg","icon":"x"},{"label":"Max anv\u00e4ndarvikt","text_value":"180 kg","icon":"x"},{"label":"Justerbara vinkelpositioner","text_value":"6","icon":"x"},{"label":"Justerbara positioner f\u00f6r t\u00e4tt st\u00f6d","text_value":"8","icon":"x"},{"label":"Tjocklek p\u00e5 kl\u00e4dsel","text_value":"6 cm","icon":"x"},{"label":"Garanti","text_value":"2 \u00e5r","icon":"x"}],"product_frequently_asked_questions":null},"yoast_head":"<!-- This site is optimized with the Yoast SEO plugin v27.4 - https:\/\/yoast.com\/product\/yoast-seo-wordpress\/ -->\n<title>Evolve Prime Series justerbar hyperextensionsb\u00e4nk (PR-224) - Evolve<\/title>\n<meta name=\"robots\" content=\"index, follow, max-snippet:-1, max-image-preview:large, max-video-preview:-1\" \/>\n<link rel=\"canonical\" href=\"https:\/\/evolve-fitness.eu\/sv\/produkt\/evolve-prime-series-justerbar-hyperextensionsbank\/\" \/>\n<meta property=\"og:locale\" content=\"sv_SE\" \/>\n<meta property=\"og:type\" content=\"article\" \/>\n<meta property=\"og:title\" content=\"Evolve Prime Series justerbar hyperextensionsb\u00e4nk (PR-224) - Evolve\" \/>\n<meta property=\"og:url\" content=\"https:\/\/evolve-fitness.eu\/sv\/produkt\/evolve-prime-series-justerbar-hyperextensionsbank\/\" \/>\n<meta property=\"og:site_name\" content=\"Evolve\" \/>\n<meta property=\"article:publisher\" content=\"https:\/\/www.facebook.com\/EvolveFitnessEurope\" \/>\n<meta property=\"article:modified_time\" content=\"2026-04-23T07:02:59+00:00\" \/>\n<meta property=\"og:image\" content=\"https:\/\/evolve-fitness.eu\/wp-content\/uploads\/2023\/12\/main-2.png\" \/>\n\t<meta property=\"og:image:width\" content=\"680\" \/>\n\t<meta property=\"og:image:height\" content=\"600\" \/>\n\t<meta property=\"og:image:type\" content=\"image\/png\" \/>\n<meta name=\"twitter:card\" content=\"summary_large_image\" \/>\n<script type=\"application\/ld+json\" class=\"yoast-schema-graph\">{\"@context\":\"https:\\\/\\\/schema.org\",\"@graph\":[{\"@type\":\"WebPage\",\"@id\":\"https:\\\/\\\/evolve-fitness.eu\\\/sv\\\/produkt\\\/evolve-prime-series-justerbar-hyperextensionsbank\\\/\",\"url\":\"https:\\\/\\\/evolve-fitness.eu\\\/sv\\\/produkt\\\/evolve-prime-series-justerbar-hyperextensionsbank\\\/\",\"name\":\"Evolve Prime Series justerbar hyperextensionsb\u00e4nk (PR-224) - Evolve\",\"isPartOf\":{\"@id\":\"https:\\\/\\\/evolve-fitness.eu\\\/sv\\\/#website\"},\"primaryImageOfPage\":{\"@id\":\"https:\\\/\\\/evolve-fitness.eu\\\/sv\\\/produkt\\\/evolve-prime-series-justerbar-hyperextensionsbank\\\/#primaryimage\"},\"image\":{\"@id\":\"https:\\\/\\\/evolve-fitness.eu\\\/sv\\\/produkt\\\/evolve-prime-series-justerbar-hyperextensionsbank\\\/#primaryimage\"},\"thumbnailUrl\":\"https:\\\/\\\/evolve-fitness.eu\\\/wp-content\\\/uploads\\\/2023\\\/12\\\/main-2.png\",\"datePublished\":\"2023-12-22T12:10:25+00:00\",\"dateModified\":\"2026-04-23T07:02:59+00:00\",\"breadcrumb\":{\"@id\":\"https:\\\/\\\/evolve-fitness.eu\\\/sv\\\/produkt\\\/evolve-prime-series-justerbar-hyperextensionsbank\\\/#breadcrumb\"},\"inLanguage\":\"sv-SE\",\"potentialAction\":[{\"@type\":\"ReadAction\",\"target\":[\"https:\\\/\\\/evolve-fitness.eu\\\/sv\\\/produkt\\\/evolve-prime-series-justerbar-hyperextensionsbank\\\/\"]}]},{\"@type\":\"ImageObject\",\"inLanguage\":\"sv-SE\",\"@id\":\"https:\\\/\\\/evolve-fitness.eu\\\/sv\\\/produkt\\\/evolve-prime-series-justerbar-hyperextensionsbank\\\/#primaryimage\",\"url\":\"https:\\\/\\\/evolve-fitness.eu\\\/wp-content\\\/uploads\\\/2023\\\/12\\\/main-2.png\",\"contentUrl\":\"https:\\\/\\\/evolve-fitness.eu\\\/wp-content\\\/uploads\\\/2023\\\/12\\\/main-2.png\",\"width\":680,\"height\":600,\"caption\":\"EV-BN-PR-224\"},{\"@type\":\"BreadcrumbList\",\"@id\":\"https:\\\/\\\/evolve-fitness.eu\\\/sv\\\/produkt\\\/evolve-prime-series-justerbar-hyperextensionsbank\\\/#breadcrumb\",\"itemListElement\":[{\"@type\":\"ListItem\",\"position\":1,\"name\":\"Home\",\"item\":\"https:\\\/\\\/evolve-fitness.eu\\\/sv\\\/\"},{\"@type\":\"ListItem\",\"position\":2,\"name\":\"Produkter\",\"item\":\"https:\\\/\\\/evolve-fitness.eu\\\/sv\\\/shop\\\/\"},{\"@type\":\"ListItem\",\"position\":3,\"name\":\"Evolve Prime Series justerbar hyperextensionsb\u00e4nk (PR-224)\"}]},{\"@type\":\"WebSite\",\"@id\":\"https:\\\/\\\/evolve-fitness.eu\\\/sv\\\/#website\",\"url\":\"https:\\\/\\\/evolve-fitness.eu\\\/sv\\\/\",\"name\":\"Evolve\",\"description\":\"Your Evolved Gear Arrived\",\"publisher\":{\"@id\":\"https:\\\/\\\/evolve-fitness.eu\\\/sv\\\/#organization\"},\"potentialAction\":[{\"@type\":\"SearchAction\",\"target\":{\"@type\":\"EntryPoint\",\"urlTemplate\":\"https:\\\/\\\/evolve-fitness.eu\\\/sv\\\/?s={search_term_string}\"},\"query-input\":{\"@type\":\"PropertyValueSpecification\",\"valueRequired\":true,\"valueName\":\"search_term_string\"}}],\"inLanguage\":\"sv-SE\"},{\"@type\":\"Organization\",\"@id\":\"https:\\\/\\\/evolve-fitness.eu\\\/sv\\\/#organization\",\"name\":\"Evolve\",\"url\":\"https:\\\/\\\/evolve-fitness.eu\\\/sv\\\/\",\"logo\":{\"@type\":\"ImageObject\",\"inLanguage\":\"sv-SE\",\"@id\":\"https:\\\/\\\/evolve-fitness.eu\\\/sv\\\/#\\\/schema\\\/logo\\\/image\\\/\",\"url\":\"https:\\\/\\\/evolve-fitness.eu\\\/wp-content\\\/uploads\\\/2023\\\/05\\\/Evolve-logo.svg\",\"contentUrl\":\"https:\\\/\\\/evolve-fitness.eu\\\/wp-content\\\/uploads\\\/2023\\\/05\\\/Evolve-logo.svg\",\"width\":176,\"height\":20,\"caption\":\"Evolve\"},\"image\":{\"@id\":\"https:\\\/\\\/evolve-fitness.eu\\\/sv\\\/#\\\/schema\\\/logo\\\/image\\\/\"},\"sameAs\":[\"https:\\\/\\\/www.facebook.com\\\/EvolveFitnessEurope\"]}]}<\/script>\n<!-- \/ Yoast SEO plugin. -->","yoast_head_json":{"title":"Evolve Prime Series justerbar hyperextensionsb\u00e4nk (PR-224) - Evolve","robots":{"index":"index","follow":"follow","max-snippet":"max-snippet:-1","max-image-preview":"max-image-preview:large","max-video-preview":"max-video-preview:-1"},"canonical":"https:\/\/evolve-fitness.eu\/sv\/produkt\/evolve-prime-series-justerbar-hyperextensionsbank\/","og_locale":"sv_SE","og_type":"article","og_title":"Evolve Prime Series justerbar hyperextensionsb\u00e4nk (PR-224) - Evolve","og_url":"https:\/\/evolve-fitness.eu\/sv\/produkt\/evolve-prime-series-justerbar-hyperextensionsbank\/","og_site_name":"Evolve","article_publisher":"https:\/\/www.facebook.com\/EvolveFitnessEurope","article_modified_time":"2026-04-23T07:02:59+00:00","og_image":[{"width":680,"height":600,"url":"https:\/\/evolve-fitness.eu\/wp-content\/uploads\/2023\/12\/main-2.png","type":"image\/png"}],"twitter_card":"summary_large_image","schema":{"@context":"https:\/\/schema.org","@graph":[{"@type":"WebPage","@id":"https:\/\/evolve-fitness.eu\/sv\/produkt\/evolve-prime-series-justerbar-hyperextensionsbank\/","url":"https:\/\/evolve-fitness.eu\/sv\/produkt\/evolve-prime-series-justerbar-hyperextensionsbank\/","name":"Evolve Prime Series justerbar hyperextensionsb\u00e4nk (PR-224) - Evolve","isPartOf":{"@id":"https:\/\/evolve-fitness.eu\/sv\/#website"},"primaryImageOfPage":{"@id":"https:\/\/evolve-fitness.eu\/sv\/produkt\/evolve-prime-series-justerbar-hyperextensionsbank\/#primaryimage"},"image":{"@id":"https:\/\/evolve-fitness.eu\/sv\/produkt\/evolve-prime-series-justerbar-hyperextensionsbank\/#primaryimage"},"thumbnailUrl":"https:\/\/evolve-fitness.eu\/wp-content\/uploads\/2023\/12\/main-2.png","datePublished":"2023-12-22T12:10:25+00:00","dateModified":"2026-04-23T07:02:59+00:00","breadcrumb":{"@id":"https:\/\/evolve-fitness.eu\/sv\/produkt\/evolve-prime-series-justerbar-hyperextensionsbank\/#breadcrumb"},"inLanguage":"sv-SE","potentialAction":[{"@type":"ReadAction","target":["https:\/\/evolve-fitness.eu\/sv\/produkt\/evolve-prime-series-justerbar-hyperextensionsbank\/"]}]},{"@type":"ImageObject","inLanguage":"sv-SE","@id":"https:\/\/evolve-fitness.eu\/sv\/produkt\/evolve-prime-series-justerbar-hyperextensionsbank\/#primaryimage","url":"https:\/\/evolve-fitness.eu\/wp-content\/uploads\/2023\/12\/main-2.png","contentUrl":"https:\/\/evolve-fitness.eu\/wp-content\/uploads\/2023\/12\/main-2.png","width":680,"height":600,"caption":"EV-BN-PR-224"},{"@type":"BreadcrumbList","@id":"https:\/\/evolve-fitness.eu\/sv\/produkt\/evolve-prime-series-justerbar-hyperextensionsbank\/#breadcrumb","itemListElement":[{"@type":"ListItem","position":1,"name":"Home","item":"https:\/\/evolve-fitness.eu\/sv\/"},{"@type":"ListItem","position":2,"name":"Produkter","item":"https:\/\/evolve-fitness.eu\/sv\/shop\/"},{"@type":"ListItem","position":3,"name":"Evolve Prime Series justerbar hyperextensionsb\u00e4nk (PR-224)"}]},{"@type":"WebSite","@id":"https:\/\/evolve-fitness.eu\/sv\/#website","url":"https:\/\/evolve-fitness.eu\/sv\/","name":"Evolve","description":"Your Evolved Gear Arrived","publisher":{"@id":"https:\/\/evolve-fitness.eu\/sv\/#organization"},"potentialAction":[{"@type":"SearchAction","target":{"@type":"EntryPoint","urlTemplate":"https:\/\/evolve-fitness.eu\/sv\/?s={search_term_string}"},"query-input":{"@type":"PropertyValueSpecification","valueRequired":true,"valueName":"search_term_string"}}],"inLanguage":"sv-SE"},{"@type":"Organization","@id":"https:\/\/evolve-fitness.eu\/sv\/#organization","name":"Evolve","url":"https:\/\/evolve-fitness.eu\/sv\/","logo":{"@type":"ImageObject","inLanguage":"sv-SE","@id":"https:\/\/evolve-fitness.eu\/sv\/#\/schema\/logo\/image\/","url":"https:\/\/evolve-fitness.eu\/wp-content\/uploads\/2023\/05\/Evolve-logo.svg","contentUrl":"https:\/\/evolve-fitness.eu\/wp-content\/uploads\/2023\/05\/Evolve-logo.svg","width":176,"height":20,"caption":"Evolve"},"image":{"@id":"https:\/\/evolve-fitness.eu\/sv\/#\/schema\/logo\/image\/"},"sameAs":["https:\/\/www.facebook.com\/EvolveFitnessEurope"]}]}},"_links":{"self":[{"href":"https:\/\/evolve-fitness.eu\/sv\/wp-json\/wp\/v2\/product\/105566","targetHints":{"allow":["GET"]}}],"collection":[{"href":"https:\/\/evolve-fitness.eu\/sv\/wp-json\/wp\/v2\/product"}],"about":[{"href":"https:\/\/evolve-fitness.eu\/sv\/wp-json\/wp\/v2\/types\/product"}],"wp:featuredmedia":[{"embeddable":true,"href":"https:\/\/evolve-fitness.eu\/sv\/wp-json\/wp\/v2\/media\/105570"}],"wp:attachment":[{"href":"https:\/\/evolve-fitness.eu\/sv\/wp-json\/wp\/v2\/media?parent=105566"}],"wp:term":[{"taxonomy":"product_brand","embeddable":true,"href":"https:\/\/evolve-fitness.eu\/sv\/wp-json\/wp\/v2\/product_brand?post=105566"},{"taxonomy":"product_cat","embeddable":true,"href":"https:\/\/evolve-fitness.eu\/sv\/wp-json\/wp\/v2\/product_cat?post=105566"},{"taxonomy":"product_tag","embeddable":true,"href":"https:\/\/evolve-fitness.eu\/sv\/wp-json\/wp\/v2\/product_tag?post=105566"}],"curies":[{"name":"wp","href":"https:\/\/api.w.org\/{rel}","templated":true}]}}