{"id":169332,"date":"2024-12-13T18:31:59","date_gmt":"2024-12-13T18:31:59","guid":{"rendered":"https:\/\/evolve-fitness.eu\/product\/evolve-konstgras\/"},"modified":"2025-01-21T14:39:51","modified_gmt":"2025-01-21T14:39:51","slug":"evolve-konstgras","status":"publish","type":"product","link":"https:\/\/evolve-fitness.eu\/sv\/produkt\/evolve-konstgras\/","title":{"rendered":"Evolve konstgr\u00e4s"},"content":{"rendered":"\n<section class=\"wp-block-group alignfull has-lightgray-background-color has-background is-layout-constrained wp-block-group-is-layout-constrained\">\n<div class=\"wp-block-columns alignwide is-layout-flex wp-container-core-columns-is-layout-2edb0647 wp-block-columns-is-layout-flex\" style=\"margin-top:0;margin-bottom:0\">\n<div class=\"wp-block-column is-layout-flow wp-block-column-is-layout-flow\" style=\"flex-basis:33.33%\"><\/div>\n\n\n\n<div class=\"wp-block-column is-layout-flow wp-block-column-is-layout-flow\" style=\"flex-basis:66.66%\"><\/div>\n<\/div>\n<\/section>\n\n<section class=\"wp-block-group alignfull black-content has-white-color has-darkgray-background-color has-text-color has-background is-layout-constrained wp-block-group-is-layout-constrained\" style=\"padding-top:var(--wp--preset--spacing--section-bottom);padding-bottom:var(--wp--preset--spacing--section-bottom)\">\n<div class=\"wp-block-columns alignwide is-layout-flex wp-container-core-columns-is-layout-c45ee707 wp-block-columns-is-layout-flex\" style=\"margin-bottom:var(--wp--preset--spacing--side-padding);padding-top:var(--wp--preset--spacing--side-padding)\">\n<div class=\"wp-block-column is-vertically-aligned-center is-layout-flow wp-block-column-is-layout-flow\">\n<h3 class=\"wp-block-heading\"><strong>M\u00e5ngsidigt konstgr\u00e4s f\u00f6r inomhus- och utomhusbruk<\/strong><\/h3>\n\n\n\n<p><strong><em><strong><em>H\u00e5llbarhet och prestanda f\u00f6r alla tr\u00e4ningsutrymmen<\/em><\/strong><\/em><\/strong><\/p>\n\n\n\n<p style=\"margin-bottom:var(--wp--preset--spacing--tb-section-padding)\">Evolve Artificial Turf \u00e4r den perfekta golvl\u00f6sningen f\u00f6r att skapa m\u00e5ngsidiga tr\u00e4ningszoner, b\u00e5de inomhus och utomhus. Konstgr\u00e4set \u00e4r utformat f\u00f6r h\u00e5llbarhet och funktionalitet och erbjuder en halkfri, d\u00e4mpad yta som st\u00f6der h\u00f6gintensiv tr\u00e4ning, k\u00e4lkst\u00f6tning och smidighetstr\u00e4ning. Den underh\u00e5llsfria designen motst\u00e5r slitage, medan den naturliga gr\u00e4sliknande strukturen ger en autentisk k\u00e4nsla f\u00f6r sport- och fitnessentusiaster. Evolve Artificial Turf \u00e4r perfekt f\u00f6r gym, tr\u00e4ningsanl\u00e4ggningar och utomhusomr\u00e5den och garanterar prestanda, komfort och tillf\u00f6rlitlighet f\u00f6r varje tr\u00e4ningspass.   <\/p>\n\n\n\n<h3 class=\"wp-block-heading\"><strong>Anpassningsbar och bekv\u00e4m tr\u00e4ningsyta<\/strong><\/h3>\n\n\n\n<p><strong><em><strong><em>Personlig design med f\u00f6rb\u00e4ttrad komfort och stil<\/em><\/strong><\/em><\/strong><\/p>\n\n\n\n<p style=\"margin-bottom:var(--wp--preset--spacing--tb-section-padding)\">Evolve Artificial Turf kombinerar funktionalitet med estetik och erbjuder fullst\u00e4ndiga anpassningsalternativ, inklusive logotyper, linjer och siffror, f\u00f6r att skapa en tr\u00e4ningsyta som \u00e4r skr\u00e4ddarsydd efter dina behov. Med ett 15 mm gummilager ger detta gr\u00e4s \u00f6verl\u00e4gsen d\u00e4mpning och en bekv\u00e4mare fotk\u00e4nsla, vilket minskar tr\u00f6ttheten under intensiva tr\u00e4ningspass. Ut\u00f6ver prestandan g\u00f6r de vackra m\u00f6nstren gr\u00e4smattan till en dekorativ mittpunkt som f\u00f6rh\u00f6jer det visuella intrycket i alla gym eller personliga studior.  <\/p>\n<\/div>\n\n\n\n<div class=\"wp-block-column is-vertically-aligned-center is-layout-flow wp-block-column-is-layout-flow\">\n<figure class=\"wp-block-image size-full\"><img loading=\"lazy\" decoding=\"async\" width=\"724\" height=\"952\" src=\"https:\/\/evolve-fitness.eu\/wp-content\/uploads\/2024\/12\/turf.jpg\" alt=\"EV-AT-CS-20\" class=\"wp-image-171269\" srcset=\"https:\/\/evolve-fitness.eu\/wp-content\/uploads\/2024\/12\/turf.jpg 724w, https:\/\/evolve-fitness.eu\/wp-content\/uploads\/2024\/12\/turf-228x300.jpg 228w, https:\/\/evolve-fitness.eu\/wp-content\/uploads\/2024\/12\/turf-114x150.jpg 114w, https:\/\/evolve-fitness.eu\/wp-content\/uploads\/2024\/12\/turf-300x394.jpg 300w, https:\/\/evolve-fitness.eu\/wp-content\/uploads\/2024\/12\/turf-600x789.jpg 600w\" sizes=\"auto, (max-width: 724px) 100vw, 724px\" \/><\/figure>\n<\/div>\n<\/div>\n<\/section>\n","protected":false},"excerpt":{"rendered":"<p>F\u00f6rvandla din tr\u00e4ningsanl\u00e4ggning eller ditt tr\u00e4ningsomr\u00e5de med Evolve konstgr\u00e4s &#8211; den perfekta l\u00f6sningen f\u00f6r att skapa en h\u00e5llbar, funktionell och visuellt sl\u00e5ende tr\u00e4ningsyta. Detta premiumgr\u00e4s \u00e4r utformat f\u00f6r att klara intensiva tr\u00e4ningspass och h\u00f6g trafik och ger utm\u00e4rkt grepp, d\u00e4mpning och m\u00e5ngsidighet f\u00f6r ett brett utbud av \u00f6vningar. Oavsett om du ska anl\u00e4gga en sprintbana, en k\u00e4lkst\u00f6tningszon eller ett fitnessomr\u00e5de f\u00f6r flera \u00e4ndam\u00e5l \u00e4r Evolve Artificial Turf konstruerad f\u00f6r att h\u00f6ja prestandan och estetiken.  <\/p>\n","protected":false},"featured_media":169322,"template":"","meta":{"_acf_changed":false,"inline_featured_image":false},"product_brand":[],"product_cat":[5247,2636],"product_tag":[],"class_list":{"0":"post-169332","1":"product","2":"type-product","3":"status-publish","4":"has-post-thumbnail","6":"product_cat-golv","7":"product_cat-plattformar-och-golv","9":"first","10":"instock","11":"shipping-taxable","12":"purchasable","13":"product-type-simple"},"acf":{"long_title":"Evolve konstgr\u00e4s","subtitle":"","specifications":[{"label":"SKU","text_value":"EV-AT-CS-20","icon":"x"},{"label":"Pile h\u00f6jd","text_value":"5 mm","icon":"x"},{"label":"Gummilager","text_value":"15 mm","icon":"x"},{"label":"Anpassningsbar","text_value":"f\u00e4rg, linjer, siffror","icon":"x"},{"label":"Garn","text_value":"Bred PE lockad","icon":"x"},{"label":"Garn\u00e5tg\u00e5ng","text_value":"8000Dtex","icon":"x"},{"label":"M\u00e4tare","text_value":"3\/16 tum","icon":"x"},{"label":"Stygnhastighet","text_value":"250 stygn\/m","icon":"x"},{"label":"Densitet","text_value":"52500 tufts\/kvm","icon":"x"},{"label":"Backning","text_value":"PP+Net+SPU","icon":"x"}],"product_frequently_asked_questions":null},"yoast_head":"<!-- This site is optimized with the Yoast SEO plugin v27.4 - https:\/\/yoast.com\/product\/yoast-seo-wordpress\/ -->\n<title>Evolve konstgr\u00e4s - Evolve<\/title>\n<meta name=\"robots\" content=\"index, follow, max-snippet:-1, max-image-preview:large, max-video-preview:-1\" \/>\n<link rel=\"canonical\" href=\"https:\/\/evolve-fitness.eu\/sv\/produkt\/evolve-konstgras\/\" \/>\n<meta property=\"og:locale\" content=\"sv_SE\" \/>\n<meta property=\"og:type\" content=\"article\" \/>\n<meta property=\"og:title\" content=\"Evolve konstgr\u00e4s - Evolve\" \/>\n<meta property=\"og:url\" content=\"https:\/\/evolve-fitness.eu\/sv\/produkt\/evolve-konstgras\/\" \/>\n<meta property=\"og:site_name\" content=\"Evolve\" \/>\n<meta property=\"article:publisher\" content=\"https:\/\/www.facebook.com\/EvolveFitnessEurope\" \/>\n<meta property=\"article:modified_time\" content=\"2025-01-21T14:39:51+00:00\" \/>\n<meta property=\"og:image\" content=\"https:\/\/evolve-fitness.eu\/wp-content\/uploads\/2024\/12\/Artificial-Turf-png-1024x683.png\" \/>\n\t<meta property=\"og:image:width\" content=\"1024\" \/>\n\t<meta property=\"og:image:height\" content=\"683\" \/>\n\t<meta property=\"og:image:type\" content=\"image\/png\" \/>\n<meta name=\"twitter:card\" content=\"summary_large_image\" \/>\n<script type=\"application\/ld+json\" class=\"yoast-schema-graph\">{\"@context\":\"https:\\\/\\\/schema.org\",\"@graph\":[{\"@type\":\"WebPage\",\"@id\":\"https:\\\/\\\/evolve-fitness.eu\\\/sv\\\/produkt\\\/evolve-konstgras\\\/\",\"url\":\"https:\\\/\\\/evolve-fitness.eu\\\/sv\\\/produkt\\\/evolve-konstgras\\\/\",\"name\":\"Evolve konstgr\u00e4s - Evolve\",\"isPartOf\":{\"@id\":\"https:\\\/\\\/evolve-fitness.eu\\\/sv\\\/#website\"},\"primaryImageOfPage\":{\"@id\":\"https:\\\/\\\/evolve-fitness.eu\\\/sv\\\/produkt\\\/evolve-konstgras\\\/#primaryimage\"},\"image\":{\"@id\":\"https:\\\/\\\/evolve-fitness.eu\\\/sv\\\/produkt\\\/evolve-konstgras\\\/#primaryimage\"},\"thumbnailUrl\":\"https:\\\/\\\/evolve-fitness.eu\\\/wp-content\\\/uploads\\\/2024\\\/12\\\/Artificial-Turf-png.png\",\"datePublished\":\"2024-12-13T18:31:59+00:00\",\"dateModified\":\"2025-01-21T14:39:51+00:00\",\"breadcrumb\":{\"@id\":\"https:\\\/\\\/evolve-fitness.eu\\\/sv\\\/produkt\\\/evolve-konstgras\\\/#breadcrumb\"},\"inLanguage\":\"sv-SE\",\"potentialAction\":[{\"@type\":\"ReadAction\",\"target\":[\"https:\\\/\\\/evolve-fitness.eu\\\/sv\\\/produkt\\\/evolve-konstgras\\\/\"]}]},{\"@type\":\"ImageObject\",\"inLanguage\":\"sv-SE\",\"@id\":\"https:\\\/\\\/evolve-fitness.eu\\\/sv\\\/produkt\\\/evolve-konstgras\\\/#primaryimage\",\"url\":\"https:\\\/\\\/evolve-fitness.eu\\\/wp-content\\\/uploads\\\/2024\\\/12\\\/Artificial-Turf-png.png\",\"contentUrl\":\"https:\\\/\\\/evolve-fitness.eu\\\/wp-content\\\/uploads\\\/2024\\\/12\\\/Artificial-Turf-png.png\",\"width\":2060,\"height\":1373,\"caption\":\"EV-AT-CS-20\"},{\"@type\":\"BreadcrumbList\",\"@id\":\"https:\\\/\\\/evolve-fitness.eu\\\/sv\\\/produkt\\\/evolve-konstgras\\\/#breadcrumb\",\"itemListElement\":[{\"@type\":\"ListItem\",\"position\":1,\"name\":\"Home\",\"item\":\"https:\\\/\\\/evolve-fitness.eu\\\/sv\\\/\"},{\"@type\":\"ListItem\",\"position\":2,\"name\":\"Produkter\",\"item\":\"https:\\\/\\\/evolve-fitness.eu\\\/sv\\\/shop\\\/\"},{\"@type\":\"ListItem\",\"position\":3,\"name\":\"Evolve konstgr\u00e4s\"}]},{\"@type\":\"WebSite\",\"@id\":\"https:\\\/\\\/evolve-fitness.eu\\\/sv\\\/#website\",\"url\":\"https:\\\/\\\/evolve-fitness.eu\\\/sv\\\/\",\"name\":\"Evolve\",\"description\":\"Your Evolved Gear Arrived\",\"publisher\":{\"@id\":\"https:\\\/\\\/evolve-fitness.eu\\\/sv\\\/#organization\"},\"potentialAction\":[{\"@type\":\"SearchAction\",\"target\":{\"@type\":\"EntryPoint\",\"urlTemplate\":\"https:\\\/\\\/evolve-fitness.eu\\\/sv\\\/?s={search_term_string}\"},\"query-input\":{\"@type\":\"PropertyValueSpecification\",\"valueRequired\":true,\"valueName\":\"search_term_string\"}}],\"inLanguage\":\"sv-SE\"},{\"@type\":\"Organization\",\"@id\":\"https:\\\/\\\/evolve-fitness.eu\\\/sv\\\/#organization\",\"name\":\"Evolve\",\"url\":\"https:\\\/\\\/evolve-fitness.eu\\\/sv\\\/\",\"logo\":{\"@type\":\"ImageObject\",\"inLanguage\":\"sv-SE\",\"@id\":\"https:\\\/\\\/evolve-fitness.eu\\\/sv\\\/#\\\/schema\\\/logo\\\/image\\\/\",\"url\":\"https:\\\/\\\/evolve-fitness.eu\\\/wp-content\\\/uploads\\\/2023\\\/05\\\/Evolve-logo.svg\",\"contentUrl\":\"https:\\\/\\\/evolve-fitness.eu\\\/wp-content\\\/uploads\\\/2023\\\/05\\\/Evolve-logo.svg\",\"width\":176,\"height\":20,\"caption\":\"Evolve\"},\"image\":{\"@id\":\"https:\\\/\\\/evolve-fitness.eu\\\/sv\\\/#\\\/schema\\\/logo\\\/image\\\/\"},\"sameAs\":[\"https:\\\/\\\/www.facebook.com\\\/EvolveFitnessEurope\"]}]}<\/script>\n<!-- \/ Yoast SEO plugin. -->","yoast_head_json":{"title":"Evolve konstgr\u00e4s - Evolve","robots":{"index":"index","follow":"follow","max-snippet":"max-snippet:-1","max-image-preview":"max-image-preview:large","max-video-preview":"max-video-preview:-1"},"canonical":"https:\/\/evolve-fitness.eu\/sv\/produkt\/evolve-konstgras\/","og_locale":"sv_SE","og_type":"article","og_title":"Evolve konstgr\u00e4s - Evolve","og_url":"https:\/\/evolve-fitness.eu\/sv\/produkt\/evolve-konstgras\/","og_site_name":"Evolve","article_publisher":"https:\/\/www.facebook.com\/EvolveFitnessEurope","article_modified_time":"2025-01-21T14:39:51+00:00","og_image":[{"width":1024,"height":683,"url":"https:\/\/evolve-fitness.eu\/wp-content\/uploads\/2024\/12\/Artificial-Turf-png-1024x683.png","type":"image\/png"}],"twitter_card":"summary_large_image","schema":{"@context":"https:\/\/schema.org","@graph":[{"@type":"WebPage","@id":"https:\/\/evolve-fitness.eu\/sv\/produkt\/evolve-konstgras\/","url":"https:\/\/evolve-fitness.eu\/sv\/produkt\/evolve-konstgras\/","name":"Evolve konstgr\u00e4s - Evolve","isPartOf":{"@id":"https:\/\/evolve-fitness.eu\/sv\/#website"},"primaryImageOfPage":{"@id":"https:\/\/evolve-fitness.eu\/sv\/produkt\/evolve-konstgras\/#primaryimage"},"image":{"@id":"https:\/\/evolve-fitness.eu\/sv\/produkt\/evolve-konstgras\/#primaryimage"},"thumbnailUrl":"https:\/\/evolve-fitness.eu\/wp-content\/uploads\/2024\/12\/Artificial-Turf-png.png","datePublished":"2024-12-13T18:31:59+00:00","dateModified":"2025-01-21T14:39:51+00:00","breadcrumb":{"@id":"https:\/\/evolve-fitness.eu\/sv\/produkt\/evolve-konstgras\/#breadcrumb"},"inLanguage":"sv-SE","potentialAction":[{"@type":"ReadAction","target":["https:\/\/evolve-fitness.eu\/sv\/produkt\/evolve-konstgras\/"]}]},{"@type":"ImageObject","inLanguage":"sv-SE","@id":"https:\/\/evolve-fitness.eu\/sv\/produkt\/evolve-konstgras\/#primaryimage","url":"https:\/\/evolve-fitness.eu\/wp-content\/uploads\/2024\/12\/Artificial-Turf-png.png","contentUrl":"https:\/\/evolve-fitness.eu\/wp-content\/uploads\/2024\/12\/Artificial-Turf-png.png","width":2060,"height":1373,"caption":"EV-AT-CS-20"},{"@type":"BreadcrumbList","@id":"https:\/\/evolve-fitness.eu\/sv\/produkt\/evolve-konstgras\/#breadcrumb","itemListElement":[{"@type":"ListItem","position":1,"name":"Home","item":"https:\/\/evolve-fitness.eu\/sv\/"},{"@type":"ListItem","position":2,"name":"Produkter","item":"https:\/\/evolve-fitness.eu\/sv\/shop\/"},{"@type":"ListItem","position":3,"name":"Evolve konstgr\u00e4s"}]},{"@type":"WebSite","@id":"https:\/\/evolve-fitness.eu\/sv\/#website","url":"https:\/\/evolve-fitness.eu\/sv\/","name":"Evolve","description":"Your Evolved Gear Arrived","publisher":{"@id":"https:\/\/evolve-fitness.eu\/sv\/#organization"},"potentialAction":[{"@type":"SearchAction","target":{"@type":"EntryPoint","urlTemplate":"https:\/\/evolve-fitness.eu\/sv\/?s={search_term_string}"},"query-input":{"@type":"PropertyValueSpecification","valueRequired":true,"valueName":"search_term_string"}}],"inLanguage":"sv-SE"},{"@type":"Organization","@id":"https:\/\/evolve-fitness.eu\/sv\/#organization","name":"Evolve","url":"https:\/\/evolve-fitness.eu\/sv\/","logo":{"@type":"ImageObject","inLanguage":"sv-SE","@id":"https:\/\/evolve-fitness.eu\/sv\/#\/schema\/logo\/image\/","url":"https:\/\/evolve-fitness.eu\/wp-content\/uploads\/2023\/05\/Evolve-logo.svg","contentUrl":"https:\/\/evolve-fitness.eu\/wp-content\/uploads\/2023\/05\/Evolve-logo.svg","width":176,"height":20,"caption":"Evolve"},"image":{"@id":"https:\/\/evolve-fitness.eu\/sv\/#\/schema\/logo\/image\/"},"sameAs":["https:\/\/www.facebook.com\/EvolveFitnessEurope"]}]}},"_links":{"self":[{"href":"https:\/\/evolve-fitness.eu\/sv\/wp-json\/wp\/v2\/product\/169332","targetHints":{"allow":["GET"]}}],"collection":[{"href":"https:\/\/evolve-fitness.eu\/sv\/wp-json\/wp\/v2\/product"}],"about":[{"href":"https:\/\/evolve-fitness.eu\/sv\/wp-json\/wp\/v2\/types\/product"}],"wp:featuredmedia":[{"embeddable":true,"href":"https:\/\/evolve-fitness.eu\/sv\/wp-json\/wp\/v2\/media\/169322"}],"wp:attachment":[{"href":"https:\/\/evolve-fitness.eu\/sv\/wp-json\/wp\/v2\/media?parent=169332"}],"wp:term":[{"taxonomy":"product_brand","embeddable":true,"href":"https:\/\/evolve-fitness.eu\/sv\/wp-json\/wp\/v2\/product_brand?post=169332"},{"taxonomy":"product_cat","embeddable":true,"href":"https:\/\/evolve-fitness.eu\/sv\/wp-json\/wp\/v2\/product_cat?post=169332"},{"taxonomy":"product_tag","embeddable":true,"href":"https:\/\/evolve-fitness.eu\/sv\/wp-json\/wp\/v2\/product_tag?post=169332"}],"curies":[{"name":"wp","href":"https:\/\/api.w.org\/{rel}","templated":true}]}}