{"id":173350,"date":"2025-01-14T08:59:38","date_gmt":"2025-01-14T08:59:38","guid":{"rendered":"https:\/\/evolve-fitness.eu\/product\/evolve-powerlfting-stang-220-cm-20-kg\/"},"modified":"2026-04-09T15:22:40","modified_gmt":"2026-04-09T12:22:40","slug":"evolve-powerlfting-stang-220-cm-20-kg","status":"publish","type":"product","link":"https:\/\/evolve-fitness.eu\/sv\/produkt\/evolve-powerlfting-stang-220-cm-20-kg\/","title":{"rendered":"Evolve Powerlfting-st\u00e5ng &#8211; 220 cm \/ 20 kg (PL-220)"},"content":{"rendered":"\n<section class=\"wp-block-group alignfull has-lightgray-background-color has-background is-layout-constrained wp-block-group-is-layout-constrained\">\n<div class=\"wp-block-columns alignwide is-layout-flex wp-container-core-columns-is-layout-2edb0647 wp-block-columns-is-layout-flex\" style=\"margin-top:0;margin-bottom:0\">\n<div class=\"wp-block-column is-layout-flow wp-block-column-is-layout-flow\" style=\"flex-basis:33.33%\"><\/div>\n\n\n\n<div class=\"wp-block-column is-layout-flow wp-block-column-is-layout-flow\" style=\"flex-basis:66.66%\"><\/div>\n<\/div>\n<\/section>\n\n<section class=\"wp-block-group alignfull black-content has-white-color has-darkgray-background-color has-text-color has-background is-layout-constrained wp-block-group-is-layout-constrained\" style=\"padding-top:var(--wp--preset--spacing--section-bottom);padding-bottom:var(--wp--preset--spacing--section-bottom)\">\n<h3 class=\"wp-block-heading has-text-align-center\" style=\"margin-bottom:var(--wp--preset--spacing--tb-section-padding)\">Tekniskt kort<\/h3>\n\n\n\n<div class=\"wp-block-columns alignwide mobile-reverse is-layout-flex wp-container-core-columns-is-layout-ca64bf2d wp-block-columns-is-layout-flex\" style=\"margin-bottom:var(--wp--preset--spacing--side-padding)\">\n<div class=\"wp-block-column is-layout-flow wp-block-column-is-layout-flow\">\n<figure class=\"wp-block-image aligncenter size-large is-style-rounded\"><img loading=\"lazy\" decoding=\"async\" width=\"1024\" height=\"683\" src=\"https:\/\/evolve-fitness.eu\/wp-content\/uploads\/2025\/01\/Evolve-Powerlifiting-Bar-spec-3-1024x683.jpg\" alt=\"EV-OB-PL-220\" class=\"wp-image-174067\" srcset=\"https:\/\/evolve-fitness.eu\/wp-content\/uploads\/2025\/01\/Evolve-Powerlifiting-Bar-spec-3-1024x683.jpg 1024w, https:\/\/evolve-fitness.eu\/wp-content\/uploads\/2025\/01\/Evolve-Powerlifiting-Bar-spec-3-300x200.jpg 300w, https:\/\/evolve-fitness.eu\/wp-content\/uploads\/2025\/01\/Evolve-Powerlifiting-Bar-spec-3-150x100.jpg 150w, https:\/\/evolve-fitness.eu\/wp-content\/uploads\/2025\/01\/Evolve-Powerlifiting-Bar-spec-3-768x512.jpg 768w, https:\/\/evolve-fitness.eu\/wp-content\/uploads\/2025\/01\/Evolve-Powerlifiting-Bar-spec-3-1536x1024.jpg 1536w, https:\/\/evolve-fitness.eu\/wp-content\/uploads\/2025\/01\/Evolve-Powerlifiting-Bar-spec-3-2048x1365.jpg 2048w, https:\/\/evolve-fitness.eu\/wp-content\/uploads\/2025\/01\/Evolve-Powerlifiting-Bar-spec-3-600x400.jpg 600w, https:\/\/evolve-fitness.eu\/wp-content\/uploads\/2025\/01\/Evolve-Powerlifiting-Bar-spec-3-225x150.jpg 225w\" sizes=\"auto, (max-width: 1024px) 100vw, 1024px\" \/><\/figure>\n<\/div>\n<\/div>\n\n\n\n<div class=\"wp-block-columns alignwide mobile-reverse is-layout-flex wp-container-core-columns-is-layout-ca64bf2d wp-block-columns-is-layout-flex\" style=\"margin-bottom:var(--wp--preset--spacing--side-padding)\">\n<div class=\"wp-block-column is-vertically-aligned-center is-layout-flow wp-block-column-is-layout-flow\">\n<h3 class=\"wp-block-heading\" style=\"margin-bottom:var(--wp--preset--spacing--h-3-bottom)\"><strong><strong><strong><strong><strong><strong>H\u00f6g kvalitet<\/strong><\/strong><\/strong><\/strong><\/strong><\/strong><\/h3>\n\n\n\n<p><strong><em><strong><strong><strong><strong>H\u00e5llbar konstruktion<\/strong><\/strong><\/strong><\/strong><\/em><\/strong><\/p>\n\n\n\n<p style=\"margin-bottom:var(--wp--preset--spacing--tb-section-padding)\">V\u00e5ra tr\u00e4ningsb\u00e4nkar \u00e4r byggda f\u00f6r att h\u00e5lla l\u00e4nge, med en solid metallram tillverkad av svetsade cirkul\u00e4ra r\u00f6r. Den avancerade elektrostatiska spruttekniken med h\u00e4rdplaster ger inte bara ytan ett elegant utseende utan ger ocks\u00e5 ett utm\u00e4rkt rostskydd. Oavsett om du tr\u00e4nar hemma eller p\u00e5 ett professionellt gym \u00e4r v\u00e5ra Evolve-b\u00e4nkar utformade f\u00f6r att uppfylla dina behov. De \u00e4r ocks\u00e5 perfekta f\u00f6r kommersiella fitnessanl\u00e4ggningar p\u00e5 milit\u00e4rbaser, hotell, vandrarhem och rehabiliteringscenter.<\/p>\n\n\n\n<h3 class=\"wp-block-heading\" style=\"margin-bottom:var(--wp--preset--spacing--h-3-bottom)\"><strong><strong><strong><strong><strong><strong><strong><strong>\u00d6verl\u00e4gset grepp och kontroll<\/strong><\/strong><\/strong><\/strong><\/strong><\/strong><\/strong><\/strong><\/h3>\n\n\n\n<p><strong><em><strong><strong><strong><strong><strong>R\u00e4ffling f\u00f6r f\u00f6rb\u00e4ttrad stabilitet<\/strong><\/strong><\/strong><\/strong><\/strong><\/em><\/strong><\/p>\n\n\n\n<p>Denna styrkelyftsst\u00e5ng har aggressiva r\u00e4fflingsm\u00f6nster som ger ett s\u00e4kert och fast grepp under intensiva lyft. De exakt placerade r\u00e4fflorna hj\u00e4lper lyftaren att h\u00e5lla r\u00e4tt handposition vid kn\u00e4b\u00f6j, b\u00e4nkpress och marklyft. St\u00e5ngen har ocks\u00e5 en mittkn\u00f6l f\u00f6r extra stabilitet under kn\u00e4b\u00f6j, vilket f\u00f6rhindrar att st\u00e5ngen glider och f\u00f6rb\u00e4ttrar s\u00e4kerheten.  <\/p>\n<\/div>\n\n\n\n<div class=\"wp-block-column is-vertically-aligned-center is-layout-flow wp-block-column-is-layout-flow\">\n<figure class=\"wp-block-image size-full is-style-rounded\"><img loading=\"lazy\" decoding=\"async\" width=\"2060\" height=\"1373\" src=\"https:\/\/evolve-fitness.eu\/wp-content\/uploads\/2025\/01\/Evolve-Powerlifiting-Bar-3.jpg\" alt=\"EV-OB-PL-220\" class=\"wp-image-173253\" style=\"object-fit:cover\" srcset=\"https:\/\/evolve-fitness.eu\/wp-content\/uploads\/2025\/01\/Evolve-Powerlifiting-Bar-3.jpg 2060w, https:\/\/evolve-fitness.eu\/wp-content\/uploads\/2025\/01\/Evolve-Powerlifiting-Bar-3-300x200.jpg 300w, https:\/\/evolve-fitness.eu\/wp-content\/uploads\/2025\/01\/Evolve-Powerlifiting-Bar-3-1024x683.jpg 1024w, https:\/\/evolve-fitness.eu\/wp-content\/uploads\/2025\/01\/Evolve-Powerlifiting-Bar-3-150x100.jpg 150w, https:\/\/evolve-fitness.eu\/wp-content\/uploads\/2025\/01\/Evolve-Powerlifiting-Bar-3-768x512.jpg 768w, https:\/\/evolve-fitness.eu\/wp-content\/uploads\/2025\/01\/Evolve-Powerlifiting-Bar-3-1536x1024.jpg 1536w, https:\/\/evolve-fitness.eu\/wp-content\/uploads\/2025\/01\/Evolve-Powerlifiting-Bar-3-2048x1365.jpg 2048w, https:\/\/evolve-fitness.eu\/wp-content\/uploads\/2025\/01\/Evolve-Powerlifiting-Bar-3-600x400.jpg 600w, https:\/\/evolve-fitness.eu\/wp-content\/uploads\/2025\/01\/Evolve-Powerlifiting-Bar-3-225x150.jpg 225w\" sizes=\"auto, (max-width: 2060px) 100vw, 2060px\" \/><\/figure>\n<\/div>\n<\/div>\n\n\n\n<div class=\"wp-block-columns alignwide mobile-reverse is-layout-flex wp-container-core-columns-is-layout-ca64bf2d wp-block-columns-is-layout-flex\" style=\"margin-bottom:var(--wp--preset--spacing--side-padding)\">\n<div class=\"wp-block-column is-vertically-aligned-center is-layout-flow wp-block-column-is-layout-flow\">\n<figure class=\"wp-block-image size-full is-style-rounded\"><img loading=\"lazy\" decoding=\"async\" width=\"2060\" height=\"1373\" src=\"https:\/\/evolve-fitness.eu\/wp-content\/uploads\/2025\/01\/Evolve-Powerlifiting-Bar-6.jpg\" alt=\"EV-OB-PL-220\" class=\"wp-image-174016\" style=\"object-fit:cover\" srcset=\"https:\/\/evolve-fitness.eu\/wp-content\/uploads\/2025\/01\/Evolve-Powerlifiting-Bar-6.jpg 2060w, https:\/\/evolve-fitness.eu\/wp-content\/uploads\/2025\/01\/Evolve-Powerlifiting-Bar-6-300x200.jpg 300w, https:\/\/evolve-fitness.eu\/wp-content\/uploads\/2025\/01\/Evolve-Powerlifiting-Bar-6-1024x683.jpg 1024w, https:\/\/evolve-fitness.eu\/wp-content\/uploads\/2025\/01\/Evolve-Powerlifiting-Bar-6-150x100.jpg 150w, https:\/\/evolve-fitness.eu\/wp-content\/uploads\/2025\/01\/Evolve-Powerlifiting-Bar-6-768x512.jpg 768w, https:\/\/evolve-fitness.eu\/wp-content\/uploads\/2025\/01\/Evolve-Powerlifiting-Bar-6-1536x1024.jpg 1536w, https:\/\/evolve-fitness.eu\/wp-content\/uploads\/2025\/01\/Evolve-Powerlifiting-Bar-6-2048x1365.jpg 2048w, https:\/\/evolve-fitness.eu\/wp-content\/uploads\/2025\/01\/Evolve-Powerlifiting-Bar-6-600x400.jpg 600w, https:\/\/evolve-fitness.eu\/wp-content\/uploads\/2025\/01\/Evolve-Powerlifiting-Bar-6-225x150.jpg 225w\" sizes=\"auto, (max-width: 2060px) 100vw, 2060px\" \/><\/figure>\n<\/div>\n\n\n\n<div class=\"wp-block-column is-vertically-aligned-center is-layout-flow wp-block-column-is-layout-flow\">\n<h3 class=\"wp-block-heading\" style=\"margin-bottom:var(--wp--preset--spacing--h-3-bottom)\"><strong><strong><strong><strong><strong><strong><strong>Optimal lastkapacitet och styvhet<\/strong><\/strong><\/strong><\/strong><\/strong><\/strong><\/strong><\/h3>\n\n\n\n<p><strong><em><strong><strong><strong><strong><strong>Konstruerad f\u00f6r tunga vikter<\/strong><\/strong><\/strong><\/strong><\/strong><\/em><\/strong><\/p>\n\n\n\n<p style=\"margin-bottom:var(--wp--preset--spacing--tb-section-padding)\">Evolve Powerlifting Bar \u00e4r utformad f\u00f6r att klara en maximal viktkapacitet p\u00e5 upp till 900 kg (2000 lbs), vilket tillgodoser behoven hos avancerade och elitstyrkelyftare. Den reducerade piskan och optimala styvheten s\u00e4kerst\u00e4ller kontrollerade r\u00f6relser, vilket m\u00f6jligg\u00f6r f\u00f6rb\u00e4ttrad form och kraft\u00f6verf\u00f6ring under lyft med maximal anstr\u00e4ngning. <\/p>\n\n\n\n<h3 class=\"wp-block-heading\" style=\"margin-bottom:var(--wp--preset--spacing--h-3-bottom)\"><strong><strong><strong><strong><strong><strong><strong><strong><strong>Hylsans design och h\u00e5llbarhet<\/strong><\/strong><\/strong><\/strong><\/strong><\/strong><\/strong><\/strong><\/strong><\/h3>\n\n\n\n<p><strong><em><strong><strong><strong><strong><strong><strong>Smidig rotation f\u00f6r l\u00e5ngvarig prestanda<\/strong><\/strong><\/strong><\/strong><\/strong><\/strong><\/em><\/strong><\/p>\n\n\n\n<p>St\u00e5ngen \u00e4r utrustad med robusta bussningshylsor som s\u00e4kerst\u00e4ller en j\u00e4mn och tillf\u00f6rlitlig rotation av plattorna. Hylsorna \u00e4r ytbehandlade med en h\u00e5rdkrombel\u00e4ggning som ger utm\u00e4rkt motst\u00e5ndskraft mot slitage och korrosion, vilket g\u00f6r det till en l\u00e5ngsiktig investering f\u00f6r alla styrkelyftsupps\u00e4ttningar. <\/p>\n<\/div>\n<\/div>\n<\/section>\n","protected":false},"excerpt":{"rendered":"<p>Evolve Powerlifting Bar (EV-OB-PL-220) \u00e4r en skivst\u00e5ng av premiumkvalitet som \u00e4r utformad f\u00f6r b\u00e5de styrketr\u00e4ningsentusiaster och professionella idrottare. Denna 220 cm, 20 kg st\u00e5ng \u00e4r utformad med h\u00e5llbarhet och precision i \u00e5tanke och erbjuder prestanda f\u00f6r tunga lyft. Dess \u00f6verl\u00e4gsna grepp och robusta konstruktion s\u00e4kerst\u00e4ller stabilitet och kontroll, vilket g\u00f6r den till det perfekta valet f\u00f6r kn\u00e4b\u00f6j, marklyft och b\u00e4nkpress. Den h\u00e4r skivst\u00e5ngen \u00e4r perfekt f\u00f6r alla tr\u00e4ningsniv\u00e5er och ger tillf\u00f6rlitlighet och konsekvens.  <\/p>\n","protected":false},"featured_media":173202,"template":"","meta":{"_acf_changed":false,"inline_featured_image":false},"product_brand":[],"product_cat":[3653,1568,13028],"product_tag":[],"class_list":{"0":"post-173350","1":"product","2":"type-product","3":"status-publish","4":"has-post-thumbnail","6":"product_cat-barer-och-tillbehor","7":"product_cat-fria-vikter","8":"product_cat-hyrox-redskap","10":"first","11":"instock","12":"shipping-taxable","13":"purchasable","14":"product-type-simple"},"acf":{"long_title":"Evolve Styrkelyftsst\u00e5ng - 220 cm \/ 20 kg (PL-220)","subtitle":"","specifications":[{"label":"SKU","text_value":"EV-OB-PL-220","icon":"x"},{"label":"Vikt","text_value":"20 kg","icon":"x"},{"label":"Max belastning","text_value":"900 kg","icon":"x"},{"label":"Viktskivans bussningsdiameter","text_value":"\u00d8 50 mm","icon":"x"},{"label":"L\u00e4ngd","text_value":"2200 mm","icon":"x"},{"label":"Inre st\u00e5ngdiameter","text_value":"\u00d8 29 mm","icon":"x"},{"label":"Ytan p\u00e5 den inre delen av greppbr\u00e4dan","text_value":"H\u00e5rt f\u00f6rkromad","icon":"x"},{"label":"Viktens greppyta","text_value":"H\u00e5rt f\u00f6rkromad","icon":"x"},{"label":"\u00c4rml\u00e4ngd f\u00f6r vikter","text_value":"430 mm","icon":"x"},{"label":"Typ av grovhet p\u00e5 greppbr\u00e4dan","text_value":"INTERNATIONELLA VALUTAFONDEN","icon":"x"},{"label":"Garanti","text_value":"2 \u00e5r","icon":"x"}],"product_frequently_asked_questions":null},"yoast_head":"<!-- This site is optimized with the Yoast SEO plugin v27.4 - https:\/\/yoast.com\/product\/yoast-seo-wordpress\/ -->\n<title>Evolve Powerlfting-st\u00e5ng - 220 cm \/ 20 kg (PL-220) - Evolve<\/title>\n<meta name=\"robots\" content=\"index, follow, max-snippet:-1, max-image-preview:large, max-video-preview:-1\" \/>\n<link rel=\"canonical\" href=\"https:\/\/evolve-fitness.eu\/sv\/produkt\/evolve-powerlfting-stang-220-cm-20-kg\/\" \/>\n<meta property=\"og:locale\" content=\"sv_SE\" \/>\n<meta property=\"og:type\" content=\"article\" \/>\n<meta property=\"og:title\" content=\"Evolve Powerlfting-st\u00e5ng - 220 cm \/ 20 kg (PL-220) - Evolve\" \/>\n<meta property=\"og:url\" content=\"https:\/\/evolve-fitness.eu\/sv\/produkt\/evolve-powerlfting-stang-220-cm-20-kg\/\" \/>\n<meta property=\"og:site_name\" content=\"Evolve\" \/>\n<meta property=\"article:publisher\" content=\"https:\/\/www.facebook.com\/EvolveFitnessEurope\" \/>\n<meta property=\"article:modified_time\" content=\"2026-04-09T12:22:40+00:00\" \/>\n<meta property=\"og:image\" content=\"https:\/\/evolve-fitness.eu\/wp-content\/uploads\/2025\/01\/Evolve-Powerlifiting-Bar-1-1.png\" \/>\n\t<meta property=\"og:image:width\" content=\"2060\" \/>\n\t<meta property=\"og:image:height\" content=\"1373\" \/>\n\t<meta property=\"og:image:type\" content=\"image\/png\" \/>\n<meta name=\"twitter:card\" content=\"summary_large_image\" \/>\n<script type=\"application\/ld+json\" class=\"yoast-schema-graph\">{\"@context\":\"https:\\\/\\\/schema.org\",\"@graph\":[{\"@type\":\"WebPage\",\"@id\":\"https:\\\/\\\/evolve-fitness.eu\\\/sv\\\/produkt\\\/evolve-powerlfting-stang-220-cm-20-kg\\\/\",\"url\":\"https:\\\/\\\/evolve-fitness.eu\\\/sv\\\/produkt\\\/evolve-powerlfting-stang-220-cm-20-kg\\\/\",\"name\":\"Evolve Powerlfting-st\u00e5ng - 220 cm \\\/ 20 kg (PL-220) - Evolve\",\"isPartOf\":{\"@id\":\"https:\\\/\\\/evolve-fitness.eu\\\/sv\\\/#website\"},\"primaryImageOfPage\":{\"@id\":\"https:\\\/\\\/evolve-fitness.eu\\\/sv\\\/produkt\\\/evolve-powerlfting-stang-220-cm-20-kg\\\/#primaryimage\"},\"image\":{\"@id\":\"https:\\\/\\\/evolve-fitness.eu\\\/sv\\\/produkt\\\/evolve-powerlfting-stang-220-cm-20-kg\\\/#primaryimage\"},\"thumbnailUrl\":\"https:\\\/\\\/evolve-fitness.eu\\\/wp-content\\\/uploads\\\/2025\\\/01\\\/Evolve-Powerlifiting-Bar-1-1.png\",\"datePublished\":\"2025-01-14T08:59:38+00:00\",\"dateModified\":\"2026-04-09T12:22:40+00:00\",\"breadcrumb\":{\"@id\":\"https:\\\/\\\/evolve-fitness.eu\\\/sv\\\/produkt\\\/evolve-powerlfting-stang-220-cm-20-kg\\\/#breadcrumb\"},\"inLanguage\":\"sv-SE\",\"potentialAction\":[{\"@type\":\"ReadAction\",\"target\":[\"https:\\\/\\\/evolve-fitness.eu\\\/sv\\\/produkt\\\/evolve-powerlfting-stang-220-cm-20-kg\\\/\"]}]},{\"@type\":\"ImageObject\",\"inLanguage\":\"sv-SE\",\"@id\":\"https:\\\/\\\/evolve-fitness.eu\\\/sv\\\/produkt\\\/evolve-powerlfting-stang-220-cm-20-kg\\\/#primaryimage\",\"url\":\"https:\\\/\\\/evolve-fitness.eu\\\/wp-content\\\/uploads\\\/2025\\\/01\\\/Evolve-Powerlifiting-Bar-1-1.png\",\"contentUrl\":\"https:\\\/\\\/evolve-fitness.eu\\\/wp-content\\\/uploads\\\/2025\\\/01\\\/Evolve-Powerlifiting-Bar-1-1.png\",\"width\":2060,\"height\":1373},{\"@type\":\"BreadcrumbList\",\"@id\":\"https:\\\/\\\/evolve-fitness.eu\\\/sv\\\/produkt\\\/evolve-powerlfting-stang-220-cm-20-kg\\\/#breadcrumb\",\"itemListElement\":[{\"@type\":\"ListItem\",\"position\":1,\"name\":\"Home\",\"item\":\"https:\\\/\\\/evolve-fitness.eu\\\/sv\\\/\"},{\"@type\":\"ListItem\",\"position\":2,\"name\":\"Produkter\",\"item\":\"https:\\\/\\\/evolve-fitness.eu\\\/sv\\\/shop\\\/\"},{\"@type\":\"ListItem\",\"position\":3,\"name\":\"Evolve Powerlfting-st\u00e5ng &#8211; 220 cm \\\/ 20 kg (PL-220)\"}]},{\"@type\":\"WebSite\",\"@id\":\"https:\\\/\\\/evolve-fitness.eu\\\/sv\\\/#website\",\"url\":\"https:\\\/\\\/evolve-fitness.eu\\\/sv\\\/\",\"name\":\"Evolve\",\"description\":\"Your Evolved Gear Arrived\",\"publisher\":{\"@id\":\"https:\\\/\\\/evolve-fitness.eu\\\/sv\\\/#organization\"},\"potentialAction\":[{\"@type\":\"SearchAction\",\"target\":{\"@type\":\"EntryPoint\",\"urlTemplate\":\"https:\\\/\\\/evolve-fitness.eu\\\/sv\\\/?s={search_term_string}\"},\"query-input\":{\"@type\":\"PropertyValueSpecification\",\"valueRequired\":true,\"valueName\":\"search_term_string\"}}],\"inLanguage\":\"sv-SE\"},{\"@type\":\"Organization\",\"@id\":\"https:\\\/\\\/evolve-fitness.eu\\\/sv\\\/#organization\",\"name\":\"Evolve\",\"url\":\"https:\\\/\\\/evolve-fitness.eu\\\/sv\\\/\",\"logo\":{\"@type\":\"ImageObject\",\"inLanguage\":\"sv-SE\",\"@id\":\"https:\\\/\\\/evolve-fitness.eu\\\/sv\\\/#\\\/schema\\\/logo\\\/image\\\/\",\"url\":\"https:\\\/\\\/evolve-fitness.eu\\\/wp-content\\\/uploads\\\/2023\\\/05\\\/Evolve-logo.svg\",\"contentUrl\":\"https:\\\/\\\/evolve-fitness.eu\\\/wp-content\\\/uploads\\\/2023\\\/05\\\/Evolve-logo.svg\",\"width\":176,\"height\":20,\"caption\":\"Evolve\"},\"image\":{\"@id\":\"https:\\\/\\\/evolve-fitness.eu\\\/sv\\\/#\\\/schema\\\/logo\\\/image\\\/\"},\"sameAs\":[\"https:\\\/\\\/www.facebook.com\\\/EvolveFitnessEurope\"]}]}<\/script>\n<!-- \/ Yoast SEO plugin. -->","yoast_head_json":{"title":"Evolve Powerlfting-st\u00e5ng - 220 cm \/ 20 kg (PL-220) - Evolve","robots":{"index":"index","follow":"follow","max-snippet":"max-snippet:-1","max-image-preview":"max-image-preview:large","max-video-preview":"max-video-preview:-1"},"canonical":"https:\/\/evolve-fitness.eu\/sv\/produkt\/evolve-powerlfting-stang-220-cm-20-kg\/","og_locale":"sv_SE","og_type":"article","og_title":"Evolve Powerlfting-st\u00e5ng - 220 cm \/ 20 kg (PL-220) - Evolve","og_url":"https:\/\/evolve-fitness.eu\/sv\/produkt\/evolve-powerlfting-stang-220-cm-20-kg\/","og_site_name":"Evolve","article_publisher":"https:\/\/www.facebook.com\/EvolveFitnessEurope","article_modified_time":"2026-04-09T12:22:40+00:00","og_image":[{"width":2060,"height":1373,"url":"https:\/\/evolve-fitness.eu\/wp-content\/uploads\/2025\/01\/Evolve-Powerlifiting-Bar-1-1.png","type":"image\/png"}],"twitter_card":"summary_large_image","schema":{"@context":"https:\/\/schema.org","@graph":[{"@type":"WebPage","@id":"https:\/\/evolve-fitness.eu\/sv\/produkt\/evolve-powerlfting-stang-220-cm-20-kg\/","url":"https:\/\/evolve-fitness.eu\/sv\/produkt\/evolve-powerlfting-stang-220-cm-20-kg\/","name":"Evolve Powerlfting-st\u00e5ng - 220 cm \/ 20 kg (PL-220) - Evolve","isPartOf":{"@id":"https:\/\/evolve-fitness.eu\/sv\/#website"},"primaryImageOfPage":{"@id":"https:\/\/evolve-fitness.eu\/sv\/produkt\/evolve-powerlfting-stang-220-cm-20-kg\/#primaryimage"},"image":{"@id":"https:\/\/evolve-fitness.eu\/sv\/produkt\/evolve-powerlfting-stang-220-cm-20-kg\/#primaryimage"},"thumbnailUrl":"https:\/\/evolve-fitness.eu\/wp-content\/uploads\/2025\/01\/Evolve-Powerlifiting-Bar-1-1.png","datePublished":"2025-01-14T08:59:38+00:00","dateModified":"2026-04-09T12:22:40+00:00","breadcrumb":{"@id":"https:\/\/evolve-fitness.eu\/sv\/produkt\/evolve-powerlfting-stang-220-cm-20-kg\/#breadcrumb"},"inLanguage":"sv-SE","potentialAction":[{"@type":"ReadAction","target":["https:\/\/evolve-fitness.eu\/sv\/produkt\/evolve-powerlfting-stang-220-cm-20-kg\/"]}]},{"@type":"ImageObject","inLanguage":"sv-SE","@id":"https:\/\/evolve-fitness.eu\/sv\/produkt\/evolve-powerlfting-stang-220-cm-20-kg\/#primaryimage","url":"https:\/\/evolve-fitness.eu\/wp-content\/uploads\/2025\/01\/Evolve-Powerlifiting-Bar-1-1.png","contentUrl":"https:\/\/evolve-fitness.eu\/wp-content\/uploads\/2025\/01\/Evolve-Powerlifiting-Bar-1-1.png","width":2060,"height":1373},{"@type":"BreadcrumbList","@id":"https:\/\/evolve-fitness.eu\/sv\/produkt\/evolve-powerlfting-stang-220-cm-20-kg\/#breadcrumb","itemListElement":[{"@type":"ListItem","position":1,"name":"Home","item":"https:\/\/evolve-fitness.eu\/sv\/"},{"@type":"ListItem","position":2,"name":"Produkter","item":"https:\/\/evolve-fitness.eu\/sv\/shop\/"},{"@type":"ListItem","position":3,"name":"Evolve Powerlfting-st\u00e5ng &#8211; 220 cm \/ 20 kg (PL-220)"}]},{"@type":"WebSite","@id":"https:\/\/evolve-fitness.eu\/sv\/#website","url":"https:\/\/evolve-fitness.eu\/sv\/","name":"Evolve","description":"Your Evolved Gear Arrived","publisher":{"@id":"https:\/\/evolve-fitness.eu\/sv\/#organization"},"potentialAction":[{"@type":"SearchAction","target":{"@type":"EntryPoint","urlTemplate":"https:\/\/evolve-fitness.eu\/sv\/?s={search_term_string}"},"query-input":{"@type":"PropertyValueSpecification","valueRequired":true,"valueName":"search_term_string"}}],"inLanguage":"sv-SE"},{"@type":"Organization","@id":"https:\/\/evolve-fitness.eu\/sv\/#organization","name":"Evolve","url":"https:\/\/evolve-fitness.eu\/sv\/","logo":{"@type":"ImageObject","inLanguage":"sv-SE","@id":"https:\/\/evolve-fitness.eu\/sv\/#\/schema\/logo\/image\/","url":"https:\/\/evolve-fitness.eu\/wp-content\/uploads\/2023\/05\/Evolve-logo.svg","contentUrl":"https:\/\/evolve-fitness.eu\/wp-content\/uploads\/2023\/05\/Evolve-logo.svg","width":176,"height":20,"caption":"Evolve"},"image":{"@id":"https:\/\/evolve-fitness.eu\/sv\/#\/schema\/logo\/image\/"},"sameAs":["https:\/\/www.facebook.com\/EvolveFitnessEurope"]}]}},"_links":{"self":[{"href":"https:\/\/evolve-fitness.eu\/sv\/wp-json\/wp\/v2\/product\/173350","targetHints":{"allow":["GET"]}}],"collection":[{"href":"https:\/\/evolve-fitness.eu\/sv\/wp-json\/wp\/v2\/product"}],"about":[{"href":"https:\/\/evolve-fitness.eu\/sv\/wp-json\/wp\/v2\/types\/product"}],"wp:featuredmedia":[{"embeddable":true,"href":"https:\/\/evolve-fitness.eu\/sv\/wp-json\/wp\/v2\/media\/173202"}],"wp:attachment":[{"href":"https:\/\/evolve-fitness.eu\/sv\/wp-json\/wp\/v2\/media?parent=173350"}],"wp:term":[{"taxonomy":"product_brand","embeddable":true,"href":"https:\/\/evolve-fitness.eu\/sv\/wp-json\/wp\/v2\/product_brand?post=173350"},{"taxonomy":"product_cat","embeddable":true,"href":"https:\/\/evolve-fitness.eu\/sv\/wp-json\/wp\/v2\/product_cat?post=173350"},{"taxonomy":"product_tag","embeddable":true,"href":"https:\/\/evolve-fitness.eu\/sv\/wp-json\/wp\/v2\/product_tag?post=173350"}],"curies":[{"name":"wp","href":"https:\/\/api.w.org\/{rel}","templated":true}]}}