{"id":176362,"date":"2025-01-28T13:48:52","date_gmt":"2025-01-28T13:48:52","guid":{"rendered":"https:\/\/evolve-fitness.eu\/product\/evolve-stanssack-i-konstlader-100-cm-180-cm\/"},"modified":"2025-02-06T14:10:36","modified_gmt":"2025-02-06T14:10:36","slug":"evolve-stanssack-i-konstlader-100-cm-180-cm","status":"publish","type":"product","link":"https:\/\/evolve-fitness.eu\/sv\/produkt\/evolve-stanssack-i-konstlader-100-cm-180-cm\/","title":{"rendered":"Evolve stanss\u00e4ck i konstl\u00e4der 100 CM \/ 180 CM"},"content":{"rendered":"\n<section class=\"wp-block-group alignfull black-content has-white-color has-darkgray-background-color has-text-color has-background is-layout-constrained wp-block-group-is-layout-constrained\" style=\"padding-top:var(--wp--preset--spacing--section-bottom);padding-bottom:var(--wp--preset--spacing--section-bottom)\">\n<div class=\"wp-block-columns alignwide mobile-reverse is-layout-flex wp-container-core-columns-is-layout-ca64bf2d wp-block-columns-is-layout-flex\" style=\"margin-bottom:var(--wp--preset--spacing--side-padding)\">\n<div class=\"wp-block-column is-vertically-aligned-center is-layout-flow wp-block-column-is-layout-flow\">\n<h3 class=\"wp-block-heading\" style=\"margin-bottom:var(--wp--preset--spacing--h-3-bottom)\"><strong><strong>Premium konstruktion<\/strong><\/strong><\/h3>\n\n\n\n<p style=\"margin-bottom:var(--wp--preset--spacing--tb-section-padding)\">Det inre lagret \u00e4r tillverkat av PVC-belagd v\u00e4vd canvas, medan det yttre lagret har ultratjockt konstl\u00e4der f\u00f6r \u00f6kad h\u00e5llbarhet. Boxningss\u00e4cken har en <strong>extra tjock v\u00e4gg i flera lager,<\/strong> vilket g\u00f6r att den f\u00f6rblir sl\u00e4t och motst\u00e5ndskraftig mot deformation \u00e4ven efter l\u00e5ngvarig anv\u00e4ndning. Alla s\u00f6mmar \u00e4r sydda <strong>flera g\u00e5nger<\/strong> f\u00f6r att f\u00f6rhindra rivning och s\u00e4kerst\u00e4lla l\u00e5ngvarig prestanda.  <\/p>\n<\/div>\n\n\n\n<div class=\"wp-block-column is-vertically-aligned-center is-layout-flow wp-block-column-is-layout-flow\">\n<figure class=\"wp-block-image size-large\"><img loading=\"lazy\" decoding=\"async\" width=\"1024\" height=\"728\" src=\"https:\/\/evolve-fitness.eu\/wp-content\/uploads\/2025\/01\/IMG_5850-1024x728.png\" alt=\"\" class=\"wp-image-176736\" srcset=\"https:\/\/evolve-fitness.eu\/wp-content\/uploads\/2025\/01\/IMG_5850-1024x728.png 1024w, https:\/\/evolve-fitness.eu\/wp-content\/uploads\/2025\/01\/IMG_5850-300x213.png 300w, https:\/\/evolve-fitness.eu\/wp-content\/uploads\/2025\/01\/IMG_5850-150x107.png 150w, https:\/\/evolve-fitness.eu\/wp-content\/uploads\/2025\/01\/IMG_5850-768x546.png 768w, https:\/\/evolve-fitness.eu\/wp-content\/uploads\/2025\/01\/IMG_5850-1536x1092.png 1536w, https:\/\/evolve-fitness.eu\/wp-content\/uploads\/2025\/01\/IMG_5850-2048x1455.png 2048w, https:\/\/evolve-fitness.eu\/wp-content\/uploads\/2025\/01\/IMG_5850-600x426.png 600w, https:\/\/evolve-fitness.eu\/wp-content\/uploads\/2025\/01\/IMG_5850-211x150.png 211w\" sizes=\"auto, (max-width: 1024px) 100vw, 1024px\" \/><\/figure>\n<\/div>\n<\/div>\n\n\n\n<div class=\"wp-block-columns alignwide is-layout-flex wp-container-core-columns-is-layout-c45ee707 wp-block-columns-is-layout-flex\" style=\"margin-bottom:var(--wp--preset--spacing--side-padding);padding-top:var(--wp--preset--spacing--side-padding)\">\n<div class=\"wp-block-column is-vertically-aligned-center is-layout-flow wp-block-column-is-layout-flow\">\n<figure class=\"wp-block-image size-large\"><img loading=\"lazy\" decoding=\"async\" width=\"1024\" height=\"684\" src=\"https:\/\/evolve-fitness.eu\/wp-content\/uploads\/2025\/01\/SaveClip.App_474237713_18386456146128446_2497216198967624731_n-1024x684.jpg\" alt=\"\" class=\"wp-image-176761\" srcset=\"https:\/\/evolve-fitness.eu\/wp-content\/uploads\/2025\/01\/SaveClip.App_474237713_18386456146128446_2497216198967624731_n-1024x684.jpg 1024w, https:\/\/evolve-fitness.eu\/wp-content\/uploads\/2025\/01\/SaveClip.App_474237713_18386456146128446_2497216198967624731_n-300x200.jpg 300w, https:\/\/evolve-fitness.eu\/wp-content\/uploads\/2025\/01\/SaveClip.App_474237713_18386456146128446_2497216198967624731_n-150x100.jpg 150w, https:\/\/evolve-fitness.eu\/wp-content\/uploads\/2025\/01\/SaveClip.App_474237713_18386456146128446_2497216198967624731_n-768x513.jpg 768w, https:\/\/evolve-fitness.eu\/wp-content\/uploads\/2025\/01\/SaveClip.App_474237713_18386456146128446_2497216198967624731_n-600x401.jpg 600w, https:\/\/evolve-fitness.eu\/wp-content\/uploads\/2025\/01\/SaveClip.App_474237713_18386456146128446_2497216198967624731_n-225x150.jpg 225w, https:\/\/evolve-fitness.eu\/wp-content\/uploads\/2025\/01\/SaveClip.App_474237713_18386456146128446_2497216198967624731_n.jpg 1080w\" sizes=\"auto, (max-width: 1024px) 100vw, 1024px\" \/><\/figure>\n<\/div>\n\n\n\n<div class=\"wp-block-column is-vertically-aligned-center is-layout-flow wp-block-column-is-layout-flow\">\n<h3 class=\"wp-block-heading\" style=\"margin-bottom:var(--wp--preset--spacing--h-3-bottom)\"><strong>Alternativ f\u00f6r anpassad varum\u00e4rkesprofilering<\/strong><\/h3>\n\n\n\n<p>G\u00f6r boxningss\u00e4cken personlig med <strong>ditt gyms logotyp<\/strong> f\u00f6r ett professionellt och varum\u00e4rkesinriktat utseende. <strong>Tillg\u00e4ngliga storlekar:<\/strong> 100 CM \/ 180 CM &#8211; l\u00e4mplig f\u00f6r olika tr\u00e4ningsbehov, fr\u00e5n nyb\u00f6rjare till professionella idrottare.  <\/p>\n\n\n\n<p>Denna boxningss\u00e4ck \u00e4r perfekt f\u00f6r <strong>boxning, kickboxning, MMA och allm\u00e4n konditionstr\u00e4ning<\/strong> och ger en j\u00e4mn och p\u00e5litlig yta f\u00f6r tr\u00e4ning av slagkraft och uth\u00e5llighet.<\/p>\n<\/div>\n<\/div>\n<\/section>\n","protected":false},"excerpt":{"rendered":"<p>S\u00e4ckens inre lager \u00e4r tillverkat av PVC-belagd v\u00e4vd duk och det yttre lagret \u00e4r tillverkat av mycket tjockt konstl\u00e4der. Detta skapar en mycket tjock v\u00e4gg, s\u00e5 att boxningss\u00e4cken alltid kommer att beh\u00e5lla ett smidigt utseende \u00e4ven efter mycket l\u00e5ng anv\u00e4ndning. Det finns fyra extra f\u00f6rst\u00e4rkta remmar med ringar p\u00e5 sidan f\u00f6r upph\u00e4ngning av boxningss\u00e4cken. Alla s\u00f6mmar p\u00e5 boxningss\u00e4cken \u00e4r sydda flera g\u00e5nger f\u00f6r att f\u00f6rhindra att de g\u00e5r s\u00f6nder.   <\/p>\n","protected":false},"featured_media":176077,"template":"","meta":{"_acf_changed":false,"inline_featured_image":false},"product_brand":[],"product_cat":[3818,2903],"product_tag":[],"class_list":{"0":"post-176362","1":"product","2":"type-product","3":"status-publish","4":"has-post-thumbnail","6":"product_cat-funktionell-utrustning","7":"product_cat-korsvis-funktionell","9":"first","10":"instock","11":"shipping-taxable","12":"purchasable","13":"product-type-variable"},"acf":{"long_title":"Evolve stanss\u00e4ck i konstl\u00e4der 100 CM \/ 180 CM","subtitle":"","specifications":[{"label":"SKU","text_value":"EV-BE-BB-100-AL","icon":"x"},{"label":"L\u00e4ngd","text_value":"100 cm \/ 180 cm","icon":"x"},{"label":"Diameter","text_value":"35 cm","icon":"x"}],"product_frequently_asked_questions":null},"yoast_head":"<!-- This site is optimized with the Yoast SEO plugin v27.4 - https:\/\/yoast.com\/product\/yoast-seo-wordpress\/ -->\n<title>Evolve stanss\u00e4ck i konstl\u00e4der 100 CM \/ 180 CM - Evolve<\/title>\n<meta name=\"robots\" content=\"index, follow, max-snippet:-1, max-image-preview:large, max-video-preview:-1\" \/>\n<link rel=\"canonical\" href=\"https:\/\/evolve-fitness.eu\/sv\/produkt\/evolve-stanssack-i-konstlader-100-cm-180-cm\/\" \/>\n<meta property=\"og:locale\" content=\"sv_SE\" \/>\n<meta property=\"og:type\" content=\"article\" \/>\n<meta property=\"og:title\" content=\"Evolve stanss\u00e4ck i konstl\u00e4der 100 CM \/ 180 CM - Evolve\" \/>\n<meta property=\"og:url\" content=\"https:\/\/evolve-fitness.eu\/sv\/produkt\/evolve-stanssack-i-konstlader-100-cm-180-cm\/\" \/>\n<meta property=\"og:site_name\" content=\"Evolve\" \/>\n<meta property=\"article:publisher\" content=\"https:\/\/www.facebook.com\/EvolveFitnessEurope\" \/>\n<meta property=\"article:modified_time\" content=\"2025-02-06T14:10:36+00:00\" \/>\n<meta property=\"og:image\" content=\"https:\/\/evolve-fitness.eu\/wp-content\/uploads\/2025\/01\/evolve-dirbtines-odos-bokso-maisas-180-cm-100-cm.png\" \/>\n\t<meta property=\"og:image:width\" content=\"680\" \/>\n\t<meta property=\"og:image:height\" content=\"600\" \/>\n\t<meta property=\"og:image:type\" content=\"image\/png\" \/>\n<meta name=\"twitter:card\" content=\"summary_large_image\" \/>\n<script type=\"application\/ld+json\" class=\"yoast-schema-graph\">{\"@context\":\"https:\\\/\\\/schema.org\",\"@graph\":[{\"@type\":\"WebPage\",\"@id\":\"https:\\\/\\\/evolve-fitness.eu\\\/sv\\\/produkt\\\/evolve-stanssack-i-konstlader-100-cm-180-cm\\\/\",\"url\":\"https:\\\/\\\/evolve-fitness.eu\\\/sv\\\/produkt\\\/evolve-stanssack-i-konstlader-100-cm-180-cm\\\/\",\"name\":\"Evolve stanss\u00e4ck i konstl\u00e4der 100 CM \\\/ 180 CM - Evolve\",\"isPartOf\":{\"@id\":\"https:\\\/\\\/evolve-fitness.eu\\\/sv\\\/#website\"},\"primaryImageOfPage\":{\"@id\":\"https:\\\/\\\/evolve-fitness.eu\\\/sv\\\/produkt\\\/evolve-stanssack-i-konstlader-100-cm-180-cm\\\/#primaryimage\"},\"image\":{\"@id\":\"https:\\\/\\\/evolve-fitness.eu\\\/sv\\\/produkt\\\/evolve-stanssack-i-konstlader-100-cm-180-cm\\\/#primaryimage\"},\"thumbnailUrl\":\"https:\\\/\\\/evolve-fitness.eu\\\/wp-content\\\/uploads\\\/2025\\\/01\\\/evolve-dirbtines-odos-bokso-maisas-180-cm-100-cm.png\",\"datePublished\":\"2025-01-28T13:48:52+00:00\",\"dateModified\":\"2025-02-06T14:10:36+00:00\",\"breadcrumb\":{\"@id\":\"https:\\\/\\\/evolve-fitness.eu\\\/sv\\\/produkt\\\/evolve-stanssack-i-konstlader-100-cm-180-cm\\\/#breadcrumb\"},\"inLanguage\":\"sv-SE\",\"potentialAction\":[{\"@type\":\"ReadAction\",\"target\":[\"https:\\\/\\\/evolve-fitness.eu\\\/sv\\\/produkt\\\/evolve-stanssack-i-konstlader-100-cm-180-cm\\\/\"]}]},{\"@type\":\"ImageObject\",\"inLanguage\":\"sv-SE\",\"@id\":\"https:\\\/\\\/evolve-fitness.eu\\\/sv\\\/produkt\\\/evolve-stanssack-i-konstlader-100-cm-180-cm\\\/#primaryimage\",\"url\":\"https:\\\/\\\/evolve-fitness.eu\\\/wp-content\\\/uploads\\\/2025\\\/01\\\/evolve-dirbtines-odos-bokso-maisas-180-cm-100-cm.png\",\"contentUrl\":\"https:\\\/\\\/evolve-fitness.eu\\\/wp-content\\\/uploads\\\/2025\\\/01\\\/evolve-dirbtines-odos-bokso-maisas-180-cm-100-cm.png\",\"width\":680,\"height\":600},{\"@type\":\"BreadcrumbList\",\"@id\":\"https:\\\/\\\/evolve-fitness.eu\\\/sv\\\/produkt\\\/evolve-stanssack-i-konstlader-100-cm-180-cm\\\/#breadcrumb\",\"itemListElement\":[{\"@type\":\"ListItem\",\"position\":1,\"name\":\"Home\",\"item\":\"https:\\\/\\\/evolve-fitness.eu\\\/sv\\\/\"},{\"@type\":\"ListItem\",\"position\":2,\"name\":\"Produkter\",\"item\":\"https:\\\/\\\/evolve-fitness.eu\\\/sv\\\/shop\\\/\"},{\"@type\":\"ListItem\",\"position\":3,\"name\":\"Evolve stanss\u00e4ck i konstl\u00e4der 100 CM \\\/ 180 CM\"}]},{\"@type\":\"WebSite\",\"@id\":\"https:\\\/\\\/evolve-fitness.eu\\\/sv\\\/#website\",\"url\":\"https:\\\/\\\/evolve-fitness.eu\\\/sv\\\/\",\"name\":\"Evolve\",\"description\":\"Your Evolved Gear Arrived\",\"publisher\":{\"@id\":\"https:\\\/\\\/evolve-fitness.eu\\\/sv\\\/#organization\"},\"potentialAction\":[{\"@type\":\"SearchAction\",\"target\":{\"@type\":\"EntryPoint\",\"urlTemplate\":\"https:\\\/\\\/evolve-fitness.eu\\\/sv\\\/?s={search_term_string}\"},\"query-input\":{\"@type\":\"PropertyValueSpecification\",\"valueRequired\":true,\"valueName\":\"search_term_string\"}}],\"inLanguage\":\"sv-SE\"},{\"@type\":\"Organization\",\"@id\":\"https:\\\/\\\/evolve-fitness.eu\\\/sv\\\/#organization\",\"name\":\"Evolve\",\"url\":\"https:\\\/\\\/evolve-fitness.eu\\\/sv\\\/\",\"logo\":{\"@type\":\"ImageObject\",\"inLanguage\":\"sv-SE\",\"@id\":\"https:\\\/\\\/evolve-fitness.eu\\\/sv\\\/#\\\/schema\\\/logo\\\/image\\\/\",\"url\":\"https:\\\/\\\/evolve-fitness.eu\\\/wp-content\\\/uploads\\\/2023\\\/05\\\/Evolve-logo.svg\",\"contentUrl\":\"https:\\\/\\\/evolve-fitness.eu\\\/wp-content\\\/uploads\\\/2023\\\/05\\\/Evolve-logo.svg\",\"width\":176,\"height\":20,\"caption\":\"Evolve\"},\"image\":{\"@id\":\"https:\\\/\\\/evolve-fitness.eu\\\/sv\\\/#\\\/schema\\\/logo\\\/image\\\/\"},\"sameAs\":[\"https:\\\/\\\/www.facebook.com\\\/EvolveFitnessEurope\"]}]}<\/script>\n<!-- \/ Yoast SEO plugin. -->","yoast_head_json":{"title":"Evolve stanss\u00e4ck i konstl\u00e4der 100 CM \/ 180 CM - Evolve","robots":{"index":"index","follow":"follow","max-snippet":"max-snippet:-1","max-image-preview":"max-image-preview:large","max-video-preview":"max-video-preview:-1"},"canonical":"https:\/\/evolve-fitness.eu\/sv\/produkt\/evolve-stanssack-i-konstlader-100-cm-180-cm\/","og_locale":"sv_SE","og_type":"article","og_title":"Evolve stanss\u00e4ck i konstl\u00e4der 100 CM \/ 180 CM - Evolve","og_url":"https:\/\/evolve-fitness.eu\/sv\/produkt\/evolve-stanssack-i-konstlader-100-cm-180-cm\/","og_site_name":"Evolve","article_publisher":"https:\/\/www.facebook.com\/EvolveFitnessEurope","article_modified_time":"2025-02-06T14:10:36+00:00","og_image":[{"width":680,"height":600,"url":"https:\/\/evolve-fitness.eu\/wp-content\/uploads\/2025\/01\/evolve-dirbtines-odos-bokso-maisas-180-cm-100-cm.png","type":"image\/png"}],"twitter_card":"summary_large_image","schema":{"@context":"https:\/\/schema.org","@graph":[{"@type":"WebPage","@id":"https:\/\/evolve-fitness.eu\/sv\/produkt\/evolve-stanssack-i-konstlader-100-cm-180-cm\/","url":"https:\/\/evolve-fitness.eu\/sv\/produkt\/evolve-stanssack-i-konstlader-100-cm-180-cm\/","name":"Evolve stanss\u00e4ck i konstl\u00e4der 100 CM \/ 180 CM - Evolve","isPartOf":{"@id":"https:\/\/evolve-fitness.eu\/sv\/#website"},"primaryImageOfPage":{"@id":"https:\/\/evolve-fitness.eu\/sv\/produkt\/evolve-stanssack-i-konstlader-100-cm-180-cm\/#primaryimage"},"image":{"@id":"https:\/\/evolve-fitness.eu\/sv\/produkt\/evolve-stanssack-i-konstlader-100-cm-180-cm\/#primaryimage"},"thumbnailUrl":"https:\/\/evolve-fitness.eu\/wp-content\/uploads\/2025\/01\/evolve-dirbtines-odos-bokso-maisas-180-cm-100-cm.png","datePublished":"2025-01-28T13:48:52+00:00","dateModified":"2025-02-06T14:10:36+00:00","breadcrumb":{"@id":"https:\/\/evolve-fitness.eu\/sv\/produkt\/evolve-stanssack-i-konstlader-100-cm-180-cm\/#breadcrumb"},"inLanguage":"sv-SE","potentialAction":[{"@type":"ReadAction","target":["https:\/\/evolve-fitness.eu\/sv\/produkt\/evolve-stanssack-i-konstlader-100-cm-180-cm\/"]}]},{"@type":"ImageObject","inLanguage":"sv-SE","@id":"https:\/\/evolve-fitness.eu\/sv\/produkt\/evolve-stanssack-i-konstlader-100-cm-180-cm\/#primaryimage","url":"https:\/\/evolve-fitness.eu\/wp-content\/uploads\/2025\/01\/evolve-dirbtines-odos-bokso-maisas-180-cm-100-cm.png","contentUrl":"https:\/\/evolve-fitness.eu\/wp-content\/uploads\/2025\/01\/evolve-dirbtines-odos-bokso-maisas-180-cm-100-cm.png","width":680,"height":600},{"@type":"BreadcrumbList","@id":"https:\/\/evolve-fitness.eu\/sv\/produkt\/evolve-stanssack-i-konstlader-100-cm-180-cm\/#breadcrumb","itemListElement":[{"@type":"ListItem","position":1,"name":"Home","item":"https:\/\/evolve-fitness.eu\/sv\/"},{"@type":"ListItem","position":2,"name":"Produkter","item":"https:\/\/evolve-fitness.eu\/sv\/shop\/"},{"@type":"ListItem","position":3,"name":"Evolve stanss\u00e4ck i konstl\u00e4der 100 CM \/ 180 CM"}]},{"@type":"WebSite","@id":"https:\/\/evolve-fitness.eu\/sv\/#website","url":"https:\/\/evolve-fitness.eu\/sv\/","name":"Evolve","description":"Your Evolved Gear Arrived","publisher":{"@id":"https:\/\/evolve-fitness.eu\/sv\/#organization"},"potentialAction":[{"@type":"SearchAction","target":{"@type":"EntryPoint","urlTemplate":"https:\/\/evolve-fitness.eu\/sv\/?s={search_term_string}"},"query-input":{"@type":"PropertyValueSpecification","valueRequired":true,"valueName":"search_term_string"}}],"inLanguage":"sv-SE"},{"@type":"Organization","@id":"https:\/\/evolve-fitness.eu\/sv\/#organization","name":"Evolve","url":"https:\/\/evolve-fitness.eu\/sv\/","logo":{"@type":"ImageObject","inLanguage":"sv-SE","@id":"https:\/\/evolve-fitness.eu\/sv\/#\/schema\/logo\/image\/","url":"https:\/\/evolve-fitness.eu\/wp-content\/uploads\/2023\/05\/Evolve-logo.svg","contentUrl":"https:\/\/evolve-fitness.eu\/wp-content\/uploads\/2023\/05\/Evolve-logo.svg","width":176,"height":20,"caption":"Evolve"},"image":{"@id":"https:\/\/evolve-fitness.eu\/sv\/#\/schema\/logo\/image\/"},"sameAs":["https:\/\/www.facebook.com\/EvolveFitnessEurope"]}]}},"_links":{"self":[{"href":"https:\/\/evolve-fitness.eu\/sv\/wp-json\/wp\/v2\/product\/176362","targetHints":{"allow":["GET"]}}],"collection":[{"href":"https:\/\/evolve-fitness.eu\/sv\/wp-json\/wp\/v2\/product"}],"about":[{"href":"https:\/\/evolve-fitness.eu\/sv\/wp-json\/wp\/v2\/types\/product"}],"wp:featuredmedia":[{"embeddable":true,"href":"https:\/\/evolve-fitness.eu\/sv\/wp-json\/wp\/v2\/media\/176077"}],"wp:attachment":[{"href":"https:\/\/evolve-fitness.eu\/sv\/wp-json\/wp\/v2\/media?parent=176362"}],"wp:term":[{"taxonomy":"product_brand","embeddable":true,"href":"https:\/\/evolve-fitness.eu\/sv\/wp-json\/wp\/v2\/product_brand?post=176362"},{"taxonomy":"product_cat","embeddable":true,"href":"https:\/\/evolve-fitness.eu\/sv\/wp-json\/wp\/v2\/product_cat?post=176362"},{"taxonomy":"product_tag","embeddable":true,"href":"https:\/\/evolve-fitness.eu\/sv\/wp-json\/wp\/v2\/product_tag?post=176362"}],"curies":[{"name":"wp","href":"https:\/\/api.w.org\/{rel}","templated":true}]}}