{"id":214271,"date":"2025-11-14T16:22:34","date_gmt":"2025-11-14T14:22:34","guid":{"rendered":"https:\/\/evolve-fitness.eu\/product\/evolve-ultra-series-selectorized-arms-machine-ul-410\/"},"modified":"2026-03-26T11:39:15","modified_gmt":"2026-03-26T09:39:15","slug":"evolve-ultra-series-selectorized-arms-machine-ul-410","status":"publish","type":"product","link":"https:\/\/evolve-fitness.eu\/sv\/produkt\/evolve-ultra-series-selectorized-arms-machine-ul-410\/","title":{"rendered":"Evolve Ultra Series Selectorized Arms Machine (UL-410)"},"content":{"rendered":"\n<section class=\"wp-block-group alignfull black-content has-white-color has-darkgray-background-color has-text-color has-background is-layout-constrained wp-block-group-is-layout-constrained\" style=\"padding-top:var(--wp--preset--spacing--section-bottom);padding-bottom:var(--wp--preset--spacing--section-bottom)\">\n<div class=\"wp-block-columns alignwide mobile-reverse is-layout-flex wp-container-core-columns-is-layout-ca64bf2d wp-block-columns-is-layout-flex\" style=\"margin-bottom:var(--wp--preset--spacing--side-padding)\">\n<div class=\"wp-block-column is-vertically-aligned-center is-layout-flow wp-block-column-is-layout-flow\">\n<h3 class=\"wp-block-heading\" style=\"margin-bottom:var(--wp--preset--spacing--h-3-bottom)\"><strong><strong><strong><strong><strong><strong><strong><strong><strong><strong><strong>Evolve Ultra Series sELECTORIZED ARMS mACHINE (ul-410)<\/strong><\/strong><\/strong><\/strong><\/strong><\/strong><\/strong><\/strong><\/strong><\/strong><\/strong><\/h3>\n\n\n\n<p style=\"margin-bottom:var(--wp--preset--spacing--tb-section-padding)\">Evolve Ultra Series Selectorized Arms Machine (UL-410) ger ett j\u00e4mnt, justerbart motst\u00e5nd genom sin selekterade viktstapel, vilket s\u00e4kerst\u00e4ller exakt belastningskontroll f\u00f6r anv\u00e4ndare p\u00e5 alla erfarenhetsniv\u00e5er. Med ergonomiska armkuddar, optimerad handtagsgeometri och en guidad r\u00f6relsebana st\u00f6der den korrekt inriktning, kontrollerad r\u00f6relse och effektivt engagemang i \u00f6verkroppsmusklerna. Den h\u00e4r kompakta maskinen \u00e4r tillverkad av st\u00e5l av kommersiell kvalitet med f\u00f6rstklassiga ytbehandlingar och ger l\u00e5ngvarig h\u00e5llbarhet, prestanda och komfort f\u00f6r b\u00e5de kommersiella och hemmagym.  <\/p>\n<\/div>\n\n\n\n<div class=\"wp-block-column is-vertically-aligned-center is-layout-flow wp-block-column-is-layout-flow\">\n<figure class=\"wp-block-image size-full\"><img decoding=\"async\" src=\"https:\/\/store.evolve-fitness.eu\/wp-content\/uploads\/2025\/11\/EV-SC-UL-410-Evolve-Ultra-Series-Selectorized-Arms-Machine-1-1.png\" alt=\"\" class=\"wp-image-147016\"\/><\/figure>\n<\/div>\n<\/div>\n\n\n\n<div class=\"wp-block-columns alignwide is-layout-flex wp-container-core-columns-is-layout-c45ee707 wp-block-columns-is-layout-flex\" style=\"margin-bottom:var(--wp--preset--spacing--side-padding);padding-top:var(--wp--preset--spacing--side-padding)\">\n<div class=\"wp-block-column is-vertically-aligned-center is-layout-flow wp-block-column-is-layout-flow\">\n<figure class=\"wp-block-image size-large\"><img loading=\"lazy\" decoding=\"async\" width=\"1024\" height=\"685\" src=\"https:\/\/evolve-fitness.eu\/wp-content\/uploads\/2023\/08\/A7_08524-1024x685.jpg\" alt=\"\" class=\"wp-image-8737\" srcset=\"https:\/\/evolve-fitness.eu\/wp-content\/uploads\/2023\/08\/A7_08524-1024x685.jpg 1024w, https:\/\/evolve-fitness.eu\/wp-content\/uploads\/2023\/08\/A7_08524-300x201.jpg 300w, https:\/\/evolve-fitness.eu\/wp-content\/uploads\/2023\/08\/A7_08524-224x150.jpg 224w, https:\/\/evolve-fitness.eu\/wp-content\/uploads\/2023\/08\/A7_08524-600x402.jpg 600w, https:\/\/evolve-fitness.eu\/wp-content\/uploads\/2023\/08\/A7_08524-150x100.jpg 150w, https:\/\/evolve-fitness.eu\/wp-content\/uploads\/2023\/08\/A7_08524-768x514.jpg 768w, https:\/\/evolve-fitness.eu\/wp-content\/uploads\/2023\/08\/A7_08524-1536x1028.jpg 1536w, https:\/\/evolve-fitness.eu\/wp-content\/uploads\/2023\/08\/A7_08524.jpg 1980w\" sizes=\"auto, (max-width: 1024px) 100vw, 1024px\" \/><\/figure>\n<\/div>\n\n\n\n<div class=\"wp-block-column is-vertically-aligned-center is-layout-flow wp-block-column-is-layout-flow\">\n<h3 class=\"wp-block-heading\" style=\"margin-bottom:var(--wp--preset--spacing--h-3-bottom)\">Snygg och h\u00e5llbar<\/h3>\n\n\n\n<p><strong><em>Den unika matta f\u00e4rgfinishen<\/em><\/strong><\/p>\n\n\n\n<p style=\"margin-bottom:var(--wp--preset--spacing--tb-section-padding)\">Ultra-serien introducerar en kombination av s\u00e4kerhet och stil med kapslade viktmagasin. Ogenomskinliga plast\u00f6verdrag prioriterar tr\u00e4ningss\u00e4kerhet samtidigt som de ger en elegant touch till din tr\u00e4ningslokal. Oavsett om du \u00e4r gym\u00e4gare eller fitnessentusiast kommer du att uppskatta det visuella intrycket och den s\u00e4kerhet som dessa h\u00f6ljen ger ditt gym.<\/p>\n<\/div>\n<\/div>\n\n\n\n<div class=\"wp-block-columns alignwide are-vertically-aligned-center mobile-reverse is-layout-flex wp-container-core-columns-is-layout-e8158c2f wp-block-columns-is-layout-flex\" style=\"padding-top:var(--wp--preset--spacing--side-padding)\">\n<div class=\"wp-block-column is-vertically-aligned-center is-layout-flow wp-block-column-is-layout-flow\">\n<h3 class=\"wp-block-heading\" style=\"margin-bottom:var(--wp--preset--spacing--h-3-bottom)\"><strong>Optimala handgrepp<\/strong><\/h3>\n\n\n\n<p><strong><em><strong><em>F\u00f6rh\u00f6jd tr\u00e4ningsupplevelse<\/em><\/strong><\/em><\/strong><\/p>\n\n\n\n<p style=\"margin-bottom:var(--wp--preset--spacing--tb-section-padding)\">Att locka och beh\u00e5lla kunder \u00e4r avg\u00f6rande f\u00f6r gym\u00e4gare och chefer f\u00f6r fitnessanl\u00e4ggningar. Evolve Ultra-serien erbjuder optimala handgrepp, noggrant utformade f\u00f6r komfort och s\u00e4kerhet. F\u00f6rh\u00f6j dina kunders tr\u00e4ningsupplevelse, h\u00e5ll dem engagerade och motiverade att uppn\u00e5 sina tr\u00e4ningsm\u00e5l p\u00e5 din anl\u00e4ggning.<\/p>\n<\/div>\n\n\n\n<div class=\"wp-block-column is-vertically-aligned-center is-layout-flow wp-block-column-is-layout-flow\">\n<figure class=\"wp-block-image size-large\"><img loading=\"lazy\" decoding=\"async\" width=\"1024\" height=\"683\" src=\"https:\/\/evolve-fitness.eu\/wp-content\/uploads\/2023\/08\/A7_08527-1024x683.jpg\" alt=\"\" class=\"wp-image-8739\" srcset=\"https:\/\/evolve-fitness.eu\/wp-content\/uploads\/2023\/08\/A7_08527-1024x683.jpg 1024w, https:\/\/evolve-fitness.eu\/wp-content\/uploads\/2023\/08\/A7_08527-300x200.jpg 300w, https:\/\/evolve-fitness.eu\/wp-content\/uploads\/2023\/08\/A7_08527-225x150.jpg 225w, https:\/\/evolve-fitness.eu\/wp-content\/uploads\/2023\/08\/A7_08527-600x400.jpg 600w, https:\/\/evolve-fitness.eu\/wp-content\/uploads\/2023\/08\/A7_08527-150x100.jpg 150w, https:\/\/evolve-fitness.eu\/wp-content\/uploads\/2023\/08\/A7_08527-768x512.jpg 768w, https:\/\/evolve-fitness.eu\/wp-content\/uploads\/2023\/08\/A7_08527-1536x1024.jpg 1536w, https:\/\/evolve-fitness.eu\/wp-content\/uploads\/2023\/08\/A7_08527.jpg 1980w\" sizes=\"auto, (max-width: 1024px) 100vw, 1024px\" \/><\/figure>\n<\/div>\n<\/div>\n\n\n\n<div class=\"wp-block-columns alignwide are-vertically-aligned-center mobile-reverse is-layout-flex wp-container-core-columns-is-layout-e8158c2f wp-block-columns-is-layout-flex\" style=\"padding-top:var(--wp--preset--spacing--side-padding)\">\n<div class=\"wp-block-column is-vertically-aligned-center is-layout-flow wp-block-column-is-layout-flow\">\n<figure class=\"wp-block-image size-large\"><img loading=\"lazy\" decoding=\"async\" width=\"1024\" height=\"683\" src=\"https:\/\/evolve-fitness.eu\/wp-content\/uploads\/2023\/08\/A7_08545-1024x683.jpg\" alt=\"\" class=\"wp-image-8734\" srcset=\"https:\/\/evolve-fitness.eu\/wp-content\/uploads\/2023\/08\/A7_08545-1024x683.jpg 1024w, https:\/\/evolve-fitness.eu\/wp-content\/uploads\/2023\/08\/A7_08545-300x200.jpg 300w, https:\/\/evolve-fitness.eu\/wp-content\/uploads\/2023\/08\/A7_08545-225x150.jpg 225w, https:\/\/evolve-fitness.eu\/wp-content\/uploads\/2023\/08\/A7_08545-600x400.jpg 600w, https:\/\/evolve-fitness.eu\/wp-content\/uploads\/2023\/08\/A7_08545-150x100.jpg 150w, https:\/\/evolve-fitness.eu\/wp-content\/uploads\/2023\/08\/A7_08545-768x512.jpg 768w, https:\/\/evolve-fitness.eu\/wp-content\/uploads\/2023\/08\/A7_08545-1536x1024.jpg 1536w, https:\/\/evolve-fitness.eu\/wp-content\/uploads\/2023\/08\/A7_08545.jpg 1980w\" sizes=\"auto, (max-width: 1024px) 100vw, 1024px\" \/><\/figure>\n<\/div>\n\n\n\n<div class=\"wp-block-column is-vertically-aligned-center is-layout-flow wp-block-column-is-layout-flow\">\n<h3 class=\"wp-block-heading\">Oberoende armr\u00f6relser<\/h3>\n\n\n\n<p><strong><em>En spelf\u00f6r\u00e4ndrare f\u00f6r m\u00e5ngsidighet<\/em><\/strong><\/p>\n\n\n\n<p>Gym\u00e4gare och chefer f\u00f6r fitnessanl\u00e4ggningar f\u00f6rst\u00e5r behovet av m\u00e5ngsidig utrustning. V\u00e5r Evolve Ultra-serie introducerar Independent Arm Movement, en banbrytande funktion som ger anv\u00e4ndarna ett bredare r\u00f6relseomf\u00e5ng. Detta innovativa tillskott fr\u00e4mjar \u00f6verl\u00e4gsen muskelengagemang och symmetri, vilket g\u00f6r det till ett m\u00e5ste f\u00f6r fitnessentusiaster som vill ha dynamiska tr\u00e4ningsupplevelser. F\u00f6rb\u00e4ttra ditt gyms rykte med utrustning som g\u00f6r det m\u00f6jligt f\u00f6r dina kunder att uppn\u00e5 sina tr\u00e4ningsm\u00e5l p\u00e5 ett effektivt s\u00e4tt.<\/p>\n<\/div>\n<\/div>\n\n\n\n<div class=\"wp-block-columns alignwide are-vertically-aligned-center mobile-reverse is-layout-flex wp-container-core-columns-is-layout-e8158c2f wp-block-columns-is-layout-flex\" style=\"padding-top:var(--wp--preset--spacing--side-padding)\">\n<div class=\"wp-block-column is-vertically-aligned-center is-layout-flow wp-block-column-is-layout-flow\">\n<h3 class=\"wp-block-heading\" style=\"margin-bottom:var(--wp--preset--spacing--h-3-bottom)\"><strong>H\u00e5llbar och skyddande<\/strong><\/h3>\n\n\n\n<p><strong><em><strong><em>Elektrostatiskt pulverlackerad<\/em><\/strong><\/em><\/strong><\/p>\n\n\n\n<p style=\"margin-bottom:var(--wp--preset--spacing--tb-section-padding)\">Evolve Ultra Series-styrkemaskinerna har en elektrostatiskt pulverlackerad p\u00e4rlsvart matt ram som perfekt balanserar stil och funktionalitet. Den raffinerade matta finishen f\u00f6rb\u00e4ttrar maskinens premiumutseende, medan dess friktionsbest\u00e4ndiga, korrosionsskyddande och rept\u00e5liga egenskaper s\u00e4kerst\u00e4ller enast\u00e5ende h\u00e5llbarhet och l\u00e5ngsiktig tillf\u00f6rlitlighet i kr\u00e4vande fitnessmilj\u00f6er. Skyddande sk\u00f6ldar De robusta gummif\u00f6tterna p\u00e5 Evolve Ultra Series-maskinerna fungerar som skyddande sk\u00f6ldar och hj\u00e4lper till att f\u00f6rhindra potentiella skador p\u00e5 golvytor under anv\u00e4ndning. Dessa kraftiga gummif\u00f6tter \u00e4r utformade f\u00f6r b\u00e5de skydd och stabilitet och skyddar inte bara golvet utan f\u00f6rb\u00e4ttrar ocks\u00e5 maskinens \u00f6vergripande balans och s\u00e4kra positionering.   <\/p>\n<\/div>\n\n\n\n<div class=\"wp-block-column is-vertically-aligned-center is-layout-flow wp-block-column-is-layout-flow\">\n<figure class=\"wp-block-video\"><video height=\"720\" style=\"aspect-ratio: 1280 \/ 720;\" width=\"1280\" autoplay=\"\" controls=\"\" loop=\"\" muted=\"\" src=\"https:\/\/evolve-fitness.eu\/wp-content\/uploads\/2023\/10\/Evolve-Double-powder-coated-Frame.mp4\"><\/video><\/figure>\n<\/div>\n<\/div>\n\n\n\n<div class=\"wp-block-columns alignwide are-vertically-aligned-center mobile-reverse is-layout-flex wp-container-core-columns-is-layout-e8158c2f wp-block-columns-is-layout-flex\" style=\"padding-top:var(--wp--preset--spacing--side-padding)\">\n<div class=\"wp-block-column is-vertically-aligned-center is-layout-flow wp-block-column-is-layout-flow\">\n<figure class=\"wp-block-video\"><video height=\"1080\" style=\"aspect-ratio: 1920 \/ 1080;\" width=\"1920\" autoplay=\"\" controls=\"\" loop=\"\" muted=\"\" src=\"https:\/\/evolve-fitness.eu\/wp-content\/uploads\/2023\/08\/UL-040-Weight-Stack.mp4\"><\/video><\/figure>\n<\/div>\n\n\n\n<div class=\"wp-block-column is-vertically-aligned-center is-layout-flow wp-block-column-is-layout-flow\">\n<h3 class=\"wp-block-heading\" style=\"margin-bottom:var(--wp--preset--spacing--h-3-bottom)\"><strong>Vikt Stack<\/strong><\/h3>\n\n\n\n<p><strong><em><strong><em>F\u00f6rh\u00f6jd tr\u00e4ningsupplevelse<\/em><\/strong><\/em><\/strong><\/p>\n\n\n\n<p style=\"margin-bottom:var(--wp--preset--spacing--tb-section-padding)\">Evolve Ultra Series Selectorized Biceps Curl-maskin har en viktstapel p\u00e5 80 kg, med m\u00f6jlighet att uppgradera till 203 kg f\u00f6r anv\u00e4ndare som vill ha h\u00f6gre tr\u00e4ningsintensitet. Den helt slutna viktstapeln f\u00f6rb\u00e4ttrar s\u00e4kerheten under tr\u00e4ningspasset samtidigt som den bidrar till maskinens rena, moderna och professionella design. <\/p>\n<\/div>\n<\/div>\n<\/section>\n","protected":false},"excerpt":{"rendered":"<p>F\u00f6rb\u00e4ttra ditt gyms styrketr\u00e4ningszon med Evolve Ultra Series Selectorized Arms Machine (UL-410). Denna trainer \u00e4r utformad f\u00f6r professionella och kommersiella anl\u00e4ggningar och ger kontrollerad och effektiv utveckling av \u00f6verkroppen genom att rikta in sig p\u00e5 biceps, triceps och st\u00f6djande armmuskler med precision. Den har en h\u00e5llbar st\u00e5lram med korrosionsskydd, ett smidigt motst\u00e5ndssystem f\u00f6r snabba belastningsjusteringar och ergonomiska armst\u00f6d som s\u00e4kerst\u00e4ller korrekt inriktning och en personlig tr\u00e4ningsupplevelse. Bekv\u00e4m stoppning och halkfria handtag maximerar stabiliteten under anv\u00e4ndning, medan h\u00f6gkvalitativa material garanterar l\u00e5ngvarig prestanda. Med anpassningsbara f\u00e4rgalternativ f\u00f6r ram och kl\u00e4dsel och en 2-\u00e5rsgaranti \u00e4r Evolve Ultra Series Arms Machine en premiuml\u00f6sning f\u00f6r gym som s\u00f6ker tillf\u00f6rlitlig, biomekaniskt optimerad utrustning.    <\/p>\n","protected":false},"featured_media":214277,"template":"","meta":{"_acf_changed":false,"inline_featured_image":false},"product_brand":[],"product_cat":[2823,3858],"product_tag":[],"class_list":{"0":"post-214271","1":"product","2":"type-product","3":"status-publish","4":"has-post-thumbnail","6":"product_cat-selectoriserade-maskiner","7":"product_cat-ultra-series-selectorized-maskiner-sv","9":"first","10":"instock","11":"shipping-taxable","12":"purchasable","13":"product-type-simple"},"acf":{"long_title":"Evolve Ultra Series Selectorized Arms Machine (UL-410)","subtitle":"","specifications":[{"label":"SKU","text_value":"EV-SC-UL-410","icon":"x"},{"label":"M\u00e5tt och dimensioner","text_value":"1377 x 1075 x 1800 mm","icon":"x"},{"label":"Vikt","text_value":"203 kg","icon":"x"},{"label":"Vikt Stack","text_value":"80 kg","icon":"x"},{"label":"Fotplattform","text_value":"Bred halkfri yta","icon":"x"},{"label":"Handtag","text_value":"360\u00b0 roterande","icon":"x"},{"label":"Justering av h\u00f6jd","text_value":"10","icon":"x"},{"label":"Inst\u00e4llningar f\u00f6r arml\u00e4ngd","text_value":"4","icon":"x"},{"label":"Design med dubbla funktioner","text_value":"13 justering av armposition","icon":"x"},{"label":"Tjocklek p\u00e5 ram","text_value":"3 mm","icon":"x"},{"label":"\u00d6vre viktplatta","text_value":"","icon":"v"},{"label":"Justerbar tr\u00e4ningsposition","text_value":"","icon":"v"},{"label":"Magnetisk viktstapelstift","text_value":"","icon":"v"},{"label":"Skylt med utbildningsinstruktion","text_value":"","icon":"v"},{"label":"Inkapslad viktstapel","text_value":"","icon":"v"},{"label":"Slitstarka golvskydd","text_value":"","icon":"v"},{"label":"Korrosionsskyddande f\u00e4rg","text_value":"","icon":"v"},{"label":"Tjock kl\u00e4dsel kl\u00e4dd med PU-l\u00e4der  ","text_value":"","icon":"v"},{"label":"Nylonkabel","text_value":"","icon":"v"},{"label":"Handtag med halkskydd","text_value":"","icon":"v"},{"label":"Vattenflaska och tillbeh\u00f6rsfodral  ","text_value":"","icon":"v"},{"label":"Garanti","text_value":"2 \u00e5r","icon":"x"}],"product_frequently_asked_questions":null},"yoast_head":"<!-- This site is optimized with the Yoast SEO plugin v27.4 - https:\/\/yoast.com\/product\/yoast-seo-wordpress\/ -->\n<title>Evolve Ultra Series Selectorized Arms Machine (UL-410) - Evolve<\/title>\n<meta name=\"description\" content=\"F\u00f6rb\u00e4ttra ditt gyms styrketr\u00e4ningszon med Evolve Ultra Series Selectorized Arms Machine (UL-410). Designad f\u00f6r professionella\" \/>\n<meta name=\"robots\" content=\"index, follow, max-snippet:-1, max-image-preview:large, max-video-preview:-1\" \/>\n<link rel=\"canonical\" href=\"https:\/\/evolve-fitness.eu\/sv\/produkt\/evolve-ultra-series-selectorized-arms-machine-ul-410\/\" \/>\n<meta property=\"og:locale\" content=\"sv_SE\" \/>\n<meta property=\"og:type\" content=\"article\" \/>\n<meta property=\"og:title\" content=\"Evolve Ultra Series Selectorized Arms Machine (UL-410) - Evolve\" \/>\n<meta property=\"og:description\" content=\"F\u00f6rb\u00e4ttra ditt gyms styrketr\u00e4ningszon med Evolve Ultra Series Selectorized Arms Machine (UL-410). Designad f\u00f6r professionella\" \/>\n<meta property=\"og:url\" content=\"https:\/\/evolve-fitness.eu\/sv\/produkt\/evolve-ultra-series-selectorized-arms-machine-ul-410\/\" \/>\n<meta property=\"og:site_name\" content=\"Evolve\" \/>\n<meta property=\"article:publisher\" content=\"https:\/\/www.facebook.com\/EvolveFitnessEurope\" \/>\n<meta property=\"article:modified_time\" content=\"2026-03-26T09:39:15+00:00\" \/>\n<meta property=\"og:image\" content=\"https:\/\/evolve-fitness.eu\/wp-content\/uploads\/2025\/11\/EV-SC-UL-410-Evolve-Ultra-Series-Selectorized-Arms-Machine-1.png\" \/>\n\t<meta property=\"og:image:width\" content=\"1000\" \/>\n\t<meta property=\"og:image:height\" content=\"1000\" \/>\n\t<meta property=\"og:image:type\" content=\"image\/png\" \/>\n<meta name=\"twitter:card\" content=\"summary_large_image\" \/>\n<script type=\"application\/ld+json\" class=\"yoast-schema-graph\">{\"@context\":\"https:\\\/\\\/schema.org\",\"@graph\":[{\"@type\":\"WebPage\",\"@id\":\"https:\\\/\\\/evolve-fitness.eu\\\/sv\\\/produkt\\\/evolve-ultra-series-selectorized-arms-machine-ul-410\\\/\",\"url\":\"https:\\\/\\\/evolve-fitness.eu\\\/sv\\\/produkt\\\/evolve-ultra-series-selectorized-arms-machine-ul-410\\\/\",\"name\":\"Evolve Ultra Series Selectorized Arms Machine (UL-410) - Evolve\",\"isPartOf\":{\"@id\":\"https:\\\/\\\/evolve-fitness.eu\\\/sv\\\/#website\"},\"primaryImageOfPage\":{\"@id\":\"https:\\\/\\\/evolve-fitness.eu\\\/sv\\\/produkt\\\/evolve-ultra-series-selectorized-arms-machine-ul-410\\\/#primaryimage\"},\"image\":{\"@id\":\"https:\\\/\\\/evolve-fitness.eu\\\/sv\\\/produkt\\\/evolve-ultra-series-selectorized-arms-machine-ul-410\\\/#primaryimage\"},\"thumbnailUrl\":\"https:\\\/\\\/evolve-fitness.eu\\\/wp-content\\\/uploads\\\/2025\\\/11\\\/EV-SC-UL-410-Evolve-Ultra-Series-Selectorized-Arms-Machine-1.png\",\"datePublished\":\"2025-11-14T14:22:34+00:00\",\"dateModified\":\"2026-03-26T09:39:15+00:00\",\"description\":\"F\u00f6rb\u00e4ttra ditt gyms styrketr\u00e4ningszon med Evolve Ultra Series Selectorized Arms Machine (UL-410). Designad f\u00f6r professionella\",\"breadcrumb\":{\"@id\":\"https:\\\/\\\/evolve-fitness.eu\\\/sv\\\/produkt\\\/evolve-ultra-series-selectorized-arms-machine-ul-410\\\/#breadcrumb\"},\"inLanguage\":\"sv-SE\",\"potentialAction\":[{\"@type\":\"ReadAction\",\"target\":[\"https:\\\/\\\/evolve-fitness.eu\\\/sv\\\/produkt\\\/evolve-ultra-series-selectorized-arms-machine-ul-410\\\/\"]}]},{\"@type\":\"ImageObject\",\"inLanguage\":\"sv-SE\",\"@id\":\"https:\\\/\\\/evolve-fitness.eu\\\/sv\\\/produkt\\\/evolve-ultra-series-selectorized-arms-machine-ul-410\\\/#primaryimage\",\"url\":\"https:\\\/\\\/evolve-fitness.eu\\\/wp-content\\\/uploads\\\/2025\\\/11\\\/EV-SC-UL-410-Evolve-Ultra-Series-Selectorized-Arms-Machine-1.png\",\"contentUrl\":\"https:\\\/\\\/evolve-fitness.eu\\\/wp-content\\\/uploads\\\/2025\\\/11\\\/EV-SC-UL-410-Evolve-Ultra-Series-Selectorized-Arms-Machine-1.png\",\"width\":1000,\"height\":1000},{\"@type\":\"BreadcrumbList\",\"@id\":\"https:\\\/\\\/evolve-fitness.eu\\\/sv\\\/produkt\\\/evolve-ultra-series-selectorized-arms-machine-ul-410\\\/#breadcrumb\",\"itemListElement\":[{\"@type\":\"ListItem\",\"position\":1,\"name\":\"Home\",\"item\":\"https:\\\/\\\/evolve-fitness.eu\\\/sv\\\/\"},{\"@type\":\"ListItem\",\"position\":2,\"name\":\"Produkter\",\"item\":\"https:\\\/\\\/evolve-fitness.eu\\\/sv\\\/shop\\\/\"},{\"@type\":\"ListItem\",\"position\":3,\"name\":\"Evolve Ultra Series Selectorized Arms Machine (UL-410)\"}]},{\"@type\":\"WebSite\",\"@id\":\"https:\\\/\\\/evolve-fitness.eu\\\/sv\\\/#website\",\"url\":\"https:\\\/\\\/evolve-fitness.eu\\\/sv\\\/\",\"name\":\"Evolve\",\"description\":\"Your Evolved Gear Arrived\",\"publisher\":{\"@id\":\"https:\\\/\\\/evolve-fitness.eu\\\/sv\\\/#organization\"},\"potentialAction\":[{\"@type\":\"SearchAction\",\"target\":{\"@type\":\"EntryPoint\",\"urlTemplate\":\"https:\\\/\\\/evolve-fitness.eu\\\/sv\\\/?s={search_term_string}\"},\"query-input\":{\"@type\":\"PropertyValueSpecification\",\"valueRequired\":true,\"valueName\":\"search_term_string\"}}],\"inLanguage\":\"sv-SE\"},{\"@type\":\"Organization\",\"@id\":\"https:\\\/\\\/evolve-fitness.eu\\\/sv\\\/#organization\",\"name\":\"Evolve\",\"url\":\"https:\\\/\\\/evolve-fitness.eu\\\/sv\\\/\",\"logo\":{\"@type\":\"ImageObject\",\"inLanguage\":\"sv-SE\",\"@id\":\"https:\\\/\\\/evolve-fitness.eu\\\/sv\\\/#\\\/schema\\\/logo\\\/image\\\/\",\"url\":\"https:\\\/\\\/evolve-fitness.eu\\\/wp-content\\\/uploads\\\/2023\\\/05\\\/Evolve-logo.svg\",\"contentUrl\":\"https:\\\/\\\/evolve-fitness.eu\\\/wp-content\\\/uploads\\\/2023\\\/05\\\/Evolve-logo.svg\",\"width\":176,\"height\":20,\"caption\":\"Evolve\"},\"image\":{\"@id\":\"https:\\\/\\\/evolve-fitness.eu\\\/sv\\\/#\\\/schema\\\/logo\\\/image\\\/\"},\"sameAs\":[\"https:\\\/\\\/www.facebook.com\\\/EvolveFitnessEurope\"]}]}<\/script>\n<!-- \/ Yoast SEO plugin. -->","yoast_head_json":{"title":"Evolve Ultra Series Selectorized Arms Machine (UL-410) - Evolve","description":"F\u00f6rb\u00e4ttra ditt gyms styrketr\u00e4ningszon med Evolve Ultra Series Selectorized Arms Machine (UL-410). Designad f\u00f6r professionella","robots":{"index":"index","follow":"follow","max-snippet":"max-snippet:-1","max-image-preview":"max-image-preview:large","max-video-preview":"max-video-preview:-1"},"canonical":"https:\/\/evolve-fitness.eu\/sv\/produkt\/evolve-ultra-series-selectorized-arms-machine-ul-410\/","og_locale":"sv_SE","og_type":"article","og_title":"Evolve Ultra Series Selectorized Arms Machine (UL-410) - Evolve","og_description":"F\u00f6rb\u00e4ttra ditt gyms styrketr\u00e4ningszon med Evolve Ultra Series Selectorized Arms Machine (UL-410). Designad f\u00f6r professionella","og_url":"https:\/\/evolve-fitness.eu\/sv\/produkt\/evolve-ultra-series-selectorized-arms-machine-ul-410\/","og_site_name":"Evolve","article_publisher":"https:\/\/www.facebook.com\/EvolveFitnessEurope","article_modified_time":"2026-03-26T09:39:15+00:00","og_image":[{"width":1000,"height":1000,"url":"https:\/\/evolve-fitness.eu\/wp-content\/uploads\/2025\/11\/EV-SC-UL-410-Evolve-Ultra-Series-Selectorized-Arms-Machine-1.png","type":"image\/png"}],"twitter_card":"summary_large_image","schema":{"@context":"https:\/\/schema.org","@graph":[{"@type":"WebPage","@id":"https:\/\/evolve-fitness.eu\/sv\/produkt\/evolve-ultra-series-selectorized-arms-machine-ul-410\/","url":"https:\/\/evolve-fitness.eu\/sv\/produkt\/evolve-ultra-series-selectorized-arms-machine-ul-410\/","name":"Evolve Ultra Series Selectorized Arms Machine (UL-410) - Evolve","isPartOf":{"@id":"https:\/\/evolve-fitness.eu\/sv\/#website"},"primaryImageOfPage":{"@id":"https:\/\/evolve-fitness.eu\/sv\/produkt\/evolve-ultra-series-selectorized-arms-machine-ul-410\/#primaryimage"},"image":{"@id":"https:\/\/evolve-fitness.eu\/sv\/produkt\/evolve-ultra-series-selectorized-arms-machine-ul-410\/#primaryimage"},"thumbnailUrl":"https:\/\/evolve-fitness.eu\/wp-content\/uploads\/2025\/11\/EV-SC-UL-410-Evolve-Ultra-Series-Selectorized-Arms-Machine-1.png","datePublished":"2025-11-14T14:22:34+00:00","dateModified":"2026-03-26T09:39:15+00:00","description":"F\u00f6rb\u00e4ttra ditt gyms styrketr\u00e4ningszon med Evolve Ultra Series Selectorized Arms Machine (UL-410). Designad f\u00f6r professionella","breadcrumb":{"@id":"https:\/\/evolve-fitness.eu\/sv\/produkt\/evolve-ultra-series-selectorized-arms-machine-ul-410\/#breadcrumb"},"inLanguage":"sv-SE","potentialAction":[{"@type":"ReadAction","target":["https:\/\/evolve-fitness.eu\/sv\/produkt\/evolve-ultra-series-selectorized-arms-machine-ul-410\/"]}]},{"@type":"ImageObject","inLanguage":"sv-SE","@id":"https:\/\/evolve-fitness.eu\/sv\/produkt\/evolve-ultra-series-selectorized-arms-machine-ul-410\/#primaryimage","url":"https:\/\/evolve-fitness.eu\/wp-content\/uploads\/2025\/11\/EV-SC-UL-410-Evolve-Ultra-Series-Selectorized-Arms-Machine-1.png","contentUrl":"https:\/\/evolve-fitness.eu\/wp-content\/uploads\/2025\/11\/EV-SC-UL-410-Evolve-Ultra-Series-Selectorized-Arms-Machine-1.png","width":1000,"height":1000},{"@type":"BreadcrumbList","@id":"https:\/\/evolve-fitness.eu\/sv\/produkt\/evolve-ultra-series-selectorized-arms-machine-ul-410\/#breadcrumb","itemListElement":[{"@type":"ListItem","position":1,"name":"Home","item":"https:\/\/evolve-fitness.eu\/sv\/"},{"@type":"ListItem","position":2,"name":"Produkter","item":"https:\/\/evolve-fitness.eu\/sv\/shop\/"},{"@type":"ListItem","position":3,"name":"Evolve Ultra Series Selectorized Arms Machine (UL-410)"}]},{"@type":"WebSite","@id":"https:\/\/evolve-fitness.eu\/sv\/#website","url":"https:\/\/evolve-fitness.eu\/sv\/","name":"Evolve","description":"Your Evolved Gear Arrived","publisher":{"@id":"https:\/\/evolve-fitness.eu\/sv\/#organization"},"potentialAction":[{"@type":"SearchAction","target":{"@type":"EntryPoint","urlTemplate":"https:\/\/evolve-fitness.eu\/sv\/?s={search_term_string}"},"query-input":{"@type":"PropertyValueSpecification","valueRequired":true,"valueName":"search_term_string"}}],"inLanguage":"sv-SE"},{"@type":"Organization","@id":"https:\/\/evolve-fitness.eu\/sv\/#organization","name":"Evolve","url":"https:\/\/evolve-fitness.eu\/sv\/","logo":{"@type":"ImageObject","inLanguage":"sv-SE","@id":"https:\/\/evolve-fitness.eu\/sv\/#\/schema\/logo\/image\/","url":"https:\/\/evolve-fitness.eu\/wp-content\/uploads\/2023\/05\/Evolve-logo.svg","contentUrl":"https:\/\/evolve-fitness.eu\/wp-content\/uploads\/2023\/05\/Evolve-logo.svg","width":176,"height":20,"caption":"Evolve"},"image":{"@id":"https:\/\/evolve-fitness.eu\/sv\/#\/schema\/logo\/image\/"},"sameAs":["https:\/\/www.facebook.com\/EvolveFitnessEurope"]}]}},"_links":{"self":[{"href":"https:\/\/evolve-fitness.eu\/sv\/wp-json\/wp\/v2\/product\/214271","targetHints":{"allow":["GET"]}}],"collection":[{"href":"https:\/\/evolve-fitness.eu\/sv\/wp-json\/wp\/v2\/product"}],"about":[{"href":"https:\/\/evolve-fitness.eu\/sv\/wp-json\/wp\/v2\/types\/product"}],"wp:featuredmedia":[{"embeddable":true,"href":"https:\/\/evolve-fitness.eu\/sv\/wp-json\/wp\/v2\/media\/214277"}],"wp:attachment":[{"href":"https:\/\/evolve-fitness.eu\/sv\/wp-json\/wp\/v2\/media?parent=214271"}],"wp:term":[{"taxonomy":"product_brand","embeddable":true,"href":"https:\/\/evolve-fitness.eu\/sv\/wp-json\/wp\/v2\/product_brand?post=214271"},{"taxonomy":"product_cat","embeddable":true,"href":"https:\/\/evolve-fitness.eu\/sv\/wp-json\/wp\/v2\/product_cat?post=214271"},{"taxonomy":"product_tag","embeddable":true,"href":"https:\/\/evolve-fitness.eu\/sv\/wp-json\/wp\/v2\/product_tag?post=214271"}],"curies":[{"name":"wp","href":"https:\/\/api.w.org\/{rel}","templated":true}]}}