{"id":227639,"date":"2025-10-24T14:27:58","date_gmt":"2025-10-24T11:27:58","guid":{"rendered":"https:\/\/evolve-fitness.eu\/product\/evolve-prime-series-pilates-reformer-pr-020\/"},"modified":"2026-04-01T09:15:42","modified_gmt":"2026-04-01T06:15:42","slug":"evolve-prime-series-pilates-reformer-pr-020","status":"publish","type":"product","link":"https:\/\/evolve-fitness.eu\/sv\/produkt\/evolve-prime-series-pilates-reformer-pr-020\/","title":{"rendered":"Evolve Prime Series Pilates Reformer (PR-020)"},"content":{"rendered":"\n<section class=\"wp-block-group alignfull black-content has-white-color has-darkgray-background-color has-text-color has-background is-layout-constrained wp-block-group-is-layout-constrained\" style=\"padding-top:var(--wp--preset--spacing--section-bottom);padding-bottom:var(--wp--preset--spacing--section-bottom)\">\n<section class=\"wp-block-group alignfull black-content has-white-color has-darkgray-background-color has-text-color has-background is-layout-constrained wp-block-group-is-layout-constrained\" style=\"margin-bottom:0;padding-top:var(--wp--preset--spacing--tb-padding);padding-bottom:var(--wp--preset--spacing--tb-padding)\">\n<div class=\"wp-block-columns alignwide mobile-reverse is-layout-flex wp-container-core-columns-is-layout-7a02faa9 wp-block-columns-is-layout-flex\" style=\"margin-bottom:var(--wp--preset--spacing--tb-section-padding)\">\n<div class=\"wp-block-column is-vertically-aligned-center is-layout-flow wp-block-column-is-layout-flow\">\n<h3 class=\"wp-block-heading\" style=\"margin-bottom:var(--wp--preset--spacing--h-3-bottom)\"><strong><strong><strong><strong><strong><strong><strong><strong>Precisionsteknik f\u00f6r professionella Pilates-studior och hemmagym i premiumklass<\/strong><\/strong><\/strong><\/strong><\/strong><\/strong><\/strong><\/strong><\/h3>\n\n\n\n<p>Evolve Prime Series Pilates Reformer \u00e4r utformad f\u00f6r dem som kr\u00e4ver mjuka r\u00f6relser, exakt kontroll och l\u00e5ngvarig h\u00e5llbarhet i varje tr\u00e4ningspass. Den h\u00e4r reformern \u00e4r byggd med en kraftig st\u00e5lram och raffinerade mekaniska komponenter och ger en stabil, tyst och mycket responsiv tr\u00e4ningsupplevelse f\u00f6r b\u00e5de nyb\u00f6rjare och avancerade anv\u00e4ndare. <\/p>\n\n\n\n<p>Varje detalj \u00e4r konstruerad f\u00f6r att st\u00f6dja smidig r\u00f6relse, korrekt inriktning och helkroppsengagemang &#8211; fr\u00e5n den extremt smidiga vagnen till det noggrant kalibrerade fj\u00e4dersystemet.<\/p>\n<\/div>\n\n\n\n<div class=\"wp-block-column is-vertically-aligned-center is-layout-flow wp-block-column-is-layout-flow\">\n<figure class=\"wp-block-image size-full\"><img loading=\"lazy\" decoding=\"async\" width=\"810\" height=\"1013\" src=\"https:\/\/evolve-fitness.eu\/wp-content\/uploads\/2025\/10\/EV-PR-PR-020-3.png\" alt=\"\" class=\"wp-image-227599\" srcset=\"https:\/\/evolve-fitness.eu\/wp-content\/uploads\/2025\/10\/EV-PR-PR-020-3.png 810w, https:\/\/evolve-fitness.eu\/wp-content\/uploads\/2025\/10\/EV-PR-PR-020-3-240x300.png 240w, https:\/\/evolve-fitness.eu\/wp-content\/uploads\/2025\/10\/EV-PR-PR-020-3-120x150.png 120w, https:\/\/evolve-fitness.eu\/wp-content\/uploads\/2025\/10\/EV-PR-PR-020-3-768x960.png 768w, https:\/\/evolve-fitness.eu\/wp-content\/uploads\/2025\/10\/EV-PR-PR-020-3-300x375.png 300w, https:\/\/evolve-fitness.eu\/wp-content\/uploads\/2025\/10\/EV-PR-PR-020-3-600x750.png 600w\" sizes=\"auto, (max-width: 810px) 100vw, 810px\" \/><\/figure>\n<\/div>\n<\/div>\n\n\n\n<div class=\"wp-block-columns alignwide mobile-reverse is-layout-flex wp-container-core-columns-is-layout-035fa626 wp-block-columns-is-layout-flex\" style=\"margin-bottom:var(--wp--preset--spacing--side-padding);padding-top:var(--wp--preset--spacing--tb-padding);padding-bottom:var(--wp--preset--spacing--tb-padding)\">\n<div class=\"wp-block-column is-vertically-aligned-center is-layout-flow wp-block-column-is-layout-flow\">\n<figure class=\"wp-block-image size-full\"><img loading=\"lazy\" decoding=\"async\" width=\"810\" height=\"1013\" src=\"https:\/\/evolve-fitness.eu\/wp-content\/uploads\/2025\/10\/EV-PR-PR-020-4.png\" alt=\"\" class=\"wp-image-227600\" srcset=\"https:\/\/evolve-fitness.eu\/wp-content\/uploads\/2025\/10\/EV-PR-PR-020-4.png 810w, https:\/\/evolve-fitness.eu\/wp-content\/uploads\/2025\/10\/EV-PR-PR-020-4-240x300.png 240w, https:\/\/evolve-fitness.eu\/wp-content\/uploads\/2025\/10\/EV-PR-PR-020-4-120x150.png 120w, https:\/\/evolve-fitness.eu\/wp-content\/uploads\/2025\/10\/EV-PR-PR-020-4-768x960.png 768w, https:\/\/evolve-fitness.eu\/wp-content\/uploads\/2025\/10\/EV-PR-PR-020-4-300x375.png 300w, https:\/\/evolve-fitness.eu\/wp-content\/uploads\/2025\/10\/EV-PR-PR-020-4-600x750.png 600w\" sizes=\"auto, (max-width: 810px) 100vw, 810px\" \/><\/figure>\n<\/div>\n\n\n\n<div class=\"wp-block-column is-vertically-aligned-center is-layout-flow wp-block-column-is-layout-flow\">\n<h3 class=\"wp-block-heading\" style=\"margin-bottom:var(--wp--preset--spacing--h-3-bottom)\"><strong><strong><strong><strong><strong><strong><strong><strong><strong>Smidig, tyst och kontrollerad r\u00f6relse<\/strong><\/strong><\/strong><\/strong><\/strong><\/strong><\/strong><\/strong><\/strong><\/h3>\n\n\n\n<p>Reformatorn har ett <strong>precisionsstyrt vagnsystem<\/strong> som glider l\u00e4tt l\u00e4ngs ramen, vilket ger ett j\u00e4mnt motst\u00e5nd och oavbrutet fl\u00f6de. Detta g\u00f6r att anv\u00e4ndaren kan fokusera fullt ut p\u00e5 form, andning och muskelaktivering utan att distraheras av ljud eller vibrationer. <\/p>\n\n\n\n<p>Den <strong>h\u00f6gdensitetsvadderade vagnen och huvudst\u00f6det<\/strong> ger komfort och stabilitet, \u00e4ven under l\u00e4ngre tr\u00e4ningspass, medan de ergonomiska axelblocken h\u00e5ller kroppen perfekt inriktad.<\/p>\n<\/div>\n<\/div>\n\n\n\n<div class=\"wp-block-columns alignwide mobile-reverse is-layout-flex wp-container-core-columns-is-layout-7a02faa9 wp-block-columns-is-layout-flex\" style=\"margin-bottom:var(--wp--preset--spacing--tb-section-padding)\">\n<div class=\"wp-block-column is-vertically-aligned-center is-layout-flow wp-block-column-is-layout-flow\">\n<h3 class=\"wp-block-heading\" style=\"margin-bottom:var(--wp--preset--spacing--h-3-bottom)\"><strong><strong><strong><strong><strong><strong><strong><strong><strong>Justerbart motst\u00e5nd f\u00f6r progressiv tr\u00e4ning<\/strong><\/strong><\/strong><\/strong><\/strong><\/strong><\/strong><\/strong><\/strong><\/h3>\n\n\n\n<p>Evolve Prime Series Reformer har ett <strong>f\u00e4rgkodat fj\u00e4dersystem<\/strong> som g\u00f6r det m\u00f6jligt att justera motst\u00e5ndet direkt f\u00f6r olika tr\u00e4ningsm\u00e5l:<\/p>\n\n\n\n<ul class=\"wp-block-list\">\n<li>L\u00e4tt motst\u00e5nd f\u00f6r rehabilitering och r\u00f6rlighet<\/li>\n\n\n\n<li>Medelh\u00f6gt motst\u00e5nd f\u00f6r stabilitet och kontroll i b\u00e5len<\/li>\n\n\n\n<li>Tungt motst\u00e5nd f\u00f6r utveckling av styrka och kraft<\/li>\n<\/ul>\n\n\n\n<p>Detta g\u00f6r reformern idealisk f\u00f6r <strong>personlig tr\u00e4ning, gruppklasser, sjukgymnastik och konditionstr\u00e4ning f\u00f6r idrottare<\/strong>.<\/p>\n<\/div>\n\n\n\n<div class=\"wp-block-column is-vertically-aligned-center is-layout-flow wp-block-column-is-layout-flow\">\n<figure class=\"wp-block-image size-full\"><img loading=\"lazy\" decoding=\"async\" width=\"810\" height=\"1013\" src=\"https:\/\/evolve-fitness.eu\/wp-content\/uploads\/2025\/10\/EV-PR-PR-020-5.png\" alt=\"\" class=\"wp-image-227601\" srcset=\"https:\/\/evolve-fitness.eu\/wp-content\/uploads\/2025\/10\/EV-PR-PR-020-5.png 810w, https:\/\/evolve-fitness.eu\/wp-content\/uploads\/2025\/10\/EV-PR-PR-020-5-240x300.png 240w, https:\/\/evolve-fitness.eu\/wp-content\/uploads\/2025\/10\/EV-PR-PR-020-5-120x150.png 120w, https:\/\/evolve-fitness.eu\/wp-content\/uploads\/2025\/10\/EV-PR-PR-020-5-768x960.png 768w, https:\/\/evolve-fitness.eu\/wp-content\/uploads\/2025\/10\/EV-PR-PR-020-5-300x375.png 300w, https:\/\/evolve-fitness.eu\/wp-content\/uploads\/2025\/10\/EV-PR-PR-020-5-600x750.png 600w\" sizes=\"auto, (max-width: 810px) 100vw, 810px\" \/><\/figure>\n<\/div>\n<\/div>\n\n\n\n<div class=\"wp-block-columns alignwide mobile-reverse is-layout-flex wp-container-core-columns-is-layout-ca64bf2d wp-block-columns-is-layout-flex\" style=\"margin-bottom:var(--wp--preset--spacing--side-padding)\">\n<div class=\"wp-block-column is-vertically-aligned-center is-layout-flow wp-block-column-is-layout-flow\">\n<div class=\"wp-block-columns is-layout-flex wp-container-core-columns-is-layout-9d6595d7 wp-block-columns-is-layout-flex\">\n<div class=\"wp-block-column is-layout-flow wp-block-column-is-layout-flow\">\n<div class=\"wp-block-columns is-layout-flex wp-container-core-columns-is-layout-9d6595d7 wp-block-columns-is-layout-flex\">\n<div class=\"wp-block-column is-layout-flow wp-block-column-is-layout-flow\"><\/div>\n\n\n\n<div class=\"wp-block-column is-layout-flow wp-block-column-is-layout-flow\"><\/div>\n<\/div>\n\n\n\n<figure class=\"wp-block-image size-full\"><img loading=\"lazy\" decoding=\"async\" width=\"810\" height=\"1013\" src=\"https:\/\/evolve-fitness.eu\/wp-content\/uploads\/2025\/10\/EV-PR-PR-020-7.png\" alt=\"\" class=\"wp-image-227603\" srcset=\"https:\/\/evolve-fitness.eu\/wp-content\/uploads\/2025\/10\/EV-PR-PR-020-7.png 810w, https:\/\/evolve-fitness.eu\/wp-content\/uploads\/2025\/10\/EV-PR-PR-020-7-240x300.png 240w, https:\/\/evolve-fitness.eu\/wp-content\/uploads\/2025\/10\/EV-PR-PR-020-7-120x150.png 120w, https:\/\/evolve-fitness.eu\/wp-content\/uploads\/2025\/10\/EV-PR-PR-020-7-768x960.png 768w, https:\/\/evolve-fitness.eu\/wp-content\/uploads\/2025\/10\/EV-PR-PR-020-7-300x375.png 300w, https:\/\/evolve-fitness.eu\/wp-content\/uploads\/2025\/10\/EV-PR-PR-020-7-600x750.png 600w\" sizes=\"auto, (max-width: 810px) 100vw, 810px\" \/><\/figure>\n<\/div>\n\n\n\n<div class=\"wp-block-column is-vertically-aligned-center is-layout-flow wp-block-column-is-layout-flow\">\n<h3 class=\"wp-block-heading\" style=\"margin-bottom:var(--wp--preset--spacing--h-3-bottom)\"><strong><strong><strong><strong><strong><strong><strong><strong><strong>Utformad f\u00f6r m\u00e5ngsidighet<\/strong><\/strong><\/strong><\/strong><\/strong><\/strong><\/strong><\/strong><\/strong><\/h3>\n\n\n\n<p>Reformatorn har flera justerbara element som ut\u00f6kar tr\u00e4ningsm\u00f6jligheterna:<\/p>\n\n\n\n<ul class=\"wp-block-list\">\n<li>Justerbar fotb\u00e5ge f\u00f6r olika kroppspositioner och r\u00f6relsem\u00f6nster<\/li>\n\n\n\n<li>Avtagbar hoppbr\u00e4da f\u00f6r cardio-fokuserade Pilates-pass<\/li>\n\n\n\n<li>Justerbara rep och handtag f\u00f6r \u00f6vningar f\u00f6r \u00f6vre och nedre delen av kroppen<\/li>\n\n\n\n<li>Boxtillbeh\u00f6r f\u00f6r sittande, kn\u00e4st\u00e5ende och liggande r\u00f6relser<\/li>\n<\/ul>\n\n\n\n<p>Med dessa alternativ kan en maskin anv\u00e4ndas f\u00f6r <strong>hundratals \u00f6vningar<\/strong>, fr\u00e5n skonsam rehabilitering till h\u00f6gintensiv tr\u00e4ning.<\/p>\n<\/div>\n<\/div>\n<\/div>\n<\/div>\n\n\n\n<div class=\"wp-block-columns is-layout-flex wp-container-core-columns-is-layout-9d6595d7 wp-block-columns-is-layout-flex\">\n<div class=\"wp-block-column is-layout-flow wp-block-column-is-layout-flow\"><\/div>\n<\/div>\n\n\n\n<div class=\"wp-block-columns alignwide mobile-reverse is-layout-flex wp-container-core-columns-is-layout-7a02faa9 wp-block-columns-is-layout-flex\" style=\"margin-bottom:var(--wp--preset--spacing--tb-section-padding)\">\n<div class=\"wp-block-column is-vertically-aligned-center is-layout-flow wp-block-column-is-layout-flow\">\n<h3 class=\"wp-block-heading\" style=\"margin-bottom:var(--wp--preset--spacing--h-3-bottom)\"><strong><strong><strong><strong><strong><strong><strong><strong><strong>Byggd f\u00f6r studios, perfekt f\u00f6r hemmabruk<\/strong><\/strong><\/strong><\/strong><\/strong><\/strong><\/strong><\/strong><\/strong><\/h3>\n\n\n\n<p>Tack vare det <strong>uppr\u00e4ttst\u00e5ende f\u00f6rvaringssystemet och de integrerade transporthjulen<\/strong> kan reformern enkelt flyttas och f\u00f6rvaras n\u00e4r den inte anv\u00e4nds. Detta g\u00f6r den till ett utm\u00e4rkt val f\u00f6r studios med begr\u00e4nsat utrymme eller premium hemmagym som kr\u00e4ver flexibilitet utan att g\u00f6ra avkall p\u00e5 kvaliteten. <\/p>\n\n\n\n<p>Den solida konstruktionen garanterar stabilitet \u00e4ven under intensiv daglig anv\u00e4ndning, vilket g\u00f6r den l\u00e4mplig f\u00f6r <strong>kommersiella milj\u00f6er<\/strong><strong>.<\/strong><\/p>\n<\/div>\n\n\n\n<div class=\"wp-block-column is-vertically-aligned-center is-layout-flow wp-block-column-is-layout-flow\">\n<figure class=\"wp-block-image size-full\"><img loading=\"lazy\" decoding=\"async\" width=\"810\" height=\"1013\" src=\"https:\/\/evolve-fitness.eu\/wp-content\/uploads\/2025\/10\/EV-PR-PR-020-8.png\" alt=\"\" class=\"wp-image-227604\" srcset=\"https:\/\/evolve-fitness.eu\/wp-content\/uploads\/2025\/10\/EV-PR-PR-020-8.png 810w, https:\/\/evolve-fitness.eu\/wp-content\/uploads\/2025\/10\/EV-PR-PR-020-8-240x300.png 240w, https:\/\/evolve-fitness.eu\/wp-content\/uploads\/2025\/10\/EV-PR-PR-020-8-120x150.png 120w, https:\/\/evolve-fitness.eu\/wp-content\/uploads\/2025\/10\/EV-PR-PR-020-8-768x960.png 768w, https:\/\/evolve-fitness.eu\/wp-content\/uploads\/2025\/10\/EV-PR-PR-020-8-300x375.png 300w, https:\/\/evolve-fitness.eu\/wp-content\/uploads\/2025\/10\/EV-PR-PR-020-8-600x750.png 600w\" sizes=\"auto, (max-width: 810px) 100vw, 810px\" \/><\/figure>\n<\/div>\n<\/div>\n<\/section>\n<\/section>\n","protected":false},"excerpt":{"rendered":"<p>Upplev precision, kontroll och komfort med Evolve Prime Series Pilates Reformer. Den \u00e4r utformad f\u00f6r professionella studior och hemmabruk och har justerbart fj\u00e4dermotst\u00e5nd, ergonomisk design och smidig r\u00f6relse f\u00f6r s\u00e4ker och effektiv helkroppstr\u00e4ning. Byggd f\u00f6r h\u00e5llbarhet, prestanda och enkel f\u00f6rvaring i uppr\u00e4tt l\u00e4ge.  <\/p>\n","protected":false},"featured_media":227640,"template":"","meta":{"_acf_changed":false,"inline_featured_image":false},"product_brand":[],"product_cat":[5224],"product_tag":[],"class_list":{"0":"post-227639","1":"product","2":"type-product","3":"status-publish","4":"has-post-thumbnail","6":"product_cat-studio-sv","8":"first","9":"instock","10":"shipping-taxable","11":"purchasable","12":"product-type-simple"},"acf":{"long_title":"Evolve Prime Series Pilates Reformer (PR-020)","subtitle":"","specifications":[{"label":"SKU","text_value":"EV-PR-PR-020","icon":"x"},{"label":"Produktens vikt","text_value":"70 kg","icon":"x"},{"label":"Bruttovikt","text_value":"102 kg","icon":"x"},{"label":"Max anv\u00e4ndarvikt","text_value":"150 kg","icon":"x"},{"label":"Produktens m\u00e5tt","text_value":"2445 x 695 x 370 mm","icon":"x"},{"label":"M\u00e5tt p\u00e5 f\u00f6rpackningen","text_value":"2590 x 740 x 400 mm","icon":"x"},{"label":"Ram","text_value":"Aluminiumlegering","icon":"x"},{"label":"L\u00e4derkl\u00e4dsel","text_value":"1 mm PU-l\u00e4der","icon":"x"},{"label":"Inv\u00e4ndig stoppning","text_value":"Milj\u00f6v\u00e4nlig insida i 5D rebound-bomull","icon":"x"},{"label":"Nackst\u00f6d","text_value":"PU-l\u00e4der","icon":"x"},{"label":"St\u00f6d f\u00f6r axlarna","text_value":"2 axelvaddar i PU-l\u00e4der","icon":"x"},{"label":"Fotlist","text_value":"Rostfritt st\u00e5l med d\u00e4mpat yttre lager","icon":"x"},{"label":"Fj\u00e4dersystem","text_value":"6 tyska fj\u00e4drar (2 r\u00f6da, 2 gr\u00f6na, 2 gula)","icon":"x"},{"label":"Handtagets position","text_value":"6-positions justerbar","icon":"x"},{"label":"Stigare","text_value":"2 styrskenor i metall, 2 externa segelb\u00e5tshjul, 2 skruvar","icon":"x"},{"label":"Rep-system","text_value":"2 tjocka nylonrep med dubbla \u00f6glor","icon":"x"},{"label":"Krokband","text_value":"","icon":"v"},{"label":"Hoppbr\u00e4da","text_value":"PU-l\u00e4deryta","icon":"x"},{"label":"Hjul","text_value":"10 importerade trissor - inklusive: 2 glidande s\u00e4nghjul vid huvud\u00e4ndan 4 elastiska och tysta l\u00e4ngsg\u00e5ende motviktshjul 4 tysta, slitstarka tv\u00e4rg\u00e5ende tr\u00e4ningshjul","icon":"x"},{"label":"Garanti","text_value":"2 \u00e5r","icon":"x"}],"product_frequently_asked_questions":null},"yoast_head":"<!-- This site is optimized with the Yoast SEO plugin v27.4 - https:\/\/yoast.com\/product\/yoast-seo-wordpress\/ -->\n<title>Evolve Prime Series Pilates Reformer (PR-020) - Evolve<\/title>\n<meta name=\"description\" content=\"Upplev precision, kontroll och komfort med Evolve Prime Series Pilates Reformer. Designad f\u00f6r professionella studior och hem\" \/>\n<meta name=\"robots\" content=\"index, follow, max-snippet:-1, max-image-preview:large, max-video-preview:-1\" \/>\n<link rel=\"canonical\" href=\"https:\/\/evolve-fitness.eu\/sv\/produkt\/evolve-prime-series-pilates-reformer-pr-020\/\" \/>\n<meta property=\"og:locale\" content=\"sv_SE\" \/>\n<meta property=\"og:type\" content=\"article\" \/>\n<meta property=\"og:title\" content=\"Evolve Prime Series Pilates Reformer (PR-020) - Evolve\" \/>\n<meta property=\"og:description\" content=\"Upplev precision, kontroll och komfort med Evolve Prime Series Pilates Reformer. Designad f\u00f6r professionella studior och hem\" \/>\n<meta property=\"og:url\" content=\"https:\/\/evolve-fitness.eu\/sv\/produkt\/evolve-prime-series-pilates-reformer-pr-020\/\" \/>\n<meta property=\"og:site_name\" content=\"Evolve\" \/>\n<meta property=\"article:publisher\" content=\"https:\/\/www.facebook.com\/EvolveFitnessEurope\" \/>\n<meta property=\"article:modified_time\" content=\"2026-04-01T06:15:42+00:00\" \/>\n<meta property=\"og:image\" content=\"https:\/\/evolve-fitness.eu\/wp-content\/uploads\/2025\/10\/EV-PR-PR-020.png\" \/>\n\t<meta property=\"og:image:width\" content=\"810\" \/>\n\t<meta property=\"og:image:height\" content=\"1013\" \/>\n\t<meta property=\"og:image:type\" content=\"image\/png\" \/>\n<meta name=\"twitter:card\" content=\"summary_large_image\" \/>\n<script type=\"application\/ld+json\" class=\"yoast-schema-graph\">{\"@context\":\"https:\\\/\\\/schema.org\",\"@graph\":[{\"@type\":\"WebPage\",\"@id\":\"https:\\\/\\\/evolve-fitness.eu\\\/sv\\\/produkt\\\/evolve-prime-series-pilates-reformer-pr-020\\\/\",\"url\":\"https:\\\/\\\/evolve-fitness.eu\\\/sv\\\/produkt\\\/evolve-prime-series-pilates-reformer-pr-020\\\/\",\"name\":\"Evolve Prime Series Pilates Reformer (PR-020) - Evolve\",\"isPartOf\":{\"@id\":\"https:\\\/\\\/evolve-fitness.eu\\\/sv\\\/#website\"},\"primaryImageOfPage\":{\"@id\":\"https:\\\/\\\/evolve-fitness.eu\\\/sv\\\/produkt\\\/evolve-prime-series-pilates-reformer-pr-020\\\/#primaryimage\"},\"image\":{\"@id\":\"https:\\\/\\\/evolve-fitness.eu\\\/sv\\\/produkt\\\/evolve-prime-series-pilates-reformer-pr-020\\\/#primaryimage\"},\"thumbnailUrl\":\"https:\\\/\\\/evolve-fitness.eu\\\/wp-content\\\/uploads\\\/2025\\\/10\\\/EV-PR-PR-020.png\",\"datePublished\":\"2025-10-24T11:27:58+00:00\",\"dateModified\":\"2026-04-01T06:15:42+00:00\",\"description\":\"Upplev precision, kontroll och komfort med Evolve Prime Series Pilates Reformer. Designad f\u00f6r professionella studior och hem\",\"breadcrumb\":{\"@id\":\"https:\\\/\\\/evolve-fitness.eu\\\/sv\\\/produkt\\\/evolve-prime-series-pilates-reformer-pr-020\\\/#breadcrumb\"},\"inLanguage\":\"sv-SE\",\"potentialAction\":[{\"@type\":\"ReadAction\",\"target\":[\"https:\\\/\\\/evolve-fitness.eu\\\/sv\\\/produkt\\\/evolve-prime-series-pilates-reformer-pr-020\\\/\"]}]},{\"@type\":\"ImageObject\",\"inLanguage\":\"sv-SE\",\"@id\":\"https:\\\/\\\/evolve-fitness.eu\\\/sv\\\/produkt\\\/evolve-prime-series-pilates-reformer-pr-020\\\/#primaryimage\",\"url\":\"https:\\\/\\\/evolve-fitness.eu\\\/wp-content\\\/uploads\\\/2025\\\/10\\\/EV-PR-PR-020.png\",\"contentUrl\":\"https:\\\/\\\/evolve-fitness.eu\\\/wp-content\\\/uploads\\\/2025\\\/10\\\/EV-PR-PR-020.png\",\"width\":810,\"height\":1013},{\"@type\":\"BreadcrumbList\",\"@id\":\"https:\\\/\\\/evolve-fitness.eu\\\/sv\\\/produkt\\\/evolve-prime-series-pilates-reformer-pr-020\\\/#breadcrumb\",\"itemListElement\":[{\"@type\":\"ListItem\",\"position\":1,\"name\":\"Home\",\"item\":\"https:\\\/\\\/evolve-fitness.eu\\\/sv\\\/\"},{\"@type\":\"ListItem\",\"position\":2,\"name\":\"Produkter\",\"item\":\"https:\\\/\\\/evolve-fitness.eu\\\/sv\\\/shop\\\/\"},{\"@type\":\"ListItem\",\"position\":3,\"name\":\"Evolve Prime Series Pilates Reformer (PR-020)\"}]},{\"@type\":\"WebSite\",\"@id\":\"https:\\\/\\\/evolve-fitness.eu\\\/sv\\\/#website\",\"url\":\"https:\\\/\\\/evolve-fitness.eu\\\/sv\\\/\",\"name\":\"Evolve\",\"description\":\"Your Evolved Gear Arrived\",\"publisher\":{\"@id\":\"https:\\\/\\\/evolve-fitness.eu\\\/sv\\\/#organization\"},\"potentialAction\":[{\"@type\":\"SearchAction\",\"target\":{\"@type\":\"EntryPoint\",\"urlTemplate\":\"https:\\\/\\\/evolve-fitness.eu\\\/sv\\\/?s={search_term_string}\"},\"query-input\":{\"@type\":\"PropertyValueSpecification\",\"valueRequired\":true,\"valueName\":\"search_term_string\"}}],\"inLanguage\":\"sv-SE\"},{\"@type\":\"Organization\",\"@id\":\"https:\\\/\\\/evolve-fitness.eu\\\/sv\\\/#organization\",\"name\":\"Evolve\",\"url\":\"https:\\\/\\\/evolve-fitness.eu\\\/sv\\\/\",\"logo\":{\"@type\":\"ImageObject\",\"inLanguage\":\"sv-SE\",\"@id\":\"https:\\\/\\\/evolve-fitness.eu\\\/sv\\\/#\\\/schema\\\/logo\\\/image\\\/\",\"url\":\"https:\\\/\\\/evolve-fitness.eu\\\/wp-content\\\/uploads\\\/2023\\\/05\\\/Evolve-logo.svg\",\"contentUrl\":\"https:\\\/\\\/evolve-fitness.eu\\\/wp-content\\\/uploads\\\/2023\\\/05\\\/Evolve-logo.svg\",\"width\":176,\"height\":20,\"caption\":\"Evolve\"},\"image\":{\"@id\":\"https:\\\/\\\/evolve-fitness.eu\\\/sv\\\/#\\\/schema\\\/logo\\\/image\\\/\"},\"sameAs\":[\"https:\\\/\\\/www.facebook.com\\\/EvolveFitnessEurope\"]}]}<\/script>\n<!-- \/ Yoast SEO plugin. -->","yoast_head_json":{"title":"Evolve Prime Series Pilates Reformer (PR-020) - Evolve","description":"Upplev precision, kontroll och komfort med Evolve Prime Series Pilates Reformer. Designad f\u00f6r professionella studior och hem","robots":{"index":"index","follow":"follow","max-snippet":"max-snippet:-1","max-image-preview":"max-image-preview:large","max-video-preview":"max-video-preview:-1"},"canonical":"https:\/\/evolve-fitness.eu\/sv\/produkt\/evolve-prime-series-pilates-reformer-pr-020\/","og_locale":"sv_SE","og_type":"article","og_title":"Evolve Prime Series Pilates Reformer (PR-020) - Evolve","og_description":"Upplev precision, kontroll och komfort med Evolve Prime Series Pilates Reformer. Designad f\u00f6r professionella studior och hem","og_url":"https:\/\/evolve-fitness.eu\/sv\/produkt\/evolve-prime-series-pilates-reformer-pr-020\/","og_site_name":"Evolve","article_publisher":"https:\/\/www.facebook.com\/EvolveFitnessEurope","article_modified_time":"2026-04-01T06:15:42+00:00","og_image":[{"width":810,"height":1013,"url":"https:\/\/evolve-fitness.eu\/wp-content\/uploads\/2025\/10\/EV-PR-PR-020.png","type":"image\/png"}],"twitter_card":"summary_large_image","schema":{"@context":"https:\/\/schema.org","@graph":[{"@type":"WebPage","@id":"https:\/\/evolve-fitness.eu\/sv\/produkt\/evolve-prime-series-pilates-reformer-pr-020\/","url":"https:\/\/evolve-fitness.eu\/sv\/produkt\/evolve-prime-series-pilates-reformer-pr-020\/","name":"Evolve Prime Series Pilates Reformer (PR-020) - Evolve","isPartOf":{"@id":"https:\/\/evolve-fitness.eu\/sv\/#website"},"primaryImageOfPage":{"@id":"https:\/\/evolve-fitness.eu\/sv\/produkt\/evolve-prime-series-pilates-reformer-pr-020\/#primaryimage"},"image":{"@id":"https:\/\/evolve-fitness.eu\/sv\/produkt\/evolve-prime-series-pilates-reformer-pr-020\/#primaryimage"},"thumbnailUrl":"https:\/\/evolve-fitness.eu\/wp-content\/uploads\/2025\/10\/EV-PR-PR-020.png","datePublished":"2025-10-24T11:27:58+00:00","dateModified":"2026-04-01T06:15:42+00:00","description":"Upplev precision, kontroll och komfort med Evolve Prime Series Pilates Reformer. Designad f\u00f6r professionella studior och hem","breadcrumb":{"@id":"https:\/\/evolve-fitness.eu\/sv\/produkt\/evolve-prime-series-pilates-reformer-pr-020\/#breadcrumb"},"inLanguage":"sv-SE","potentialAction":[{"@type":"ReadAction","target":["https:\/\/evolve-fitness.eu\/sv\/produkt\/evolve-prime-series-pilates-reformer-pr-020\/"]}]},{"@type":"ImageObject","inLanguage":"sv-SE","@id":"https:\/\/evolve-fitness.eu\/sv\/produkt\/evolve-prime-series-pilates-reformer-pr-020\/#primaryimage","url":"https:\/\/evolve-fitness.eu\/wp-content\/uploads\/2025\/10\/EV-PR-PR-020.png","contentUrl":"https:\/\/evolve-fitness.eu\/wp-content\/uploads\/2025\/10\/EV-PR-PR-020.png","width":810,"height":1013},{"@type":"BreadcrumbList","@id":"https:\/\/evolve-fitness.eu\/sv\/produkt\/evolve-prime-series-pilates-reformer-pr-020\/#breadcrumb","itemListElement":[{"@type":"ListItem","position":1,"name":"Home","item":"https:\/\/evolve-fitness.eu\/sv\/"},{"@type":"ListItem","position":2,"name":"Produkter","item":"https:\/\/evolve-fitness.eu\/sv\/shop\/"},{"@type":"ListItem","position":3,"name":"Evolve Prime Series Pilates Reformer (PR-020)"}]},{"@type":"WebSite","@id":"https:\/\/evolve-fitness.eu\/sv\/#website","url":"https:\/\/evolve-fitness.eu\/sv\/","name":"Evolve","description":"Your Evolved Gear Arrived","publisher":{"@id":"https:\/\/evolve-fitness.eu\/sv\/#organization"},"potentialAction":[{"@type":"SearchAction","target":{"@type":"EntryPoint","urlTemplate":"https:\/\/evolve-fitness.eu\/sv\/?s={search_term_string}"},"query-input":{"@type":"PropertyValueSpecification","valueRequired":true,"valueName":"search_term_string"}}],"inLanguage":"sv-SE"},{"@type":"Organization","@id":"https:\/\/evolve-fitness.eu\/sv\/#organization","name":"Evolve","url":"https:\/\/evolve-fitness.eu\/sv\/","logo":{"@type":"ImageObject","inLanguage":"sv-SE","@id":"https:\/\/evolve-fitness.eu\/sv\/#\/schema\/logo\/image\/","url":"https:\/\/evolve-fitness.eu\/wp-content\/uploads\/2023\/05\/Evolve-logo.svg","contentUrl":"https:\/\/evolve-fitness.eu\/wp-content\/uploads\/2023\/05\/Evolve-logo.svg","width":176,"height":20,"caption":"Evolve"},"image":{"@id":"https:\/\/evolve-fitness.eu\/sv\/#\/schema\/logo\/image\/"},"sameAs":["https:\/\/www.facebook.com\/EvolveFitnessEurope"]}]}},"_links":{"self":[{"href":"https:\/\/evolve-fitness.eu\/sv\/wp-json\/wp\/v2\/product\/227639","targetHints":{"allow":["GET"]}}],"collection":[{"href":"https:\/\/evolve-fitness.eu\/sv\/wp-json\/wp\/v2\/product"}],"about":[{"href":"https:\/\/evolve-fitness.eu\/sv\/wp-json\/wp\/v2\/types\/product"}],"wp:featuredmedia":[{"embeddable":true,"href":"https:\/\/evolve-fitness.eu\/sv\/wp-json\/wp\/v2\/media\/227640"}],"wp:attachment":[{"href":"https:\/\/evolve-fitness.eu\/sv\/wp-json\/wp\/v2\/media?parent=227639"}],"wp:term":[{"taxonomy":"product_brand","embeddable":true,"href":"https:\/\/evolve-fitness.eu\/sv\/wp-json\/wp\/v2\/product_brand?post=227639"},{"taxonomy":"product_cat","embeddable":true,"href":"https:\/\/evolve-fitness.eu\/sv\/wp-json\/wp\/v2\/product_cat?post=227639"},{"taxonomy":"product_tag","embeddable":true,"href":"https:\/\/evolve-fitness.eu\/sv\/wp-json\/wp\/v2\/product_tag?post=227639"}],"curies":[{"name":"wp","href":"https:\/\/api.w.org\/{rel}","templated":true}]}}