{"id":228083,"date":"2024-01-10T12:25:49","date_gmt":"2024-01-10T10:25:49","guid":{"rendered":"https:\/\/evolve-fitness.eu\/product\/evolve-lopband-med-185-tft-konsol-ht-500-tft\/"},"modified":"2026-04-07T13:49:46","modified_gmt":"2026-04-07T10:49:46","slug":"evolve-lopband-med-185-tft-konsol-ht-500-tft","status":"publish","type":"product","link":"https:\/\/evolve-fitness.eu\/sv\/produkt\/evolve-lopband-med-185-tft-konsol-ht-500-tft\/","title":{"rendered":"Evolve L\u00f6pband med 18,5&#8221; TFT-konsol (HT-500-TFT)"},"content":{"rendered":"\n<section class=\"wp-block-group alignfull has-lightgray-background-color has-background is-layout-constrained wp-block-group-is-layout-constrained\">\n<div class=\"wp-block-columns alignwide is-layout-flex wp-container-core-columns-is-layout-2edb0647 wp-block-columns-is-layout-flex\" style=\"margin-top:0;margin-bottom:0\">\n<div class=\"wp-block-column is-layout-flow wp-block-column-is-layout-flow\" style=\"flex-basis:33.33%\"><\/div>\n\n\n\n<div class=\"wp-block-column is-layout-flow wp-block-column-is-layout-flow\" style=\"flex-basis:66.66%\"><\/div>\n<\/div>\n<\/section>\n\n<section class=\"wp-block-group alignfull black-content has-white-color has-darkgray-background-color has-text-color has-background is-layout-constrained wp-block-group-is-layout-constrained\" style=\"padding-top:var(--wp--preset--spacing--section-bottom);padding-bottom:var(--wp--preset--spacing--section-bottom)\">\n<div class=\"wp-block-columns alignwide mobile-reverse is-layout-flex wp-container-core-columns-is-layout-ca64bf2d wp-block-columns-is-layout-flex\" style=\"margin-bottom:var(--wp--preset--spacing--side-padding)\">\n<div class=\"wp-block-column is-vertically-aligned-center is-layout-flow wp-block-column-is-layout-flow\">\n<h3 class=\"wp-block-heading\" style=\"margin-bottom:var(--wp--preset--spacing--h-3-bottom)\"><strong><strong><strong>Evolve HT-500-TFT L\u00f6pband<\/strong><\/strong><\/strong><\/h3>\n\n\n\n<p>L\u00f6pbandet Evolve HT-500-TFT \u00e4r utformat f\u00f6r hemmatr\u00e4ningsentusiaster och erbjuder robust prestanda med en 5,0 hk AC-motor, en 18,5&#8243; TFT-peksk\u00e4rm och olika inbyggda tr\u00e4ningsprogram.<\/p>\n<\/div>\n\n\n\n<div class=\"wp-block-column is-vertically-aligned-center is-layout-flow wp-block-column-is-layout-flow\">\n<figure class=\"wp-block-video\"><video height=\"2160\" style=\"aspect-ratio: 3840 \/ 2160;\" width=\"3840\" autoplay=\"\" controls=\"\" loop=\"\" muted=\"\" src=\"https:\/\/evolve-fitness.eu\/wp-content\/uploads\/2024\/06\/6.mp4\"><\/video><\/figure>\n<\/div>\n<\/div>\n\n\n\n<div class=\"wp-block-columns alignwide mobile-reverse is-layout-flex wp-container-core-columns-is-layout-ca64bf2d wp-block-columns-is-layout-flex\" style=\"margin-bottom:var(--wp--preset--spacing--side-padding)\">\n<div class=\"wp-block-column is-vertically-aligned-center is-layout-flow wp-block-column-is-layout-flow\">\n<figure class=\"wp-block-video\"><video height=\"1080\" style=\"aspect-ratio: 1920 \/ 1080;\" width=\"1920\" autoplay=\"\" controls=\"\" loop=\"\" muted=\"\" src=\"https:\/\/evolve-fitness.eu\/wp-content\/uploads\/2024\/07\/EV-HT-500-TFT.mp4\"><\/video><\/figure>\n<\/div>\n\n\n\n<div class=\"wp-block-column is-vertically-aligned-center is-layout-flow wp-block-column-is-layout-flow\">\n<h3 class=\"wp-block-heading\" style=\"margin-bottom:var(--wp--preset--spacing--h-3-bottom)\"><strong><strong><strong>Kraftfull prestanda<\/strong><\/strong><\/strong><\/h3>\n\n\n\n<p>Evolve HT-500-TFT \u00e4r utrustad med en 5,0 hk AC-motor som ger j\u00e4mn och konsekvent kraft. Oavsett om du g\u00e5r eller springer, det omfattande hastighetsomr\u00e5det p\u00e5 1-22 km\/h tillgodoser alla intensitetsniv\u00e5er.<\/p>\n<\/div>\n<\/div>\n\n\n\n<div class=\"wp-block-columns alignwide mobile-reverse is-layout-flex wp-container-core-columns-is-layout-ca64bf2d wp-block-columns-is-layout-flex\" style=\"margin-bottom:var(--wp--preset--spacing--side-padding)\">\n<div class=\"wp-block-column is-vertically-aligned-center is-layout-flow wp-block-column-is-layout-flow\">\n<h3 class=\"wp-block-heading\" style=\"margin-bottom:var(--wp--preset--spacing--h-3-bottom)\"><strong><strong><strong><strong>H\u00e5llbarhet och tillf\u00f6rlitlighet<\/strong><\/strong><\/strong><\/strong><\/h3>\n\n\n\n<p>Evolve HT-500-TFT \u00e4r byggd av h\u00f6gkvalitativa material och garanterar l\u00e5ngsiktig tillf\u00f6rlitlighet och h\u00e5llbarhet vid frekvent anv\u00e4ndning.<\/p>\n<\/div>\n\n\n\n<div class=\"wp-block-column is-vertically-aligned-center is-layout-flow wp-block-column-is-layout-flow\">\n<figure class=\"wp-block-image size-large is-resized\"><img loading=\"lazy\" decoding=\"async\" width=\"1024\" height=\"683\" src=\"https:\/\/evolve-fitness.eu\/wp-content\/uploads\/2024\/01\/EV-HT-500-TFT-Evolve-Treadmill-18-43-9-1024x683.jpg\" alt=\"EV-HT-500-TFT\" class=\"wp-image-136458\" style=\"width:766px;height:auto\" srcset=\"https:\/\/evolve-fitness.eu\/wp-content\/uploads\/2024\/01\/EV-HT-500-TFT-Evolve-Treadmill-18-43-9-1024x683.jpg 1024w, https:\/\/evolve-fitness.eu\/wp-content\/uploads\/2024\/01\/EV-HT-500-TFT-Evolve-Treadmill-18-43-9-300x200.jpg 300w, https:\/\/evolve-fitness.eu\/wp-content\/uploads\/2024\/01\/EV-HT-500-TFT-Evolve-Treadmill-18-43-9-225x150.jpg 225w, https:\/\/evolve-fitness.eu\/wp-content\/uploads\/2024\/01\/EV-HT-500-TFT-Evolve-Treadmill-18-43-9-600x400.jpg 600w, https:\/\/evolve-fitness.eu\/wp-content\/uploads\/2024\/01\/EV-HT-500-TFT-Evolve-Treadmill-18-43-9-150x100.jpg 150w, https:\/\/evolve-fitness.eu\/wp-content\/uploads\/2024\/01\/EV-HT-500-TFT-Evolve-Treadmill-18-43-9-768x512.jpg 768w, https:\/\/evolve-fitness.eu\/wp-content\/uploads\/2024\/01\/EV-HT-500-TFT-Evolve-Treadmill-18-43-9-1536x1024.jpg 1536w, https:\/\/evolve-fitness.eu\/wp-content\/uploads\/2024\/01\/EV-HT-500-TFT-Evolve-Treadmill-18-43-9-2048x1365.jpg 2048w\" sizes=\"auto, (max-width: 1024px) 100vw, 1024px\" \/><\/figure>\n<\/div>\n<\/div>\n\n\n\n<div class=\"wp-block-columns alignwide mobile-reverse is-layout-flex wp-container-core-columns-is-layout-ca64bf2d wp-block-columns-is-layout-flex\" style=\"margin-bottom:var(--wp--preset--spacing--side-padding)\">\n<div class=\"wp-block-column is-vertically-aligned-center is-layout-flow wp-block-column-is-layout-flow\">\n<figure class=\"wp-block-video\"><video height=\"2160\" style=\"aspect-ratio: 3840 \/ 2160;\" width=\"3840\" autoplay=\"\" controls=\"\" loop=\"\" muted=\"\" src=\"https:\/\/evolve-fitness.eu\/wp-content\/uploads\/2024\/06\/5.mp4\"><\/video><\/figure>\n<\/div>\n\n\n\n<div class=\"wp-block-column is-vertically-aligned-center is-layout-flow wp-block-column-is-layout-flow\">\n<h3 class=\"wp-block-heading\" style=\"margin-bottom:var(--wp--preset--spacing--h-3-bottom)\"><strong><strong><strong>Konsol med avancerad peksk\u00e4rm<\/strong><\/strong><\/strong><\/h3>\n\n\n\n<p>Konsolen med 18,5&#8243; TFT-peksk\u00e4rm ger en interaktiv tr\u00e4ningsupplevelse, visar framsteg och erbjuder flera olika tr\u00e4ningsprogram.<\/p>\n<\/div>\n<\/div>\n\n\n\n<div class=\"wp-block-columns alignwide mobile-reverse is-layout-flex wp-container-core-columns-is-layout-ca64bf2d wp-block-columns-is-layout-flex\" style=\"margin-bottom:var(--wp--preset--spacing--side-padding)\">\n<div class=\"wp-block-column is-vertically-aligned-center is-layout-flow wp-block-column-is-layout-flow\">\n<h3 class=\"wp-block-heading\" style=\"margin-bottom:var(--wp--preset--spacing--h-3-bottom)\"><strong><strong>Teknik<\/strong><\/strong><\/h3>\n\n\n\n<p>F\u00f6lj dina framsteg, utforska olika sportl\u00e4gen och v\u00e4lj bland en m\u00e4ngd olika tr\u00e4ningsprogram som \u00e4r skr\u00e4ddarsydda f\u00f6r dina m\u00e5l. Med MP3\/USB-gr\u00e4nssnittet blir tr\u00e4ningen \u00e4nnu mer njutbar. Lyssna p\u00e5 dina favoritl\u00e5tar eller podcasts medan du tr\u00e4nar.<\/p>\n<\/div>\n\n\n\n<div class=\"wp-block-column is-vertically-aligned-center is-layout-flow wp-block-column-is-layout-flow\">\n<figure class=\"wp-block-image size-full\"><img loading=\"lazy\" decoding=\"async\" width=\"2060\" height=\"1159\" src=\"https:\/\/evolve-fitness.eu\/wp-content\/uploads\/2024\/01\/EV-HT-500-TFT-4-1.jpg\" alt=\"\" class=\"wp-image-150386\" srcset=\"https:\/\/evolve-fitness.eu\/wp-content\/uploads\/2024\/01\/EV-HT-500-TFT-4-1.jpg 2060w, https:\/\/evolve-fitness.eu\/wp-content\/uploads\/2024\/01\/EV-HT-500-TFT-4-1-300x169.jpg 300w, https:\/\/evolve-fitness.eu\/wp-content\/uploads\/2024\/01\/EV-HT-500-TFT-4-1-267x150.jpg 267w, https:\/\/evolve-fitness.eu\/wp-content\/uploads\/2024\/01\/EV-HT-500-TFT-4-1-600x338.jpg 600w, https:\/\/evolve-fitness.eu\/wp-content\/uploads\/2024\/01\/EV-HT-500-TFT-4-1-1024x576.jpg 1024w, https:\/\/evolve-fitness.eu\/wp-content\/uploads\/2024\/01\/EV-HT-500-TFT-4-1-150x84.jpg 150w, https:\/\/evolve-fitness.eu\/wp-content\/uploads\/2024\/01\/EV-HT-500-TFT-4-1-768x432.jpg 768w, https:\/\/evolve-fitness.eu\/wp-content\/uploads\/2024\/01\/EV-HT-500-TFT-4-1-1536x864.jpg 1536w, https:\/\/evolve-fitness.eu\/wp-content\/uploads\/2024\/01\/EV-HT-500-TFT-4-1-2048x1152.jpg 2048w\" sizes=\"auto, (max-width: 2060px) 100vw, 2060px\" \/><\/figure>\n<\/div>\n<\/div>\n\n\n\n<div class=\"wp-block-columns alignwide is-layout-flex wp-container-core-columns-is-layout-c45ee707 wp-block-columns-is-layout-flex\" style=\"margin-bottom:var(--wp--preset--spacing--side-padding);padding-top:var(--wp--preset--spacing--side-padding)\">\n<div class=\"wp-block-column is-vertically-aligned-center is-layout-flow wp-block-column-is-layout-flow\">\n<figure class=\"wp-block-image size-large\"><img loading=\"lazy\" decoding=\"async\" width=\"1024\" height=\"683\" src=\"https:\/\/evolve-fitness.eu\/wp-content\/uploads\/2024\/06\/EV-HT-500-TFT-Evolve-Treadmill-18-43-2-1024x683.jpg\" alt=\"\" class=\"wp-image-132417\" srcset=\"https:\/\/evolve-fitness.eu\/wp-content\/uploads\/2024\/06\/EV-HT-500-TFT-Evolve-Treadmill-18-43-2-1024x683.jpg 1024w, https:\/\/evolve-fitness.eu\/wp-content\/uploads\/2024\/06\/EV-HT-500-TFT-Evolve-Treadmill-18-43-2-300x200.jpg 300w, https:\/\/evolve-fitness.eu\/wp-content\/uploads\/2024\/06\/EV-HT-500-TFT-Evolve-Treadmill-18-43-2-225x150.jpg 225w, https:\/\/evolve-fitness.eu\/wp-content\/uploads\/2024\/06\/EV-HT-500-TFT-Evolve-Treadmill-18-43-2-600x400.jpg 600w, https:\/\/evolve-fitness.eu\/wp-content\/uploads\/2024\/06\/EV-HT-500-TFT-Evolve-Treadmill-18-43-2-150x100.jpg 150w, https:\/\/evolve-fitness.eu\/wp-content\/uploads\/2024\/06\/EV-HT-500-TFT-Evolve-Treadmill-18-43-2-768x512.jpg 768w, https:\/\/evolve-fitness.eu\/wp-content\/uploads\/2024\/06\/EV-HT-500-TFT-Evolve-Treadmill-18-43-2-1536x1024.jpg 1536w, https:\/\/evolve-fitness.eu\/wp-content\/uploads\/2024\/06\/EV-HT-500-TFT-Evolve-Treadmill-18-43-2-2048x1365.jpg 2048w\" sizes=\"auto, (max-width: 1024px) 100vw, 1024px\" \/><\/figure>\n<\/div>\n\n\n\n<div class=\"wp-block-column is-vertically-aligned-center is-layout-flow wp-block-column-is-layout-flow\">\n<h3 class=\"wp-block-heading\" style=\"margin-bottom:var(--wp--preset--spacing--h-3-bottom)\"><strong><strong><strong>Anv\u00e4ndarv\u00e4nlig design<\/strong><\/strong><\/strong><\/h3>\n\n\n\n<p>L\u00f6pbandets anv\u00e4ndarv\u00e4nliga design, inklusive den l\u00e4ttnavigerade konsolen och den robusta konstruktionen, g\u00f6r det till ett utm\u00e4rkt komplement till alla hemmagym.<\/p>\n<\/div>\n<\/div>\n\n\n\n<div class=\"wp-block-columns alignwide is-layout-flex wp-container-core-columns-is-layout-c45ee707 wp-block-columns-is-layout-flex\" style=\"margin-bottom:var(--wp--preset--spacing--side-padding);padding-top:var(--wp--preset--spacing--side-padding)\">\n<div class=\"wp-block-column is-vertically-aligned-center is-layout-flow wp-block-column-is-layout-flow\">\n<h3 class=\"wp-block-heading\" style=\"margin-bottom:var(--wp--preset--spacing--h-3-bottom)\"><strong><strong><strong>Komfort och s\u00e4kerhet<\/strong><\/strong><\/strong><\/h3>\n\n\n\n<p>Med en viktkapacitet p\u00e5 150 kg \u00e4r Evolve HT-500-TFT byggd f\u00f6r att passa ett brett spektrum av anv\u00e4ndare. Den rymliga l\u00f6pytan ger en bekv\u00e4m och s\u00e4ker tr\u00e4ningsupplevelse.<\/p>\n<\/div>\n\n\n\n<div class=\"wp-block-column is-vertically-aligned-center is-layout-flow wp-block-column-is-layout-flow\">\n<figure class=\"wp-block-image size-full\"><img loading=\"lazy\" decoding=\"async\" width=\"1080\" height=\"1080\" src=\"https:\/\/evolve-fitness.eu\/wp-content\/uploads\/2024\/06\/1.png\" alt=\"\" class=\"wp-image-142384\" srcset=\"https:\/\/evolve-fitness.eu\/wp-content\/uploads\/2024\/06\/1.png 1080w, https:\/\/evolve-fitness.eu\/wp-content\/uploads\/2024\/06\/1-300x300.png 300w, https:\/\/evolve-fitness.eu\/wp-content\/uploads\/2024\/06\/1-150x150.png 150w, https:\/\/evolve-fitness.eu\/wp-content\/uploads\/2024\/06\/1-600x600.png 600w, https:\/\/evolve-fitness.eu\/wp-content\/uploads\/2024\/06\/1-1024x1024.png 1024w, https:\/\/evolve-fitness.eu\/wp-content\/uploads\/2024\/06\/1-768x768.png 768w\" sizes=\"auto, (max-width: 1080px) 100vw, 1080px\" \/><\/figure>\n<\/div>\n<\/div>\n\n\n\n<div class=\"wp-block-columns alignwide is-layout-flex wp-container-core-columns-is-layout-c45ee707 wp-block-columns-is-layout-flex\" style=\"margin-bottom:var(--wp--preset--spacing--side-padding);padding-top:var(--wp--preset--spacing--side-padding)\">\n<div class=\"wp-block-column is-vertically-aligned-center is-layout-flow wp-block-column-is-layout-flow\">\n<figure class=\"wp-block-image size-large\"><img loading=\"lazy\" decoding=\"async\" width=\"1024\" height=\"683\" src=\"https:\/\/evolve-fitness.eu\/wp-content\/uploads\/2024\/06\/VIRTUAL-1024x683.png\" alt=\"\" class=\"wp-image-142410\" srcset=\"https:\/\/evolve-fitness.eu\/wp-content\/uploads\/2024\/06\/VIRTUAL-1024x683.png 1024w, https:\/\/evolve-fitness.eu\/wp-content\/uploads\/2024\/06\/VIRTUAL-300x200.png 300w, https:\/\/evolve-fitness.eu\/wp-content\/uploads\/2024\/06\/VIRTUAL-225x150.png 225w, https:\/\/evolve-fitness.eu\/wp-content\/uploads\/2024\/06\/VIRTUAL-600x400.png 600w, https:\/\/evolve-fitness.eu\/wp-content\/uploads\/2024\/06\/VIRTUAL-150x100.png 150w, https:\/\/evolve-fitness.eu\/wp-content\/uploads\/2024\/06\/VIRTUAL-768x512.png 768w, https:\/\/evolve-fitness.eu\/wp-content\/uploads\/2024\/06\/VIRTUAL-1536x1024.png 1536w, https:\/\/evolve-fitness.eu\/wp-content\/uploads\/2024\/06\/VIRTUAL-2048x1365.png 2048w\" sizes=\"auto, (max-width: 1024px) 100vw, 1024px\" \/><\/figure>\n<\/div>\n\n\n\n<div class=\"wp-block-column is-vertically-aligned-center is-layout-flow wp-block-column-is-layout-flow\">\n<h3 class=\"wp-block-heading\" style=\"margin-bottom:var(--wp--preset--spacing--h-3-bottom)\"><strong><strong><strong><strong>INTERAKTIV UTBILDNING<\/strong><\/strong><\/strong><\/strong><\/h3>\n\n\n\n<p>F\u00e5 ut mer av dina tr\u00e4ningspass med integrerad tillg\u00e5ng till virtuella utmaningar och spring i simulerade milj\u00f6er, riktiga rutter fr\u00e5n hela v\u00e4rlden. Virtuella tr\u00e4ningspass ger en verklighetstrogen l\u00f6parupplevelse i hemmet eller p\u00e5 gymmet.<\/p>\n<\/div>\n<\/div>\n<\/section>\n","protected":false},"excerpt":{"rendered":"<p>Det motoriserade l\u00f6pbandet Evolve HT-500-TFT f\u00f6r\u00e4ndrar spelreglerna f\u00f6r hemtr\u00e4ning. Detta l\u00f6pband \u00e4r utformat f\u00f6r att uppfylla behoven hos b\u00e5de nyb\u00f6rjare och erfarna idrottare, och kombinerar robust konstruktion med anv\u00e4ndarv\u00e4nliga funktioner. Oavsett om du vill g\u00e5 ner i vikt, f\u00f6rb\u00e4ttra din kardiovaskul\u00e4ra h\u00e4lsa eller bara h\u00e5lla dig aktiv, \u00e4r l\u00f6pbandet Evolve HT-500-TFT din perfekta partner. Dess blandning av prestanda, teknik och h\u00e5llbarhet g\u00f6r den till ett perfekt val f\u00f6r en full\u00e4ndad tr\u00e4ningsupplevelse i hemmet. B\u00f6rja din tr\u00e4ningsresa idag med l\u00f6pbandet Evolve HT-500-TFT &#8211; d\u00e4r varje steg r\u00e4knas mot en friskare kropp!<\/p>\n","protected":false},"featured_media":101223,"template":"","meta":{"_acf_changed":false,"inline_featured_image":false},"product_brand":[],"product_cat":[1934,5622],"product_tag":[1954],"class_list":{"0":"post-228083","1":"product","2":"type-product","3":"status-publish","4":"has-post-thumbnail","6":"product_cat-cardio-utrustning","7":"product_cat-kardioutrustning-for-hemmet","8":"product_tag-konditionsutrustning","10":"first","11":"instock","12":"shipping-taxable","13":"purchasable","14":"product-type-simple"},"acf":{"long_title":"Evolve L\u00f6pband med 18,5'' TFT-konsol (HT-500-TFT)","subtitle":"","specifications":[{"label":"SKU","text_value":"EV-HT-500-TFT","icon":"x"},{"label":"M\u00e5tt och dimensioner","text_value":"1695 x 860 x 1485 mm","icon":"x"},{"label":"AC-motor","text_value":"5,0 HK","icon":"x"},{"label":"Vikt","text_value":"125 kg","icon":"x"},{"label":"Hastighetsomr\u00e5de","text_value":"1-22 km\/h","icon":"x"},{"label":"Konsol","text_value":"LED\/18,5''TFT-peksk\u00e4rm","icon":"x"},{"label":"B\u00e4ltets dimensioner","text_value":"1550 x 560 mm","icon":"x"},{"label":"Max anv\u00e4ndarvikt","text_value":"150 kg","icon":"x"},{"label":"L\u00e4gen och program","text_value":"8 inbyggda sportl\u00e4gen och mer \u00e4n 20 program under varje sportl\u00e4ge","icon":"x"},{"label":"Lutning","text_value":"0-18%","icon":"x"},{"label":"Andra terminer","text_value":"MP3\/USB-gr\u00e4nssnitt, Bluetooth-anslutning till musikenhet","icon":"x"},{"label":"Sm\u00f6rjning","text_value":"Manual","icon":"x"}],"product_frequently_asked_questions":null},"yoast_head":"<!-- This site is optimized with the Yoast SEO plugin v27.4 - https:\/\/yoast.com\/product\/yoast-seo-wordpress\/ -->\n<title>Evolve L\u00f6pband med 18,5&#039;&#039; TFT-konsol (HT-500-TFT) - Evolve<\/title>\n<meta name=\"robots\" content=\"index, follow, max-snippet:-1, max-image-preview:large, max-video-preview:-1\" \/>\n<link rel=\"canonical\" href=\"https:\/\/evolve-fitness.eu\/sv\/produkt\/evolve-lopband-med-185-tft-konsol-ht-500-tft\/\" \/>\n<meta property=\"og:locale\" content=\"sv_SE\" \/>\n<meta property=\"og:type\" content=\"article\" \/>\n<meta property=\"og:title\" content=\"Evolve L\u00f6pband med 18,5&#039;&#039; TFT-konsol (HT-500-TFT) - Evolve\" \/>\n<meta property=\"og:url\" content=\"https:\/\/evolve-fitness.eu\/sv\/produkt\/evolve-lopband-med-185-tft-konsol-ht-500-tft\/\" \/>\n<meta property=\"og:site_name\" content=\"Evolve\" \/>\n<meta property=\"article:publisher\" content=\"https:\/\/www.facebook.com\/EvolveFitnessEurope\" \/>\n<meta property=\"article:modified_time\" content=\"2026-04-07T10:49:46+00:00\" \/>\n<meta property=\"og:image\" content=\"https:\/\/evolve-fitness.eu\/wp-content\/uploads\/2024\/01\/V-HT-500-TFT.png\" \/>\n\t<meta property=\"og:image:width\" content=\"680\" \/>\n\t<meta property=\"og:image:height\" content=\"600\" \/>\n\t<meta property=\"og:image:type\" content=\"image\/png\" \/>\n<meta name=\"twitter:card\" content=\"summary_large_image\" \/>\n<script type=\"application\/ld+json\" class=\"yoast-schema-graph\">{\"@context\":\"https:\\\/\\\/schema.org\",\"@graph\":[{\"@type\":\"WebPage\",\"@id\":\"https:\\\/\\\/evolve-fitness.eu\\\/sv\\\/produkt\\\/evolve-lopband-med-185-tft-konsol-ht-500-tft\\\/\",\"url\":\"https:\\\/\\\/evolve-fitness.eu\\\/sv\\\/produkt\\\/evolve-lopband-med-185-tft-konsol-ht-500-tft\\\/\",\"name\":\"Evolve L\u00f6pband med 18,5'' TFT-konsol (HT-500-TFT) - Evolve\",\"isPartOf\":{\"@id\":\"https:\\\/\\\/evolve-fitness.eu\\\/sv\\\/#website\"},\"primaryImageOfPage\":{\"@id\":\"https:\\\/\\\/evolve-fitness.eu\\\/sv\\\/produkt\\\/evolve-lopband-med-185-tft-konsol-ht-500-tft\\\/#primaryimage\"},\"image\":{\"@id\":\"https:\\\/\\\/evolve-fitness.eu\\\/sv\\\/produkt\\\/evolve-lopband-med-185-tft-konsol-ht-500-tft\\\/#primaryimage\"},\"thumbnailUrl\":\"https:\\\/\\\/evolve-fitness.eu\\\/wp-content\\\/uploads\\\/2024\\\/01\\\/V-HT-500-TFT.png\",\"datePublished\":\"2024-01-10T10:25:49+00:00\",\"dateModified\":\"2026-04-07T10:49:46+00:00\",\"breadcrumb\":{\"@id\":\"https:\\\/\\\/evolve-fitness.eu\\\/sv\\\/produkt\\\/evolve-lopband-med-185-tft-konsol-ht-500-tft\\\/#breadcrumb\"},\"inLanguage\":\"sv-SE\",\"potentialAction\":[{\"@type\":\"ReadAction\",\"target\":[\"https:\\\/\\\/evolve-fitness.eu\\\/sv\\\/produkt\\\/evolve-lopband-med-185-tft-konsol-ht-500-tft\\\/\"]}]},{\"@type\":\"ImageObject\",\"inLanguage\":\"sv-SE\",\"@id\":\"https:\\\/\\\/evolve-fitness.eu\\\/sv\\\/produkt\\\/evolve-lopband-med-185-tft-konsol-ht-500-tft\\\/#primaryimage\",\"url\":\"https:\\\/\\\/evolve-fitness.eu\\\/wp-content\\\/uploads\\\/2024\\\/01\\\/V-HT-500-TFT.png\",\"contentUrl\":\"https:\\\/\\\/evolve-fitness.eu\\\/wp-content\\\/uploads\\\/2024\\\/01\\\/V-HT-500-TFT.png\",\"width\":680,\"height\":600,\"caption\":\"EV-HT-500-TFT\"},{\"@type\":\"BreadcrumbList\",\"@id\":\"https:\\\/\\\/evolve-fitness.eu\\\/sv\\\/produkt\\\/evolve-lopband-med-185-tft-konsol-ht-500-tft\\\/#breadcrumb\",\"itemListElement\":[{\"@type\":\"ListItem\",\"position\":1,\"name\":\"Home\",\"item\":\"https:\\\/\\\/evolve-fitness.eu\\\/sv\\\/\"},{\"@type\":\"ListItem\",\"position\":2,\"name\":\"Produkter\",\"item\":\"https:\\\/\\\/evolve-fitness.eu\\\/sv\\\/shop\\\/\"},{\"@type\":\"ListItem\",\"position\":3,\"name\":\"Evolve L\u00f6pband med 18,5&#8221; TFT-konsol (HT-500-TFT)\"}]},{\"@type\":\"WebSite\",\"@id\":\"https:\\\/\\\/evolve-fitness.eu\\\/sv\\\/#website\",\"url\":\"https:\\\/\\\/evolve-fitness.eu\\\/sv\\\/\",\"name\":\"Evolve\",\"description\":\"Your Evolved Gear Arrived\",\"publisher\":{\"@id\":\"https:\\\/\\\/evolve-fitness.eu\\\/sv\\\/#organization\"},\"potentialAction\":[{\"@type\":\"SearchAction\",\"target\":{\"@type\":\"EntryPoint\",\"urlTemplate\":\"https:\\\/\\\/evolve-fitness.eu\\\/sv\\\/?s={search_term_string}\"},\"query-input\":{\"@type\":\"PropertyValueSpecification\",\"valueRequired\":true,\"valueName\":\"search_term_string\"}}],\"inLanguage\":\"sv-SE\"},{\"@type\":\"Organization\",\"@id\":\"https:\\\/\\\/evolve-fitness.eu\\\/sv\\\/#organization\",\"name\":\"Evolve\",\"url\":\"https:\\\/\\\/evolve-fitness.eu\\\/sv\\\/\",\"logo\":{\"@type\":\"ImageObject\",\"inLanguage\":\"sv-SE\",\"@id\":\"https:\\\/\\\/evolve-fitness.eu\\\/sv\\\/#\\\/schema\\\/logo\\\/image\\\/\",\"url\":\"https:\\\/\\\/evolve-fitness.eu\\\/wp-content\\\/uploads\\\/2023\\\/05\\\/Evolve-logo.svg\",\"contentUrl\":\"https:\\\/\\\/evolve-fitness.eu\\\/wp-content\\\/uploads\\\/2023\\\/05\\\/Evolve-logo.svg\",\"width\":176,\"height\":20,\"caption\":\"Evolve\"},\"image\":{\"@id\":\"https:\\\/\\\/evolve-fitness.eu\\\/sv\\\/#\\\/schema\\\/logo\\\/image\\\/\"},\"sameAs\":[\"https:\\\/\\\/www.facebook.com\\\/EvolveFitnessEurope\"]}]}<\/script>\n<!-- \/ Yoast SEO plugin. -->","yoast_head_json":{"title":"Evolve L\u00f6pband med 18,5'' TFT-konsol (HT-500-TFT) - Evolve","robots":{"index":"index","follow":"follow","max-snippet":"max-snippet:-1","max-image-preview":"max-image-preview:large","max-video-preview":"max-video-preview:-1"},"canonical":"https:\/\/evolve-fitness.eu\/sv\/produkt\/evolve-lopband-med-185-tft-konsol-ht-500-tft\/","og_locale":"sv_SE","og_type":"article","og_title":"Evolve L\u00f6pband med 18,5'' TFT-konsol (HT-500-TFT) - Evolve","og_url":"https:\/\/evolve-fitness.eu\/sv\/produkt\/evolve-lopband-med-185-tft-konsol-ht-500-tft\/","og_site_name":"Evolve","article_publisher":"https:\/\/www.facebook.com\/EvolveFitnessEurope","article_modified_time":"2026-04-07T10:49:46+00:00","og_image":[{"width":680,"height":600,"url":"https:\/\/evolve-fitness.eu\/wp-content\/uploads\/2024\/01\/V-HT-500-TFT.png","type":"image\/png"}],"twitter_card":"summary_large_image","schema":{"@context":"https:\/\/schema.org","@graph":[{"@type":"WebPage","@id":"https:\/\/evolve-fitness.eu\/sv\/produkt\/evolve-lopband-med-185-tft-konsol-ht-500-tft\/","url":"https:\/\/evolve-fitness.eu\/sv\/produkt\/evolve-lopband-med-185-tft-konsol-ht-500-tft\/","name":"Evolve L\u00f6pband med 18,5'' TFT-konsol (HT-500-TFT) - Evolve","isPartOf":{"@id":"https:\/\/evolve-fitness.eu\/sv\/#website"},"primaryImageOfPage":{"@id":"https:\/\/evolve-fitness.eu\/sv\/produkt\/evolve-lopband-med-185-tft-konsol-ht-500-tft\/#primaryimage"},"image":{"@id":"https:\/\/evolve-fitness.eu\/sv\/produkt\/evolve-lopband-med-185-tft-konsol-ht-500-tft\/#primaryimage"},"thumbnailUrl":"https:\/\/evolve-fitness.eu\/wp-content\/uploads\/2024\/01\/V-HT-500-TFT.png","datePublished":"2024-01-10T10:25:49+00:00","dateModified":"2026-04-07T10:49:46+00:00","breadcrumb":{"@id":"https:\/\/evolve-fitness.eu\/sv\/produkt\/evolve-lopband-med-185-tft-konsol-ht-500-tft\/#breadcrumb"},"inLanguage":"sv-SE","potentialAction":[{"@type":"ReadAction","target":["https:\/\/evolve-fitness.eu\/sv\/produkt\/evolve-lopband-med-185-tft-konsol-ht-500-tft\/"]}]},{"@type":"ImageObject","inLanguage":"sv-SE","@id":"https:\/\/evolve-fitness.eu\/sv\/produkt\/evolve-lopband-med-185-tft-konsol-ht-500-tft\/#primaryimage","url":"https:\/\/evolve-fitness.eu\/wp-content\/uploads\/2024\/01\/V-HT-500-TFT.png","contentUrl":"https:\/\/evolve-fitness.eu\/wp-content\/uploads\/2024\/01\/V-HT-500-TFT.png","width":680,"height":600,"caption":"EV-HT-500-TFT"},{"@type":"BreadcrumbList","@id":"https:\/\/evolve-fitness.eu\/sv\/produkt\/evolve-lopband-med-185-tft-konsol-ht-500-tft\/#breadcrumb","itemListElement":[{"@type":"ListItem","position":1,"name":"Home","item":"https:\/\/evolve-fitness.eu\/sv\/"},{"@type":"ListItem","position":2,"name":"Produkter","item":"https:\/\/evolve-fitness.eu\/sv\/shop\/"},{"@type":"ListItem","position":3,"name":"Evolve L\u00f6pband med 18,5&#8221; TFT-konsol (HT-500-TFT)"}]},{"@type":"WebSite","@id":"https:\/\/evolve-fitness.eu\/sv\/#website","url":"https:\/\/evolve-fitness.eu\/sv\/","name":"Evolve","description":"Your Evolved Gear Arrived","publisher":{"@id":"https:\/\/evolve-fitness.eu\/sv\/#organization"},"potentialAction":[{"@type":"SearchAction","target":{"@type":"EntryPoint","urlTemplate":"https:\/\/evolve-fitness.eu\/sv\/?s={search_term_string}"},"query-input":{"@type":"PropertyValueSpecification","valueRequired":true,"valueName":"search_term_string"}}],"inLanguage":"sv-SE"},{"@type":"Organization","@id":"https:\/\/evolve-fitness.eu\/sv\/#organization","name":"Evolve","url":"https:\/\/evolve-fitness.eu\/sv\/","logo":{"@type":"ImageObject","inLanguage":"sv-SE","@id":"https:\/\/evolve-fitness.eu\/sv\/#\/schema\/logo\/image\/","url":"https:\/\/evolve-fitness.eu\/wp-content\/uploads\/2023\/05\/Evolve-logo.svg","contentUrl":"https:\/\/evolve-fitness.eu\/wp-content\/uploads\/2023\/05\/Evolve-logo.svg","width":176,"height":20,"caption":"Evolve"},"image":{"@id":"https:\/\/evolve-fitness.eu\/sv\/#\/schema\/logo\/image\/"},"sameAs":["https:\/\/www.facebook.com\/EvolveFitnessEurope"]}]}},"_links":{"self":[{"href":"https:\/\/evolve-fitness.eu\/sv\/wp-json\/wp\/v2\/product\/228083","targetHints":{"allow":["GET"]}}],"collection":[{"href":"https:\/\/evolve-fitness.eu\/sv\/wp-json\/wp\/v2\/product"}],"about":[{"href":"https:\/\/evolve-fitness.eu\/sv\/wp-json\/wp\/v2\/types\/product"}],"wp:featuredmedia":[{"embeddable":true,"href":"https:\/\/evolve-fitness.eu\/sv\/wp-json\/wp\/v2\/media\/101223"}],"wp:attachment":[{"href":"https:\/\/evolve-fitness.eu\/sv\/wp-json\/wp\/v2\/media?parent=228083"}],"wp:term":[{"taxonomy":"product_brand","embeddable":true,"href":"https:\/\/evolve-fitness.eu\/sv\/wp-json\/wp\/v2\/product_brand?post=228083"},{"taxonomy":"product_cat","embeddable":true,"href":"https:\/\/evolve-fitness.eu\/sv\/wp-json\/wp\/v2\/product_cat?post=228083"},{"taxonomy":"product_tag","embeddable":true,"href":"https:\/\/evolve-fitness.eu\/sv\/wp-json\/wp\/v2\/product_tag?post=228083"}],"curies":[{"name":"wp","href":"https:\/\/api.w.org\/{rel}","templated":true}]}}