{"id":229110,"date":"2025-04-02T06:27:16","date_gmt":"2025-04-02T03:27:16","guid":{"rendered":"https:\/\/evolve-fitness.eu\/product\/evolve-skivstangsstall-i-econ-serien-br-200\/"},"modified":"2026-04-09T15:47:53","modified_gmt":"2026-04-09T12:47:53","slug":"evolve-skivstangsstall-i-econ-serien-br-200","status":"publish","type":"product","link":"https:\/\/evolve-fitness.eu\/sv\/produkt\/evolve-skivstangsstall-i-econ-serien-br-200\/","title":{"rendered":"Evolve skivst\u00e5ngsst\u00e4ll i Econ-serien (BR-200)"},"content":{"rendered":"\n<section class=\"wp-block-group alignfull black-content has-white-color has-darkgray-background-color has-text-color has-background is-layout-constrained wp-block-group-is-layout-constrained\" style=\"padding-top:var(--wp--preset--spacing--section-bottom);padding-bottom:var(--wp--preset--spacing--section-bottom)\">\n<div class=\"wp-block-columns alignwide mobile-reverse is-layout-flex wp-container-core-columns-is-layout-ca64bf2d wp-block-columns-is-layout-flex\" style=\"margin-bottom:var(--wp--preset--spacing--side-padding)\">\n<div class=\"wp-block-column is-vertically-aligned-center is-layout-flow wp-block-column-is-layout-flow\">\n<h3 class=\"wp-block-heading\" style=\"margin-bottom:var(--wp--preset--spacing--h-3-bottom)\"><strong><strong><strong><strong><strong><strong><strong><strong>Professionell skivst\u00e5ngsf\u00f6rvaring f\u00f6r effektiv gymorganisation<\/strong><\/strong><\/strong><\/strong><\/strong><\/strong><\/strong><\/strong><\/h3>\n\n\n\n<p>EV-RS-BR-200 skivst\u00e5ngsst\u00e4ll fr\u00e5n Evolve Econ-serien \u00e4r utformat f\u00f6r att f\u00f6rvara upp till 10 fasta skivst\u00e4nger i ett s\u00e4kert och utrymmeseffektivt vertikalt arrangemang. Oavsett om du utrustar ett kommersiellt gym, en personlig tr\u00e4ningsstudio eller ett tr\u00e4ningsomr\u00e5de i hemmet, s\u00e4kerst\u00e4ller detta st\u00e4ll att dina skivst\u00e4nger alltid \u00e4r inom r\u00e4ckh\u00e5ll samtidigt som du h\u00e5ller tr\u00e4ningsutrymmet rent och organiserat. <\/p>\n<\/div>\n\n\n\n<div class=\"wp-block-column is-vertically-aligned-center is-layout-flow wp-block-column-is-layout-flow\">\n<figure class=\"wp-block-image alignright size-full is-resized is-style-rounded\"><img decoding=\"async\" src=\"https:\/\/store.evolve-fitness.eu\/wp-content\/uploads\/2025\/03\/Dizainas-be-pavadinimo-27-1.png\" alt=\"\" class=\"wp-image-123721\" style=\"object-fit:cover;width:680px;height:600px\"\/><\/figure>\n<\/div>\n<\/div>\n\n\n\n<div class=\"wp-block-columns alignwide is-layout-flex wp-container-core-columns-is-layout-c45ee707 wp-block-columns-is-layout-flex\" style=\"margin-bottom:var(--wp--preset--spacing--side-padding);padding-top:var(--wp--preset--spacing--side-padding)\">\n<div class=\"wp-block-column is-vertically-aligned-center is-layout-flow wp-block-column-is-layout-flow\">\n<figure class=\"wp-block-image size-large\"><img decoding=\"async\" src=\"https:\/\/store.evolve-fitness.eu\/wp-content\/uploads\/2025\/03\/Dizainas-be-pavadinimo-27-2-1024x1024.png\" alt=\"\" class=\"wp-image-123746\"\/><\/figure>\n<\/div>\n\n\n\n<div class=\"wp-block-column is-vertically-aligned-center is-layout-constrained wp-block-column-is-layout-constrained\">\n<h3 class=\"wp-block-heading\" style=\"margin-bottom:var(--wp--preset--spacing--h-3-bottom)\"><strong><strong><strong><strong><strong><strong><strong><strong>Slitstark design med praktiska funktioner<\/strong><\/strong><\/strong><\/strong><\/strong><\/strong><\/strong><\/strong><\/h3>\n\n\n\n<p>EV-RS-BR-200 \u00e4r tillverkad av robust st\u00e5l och belagd med en h\u00f6gkvalitativ pulverfinish och \u00e4r byggd f\u00f6r tung daglig anv\u00e4ndning. Den stabila ramen st\u00f6der b\u00e5de raka skivst\u00e4nger och EZ curl-skivst\u00e4nger, medan de gummikl\u00e4dda h\u00e5llarna skyddar utrustningen och minskar bullret under placeringen. Den breda basen och de halkfria fotplattorna f\u00f6rb\u00e4ttrar den \u00f6vergripande stabiliteten och hj\u00e4lper till att skona golvet.  <\/p>\n<\/div>\n<\/div>\n\n\n\n<p class=\"has-text-align-center has-medium-2-font-size\" style=\"padding-top:var(--wp--preset--spacing--tb-padding);padding-bottom:var(--wp--preset--spacing--tb-padding)\"><\/p>\n<\/section>\n","protected":false},"excerpt":{"rendered":"<p>EV-RS-BR-200 skivst\u00e5ngsst\u00e4ll fr\u00e5n Evolve Econ-serien \u00e4r utformat f\u00f6r att f\u00f6rvara upp till 10 fasta skivst\u00e4nger i ett s\u00e4kert och utrymmeseffektivt vertikalt arrangemang. Oavsett om du utrustar ett kommersiellt gym, en personlig tr\u00e4ningsstudio eller ett tr\u00e4ningsomr\u00e5de i hemmet, s\u00e4kerst\u00e4ller detta st\u00e4ll att dina skivst\u00e4nger alltid \u00e4r inom r\u00e4ckh\u00e5ll samtidigt som du h\u00e5ller tr\u00e4ningsutrymmet rent och organiserat. <\/p>\n","protected":false},"featured_media":190684,"template":"","meta":{"_acf_changed":false,"inline_featured_image":false},"product_brand":[],"product_cat":[1568,2886],"product_tag":[],"class_list":{"0":"post-229110","1":"product","2":"type-product","3":"status-publish","4":"has-post-thumbnail","6":"product_cat-fria-vikter","7":"product_cat-hyllor-och-forvaringslosningar","9":"first","10":"instock","11":"shipping-taxable","12":"purchasable","13":"product-type-simple"},"acf":{"long_title":"Evolve skivst\u00e5ngsst\u00e4ll i Econ-serien (BR-200)","subtitle":"","specifications":[{"label":"SKU","text_value":"EV-RS-BR-200","icon":"x"},{"label":"Maximal belastning","text_value":"600 kg","icon":"v"},{"label":"Garanti","text_value":"2 \u00e5r","icon":"v"}],"product_frequently_asked_questions":null},"yoast_head":"<!-- This site is optimized with the Yoast SEO plugin v27.4 - https:\/\/yoast.com\/product\/yoast-seo-wordpress\/ -->\n<title>Evolve skivst\u00e5ngsst\u00e4ll i Econ-serien (BR-200) - Evolve<\/title>\n<meta name=\"description\" content=\"EV-RS-BR-200 skivst\u00e5ngsst\u00e4ll fr\u00e5n Evolve Econ-serien \u00e4r utformat f\u00f6r att f\u00f6rvara upp till 10 fasta skivst\u00e4nger i ett s\u00e4kert och utrymmeseffektivt vertikalt arrangemang.\" \/>\n<meta name=\"robots\" content=\"index, follow, max-snippet:-1, max-image-preview:large, max-video-preview:-1\" \/>\n<link rel=\"canonical\" href=\"https:\/\/evolve-fitness.eu\/sv\/produkt\/evolve-skivstangsstall-i-econ-serien-br-200\/\" \/>\n<meta property=\"og:locale\" content=\"sv_SE\" \/>\n<meta property=\"og:type\" content=\"article\" \/>\n<meta property=\"og:title\" content=\"Evolve skivst\u00e5ngsst\u00e4ll i Econ-serien (BR-200) - Evolve\" \/>\n<meta property=\"og:description\" content=\"EV-RS-BR-200 skivst\u00e5ngsst\u00e4ll fr\u00e5n Evolve Econ-serien \u00e4r utformat f\u00f6r att f\u00f6rvara upp till 10 fasta skivst\u00e4nger i ett s\u00e4kert och utrymmeseffektivt vertikalt arrangemang.\" \/>\n<meta property=\"og:url\" content=\"https:\/\/evolve-fitness.eu\/sv\/produkt\/evolve-skivstangsstall-i-econ-serien-br-200\/\" \/>\n<meta property=\"og:site_name\" content=\"Evolve\" \/>\n<meta property=\"article:publisher\" content=\"https:\/\/www.facebook.com\/EvolveFitnessEurope\" \/>\n<meta property=\"article:modified_time\" content=\"2026-04-09T12:47:53+00:00\" \/>\n<meta property=\"og:image\" content=\"https:\/\/evolve-fitness.eu\/wp-content\/uploads\/2025\/04\/EV-RS-BR-200-Evolve-Econ-Series-Barbell-Rack.jpg\" \/>\n\t<meta property=\"og:image:width\" content=\"1000\" \/>\n\t<meta property=\"og:image:height\" content=\"1000\" \/>\n\t<meta property=\"og:image:type\" content=\"image\/jpeg\" \/>\n<meta name=\"twitter:card\" content=\"summary_large_image\" \/>\n<script type=\"application\/ld+json\" class=\"yoast-schema-graph\">{\"@context\":\"https:\\\/\\\/schema.org\",\"@graph\":[{\"@type\":\"WebPage\",\"@id\":\"https:\\\/\\\/evolve-fitness.eu\\\/sv\\\/produkt\\\/evolve-skivstangsstall-i-econ-serien-br-200\\\/\",\"url\":\"https:\\\/\\\/evolve-fitness.eu\\\/sv\\\/produkt\\\/evolve-skivstangsstall-i-econ-serien-br-200\\\/\",\"name\":\"Evolve skivst\u00e5ngsst\u00e4ll i Econ-serien (BR-200) - Evolve\",\"isPartOf\":{\"@id\":\"https:\\\/\\\/evolve-fitness.eu\\\/sv\\\/#website\"},\"primaryImageOfPage\":{\"@id\":\"https:\\\/\\\/evolve-fitness.eu\\\/sv\\\/produkt\\\/evolve-skivstangsstall-i-econ-serien-br-200\\\/#primaryimage\"},\"image\":{\"@id\":\"https:\\\/\\\/evolve-fitness.eu\\\/sv\\\/produkt\\\/evolve-skivstangsstall-i-econ-serien-br-200\\\/#primaryimage\"},\"thumbnailUrl\":\"https:\\\/\\\/evolve-fitness.eu\\\/wp-content\\\/uploads\\\/2025\\\/04\\\/EV-RS-BR-200-Evolve-Econ-Series-Barbell-Rack.jpg\",\"datePublished\":\"2025-04-02T03:27:16+00:00\",\"dateModified\":\"2026-04-09T12:47:53+00:00\",\"description\":\"EV-RS-BR-200 skivst\u00e5ngsst\u00e4ll fr\u00e5n Evolve Econ-serien \u00e4r utformat f\u00f6r att f\u00f6rvara upp till 10 fasta skivst\u00e4nger i ett s\u00e4kert och utrymmeseffektivt vertikalt arrangemang.\",\"breadcrumb\":{\"@id\":\"https:\\\/\\\/evolve-fitness.eu\\\/sv\\\/produkt\\\/evolve-skivstangsstall-i-econ-serien-br-200\\\/#breadcrumb\"},\"inLanguage\":\"sv-SE\",\"potentialAction\":[{\"@type\":\"ReadAction\",\"target\":[\"https:\\\/\\\/evolve-fitness.eu\\\/sv\\\/produkt\\\/evolve-skivstangsstall-i-econ-serien-br-200\\\/\"]}]},{\"@type\":\"ImageObject\",\"inLanguage\":\"sv-SE\",\"@id\":\"https:\\\/\\\/evolve-fitness.eu\\\/sv\\\/produkt\\\/evolve-skivstangsstall-i-econ-serien-br-200\\\/#primaryimage\",\"url\":\"https:\\\/\\\/evolve-fitness.eu\\\/wp-content\\\/uploads\\\/2025\\\/04\\\/EV-RS-BR-200-Evolve-Econ-Series-Barbell-Rack.jpg\",\"contentUrl\":\"https:\\\/\\\/evolve-fitness.eu\\\/wp-content\\\/uploads\\\/2025\\\/04\\\/EV-RS-BR-200-Evolve-Econ-Series-Barbell-Rack.jpg\",\"width\":1000,\"height\":1000},{\"@type\":\"BreadcrumbList\",\"@id\":\"https:\\\/\\\/evolve-fitness.eu\\\/sv\\\/produkt\\\/evolve-skivstangsstall-i-econ-serien-br-200\\\/#breadcrumb\",\"itemListElement\":[{\"@type\":\"ListItem\",\"position\":1,\"name\":\"Home\",\"item\":\"https:\\\/\\\/evolve-fitness.eu\\\/sv\\\/\"},{\"@type\":\"ListItem\",\"position\":2,\"name\":\"Produkter\",\"item\":\"https:\\\/\\\/evolve-fitness.eu\\\/sv\\\/shop\\\/\"},{\"@type\":\"ListItem\",\"position\":3,\"name\":\"Evolve skivst\u00e5ngsst\u00e4ll i Econ-serien (BR-200)\"}]},{\"@type\":\"WebSite\",\"@id\":\"https:\\\/\\\/evolve-fitness.eu\\\/sv\\\/#website\",\"url\":\"https:\\\/\\\/evolve-fitness.eu\\\/sv\\\/\",\"name\":\"Evolve\",\"description\":\"Your Evolved Gear Arrived\",\"publisher\":{\"@id\":\"https:\\\/\\\/evolve-fitness.eu\\\/sv\\\/#organization\"},\"potentialAction\":[{\"@type\":\"SearchAction\",\"target\":{\"@type\":\"EntryPoint\",\"urlTemplate\":\"https:\\\/\\\/evolve-fitness.eu\\\/sv\\\/?s={search_term_string}\"},\"query-input\":{\"@type\":\"PropertyValueSpecification\",\"valueRequired\":true,\"valueName\":\"search_term_string\"}}],\"inLanguage\":\"sv-SE\"},{\"@type\":\"Organization\",\"@id\":\"https:\\\/\\\/evolve-fitness.eu\\\/sv\\\/#organization\",\"name\":\"Evolve\",\"url\":\"https:\\\/\\\/evolve-fitness.eu\\\/sv\\\/\",\"logo\":{\"@type\":\"ImageObject\",\"inLanguage\":\"sv-SE\",\"@id\":\"https:\\\/\\\/evolve-fitness.eu\\\/sv\\\/#\\\/schema\\\/logo\\\/image\\\/\",\"url\":\"https:\\\/\\\/evolve-fitness.eu\\\/wp-content\\\/uploads\\\/2023\\\/05\\\/Evolve-logo.svg\",\"contentUrl\":\"https:\\\/\\\/evolve-fitness.eu\\\/wp-content\\\/uploads\\\/2023\\\/05\\\/Evolve-logo.svg\",\"width\":176,\"height\":20,\"caption\":\"Evolve\"},\"image\":{\"@id\":\"https:\\\/\\\/evolve-fitness.eu\\\/sv\\\/#\\\/schema\\\/logo\\\/image\\\/\"},\"sameAs\":[\"https:\\\/\\\/www.facebook.com\\\/EvolveFitnessEurope\"]}]}<\/script>\n<!-- \/ Yoast SEO plugin. -->","yoast_head_json":{"title":"Evolve skivst\u00e5ngsst\u00e4ll i Econ-serien (BR-200) - Evolve","description":"EV-RS-BR-200 skivst\u00e5ngsst\u00e4ll fr\u00e5n Evolve Econ-serien \u00e4r utformat f\u00f6r att f\u00f6rvara upp till 10 fasta skivst\u00e4nger i ett s\u00e4kert och utrymmeseffektivt vertikalt arrangemang.","robots":{"index":"index","follow":"follow","max-snippet":"max-snippet:-1","max-image-preview":"max-image-preview:large","max-video-preview":"max-video-preview:-1"},"canonical":"https:\/\/evolve-fitness.eu\/sv\/produkt\/evolve-skivstangsstall-i-econ-serien-br-200\/","og_locale":"sv_SE","og_type":"article","og_title":"Evolve skivst\u00e5ngsst\u00e4ll i Econ-serien (BR-200) - Evolve","og_description":"EV-RS-BR-200 skivst\u00e5ngsst\u00e4ll fr\u00e5n Evolve Econ-serien \u00e4r utformat f\u00f6r att f\u00f6rvara upp till 10 fasta skivst\u00e4nger i ett s\u00e4kert och utrymmeseffektivt vertikalt arrangemang.","og_url":"https:\/\/evolve-fitness.eu\/sv\/produkt\/evolve-skivstangsstall-i-econ-serien-br-200\/","og_site_name":"Evolve","article_publisher":"https:\/\/www.facebook.com\/EvolveFitnessEurope","article_modified_time":"2026-04-09T12:47:53+00:00","og_image":[{"width":1000,"height":1000,"url":"https:\/\/evolve-fitness.eu\/wp-content\/uploads\/2025\/04\/EV-RS-BR-200-Evolve-Econ-Series-Barbell-Rack.jpg","type":"image\/jpeg"}],"twitter_card":"summary_large_image","schema":{"@context":"https:\/\/schema.org","@graph":[{"@type":"WebPage","@id":"https:\/\/evolve-fitness.eu\/sv\/produkt\/evolve-skivstangsstall-i-econ-serien-br-200\/","url":"https:\/\/evolve-fitness.eu\/sv\/produkt\/evolve-skivstangsstall-i-econ-serien-br-200\/","name":"Evolve skivst\u00e5ngsst\u00e4ll i Econ-serien (BR-200) - Evolve","isPartOf":{"@id":"https:\/\/evolve-fitness.eu\/sv\/#website"},"primaryImageOfPage":{"@id":"https:\/\/evolve-fitness.eu\/sv\/produkt\/evolve-skivstangsstall-i-econ-serien-br-200\/#primaryimage"},"image":{"@id":"https:\/\/evolve-fitness.eu\/sv\/produkt\/evolve-skivstangsstall-i-econ-serien-br-200\/#primaryimage"},"thumbnailUrl":"https:\/\/evolve-fitness.eu\/wp-content\/uploads\/2025\/04\/EV-RS-BR-200-Evolve-Econ-Series-Barbell-Rack.jpg","datePublished":"2025-04-02T03:27:16+00:00","dateModified":"2026-04-09T12:47:53+00:00","description":"EV-RS-BR-200 skivst\u00e5ngsst\u00e4ll fr\u00e5n Evolve Econ-serien \u00e4r utformat f\u00f6r att f\u00f6rvara upp till 10 fasta skivst\u00e4nger i ett s\u00e4kert och utrymmeseffektivt vertikalt arrangemang.","breadcrumb":{"@id":"https:\/\/evolve-fitness.eu\/sv\/produkt\/evolve-skivstangsstall-i-econ-serien-br-200\/#breadcrumb"},"inLanguage":"sv-SE","potentialAction":[{"@type":"ReadAction","target":["https:\/\/evolve-fitness.eu\/sv\/produkt\/evolve-skivstangsstall-i-econ-serien-br-200\/"]}]},{"@type":"ImageObject","inLanguage":"sv-SE","@id":"https:\/\/evolve-fitness.eu\/sv\/produkt\/evolve-skivstangsstall-i-econ-serien-br-200\/#primaryimage","url":"https:\/\/evolve-fitness.eu\/wp-content\/uploads\/2025\/04\/EV-RS-BR-200-Evolve-Econ-Series-Barbell-Rack.jpg","contentUrl":"https:\/\/evolve-fitness.eu\/wp-content\/uploads\/2025\/04\/EV-RS-BR-200-Evolve-Econ-Series-Barbell-Rack.jpg","width":1000,"height":1000},{"@type":"BreadcrumbList","@id":"https:\/\/evolve-fitness.eu\/sv\/produkt\/evolve-skivstangsstall-i-econ-serien-br-200\/#breadcrumb","itemListElement":[{"@type":"ListItem","position":1,"name":"Home","item":"https:\/\/evolve-fitness.eu\/sv\/"},{"@type":"ListItem","position":2,"name":"Produkter","item":"https:\/\/evolve-fitness.eu\/sv\/shop\/"},{"@type":"ListItem","position":3,"name":"Evolve skivst\u00e5ngsst\u00e4ll i Econ-serien (BR-200)"}]},{"@type":"WebSite","@id":"https:\/\/evolve-fitness.eu\/sv\/#website","url":"https:\/\/evolve-fitness.eu\/sv\/","name":"Evolve","description":"Your Evolved Gear Arrived","publisher":{"@id":"https:\/\/evolve-fitness.eu\/sv\/#organization"},"potentialAction":[{"@type":"SearchAction","target":{"@type":"EntryPoint","urlTemplate":"https:\/\/evolve-fitness.eu\/sv\/?s={search_term_string}"},"query-input":{"@type":"PropertyValueSpecification","valueRequired":true,"valueName":"search_term_string"}}],"inLanguage":"sv-SE"},{"@type":"Organization","@id":"https:\/\/evolve-fitness.eu\/sv\/#organization","name":"Evolve","url":"https:\/\/evolve-fitness.eu\/sv\/","logo":{"@type":"ImageObject","inLanguage":"sv-SE","@id":"https:\/\/evolve-fitness.eu\/sv\/#\/schema\/logo\/image\/","url":"https:\/\/evolve-fitness.eu\/wp-content\/uploads\/2023\/05\/Evolve-logo.svg","contentUrl":"https:\/\/evolve-fitness.eu\/wp-content\/uploads\/2023\/05\/Evolve-logo.svg","width":176,"height":20,"caption":"Evolve"},"image":{"@id":"https:\/\/evolve-fitness.eu\/sv\/#\/schema\/logo\/image\/"},"sameAs":["https:\/\/www.facebook.com\/EvolveFitnessEurope"]}]}},"_links":{"self":[{"href":"https:\/\/evolve-fitness.eu\/sv\/wp-json\/wp\/v2\/product\/229110","targetHints":{"allow":["GET"]}}],"collection":[{"href":"https:\/\/evolve-fitness.eu\/sv\/wp-json\/wp\/v2\/product"}],"about":[{"href":"https:\/\/evolve-fitness.eu\/sv\/wp-json\/wp\/v2\/types\/product"}],"wp:featuredmedia":[{"embeddable":true,"href":"https:\/\/evolve-fitness.eu\/sv\/wp-json\/wp\/v2\/media\/190684"}],"wp:attachment":[{"href":"https:\/\/evolve-fitness.eu\/sv\/wp-json\/wp\/v2\/media?parent=229110"}],"wp:term":[{"taxonomy":"product_brand","embeddable":true,"href":"https:\/\/evolve-fitness.eu\/sv\/wp-json\/wp\/v2\/product_brand?post=229110"},{"taxonomy":"product_cat","embeddable":true,"href":"https:\/\/evolve-fitness.eu\/sv\/wp-json\/wp\/v2\/product_cat?post=229110"},{"taxonomy":"product_tag","embeddable":true,"href":"https:\/\/evolve-fitness.eu\/sv\/wp-json\/wp\/v2\/product_tag?post=229110"}],"curies":[{"name":"wp","href":"https:\/\/api.w.org\/{rel}","templated":true}]}}