{"id":23775,"date":"2023-11-14T15:09:47","date_gmt":"2023-11-14T15:09:47","guid":{"rendered":"https:\/\/evolve-fitness.eu\/product\/evolve-hexagon-hantelstall\/"},"modified":"2026-04-13T10:08:08","modified_gmt":"2026-04-13T07:08:08","slug":"evolve-hexagon-hantelstall","status":"publish","type":"product","link":"https:\/\/evolve-fitness.eu\/sv\/produkt\/evolve-hexagon-hantelstall\/","title":{"rendered":"Evolve Hexagon Hantelst\u00e4ll (HR-100)"},"content":{"rendered":"\n<section class=\"wp-block-group alignfull has-lightgray-background-color has-background is-layout-constrained wp-block-group-is-layout-constrained\">\n<div class=\"wp-block-columns alignwide is-layout-flex wp-container-core-columns-is-layout-2edb0647 wp-block-columns-is-layout-flex\" style=\"margin-top:0;margin-bottom:0\">\n<div class=\"wp-block-column is-layout-flow wp-block-column-is-layout-flow\" style=\"flex-basis:33.33%\"><\/div>\n\n\n\n<div class=\"wp-block-column is-layout-flow wp-block-column-is-layout-flow\" style=\"flex-basis:66.66%\"><\/div>\n<\/div>\n<\/section>\n\n<section class=\"wp-block-group alignfull black-content has-white-color has-darkgray-background-color has-text-color has-background is-layout-constrained wp-block-group-is-layout-constrained\" style=\"padding-top:var(--wp--preset--spacing--section-bottom);padding-bottom:var(--wp--preset--spacing--section-bottom)\">\n<div class=\"wp-block-columns alignwide mobile-reverse is-layout-flex wp-container-core-columns-is-layout-ca64bf2d wp-block-columns-is-layout-flex\" style=\"margin-bottom:var(--wp--preset--spacing--side-padding)\">\n<div class=\"wp-block-column is-vertically-aligned-center is-layout-flow wp-block-column-is-layout-flow\">\n<h3 class=\"wp-block-heading\" style=\"margin-bottom:var(--wp--preset--spacing--h-3-bottom)\"><strong><strong><strong>H\u00e5llbar konstruktion f\u00f6r l\u00e5ngvarig anv\u00e4ndning<\/strong><\/strong><\/strong><\/h3>\n\n\n\n<p>Evolve Hexagon Hantelst\u00e4ll \u00e4r tillverkat av kraftig metall, vilket s\u00e4kerst\u00e4ller att det klarar p\u00e5frestningarna i en v\u00e4lanv\u00e4nd gymmilj\u00f6. Stativets ram \u00e4r pulverlackerad, vilket ger en dj\u00e4rv och h\u00e5llbar f\u00e4rg som motst\u00e5r repor och rost. Den robusta konstruktionen garanterar en l\u00e5ng livsl\u00e4ngd, \u00e4ven i de mest kr\u00e4vande milj\u00f6er.  <\/p>\n<\/div>\n\n\n\n<div class=\"wp-block-column is-vertically-aligned-center is-layout-flow wp-block-column-is-layout-flow\">\n<figure class=\"wp-block-image alignright size-full is-resized is-style-rounded\"><img loading=\"lazy\" decoding=\"async\" width=\"680\" height=\"600\" src=\"https:\/\/evolve-fitness.eu\/wp-content\/uploads\/2023\/11\/Evolve-Hexagon-Dumbbell-Rack.-.EV-RS-HR-100.png\" alt=\"\" class=\"wp-image-5936\" style=\"object-fit:cover;width:680px;height:600px\" srcset=\"https:\/\/evolve-fitness.eu\/wp-content\/uploads\/2023\/11\/Evolve-Hexagon-Dumbbell-Rack.-.EV-RS-HR-100.png 680w, https:\/\/evolve-fitness.eu\/wp-content\/uploads\/2023\/11\/Evolve-Hexagon-Dumbbell-Rack.-.EV-RS-HR-100-300x265.png 300w, https:\/\/evolve-fitness.eu\/wp-content\/uploads\/2023\/11\/Evolve-Hexagon-Dumbbell-Rack.-.EV-RS-HR-100-170x150.png 170w, https:\/\/evolve-fitness.eu\/wp-content\/uploads\/2023\/11\/Evolve-Hexagon-Dumbbell-Rack.-.EV-RS-HR-100-600x529.png 600w, https:\/\/evolve-fitness.eu\/wp-content\/uploads\/2023\/11\/Evolve-Hexagon-Dumbbell-Rack.-.EV-RS-HR-100-150x132.png 150w\" sizes=\"auto, (max-width: 680px) 100vw, 680px\" \/><\/figure>\n<\/div>\n<\/div>\n\n\n\n<div class=\"wp-block-columns alignwide is-layout-flex wp-container-core-columns-is-layout-c45ee707 wp-block-columns-is-layout-flex\" style=\"margin-bottom:var(--wp--preset--spacing--side-padding);padding-top:var(--wp--preset--spacing--side-padding)\">\n<div class=\"wp-block-column is-vertically-aligned-center is-layout-flow wp-block-column-is-layout-flow\">\n<figure class=\"wp-block-image size-full is-resized\"><img loading=\"lazy\" decoding=\"async\" width=\"680\" height=\"600\" src=\"https:\/\/evolve-fitness.eu\/wp-content\/uploads\/2023\/11\/Evolve-hex-dumbbells-4-1.png\" alt=\"\" class=\"wp-image-5354\" style=\"object-fit:cover;width:680px;height:600px\" srcset=\"https:\/\/evolve-fitness.eu\/wp-content\/uploads\/2023\/11\/Evolve-hex-dumbbells-4-1.png 680w, https:\/\/evolve-fitness.eu\/wp-content\/uploads\/2023\/11\/Evolve-hex-dumbbells-4-1-300x265.png 300w, https:\/\/evolve-fitness.eu\/wp-content\/uploads\/2023\/11\/Evolve-hex-dumbbells-4-1-170x150.png 170w, https:\/\/evolve-fitness.eu\/wp-content\/uploads\/2023\/11\/Evolve-hex-dumbbells-4-1-600x529.png 600w, https:\/\/evolve-fitness.eu\/wp-content\/uploads\/2023\/11\/Evolve-hex-dumbbells-4-1-150x132.png 150w\" sizes=\"auto, (max-width: 680px) 100vw, 680px\" \/><\/figure>\n<\/div>\n\n\n\n<div class=\"wp-block-column is-vertically-aligned-center is-layout-constrained wp-block-column-is-layout-constrained\">\n<h3 class=\"wp-block-heading\" style=\"margin-bottom:var(--wp--preset--spacing--h-3-bottom)\"><strong><strong>Kompakt och utrymmeseffektiv<\/strong><\/strong><\/h3>\n\n\n\n<p>Evolve Hexagon Hantelst\u00e4ll har tre v\u00e5ningar och rymmer upp till 10 par hantlar samtidigt som det sparar v\u00e4rdefull golvyta. Den kompakta konstruktionen g\u00f6r att hantlarna \u00e4r v\u00e4lorganiserade och l\u00e4tt\u00e5tkomliga, vilket g\u00f6r det enklare f\u00f6r anv\u00e4ndarna att hitta och v\u00e4lja de vikter de beh\u00f6ver. <\/p>\n<\/div>\n<\/div>\n\n\n\n<div class=\"wp-block-columns alignwide is-layout-flex wp-container-core-columns-is-layout-c45ee707 wp-block-columns-is-layout-flex\" style=\"margin-bottom:var(--wp--preset--spacing--side-padding);padding-top:var(--wp--preset--spacing--side-padding)\">\n<div class=\"wp-block-column is-vertically-aligned-center is-layout-constrained wp-block-column-is-layout-constrained\">\n<h3 class=\"wp-block-heading\" style=\"margin-bottom:var(--wp--preset--spacing--h-3-bottom)\"><strong><strong><strong>Funktionell och anv\u00e4ndarv\u00e4nlig design<\/strong><\/strong><\/strong><\/h3>\n\n\n\n<p>Funktionalitet \u00e4r k\u00e4rnan i detta hantelst\u00e4ll. F\u00f6tterna har gummibel\u00e4ggning f\u00f6r att f\u00f6rhindra skador p\u00e5 golvet och s\u00e4kerst\u00e4lla stabilitet. H\u00e5llarna \u00e4r vinklade f\u00f6r enkel placering och borttagning av hantlar, och \u00e4r t\u00e4ckta med ett skyddande material som f\u00f6rhindrar skavning och repor. Denna konstruktion skyddar inte bara dina hantlar utan g\u00f6r det ocks\u00e5 m\u00f6jligt att snabbt och enkelt byta vikt under tr\u00e4ningspasset.   <\/p>\n<\/div>\n\n\n\n<div class=\"wp-block-column is-vertically-aligned-center is-layout-flow wp-block-column-is-layout-flow\">\n<figure class=\"wp-block-image size-full is-style-rounded\"><img loading=\"lazy\" decoding=\"async\" width=\"680\" height=\"600\" src=\"https:\/\/evolve-fitness.eu\/wp-content\/uploads\/2023\/11\/Evolve-Hexagon-Dumbbell-Rack.png\" alt=\"\" class=\"wp-image-5938\" srcset=\"https:\/\/evolve-fitness.eu\/wp-content\/uploads\/2023\/11\/Evolve-Hexagon-Dumbbell-Rack.png 680w, https:\/\/evolve-fitness.eu\/wp-content\/uploads\/2023\/11\/Evolve-Hexagon-Dumbbell-Rack-300x265.png 300w, https:\/\/evolve-fitness.eu\/wp-content\/uploads\/2023\/11\/Evolve-Hexagon-Dumbbell-Rack-170x150.png 170w, https:\/\/evolve-fitness.eu\/wp-content\/uploads\/2023\/11\/Evolve-Hexagon-Dumbbell-Rack-600x529.png 600w, https:\/\/evolve-fitness.eu\/wp-content\/uploads\/2023\/11\/Evolve-Hexagon-Dumbbell-Rack-150x132.png 150w\" sizes=\"auto, (max-width: 680px) 100vw, 680px\" \/><\/figure>\n<\/div>\n<\/div>\n\n\n\n<p class=\"has-text-align-center has-montserrat-font-family has-medium-2-font-size\"><strong>Investera i Evolve Hexagon Dumbbell Rack f\u00f6r att h\u00e5lla ditt gym organiserat, skydda din utrustning och f\u00f6rb\u00e4ttra den \u00f6vergripande tr\u00e4ningsupplevelsen. Dess h\u00e5llbarhet, funktionella design och kompakta storlek g\u00f6r den till ett oumb\u00e4rligt tillskott i alla tr\u00e4ningsutrymmen. <\/strong><\/p>\n<\/section>\n","protected":false},"excerpt":{"rendered":"<p>Om du vill organisera och f\u00f6rb\u00e4ttra ditt gymutrymme erbjuder Evolve Hexagon Dumbbell Rack en perfekt blandning av h\u00e5llbarhet, funktionalitet och kompakt design. Oavsett om det g\u00e4ller kommersiella gym, milit\u00e4rbaser, f\u00f6retags h\u00e4lsocenter eller hemmets tr\u00e4ningsrum \u00e4r detta st\u00e4ll en snygg och effektiv l\u00f6sning f\u00f6r f\u00f6rvaring av hantlar. H\u00e4r \u00e4r varf\u00f6r den \u00e4r ett m\u00e5ste f\u00f6r alla fitnessentusiaster och gym\u00e4gare:<\/p>\n","protected":false},"featured_media":23777,"template":"","meta":{"_acf_changed":false,"inline_featured_image":false},"product_brand":[],"product_cat":[1568,2886],"product_tag":[],"class_list":{"0":"post-23775","1":"product","2":"type-product","3":"status-publish","4":"has-post-thumbnail","6":"product_cat-fria-vikter","7":"product_cat-hyllor-och-forvaringslosningar","9":"first","10":"instock","11":"shipping-taxable","12":"purchasable","13":"product-type-simple"},"acf":{"long_title":"Evolve Hexagon Hantelst\u00e4ll (HR-100)","subtitle":"","specifications":[{"label":"SKU","text_value":"EV-RS-HR-100","icon":"x"},{"label":"M\u00e5tt och dimensioner","text_value":"1580 x 620 x 960 mm","icon":"x"},{"label":"Vikt","text_value":"41 kg","icon":"v"},{"label":"Garanti","text_value":"2 \u00e5r","icon":"v"},{"label":"Vinklade vaggor f\u00f6r enkel anv\u00e4ndning","text_value":"","icon":"v"},{"label":"Skyddande gummif\u00f6tter f\u00f6r att skydda golv","text_value":"","icon":"v"},{"label":"Platsbesparande konstruktion i tre plan","text_value":"","icon":"v"},{"label":"H\u00e5llbar, pulverlackerad ram f\u00f6r l\u00e5ng livsl\u00e4ngd","text_value":"","icon":"v"}]},"yoast_head":"<!-- This site is optimized with the Yoast SEO plugin v26.6 - https:\/\/yoast.com\/wordpress\/plugins\/seo\/ -->\n<title>Evolve Hexagon Hantelst\u00e4ll (HR-100) - Evolve<\/title>\n<meta name=\"robots\" content=\"index, follow, max-snippet:-1, max-image-preview:large, max-video-preview:-1\" \/>\n<link rel=\"canonical\" href=\"https:\/\/evolve-fitness.eu\/sv\/produkt\/evolve-hexagon-hantelstall\/\" \/>\n<meta property=\"og:locale\" content=\"sv_SE\" \/>\n<meta property=\"og:type\" content=\"article\" \/>\n<meta property=\"og:title\" content=\"Evolve Hexagon Hantelst\u00e4ll (HR-100) - Evolve\" \/>\n<meta property=\"og:url\" content=\"https:\/\/evolve-fitness.eu\/sv\/produkt\/evolve-hexagon-hantelstall\/\" \/>\n<meta property=\"og:site_name\" content=\"Evolve\" \/>\n<meta property=\"article:publisher\" content=\"https:\/\/www.facebook.com\/EvolveFitnessEurope\" \/>\n<meta property=\"article:modified_time\" content=\"2026-04-13T07:08:08+00:00\" \/>\n<meta property=\"og:image\" content=\"https:\/\/evolve-fitness.eu\/wp-content\/uploads\/2023\/11\/Evolve-Hexagon-Dumbbell-Rack.-.EV-RS-HR-100.png\" \/>\n\t<meta property=\"og:image:width\" content=\"680\" \/>\n\t<meta property=\"og:image:height\" content=\"600\" \/>\n\t<meta property=\"og:image:type\" content=\"image\/png\" \/>\n<meta name=\"twitter:card\" content=\"summary_large_image\" \/>\n<script type=\"application\/ld+json\" class=\"yoast-schema-graph\">{\"@context\":\"https:\/\/schema.org\",\"@graph\":[{\"@type\":\"WebPage\",\"@id\":\"https:\/\/evolve-fitness.eu\/sv\/produkt\/evolve-hexagon-hantelstall\/\",\"url\":\"https:\/\/evolve-fitness.eu\/sv\/produkt\/evolve-hexagon-hantelstall\/\",\"name\":\"Evolve Hexagon Hantelst\u00e4ll (HR-100) - Evolve\",\"isPartOf\":{\"@id\":\"https:\/\/evolve-fitness.eu\/sv\/#website\"},\"primaryImageOfPage\":{\"@id\":\"https:\/\/evolve-fitness.eu\/sv\/produkt\/evolve-hexagon-hantelstall\/#primaryimage\"},\"image\":{\"@id\":\"https:\/\/evolve-fitness.eu\/sv\/produkt\/evolve-hexagon-hantelstall\/#primaryimage\"},\"thumbnailUrl\":\"https:\/\/evolve-fitness.eu\/wp-content\/uploads\/2023\/11\/Evolve-Hexagon-Dumbbell-Rack.-.EV-RS-HR-100.png\",\"datePublished\":\"2023-11-14T15:09:47+00:00\",\"dateModified\":\"2026-04-13T07:08:08+00:00\",\"breadcrumb\":{\"@id\":\"https:\/\/evolve-fitness.eu\/sv\/produkt\/evolve-hexagon-hantelstall\/#breadcrumb\"},\"inLanguage\":\"sv-SE\",\"potentialAction\":[{\"@type\":\"ReadAction\",\"target\":[\"https:\/\/evolve-fitness.eu\/sv\/produkt\/evolve-hexagon-hantelstall\/\"]}]},{\"@type\":\"ImageObject\",\"inLanguage\":\"sv-SE\",\"@id\":\"https:\/\/evolve-fitness.eu\/sv\/produkt\/evolve-hexagon-hantelstall\/#primaryimage\",\"url\":\"https:\/\/evolve-fitness.eu\/wp-content\/uploads\/2023\/11\/Evolve-Hexagon-Dumbbell-Rack.-.EV-RS-HR-100.png\",\"contentUrl\":\"https:\/\/evolve-fitness.eu\/wp-content\/uploads\/2023\/11\/Evolve-Hexagon-Dumbbell-Rack.-.EV-RS-HR-100.png\",\"width\":680,\"height\":600,\"caption\":\"EV-RS-HR-100\"},{\"@type\":\"BreadcrumbList\",\"@id\":\"https:\/\/evolve-fitness.eu\/sv\/produkt\/evolve-hexagon-hantelstall\/#breadcrumb\",\"itemListElement\":[{\"@type\":\"ListItem\",\"position\":1,\"name\":\"Home\",\"item\":\"https:\/\/evolve-fitness.eu\/sv\/\"},{\"@type\":\"ListItem\",\"position\":2,\"name\":\"Produkter\",\"item\":\"https:\/\/evolve-fitness.eu\/sv\/shop\/\"},{\"@type\":\"ListItem\",\"position\":3,\"name\":\"Evolve Hexagon Hantelst\u00e4ll (HR-100)\"}]},{\"@type\":\"WebSite\",\"@id\":\"https:\/\/evolve-fitness.eu\/sv\/#website\",\"url\":\"https:\/\/evolve-fitness.eu\/sv\/\",\"name\":\"Evolve\",\"description\":\"Your Evolved Gear Arrived\",\"publisher\":{\"@id\":\"https:\/\/evolve-fitness.eu\/sv\/#organization\"},\"potentialAction\":[{\"@type\":\"SearchAction\",\"target\":{\"@type\":\"EntryPoint\",\"urlTemplate\":\"https:\/\/evolve-fitness.eu\/sv\/?s={search_term_string}\"},\"query-input\":{\"@type\":\"PropertyValueSpecification\",\"valueRequired\":true,\"valueName\":\"search_term_string\"}}],\"inLanguage\":\"sv-SE\"},{\"@type\":\"Organization\",\"@id\":\"https:\/\/evolve-fitness.eu\/sv\/#organization\",\"name\":\"Evolve\",\"url\":\"https:\/\/evolve-fitness.eu\/sv\/\",\"logo\":{\"@type\":\"ImageObject\",\"inLanguage\":\"sv-SE\",\"@id\":\"https:\/\/evolve-fitness.eu\/sv\/#\/schema\/logo\/image\/\",\"url\":\"https:\/\/evolve-fitness.eu\/wp-content\/uploads\/2023\/05\/Evolve-logo.svg\",\"contentUrl\":\"https:\/\/evolve-fitness.eu\/wp-content\/uploads\/2023\/05\/Evolve-logo.svg\",\"width\":176,\"height\":20,\"caption\":\"Evolve\"},\"image\":{\"@id\":\"https:\/\/evolve-fitness.eu\/sv\/#\/schema\/logo\/image\/\"},\"sameAs\":[\"https:\/\/www.facebook.com\/EvolveFitnessEurope\"]}]}<\/script>\n<!-- \/ Yoast SEO plugin. -->","yoast_head_json":{"title":"Evolve Hexagon Hantelst\u00e4ll (HR-100) - Evolve","robots":{"index":"index","follow":"follow","max-snippet":"max-snippet:-1","max-image-preview":"max-image-preview:large","max-video-preview":"max-video-preview:-1"},"canonical":"https:\/\/evolve-fitness.eu\/sv\/produkt\/evolve-hexagon-hantelstall\/","og_locale":"sv_SE","og_type":"article","og_title":"Evolve Hexagon Hantelst\u00e4ll (HR-100) - Evolve","og_url":"https:\/\/evolve-fitness.eu\/sv\/produkt\/evolve-hexagon-hantelstall\/","og_site_name":"Evolve","article_publisher":"https:\/\/www.facebook.com\/EvolveFitnessEurope","article_modified_time":"2026-04-13T07:08:08+00:00","og_image":[{"width":680,"height":600,"url":"https:\/\/evolve-fitness.eu\/wp-content\/uploads\/2023\/11\/Evolve-Hexagon-Dumbbell-Rack.-.EV-RS-HR-100.png","type":"image\/png"}],"twitter_card":"summary_large_image","schema":{"@context":"https:\/\/schema.org","@graph":[{"@type":"WebPage","@id":"https:\/\/evolve-fitness.eu\/sv\/produkt\/evolve-hexagon-hantelstall\/","url":"https:\/\/evolve-fitness.eu\/sv\/produkt\/evolve-hexagon-hantelstall\/","name":"Evolve Hexagon Hantelst\u00e4ll (HR-100) - Evolve","isPartOf":{"@id":"https:\/\/evolve-fitness.eu\/sv\/#website"},"primaryImageOfPage":{"@id":"https:\/\/evolve-fitness.eu\/sv\/produkt\/evolve-hexagon-hantelstall\/#primaryimage"},"image":{"@id":"https:\/\/evolve-fitness.eu\/sv\/produkt\/evolve-hexagon-hantelstall\/#primaryimage"},"thumbnailUrl":"https:\/\/evolve-fitness.eu\/wp-content\/uploads\/2023\/11\/Evolve-Hexagon-Dumbbell-Rack.-.EV-RS-HR-100.png","datePublished":"2023-11-14T15:09:47+00:00","dateModified":"2026-04-13T07:08:08+00:00","breadcrumb":{"@id":"https:\/\/evolve-fitness.eu\/sv\/produkt\/evolve-hexagon-hantelstall\/#breadcrumb"},"inLanguage":"sv-SE","potentialAction":[{"@type":"ReadAction","target":["https:\/\/evolve-fitness.eu\/sv\/produkt\/evolve-hexagon-hantelstall\/"]}]},{"@type":"ImageObject","inLanguage":"sv-SE","@id":"https:\/\/evolve-fitness.eu\/sv\/produkt\/evolve-hexagon-hantelstall\/#primaryimage","url":"https:\/\/evolve-fitness.eu\/wp-content\/uploads\/2023\/11\/Evolve-Hexagon-Dumbbell-Rack.-.EV-RS-HR-100.png","contentUrl":"https:\/\/evolve-fitness.eu\/wp-content\/uploads\/2023\/11\/Evolve-Hexagon-Dumbbell-Rack.-.EV-RS-HR-100.png","width":680,"height":600,"caption":"EV-RS-HR-100"},{"@type":"BreadcrumbList","@id":"https:\/\/evolve-fitness.eu\/sv\/produkt\/evolve-hexagon-hantelstall\/#breadcrumb","itemListElement":[{"@type":"ListItem","position":1,"name":"Home","item":"https:\/\/evolve-fitness.eu\/sv\/"},{"@type":"ListItem","position":2,"name":"Produkter","item":"https:\/\/evolve-fitness.eu\/sv\/shop\/"},{"@type":"ListItem","position":3,"name":"Evolve Hexagon Hantelst\u00e4ll (HR-100)"}]},{"@type":"WebSite","@id":"https:\/\/evolve-fitness.eu\/sv\/#website","url":"https:\/\/evolve-fitness.eu\/sv\/","name":"Evolve","description":"Your Evolved Gear Arrived","publisher":{"@id":"https:\/\/evolve-fitness.eu\/sv\/#organization"},"potentialAction":[{"@type":"SearchAction","target":{"@type":"EntryPoint","urlTemplate":"https:\/\/evolve-fitness.eu\/sv\/?s={search_term_string}"},"query-input":{"@type":"PropertyValueSpecification","valueRequired":true,"valueName":"search_term_string"}}],"inLanguage":"sv-SE"},{"@type":"Organization","@id":"https:\/\/evolve-fitness.eu\/sv\/#organization","name":"Evolve","url":"https:\/\/evolve-fitness.eu\/sv\/","logo":{"@type":"ImageObject","inLanguage":"sv-SE","@id":"https:\/\/evolve-fitness.eu\/sv\/#\/schema\/logo\/image\/","url":"https:\/\/evolve-fitness.eu\/wp-content\/uploads\/2023\/05\/Evolve-logo.svg","contentUrl":"https:\/\/evolve-fitness.eu\/wp-content\/uploads\/2023\/05\/Evolve-logo.svg","width":176,"height":20,"caption":"Evolve"},"image":{"@id":"https:\/\/evolve-fitness.eu\/sv\/#\/schema\/logo\/image\/"},"sameAs":["https:\/\/www.facebook.com\/EvolveFitnessEurope"]}]}},"_links":{"self":[{"href":"https:\/\/evolve-fitness.eu\/sv\/wp-json\/wp\/v2\/product\/23775","targetHints":{"allow":["GET"]}}],"collection":[{"href":"https:\/\/evolve-fitness.eu\/sv\/wp-json\/wp\/v2\/product"}],"about":[{"href":"https:\/\/evolve-fitness.eu\/sv\/wp-json\/wp\/v2\/types\/product"}],"wp:featuredmedia":[{"embeddable":true,"href":"https:\/\/evolve-fitness.eu\/sv\/wp-json\/wp\/v2\/media\/23777"}],"wp:attachment":[{"href":"https:\/\/evolve-fitness.eu\/sv\/wp-json\/wp\/v2\/media?parent=23775"}],"wp:term":[{"taxonomy":"product_brand","embeddable":true,"href":"https:\/\/evolve-fitness.eu\/sv\/wp-json\/wp\/v2\/product_brand?post=23775"},{"taxonomy":"product_cat","embeddable":true,"href":"https:\/\/evolve-fitness.eu\/sv\/wp-json\/wp\/v2\/product_cat?post=23775"},{"taxonomy":"product_tag","embeddable":true,"href":"https:\/\/evolve-fitness.eu\/sv\/wp-json\/wp\/v2\/product_tag?post=23775"}],"curies":[{"name":"wp","href":"https:\/\/api.w.org\/{rel}","templated":true}]}}