{"id":26881,"date":"2023-12-22T09:18:14","date_gmt":"2023-12-22T09:18:14","guid":{"rendered":"https:\/\/evolve-fitness.eu\/product\/evolve-pelare-for-forvaringssystem-120-190-cm\/"},"modified":"2026-04-08T15:19:02","modified_gmt":"2026-04-08T12:19:02","slug":"evolve-pelare-for-forvaringssystem-120-190-cm","status":"publish","type":"product","link":"https:\/\/evolve-fitness.eu\/sv\/produkt\/evolve-pelare-for-forvaringssystem-120-190-cm\/","title":{"rendered":"Evolve stolpar f\u00f6r f\u00f6rvaringssystem 120 \/ 190 cm (ST-UP)"},"content":{"rendered":"\n<section class=\"wp-block-group alignfull has-lightgray-background-color has-background is-layout-constrained wp-block-group-is-layout-constrained\">\n<div class=\"wp-block-columns alignwide is-layout-flex wp-container-core-columns-is-layout-2edb0647 wp-block-columns-is-layout-flex\" style=\"margin-top:0;margin-bottom:0\">\n<div class=\"wp-block-column is-layout-flow wp-block-column-is-layout-flow\" style=\"flex-basis:33.33%\"><\/div>\n\n\n\n<div class=\"wp-block-column is-layout-flow wp-block-column-is-layout-flow\" style=\"flex-basis:66.66%\"><\/div>\n<\/div>\n<\/section>\n","protected":false},"excerpt":{"rendered":"<p>Optimera ditt f\u00f6rvaringsutrymme med Evolve stolpar f\u00f6r f\u00f6rvaringssystem i 120 cm och 190 cm h\u00f6jd. Dessa robusta och m\u00e5ngsidiga stolpar \u00e4r utformade f\u00f6r att f\u00f6rb\u00e4ttra funktionaliteten i ditt f\u00f6rvaringssystem och ger tillf\u00f6rlitligt st\u00f6d f\u00f6r hyllor och tillbeh\u00f6r. Evolve Uprights \u00e4r tillverkade f\u00f6r h\u00e5llbarhet och erbjuder en s\u00f6ml\u00f6s integrering i din tr\u00e4ningsmilj\u00f6, s\u00e5 att du kan skapa ett v\u00e4lorganiserat och effektivt utrymme f\u00f6r din gymutrustning. F\u00f6rb\u00e4ttra dina f\u00f6rvaringsl\u00f6sningar med Evolve Uprights, utformade f\u00f6r att uppfylla kraven i ett dynamiskt och funktionellt fitnessutrymme.<\/p>\n","protected":false},"featured_media":26893,"template":"","meta":{"_acf_changed":false,"inline_featured_image":false},"product_brand":[],"product_cat":[2903,2904,2916],"product_tag":[],"class_list":{"0":"post-26881","1":"product","2":"type-product","3":"status-publish","4":"has-post-thumbnail","6":"product_cat-korsvis-funktionell","7":"product_cat-komponenter-till-riggen","8":"product_cat-lagring","10":"first","11":"instock","12":"shipping-taxable","13":"purchasable","14":"product-type-variable"},"acf":{"long_title":"  Evolve stolpar f\u00f6r f\u00f6rvaringssystem 120 \/ 190 cm (ST-UP)","subtitle":"","specifications":[{"label":"SKU","text_value":"EV-ST-UP","icon":"x"}]},"yoast_head":"<!-- This site is optimized with the Yoast SEO plugin v27.4 - https:\/\/yoast.com\/product\/yoast-seo-wordpress\/ -->\n<title>Evolve stolpar f\u00f6r f\u00f6rvaringssystem 120 \/ 190 cm (ST-UP) - Evolve<\/title>\n<meta name=\"robots\" content=\"index, follow, max-snippet:-1, max-image-preview:large, max-video-preview:-1\" \/>\n<link rel=\"canonical\" href=\"https:\/\/evolve-fitness.eu\/sv\/produkt\/evolve-pelare-for-forvaringssystem-120-190-cm\/\" \/>\n<meta property=\"og:locale\" content=\"sv_SE\" \/>\n<meta property=\"og:type\" content=\"article\" \/>\n<meta property=\"og:title\" content=\"Evolve stolpar f\u00f6r f\u00f6rvaringssystem 120 \/ 190 cm (ST-UP) - Evolve\" \/>\n<meta property=\"og:url\" content=\"https:\/\/evolve-fitness.eu\/sv\/produkt\/evolve-pelare-for-forvaringssystem-120-190-cm\/\" \/>\n<meta property=\"og:site_name\" content=\"Evolve\" \/>\n<meta property=\"article:publisher\" content=\"https:\/\/www.facebook.com\/EvolveFitnessEurope\" \/>\n<meta property=\"article:modified_time\" content=\"2026-04-08T12:19:02+00:00\" \/>\n<meta property=\"og:image\" content=\"https:\/\/evolve-fitness.eu\/wp-content\/uploads\/2023\/12\/Evolve-Uprights-For-Storage-Systems-120-190-cm-.png\" \/>\n\t<meta property=\"og:image:width\" content=\"680\" \/>\n\t<meta property=\"og:image:height\" content=\"600\" \/>\n\t<meta property=\"og:image:type\" content=\"image\/png\" \/>\n<meta name=\"twitter:card\" content=\"summary_large_image\" \/>\n<script type=\"application\/ld+json\" class=\"yoast-schema-graph\">{\"@context\":\"https:\\\/\\\/schema.org\",\"@graph\":[{\"@type\":\"WebPage\",\"@id\":\"https:\\\/\\\/evolve-fitness.eu\\\/sv\\\/produkt\\\/evolve-pelare-for-forvaringssystem-120-190-cm\\\/\",\"url\":\"https:\\\/\\\/evolve-fitness.eu\\\/sv\\\/produkt\\\/evolve-pelare-for-forvaringssystem-120-190-cm\\\/\",\"name\":\"Evolve stolpar f\u00f6r f\u00f6rvaringssystem 120 \\\/ 190 cm (ST-UP) - Evolve\",\"isPartOf\":{\"@id\":\"https:\\\/\\\/evolve-fitness.eu\\\/sv\\\/#website\"},\"primaryImageOfPage\":{\"@id\":\"https:\\\/\\\/evolve-fitness.eu\\\/sv\\\/produkt\\\/evolve-pelare-for-forvaringssystem-120-190-cm\\\/#primaryimage\"},\"image\":{\"@id\":\"https:\\\/\\\/evolve-fitness.eu\\\/sv\\\/produkt\\\/evolve-pelare-for-forvaringssystem-120-190-cm\\\/#primaryimage\"},\"thumbnailUrl\":\"https:\\\/\\\/evolve-fitness.eu\\\/wp-content\\\/uploads\\\/2023\\\/12\\\/Evolve-Uprights-For-Storage-Systems-120-190-cm-.png\",\"datePublished\":\"2023-12-22T09:18:14+00:00\",\"dateModified\":\"2026-04-08T12:19:02+00:00\",\"breadcrumb\":{\"@id\":\"https:\\\/\\\/evolve-fitness.eu\\\/sv\\\/produkt\\\/evolve-pelare-for-forvaringssystem-120-190-cm\\\/#breadcrumb\"},\"inLanguage\":\"sv-SE\",\"potentialAction\":[{\"@type\":\"ReadAction\",\"target\":[\"https:\\\/\\\/evolve-fitness.eu\\\/sv\\\/produkt\\\/evolve-pelare-for-forvaringssystem-120-190-cm\\\/\"]}]},{\"@type\":\"ImageObject\",\"inLanguage\":\"sv-SE\",\"@id\":\"https:\\\/\\\/evolve-fitness.eu\\\/sv\\\/produkt\\\/evolve-pelare-for-forvaringssystem-120-190-cm\\\/#primaryimage\",\"url\":\"https:\\\/\\\/evolve-fitness.eu\\\/wp-content\\\/uploads\\\/2023\\\/12\\\/Evolve-Uprights-For-Storage-Systems-120-190-cm-.png\",\"contentUrl\":\"https:\\\/\\\/evolve-fitness.eu\\\/wp-content\\\/uploads\\\/2023\\\/12\\\/Evolve-Uprights-For-Storage-Systems-120-190-cm-.png\",\"width\":680,\"height\":600,\"caption\":\"ER-ST-UP\"},{\"@type\":\"BreadcrumbList\",\"@id\":\"https:\\\/\\\/evolve-fitness.eu\\\/sv\\\/produkt\\\/evolve-pelare-for-forvaringssystem-120-190-cm\\\/#breadcrumb\",\"itemListElement\":[{\"@type\":\"ListItem\",\"position\":1,\"name\":\"Home\",\"item\":\"https:\\\/\\\/evolve-fitness.eu\\\/sv\\\/\"},{\"@type\":\"ListItem\",\"position\":2,\"name\":\"Produkter\",\"item\":\"https:\\\/\\\/evolve-fitness.eu\\\/sv\\\/shop\\\/\"},{\"@type\":\"ListItem\",\"position\":3,\"name\":\"Evolve stolpar f\u00f6r f\u00f6rvaringssystem 120 \\\/ 190 cm (ST-UP)\"}]},{\"@type\":\"WebSite\",\"@id\":\"https:\\\/\\\/evolve-fitness.eu\\\/sv\\\/#website\",\"url\":\"https:\\\/\\\/evolve-fitness.eu\\\/sv\\\/\",\"name\":\"Evolve\",\"description\":\"Your Evolved Gear Arrived\",\"publisher\":{\"@id\":\"https:\\\/\\\/evolve-fitness.eu\\\/sv\\\/#organization\"},\"potentialAction\":[{\"@type\":\"SearchAction\",\"target\":{\"@type\":\"EntryPoint\",\"urlTemplate\":\"https:\\\/\\\/evolve-fitness.eu\\\/sv\\\/?s={search_term_string}\"},\"query-input\":{\"@type\":\"PropertyValueSpecification\",\"valueRequired\":true,\"valueName\":\"search_term_string\"}}],\"inLanguage\":\"sv-SE\"},{\"@type\":\"Organization\",\"@id\":\"https:\\\/\\\/evolve-fitness.eu\\\/sv\\\/#organization\",\"name\":\"Evolve\",\"url\":\"https:\\\/\\\/evolve-fitness.eu\\\/sv\\\/\",\"logo\":{\"@type\":\"ImageObject\",\"inLanguage\":\"sv-SE\",\"@id\":\"https:\\\/\\\/evolve-fitness.eu\\\/sv\\\/#\\\/schema\\\/logo\\\/image\\\/\",\"url\":\"https:\\\/\\\/evolve-fitness.eu\\\/wp-content\\\/uploads\\\/2023\\\/05\\\/Evolve-logo.svg\",\"contentUrl\":\"https:\\\/\\\/evolve-fitness.eu\\\/wp-content\\\/uploads\\\/2023\\\/05\\\/Evolve-logo.svg\",\"width\":176,\"height\":20,\"caption\":\"Evolve\"},\"image\":{\"@id\":\"https:\\\/\\\/evolve-fitness.eu\\\/sv\\\/#\\\/schema\\\/logo\\\/image\\\/\"},\"sameAs\":[\"https:\\\/\\\/www.facebook.com\\\/EvolveFitnessEurope\"]}]}<\/script>\n<!-- \/ Yoast SEO plugin. -->","yoast_head_json":{"title":"Evolve stolpar f\u00f6r f\u00f6rvaringssystem 120 \/ 190 cm (ST-UP) - Evolve","robots":{"index":"index","follow":"follow","max-snippet":"max-snippet:-1","max-image-preview":"max-image-preview:large","max-video-preview":"max-video-preview:-1"},"canonical":"https:\/\/evolve-fitness.eu\/sv\/produkt\/evolve-pelare-for-forvaringssystem-120-190-cm\/","og_locale":"sv_SE","og_type":"article","og_title":"Evolve stolpar f\u00f6r f\u00f6rvaringssystem 120 \/ 190 cm (ST-UP) - Evolve","og_url":"https:\/\/evolve-fitness.eu\/sv\/produkt\/evolve-pelare-for-forvaringssystem-120-190-cm\/","og_site_name":"Evolve","article_publisher":"https:\/\/www.facebook.com\/EvolveFitnessEurope","article_modified_time":"2026-04-08T12:19:02+00:00","og_image":[{"width":680,"height":600,"url":"https:\/\/evolve-fitness.eu\/wp-content\/uploads\/2023\/12\/Evolve-Uprights-For-Storage-Systems-120-190-cm-.png","type":"image\/png"}],"twitter_card":"summary_large_image","schema":{"@context":"https:\/\/schema.org","@graph":[{"@type":"WebPage","@id":"https:\/\/evolve-fitness.eu\/sv\/produkt\/evolve-pelare-for-forvaringssystem-120-190-cm\/","url":"https:\/\/evolve-fitness.eu\/sv\/produkt\/evolve-pelare-for-forvaringssystem-120-190-cm\/","name":"Evolve stolpar f\u00f6r f\u00f6rvaringssystem 120 \/ 190 cm (ST-UP) - Evolve","isPartOf":{"@id":"https:\/\/evolve-fitness.eu\/sv\/#website"},"primaryImageOfPage":{"@id":"https:\/\/evolve-fitness.eu\/sv\/produkt\/evolve-pelare-for-forvaringssystem-120-190-cm\/#primaryimage"},"image":{"@id":"https:\/\/evolve-fitness.eu\/sv\/produkt\/evolve-pelare-for-forvaringssystem-120-190-cm\/#primaryimage"},"thumbnailUrl":"https:\/\/evolve-fitness.eu\/wp-content\/uploads\/2023\/12\/Evolve-Uprights-For-Storage-Systems-120-190-cm-.png","datePublished":"2023-12-22T09:18:14+00:00","dateModified":"2026-04-08T12:19:02+00:00","breadcrumb":{"@id":"https:\/\/evolve-fitness.eu\/sv\/produkt\/evolve-pelare-for-forvaringssystem-120-190-cm\/#breadcrumb"},"inLanguage":"sv-SE","potentialAction":[{"@type":"ReadAction","target":["https:\/\/evolve-fitness.eu\/sv\/produkt\/evolve-pelare-for-forvaringssystem-120-190-cm\/"]}]},{"@type":"ImageObject","inLanguage":"sv-SE","@id":"https:\/\/evolve-fitness.eu\/sv\/produkt\/evolve-pelare-for-forvaringssystem-120-190-cm\/#primaryimage","url":"https:\/\/evolve-fitness.eu\/wp-content\/uploads\/2023\/12\/Evolve-Uprights-For-Storage-Systems-120-190-cm-.png","contentUrl":"https:\/\/evolve-fitness.eu\/wp-content\/uploads\/2023\/12\/Evolve-Uprights-For-Storage-Systems-120-190-cm-.png","width":680,"height":600,"caption":"ER-ST-UP"},{"@type":"BreadcrumbList","@id":"https:\/\/evolve-fitness.eu\/sv\/produkt\/evolve-pelare-for-forvaringssystem-120-190-cm\/#breadcrumb","itemListElement":[{"@type":"ListItem","position":1,"name":"Home","item":"https:\/\/evolve-fitness.eu\/sv\/"},{"@type":"ListItem","position":2,"name":"Produkter","item":"https:\/\/evolve-fitness.eu\/sv\/shop\/"},{"@type":"ListItem","position":3,"name":"Evolve stolpar f\u00f6r f\u00f6rvaringssystem 120 \/ 190 cm (ST-UP)"}]},{"@type":"WebSite","@id":"https:\/\/evolve-fitness.eu\/sv\/#website","url":"https:\/\/evolve-fitness.eu\/sv\/","name":"Evolve","description":"Your Evolved Gear Arrived","publisher":{"@id":"https:\/\/evolve-fitness.eu\/sv\/#organization"},"potentialAction":[{"@type":"SearchAction","target":{"@type":"EntryPoint","urlTemplate":"https:\/\/evolve-fitness.eu\/sv\/?s={search_term_string}"},"query-input":{"@type":"PropertyValueSpecification","valueRequired":true,"valueName":"search_term_string"}}],"inLanguage":"sv-SE"},{"@type":"Organization","@id":"https:\/\/evolve-fitness.eu\/sv\/#organization","name":"Evolve","url":"https:\/\/evolve-fitness.eu\/sv\/","logo":{"@type":"ImageObject","inLanguage":"sv-SE","@id":"https:\/\/evolve-fitness.eu\/sv\/#\/schema\/logo\/image\/","url":"https:\/\/evolve-fitness.eu\/wp-content\/uploads\/2023\/05\/Evolve-logo.svg","contentUrl":"https:\/\/evolve-fitness.eu\/wp-content\/uploads\/2023\/05\/Evolve-logo.svg","width":176,"height":20,"caption":"Evolve"},"image":{"@id":"https:\/\/evolve-fitness.eu\/sv\/#\/schema\/logo\/image\/"},"sameAs":["https:\/\/www.facebook.com\/EvolveFitnessEurope"]}]}},"_links":{"self":[{"href":"https:\/\/evolve-fitness.eu\/sv\/wp-json\/wp\/v2\/product\/26881","targetHints":{"allow":["GET"]}}],"collection":[{"href":"https:\/\/evolve-fitness.eu\/sv\/wp-json\/wp\/v2\/product"}],"about":[{"href":"https:\/\/evolve-fitness.eu\/sv\/wp-json\/wp\/v2\/types\/product"}],"wp:featuredmedia":[{"embeddable":true,"href":"https:\/\/evolve-fitness.eu\/sv\/wp-json\/wp\/v2\/media\/26893"}],"wp:attachment":[{"href":"https:\/\/evolve-fitness.eu\/sv\/wp-json\/wp\/v2\/media?parent=26881"}],"wp:term":[{"taxonomy":"product_brand","embeddable":true,"href":"https:\/\/evolve-fitness.eu\/sv\/wp-json\/wp\/v2\/product_brand?post=26881"},{"taxonomy":"product_cat","embeddable":true,"href":"https:\/\/evolve-fitness.eu\/sv\/wp-json\/wp\/v2\/product_cat?post=26881"},{"taxonomy":"product_tag","embeddable":true,"href":"https:\/\/evolve-fitness.eu\/sv\/wp-json\/wp\/v2\/product_tag?post=26881"}],"curies":[{"name":"wp","href":"https:\/\/api.w.org\/{rel}","templated":true}]}}