{"id":32181,"date":"2023-08-30T09:24:24","date_gmt":"2023-08-30T09:24:24","guid":{"rendered":"https:\/\/evolve-fitness.eu\/product\/evolve-ultra-series-selekterad-kabel-crossover\/"},"modified":"2026-03-27T06:50:17","modified_gmt":"2026-03-27T04:50:17","slug":"evolve-ultra-series-selekterad-kabel-crossover","status":"publish","type":"product","link":"https:\/\/evolve-fitness.eu\/sv\/produkt\/evolve-ultra-series-selekterad-kabel-crossover\/","title":{"rendered":"Evolve Ultra Series selekterad kabel crossover"},"content":{"rendered":"\n<section class=\"wp-block-group alignfull has-lightgray-background-color has-background is-layout-constrained wp-block-group-is-layout-constrained\">\n<div class=\"wp-block-columns alignwide is-layout-flex wp-container-core-columns-is-layout-2edb0647 wp-block-columns-is-layout-flex\" style=\"margin-top:0;margin-bottom:0\">\n<div class=\"wp-block-column is-layout-flow wp-block-column-is-layout-flow\" style=\"flex-basis:33.33%\"><\/div>\n\n\n\n<div class=\"wp-block-column is-layout-flow wp-block-column-is-layout-flow\" style=\"flex-basis:66.66%\"><\/div>\n<\/div>\n<\/section>\n\n<section class=\"wp-block-group alignfull black-content has-white-color has-darkgray-background-color has-text-color has-background is-layout-constrained wp-block-group-is-layout-constrained\" style=\"padding-top:var(--wp--preset--spacing--section-bottom);padding-bottom:var(--wp--preset--spacing--section-bottom)\">\n<div class=\"wp-block-columns alignwide mobile-reverse is-layout-flex wp-container-core-columns-is-layout-ca64bf2d wp-block-columns-is-layout-flex\" style=\"margin-bottom:var(--wp--preset--spacing--side-padding)\">\n<div class=\"wp-block-column is-vertically-aligned-center is-layout-flow wp-block-column-is-layout-flow\">\n<h3 class=\"wp-block-heading\">V\u00e4lkommen till Ultra-serien<\/h3>\n\n\n\n<p><\/p>\n\n\n\n<p><strong><em>L\u00e4r k\u00e4nna v\u00e5r utrustning i Ultra-serien med toppmodern 3D 360-visning<\/em><\/strong><\/p>\n\n\n\n<p>Evolve Ultra Series Selectorized Cable Crossover, som ing\u00e5r i Evolve Ultra Series, \u00e4r byggd f\u00f6r b\u00e5de komfort och prestanda. Maskinen \u00e4r konstruerad f\u00f6r m\u00e5ngsidig tr\u00e4ning, ergonomiskt st\u00f6d och justeringsm\u00f6jligheter f\u00f6r olika anv\u00e4ndarstorlekar. Designen \u00e4r estetiskt tilltalande med en h\u00e5llbar, pulverlackerad yta, och anv\u00e4ndningen av h\u00f6gkvalitativa kablar s\u00e4kerst\u00e4ller smidig drift.<\/p>\n<\/div>\n\n\n\n<div class=\"wp-block-column is-vertically-aligned-center is-layout-flow wp-block-column-is-layout-flow\">\n<figure class=\"wp-block-video\"><video height=\"720\" style=\"aspect-ratio: 1280 \/ 720;\" width=\"1280\" autoplay=\"\" controls=\"\" loop=\"\" muted=\"\" src=\"https:\/\/evolve-fitness.eu\/wp-content\/uploads\/2023\/08\/Cable-Crossover-Evolve-Ultra-Series-Selectorized.mp4\"><\/video><\/figure>\n<\/div>\n<\/div>\n\n\n\n<div class=\"wp-block-columns alignwide is-layout-flex wp-container-core-columns-is-layout-c45ee707 wp-block-columns-is-layout-flex\" style=\"margin-bottom:var(--wp--preset--spacing--side-padding);padding-top:var(--wp--preset--spacing--side-padding)\">\n<div class=\"wp-block-column is-vertically-aligned-center is-layout-flow wp-block-column-is-layout-flow\">\n<figure class=\"wp-block-image size-large\"><img loading=\"lazy\" decoding=\"async\" width=\"683\" height=\"1024\" src=\"https:\/\/evolve-fitness.eu\/wp-content\/uploads\/2023\/08\/EV-SC-UL-240-14-683x1024.jpg\" alt=\"\" class=\"wp-image-167371\" srcset=\"https:\/\/evolve-fitness.eu\/wp-content\/uploads\/2023\/08\/EV-SC-UL-240-14-683x1024.jpg 683w, https:\/\/evolve-fitness.eu\/wp-content\/uploads\/2023\/08\/EV-SC-UL-240-14-200x300.jpg 200w, https:\/\/evolve-fitness.eu\/wp-content\/uploads\/2023\/08\/EV-SC-UL-240-14-100x150.jpg 100w, https:\/\/evolve-fitness.eu\/wp-content\/uploads\/2023\/08\/EV-SC-UL-240-14-768x1152.jpg 768w, https:\/\/evolve-fitness.eu\/wp-content\/uploads\/2023\/08\/EV-SC-UL-240-14-1024x1536.jpg 1024w, https:\/\/evolve-fitness.eu\/wp-content\/uploads\/2023\/08\/EV-SC-UL-240-14-1365x2048.jpg 1365w, https:\/\/evolve-fitness.eu\/wp-content\/uploads\/2023\/08\/EV-SC-UL-240-14-300x450.jpg 300w, https:\/\/evolve-fitness.eu\/wp-content\/uploads\/2023\/08\/EV-SC-UL-240-14-600x900.jpg 600w, https:\/\/evolve-fitness.eu\/wp-content\/uploads\/2023\/08\/EV-SC-UL-240-14.jpg 1373w\" sizes=\"auto, (max-width: 683px) 100vw, 683px\" \/><\/figure>\n<\/div>\n\n\n\n<div class=\"wp-block-column is-vertically-aligned-center is-layout-flow wp-block-column-is-layout-flow\">\n<h3 class=\"wp-block-heading\"><strong>DUBBELT PULVERLACKERAD<\/strong><\/h3>\n\n\n\n<p><\/p>\n\n\n\n<p><strong><em><strong><em>Elektrostatiskt pulverlackerad<\/em><\/strong><\/em><\/strong><\/p>\n\n\n\n<p style=\"margin-bottom:var(--wp--preset--spacing--tb-section-padding)\">Styrkemaskinerna i Evolve Ultra-serien med en elektrostatiskt pulverlackerad p\u00e4rlsvart matt ram exemplifierar b\u00e5de form och funktion. Dess estetiska tilltal f\u00f6rst\u00e4rks av den svartmatta ytan, medan de praktiska egenskaperna, inklusive friktionsmotst\u00e5nd, korrosionsskydd och repskydd, s\u00e4kerst\u00e4ller att den \u00e4r en p\u00e5litlig och l\u00e5ngvarig tr\u00e4ningskompis.<\/p>\n\n\n\n<h3 class=\"wp-block-heading\" style=\"margin-bottom:var(--wp--preset--spacing--h-3-bottom)\">BEVARA DITT UTRYMME<\/h3>\n\n\n\n<p><strong><em><strong><em>Gummikuddar f\u00f6r golvskydd<\/em><\/strong><\/em><\/strong><\/p>\n\n\n\n<p>Uppr\u00e4tth\u00e5ll en ren och skadefri tr\u00e4ningsmilj\u00f6 med Rubber Pads. Gym\u00e4gare f\u00f6rst\u00e5r vikten av att bevara sina gymgolv. V\u00e5ra gummibelagda ben skyddar golvet mot repor och potentiella skador, vilket g\u00f6r Ultra-serien till valet f\u00f6r gym\u00e4gare som vill skydda sitt utrymme.<\/p>\n<\/div>\n<\/div>\n\n\n\n<div class=\"wp-block-columns alignwide are-vertically-aligned-center mobile-reverse is-layout-flex wp-container-core-columns-is-layout-e8158c2f wp-block-columns-is-layout-flex\" style=\"padding-top:var(--wp--preset--spacing--side-padding)\">\n<div class=\"wp-block-column is-vertically-aligned-center is-layout-flow wp-block-column-is-layout-flow\">\n<h3 class=\"wp-block-heading\" style=\"margin-bottom:var(--wp--preset--spacing--h-3-bottom)\"><strong>Optimala handgrepp<\/strong><\/h3>\n\n\n\n<p><strong><em><strong><em>F\u00f6rh\u00f6jd tr\u00e4ningsupplevelse<\/em><\/strong><\/em><\/strong><\/p>\n\n\n\n<p style=\"margin-bottom:var(--wp--preset--spacing--tb-section-padding)\">Att locka och beh\u00e5lla kunder \u00e4r avg\u00f6rande f\u00f6r gym\u00e4gare och chefer f\u00f6r fitnessanl\u00e4ggningar. Evolve Ultra-serien erbjuder optimala handgrepp, noggrant utformade f\u00f6r komfort och s\u00e4kerhet. F\u00f6rh\u00f6j dina kunders tr\u00e4ningsupplevelse, h\u00e5ll dem engagerade och motiverade att uppn\u00e5 sina tr\u00e4ningsm\u00e5l p\u00e5 din anl\u00e4ggning.<\/p>\n\n\n\n<h3 class=\"wp-block-heading\" style=\"margin-bottom:var(--wp--preset--spacing--h-3-bottom)\">S\u00e4kerhet m\u00f6ter stil<\/h3>\n\n\n\n<p><strong><em>Fullt t\u00e4ckt sk\u00e4rm f\u00f6r viktmagasin<\/em><\/strong><\/p>\n\n\n\n<p>F\u00f6r gym\u00e4gare och fitnessf\u00f6retagare \u00e4r s\u00e4kerhet och estetik av st\u00f6rsta vikt. Evolve Ultra Series har en helt\u00e4ckande Weight Stack Shroud som s\u00f6ml\u00f6st kombinerar s\u00e4kerhet och stil. Genom att f\u00f6rb\u00e4ttra s\u00e4kerheten och f\u00f6rhindra olyckor samtidigt som du h\u00e5ller ditt gym rent, \u00e4r detta skydd ett viktigt tillskott till alla tr\u00e4ningsanl\u00e4ggningar. F\u00f6rh\u00f6j ditt gyms visuella attraktionskraft samtidigt som du prioriterar dina kunders s\u00e4kerhet under varje tr\u00e4ningspass.<\/p>\n<\/div>\n\n\n\n<div class=\"wp-block-column is-vertically-aligned-center is-layout-flow wp-block-column-is-layout-flow\">\n<figure class=\"wp-block-image size-large\"><img loading=\"lazy\" decoding=\"async\" width=\"1024\" height=\"683\" src=\"https:\/\/evolve-fitness.eu\/wp-content\/uploads\/2023\/08\/ev-sc-ul-240-1-1024x683.jpg\" alt=\"\" class=\"wp-image-167346\" srcset=\"https:\/\/evolve-fitness.eu\/wp-content\/uploads\/2023\/08\/ev-sc-ul-240-1-1024x683.jpg 1024w, https:\/\/evolve-fitness.eu\/wp-content\/uploads\/2023\/08\/ev-sc-ul-240-1-300x200.jpg 300w, https:\/\/evolve-fitness.eu\/wp-content\/uploads\/2023\/08\/ev-sc-ul-240-1-150x100.jpg 150w, https:\/\/evolve-fitness.eu\/wp-content\/uploads\/2023\/08\/ev-sc-ul-240-1-768x512.jpg 768w, https:\/\/evolve-fitness.eu\/wp-content\/uploads\/2023\/08\/ev-sc-ul-240-1-1536x1024.jpg 1536w, https:\/\/evolve-fitness.eu\/wp-content\/uploads\/2023\/08\/ev-sc-ul-240-1-2048x1365.jpg 2048w, https:\/\/evolve-fitness.eu\/wp-content\/uploads\/2023\/08\/ev-sc-ul-240-1-600x400.jpg 600w, https:\/\/evolve-fitness.eu\/wp-content\/uploads\/2023\/08\/ev-sc-ul-240-1-225x150.jpg 225w\" sizes=\"auto, (max-width: 1024px) 100vw, 1024px\" \/><\/figure>\n<\/div>\n<\/div>\n<\/section>\n","protected":false},"excerpt":{"rendered":"<p>Upplev o\u00f6vertr\u00e4ffad m\u00e5ngsidighet och komfort med Evolve Ultra Series UL-240 Selectorized Cable Crossover.<br \/>\nLyft ditt gym med denna innovativa maskin med oberoende armr\u00f6relser, vilket optimerar muskelaktivering och symmetri f\u00f6r dynamiska tr\u00e4ningspass.<br \/>\nDet helt t\u00e4ckta viktstacksskyddet garanterar s\u00e4kerhet utan att kompromissa med stilen, medan den unika mattlackerade ytan kombinerar h\u00e5llbarhet och estetik.<br \/>\nMed anv\u00e4ndarv\u00e4nlig enhandsjustering av sitsen och optimala handgrepp skapar denna maskin en exceptionell tr\u00e4ningsupplevelse.   <\/p>\n","protected":false},"featured_media":32208,"template":"","meta":{"_acf_changed":false,"inline_featured_image":false},"product_brand":[],"product_cat":[2823,3858],"product_tag":[],"class_list":{"0":"post-32181","1":"product","2":"type-product","3":"status-publish","4":"has-post-thumbnail","6":"product_cat-selectoriserade-maskiner","7":"product_cat-ultra-series-selectorized-maskiner-sv","9":"first","10":"instock","11":"virtual","12":"purchasable","13":"product-type-simple"},"acf":{"long_title":"Evolve Ultra Series selekterad kabel crossover","subtitle":"","specifications":[{"label":"SKU","text_value":"EV-SC-UL-240","icon":"x"},{"label":"M\u00e5tt och dimensioner","text_value":"3950 x 1301 x 2395 mm","icon":"x"},{"label":"Vikt","text_value":"258 kg","icon":"x"},{"label":"Viktstapel","text_value":"210 kg","icon":"x"},{"label":"Minsta motst\u00e5nd","text_value":"5 kg","icon":"x"},{"label":"Tjocklek p\u00e5 ram","text_value":"3 mm","icon":"x"},{"label":"Magnetisk viktstapelstift","text_value":"","icon":"v"},{"label":"Skylt med utbildningsinstruktion","text_value":"","icon":"v"},{"label":"Inkapslad viktstapel","text_value":"","icon":"v"},{"label":"Slitstarka golvskydd","text_value":"","icon":"v"},{"label":"Korrosionsskyddande f\u00e4rg","text_value":"2 \u00e5r","icon":"v"},{"label":"B\u00e5da delarna \u00e4r f\u00f6rbundna med en tv\u00e4rbalk","text_value":"","icon":"v"},{"label":"Varje station best\u00e5r av f\u00f6ljande komponenter p\u00e5 b\u00e5da sidor - ett h\u00f6j- och s\u00e4nkbart kabelsystem, d\u00e4r varje kabel erbjuder 39 olika h\u00f6jdl\u00e4gen","text_value":"2 \u00e5r","icon":"v"},{"label":"Nylonkabel","text_value":"","icon":"v"},{"label":"Handtag med halkskydd  ","text_value":"","icon":"v"},{"label":"Garanti  ","text_value":"2 \u00e5r","icon":"x"}],"product_frequently_asked_questions":null},"yoast_head":"<!-- This site is optimized with the Yoast SEO plugin v27.4 - https:\/\/yoast.com\/product\/yoast-seo-wordpress\/ -->\n<title>Evolve Ultra Series selekterad kabel crossover - Evolve<\/title>\n<meta name=\"robots\" content=\"index, follow, max-snippet:-1, max-image-preview:large, max-video-preview:-1\" \/>\n<link rel=\"canonical\" href=\"https:\/\/evolve-fitness.eu\/sv\/produkt\/evolve-ultra-series-selekterad-kabel-crossover\/\" \/>\n<meta property=\"og:locale\" content=\"sv_SE\" \/>\n<meta property=\"og:type\" content=\"article\" \/>\n<meta property=\"og:title\" content=\"Evolve Ultra Series selekterad kabel crossover - Evolve\" \/>\n<meta property=\"og:url\" content=\"https:\/\/evolve-fitness.eu\/sv\/produkt\/evolve-ultra-series-selekterad-kabel-crossover\/\" \/>\n<meta property=\"og:site_name\" content=\"Evolve\" \/>\n<meta property=\"article:publisher\" content=\"https:\/\/www.facebook.com\/EvolveFitnessEurope\" \/>\n<meta property=\"article:modified_time\" content=\"2026-03-27T04:50:17+00:00\" \/>\n<meta property=\"og:image\" content=\"https:\/\/evolve-fitness.eu\/wp-content\/uploads\/2023\/08\/EV-SC-UL-240-1.png\" \/>\n\t<meta property=\"og:image:width\" content=\"680\" \/>\n\t<meta property=\"og:image:height\" content=\"600\" \/>\n\t<meta property=\"og:image:type\" content=\"image\/png\" \/>\n<meta name=\"twitter:card\" content=\"summary_large_image\" \/>\n<script type=\"application\/ld+json\" class=\"yoast-schema-graph\">{\"@context\":\"https:\\\/\\\/schema.org\",\"@graph\":[{\"@type\":\"WebPage\",\"@id\":\"https:\\\/\\\/evolve-fitness.eu\\\/sv\\\/produkt\\\/evolve-ultra-series-selekterad-kabel-crossover\\\/\",\"url\":\"https:\\\/\\\/evolve-fitness.eu\\\/sv\\\/produkt\\\/evolve-ultra-series-selekterad-kabel-crossover\\\/\",\"name\":\"Evolve Ultra Series selekterad kabel crossover - Evolve\",\"isPartOf\":{\"@id\":\"https:\\\/\\\/evolve-fitness.eu\\\/sv\\\/#website\"},\"primaryImageOfPage\":{\"@id\":\"https:\\\/\\\/evolve-fitness.eu\\\/sv\\\/produkt\\\/evolve-ultra-series-selekterad-kabel-crossover\\\/#primaryimage\"},\"image\":{\"@id\":\"https:\\\/\\\/evolve-fitness.eu\\\/sv\\\/produkt\\\/evolve-ultra-series-selekterad-kabel-crossover\\\/#primaryimage\"},\"thumbnailUrl\":\"https:\\\/\\\/evolve-fitness.eu\\\/wp-content\\\/uploads\\\/2023\\\/08\\\/EV-SC-UL-240-1.png\",\"datePublished\":\"2023-08-30T09:24:24+00:00\",\"dateModified\":\"2026-03-27T04:50:17+00:00\",\"breadcrumb\":{\"@id\":\"https:\\\/\\\/evolve-fitness.eu\\\/sv\\\/produkt\\\/evolve-ultra-series-selekterad-kabel-crossover\\\/#breadcrumb\"},\"inLanguage\":\"sv-SE\",\"potentialAction\":[{\"@type\":\"ReadAction\",\"target\":[\"https:\\\/\\\/evolve-fitness.eu\\\/sv\\\/produkt\\\/evolve-ultra-series-selekterad-kabel-crossover\\\/\"]}]},{\"@type\":\"ImageObject\",\"inLanguage\":\"sv-SE\",\"@id\":\"https:\\\/\\\/evolve-fitness.eu\\\/sv\\\/produkt\\\/evolve-ultra-series-selekterad-kabel-crossover\\\/#primaryimage\",\"url\":\"https:\\\/\\\/evolve-fitness.eu\\\/wp-content\\\/uploads\\\/2023\\\/08\\\/EV-SC-UL-240-1.png\",\"contentUrl\":\"https:\\\/\\\/evolve-fitness.eu\\\/wp-content\\\/uploads\\\/2023\\\/08\\\/EV-SC-UL-240-1.png\",\"width\":680,\"height\":600},{\"@type\":\"BreadcrumbList\",\"@id\":\"https:\\\/\\\/evolve-fitness.eu\\\/sv\\\/produkt\\\/evolve-ultra-series-selekterad-kabel-crossover\\\/#breadcrumb\",\"itemListElement\":[{\"@type\":\"ListItem\",\"position\":1,\"name\":\"Home\",\"item\":\"https:\\\/\\\/evolve-fitness.eu\\\/sv\\\/\"},{\"@type\":\"ListItem\",\"position\":2,\"name\":\"Produkter\",\"item\":\"https:\\\/\\\/evolve-fitness.eu\\\/sv\\\/shop\\\/\"},{\"@type\":\"ListItem\",\"position\":3,\"name\":\"Evolve Ultra Series selekterad kabel crossover\"}]},{\"@type\":\"WebSite\",\"@id\":\"https:\\\/\\\/evolve-fitness.eu\\\/sv\\\/#website\",\"url\":\"https:\\\/\\\/evolve-fitness.eu\\\/sv\\\/\",\"name\":\"Evolve\",\"description\":\"Your Evolved Gear Arrived\",\"publisher\":{\"@id\":\"https:\\\/\\\/evolve-fitness.eu\\\/sv\\\/#organization\"},\"potentialAction\":[{\"@type\":\"SearchAction\",\"target\":{\"@type\":\"EntryPoint\",\"urlTemplate\":\"https:\\\/\\\/evolve-fitness.eu\\\/sv\\\/?s={search_term_string}\"},\"query-input\":{\"@type\":\"PropertyValueSpecification\",\"valueRequired\":true,\"valueName\":\"search_term_string\"}}],\"inLanguage\":\"sv-SE\"},{\"@type\":\"Organization\",\"@id\":\"https:\\\/\\\/evolve-fitness.eu\\\/sv\\\/#organization\",\"name\":\"Evolve\",\"url\":\"https:\\\/\\\/evolve-fitness.eu\\\/sv\\\/\",\"logo\":{\"@type\":\"ImageObject\",\"inLanguage\":\"sv-SE\",\"@id\":\"https:\\\/\\\/evolve-fitness.eu\\\/sv\\\/#\\\/schema\\\/logo\\\/image\\\/\",\"url\":\"https:\\\/\\\/evolve-fitness.eu\\\/wp-content\\\/uploads\\\/2023\\\/05\\\/Evolve-logo.svg\",\"contentUrl\":\"https:\\\/\\\/evolve-fitness.eu\\\/wp-content\\\/uploads\\\/2023\\\/05\\\/Evolve-logo.svg\",\"width\":176,\"height\":20,\"caption\":\"Evolve\"},\"image\":{\"@id\":\"https:\\\/\\\/evolve-fitness.eu\\\/sv\\\/#\\\/schema\\\/logo\\\/image\\\/\"},\"sameAs\":[\"https:\\\/\\\/www.facebook.com\\\/EvolveFitnessEurope\"]}]}<\/script>\n<!-- \/ Yoast SEO plugin. -->","yoast_head_json":{"title":"Evolve Ultra Series selekterad kabel crossover - Evolve","robots":{"index":"index","follow":"follow","max-snippet":"max-snippet:-1","max-image-preview":"max-image-preview:large","max-video-preview":"max-video-preview:-1"},"canonical":"https:\/\/evolve-fitness.eu\/sv\/produkt\/evolve-ultra-series-selekterad-kabel-crossover\/","og_locale":"sv_SE","og_type":"article","og_title":"Evolve Ultra Series selekterad kabel crossover - Evolve","og_url":"https:\/\/evolve-fitness.eu\/sv\/produkt\/evolve-ultra-series-selekterad-kabel-crossover\/","og_site_name":"Evolve","article_publisher":"https:\/\/www.facebook.com\/EvolveFitnessEurope","article_modified_time":"2026-03-27T04:50:17+00:00","og_image":[{"width":680,"height":600,"url":"https:\/\/evolve-fitness.eu\/wp-content\/uploads\/2023\/08\/EV-SC-UL-240-1.png","type":"image\/png"}],"twitter_card":"summary_large_image","schema":{"@context":"https:\/\/schema.org","@graph":[{"@type":"WebPage","@id":"https:\/\/evolve-fitness.eu\/sv\/produkt\/evolve-ultra-series-selekterad-kabel-crossover\/","url":"https:\/\/evolve-fitness.eu\/sv\/produkt\/evolve-ultra-series-selekterad-kabel-crossover\/","name":"Evolve Ultra Series selekterad kabel crossover - Evolve","isPartOf":{"@id":"https:\/\/evolve-fitness.eu\/sv\/#website"},"primaryImageOfPage":{"@id":"https:\/\/evolve-fitness.eu\/sv\/produkt\/evolve-ultra-series-selekterad-kabel-crossover\/#primaryimage"},"image":{"@id":"https:\/\/evolve-fitness.eu\/sv\/produkt\/evolve-ultra-series-selekterad-kabel-crossover\/#primaryimage"},"thumbnailUrl":"https:\/\/evolve-fitness.eu\/wp-content\/uploads\/2023\/08\/EV-SC-UL-240-1.png","datePublished":"2023-08-30T09:24:24+00:00","dateModified":"2026-03-27T04:50:17+00:00","breadcrumb":{"@id":"https:\/\/evolve-fitness.eu\/sv\/produkt\/evolve-ultra-series-selekterad-kabel-crossover\/#breadcrumb"},"inLanguage":"sv-SE","potentialAction":[{"@type":"ReadAction","target":["https:\/\/evolve-fitness.eu\/sv\/produkt\/evolve-ultra-series-selekterad-kabel-crossover\/"]}]},{"@type":"ImageObject","inLanguage":"sv-SE","@id":"https:\/\/evolve-fitness.eu\/sv\/produkt\/evolve-ultra-series-selekterad-kabel-crossover\/#primaryimage","url":"https:\/\/evolve-fitness.eu\/wp-content\/uploads\/2023\/08\/EV-SC-UL-240-1.png","contentUrl":"https:\/\/evolve-fitness.eu\/wp-content\/uploads\/2023\/08\/EV-SC-UL-240-1.png","width":680,"height":600},{"@type":"BreadcrumbList","@id":"https:\/\/evolve-fitness.eu\/sv\/produkt\/evolve-ultra-series-selekterad-kabel-crossover\/#breadcrumb","itemListElement":[{"@type":"ListItem","position":1,"name":"Home","item":"https:\/\/evolve-fitness.eu\/sv\/"},{"@type":"ListItem","position":2,"name":"Produkter","item":"https:\/\/evolve-fitness.eu\/sv\/shop\/"},{"@type":"ListItem","position":3,"name":"Evolve Ultra Series selekterad kabel crossover"}]},{"@type":"WebSite","@id":"https:\/\/evolve-fitness.eu\/sv\/#website","url":"https:\/\/evolve-fitness.eu\/sv\/","name":"Evolve","description":"Your Evolved Gear Arrived","publisher":{"@id":"https:\/\/evolve-fitness.eu\/sv\/#organization"},"potentialAction":[{"@type":"SearchAction","target":{"@type":"EntryPoint","urlTemplate":"https:\/\/evolve-fitness.eu\/sv\/?s={search_term_string}"},"query-input":{"@type":"PropertyValueSpecification","valueRequired":true,"valueName":"search_term_string"}}],"inLanguage":"sv-SE"},{"@type":"Organization","@id":"https:\/\/evolve-fitness.eu\/sv\/#organization","name":"Evolve","url":"https:\/\/evolve-fitness.eu\/sv\/","logo":{"@type":"ImageObject","inLanguage":"sv-SE","@id":"https:\/\/evolve-fitness.eu\/sv\/#\/schema\/logo\/image\/","url":"https:\/\/evolve-fitness.eu\/wp-content\/uploads\/2023\/05\/Evolve-logo.svg","contentUrl":"https:\/\/evolve-fitness.eu\/wp-content\/uploads\/2023\/05\/Evolve-logo.svg","width":176,"height":20,"caption":"Evolve"},"image":{"@id":"https:\/\/evolve-fitness.eu\/sv\/#\/schema\/logo\/image\/"},"sameAs":["https:\/\/www.facebook.com\/EvolveFitnessEurope"]}]}},"_links":{"self":[{"href":"https:\/\/evolve-fitness.eu\/sv\/wp-json\/wp\/v2\/product\/32181","targetHints":{"allow":["GET"]}}],"collection":[{"href":"https:\/\/evolve-fitness.eu\/sv\/wp-json\/wp\/v2\/product"}],"about":[{"href":"https:\/\/evolve-fitness.eu\/sv\/wp-json\/wp\/v2\/types\/product"}],"wp:featuredmedia":[{"embeddable":true,"href":"https:\/\/evolve-fitness.eu\/sv\/wp-json\/wp\/v2\/media\/32208"}],"wp:attachment":[{"href":"https:\/\/evolve-fitness.eu\/sv\/wp-json\/wp\/v2\/media?parent=32181"}],"wp:term":[{"taxonomy":"product_brand","embeddable":true,"href":"https:\/\/evolve-fitness.eu\/sv\/wp-json\/wp\/v2\/product_brand?post=32181"},{"taxonomy":"product_cat","embeddable":true,"href":"https:\/\/evolve-fitness.eu\/sv\/wp-json\/wp\/v2\/product_cat?post=32181"},{"taxonomy":"product_tag","embeddable":true,"href":"https:\/\/evolve-fitness.eu\/sv\/wp-json\/wp\/v2\/product_tag?post=32181"}],"curies":[{"name":"wp","href":"https:\/\/api.w.org\/{rel}","templated":true}]}}