{"id":33641,"date":"2023-08-31T10:42:23","date_gmt":"2023-08-31T10:42:23","guid":{"rendered":"https:\/\/evolve-fitness.eu\/product\/evolve-ultra-series-pasirenkamasis-pulldown-row\/"},"modified":"2023-08-31T10:42:23","modified_gmt":"2023-08-31T10:42:23","slug":"evolve-ultra-series-pasirenkamasis-pulldown-row","status":"publish","type":"product","link":"https:\/\/evolve-fitness.eu\/sv\/produkt\/evolve-ultra-series-pasirenkamasis-pulldown-row\/","title":{"rendered":"&#8221;Evolve Ultra Series&#8221; pasirenkamasis pulldown \/ Row"},"content":{"rendered":"","protected":false},"excerpt":{"rendered":"<p>Pagerinkite savo sporto sal\u0117s patirt\u012f su &#8221;Evolve Ultra Series&#8221; selektoriniu treniruokliu UL-260. M\u0117gaukit\u0117s nepriklausomais rank\u0173 judesiais dinami\u0161koms treniruot\u0117ms, o u\u017edengtas svori\u0173 kr\u016bvos gaubtas u\u017etikrina saugum\u0105 ir stili\u0173. UL-260 pasi\u017eymi \u012f naudotojo poreikius orientuotomis funkcijomis, pavyzd\u017eiui, s\u0117dyn\u0117s reguliavimu viena ranka ir optimaliomis rankenomis, tod\u0117l jis yra patogus ir efektyvus. Pakeiskite savo treniruokli\u0173 sal\u0119 naudodami \u0161\u012f eleganti\u0161k\u0105, naujovi\u0161k\u0105 treniruokl\u012f.<\/p>\n","protected":false},"featured_media":0,"template":"","meta":{"_acf_changed":false,"inline_featured_image":false},"product_brand":[],"product_cat":[17],"product_tag":[],"class_list":{"0":"post-33641","1":"product","2":"type-product","3":"status-publish","5":"product_cat-be-kategorijos","7":"first","8":"instock","9":"virtual","10":"purchasable","11":"product-type-simple"},"acf":{"long_title":"\"Evolve Ultra Series\" pasirenkamasis pulldown \/ Row","subtitle":"","specifications":[{"label":"SKU","text_value":"EV-SC-UL-260","icon":"x"},{"label":"Svoris","text_value":"152 kg","icon":"x"},{"label":"Garantija  ","text_value":"2 metai","icon":"x"},{"label":"Svorio kr\u016bva","text_value":"122,5 kg","icon":"x"},{"label":"Matmenys","text_value":"1985 x 1475 x 2247 mm","icon":"x"},{"label":"Apsauginiai antikoroziniai da\u017eai","text_value":"","icon":"v"},{"label":"Lentel\u0117 su mokymo instrukcija","text_value":"","icon":"v"},{"label":"Patvarios grind\u0173 apsaugos priemon\u0117s","text_value":"","icon":"v"},{"label":"Apgaubtas svorio kaminas","text_value":"","icon":"v"}]},"yoast_head":"<!-- This site is optimized with the Yoast SEO plugin v27.4 - https:\/\/yoast.com\/product\/yoast-seo-wordpress\/ -->\n<title>&quot;Evolve Ultra Series&quot; pasirenkamasis pulldown \/ Row - Evolve<\/title>\n<meta name=\"robots\" content=\"index, follow, max-snippet:-1, max-image-preview:large, max-video-preview:-1\" \/>\n<link rel=\"canonical\" href=\"https:\/\/evolve-fitness.eu\/sv\/produkt\/evolve-ultra-series-pasirenkamasis-pulldown-row\/\" \/>\n<meta property=\"og:locale\" content=\"sv_SE\" \/>\n<meta property=\"og:type\" content=\"article\" \/>\n<meta property=\"og:title\" content=\"&quot;Evolve Ultra Series&quot; pasirenkamasis pulldown \/ Row - Evolve\" \/>\n<meta property=\"og:url\" content=\"https:\/\/evolve-fitness.eu\/sv\/produkt\/evolve-ultra-series-pasirenkamasis-pulldown-row\/\" \/>\n<meta property=\"og:site_name\" content=\"Evolve\" \/>\n<meta property=\"article:publisher\" content=\"https:\/\/www.facebook.com\/EvolveFitnessEurope\" \/>\n<meta name=\"twitter:card\" content=\"summary_large_image\" \/>\n<script type=\"application\/ld+json\" class=\"yoast-schema-graph\">{\"@context\":\"https:\\\/\\\/schema.org\",\"@graph\":[{\"@type\":\"WebPage\",\"@id\":\"https:\\\/\\\/evolve-fitness.eu\\\/sv\\\/produkt\\\/evolve-ultra-series-pasirenkamasis-pulldown-row\\\/\",\"url\":\"https:\\\/\\\/evolve-fitness.eu\\\/sv\\\/produkt\\\/evolve-ultra-series-pasirenkamasis-pulldown-row\\\/\",\"name\":\"\\\"Evolve Ultra Series\\\" pasirenkamasis pulldown \\\/ Row - Evolve\",\"isPartOf\":{\"@id\":\"https:\\\/\\\/evolve-fitness.eu\\\/sv\\\/#website\"},\"datePublished\":\"2023-08-31T10:42:23+00:00\",\"breadcrumb\":{\"@id\":\"https:\\\/\\\/evolve-fitness.eu\\\/sv\\\/produkt\\\/evolve-ultra-series-pasirenkamasis-pulldown-row\\\/#breadcrumb\"},\"inLanguage\":\"sv-SE\",\"potentialAction\":[{\"@type\":\"ReadAction\",\"target\":[\"https:\\\/\\\/evolve-fitness.eu\\\/sv\\\/produkt\\\/evolve-ultra-series-pasirenkamasis-pulldown-row\\\/\"]}]},{\"@type\":\"BreadcrumbList\",\"@id\":\"https:\\\/\\\/evolve-fitness.eu\\\/sv\\\/produkt\\\/evolve-ultra-series-pasirenkamasis-pulldown-row\\\/#breadcrumb\",\"itemListElement\":[{\"@type\":\"ListItem\",\"position\":1,\"name\":\"Home\",\"item\":\"https:\\\/\\\/evolve-fitness.eu\\\/sv\\\/\"},{\"@type\":\"ListItem\",\"position\":2,\"name\":\"Produkter\",\"item\":\"https:\\\/\\\/evolve-fitness.eu\\\/sv\\\/shop\\\/\"},{\"@type\":\"ListItem\",\"position\":3,\"name\":\"&#171;Evolve Ultra Series&#187; pasirenkamasis pulldown \\\/ Row\"}]},{\"@type\":\"WebSite\",\"@id\":\"https:\\\/\\\/evolve-fitness.eu\\\/sv\\\/#website\",\"url\":\"https:\\\/\\\/evolve-fitness.eu\\\/sv\\\/\",\"name\":\"Evolve\",\"description\":\"Your Evolved Gear Arrived\",\"publisher\":{\"@id\":\"https:\\\/\\\/evolve-fitness.eu\\\/sv\\\/#organization\"},\"potentialAction\":[{\"@type\":\"SearchAction\",\"target\":{\"@type\":\"EntryPoint\",\"urlTemplate\":\"https:\\\/\\\/evolve-fitness.eu\\\/sv\\\/?s={search_term_string}\"},\"query-input\":{\"@type\":\"PropertyValueSpecification\",\"valueRequired\":true,\"valueName\":\"search_term_string\"}}],\"inLanguage\":\"sv-SE\"},{\"@type\":\"Organization\",\"@id\":\"https:\\\/\\\/evolve-fitness.eu\\\/sv\\\/#organization\",\"name\":\"Evolve\",\"url\":\"https:\\\/\\\/evolve-fitness.eu\\\/sv\\\/\",\"logo\":{\"@type\":\"ImageObject\",\"inLanguage\":\"sv-SE\",\"@id\":\"https:\\\/\\\/evolve-fitness.eu\\\/sv\\\/#\\\/schema\\\/logo\\\/image\\\/\",\"url\":\"https:\\\/\\\/evolve-fitness.eu\\\/wp-content\\\/uploads\\\/2023\\\/05\\\/Evolve-logo.svg\",\"contentUrl\":\"https:\\\/\\\/evolve-fitness.eu\\\/wp-content\\\/uploads\\\/2023\\\/05\\\/Evolve-logo.svg\",\"width\":176,\"height\":20,\"caption\":\"Evolve\"},\"image\":{\"@id\":\"https:\\\/\\\/evolve-fitness.eu\\\/sv\\\/#\\\/schema\\\/logo\\\/image\\\/\"},\"sameAs\":[\"https:\\\/\\\/www.facebook.com\\\/EvolveFitnessEurope\"]}]}<\/script>\n<!-- \/ Yoast SEO plugin. -->","yoast_head_json":{"title":"\"Evolve Ultra Series\" pasirenkamasis pulldown \/ Row - Evolve","robots":{"index":"index","follow":"follow","max-snippet":"max-snippet:-1","max-image-preview":"max-image-preview:large","max-video-preview":"max-video-preview:-1"},"canonical":"https:\/\/evolve-fitness.eu\/sv\/produkt\/evolve-ultra-series-pasirenkamasis-pulldown-row\/","og_locale":"sv_SE","og_type":"article","og_title":"\"Evolve Ultra Series\" pasirenkamasis pulldown \/ Row - Evolve","og_url":"https:\/\/evolve-fitness.eu\/sv\/produkt\/evolve-ultra-series-pasirenkamasis-pulldown-row\/","og_site_name":"Evolve","article_publisher":"https:\/\/www.facebook.com\/EvolveFitnessEurope","twitter_card":"summary_large_image","schema":{"@context":"https:\/\/schema.org","@graph":[{"@type":"WebPage","@id":"https:\/\/evolve-fitness.eu\/sv\/produkt\/evolve-ultra-series-pasirenkamasis-pulldown-row\/","url":"https:\/\/evolve-fitness.eu\/sv\/produkt\/evolve-ultra-series-pasirenkamasis-pulldown-row\/","name":"\"Evolve Ultra Series\" pasirenkamasis pulldown \/ Row - Evolve","isPartOf":{"@id":"https:\/\/evolve-fitness.eu\/sv\/#website"},"datePublished":"2023-08-31T10:42:23+00:00","breadcrumb":{"@id":"https:\/\/evolve-fitness.eu\/sv\/produkt\/evolve-ultra-series-pasirenkamasis-pulldown-row\/#breadcrumb"},"inLanguage":"sv-SE","potentialAction":[{"@type":"ReadAction","target":["https:\/\/evolve-fitness.eu\/sv\/produkt\/evolve-ultra-series-pasirenkamasis-pulldown-row\/"]}]},{"@type":"BreadcrumbList","@id":"https:\/\/evolve-fitness.eu\/sv\/produkt\/evolve-ultra-series-pasirenkamasis-pulldown-row\/#breadcrumb","itemListElement":[{"@type":"ListItem","position":1,"name":"Home","item":"https:\/\/evolve-fitness.eu\/sv\/"},{"@type":"ListItem","position":2,"name":"Produkter","item":"https:\/\/evolve-fitness.eu\/sv\/shop\/"},{"@type":"ListItem","position":3,"name":"&#171;Evolve Ultra Series&#187; pasirenkamasis pulldown \/ Row"}]},{"@type":"WebSite","@id":"https:\/\/evolve-fitness.eu\/sv\/#website","url":"https:\/\/evolve-fitness.eu\/sv\/","name":"Evolve","description":"Your Evolved Gear Arrived","publisher":{"@id":"https:\/\/evolve-fitness.eu\/sv\/#organization"},"potentialAction":[{"@type":"SearchAction","target":{"@type":"EntryPoint","urlTemplate":"https:\/\/evolve-fitness.eu\/sv\/?s={search_term_string}"},"query-input":{"@type":"PropertyValueSpecification","valueRequired":true,"valueName":"search_term_string"}}],"inLanguage":"sv-SE"},{"@type":"Organization","@id":"https:\/\/evolve-fitness.eu\/sv\/#organization","name":"Evolve","url":"https:\/\/evolve-fitness.eu\/sv\/","logo":{"@type":"ImageObject","inLanguage":"sv-SE","@id":"https:\/\/evolve-fitness.eu\/sv\/#\/schema\/logo\/image\/","url":"https:\/\/evolve-fitness.eu\/wp-content\/uploads\/2023\/05\/Evolve-logo.svg","contentUrl":"https:\/\/evolve-fitness.eu\/wp-content\/uploads\/2023\/05\/Evolve-logo.svg","width":176,"height":20,"caption":"Evolve"},"image":{"@id":"https:\/\/evolve-fitness.eu\/sv\/#\/schema\/logo\/image\/"},"sameAs":["https:\/\/www.facebook.com\/EvolveFitnessEurope"]}]}},"_links":{"self":[{"href":"https:\/\/evolve-fitness.eu\/sv\/wp-json\/wp\/v2\/product\/33641","targetHints":{"allow":["GET"]}}],"collection":[{"href":"https:\/\/evolve-fitness.eu\/sv\/wp-json\/wp\/v2\/product"}],"about":[{"href":"https:\/\/evolve-fitness.eu\/sv\/wp-json\/wp\/v2\/types\/product"}],"wp:attachment":[{"href":"https:\/\/evolve-fitness.eu\/sv\/wp-json\/wp\/v2\/media?parent=33641"}],"wp:term":[{"taxonomy":"product_brand","embeddable":true,"href":"https:\/\/evolve-fitness.eu\/sv\/wp-json\/wp\/v2\/product_brand?post=33641"},{"taxonomy":"product_cat","embeddable":true,"href":"https:\/\/evolve-fitness.eu\/sv\/wp-json\/wp\/v2\/product_cat?post=33641"},{"taxonomy":"product_tag","embeddable":true,"href":"https:\/\/evolve-fitness.eu\/sv\/wp-json\/wp\/v2\/product_tag?post=33641"}],"curies":[{"name":"wp","href":"https:\/\/api.w.org\/{rel}","templated":true}]}}