{"id":36349,"date":"2023-10-05T09:48:28","date_gmt":"2023-10-05T09:48:28","guid":{"rendered":"https:\/\/evolve-fitness.eu\/product\/evolve-cpu-stotfangarplatta-i-uretan-5-25-kg\/"},"modified":"2026-04-13T10:22:28","modified_gmt":"2026-04-13T07:22:28","slug":"evolve-cpu-stotfangarplatta-i-uretan-5-25-kg","status":"publish","type":"product","link":"https:\/\/evolve-fitness.eu\/sv\/produkt\/evolve-cpu-stotfangarplatta-i-uretan-5-25-kg\/","title":{"rendered":"CPU-st\u00f6tf\u00e5ngarplatta i urethan 5-25 kg (WP-UB)"},"content":{"rendered":"\n<section class=\"wp-block-group alignfull has-lightgray-background-color has-background is-layout-constrained wp-block-group-is-layout-constrained\">\n<div class=\"wp-block-columns alignwide is-layout-flex wp-container-core-columns-is-layout-2edb0647 wp-block-columns-is-layout-flex\" style=\"margin-top:0;margin-bottom:0\">\n<div class=\"wp-block-column is-layout-flow wp-block-column-is-layout-flow\" style=\"flex-basis:33.33%\"><\/div>\n\n\n\n<div class=\"wp-block-column is-layout-flow wp-block-column-is-layout-flow\" style=\"flex-basis:66.66%\"><\/div>\n<\/div>\n<\/section>\n\n<section class=\"wp-block-group alignfull black-content has-white-color has-darkgray-background-color has-text-color has-background is-layout-constrained wp-block-group-is-layout-constrained\" style=\"padding-top:var(--wp--preset--spacing--section-bottom);padding-bottom:var(--wp--preset--spacing--section-bottom)\">\n<h3 class=\"wp-block-heading has-text-align-center\" style=\"margin-bottom:var(--wp--preset--spacing--tb-section-padding)\">Tekniskt kort<\/h3>\n\n\n\n<div class=\"wp-block-columns alignwide mobile-reverse is-layout-flex wp-container-core-columns-is-layout-ca64bf2d wp-block-columns-is-layout-flex\" style=\"margin-bottom:var(--wp--preset--spacing--side-padding)\">\n<div class=\"wp-block-column is-layout-flow wp-block-column-is-layout-flow\">\n<figure class=\"wp-block-image aligncenter size-large\"><img loading=\"lazy\" decoding=\"async\" width=\"1024\" height=\"683\" src=\"https:\/\/evolve-fitness.eu\/wp-content\/uploads\/2023\/10\/Tehcnical-card-EV-WP-UB-1-1024x683.jpg\" alt=\"\" class=\"wp-image-196422\" srcset=\"https:\/\/evolve-fitness.eu\/wp-content\/uploads\/2023\/10\/Tehcnical-card-EV-WP-UB-1-1024x683.jpg 1024w, https:\/\/evolve-fitness.eu\/wp-content\/uploads\/2023\/10\/Tehcnical-card-EV-WP-UB-1-300x200.jpg 300w, https:\/\/evolve-fitness.eu\/wp-content\/uploads\/2023\/10\/Tehcnical-card-EV-WP-UB-1-150x100.jpg 150w, https:\/\/evolve-fitness.eu\/wp-content\/uploads\/2023\/10\/Tehcnical-card-EV-WP-UB-1-768x512.jpg 768w, https:\/\/evolve-fitness.eu\/wp-content\/uploads\/2023\/10\/Tehcnical-card-EV-WP-UB-1-1536x1024.jpg 1536w, https:\/\/evolve-fitness.eu\/wp-content\/uploads\/2023\/10\/Tehcnical-card-EV-WP-UB-1-2048x1365.jpg 2048w, https:\/\/evolve-fitness.eu\/wp-content\/uploads\/2023\/10\/Tehcnical-card-EV-WP-UB-1-600x400.jpg 600w, https:\/\/evolve-fitness.eu\/wp-content\/uploads\/2023\/10\/Tehcnical-card-EV-WP-UB-1-225x150.jpg 225w\" sizes=\"auto, (max-width: 1024px) 100vw, 1024px\" \/><\/figure>\n<\/div>\n<\/div>\n\n\n\n<div class=\"wp-block-columns alignwide is-layout-flex wp-container-core-columns-is-layout-c45ee707 wp-block-columns-is-layout-flex\" style=\"margin-bottom:var(--wp--preset--spacing--side-padding);padding-top:var(--wp--preset--spacing--side-padding)\">\n<div class=\"wp-block-column is-vertically-aligned-center is-layout-flow wp-block-column-is-layout-flow\">\n<figure class=\"wp-block-image size-large is-resized is-style-rounded\"><img loading=\"lazy\" decoding=\"async\" width=\"1024\" height=\"1024\" src=\"https:\/\/evolve-fitness.eu\/wp-content\/uploads\/2023\/10\/Evolve-CPU-Urethane-Bumpers-2-1024x1024.png\" alt=\"\" class=\"wp-image-4285\" style=\"object-fit:cover;width:680px;height:600px\" srcset=\"https:\/\/evolve-fitness.eu\/wp-content\/uploads\/2023\/10\/Evolve-CPU-Urethane-Bumpers-2-1024x1024.png 1024w, https:\/\/evolve-fitness.eu\/wp-content\/uploads\/2023\/10\/Evolve-CPU-Urethane-Bumpers-2-300x300.png 300w, https:\/\/evolve-fitness.eu\/wp-content\/uploads\/2023\/10\/Evolve-CPU-Urethane-Bumpers-2-150x150.png 150w, https:\/\/evolve-fitness.eu\/wp-content\/uploads\/2023\/10\/Evolve-CPU-Urethane-Bumpers-2-600x600.png 600w, https:\/\/evolve-fitness.eu\/wp-content\/uploads\/2023\/10\/Evolve-CPU-Urethane-Bumpers-2-768x768.png 768w, https:\/\/evolve-fitness.eu\/wp-content\/uploads\/2023\/10\/Evolve-CPU-Urethane-Bumpers-2-1536x1536.png 1536w, https:\/\/evolve-fitness.eu\/wp-content\/uploads\/2023\/10\/Evolve-CPU-Urethane-Bumpers-2-2048x2048.png 2048w\" sizes=\"auto, (max-width: 1024px) 100vw, 1024px\" \/><\/figure>\n<\/div>\n\n\n\n<div class=\"wp-block-column is-vertically-aligned-center is-layout-constrained wp-block-column-is-layout-constrained\">\n<h3 class=\"wp-block-heading\" style=\"margin-bottom:var(--wp--preset--spacing--h-3-bottom)\">CPU-bel\u00e4ggning med uretan  <\/h3>\n\n\n\n<p><strong><em><strong><em>Ultimat h\u00e5llbarhet<\/em><\/strong><\/em><\/strong><\/p>\n\n\n\n<p style=\"margin-bottom:var(--wp--preset--spacing--tb-section-padding)\">Uppt\u00e4ck den exceptionella h\u00e5llbarheten hos CPU Urethane-bel\u00e4ggning f\u00f6r gymutrustning. Till skillnad fr\u00e5n gummi beh\u00e5ller CPU Urethane sitt utseende \u00e4ven efter m\u00e5nga \u00e5rs konstant anv\u00e4ndning, tack vare sin UV-, brott-, v\u00e4rme- och slitstyrka. Dess luktfria sammans\u00e4ttning och enast\u00e5ende styrka g\u00f6r den till ett idealiskt val f\u00f6r att skydda gymgolv, minska tr\u00e4ningsljud och tillhandah\u00e5lla en l\u00e5ngsiktig, kostnadseffektiv l\u00f6sning f\u00f6r b\u00e5de hemmagym och kommersiella gym. Investera i kvalitet som h\u00e5ller med CPU Urethane.<\/p>\n<\/div>\n<\/div>\n\n\n\n<div class=\"wp-block-columns alignwide is-layout-flex wp-container-core-columns-is-layout-c45ee707 wp-block-columns-is-layout-flex\" style=\"margin-bottom:var(--wp--preset--spacing--side-padding);padding-top:var(--wp--preset--spacing--side-padding)\">\n<div class=\"wp-block-column is-vertically-aligned-center is-layout-flow wp-block-column-is-layout-flow\">\n<h3 class=\"wp-block-heading\" style=\"margin-bottom:var(--wp--preset--spacing--h-3-bottom)\">Logotyp och viktindikering<\/h3>\n\n\n\n<p><em><strong>Tillverkad med precision<\/strong><\/em><\/p>\n\n\n\n<p>V\u00e5ra viktsiffror \u00e4r noggrant laserskurna och skickligt gjutna, vilket garanterar ett rent och splintfritt utseende som utstr\u00e5lar hantverkskunnande och precision. Vi g\u00f6r det lilla extra f\u00f6r att garantera h\u00e5llbar kvalitet genom att f\u00f6rse b\u00e5de siffror och logotyper med f\u00f6rstklassig uretan. Denna innovativa process skapar inte bara starka och livfulla f\u00e4rger utan s\u00e4kerst\u00e4ller ocks\u00e5 att de st\u00e5r emot tidens tand och inte bleknar eller slits.<\/p>\n<\/div>\n\n\n\n<div class=\"wp-block-column is-vertically-aligned-center is-layout-flow wp-block-column-is-layout-flow\">\n<div class=\"wp-block-columns is-layout-flex wp-container-core-columns-is-layout-9d6595d7 wp-block-columns-is-layout-flex\">\n<div class=\"wp-block-column is-layout-flow wp-block-column-is-layout-flow\">\n<figure class=\"wp-block-image size-large is-resized is-style-rounded\"><img loading=\"lazy\" decoding=\"async\" width=\"2560\" height=\"1916\" src=\"https:\/\/evolve-fitness.eu\/wp-content\/uploads\/2023\/10\/Bumper-plate-1-edited-scaled.jpg\" alt=\"\" class=\"wp-image-4289\" style=\"object-fit:cover;width:680px;height:600px\" srcset=\"https:\/\/evolve-fitness.eu\/wp-content\/uploads\/2023\/10\/Bumper-plate-1-edited-scaled.jpg 2560w, https:\/\/evolve-fitness.eu\/wp-content\/uploads\/2023\/10\/Bumper-plate-1-edited-300x224.jpg 300w, https:\/\/evolve-fitness.eu\/wp-content\/uploads\/2023\/10\/Bumper-plate-1-edited-scaled-200x150.jpg 200w, https:\/\/evolve-fitness.eu\/wp-content\/uploads\/2023\/10\/Bumper-plate-1-edited-scaled-600x449.jpg 600w, https:\/\/evolve-fitness.eu\/wp-content\/uploads\/2023\/10\/Bumper-plate-1-edited-1024x766.jpg 1024w, https:\/\/evolve-fitness.eu\/wp-content\/uploads\/2023\/10\/Bumper-plate-1-edited-150x112.jpg 150w, https:\/\/evolve-fitness.eu\/wp-content\/uploads\/2023\/10\/Bumper-plate-1-edited-768x575.jpg 768w, https:\/\/evolve-fitness.eu\/wp-content\/uploads\/2023\/10\/Bumper-plate-1-edited-1536x1149.jpg 1536w, https:\/\/evolve-fitness.eu\/wp-content\/uploads\/2023\/10\/Bumper-plate-1-edited-2048x1532.jpg 2048w\" sizes=\"auto, (max-width: 2560px) 100vw, 2560px\" \/><\/figure>\n<\/div>\n<\/div>\n<\/div>\n<\/div>\n\n\n\n<div class=\"wp-block-columns alignwide is-layout-flex wp-container-core-columns-is-layout-c45ee707 wp-block-columns-is-layout-flex\" style=\"margin-bottom:var(--wp--preset--spacing--side-padding);padding-top:var(--wp--preset--spacing--side-padding)\">\n<div class=\"wp-block-column is-vertically-aligned-center is-layout-flow wp-block-column-is-layout-flow\">\n<figure class=\"wp-block-image size-large is-resized is-style-rounded\"><img loading=\"lazy\" decoding=\"async\" width=\"1024\" height=\"863\" src=\"https:\/\/evolve-fitness.eu\/wp-content\/uploads\/2023\/10\/Barbell-1024x863.png\" alt=\"\" class=\"wp-image-4279\" style=\"object-fit:cover;width:671px;height:592px\" srcset=\"https:\/\/evolve-fitness.eu\/wp-content\/uploads\/2023\/10\/Barbell-1024x863.png 1024w, https:\/\/evolve-fitness.eu\/wp-content\/uploads\/2023\/10\/Barbell-300x253.png 300w, https:\/\/evolve-fitness.eu\/wp-content\/uploads\/2023\/10\/Barbell-178x150.png 178w, https:\/\/evolve-fitness.eu\/wp-content\/uploads\/2023\/10\/Barbell-600x505.png 600w, https:\/\/evolve-fitness.eu\/wp-content\/uploads\/2023\/10\/Barbell-150x126.png 150w, https:\/\/evolve-fitness.eu\/wp-content\/uploads\/2023\/10\/Barbell-768x647.png 768w, https:\/\/evolve-fitness.eu\/wp-content\/uploads\/2023\/10\/Barbell-1536x1294.png 1536w, https:\/\/evolve-fitness.eu\/wp-content\/uploads\/2023\/10\/Barbell-2048x1725.png 2048w\" sizes=\"auto, (max-width: 1024px) 100vw, 1024px\" \/><\/figure>\n<\/div>\n\n\n\n<div class=\"wp-block-column is-vertically-aligned-center is-layout-flow wp-block-column-is-layout-flow\">\n<h3 class=\"wp-block-heading\" style=\"margin-bottom:var(--wp--preset--spacing--h-3-bottom)\"><strong>Precision full\u00e4ndad<\/strong><\/h3>\n\n\n\n<p><strong><em><strong>CPU-st\u00f6tf\u00e5ngare i uretan<\/strong><\/em><\/strong><\/p>\n\n\n\n<p>Upplev o\u00f6vertr\u00e4ffad precision med Evolve CPU Urethane Bumpers. V\u00e5ra st\u00f6tf\u00e5ngare \u00e4r noggrant kalibrerade och har en anm\u00e4rkningsv\u00e4rd vikttolerans p\u00e5 bara +\/- 2 gram &#8211; vilket s\u00e4tter standarden f\u00f6r n\u00e4stan felfri noggrannhet i v\u00e4rlden av tr\u00e4ningsutrustning. Lyft dina tr\u00e4ningspass med tillf\u00f6rsikt, tack vare v\u00e5ra precisionskonstruerade st\u00f6tf\u00e5ngare.<\/p>\n<\/div>\n<\/div>\n<\/section>\n","protected":false},"excerpt":{"rendered":"<p>Evolve CPU st\u00f6tf\u00e5ngarplattor i uretan. Dessa h\u00f6gkvalitativa plattor har enast\u00e5ende h\u00e5llbarhet med en UV- och slitstark uretanbel\u00e4ggning. De \u00e4r precisionskalibrerade med en noggrannhet p\u00e5 +\/- 2 gram och har laserskurna viktsiffror och logotyper med uretan f\u00f6r l\u00e5ngvarig livfullhet. Evolve CPU Urethane Bumper Plates \u00e4r idealiska f\u00f6r b\u00e5de hemmagym och kommersiella gym och ger en ekonomisk, l\u00e5ngsiktig investering i prestanda och h\u00e5llbarhet<\/p>\n","protected":false},"featured_media":127017,"template":"","meta":{"_acf_changed":false,"inline_featured_image":false},"product_brand":[],"product_cat":[1568,13028,1569],"product_tag":[],"class_list":{"0":"post-36349","1":"product","2":"type-product","3":"status-publish","4":"has-post-thumbnail","6":"product_cat-fria-vikter","7":"product_cat-hyrox-redskap","8":"product_cat-viktplattor","10":"first","11":"instock","12":"shipping-taxable","13":"purchasable","14":"product-type-variable"},"acf":{"long_title":"Evolve CPU st\u00f6tf\u00e5ngarplatta i uretan 5-25 kg (WP-UB)","subtitle":"","specifications":[{"label":"SKU","text_value":"EV-WP-UB","icon":"x"},{"label":"5 kg tjocklek","text_value":"21 mm","icon":"x"},{"label":"10 kg tjocklek","text_value":"39 mm","icon":"x"},{"label":"15 kg tjocklek","text_value":"47 mm","icon":"x"},{"label":"20 kg tjocklek","text_value":"52 mm","icon":"x"},{"label":"25 kg tjocklek","text_value":"59 mm","icon":"x"},{"label":"Innerhylsa av st\u00e5l med en diameter","text_value":"51 mm","icon":"x"},{"label":"Diameter (h\u00f6jd) p\u00e5 alla vikter","text_value":"450 mm","icon":"x"},{"label":"Laserskuren, uretan-infuserad logotyp och viktangivelse","text_value":"","icon":"v"},{"label":"St\u00e5lnav i ett stycke utan bultar eller svetsar","text_value":"","icon":"v"},{"label":"Uretanbel\u00e4ggning f\u00f6r maximal h\u00e5llbarhet","text_value":"","icon":"v"},{"label":"Viktk\u00e4rnan \u00e4r tillverkad av st\u00e5l, medan utsidan \u00e4r belagd genom gjutning av en flytande polyuretanf\u00f6rening","text_value":"3%","icon":"v"},{"label":"Vikttolerans","text_value":"3 %","icon":"x"},{"label":"Vikten \u00e4r markerad p\u00e5 b\u00e5da sidor","text_value":"Val av logotyp och nummerf\u00e4rger \/ Anpassning till \u00f6nskad interi\u00f6ridentitet \/ M\u00f6jlighet att gravera en egen logotyp","icon":"v"},{"label":"Anpassningsalternativ","text_value":"Val av logotyp och nummerf\u00e4rger \/ Anpassning till \u00f6nskad interi\u00f6ridentitet \/ M\u00f6jlighet att gravera en egen logotyp","icon":"x"},{"label":"Garanti","text_value":"3 \u00e5r","icon":"x"}],"product_frequently_asked_questions":null},"yoast_head":"<!-- This site is optimized with the Yoast SEO plugin v27.4 - https:\/\/yoast.com\/product\/yoast-seo-wordpress\/ -->\n<title>St\u00f6tf\u00e5ngarplatta i uretan 5-25 kg f\u00f6r gym och hem - Evolve<\/title>\n<meta name=\"description\" content=\"St\u00f6tf\u00e5ngarplattor av uretan 5-25 kg: H\u00e5llbara, UV-best\u00e4ndiga och precisionskalibrerade. Perfekt f\u00f6r hemmagym eller kommersiella gym, byggd f\u00f6r l\u00e5ngvarig prestanda.\" \/>\n<meta name=\"robots\" content=\"index, follow, max-snippet:-1, max-image-preview:large, max-video-preview:-1\" \/>\n<link rel=\"canonical\" href=\"https:\/\/evolve-fitness.eu\/sv\/produkt\/evolve-cpu-stotfangarplatta-i-uretan-5-25-kg\/\" \/>\n<meta property=\"og:locale\" content=\"sv_SE\" \/>\n<meta property=\"og:type\" content=\"article\" \/>\n<meta property=\"og:title\" content=\"St\u00f6tf\u00e5ngarplatta i uretan 5-25 kg f\u00f6r gym och hem - Evolve\" \/>\n<meta property=\"og:description\" content=\"St\u00f6tf\u00e5ngarplattor av uretan 5-25 kg: H\u00e5llbara, UV-best\u00e4ndiga och precisionskalibrerade. Perfekt f\u00f6r hemmagym eller kommersiella gym, byggd f\u00f6r l\u00e5ngvarig prestanda.\" \/>\n<meta property=\"og:url\" content=\"https:\/\/evolve-fitness.eu\/sv\/produkt\/evolve-cpu-stotfangarplatta-i-uretan-5-25-kg\/\" \/>\n<meta property=\"og:site_name\" content=\"Evolve\" \/>\n<meta property=\"article:publisher\" content=\"https:\/\/www.facebook.com\/EvolveFitnessEurope\" \/>\n<meta property=\"article:modified_time\" content=\"2026-04-13T07:22:28+00:00\" \/>\n<meta property=\"og:image\" content=\"https:\/\/evolve-fitness.eu\/wp-content\/uploads\/2023\/10\/Evolve-CPU-Urethane-Bumper-Plate-5-25-kg.png\" \/>\n\t<meta property=\"og:image:width\" content=\"680\" \/>\n\t<meta property=\"og:image:height\" content=\"600\" \/>\n\t<meta property=\"og:image:type\" content=\"image\/png\" \/>\n<meta name=\"twitter:card\" content=\"summary_large_image\" \/>\n<script type=\"application\/ld+json\" class=\"yoast-schema-graph\">{\"@context\":\"https:\\\/\\\/schema.org\",\"@graph\":[{\"@type\":\"WebPage\",\"@id\":\"https:\\\/\\\/evolve-fitness.eu\\\/sv\\\/produkt\\\/evolve-cpu-stotfangarplatta-i-uretan-5-25-kg\\\/\",\"url\":\"https:\\\/\\\/evolve-fitness.eu\\\/sv\\\/produkt\\\/evolve-cpu-stotfangarplatta-i-uretan-5-25-kg\\\/\",\"name\":\"St\u00f6tf\u00e5ngarplatta i uretan 5-25 kg f\u00f6r gym och hem - Evolve\",\"isPartOf\":{\"@id\":\"https:\\\/\\\/evolve-fitness.eu\\\/sv\\\/#website\"},\"primaryImageOfPage\":{\"@id\":\"https:\\\/\\\/evolve-fitness.eu\\\/sv\\\/produkt\\\/evolve-cpu-stotfangarplatta-i-uretan-5-25-kg\\\/#primaryimage\"},\"image\":{\"@id\":\"https:\\\/\\\/evolve-fitness.eu\\\/sv\\\/produkt\\\/evolve-cpu-stotfangarplatta-i-uretan-5-25-kg\\\/#primaryimage\"},\"thumbnailUrl\":\"https:\\\/\\\/evolve-fitness.eu\\\/wp-content\\\/uploads\\\/2023\\\/10\\\/Evolve-CPU-Urethane-Bumper-Plate-5-25-kg.png\",\"datePublished\":\"2023-10-05T09:48:28+00:00\",\"dateModified\":\"2026-04-13T07:22:28+00:00\",\"description\":\"St\u00f6tf\u00e5ngarplattor av uretan 5-25 kg: H\u00e5llbara, UV-best\u00e4ndiga och precisionskalibrerade. Perfekt f\u00f6r hemmagym eller kommersiella gym, byggd f\u00f6r l\u00e5ngvarig prestanda.\",\"breadcrumb\":{\"@id\":\"https:\\\/\\\/evolve-fitness.eu\\\/sv\\\/produkt\\\/evolve-cpu-stotfangarplatta-i-uretan-5-25-kg\\\/#breadcrumb\"},\"inLanguage\":\"sv-SE\",\"potentialAction\":[{\"@type\":\"ReadAction\",\"target\":[\"https:\\\/\\\/evolve-fitness.eu\\\/sv\\\/produkt\\\/evolve-cpu-stotfangarplatta-i-uretan-5-25-kg\\\/\"]}]},{\"@type\":\"ImageObject\",\"inLanguage\":\"sv-SE\",\"@id\":\"https:\\\/\\\/evolve-fitness.eu\\\/sv\\\/produkt\\\/evolve-cpu-stotfangarplatta-i-uretan-5-25-kg\\\/#primaryimage\",\"url\":\"https:\\\/\\\/evolve-fitness.eu\\\/wp-content\\\/uploads\\\/2023\\\/10\\\/Evolve-CPU-Urethane-Bumper-Plate-5-25-kg.png\",\"contentUrl\":\"https:\\\/\\\/evolve-fitness.eu\\\/wp-content\\\/uploads\\\/2023\\\/10\\\/Evolve-CPU-Urethane-Bumper-Plate-5-25-kg.png\",\"width\":680,\"height\":600},{\"@type\":\"BreadcrumbList\",\"@id\":\"https:\\\/\\\/evolve-fitness.eu\\\/sv\\\/produkt\\\/evolve-cpu-stotfangarplatta-i-uretan-5-25-kg\\\/#breadcrumb\",\"itemListElement\":[{\"@type\":\"ListItem\",\"position\":1,\"name\":\"Home\",\"item\":\"https:\\\/\\\/evolve-fitness.eu\\\/sv\\\/\"},{\"@type\":\"ListItem\",\"position\":2,\"name\":\"Produkter\",\"item\":\"https:\\\/\\\/evolve-fitness.eu\\\/sv\\\/shop\\\/\"},{\"@type\":\"ListItem\",\"position\":3,\"name\":\"CPU-st\u00f6tf\u00e5ngarplatta i urethan 5-25 kg (WP-UB)\"}]},{\"@type\":\"WebSite\",\"@id\":\"https:\\\/\\\/evolve-fitness.eu\\\/sv\\\/#website\",\"url\":\"https:\\\/\\\/evolve-fitness.eu\\\/sv\\\/\",\"name\":\"Evolve\",\"description\":\"Your Evolved Gear Arrived\",\"publisher\":{\"@id\":\"https:\\\/\\\/evolve-fitness.eu\\\/sv\\\/#organization\"},\"potentialAction\":[{\"@type\":\"SearchAction\",\"target\":{\"@type\":\"EntryPoint\",\"urlTemplate\":\"https:\\\/\\\/evolve-fitness.eu\\\/sv\\\/?s={search_term_string}\"},\"query-input\":{\"@type\":\"PropertyValueSpecification\",\"valueRequired\":true,\"valueName\":\"search_term_string\"}}],\"inLanguage\":\"sv-SE\"},{\"@type\":\"Organization\",\"@id\":\"https:\\\/\\\/evolve-fitness.eu\\\/sv\\\/#organization\",\"name\":\"Evolve\",\"url\":\"https:\\\/\\\/evolve-fitness.eu\\\/sv\\\/\",\"logo\":{\"@type\":\"ImageObject\",\"inLanguage\":\"sv-SE\",\"@id\":\"https:\\\/\\\/evolve-fitness.eu\\\/sv\\\/#\\\/schema\\\/logo\\\/image\\\/\",\"url\":\"https:\\\/\\\/evolve-fitness.eu\\\/wp-content\\\/uploads\\\/2023\\\/05\\\/Evolve-logo.svg\",\"contentUrl\":\"https:\\\/\\\/evolve-fitness.eu\\\/wp-content\\\/uploads\\\/2023\\\/05\\\/Evolve-logo.svg\",\"width\":176,\"height\":20,\"caption\":\"Evolve\"},\"image\":{\"@id\":\"https:\\\/\\\/evolve-fitness.eu\\\/sv\\\/#\\\/schema\\\/logo\\\/image\\\/\"},\"sameAs\":[\"https:\\\/\\\/www.facebook.com\\\/EvolveFitnessEurope\"]}]}<\/script>\n<!-- \/ Yoast SEO plugin. -->","yoast_head_json":{"title":"St\u00f6tf\u00e5ngarplatta i uretan 5-25 kg f\u00f6r gym och hem - Evolve","description":"St\u00f6tf\u00e5ngarplattor av uretan 5-25 kg: H\u00e5llbara, UV-best\u00e4ndiga och precisionskalibrerade. Perfekt f\u00f6r hemmagym eller kommersiella gym, byggd f\u00f6r l\u00e5ngvarig prestanda.","robots":{"index":"index","follow":"follow","max-snippet":"max-snippet:-1","max-image-preview":"max-image-preview:large","max-video-preview":"max-video-preview:-1"},"canonical":"https:\/\/evolve-fitness.eu\/sv\/produkt\/evolve-cpu-stotfangarplatta-i-uretan-5-25-kg\/","og_locale":"sv_SE","og_type":"article","og_title":"St\u00f6tf\u00e5ngarplatta i uretan 5-25 kg f\u00f6r gym och hem - Evolve","og_description":"St\u00f6tf\u00e5ngarplattor av uretan 5-25 kg: H\u00e5llbara, UV-best\u00e4ndiga och precisionskalibrerade. Perfekt f\u00f6r hemmagym eller kommersiella gym, byggd f\u00f6r l\u00e5ngvarig prestanda.","og_url":"https:\/\/evolve-fitness.eu\/sv\/produkt\/evolve-cpu-stotfangarplatta-i-uretan-5-25-kg\/","og_site_name":"Evolve","article_publisher":"https:\/\/www.facebook.com\/EvolveFitnessEurope","article_modified_time":"2026-04-13T07:22:28+00:00","og_image":[{"width":680,"height":600,"url":"https:\/\/evolve-fitness.eu\/wp-content\/uploads\/2023\/10\/Evolve-CPU-Urethane-Bumper-Plate-5-25-kg.png","type":"image\/png"}],"twitter_card":"summary_large_image","schema":{"@context":"https:\/\/schema.org","@graph":[{"@type":"WebPage","@id":"https:\/\/evolve-fitness.eu\/sv\/produkt\/evolve-cpu-stotfangarplatta-i-uretan-5-25-kg\/","url":"https:\/\/evolve-fitness.eu\/sv\/produkt\/evolve-cpu-stotfangarplatta-i-uretan-5-25-kg\/","name":"St\u00f6tf\u00e5ngarplatta i uretan 5-25 kg f\u00f6r gym och hem - Evolve","isPartOf":{"@id":"https:\/\/evolve-fitness.eu\/sv\/#website"},"primaryImageOfPage":{"@id":"https:\/\/evolve-fitness.eu\/sv\/produkt\/evolve-cpu-stotfangarplatta-i-uretan-5-25-kg\/#primaryimage"},"image":{"@id":"https:\/\/evolve-fitness.eu\/sv\/produkt\/evolve-cpu-stotfangarplatta-i-uretan-5-25-kg\/#primaryimage"},"thumbnailUrl":"https:\/\/evolve-fitness.eu\/wp-content\/uploads\/2023\/10\/Evolve-CPU-Urethane-Bumper-Plate-5-25-kg.png","datePublished":"2023-10-05T09:48:28+00:00","dateModified":"2026-04-13T07:22:28+00:00","description":"St\u00f6tf\u00e5ngarplattor av uretan 5-25 kg: H\u00e5llbara, UV-best\u00e4ndiga och precisionskalibrerade. Perfekt f\u00f6r hemmagym eller kommersiella gym, byggd f\u00f6r l\u00e5ngvarig prestanda.","breadcrumb":{"@id":"https:\/\/evolve-fitness.eu\/sv\/produkt\/evolve-cpu-stotfangarplatta-i-uretan-5-25-kg\/#breadcrumb"},"inLanguage":"sv-SE","potentialAction":[{"@type":"ReadAction","target":["https:\/\/evolve-fitness.eu\/sv\/produkt\/evolve-cpu-stotfangarplatta-i-uretan-5-25-kg\/"]}]},{"@type":"ImageObject","inLanguage":"sv-SE","@id":"https:\/\/evolve-fitness.eu\/sv\/produkt\/evolve-cpu-stotfangarplatta-i-uretan-5-25-kg\/#primaryimage","url":"https:\/\/evolve-fitness.eu\/wp-content\/uploads\/2023\/10\/Evolve-CPU-Urethane-Bumper-Plate-5-25-kg.png","contentUrl":"https:\/\/evolve-fitness.eu\/wp-content\/uploads\/2023\/10\/Evolve-CPU-Urethane-Bumper-Plate-5-25-kg.png","width":680,"height":600},{"@type":"BreadcrumbList","@id":"https:\/\/evolve-fitness.eu\/sv\/produkt\/evolve-cpu-stotfangarplatta-i-uretan-5-25-kg\/#breadcrumb","itemListElement":[{"@type":"ListItem","position":1,"name":"Home","item":"https:\/\/evolve-fitness.eu\/sv\/"},{"@type":"ListItem","position":2,"name":"Produkter","item":"https:\/\/evolve-fitness.eu\/sv\/shop\/"},{"@type":"ListItem","position":3,"name":"CPU-st\u00f6tf\u00e5ngarplatta i urethan 5-25 kg (WP-UB)"}]},{"@type":"WebSite","@id":"https:\/\/evolve-fitness.eu\/sv\/#website","url":"https:\/\/evolve-fitness.eu\/sv\/","name":"Evolve","description":"Your Evolved Gear Arrived","publisher":{"@id":"https:\/\/evolve-fitness.eu\/sv\/#organization"},"potentialAction":[{"@type":"SearchAction","target":{"@type":"EntryPoint","urlTemplate":"https:\/\/evolve-fitness.eu\/sv\/?s={search_term_string}"},"query-input":{"@type":"PropertyValueSpecification","valueRequired":true,"valueName":"search_term_string"}}],"inLanguage":"sv-SE"},{"@type":"Organization","@id":"https:\/\/evolve-fitness.eu\/sv\/#organization","name":"Evolve","url":"https:\/\/evolve-fitness.eu\/sv\/","logo":{"@type":"ImageObject","inLanguage":"sv-SE","@id":"https:\/\/evolve-fitness.eu\/sv\/#\/schema\/logo\/image\/","url":"https:\/\/evolve-fitness.eu\/wp-content\/uploads\/2023\/05\/Evolve-logo.svg","contentUrl":"https:\/\/evolve-fitness.eu\/wp-content\/uploads\/2023\/05\/Evolve-logo.svg","width":176,"height":20,"caption":"Evolve"},"image":{"@id":"https:\/\/evolve-fitness.eu\/sv\/#\/schema\/logo\/image\/"},"sameAs":["https:\/\/www.facebook.com\/EvolveFitnessEurope"]}]}},"_links":{"self":[{"href":"https:\/\/evolve-fitness.eu\/sv\/wp-json\/wp\/v2\/product\/36349","targetHints":{"allow":["GET"]}}],"collection":[{"href":"https:\/\/evolve-fitness.eu\/sv\/wp-json\/wp\/v2\/product"}],"about":[{"href":"https:\/\/evolve-fitness.eu\/sv\/wp-json\/wp\/v2\/types\/product"}],"wp:featuredmedia":[{"embeddable":true,"href":"https:\/\/evolve-fitness.eu\/sv\/wp-json\/wp\/v2\/media\/127017"}],"wp:attachment":[{"href":"https:\/\/evolve-fitness.eu\/sv\/wp-json\/wp\/v2\/media?parent=36349"}],"wp:term":[{"taxonomy":"product_brand","embeddable":true,"href":"https:\/\/evolve-fitness.eu\/sv\/wp-json\/wp\/v2\/product_brand?post=36349"},{"taxonomy":"product_cat","embeddable":true,"href":"https:\/\/evolve-fitness.eu\/sv\/wp-json\/wp\/v2\/product_cat?post=36349"},{"taxonomy":"product_tag","embeddable":true,"href":"https:\/\/evolve-fitness.eu\/sv\/wp-json\/wp\/v2\/product_tag?post=36349"}],"curies":[{"name":"wp","href":"https:\/\/api.w.org\/{rel}","templated":true}]}}