{"id":36434,"date":"2023-11-06T11:45:50","date_gmt":"2023-11-06T11:45:50","guid":{"rendered":"https:\/\/evolve-fitness.eu\/product\/evolve-cpu-hantlar-i-uretan-1-10-kg\/"},"modified":"2026-04-09T15:45:42","modified_gmt":"2026-04-09T12:45:42","slug":"evolve-cpu-hantlar-i-uretan-1-10-kg","status":"publish","type":"product","link":"https:\/\/evolve-fitness.eu\/sv\/produkt\/evolve-cpu-hantlar-i-uretan-1-10-kg\/","title":{"rendered":"Evolve CPU Uretan-hantlar Set 1-10 kg (CP-1-10)"},"content":{"rendered":"\n<section class=\"wp-block-group alignfull has-lightgray-background-color has-background is-layout-constrained wp-block-group-is-layout-constrained\">\n<div class=\"wp-block-columns alignwide is-layout-flex wp-container-core-columns-is-layout-2edb0647 wp-block-columns-is-layout-flex\" style=\"margin-top:0;margin-bottom:0\">\n<div class=\"wp-block-column is-layout-flow wp-block-column-is-layout-flow\" style=\"flex-basis:33.33%\"><\/div>\n\n\n\n<div class=\"wp-block-column is-layout-flow wp-block-column-is-layout-flow\" style=\"flex-basis:66.66%\"><\/div>\n<\/div>\n<\/section>\n\n<section class=\"wp-block-group alignfull black-content has-white-color has-darkgray-background-color has-text-color has-background is-layout-constrained wp-block-group-is-layout-constrained\" style=\"padding-top:var(--wp--preset--spacing--section-bottom);padding-bottom:var(--wp--preset--spacing--section-bottom)\">\n<div class=\"wp-block-columns alignwide mobile-reverse is-layout-flex wp-container-core-columns-is-layout-ca64bf2d wp-block-columns-is-layout-flex\" style=\"margin-bottom:var(--wp--preset--spacing--side-padding)\">\n<div class=\"wp-block-column is-vertically-aligned-center is-layout-flow wp-block-column-is-layout-flow\">\n<h3 class=\"wp-block-heading\" style=\"margin-bottom:var(--wp--preset--spacing--h-3-bottom)\"><strong>EXTREMT SLITSTARK URETAN<\/strong><\/h3>\n\n\n\n<p><em><strong>Slitstark och elegant<\/strong><\/em><\/p>\n\n\n\n<p style=\"margin-bottom:var(--wp--preset--spacing--tb-section-padding)\">Uretanbel\u00e4ggningen \u00e4r mycket slagt\u00e5lig och dubbelt s\u00e5 h\u00e5llbar som gummibel\u00e4ggningen. M\u00e5lade ytor kan flagna och rosta, gummi kan lossna eller spricka med tiden. Uretan har ingen speciell lukt, \u00e4r best\u00e4ndigt mot v\u00e4rme, UV-str\u00e5lar och \u00e4ven naturligt slitage. Evolve uretanhantlar \u00e4r extremt h\u00e5llbara och bryts inte ned, s\u00e5 de beh\u00e5ller sitt perfekta utseende \u00e4ven efter m\u00e5nga \u00e5rs intensiv anv\u00e4ndning. Dessa hantlar \u00e4r en perfekt investering f\u00f6r b\u00e5de hemmabruk och gym, eftersom de blir billigare p\u00e5 l\u00e5ng sikt och h\u00e5ller sig intakta l\u00e4ngre \u00e4n gummi- eller st\u00e5lhantlar. De kommer att beh\u00e5lla en dj\u00e4rv solid f\u00e4rg under hela livstiden. Uretanbel\u00e4ggningen skyddar golvet mot repor och skador och absorberar ljud under tr\u00e4ningspasset.<\/p>\n<\/div>\n\n\n\n<div class=\"wp-block-column is-vertically-aligned-center is-layout-flow wp-block-column-is-layout-flow\">\n<figure class=\"wp-block-image alignright size-large is-resized is-style-rounded\"><img loading=\"lazy\" decoding=\"async\" width=\"1024\" height=\"1024\" src=\"https:\/\/evolve-fitness.eu\/wp-content\/uploads\/2023\/11\/Evolve-CPU-Urethane-Dumbbells-1-1024x1024.png\" alt=\"\" class=\"wp-image-4910\" style=\"object-fit:cover;width:680px;height:600px\" srcset=\"https:\/\/evolve-fitness.eu\/wp-content\/uploads\/2023\/11\/Evolve-CPU-Urethane-Dumbbells-1-1024x1024.png 1024w, https:\/\/evolve-fitness.eu\/wp-content\/uploads\/2023\/11\/Evolve-CPU-Urethane-Dumbbells-1-300x300.png 300w, https:\/\/evolve-fitness.eu\/wp-content\/uploads\/2023\/11\/Evolve-CPU-Urethane-Dumbbells-1-150x150.png 150w, https:\/\/evolve-fitness.eu\/wp-content\/uploads\/2023\/11\/Evolve-CPU-Urethane-Dumbbells-1-600x600.png 600w, https:\/\/evolve-fitness.eu\/wp-content\/uploads\/2023\/11\/Evolve-CPU-Urethane-Dumbbells-1-768x768.png 768w, https:\/\/evolve-fitness.eu\/wp-content\/uploads\/2023\/11\/Evolve-CPU-Urethane-Dumbbells-1.png 1080w\" sizes=\"auto, (max-width: 1024px) 100vw, 1024px\" \/><\/figure>\n<\/div>\n<\/div>\n\n\n\n<div class=\"wp-block-columns alignwide is-layout-flex wp-container-core-columns-is-layout-c45ee707 wp-block-columns-is-layout-flex\" style=\"margin-bottom:var(--wp--preset--spacing--side-padding);padding-top:var(--wp--preset--spacing--side-padding)\">\n<div class=\"wp-block-column is-vertically-aligned-center is-layout-flow wp-block-column-is-layout-flow\">\n<figure class=\"wp-block-image size-large is-resized\"><img loading=\"lazy\" decoding=\"async\" width=\"1024\" height=\"1024\" src=\"https:\/\/evolve-fitness.eu\/wp-content\/uploads\/2023\/11\/Evolve-CPU-Urethane-Dumbbells-2-1024x1024.png\" alt=\"\" class=\"wp-image-4912\" style=\"object-fit:cover;width:680px;height:600px\" srcset=\"https:\/\/evolve-fitness.eu\/wp-content\/uploads\/2023\/11\/Evolve-CPU-Urethane-Dumbbells-2-1024x1024.png 1024w, https:\/\/evolve-fitness.eu\/wp-content\/uploads\/2023\/11\/Evolve-CPU-Urethane-Dumbbells-2-300x300.png 300w, https:\/\/evolve-fitness.eu\/wp-content\/uploads\/2023\/11\/Evolve-CPU-Urethane-Dumbbells-2-150x150.png 150w, https:\/\/evolve-fitness.eu\/wp-content\/uploads\/2023\/11\/Evolve-CPU-Urethane-Dumbbells-2-600x600.png 600w, https:\/\/evolve-fitness.eu\/wp-content\/uploads\/2023\/11\/Evolve-CPU-Urethane-Dumbbells-2-768x768.png 768w, https:\/\/evolve-fitness.eu\/wp-content\/uploads\/2023\/11\/Evolve-CPU-Urethane-Dumbbells-2.png 1080w\" sizes=\"auto, (max-width: 1024px) 100vw, 1024px\" \/><\/figure>\n<\/div>\n\n\n\n<div class=\"wp-block-column is-vertically-aligned-center is-layout-constrained wp-block-column-is-layout-constrained\">\n<h3 class=\"wp-block-heading\" style=\"margin-bottom:var(--wp--preset--spacing--h-3-bottom)\">UTM\u00c4RKT VAL F\u00d6R PROFESSIONELL ANV\u00c4NDNING<\/h3>\n\n\n\n<p><strong><em><strong><em>Evolve hantlar med anpassad passform<\/em><\/strong><\/em><\/strong><\/p>\n\n\n\n<p>Lyft din tr\u00e4ningsanl\u00e4ggning med Evolves anpassningsbara gymutrustning &#8211; skr\u00e4ddarsydd f\u00f6r att st\u00e4rka ditt varum\u00e4rkes n\u00e4rvaro. V\u00e5ra f\u00f6rstklassiga Evolve-hantlar \u00e4r inte bara tillverkade f\u00f6r prestanda utan \u00e4ven designade med en estetisk kant, och erbjuder en f\u00e4rgmatchningstj\u00e4nst f\u00f6r s\u00f6ml\u00f6s integrering med din inredningsdesign. P\u00e5 beg\u00e4ran levererar vi personlig k\u00e4nsla med lasersk\u00e4rning och uretaninfusion i dina valda varum\u00e4rkesf\u00e4rger. Med en strukturerad yta som \u00e4r l\u00e4tt att reng\u00f6ra och ger ett halkfritt grepp, garanterar Evolve hantlar komfort och s\u00e4kerhet f\u00f6r de mest rigor\u00f6sa tr\u00e4ningsprogrammen. G\u00f6r ett statement och en smart investering; v\u00e4lj Evolve f\u00f6r utrustning som \u00e4r lika engagerad i ditt gyms image som den \u00e4r i professionell h\u00e5llbarhet och anv\u00e4ndars\u00e4kerhet.<\/p>\n<\/div>\n<\/div>\n\n\n\n<div class=\"wp-block-columns alignwide is-layout-flex wp-container-core-columns-is-layout-c45ee707 wp-block-columns-is-layout-flex\" style=\"margin-bottom:var(--wp--preset--spacing--side-padding);padding-top:var(--wp--preset--spacing--side-padding)\">\n<div class=\"wp-block-column is-vertically-aligned-center is-layout-flow wp-block-column-is-layout-flow\">\n<h3 class=\"wp-block-heading\" style=\"margin-bottom:var(--wp--preset--spacing--h-3-bottom)\">FUNKTIONALITET<\/h3>\n\n\n\n<p><strong><em><strong><em>Ultimate Performance hantlar i uretan<\/em><\/strong><\/em><\/strong><\/p>\n\n\n\n<p style=\"margin-bottom:var(--wp--preset--spacing--tb-section-padding)\">F\u00f6rb\u00e4ttra ditt tr\u00e4ningsprogram med v\u00e5ra f\u00f6rstklassiga hantlar med uretanh\u00f6lje, utformade f\u00f6r \u00f6verl\u00e4gsen h\u00e5llbarhet och golvskydd. V\u00e5ra toppmoderna hantlar \u00e4r konstruerade f\u00f6r att f\u00f6rb\u00e4ttra alla tr\u00e4ningspass &#8211; oavsett om det g\u00e4ller h\u00f6gintensiv CrossFit eller m\u00e5ngfacetterade funktionella \u00f6vningar. Den unika antirull-designen h\u00e5ller tr\u00e4ningsutrymmet st\u00e4dat och effektivt, medan uretanbel\u00e4ggningen absorberar st\u00f6tar, minskar bullret och f\u00f6rhindrar skador p\u00e5 utrustningen. Med ergonomiskt utformade halkfria handtag ger dessa hantlar ett s\u00e4kert grepp f\u00f6r att maximera s\u00e4kerhet och prestanda under de mest intensiva tr\u00e4ningspassen. Perfekt f\u00f6r den h\u00e4ngivna idrottaren som vill t\u00e4nja p\u00e5 gr\u00e4nserna f\u00f6r styrke- och uth\u00e5llighetstr\u00e4ning.<\/p>\n<\/div>\n\n\n\n<div class=\"wp-block-column is-vertically-aligned-center is-layout-flow wp-block-column-is-layout-flow\">\n<div class=\"wp-block-columns is-layout-flex wp-container-core-columns-is-layout-9d6595d7 wp-block-columns-is-layout-flex\">\n<div class=\"wp-block-column is-layout-flow wp-block-column-is-layout-flow\">\n<figure class=\"wp-block-image size-large\"><img loading=\"lazy\" decoding=\"async\" width=\"683\" height=\"1024\" src=\"https:\/\/evolve-fitness.eu\/wp-content\/uploads\/2023\/11\/A7_08315-683x1024.jpg\" alt=\"\" class=\"wp-image-8760\" srcset=\"https:\/\/evolve-fitness.eu\/wp-content\/uploads\/2023\/11\/A7_08315-683x1024.jpg 683w, https:\/\/evolve-fitness.eu\/wp-content\/uploads\/2023\/11\/A7_08315-300x450.jpg 300w, https:\/\/evolve-fitness.eu\/wp-content\/uploads\/2023\/11\/A7_08315-100x150.jpg 100w, https:\/\/evolve-fitness.eu\/wp-content\/uploads\/2023\/11\/A7_08315-600x900.jpg 600w, https:\/\/evolve-fitness.eu\/wp-content\/uploads\/2023\/11\/A7_08315-200x300.jpg 200w, https:\/\/evolve-fitness.eu\/wp-content\/uploads\/2023\/11\/A7_08315-768x1152.jpg 768w, https:\/\/evolve-fitness.eu\/wp-content\/uploads\/2023\/11\/A7_08315-1024x1536.jpg 1024w, https:\/\/evolve-fitness.eu\/wp-content\/uploads\/2023\/11\/A7_08315.jpg 1320w\" sizes=\"auto, (max-width: 683px) 100vw, 683px\" \/><\/figure>\n<\/div>\n<\/div>\n<\/div>\n<\/div>\n\n\n\n<div class=\"wp-block-columns alignwide is-layout-flex wp-container-core-columns-is-layout-c45ee707 wp-block-columns-is-layout-flex\" style=\"margin-bottom:var(--wp--preset--spacing--side-padding);padding-top:var(--wp--preset--spacing--side-padding)\">\n<div class=\"wp-block-column is-vertically-aligned-center is-layout-flow wp-block-column-is-layout-flow\">\n<div class=\"wp-block-columns is-layout-flex wp-container-core-columns-is-layout-9d6595d7 wp-block-columns-is-layout-flex\">\n<div class=\"wp-block-column is-layout-flow wp-block-column-is-layout-flow\">\n<figure class=\"wp-block-image size-full is-style-rounded\"><img loading=\"lazy\" decoding=\"async\" width=\"680\" height=\"600\" src=\"https:\/\/evolve-fitness.eu\/wp-content\/uploads\/2023\/11\/Evolve-CPU-Urethane-Dumbbells-5-handle-1.png\" alt=\"\" class=\"wp-image-4949\" srcset=\"https:\/\/evolve-fitness.eu\/wp-content\/uploads\/2023\/11\/Evolve-CPU-Urethane-Dumbbells-5-handle-1.png 680w, https:\/\/evolve-fitness.eu\/wp-content\/uploads\/2023\/11\/Evolve-CPU-Urethane-Dumbbells-5-handle-1-300x265.png 300w, https:\/\/evolve-fitness.eu\/wp-content\/uploads\/2023\/11\/Evolve-CPU-Urethane-Dumbbells-5-handle-1-170x150.png 170w, https:\/\/evolve-fitness.eu\/wp-content\/uploads\/2023\/11\/Evolve-CPU-Urethane-Dumbbells-5-handle-1-600x529.png 600w, https:\/\/evolve-fitness.eu\/wp-content\/uploads\/2023\/11\/Evolve-CPU-Urethane-Dumbbells-5-handle-1-150x132.png 150w\" sizes=\"auto, (max-width: 680px) 100vw, 680px\" \/><\/figure>\n<\/div>\n<\/div>\n<\/div>\n\n\n\n<div class=\"wp-block-column is-vertically-aligned-center is-layout-flow wp-block-column-is-layout-flow\">\n<h3 class=\"wp-block-heading\" style=\"margin-bottom:var(--wp--preset--spacing--h-3-bottom)\">FUNKTIONALITET<\/h3>\n\n\n\n<p><strong><em><strong><em>Ultimate Performance hantlar i uretan<\/em><\/strong><\/em><\/strong><\/p>\n\n\n\n<p style=\"margin-bottom:var(--wp--preset--spacing--tb-section-padding)\">Evolve kromhantelhandtag har en l\u00e4ngd p\u00e5 120 mm, och tjockleken p\u00e5 den bredaste delen \u00e4r 30 mm, med ett ergonomiskt utformat halkfritt handtag,. Hela hanteln \u00e4r belagd med ett slitstarkt och h\u00e5llbart uretanskikt.<\/p>\n<\/div>\n<\/div>\n\n\n\n<div class=\"wp-block-columns alignwide is-layout-flex wp-container-core-columns-is-layout-c45ee707 wp-block-columns-is-layout-flex\" style=\"margin-bottom:var(--wp--preset--spacing--side-padding);padding-top:var(--wp--preset--spacing--side-padding)\">\n<div class=\"wp-block-column is-vertically-aligned-center is-layout-flow wp-block-column-is-layout-flow\">\n<h3 class=\"wp-block-heading\" style=\"margin-bottom:var(--wp--preset--spacing--h-3-bottom)\"><strong>EXCEPTIONELL H\u00c5LLBARHET<\/strong><\/h3>\n\n\n\n<p><strong><em><strong>Varaktig prestanda<\/strong><\/em><\/strong><\/p>\n\n\n\n<p>L\u00e5s upp hemligheten bakom uth\u00e5llig styrketr\u00e4ning med Evolve Urethane Dumbbells. Dessa precisionstillverkade vikter \u00e4r gjutna av en h\u00f6gkvalitativ metallegering, vilket \u00f6vertr\u00e4ffar den typiska motst\u00e5ndskraften hos j\u00e4rnvikter. Evolve hantlar \u00e4r speciellt utformade f\u00f6r precisionsbalans och noggrannhet och \u00e4r det fr\u00e4msta valet f\u00f6r h\u00e5llbarhet i alla kr\u00e4vande tr\u00e4ningsmilj\u00f6er, fr\u00e5n den h\u00e5rda milit\u00e4ra tr\u00e4ningen till den stadiga anv\u00e4ndningen p\u00e5 hotell och rehabiliteringscenter. Evolve Urethane Dumbbells \u00e4r perfekta f\u00f6r den seri\u00f6sa tr\u00e4ningsentusiasten i hemmet eller den kommersiella gym\u00e4garen och garanterar h\u00e5llbar kvalitet i prestanda och anv\u00e4ndbarhet.<\/p>\n<\/div>\n\n\n\n<div class=\"wp-block-column is-vertically-aligned-center is-layout-flow wp-block-column-is-layout-flow\">\n<div class=\"wp-block-columns is-layout-flex wp-container-core-columns-is-layout-9d6595d7 wp-block-columns-is-layout-flex\">\n<div class=\"wp-block-column is-layout-flow wp-block-column-is-layout-flow\">\n<figure class=\"wp-block-video\"><video height=\"2160\" style=\"aspect-ratio: 3840 \/ 2160;\" width=\"3840\" autoplay=\"\" controls=\"\" loop=\"\" muted=\"\" src=\"https:\/\/evolve-fitness.eu\/wp-content\/uploads\/2023\/12\/1-5.mp4\"><\/video><\/figure>\n<\/div>\n<\/div>\n<\/div>\n<\/div>\n<\/section>\n","protected":false},"excerpt":{"rendered":"<p>Upplev varaktig h\u00e5llbarhet med Evolve CPU Urethane Dumbbells Set (2 x 1-10 kg), utformat f\u00f6r seri\u00f6sa fitnessentusiaster och professionella gym. Dessa hantlar har en \u00f6verl\u00e4gsen uretanbel\u00e4ggning, k\u00e4nd f\u00f6r sin best\u00e4ndighet mot v\u00e4rme, UV och slitage, och \u00f6vertr\u00e4ffar gummi i h\u00e5llbarhet och bibeh\u00e5llande av utseende. Evolve \u00e4r idealisk f\u00f6r olika tr\u00e4ningsmilj\u00f6er, fr\u00e5n milit\u00e4ra anl\u00e4ggningar till fitnessrum p\u00e5 hotell, och kan anpassas f\u00f6r att passa ditt varum\u00e4rkes estetik. Den ergonomiska, rullningsfria designen och de ljudd\u00e4mpande funktionerna f\u00f6rb\u00e4ttrar tr\u00e4ningens funktionalitet och s\u00e4kerhet, vilket g\u00f6r dem till en sund, l\u00e5ngsiktig investering f\u00f6r alla fitnessanl\u00e4ggningar.   <\/p>\n","protected":false},"featured_media":36470,"template":"","meta":{"_acf_changed":false,"inline_featured_image":false},"product_brand":[],"product_cat":[1568,2535],"product_tag":[],"class_list":{"0":"post-36434","1":"product","2":"type-product","3":"status-publish","4":"has-post-thumbnail","6":"product_cat-fria-vikter","7":"product_cat-hantlar","9":"first","10":"instock","11":"shipping-taxable","12":"purchasable","13":"product-type-simple"},"acf":{"long_title":"Evolve CPU Uretan-hantlar Set 1-10 kg (CP-1-10)","subtitle":"","specifications":[{"label":"SKU","text_value":"EV-DS-CP-1-10","icon":"x"},{"label":"Handtagets l\u00e4ngd","text_value":"120 mm","icon":"v"},{"label":"Handtagets tjocklek","text_value":"30 mm","icon":"x"},{"label":"Laserskuren, uretaninfuserad logotyp och viktangivelse","text_value":"","icon":"v"},{"label":"Vi kan infoga ditt gyms varum\u00e4rkesf\u00e4rger","text_value":"","icon":"v"},{"label":"Uretanbel\u00e4ggning f\u00f6r maximal h\u00e5llbarhet","text_value":"","icon":"v"},{"label":"Platta sidor f\u00f6r balans och stabilitet","text_value":"3 \u00e5r","icon":"v"},{"label":"Handtag med halkskydd","text_value":"","icon":"v"},{"label":"Anpassningsalternativ","text_value":"Val av logotyp och nummerf\u00e4rger \/ Anpassning till \u00f6nskad interi\u00f6ridentitet \/ M\u00f6jlighet att gravera en egen logotyp","icon":"x"},{"label":"Garanti","text_value":"3 \u00e5r","icon":"x"}],"product_frequently_asked_questions":null},"yoast_head":"<!-- This site is optimized with the Yoast SEO plugin v27.4 - https:\/\/yoast.com\/product\/yoast-seo-wordpress\/ -->\n<title>Evolve CPU Uretan-hantlar Set 1-10 kg (CP-1-10) - Evolve<\/title>\n<meta name=\"robots\" content=\"index, follow, max-snippet:-1, max-image-preview:large, max-video-preview:-1\" \/>\n<link rel=\"canonical\" href=\"https:\/\/evolve-fitness.eu\/sv\/produkt\/evolve-cpu-hantlar-i-uretan-1-10-kg\/\" \/>\n<meta property=\"og:locale\" content=\"sv_SE\" \/>\n<meta property=\"og:type\" content=\"article\" \/>\n<meta property=\"og:title\" content=\"Evolve CPU Uretan-hantlar Set 1-10 kg (CP-1-10) - Evolve\" \/>\n<meta property=\"og:url\" content=\"https:\/\/evolve-fitness.eu\/sv\/produkt\/evolve-cpu-hantlar-i-uretan-1-10-kg\/\" \/>\n<meta property=\"og:site_name\" content=\"Evolve\" \/>\n<meta property=\"article:publisher\" content=\"https:\/\/www.facebook.com\/EvolveFitnessEurope\" \/>\n<meta property=\"article:modified_time\" content=\"2026-04-09T12:45:42+00:00\" \/>\n<meta property=\"og:image\" content=\"https:\/\/evolve-fitness.eu\/wp-content\/uploads\/2023\/11\/Evolve-CPU-Urethane-Dumbbells-Set-1.png\" \/>\n\t<meta property=\"og:image:width\" content=\"680\" \/>\n\t<meta property=\"og:image:height\" content=\"600\" \/>\n\t<meta property=\"og:image:type\" content=\"image\/png\" \/>\n<meta name=\"twitter:card\" content=\"summary_large_image\" \/>\n<script type=\"application\/ld+json\" class=\"yoast-schema-graph\">{\"@context\":\"https:\\\/\\\/schema.org\",\"@graph\":[{\"@type\":\"WebPage\",\"@id\":\"https:\\\/\\\/evolve-fitness.eu\\\/sv\\\/produkt\\\/evolve-cpu-hantlar-i-uretan-1-10-kg\\\/\",\"url\":\"https:\\\/\\\/evolve-fitness.eu\\\/sv\\\/produkt\\\/evolve-cpu-hantlar-i-uretan-1-10-kg\\\/\",\"name\":\"Evolve CPU Uretan-hantlar Set 1-10 kg (CP-1-10) - Evolve\",\"isPartOf\":{\"@id\":\"https:\\\/\\\/evolve-fitness.eu\\\/sv\\\/#website\"},\"primaryImageOfPage\":{\"@id\":\"https:\\\/\\\/evolve-fitness.eu\\\/sv\\\/produkt\\\/evolve-cpu-hantlar-i-uretan-1-10-kg\\\/#primaryimage\"},\"image\":{\"@id\":\"https:\\\/\\\/evolve-fitness.eu\\\/sv\\\/produkt\\\/evolve-cpu-hantlar-i-uretan-1-10-kg\\\/#primaryimage\"},\"thumbnailUrl\":\"https:\\\/\\\/evolve-fitness.eu\\\/wp-content\\\/uploads\\\/2023\\\/11\\\/Evolve-CPU-Urethane-Dumbbells-Set-1.png\",\"datePublished\":\"2023-11-06T11:45:50+00:00\",\"dateModified\":\"2026-04-09T12:45:42+00:00\",\"breadcrumb\":{\"@id\":\"https:\\\/\\\/evolve-fitness.eu\\\/sv\\\/produkt\\\/evolve-cpu-hantlar-i-uretan-1-10-kg\\\/#breadcrumb\"},\"inLanguage\":\"sv-SE\",\"potentialAction\":[{\"@type\":\"ReadAction\",\"target\":[\"https:\\\/\\\/evolve-fitness.eu\\\/sv\\\/produkt\\\/evolve-cpu-hantlar-i-uretan-1-10-kg\\\/\"]}]},{\"@type\":\"ImageObject\",\"inLanguage\":\"sv-SE\",\"@id\":\"https:\\\/\\\/evolve-fitness.eu\\\/sv\\\/produkt\\\/evolve-cpu-hantlar-i-uretan-1-10-kg\\\/#primaryimage\",\"url\":\"https:\\\/\\\/evolve-fitness.eu\\\/wp-content\\\/uploads\\\/2023\\\/11\\\/Evolve-CPU-Urethane-Dumbbells-Set-1.png\",\"contentUrl\":\"https:\\\/\\\/evolve-fitness.eu\\\/wp-content\\\/uploads\\\/2023\\\/11\\\/Evolve-CPU-Urethane-Dumbbells-Set-1.png\",\"width\":680,\"height\":600,\"caption\":\"EV-DS-CP-1-10\"},{\"@type\":\"BreadcrumbList\",\"@id\":\"https:\\\/\\\/evolve-fitness.eu\\\/sv\\\/produkt\\\/evolve-cpu-hantlar-i-uretan-1-10-kg\\\/#breadcrumb\",\"itemListElement\":[{\"@type\":\"ListItem\",\"position\":1,\"name\":\"Home\",\"item\":\"https:\\\/\\\/evolve-fitness.eu\\\/sv\\\/\"},{\"@type\":\"ListItem\",\"position\":2,\"name\":\"Produkter\",\"item\":\"https:\\\/\\\/evolve-fitness.eu\\\/sv\\\/shop\\\/\"},{\"@type\":\"ListItem\",\"position\":3,\"name\":\"Evolve CPU Uretan-hantlar Set 1-10 kg (CP-1-10)\"}]},{\"@type\":\"WebSite\",\"@id\":\"https:\\\/\\\/evolve-fitness.eu\\\/sv\\\/#website\",\"url\":\"https:\\\/\\\/evolve-fitness.eu\\\/sv\\\/\",\"name\":\"Evolve\",\"description\":\"Your Evolved Gear Arrived\",\"publisher\":{\"@id\":\"https:\\\/\\\/evolve-fitness.eu\\\/sv\\\/#organization\"},\"potentialAction\":[{\"@type\":\"SearchAction\",\"target\":{\"@type\":\"EntryPoint\",\"urlTemplate\":\"https:\\\/\\\/evolve-fitness.eu\\\/sv\\\/?s={search_term_string}\"},\"query-input\":{\"@type\":\"PropertyValueSpecification\",\"valueRequired\":true,\"valueName\":\"search_term_string\"}}],\"inLanguage\":\"sv-SE\"},{\"@type\":\"Organization\",\"@id\":\"https:\\\/\\\/evolve-fitness.eu\\\/sv\\\/#organization\",\"name\":\"Evolve\",\"url\":\"https:\\\/\\\/evolve-fitness.eu\\\/sv\\\/\",\"logo\":{\"@type\":\"ImageObject\",\"inLanguage\":\"sv-SE\",\"@id\":\"https:\\\/\\\/evolve-fitness.eu\\\/sv\\\/#\\\/schema\\\/logo\\\/image\\\/\",\"url\":\"https:\\\/\\\/evolve-fitness.eu\\\/wp-content\\\/uploads\\\/2023\\\/05\\\/Evolve-logo.svg\",\"contentUrl\":\"https:\\\/\\\/evolve-fitness.eu\\\/wp-content\\\/uploads\\\/2023\\\/05\\\/Evolve-logo.svg\",\"width\":176,\"height\":20,\"caption\":\"Evolve\"},\"image\":{\"@id\":\"https:\\\/\\\/evolve-fitness.eu\\\/sv\\\/#\\\/schema\\\/logo\\\/image\\\/\"},\"sameAs\":[\"https:\\\/\\\/www.facebook.com\\\/EvolveFitnessEurope\"]}]}<\/script>\n<!-- \/ Yoast SEO plugin. -->","yoast_head_json":{"title":"Evolve CPU Uretan-hantlar Set 1-10 kg (CP-1-10) - Evolve","robots":{"index":"index","follow":"follow","max-snippet":"max-snippet:-1","max-image-preview":"max-image-preview:large","max-video-preview":"max-video-preview:-1"},"canonical":"https:\/\/evolve-fitness.eu\/sv\/produkt\/evolve-cpu-hantlar-i-uretan-1-10-kg\/","og_locale":"sv_SE","og_type":"article","og_title":"Evolve CPU Uretan-hantlar Set 1-10 kg (CP-1-10) - Evolve","og_url":"https:\/\/evolve-fitness.eu\/sv\/produkt\/evolve-cpu-hantlar-i-uretan-1-10-kg\/","og_site_name":"Evolve","article_publisher":"https:\/\/www.facebook.com\/EvolveFitnessEurope","article_modified_time":"2026-04-09T12:45:42+00:00","og_image":[{"width":680,"height":600,"url":"https:\/\/evolve-fitness.eu\/wp-content\/uploads\/2023\/11\/Evolve-CPU-Urethane-Dumbbells-Set-1.png","type":"image\/png"}],"twitter_card":"summary_large_image","schema":{"@context":"https:\/\/schema.org","@graph":[{"@type":"WebPage","@id":"https:\/\/evolve-fitness.eu\/sv\/produkt\/evolve-cpu-hantlar-i-uretan-1-10-kg\/","url":"https:\/\/evolve-fitness.eu\/sv\/produkt\/evolve-cpu-hantlar-i-uretan-1-10-kg\/","name":"Evolve CPU Uretan-hantlar Set 1-10 kg (CP-1-10) - Evolve","isPartOf":{"@id":"https:\/\/evolve-fitness.eu\/sv\/#website"},"primaryImageOfPage":{"@id":"https:\/\/evolve-fitness.eu\/sv\/produkt\/evolve-cpu-hantlar-i-uretan-1-10-kg\/#primaryimage"},"image":{"@id":"https:\/\/evolve-fitness.eu\/sv\/produkt\/evolve-cpu-hantlar-i-uretan-1-10-kg\/#primaryimage"},"thumbnailUrl":"https:\/\/evolve-fitness.eu\/wp-content\/uploads\/2023\/11\/Evolve-CPU-Urethane-Dumbbells-Set-1.png","datePublished":"2023-11-06T11:45:50+00:00","dateModified":"2026-04-09T12:45:42+00:00","breadcrumb":{"@id":"https:\/\/evolve-fitness.eu\/sv\/produkt\/evolve-cpu-hantlar-i-uretan-1-10-kg\/#breadcrumb"},"inLanguage":"sv-SE","potentialAction":[{"@type":"ReadAction","target":["https:\/\/evolve-fitness.eu\/sv\/produkt\/evolve-cpu-hantlar-i-uretan-1-10-kg\/"]}]},{"@type":"ImageObject","inLanguage":"sv-SE","@id":"https:\/\/evolve-fitness.eu\/sv\/produkt\/evolve-cpu-hantlar-i-uretan-1-10-kg\/#primaryimage","url":"https:\/\/evolve-fitness.eu\/wp-content\/uploads\/2023\/11\/Evolve-CPU-Urethane-Dumbbells-Set-1.png","contentUrl":"https:\/\/evolve-fitness.eu\/wp-content\/uploads\/2023\/11\/Evolve-CPU-Urethane-Dumbbells-Set-1.png","width":680,"height":600,"caption":"EV-DS-CP-1-10"},{"@type":"BreadcrumbList","@id":"https:\/\/evolve-fitness.eu\/sv\/produkt\/evolve-cpu-hantlar-i-uretan-1-10-kg\/#breadcrumb","itemListElement":[{"@type":"ListItem","position":1,"name":"Home","item":"https:\/\/evolve-fitness.eu\/sv\/"},{"@type":"ListItem","position":2,"name":"Produkter","item":"https:\/\/evolve-fitness.eu\/sv\/shop\/"},{"@type":"ListItem","position":3,"name":"Evolve CPU Uretan-hantlar Set 1-10 kg (CP-1-10)"}]},{"@type":"WebSite","@id":"https:\/\/evolve-fitness.eu\/sv\/#website","url":"https:\/\/evolve-fitness.eu\/sv\/","name":"Evolve","description":"Your Evolved Gear Arrived","publisher":{"@id":"https:\/\/evolve-fitness.eu\/sv\/#organization"},"potentialAction":[{"@type":"SearchAction","target":{"@type":"EntryPoint","urlTemplate":"https:\/\/evolve-fitness.eu\/sv\/?s={search_term_string}"},"query-input":{"@type":"PropertyValueSpecification","valueRequired":true,"valueName":"search_term_string"}}],"inLanguage":"sv-SE"},{"@type":"Organization","@id":"https:\/\/evolve-fitness.eu\/sv\/#organization","name":"Evolve","url":"https:\/\/evolve-fitness.eu\/sv\/","logo":{"@type":"ImageObject","inLanguage":"sv-SE","@id":"https:\/\/evolve-fitness.eu\/sv\/#\/schema\/logo\/image\/","url":"https:\/\/evolve-fitness.eu\/wp-content\/uploads\/2023\/05\/Evolve-logo.svg","contentUrl":"https:\/\/evolve-fitness.eu\/wp-content\/uploads\/2023\/05\/Evolve-logo.svg","width":176,"height":20,"caption":"Evolve"},"image":{"@id":"https:\/\/evolve-fitness.eu\/sv\/#\/schema\/logo\/image\/"},"sameAs":["https:\/\/www.facebook.com\/EvolveFitnessEurope"]}]}},"_links":{"self":[{"href":"https:\/\/evolve-fitness.eu\/sv\/wp-json\/wp\/v2\/product\/36434","targetHints":{"allow":["GET"]}}],"collection":[{"href":"https:\/\/evolve-fitness.eu\/sv\/wp-json\/wp\/v2\/product"}],"about":[{"href":"https:\/\/evolve-fitness.eu\/sv\/wp-json\/wp\/v2\/types\/product"}],"wp:featuredmedia":[{"embeddable":true,"href":"https:\/\/evolve-fitness.eu\/sv\/wp-json\/wp\/v2\/media\/36470"}],"wp:attachment":[{"href":"https:\/\/evolve-fitness.eu\/sv\/wp-json\/wp\/v2\/media?parent=36434"}],"wp:term":[{"taxonomy":"product_brand","embeddable":true,"href":"https:\/\/evolve-fitness.eu\/sv\/wp-json\/wp\/v2\/product_brand?post=36434"},{"taxonomy":"product_cat","embeddable":true,"href":"https:\/\/evolve-fitness.eu\/sv\/wp-json\/wp\/v2\/product_cat?post=36434"},{"taxonomy":"product_tag","embeddable":true,"href":"https:\/\/evolve-fitness.eu\/sv\/wp-json\/wp\/v2\/product_tag?post=36434"}],"curies":[{"name":"wp","href":"https:\/\/api.w.org\/{rel}","templated":true}]}}