{"id":39674,"date":"2023-11-22T07:18:34","date_gmt":"2023-11-22T07:18:34","guid":{"rendered":"https:\/\/evolve-fitness.eu\/product\/evolve-vertikal-forvaringsfaste-for-enkla-dubbla-hantlar-for-5-par\/"},"modified":"2026-04-08T15:19:49","modified_gmt":"2026-04-08T12:19:49","slug":"evolve-vertikal-forvaringsfaste-for-enkla-dubbla-hantlar-for-5-par","status":"publish","type":"product","link":"https:\/\/evolve-fitness.eu\/sv\/produkt\/evolve-vertikal-forvaringsfaste-for-enkla-dubbla-hantlar-for-5-par\/","title":{"rendered":"Evolve f\u00f6rvaringsf\u00e4ste f\u00f6r enkel\/dubbel vertikal hantel f\u00f6r 5 par (ST-DS)"},"content":{"rendered":"\n<section class=\"wp-block-group alignfull has-lightgray-background-color has-background is-layout-constrained wp-block-group-is-layout-constrained\">\n<div class=\"wp-block-columns alignwide is-layout-flex wp-container-core-columns-is-layout-2edb0647 wp-block-columns-is-layout-flex\" style=\"margin-top:0;margin-bottom:0\">\n<div class=\"wp-block-column is-layout-flow wp-block-column-is-layout-flow\" style=\"flex-basis:33.33%\"><\/div>\n\n\n\n<div class=\"wp-block-column is-layout-flow wp-block-column-is-layout-flow\" style=\"flex-basis:66.66%\"><\/div>\n<\/div>\n<\/section>\n","protected":false},"excerpt":{"rendered":"<p>Maximera ditt gyms effektivitet med Evolve Single \/ Double Vertical Dumbbell Storage Attachment utformad f\u00f6r 5 par. Denna utrymmesbesparande l\u00f6sning f\u00f6r\u00e4ndrar f\u00f6ruts\u00e4ttningarna f\u00f6r organiserad och tillg\u00e4nglig f\u00f6rvaring av hantlar. Den vertikala designen optimerar inte bara golvytan utan ger ocks\u00e5 snabb och enkel \u00e5tkomst till dina hantlar. Detta tillbeh\u00f6r \u00e4r tillverkat f\u00f6r h\u00e5llbarhet och anv\u00e4ndarv\u00e4nlighet och integreras s\u00f6ml\u00f6st med din Evolve-gyminstallation. F\u00f6rb\u00e4ttra din tr\u00e4ningsupplevelse genom att f\u00f6rvara dina hantlar snyggt och l\u00e4tt\u00e5tkomligt f\u00f6r n\u00e4sta set, s\u00e5 att varje pass blir smidigt och effektivt. Uppgradera din gymorganisation med Evolve Single \/ Double Vertical Dumbbell Storage Attachment och upplev bekv\u00e4mligheten med ett r\u00f6rfritt tr\u00e4ningsutrymme.     <\/p>\n","protected":false},"featured_media":39677,"template":"","meta":{"_acf_changed":false,"inline_featured_image":false},"product_brand":[],"product_cat":[2904,2903,2916],"product_tag":[],"class_list":{"0":"post-39674","1":"product","2":"type-product","3":"status-publish","4":"has-post-thumbnail","6":"product_cat-komponenter-till-riggen","7":"product_cat-korsvis-funktionell","8":"product_cat-lagring","10":"first","11":"instock","12":"shipping-taxable","13":"purchasable","14":"product-type-variable"},"acf":{"long_title":"Evolve f\u00f6rvaringsf\u00e4ste f\u00f6r enkel\/dubbel vertikal hantel f\u00f6r 5 par (ST-DS)","subtitle":"","specifications":[{"label":"SKU","text_value":"EV-ST-DS","icon":"x"},{"label":"Garanti","text_value":"2 \u00e5r","icon":"x"}]},"yoast_head":"<!-- This site is optimized with the Yoast SEO plugin v27.4 - https:\/\/yoast.com\/product\/yoast-seo-wordpress\/ -->\n<title>Evolve f\u00f6rvaringsf\u00e4ste f\u00f6r enkel\/dubbel vertikal hantel f\u00f6r 5 par (ST-DS) - Evolve<\/title>\n<meta name=\"robots\" content=\"index, follow, max-snippet:-1, max-image-preview:large, max-video-preview:-1\" \/>\n<link rel=\"canonical\" href=\"https:\/\/evolve-fitness.eu\/sv\/produkt\/evolve-vertikal-forvaringsfaste-for-enkla-dubbla-hantlar-for-5-par\/\" \/>\n<meta property=\"og:locale\" content=\"sv_SE\" \/>\n<meta property=\"og:type\" content=\"article\" \/>\n<meta property=\"og:title\" content=\"Evolve f\u00f6rvaringsf\u00e4ste f\u00f6r enkel\/dubbel vertikal hantel f\u00f6r 5 par (ST-DS) - Evolve\" \/>\n<meta property=\"og:url\" content=\"https:\/\/evolve-fitness.eu\/sv\/produkt\/evolve-vertikal-forvaringsfaste-for-enkla-dubbla-hantlar-for-5-par\/\" \/>\n<meta property=\"og:site_name\" content=\"Evolve\" \/>\n<meta property=\"article:publisher\" content=\"https:\/\/www.facebook.com\/EvolveFitnessEurope\" \/>\n<meta property=\"article:modified_time\" content=\"2026-04-08T12:19:49+00:00\" \/>\n<meta property=\"og:image\" content=\"https:\/\/evolve-fitness.eu\/wp-content\/uploads\/2023\/11\/Evolve-Double-Vertical-Dumbbell-Storage-Attachment-for-5-pairs-.png\" \/>\n\t<meta property=\"og:image:width\" content=\"680\" \/>\n\t<meta property=\"og:image:height\" content=\"600\" \/>\n\t<meta property=\"og:image:type\" content=\"image\/png\" \/>\n<meta name=\"twitter:card\" content=\"summary_large_image\" \/>\n<script type=\"application\/ld+json\" class=\"yoast-schema-graph\">{\"@context\":\"https:\\\/\\\/schema.org\",\"@graph\":[{\"@type\":\"WebPage\",\"@id\":\"https:\\\/\\\/evolve-fitness.eu\\\/sv\\\/produkt\\\/evolve-vertikal-forvaringsfaste-for-enkla-dubbla-hantlar-for-5-par\\\/\",\"url\":\"https:\\\/\\\/evolve-fitness.eu\\\/sv\\\/produkt\\\/evolve-vertikal-forvaringsfaste-for-enkla-dubbla-hantlar-for-5-par\\\/\",\"name\":\"Evolve f\u00f6rvaringsf\u00e4ste f\u00f6r enkel\\\/dubbel vertikal hantel f\u00f6r 5 par (ST-DS) - Evolve\",\"isPartOf\":{\"@id\":\"https:\\\/\\\/evolve-fitness.eu\\\/sv\\\/#website\"},\"primaryImageOfPage\":{\"@id\":\"https:\\\/\\\/evolve-fitness.eu\\\/sv\\\/produkt\\\/evolve-vertikal-forvaringsfaste-for-enkla-dubbla-hantlar-for-5-par\\\/#primaryimage\"},\"image\":{\"@id\":\"https:\\\/\\\/evolve-fitness.eu\\\/sv\\\/produkt\\\/evolve-vertikal-forvaringsfaste-for-enkla-dubbla-hantlar-for-5-par\\\/#primaryimage\"},\"thumbnailUrl\":\"https:\\\/\\\/evolve-fitness.eu\\\/wp-content\\\/uploads\\\/2023\\\/11\\\/Evolve-Double-Vertical-Dumbbell-Storage-Attachment-for-5-pairs-.png\",\"datePublished\":\"2023-11-22T07:18:34+00:00\",\"dateModified\":\"2026-04-08T12:19:49+00:00\",\"breadcrumb\":{\"@id\":\"https:\\\/\\\/evolve-fitness.eu\\\/sv\\\/produkt\\\/evolve-vertikal-forvaringsfaste-for-enkla-dubbla-hantlar-for-5-par\\\/#breadcrumb\"},\"inLanguage\":\"sv-SE\",\"potentialAction\":[{\"@type\":\"ReadAction\",\"target\":[\"https:\\\/\\\/evolve-fitness.eu\\\/sv\\\/produkt\\\/evolve-vertikal-forvaringsfaste-for-enkla-dubbla-hantlar-for-5-par\\\/\"]}]},{\"@type\":\"ImageObject\",\"inLanguage\":\"sv-SE\",\"@id\":\"https:\\\/\\\/evolve-fitness.eu\\\/sv\\\/produkt\\\/evolve-vertikal-forvaringsfaste-for-enkla-dubbla-hantlar-for-5-par\\\/#primaryimage\",\"url\":\"https:\\\/\\\/evolve-fitness.eu\\\/wp-content\\\/uploads\\\/2023\\\/11\\\/Evolve-Double-Vertical-Dumbbell-Storage-Attachment-for-5-pairs-.png\",\"contentUrl\":\"https:\\\/\\\/evolve-fitness.eu\\\/wp-content\\\/uploads\\\/2023\\\/11\\\/Evolve-Double-Vertical-Dumbbell-Storage-Attachment-for-5-pairs-.png\",\"width\":680,\"height\":600,\"caption\":\"ER-ST-DS\"},{\"@type\":\"BreadcrumbList\",\"@id\":\"https:\\\/\\\/evolve-fitness.eu\\\/sv\\\/produkt\\\/evolve-vertikal-forvaringsfaste-for-enkla-dubbla-hantlar-for-5-par\\\/#breadcrumb\",\"itemListElement\":[{\"@type\":\"ListItem\",\"position\":1,\"name\":\"Home\",\"item\":\"https:\\\/\\\/evolve-fitness.eu\\\/sv\\\/\"},{\"@type\":\"ListItem\",\"position\":2,\"name\":\"Produkter\",\"item\":\"https:\\\/\\\/evolve-fitness.eu\\\/sv\\\/shop\\\/\"},{\"@type\":\"ListItem\",\"position\":3,\"name\":\"Evolve f\u00f6rvaringsf\u00e4ste f\u00f6r enkel\\\/dubbel vertikal hantel f\u00f6r 5 par (ST-DS)\"}]},{\"@type\":\"WebSite\",\"@id\":\"https:\\\/\\\/evolve-fitness.eu\\\/sv\\\/#website\",\"url\":\"https:\\\/\\\/evolve-fitness.eu\\\/sv\\\/\",\"name\":\"Evolve\",\"description\":\"Your Evolved Gear Arrived\",\"publisher\":{\"@id\":\"https:\\\/\\\/evolve-fitness.eu\\\/sv\\\/#organization\"},\"potentialAction\":[{\"@type\":\"SearchAction\",\"target\":{\"@type\":\"EntryPoint\",\"urlTemplate\":\"https:\\\/\\\/evolve-fitness.eu\\\/sv\\\/?s={search_term_string}\"},\"query-input\":{\"@type\":\"PropertyValueSpecification\",\"valueRequired\":true,\"valueName\":\"search_term_string\"}}],\"inLanguage\":\"sv-SE\"},{\"@type\":\"Organization\",\"@id\":\"https:\\\/\\\/evolve-fitness.eu\\\/sv\\\/#organization\",\"name\":\"Evolve\",\"url\":\"https:\\\/\\\/evolve-fitness.eu\\\/sv\\\/\",\"logo\":{\"@type\":\"ImageObject\",\"inLanguage\":\"sv-SE\",\"@id\":\"https:\\\/\\\/evolve-fitness.eu\\\/sv\\\/#\\\/schema\\\/logo\\\/image\\\/\",\"url\":\"https:\\\/\\\/evolve-fitness.eu\\\/wp-content\\\/uploads\\\/2023\\\/05\\\/Evolve-logo.svg\",\"contentUrl\":\"https:\\\/\\\/evolve-fitness.eu\\\/wp-content\\\/uploads\\\/2023\\\/05\\\/Evolve-logo.svg\",\"width\":176,\"height\":20,\"caption\":\"Evolve\"},\"image\":{\"@id\":\"https:\\\/\\\/evolve-fitness.eu\\\/sv\\\/#\\\/schema\\\/logo\\\/image\\\/\"},\"sameAs\":[\"https:\\\/\\\/www.facebook.com\\\/EvolveFitnessEurope\"]}]}<\/script>\n<!-- \/ Yoast SEO plugin. -->","yoast_head_json":{"title":"Evolve f\u00f6rvaringsf\u00e4ste f\u00f6r enkel\/dubbel vertikal hantel f\u00f6r 5 par (ST-DS) - Evolve","robots":{"index":"index","follow":"follow","max-snippet":"max-snippet:-1","max-image-preview":"max-image-preview:large","max-video-preview":"max-video-preview:-1"},"canonical":"https:\/\/evolve-fitness.eu\/sv\/produkt\/evolve-vertikal-forvaringsfaste-for-enkla-dubbla-hantlar-for-5-par\/","og_locale":"sv_SE","og_type":"article","og_title":"Evolve f\u00f6rvaringsf\u00e4ste f\u00f6r enkel\/dubbel vertikal hantel f\u00f6r 5 par (ST-DS) - Evolve","og_url":"https:\/\/evolve-fitness.eu\/sv\/produkt\/evolve-vertikal-forvaringsfaste-for-enkla-dubbla-hantlar-for-5-par\/","og_site_name":"Evolve","article_publisher":"https:\/\/www.facebook.com\/EvolveFitnessEurope","article_modified_time":"2026-04-08T12:19:49+00:00","og_image":[{"width":680,"height":600,"url":"https:\/\/evolve-fitness.eu\/wp-content\/uploads\/2023\/11\/Evolve-Double-Vertical-Dumbbell-Storage-Attachment-for-5-pairs-.png","type":"image\/png"}],"twitter_card":"summary_large_image","schema":{"@context":"https:\/\/schema.org","@graph":[{"@type":"WebPage","@id":"https:\/\/evolve-fitness.eu\/sv\/produkt\/evolve-vertikal-forvaringsfaste-for-enkla-dubbla-hantlar-for-5-par\/","url":"https:\/\/evolve-fitness.eu\/sv\/produkt\/evolve-vertikal-forvaringsfaste-for-enkla-dubbla-hantlar-for-5-par\/","name":"Evolve f\u00f6rvaringsf\u00e4ste f\u00f6r enkel\/dubbel vertikal hantel f\u00f6r 5 par (ST-DS) - Evolve","isPartOf":{"@id":"https:\/\/evolve-fitness.eu\/sv\/#website"},"primaryImageOfPage":{"@id":"https:\/\/evolve-fitness.eu\/sv\/produkt\/evolve-vertikal-forvaringsfaste-for-enkla-dubbla-hantlar-for-5-par\/#primaryimage"},"image":{"@id":"https:\/\/evolve-fitness.eu\/sv\/produkt\/evolve-vertikal-forvaringsfaste-for-enkla-dubbla-hantlar-for-5-par\/#primaryimage"},"thumbnailUrl":"https:\/\/evolve-fitness.eu\/wp-content\/uploads\/2023\/11\/Evolve-Double-Vertical-Dumbbell-Storage-Attachment-for-5-pairs-.png","datePublished":"2023-11-22T07:18:34+00:00","dateModified":"2026-04-08T12:19:49+00:00","breadcrumb":{"@id":"https:\/\/evolve-fitness.eu\/sv\/produkt\/evolve-vertikal-forvaringsfaste-for-enkla-dubbla-hantlar-for-5-par\/#breadcrumb"},"inLanguage":"sv-SE","potentialAction":[{"@type":"ReadAction","target":["https:\/\/evolve-fitness.eu\/sv\/produkt\/evolve-vertikal-forvaringsfaste-for-enkla-dubbla-hantlar-for-5-par\/"]}]},{"@type":"ImageObject","inLanguage":"sv-SE","@id":"https:\/\/evolve-fitness.eu\/sv\/produkt\/evolve-vertikal-forvaringsfaste-for-enkla-dubbla-hantlar-for-5-par\/#primaryimage","url":"https:\/\/evolve-fitness.eu\/wp-content\/uploads\/2023\/11\/Evolve-Double-Vertical-Dumbbell-Storage-Attachment-for-5-pairs-.png","contentUrl":"https:\/\/evolve-fitness.eu\/wp-content\/uploads\/2023\/11\/Evolve-Double-Vertical-Dumbbell-Storage-Attachment-for-5-pairs-.png","width":680,"height":600,"caption":"ER-ST-DS"},{"@type":"BreadcrumbList","@id":"https:\/\/evolve-fitness.eu\/sv\/produkt\/evolve-vertikal-forvaringsfaste-for-enkla-dubbla-hantlar-for-5-par\/#breadcrumb","itemListElement":[{"@type":"ListItem","position":1,"name":"Home","item":"https:\/\/evolve-fitness.eu\/sv\/"},{"@type":"ListItem","position":2,"name":"Produkter","item":"https:\/\/evolve-fitness.eu\/sv\/shop\/"},{"@type":"ListItem","position":3,"name":"Evolve f\u00f6rvaringsf\u00e4ste f\u00f6r enkel\/dubbel vertikal hantel f\u00f6r 5 par (ST-DS)"}]},{"@type":"WebSite","@id":"https:\/\/evolve-fitness.eu\/sv\/#website","url":"https:\/\/evolve-fitness.eu\/sv\/","name":"Evolve","description":"Your Evolved Gear Arrived","publisher":{"@id":"https:\/\/evolve-fitness.eu\/sv\/#organization"},"potentialAction":[{"@type":"SearchAction","target":{"@type":"EntryPoint","urlTemplate":"https:\/\/evolve-fitness.eu\/sv\/?s={search_term_string}"},"query-input":{"@type":"PropertyValueSpecification","valueRequired":true,"valueName":"search_term_string"}}],"inLanguage":"sv-SE"},{"@type":"Organization","@id":"https:\/\/evolve-fitness.eu\/sv\/#organization","name":"Evolve","url":"https:\/\/evolve-fitness.eu\/sv\/","logo":{"@type":"ImageObject","inLanguage":"sv-SE","@id":"https:\/\/evolve-fitness.eu\/sv\/#\/schema\/logo\/image\/","url":"https:\/\/evolve-fitness.eu\/wp-content\/uploads\/2023\/05\/Evolve-logo.svg","contentUrl":"https:\/\/evolve-fitness.eu\/wp-content\/uploads\/2023\/05\/Evolve-logo.svg","width":176,"height":20,"caption":"Evolve"},"image":{"@id":"https:\/\/evolve-fitness.eu\/sv\/#\/schema\/logo\/image\/"},"sameAs":["https:\/\/www.facebook.com\/EvolveFitnessEurope"]}]}},"_links":{"self":[{"href":"https:\/\/evolve-fitness.eu\/sv\/wp-json\/wp\/v2\/product\/39674","targetHints":{"allow":["GET"]}}],"collection":[{"href":"https:\/\/evolve-fitness.eu\/sv\/wp-json\/wp\/v2\/product"}],"about":[{"href":"https:\/\/evolve-fitness.eu\/sv\/wp-json\/wp\/v2\/types\/product"}],"wp:featuredmedia":[{"embeddable":true,"href":"https:\/\/evolve-fitness.eu\/sv\/wp-json\/wp\/v2\/media\/39677"}],"wp:attachment":[{"href":"https:\/\/evolve-fitness.eu\/sv\/wp-json\/wp\/v2\/media?parent=39674"}],"wp:term":[{"taxonomy":"product_brand","embeddable":true,"href":"https:\/\/evolve-fitness.eu\/sv\/wp-json\/wp\/v2\/product_brand?post=39674"},{"taxonomy":"product_cat","embeddable":true,"href":"https:\/\/evolve-fitness.eu\/sv\/wp-json\/wp\/v2\/product_cat?post=39674"},{"taxonomy":"product_tag","embeddable":true,"href":"https:\/\/evolve-fitness.eu\/sv\/wp-json\/wp\/v2\/product_tag?post=39674"}],"curies":[{"name":"wp","href":"https:\/\/api.w.org\/{rel}","templated":true}]}}