{"id":46052,"date":"2023-11-13T14:03:50","date_gmt":"2023-11-13T14:03:50","guid":{"rendered":"https:\/\/evolve-fitness.eu\/product\/evolve-tavlingskettlebells-i-uretan\/"},"modified":"2026-04-17T11:32:58","modified_gmt":"2026-04-17T08:32:58","slug":"evolve-tavlingskettlebells-i-uretan","status":"publish","type":"product","link":"https:\/\/evolve-fitness.eu\/sv\/produkt\/evolve-tavlingskettlebells-i-uretan\/","title":{"rendered":"Evolve Urethane Competition Kettlebells (KB-TP)"},"content":{"rendered":"\n<section class=\"wp-block-group alignfull has-lightgray-background-color has-background is-layout-constrained wp-block-group-is-layout-constrained\">\n<div class=\"wp-block-columns alignwide is-layout-flex wp-container-core-columns-is-layout-2edb0647 wp-block-columns-is-layout-flex\" style=\"margin-top:0;margin-bottom:0\">\n<div class=\"wp-block-column is-layout-flow wp-block-column-is-layout-flow\" style=\"flex-basis:33.33%\"><\/div>\n\n\n\n<div class=\"wp-block-column is-layout-flow wp-block-column-is-layout-flow\" style=\"flex-basis:66.66%\"><\/div>\n<\/div>\n<\/section>\n\n<section class=\"wp-block-group alignfull black-content has-white-color has-darkgray-background-color has-text-color has-background is-layout-constrained wp-block-group-is-layout-constrained\" style=\"padding-top:var(--wp--preset--spacing--section-bottom);padding-bottom:var(--wp--preset--spacing--section-bottom)\">\n<div class=\"wp-block-columns alignwide mobile-reverse is-layout-flex wp-container-core-columns-is-layout-ca64bf2d wp-block-columns-is-layout-flex\" style=\"margin-bottom:var(--wp--preset--spacing--side-padding)\">\n<div class=\"wp-block-column is-vertically-aligned-center is-layout-flow wp-block-column-is-layout-flow\">\n<h3 class=\"wp-block-heading\" style=\"margin-bottom:var(--wp--preset--spacing--h-3-bottom)\">Extrem h\u00e5llbarhet<\/h3>\n\n\n\n<p><strong><em><strong><em><strong><em>Motst\u00e5r p\u00e5frestningarna fr\u00e5n intensiva tr\u00e4ningspass<\/em><\/strong><\/em><\/strong><\/em><\/strong><\/p>\n\n\n\n<p style=\"margin-bottom:var(--wp--preset--spacing--tb-section-padding)\">Evolve kettlebells har en toppmodern uretanbel\u00e4ggning, k\u00e4nd f\u00f6r sin \u00f6verl\u00e4gsna slagt\u00e5lighet och l\u00e5nga livsl\u00e4ngd. Till skillnad fr\u00e5n traditionella kettlebells i gummi eller st\u00e5l klarar v\u00e5ra modeller i uretan intensiva tr\u00e4ningspass utan att flisas, spricka eller f\u00f6rlora sin livfulla f\u00e4rg.<\/p>\n\n\n\n<h3 class=\"wp-block-heading\" style=\"margin-bottom:var(--wp--preset--spacing--h-3-bottom)\">Konsekvent teknikutveckling<\/h3>\n\n\n\n<p><strong><em><strong><em><strong><em>  Identisk storlek<\/em><\/strong><\/em><\/strong><\/em><\/strong><\/p>\n\n\n\n<p style=\"margin-bottom:var(--wp--preset--spacing--tb-section-padding)\">Alla Evolve kettlebells \u00e4r tillverkade f\u00f6r att uppfylla internationella t\u00e4vlingsstandarder och har identisk storlek och diameter i alla vikter. Denna enhetlighet m\u00f6jligg\u00f6r s\u00f6ml\u00f6s vikt\u00f6kning utan att du beh\u00f6ver justera din teknik, vilket fr\u00e4mjar b\u00e4ttre prestanda och lyftf\u00f6rtroende.<\/p>\n<\/div>\n\n\n\n<div class=\"wp-block-column is-vertically-aligned-center is-layout-flow wp-block-column-is-layout-flow\">\n<figure class=\"wp-block-image alignright size-full is-resized is-style-rounded\"><img loading=\"lazy\" decoding=\"async\" width=\"1080\" height=\"1080\" src=\"https:\/\/evolve-fitness.eu\/wp-content\/uploads\/2023\/11\/Dizainas-be-pavadinimo-4.png\" alt=\"\" class=\"wp-image-150688\" style=\"object-fit:cover;width:680px;height:600px\" srcset=\"https:\/\/evolve-fitness.eu\/wp-content\/uploads\/2023\/11\/Dizainas-be-pavadinimo-4.png 1080w, https:\/\/evolve-fitness.eu\/wp-content\/uploads\/2023\/11\/Dizainas-be-pavadinimo-4-300x300.png 300w, https:\/\/evolve-fitness.eu\/wp-content\/uploads\/2023\/11\/Dizainas-be-pavadinimo-4-150x150.png 150w, https:\/\/evolve-fitness.eu\/wp-content\/uploads\/2023\/11\/Dizainas-be-pavadinimo-4-600x600.png 600w, https:\/\/evolve-fitness.eu\/wp-content\/uploads\/2023\/11\/Dizainas-be-pavadinimo-4-1024x1024.png 1024w, https:\/\/evolve-fitness.eu\/wp-content\/uploads\/2023\/11\/Dizainas-be-pavadinimo-4-768x768.png 768w\" sizes=\"auto, (max-width: 1080px) 100vw, 1080px\" \/><\/figure>\n<\/div>\n<\/div>\n\n\n\n<div class=\"wp-block-columns alignwide is-layout-flex wp-container-core-columns-is-layout-c45ee707 wp-block-columns-is-layout-flex\" style=\"margin-bottom:var(--wp--preset--spacing--side-padding);padding-top:var(--wp--preset--spacing--side-padding)\">\n<div class=\"wp-block-column is-vertically-aligned-center is-layout-flow wp-block-column-is-layout-flow\">\n<figure class=\"wp-block-video\"><video height=\"2160\" style=\"aspect-ratio: 3840 \/ 2160;\" width=\"3840\" autoplay=\"\" controls=\"\" loop=\"\" muted=\"\" src=\"https:\/\/evolve-fitness.eu\/wp-content\/uploads\/2023\/12\/1-4.mp4\"><\/video><\/figure>\n<\/div>\n\n\n\n<div class=\"wp-block-column is-vertically-aligned-center is-layout-flow wp-block-column-is-layout-flow\">\n<h3 class=\"wp-block-heading\" style=\"margin-bottom:var(--wp--preset--spacing--h-3-bottom)\"><strong>Kettlebells bidrar till \u00f6vergripande m\u00e5l f\u00f6r kondition och h\u00e4lsa<\/strong><\/h3>\n\n\n\n<p><strong><em>Perfekta verktyg f\u00f6r att f\u00f6rb\u00e4ttra styrka, uth\u00e5llighet, balans och<\/em><\/strong>koordination<\/p>\n\n\n\n<p style=\"margin-bottom:var(--wp--preset--spacing--tb-section-padding)\">V\u00e5ra Competition Kettlebells kan p\u00e5 ett avg\u00f6rande s\u00e4tt hj\u00e4lpa dig att uppn\u00e5 dina tr\u00e4ningsm\u00e5l. Deras enhetliga storlek i olika vikter s\u00e4kerst\u00e4ller konsekvent teknik, vilket \u00e4r avg\u00f6rande f\u00f6r b\u00e5de nyb\u00f6rjare och avancerade idrottare. Den slitstarka uretanbel\u00e4ggningen och precisionsgjutningen bidrar till ett balanserat och stabilt tr\u00e4ningspass, vilket \u00f6kar styrketr\u00e4ningens effektivitet. Dessa kettlebells \u00e4r l\u00e4mpliga f\u00f6r ett brett utbud av \u00f6vningar som riktar sig mot olika muskelgrupper, vilket ger m\u00e5ngsidiga tr\u00e4ningsrutiner.<\/p>\n<\/div>\n<\/div>\n\n\n\n<div class=\"wp-block-columns alignwide are-vertically-aligned-center mobile-reverse is-layout-flex wp-container-core-columns-is-layout-e8158c2f wp-block-columns-is-layout-flex\" style=\"padding-top:var(--wp--preset--spacing--side-padding)\">\n<div class=\"wp-block-column is-vertically-aligned-center is-layout-flow wp-block-column-is-layout-flow\">\n<h3 class=\"wp-block-heading\" style=\"margin-bottom:var(--wp--preset--spacing--h-3-bottom)\"><strong><strong>M\u00e5ngsidighet och urval<\/strong><\/strong><\/h3>\n\n\n\n<p><strong><em><strong><em><strong>Kvalitet och v\u00e4rde<\/strong><\/em><\/strong><\/em><\/strong><\/p>\n\n\n\n<p style=\"margin-bottom:var(--wp--preset--spacing--tb-section-padding)\">Med ett brett utbud av vikter passar v\u00e5ra kettlebells alla, fr\u00e5n hemmafitnessentusiaster till kommersiella gym. De \u00e4r ett m\u00e5ngsidigt tillskott till milit\u00e4rbaser, hotell, rehabiliteringscenter och mycket mer, och erbjuder o\u00f6vertr\u00e4ffad kvalitet och v\u00e4rde.<\/p>\n\n\n\n<h3 class=\"wp-block-heading\" style=\"margin-bottom:var(--wp--preset--spacing--h-3-bottom)\"><strong><strong><strong>Teknisk spetskompetens<\/strong><\/strong><\/strong><\/h3>\n\n\n\n<p><strong><em><strong><em><strong>Maximalt saldo<\/strong><\/em><\/strong><\/em><\/strong><\/p>\n\n\n\n<p style=\"margin-bottom:var(--wp--preset--spacing--tb-section-padding)\">Evolve kettlebells \u00e4r precisionsgjutna av en robust metallegering, vilket garanterar maximal balans och m\u00e5ttnoggrannhet. Det kromade handtaget ger en touch av elegans och komfort, medan den platta basen s\u00e4kerst\u00e4ller stabilitet under alla \u00f6vningar.<\/p>\n<\/div>\n\n\n\n<div class=\"wp-block-column is-vertically-aligned-center is-layout-flow wp-block-column-is-layout-flow\">\n<figure class=\"wp-block-image alignright size-full is-resized is-style-rounded\"><img loading=\"lazy\" decoding=\"async\" width=\"680\" height=\"600\" src=\"https:\/\/evolve-fitness.eu\/wp-content\/uploads\/2023\/11\/Evolve-TPU-Kettlebell-3.png\" alt=\"\" class=\"wp-image-5594\" style=\"object-fit:cover;width:680px;height:600px\" srcset=\"https:\/\/evolve-fitness.eu\/wp-content\/uploads\/2023\/11\/Evolve-TPU-Kettlebell-3.png 680w, https:\/\/evolve-fitness.eu\/wp-content\/uploads\/2023\/11\/Evolve-TPU-Kettlebell-3-300x265.png 300w, https:\/\/evolve-fitness.eu\/wp-content\/uploads\/2023\/11\/Evolve-TPU-Kettlebell-3-170x150.png 170w, https:\/\/evolve-fitness.eu\/wp-content\/uploads\/2023\/11\/Evolve-TPU-Kettlebell-3-600x529.png 600w, https:\/\/evolve-fitness.eu\/wp-content\/uploads\/2023\/11\/Evolve-TPU-Kettlebell-3-150x132.png 150w\" sizes=\"auto, (max-width: 680px) 100vw, 680px\" \/><\/figure>\n<\/div>\n<\/div>\n\n\n\n<div class=\"wp-block-columns alignwide is-layout-flex wp-container-core-columns-is-layout-c45ee707 wp-block-columns-is-layout-flex\" style=\"margin-bottom:var(--wp--preset--spacing--side-padding);padding-top:var(--wp--preset--spacing--side-padding)\">\n<div class=\"wp-block-column is-vertically-aligned-center is-layout-flow wp-block-column-is-layout-flow\">\n<figure class=\"wp-block-image size-full is-resized is-style-rounded\"><img loading=\"lazy\" decoding=\"async\" width=\"1200\" height=\"1200\" src=\"https:\/\/evolve-fitness.eu\/wp-content\/uploads\/2023\/11\/TPU-kettlebell-6.png\" alt=\"\" class=\"wp-image-5592\" style=\"object-fit:cover;width:680px;height:600px\" srcset=\"https:\/\/evolve-fitness.eu\/wp-content\/uploads\/2023\/11\/TPU-kettlebell-6.png 1200w, https:\/\/evolve-fitness.eu\/wp-content\/uploads\/2023\/11\/TPU-kettlebell-6-300x300.png 300w, https:\/\/evolve-fitness.eu\/wp-content\/uploads\/2023\/11\/TPU-kettlebell-6-150x150.png 150w, https:\/\/evolve-fitness.eu\/wp-content\/uploads\/2023\/11\/TPU-kettlebell-6-600x600.png 600w, https:\/\/evolve-fitness.eu\/wp-content\/uploads\/2023\/11\/TPU-kettlebell-6-1024x1024.png 1024w, https:\/\/evolve-fitness.eu\/wp-content\/uploads\/2023\/11\/TPU-kettlebell-6-768x768.png 768w\" sizes=\"auto, (max-width: 1200px) 100vw, 1200px\" \/><\/figure>\n<\/div>\n\n\n\n<div class=\"wp-block-column is-vertically-aligned-center is-layout-flow wp-block-column-is-layout-flow\">\n<h3 class=\"wp-block-heading\" style=\"margin-bottom:var(--wp--preset--spacing--h-3-bottom)\"><strong>Ljudabsorberande och golvskyddande<\/strong><\/h3>\n\n\n\n<p><strong><em><strong><em><strong><em>Uretan<\/em><\/strong><\/em><\/strong><\/em><\/strong>s<strong><em><strong><em><strong><em> h\u00e5llbarhet<\/em><\/strong><\/em><\/strong><\/em><\/strong><\/p>\n\n\n\n<p style=\"margin-bottom:var(--wp--preset--spacing--tb-section-padding)\">Den h\u00f6gkvalitativa uretanbel\u00e4ggningen \u00f6kar inte bara h\u00e5llbarheten utan skyddar ocks\u00e5 ditt tr\u00e4ningsutrymme. De ljudabsorberande och rept\u00e5liga egenskaperna g\u00f6r v\u00e5ra kettlebells till det perfekta valet f\u00f6r b\u00e5de gym och hemmilj\u00f6.<\/p>\n\n\n\n<h3 class=\"wp-block-heading\" style=\"margin-bottom:var(--wp--preset--spacing--h-3-bottom)\"><strong><strong>Anpassning f\u00f6r ditt varum\u00e4rke<\/strong><\/strong><\/h3>\n\n\n\n<p><strong><em><strong><em><strong><em>Skr\u00e4ddarsydd f\u00f6r ditt varum\u00e4rke<\/em><\/strong><\/em><\/strong><\/em><\/strong><\/p>\n\n\n\n<p style=\"margin-bottom:var(--wp--preset--spacing--tb-section-padding)\">F\u00f6rh\u00f6j din anl\u00e4ggnings estetik med Evolves anpassningsalternativ. Vi erbjuder f\u00e4rgmatchning till ditt varum\u00e4rke och din interi\u00f6r, tillsammans med lasersk\u00e4rning och uretaninfusion f\u00f6r logotyper och viktangivelser, vilket s\u00e4kerst\u00e4ller en personlig och professionell touch.<\/p>\n<\/div>\n<\/div>\n\n\n\n<div class=\"wp-block-columns alignwide are-vertically-aligned-center mobile-reverse is-layout-flex wp-container-core-columns-is-layout-e8158c2f wp-block-columns-is-layout-flex\" style=\"padding-top:var(--wp--preset--spacing--side-padding)\">\n<div class=\"wp-block-column is-vertically-aligned-center is-layout-flow wp-block-column-is-layout-flow\">\n<h3 class=\"wp-block-heading\" style=\"margin-bottom:var(--wp--preset--spacing--h-3-bottom)\"><strong><strong>Konstruerad f\u00f6r h\u00f6gpresterande tr\u00e4ning<\/strong><\/strong><\/h3>\n\n\n\n<p>Utvecklad f\u00f6r b\u00e5de styrke- och f\u00e4rdighetsbaserad tr\u00e4ning<\/p>\n\n\n\n<p style=\"margin-bottom:var(--wp--preset--spacing--tb-section-padding)\">Evolve TPU Urethane Competition Kettlebells \u00e4r ocks\u00e5 utm\u00e4rkta f\u00f6r muskeltillv\u00e4xt. Kettlebell-\u00f6vningar engagerar flera muskelgrupper, vilket fr\u00e4mjar funktionell styrka och muskelhypertrofi. De varierade viktalternativen m\u00f6jligg\u00f6r progressiv \u00f6verbelastning, vilket \u00e4r avg\u00f6rande f\u00f6r muskeluppbyggnad. Genom att integrera sammansatta r\u00f6relser och dynamiska \u00f6vningar hj\u00e4lper dessa kettlebells till att stimulera muskeltillv\u00e4xt effektivt \u00f6ver olika kroppsdelar.<\/p>\n<\/div>\n\n\n\n<div class=\"wp-block-column is-vertically-aligned-center is-layout-flow wp-block-column-is-layout-flow\">\n<figure class=\"wp-block-video\"><video height=\"2160\" style=\"aspect-ratio: 3840 \/ 2160;\" width=\"3840\" autoplay=\"\" controls=\"\" loop=\"\" muted=\"\" src=\"https:\/\/evolve-fitness.eu\/wp-content\/uploads\/2023\/12\/2-3.mp4\"><\/video><\/figure>\n<\/div>\n<\/div>\n\n\n\n<h4 class=\"wp-block-heading has-text-align-center\" style=\"padding-top:var(--wp--preset--spacing--tb-padding);padding-bottom:var(--wp--preset--spacing--tb-padding)\"><strong>Skaffa dina Evolve TPU Urethane Competition Kettlebells idag<\/strong><\/h4>\n\n\n\n<p class=\"has-text-align-center has-medium-font-size\"><strong>V\u00e4lj Evolve f\u00f6r dina tr\u00e4ningsbehov och anslut dig till skaran av toppidrottare som n\u00f6jer sig med inget annat \u00e4n det b\u00e4sta. Handla v\u00e5r kollektion nu och upplev Evolve skillnaden! <\/strong><\/p>\n<\/section>\n","protected":false},"excerpt":{"rendered":"<p>  V\u00e4lkommen till den ultimata styrketr\u00e4ningsupplevelsen med v\u00e5ra Evolve TPU Urethane Competition Kettlebells. V\u00e5ra kettlebells \u00e4r utformade f\u00f6r idrottare som kr\u00e4ver det b\u00e4sta och erbjuder en perfekt blandning av h\u00e5llbarhet, enhetlighet och professionell kvalitet. Fr\u00e5n 8 kg till 44 kg, uppt\u00e4ck kraften i exceptionell utrustning som klarar tidens och intensitetens test.<\/p>\n","protected":false},"featured_media":150738,"template":"","meta":{"_acf_changed":false,"inline_featured_image":false},"product_brand":[],"product_cat":[1568,13028,4869],"product_tag":[],"class_list":{"0":"post-46052","1":"product","2":"type-product","3":"status-publish","4":"has-post-thumbnail","6":"product_cat-fria-vikter","7":"product_cat-hyrox-redskap","8":"product_cat-kettlebells-sv","10":"first","11":"instock","12":"shipping-taxable","13":"purchasable","14":"product-type-variable"},"acf":{"long_title":"Evolve TPU Urethane Competition Kettlebells (KB-TP)","subtitle":"","specifications":[{"label":"SKU","text_value":"EV-KB-TP","icon":"x"},{"label":"F\u00f6rkromat handtag f\u00f6r glansig finish och elegant utseende","text_value":"","icon":"v"},{"label":"Uretanbel\u00e4ggning f\u00f6r maximal h\u00e5llbarhet","text_value":"","icon":"v"},{"label":"Laserskuren, uretaninfuserad logotyp och viktnummer","text_value":"","icon":"v"},{"label":"Bred, platt bas f\u00f6r perfekt balans","text_value":"","icon":"v"}],"product_frequently_asked_questions":null},"yoast_head":"<!-- This site is optimized with the Yoast SEO plugin v27.4 - https:\/\/yoast.com\/product\/yoast-seo-wordpress\/ -->\n<title>Evolve Urethane Competition Kettlebells (KB-TP) - Evolve<\/title>\n<meta name=\"robots\" content=\"index, follow, max-snippet:-1, max-image-preview:large, max-video-preview:-1\" \/>\n<link rel=\"canonical\" href=\"https:\/\/evolve-fitness.eu\/sv\/produkt\/evolve-tavlingskettlebells-i-uretan\/\" \/>\n<meta property=\"og:locale\" content=\"sv_SE\" \/>\n<meta property=\"og:type\" content=\"article\" \/>\n<meta property=\"og:title\" content=\"Evolve Urethane Competition Kettlebells (KB-TP) - Evolve\" \/>\n<meta property=\"og:url\" content=\"https:\/\/evolve-fitness.eu\/sv\/produkt\/evolve-tavlingskettlebells-i-uretan\/\" \/>\n<meta property=\"og:site_name\" content=\"Evolve\" \/>\n<meta property=\"article:publisher\" content=\"https:\/\/www.facebook.com\/EvolveFitnessEurope\" \/>\n<meta property=\"article:modified_time\" content=\"2026-04-17T08:32:58+00:00\" \/>\n<meta property=\"og:image\" content=\"https:\/\/evolve-fitness.eu\/wp-content\/uploads\/2023\/11\/Dizainas-be-pavadinimo-4-1.png\" \/>\n\t<meta property=\"og:image:width\" content=\"1080\" \/>\n\t<meta property=\"og:image:height\" content=\"1080\" \/>\n\t<meta property=\"og:image:type\" content=\"image\/png\" \/>\n<meta name=\"twitter:card\" content=\"summary_large_image\" \/>\n<script type=\"application\/ld+json\" class=\"yoast-schema-graph\">{\"@context\":\"https:\\\/\\\/schema.org\",\"@graph\":[{\"@type\":\"WebPage\",\"@id\":\"https:\\\/\\\/evolve-fitness.eu\\\/sv\\\/produkt\\\/evolve-tavlingskettlebells-i-uretan\\\/\",\"url\":\"https:\\\/\\\/evolve-fitness.eu\\\/sv\\\/produkt\\\/evolve-tavlingskettlebells-i-uretan\\\/\",\"name\":\"Evolve Urethane Competition Kettlebells (KB-TP) - Evolve\",\"isPartOf\":{\"@id\":\"https:\\\/\\\/evolve-fitness.eu\\\/sv\\\/#website\"},\"primaryImageOfPage\":{\"@id\":\"https:\\\/\\\/evolve-fitness.eu\\\/sv\\\/produkt\\\/evolve-tavlingskettlebells-i-uretan\\\/#primaryimage\"},\"image\":{\"@id\":\"https:\\\/\\\/evolve-fitness.eu\\\/sv\\\/produkt\\\/evolve-tavlingskettlebells-i-uretan\\\/#primaryimage\"},\"thumbnailUrl\":\"https:\\\/\\\/evolve-fitness.eu\\\/wp-content\\\/uploads\\\/2023\\\/11\\\/Dizainas-be-pavadinimo-4-1.png\",\"datePublished\":\"2023-11-13T14:03:50+00:00\",\"dateModified\":\"2026-04-17T08:32:58+00:00\",\"breadcrumb\":{\"@id\":\"https:\\\/\\\/evolve-fitness.eu\\\/sv\\\/produkt\\\/evolve-tavlingskettlebells-i-uretan\\\/#breadcrumb\"},\"inLanguage\":\"sv-SE\",\"potentialAction\":[{\"@type\":\"ReadAction\",\"target\":[\"https:\\\/\\\/evolve-fitness.eu\\\/sv\\\/produkt\\\/evolve-tavlingskettlebells-i-uretan\\\/\"]}]},{\"@type\":\"ImageObject\",\"inLanguage\":\"sv-SE\",\"@id\":\"https:\\\/\\\/evolve-fitness.eu\\\/sv\\\/produkt\\\/evolve-tavlingskettlebells-i-uretan\\\/#primaryimage\",\"url\":\"https:\\\/\\\/evolve-fitness.eu\\\/wp-content\\\/uploads\\\/2023\\\/11\\\/Dizainas-be-pavadinimo-4-1.png\",\"contentUrl\":\"https:\\\/\\\/evolve-fitness.eu\\\/wp-content\\\/uploads\\\/2023\\\/11\\\/Dizainas-be-pavadinimo-4-1.png\",\"width\":1080,\"height\":1080},{\"@type\":\"BreadcrumbList\",\"@id\":\"https:\\\/\\\/evolve-fitness.eu\\\/sv\\\/produkt\\\/evolve-tavlingskettlebells-i-uretan\\\/#breadcrumb\",\"itemListElement\":[{\"@type\":\"ListItem\",\"position\":1,\"name\":\"Home\",\"item\":\"https:\\\/\\\/evolve-fitness.eu\\\/sv\\\/\"},{\"@type\":\"ListItem\",\"position\":2,\"name\":\"Produkter\",\"item\":\"https:\\\/\\\/evolve-fitness.eu\\\/sv\\\/shop\\\/\"},{\"@type\":\"ListItem\",\"position\":3,\"name\":\"Evolve Urethane Competition Kettlebells (KB-TP)\"}]},{\"@type\":\"WebSite\",\"@id\":\"https:\\\/\\\/evolve-fitness.eu\\\/sv\\\/#website\",\"url\":\"https:\\\/\\\/evolve-fitness.eu\\\/sv\\\/\",\"name\":\"Evolve\",\"description\":\"Your Evolved Gear Arrived\",\"publisher\":{\"@id\":\"https:\\\/\\\/evolve-fitness.eu\\\/sv\\\/#organization\"},\"potentialAction\":[{\"@type\":\"SearchAction\",\"target\":{\"@type\":\"EntryPoint\",\"urlTemplate\":\"https:\\\/\\\/evolve-fitness.eu\\\/sv\\\/?s={search_term_string}\"},\"query-input\":{\"@type\":\"PropertyValueSpecification\",\"valueRequired\":true,\"valueName\":\"search_term_string\"}}],\"inLanguage\":\"sv-SE\"},{\"@type\":\"Organization\",\"@id\":\"https:\\\/\\\/evolve-fitness.eu\\\/sv\\\/#organization\",\"name\":\"Evolve\",\"url\":\"https:\\\/\\\/evolve-fitness.eu\\\/sv\\\/\",\"logo\":{\"@type\":\"ImageObject\",\"inLanguage\":\"sv-SE\",\"@id\":\"https:\\\/\\\/evolve-fitness.eu\\\/sv\\\/#\\\/schema\\\/logo\\\/image\\\/\",\"url\":\"https:\\\/\\\/evolve-fitness.eu\\\/wp-content\\\/uploads\\\/2023\\\/05\\\/Evolve-logo.svg\",\"contentUrl\":\"https:\\\/\\\/evolve-fitness.eu\\\/wp-content\\\/uploads\\\/2023\\\/05\\\/Evolve-logo.svg\",\"width\":176,\"height\":20,\"caption\":\"Evolve\"},\"image\":{\"@id\":\"https:\\\/\\\/evolve-fitness.eu\\\/sv\\\/#\\\/schema\\\/logo\\\/image\\\/\"},\"sameAs\":[\"https:\\\/\\\/www.facebook.com\\\/EvolveFitnessEurope\"]}]}<\/script>\n<!-- \/ Yoast SEO plugin. -->","yoast_head_json":{"title":"Evolve Urethane Competition Kettlebells (KB-TP) - Evolve","robots":{"index":"index","follow":"follow","max-snippet":"max-snippet:-1","max-image-preview":"max-image-preview:large","max-video-preview":"max-video-preview:-1"},"canonical":"https:\/\/evolve-fitness.eu\/sv\/produkt\/evolve-tavlingskettlebells-i-uretan\/","og_locale":"sv_SE","og_type":"article","og_title":"Evolve Urethane Competition Kettlebells (KB-TP) - Evolve","og_url":"https:\/\/evolve-fitness.eu\/sv\/produkt\/evolve-tavlingskettlebells-i-uretan\/","og_site_name":"Evolve","article_publisher":"https:\/\/www.facebook.com\/EvolveFitnessEurope","article_modified_time":"2026-04-17T08:32:58+00:00","og_image":[{"width":1080,"height":1080,"url":"https:\/\/evolve-fitness.eu\/wp-content\/uploads\/2023\/11\/Dizainas-be-pavadinimo-4-1.png","type":"image\/png"}],"twitter_card":"summary_large_image","schema":{"@context":"https:\/\/schema.org","@graph":[{"@type":"WebPage","@id":"https:\/\/evolve-fitness.eu\/sv\/produkt\/evolve-tavlingskettlebells-i-uretan\/","url":"https:\/\/evolve-fitness.eu\/sv\/produkt\/evolve-tavlingskettlebells-i-uretan\/","name":"Evolve Urethane Competition Kettlebells (KB-TP) - Evolve","isPartOf":{"@id":"https:\/\/evolve-fitness.eu\/sv\/#website"},"primaryImageOfPage":{"@id":"https:\/\/evolve-fitness.eu\/sv\/produkt\/evolve-tavlingskettlebells-i-uretan\/#primaryimage"},"image":{"@id":"https:\/\/evolve-fitness.eu\/sv\/produkt\/evolve-tavlingskettlebells-i-uretan\/#primaryimage"},"thumbnailUrl":"https:\/\/evolve-fitness.eu\/wp-content\/uploads\/2023\/11\/Dizainas-be-pavadinimo-4-1.png","datePublished":"2023-11-13T14:03:50+00:00","dateModified":"2026-04-17T08:32:58+00:00","breadcrumb":{"@id":"https:\/\/evolve-fitness.eu\/sv\/produkt\/evolve-tavlingskettlebells-i-uretan\/#breadcrumb"},"inLanguage":"sv-SE","potentialAction":[{"@type":"ReadAction","target":["https:\/\/evolve-fitness.eu\/sv\/produkt\/evolve-tavlingskettlebells-i-uretan\/"]}]},{"@type":"ImageObject","inLanguage":"sv-SE","@id":"https:\/\/evolve-fitness.eu\/sv\/produkt\/evolve-tavlingskettlebells-i-uretan\/#primaryimage","url":"https:\/\/evolve-fitness.eu\/wp-content\/uploads\/2023\/11\/Dizainas-be-pavadinimo-4-1.png","contentUrl":"https:\/\/evolve-fitness.eu\/wp-content\/uploads\/2023\/11\/Dizainas-be-pavadinimo-4-1.png","width":1080,"height":1080},{"@type":"BreadcrumbList","@id":"https:\/\/evolve-fitness.eu\/sv\/produkt\/evolve-tavlingskettlebells-i-uretan\/#breadcrumb","itemListElement":[{"@type":"ListItem","position":1,"name":"Home","item":"https:\/\/evolve-fitness.eu\/sv\/"},{"@type":"ListItem","position":2,"name":"Produkter","item":"https:\/\/evolve-fitness.eu\/sv\/shop\/"},{"@type":"ListItem","position":3,"name":"Evolve Urethane Competition Kettlebells (KB-TP)"}]},{"@type":"WebSite","@id":"https:\/\/evolve-fitness.eu\/sv\/#website","url":"https:\/\/evolve-fitness.eu\/sv\/","name":"Evolve","description":"Your Evolved Gear Arrived","publisher":{"@id":"https:\/\/evolve-fitness.eu\/sv\/#organization"},"potentialAction":[{"@type":"SearchAction","target":{"@type":"EntryPoint","urlTemplate":"https:\/\/evolve-fitness.eu\/sv\/?s={search_term_string}"},"query-input":{"@type":"PropertyValueSpecification","valueRequired":true,"valueName":"search_term_string"}}],"inLanguage":"sv-SE"},{"@type":"Organization","@id":"https:\/\/evolve-fitness.eu\/sv\/#organization","name":"Evolve","url":"https:\/\/evolve-fitness.eu\/sv\/","logo":{"@type":"ImageObject","inLanguage":"sv-SE","@id":"https:\/\/evolve-fitness.eu\/sv\/#\/schema\/logo\/image\/","url":"https:\/\/evolve-fitness.eu\/wp-content\/uploads\/2023\/05\/Evolve-logo.svg","contentUrl":"https:\/\/evolve-fitness.eu\/wp-content\/uploads\/2023\/05\/Evolve-logo.svg","width":176,"height":20,"caption":"Evolve"},"image":{"@id":"https:\/\/evolve-fitness.eu\/sv\/#\/schema\/logo\/image\/"},"sameAs":["https:\/\/www.facebook.com\/EvolveFitnessEurope"]}]}},"_links":{"self":[{"href":"https:\/\/evolve-fitness.eu\/sv\/wp-json\/wp\/v2\/product\/46052","targetHints":{"allow":["GET"]}}],"collection":[{"href":"https:\/\/evolve-fitness.eu\/sv\/wp-json\/wp\/v2\/product"}],"about":[{"href":"https:\/\/evolve-fitness.eu\/sv\/wp-json\/wp\/v2\/types\/product"}],"wp:featuredmedia":[{"embeddable":true,"href":"https:\/\/evolve-fitness.eu\/sv\/wp-json\/wp\/v2\/media\/150738"}],"wp:attachment":[{"href":"https:\/\/evolve-fitness.eu\/sv\/wp-json\/wp\/v2\/media?parent=46052"}],"wp:term":[{"taxonomy":"product_brand","embeddable":true,"href":"https:\/\/evolve-fitness.eu\/sv\/wp-json\/wp\/v2\/product_brand?post=46052"},{"taxonomy":"product_cat","embeddable":true,"href":"https:\/\/evolve-fitness.eu\/sv\/wp-json\/wp\/v2\/product_cat?post=46052"},{"taxonomy":"product_tag","embeddable":true,"href":"https:\/\/evolve-fitness.eu\/sv\/wp-json\/wp\/v2\/product_tag?post=46052"}],"curies":[{"name":"wp","href":"https:\/\/api.w.org\/{rel}","templated":true}]}}