{"id":48598,"date":"2023-11-16T08:35:52","date_gmt":"2023-11-16T08:35:52","guid":{"rendered":"https:\/\/evolve-fitness.eu\/product\/evolve-ultra-series-plattbelastad-hack-squat-2\/"},"modified":"2026-03-31T15:35:53","modified_gmt":"2026-03-31T12:35:53","slug":"evolve-ultra-series-plattbelastad-hack-squat-2","status":"publish","type":"product","link":"https:\/\/evolve-fitness.eu\/sv\/produkt\/evolve-ultra-series-plattbelastad-hack-squat-2\/","title":{"rendered":"Evolve Ultra Series plattbelastad hack squat (UL-360)"},"content":{"rendered":"\n<section class=\"wp-block-group alignfull has-lightgray-background-color has-background is-layout-constrained wp-block-group-is-layout-constrained\">\n<div class=\"wp-block-columns alignwide is-layout-flex wp-container-core-columns-is-layout-2edb0647 wp-block-columns-is-layout-flex\" style=\"margin-top:0;margin-bottom:0\">\n<div class=\"wp-block-column is-layout-flow wp-block-column-is-layout-flow\" style=\"flex-basis:33.33%\"><\/div>\n\n\n\n<div class=\"wp-block-column is-layout-flow wp-block-column-is-layout-flow\" style=\"flex-basis:66.66%\"><\/div>\n<\/div>\n<\/section>\n\n<section class=\"wp-block-group alignfull black-content has-white-color has-darkgray-background-color has-text-color has-background is-layout-constrained wp-block-group-is-layout-constrained\" style=\"padding-top:var(--wp--preset--spacing--section-bottom);padding-bottom:var(--wp--preset--spacing--section-bottom)\">\n<section class=\"wp-block-group alignfull black-content has-white-color has-darkgray-background-color has-text-color has-background is-layout-constrained wp-block-group-is-layout-constrained\" style=\"margin-bottom:0;padding-top:var(--wp--preset--spacing--tb-padding);padding-bottom:var(--wp--preset--spacing--tb-padding)\">\n<div class=\"wp-block-columns alignwide mobile-reverse is-layout-flex wp-container-core-columns-is-layout-7a02faa9 wp-block-columns-is-layout-flex\" style=\"margin-bottom:var(--wp--preset--spacing--tb-section-padding)\">\n<div class=\"wp-block-column is-vertically-aligned-center is-layout-flow wp-block-column-is-layout-flow\">\n<h3 class=\"wp-block-heading\" style=\"margin-bottom:var(--wp--preset--spacing--h-3-bottom)\"><strong><strong><strong><strong><strong><strong><strong>Riktad muskelp\u00e5verkan<\/strong><\/strong><\/strong><\/strong><\/strong><\/strong><\/strong><\/h3>\n\n\n\n<p><strong><em><strong><strong><strong><strong><strong>Unilateral armr\u00f6relse (tillg\u00e4nglig p\u00e5 vissa maskiner)<\/strong><\/strong><\/strong><\/strong><\/strong><\/em><\/strong><\/p>\n\n\n\n<p>Evolve Ultra Series Plate Loaded Hack Squat-maskin \u00e4r konstruerad f\u00f6r att ge en omfattande tr\u00e4ning av underkroppen, med inriktning p\u00e5 quadriceps, hamstrings och glutes. Den ergonomiska designen s\u00e4kerst\u00e4ller korrekt kroppsposition och stabilitet under tr\u00e4ningen, medan den justerbara fotplattan passar anv\u00e4ndare med olika l\u00e4ngd och preferenser. Med anpassningsbara motst\u00e5ndsniv\u00e5er kan anv\u00e4ndarna skr\u00e4ddarsy sina tr\u00e4ningspass s\u00e5 att de passar deras styrka och konditionsm\u00e5l, vilket passar individer p\u00e5 alla erfarenhetsniv\u00e5er. Genom att betona korrekt form och teknik hj\u00e4lper Hack Squat-maskinen till att f\u00f6rb\u00e4ttra underkroppens styrka, stabilitet och \u00f6vergripande funktion. Oavsett om anv\u00e4ndaren vill bygga muskelmassa, \u00f6ka styrkan eller f\u00f6rb\u00e4ttra muskeluth\u00e5lligheten, erbjuder Hack Squat en effektiv l\u00f6sning f\u00f6r att uppn\u00e5 sina tr\u00e4ningsm\u00e5l.<\/p>\n<\/div>\n\n\n\n<div class=\"wp-block-column is-vertically-aligned-center is-layout-flow wp-block-column-is-layout-flow\">\n<figure class=\"wp-block-video\"><video height=\"2000\" style=\"aspect-ratio: 2000 \/ 2000;\" width=\"2000\" autoplay=\"\" controls=\"\" loop=\"\" muted=\"\" src=\"https:\/\/evolve-fitness.eu\/wp-content\/uploads\/2024\/03\/EV-PL-UL-360-Evolve-Ultra-Series-Plate-Loaded-Hack-Squat-1.mp4\"><\/video><\/figure>\n<\/div>\n<\/div>\n\n\n\n<div class=\"wp-block-columns alignwide mobile-reverse is-layout-flex wp-container-core-columns-is-layout-7a02faa9 wp-block-columns-is-layout-flex\" style=\"margin-bottom:var(--wp--preset--spacing--tb-section-padding)\">\n<div class=\"wp-block-column is-vertically-aligned-center is-layout-flow wp-block-column-is-layout-flow\">\n<figure class=\"wp-block-image size-large\"><img loading=\"lazy\" decoding=\"async\" width=\"1024\" height=\"1024\" src=\"https:\/\/evolve-fitness.eu\/wp-content\/uploads\/2024\/03\/EV-PL-UL-360-Evolve-Ultra-Series-Plate-Loaded-Hack-Squat-7-1024x1024.jpg\" alt=\"\" class=\"wp-image-116661\" srcset=\"https:\/\/evolve-fitness.eu\/wp-content\/uploads\/2024\/03\/EV-PL-UL-360-Evolve-Ultra-Series-Plate-Loaded-Hack-Squat-7-1024x1024.jpg 1024w, https:\/\/evolve-fitness.eu\/wp-content\/uploads\/2024\/03\/EV-PL-UL-360-Evolve-Ultra-Series-Plate-Loaded-Hack-Squat-7-300x300.jpg 300w, https:\/\/evolve-fitness.eu\/wp-content\/uploads\/2024\/03\/EV-PL-UL-360-Evolve-Ultra-Series-Plate-Loaded-Hack-Squat-7-150x150.jpg 150w, https:\/\/evolve-fitness.eu\/wp-content\/uploads\/2024\/03\/EV-PL-UL-360-Evolve-Ultra-Series-Plate-Loaded-Hack-Squat-7-600x600.jpg 600w, https:\/\/evolve-fitness.eu\/wp-content\/uploads\/2024\/03\/EV-PL-UL-360-Evolve-Ultra-Series-Plate-Loaded-Hack-Squat-7-768x768.jpg 768w, https:\/\/evolve-fitness.eu\/wp-content\/uploads\/2024\/03\/EV-PL-UL-360-Evolve-Ultra-Series-Plate-Loaded-Hack-Squat-7-1536x1536.jpg 1536w, https:\/\/evolve-fitness.eu\/wp-content\/uploads\/2024\/03\/EV-PL-UL-360-Evolve-Ultra-Series-Plate-Loaded-Hack-Squat-7.jpg 2000w\" sizes=\"auto, (max-width: 1024px) 100vw, 1024px\" \/><\/figure>\n<\/div>\n\n\n\n<div class=\"wp-block-column is-vertically-aligned-center is-layout-flow wp-block-column-is-layout-flow\">\n<h3 class=\"wp-block-heading\" style=\"margin-bottom:var(--wp--preset--spacing--h-3-bottom)\"><strong><strong><strong><strong><strong><strong><strong><strong><strong>Justerbart motst\u00e5nd<\/strong><\/strong><\/strong><\/strong><\/strong><\/strong><\/strong><\/strong><\/strong><\/h3>\n\n\n\n<p><strong><em><strong><strong><strong><strong><strong><strong>Anpassningsbara viktstaplar<\/strong><\/strong><\/strong><\/strong><\/strong><\/strong><\/em><\/strong><\/p>\n\n\n\n<p>Anv\u00e4ndarna kan enkelt justera motst\u00e5ndsniv\u00e5erna genom att l\u00e4gga till eller ta bort viktplattor, vilket m\u00f6jligg\u00f6r skr\u00e4ddarsydda tr\u00e4ningspass som tillgodoser individuella styrkeniv\u00e5er och progression i vaderna. Oavsett om du siktar p\u00e5 \u00f6kad uth\u00e5llighet i vaderna eller \u00f6kad styrka ger det justerbara motst\u00e5ndet m\u00e5ngsidighet f\u00f6r anpassning till olika tr\u00e4ningsm\u00e5l.<\/p>\n\n\n\n<p><\/p>\n\n\n\n<h3 class=\"wp-block-heading\" style=\"margin-bottom:var(--wp--preset--spacing--h-3-bottom)\"><strong><strong><strong><strong><strong><strong><strong><strong>Bekv\u00e4m design<\/strong><\/strong><\/strong><\/strong><\/strong><\/strong><\/strong><\/strong><\/h3>\n\n\n\n<p><strong><em><strong><strong><strong><strong><strong><strong>Ergonomisk stoppning och handtag<\/strong><\/strong><\/strong><\/strong><\/strong><\/strong><\/em><\/strong><\/p>\n\n\n\n<p>Utformad med anv\u00e4ndarkomforten i \u00e5tanke, har Seated Calf Raise-maskinen ergonomiska dynor och handtag som fr\u00e4mjar korrekt benpositionering och st\u00f6d under \u00f6vningarna.<\/p>\n<\/div>\n<\/div>\n\n\n\n<div class=\"wp-block-columns alignwide mobile-reverse is-layout-flex wp-container-core-columns-is-layout-035fa626 wp-block-columns-is-layout-flex\" style=\"margin-bottom:var(--wp--preset--spacing--side-padding);padding-top:var(--wp--preset--spacing--tb-padding);padding-bottom:var(--wp--preset--spacing--tb-padding)\">\n<div class=\"wp-block-column is-vertically-aligned-center is-layout-flow wp-block-column-is-layout-flow\">\n<h3 class=\"wp-block-heading\" style=\"margin-bottom:var(--wp--preset--spacing--h-3-bottom)\"><strong><strong><strong><strong><strong><strong><strong><strong><strong>Kompakt fotavtryck<\/strong><\/strong><\/strong><\/strong><\/strong><\/strong><\/strong><\/strong><\/strong><\/h3>\n\n\n\n<p><strong><em><strong><strong><strong><strong><strong><strong>Utrymmeseffektiv design<\/strong><\/strong><\/strong><\/strong><\/strong><\/strong><\/em><\/strong><\/p>\n\n\n\n<p>Trots sin funktionalitet har Standing Leg Curl-maskinen ett kompakt format, vilket g\u00f6r den l\u00e4mplig f\u00f6r personer med begr\u00e4nsat tr\u00e4ningsutrymme. Den str\u00f6mlinjeformade designen maximerar utrymmeseffektiviteten utan att kompromissa med funktionaliteten, vilket s\u00e4kerst\u00e4ller en optimerad tr\u00e4ningsyta f\u00f6r effektiv tr\u00e4ning av hamstring.<\/p>\n\n\n\n<p><\/p>\n\n\n\n<h3 class=\"wp-block-heading\" style=\"margin-bottom:var(--wp--preset--spacing--h-3-bottom)\"><strong><strong><strong><strong><strong><strong><strong><strong><strong>Varaktig finish<\/strong><\/strong><\/strong><\/strong><\/strong><\/strong><\/strong><\/strong><\/strong><\/h3>\n\n\n\n<p><strong><em><strong><strong><strong><strong><strong><strong>Elektrostatisk sprutningsteknik f\u00f6r h\u00e4rdplastpulver<\/strong><\/strong><\/strong><\/strong><\/strong><\/strong><\/em><\/strong><\/p>\n\n\n\n<p>V\u00e5ra maskiner har elektrostatisk sprutteknik med h\u00e4rdplastpulver som ger en h\u00e5llbar finish. Denna avancerade bel\u00e4ggning bibeh\u00e5ller utrustningens visuella utseende \u00f6ver tid.<\/p>\n<\/div>\n\n\n\n<div class=\"wp-block-column is-vertically-aligned-center is-layout-flow wp-block-column-is-layout-flow\">\n<figure class=\"wp-block-image size-large\"><img loading=\"lazy\" decoding=\"async\" width=\"1024\" height=\"1024\" src=\"https:\/\/evolve-fitness.eu\/wp-content\/uploads\/2024\/03\/EV-PL-UL-360-Evolve-Ultra-Series-Plate-Loaded-Hack-Squat-8-1024x1024.jpg\" alt=\"\" class=\"wp-image-116686\" srcset=\"https:\/\/evolve-fitness.eu\/wp-content\/uploads\/2024\/03\/EV-PL-UL-360-Evolve-Ultra-Series-Plate-Loaded-Hack-Squat-8-1024x1024.jpg 1024w, https:\/\/evolve-fitness.eu\/wp-content\/uploads\/2024\/03\/EV-PL-UL-360-Evolve-Ultra-Series-Plate-Loaded-Hack-Squat-8-300x300.jpg 300w, https:\/\/evolve-fitness.eu\/wp-content\/uploads\/2024\/03\/EV-PL-UL-360-Evolve-Ultra-Series-Plate-Loaded-Hack-Squat-8-150x150.jpg 150w, https:\/\/evolve-fitness.eu\/wp-content\/uploads\/2024\/03\/EV-PL-UL-360-Evolve-Ultra-Series-Plate-Loaded-Hack-Squat-8-600x600.jpg 600w, https:\/\/evolve-fitness.eu\/wp-content\/uploads\/2024\/03\/EV-PL-UL-360-Evolve-Ultra-Series-Plate-Loaded-Hack-Squat-8-768x768.jpg 768w, https:\/\/evolve-fitness.eu\/wp-content\/uploads\/2024\/03\/EV-PL-UL-360-Evolve-Ultra-Series-Plate-Loaded-Hack-Squat-8-1536x1536.jpg 1536w, https:\/\/evolve-fitness.eu\/wp-content\/uploads\/2024\/03\/EV-PL-UL-360-Evolve-Ultra-Series-Plate-Loaded-Hack-Squat-8.jpg 2000w\" sizes=\"auto, (max-width: 1024px) 100vw, 1024px\" \/><\/figure>\n<\/div>\n<\/div>\n<\/section>\n<\/section>\n","protected":false},"excerpt":{"rendered":"<p>Lyft ditt gym med Evolve Ultra Series Plate Loaded Hack Squat (UL-360), en fusion av premiumkvalitet och uth\u00e5llig prestanda. Denna maskin \u00e4r tillverkad med kraftig PU-l\u00e4derkl\u00e4dsel och erbjuder exceptionell komfort och en elegant, h\u00e5llbar finish, vilket garanterar b\u00e5de lyx och livsl\u00e4ngd p\u00e5 din tr\u00e4ningsresa. UL-360 har en elektrostatisk sprutteknik med h\u00e4rdplastpulver som garanterar en h\u00e5llbar och visuellt tilltalande finish. Den innovativa designen inkluderar slitstarka golvskydd f\u00f6r att bevara gymgolvet och pinnar f\u00f6r praktisk f\u00f6rvaring av viktskivor, vilket fr\u00e4mjar ett organiserat tr\u00e4ningsutrymme. Med bultar och muttrar i rostfritt st\u00e5l som f\u00f6rst\u00e4rker konstruktionen lovar denna utrustning kompromissl\u00f6s h\u00e5llbarhet. UL-360, som v\u00e4ger 244 kg, \u00e4r idealisk f\u00f6r fitnessentusiaster som s\u00f6ker en f\u00f6rstklassig, t\u00e5lig hack squat-maskin och levereras med 2 \u00e5rs garanti och tekniska funktioner som tjock PU-l\u00e4derkl\u00e4dsel och effektiv f\u00f6rvaring av viktskivor, vilket g\u00f6r den till ett utm\u00e4rkt val f\u00f6r alla gym.<\/p>\n","protected":false},"featured_media":116634,"template":"","meta":{"_acf_changed":true,"inline_featured_image":false},"product_brand":[],"product_cat":[4878,4879],"product_tag":[],"class_list":{"0":"post-48598","1":"product","2":"type-product","3":"status-publish","4":"has-post-thumbnail","6":"product_cat-platbelastade-maskiner","7":"product_cat-ultra-series-platbelastade-maskiner","9":"first","10":"instock","11":"virtual","12":"purchasable","13":"product-type-simple"},"acf":{"long_title":"Evolve Ultra Series plattbelastad hack squat (UL-360)","subtitle":"","specifications":[{"label":"SKU","text_value":"EV-PL-UL-360","icon":"x"},{"label":"M\u00e5tt och dimensioner","text_value":"2225 x 1786 x 1578 mm","icon":"x"},{"label":"Vikt","text_value":"244 kg","icon":"x"},{"label":"Max belastning","text_value":"300 kg","icon":"x"},{"label":"Tjocklek p\u00e5 ram","text_value":"3 mm","icon":"x"},{"label":"Pinnar f\u00f6r f\u00f6rvaring av viktskivor","text_value":"4","icon":"v"},{"label":"Motst\u00e5nd","text_value":"genom att belasta viktskivor med en 51 mm hyls\u00f6ppning","icon":"x"},{"label":"H\u00e5llare f\u00f6r viktskivor f\u00f6r \u00f6kat motst\u00e5nd","text_value":"2","icon":"x"},{"label":"Integrerat skydd med justerbar h\u00f6jd","text_value":"","icon":"v"},{"label":"Handtag f\u00f6r grepp under tr\u00e4ning","text_value":"","icon":"x"},{"label":"Ljusf\u00e4rgade justeringshandtag f\u00f6r enkel identifiering","text_value":"","icon":"v"},{"label":"Kl\u00e4dsel kl\u00e4dd med antibakteriellt syntetiskt l\u00e4der","text_value":"","icon":"v"},{"label":"Integrerad h\u00f6jdjusterbar s\u00e4kerhetsspotter","text_value":"2 \u00e5r","icon":"v"},{"label":"Korrosionsskyddande f\u00e4rg","text_value":"","icon":"v"},{"label":"Metallram utan vassa kanter","text_value":"","icon":"v"},{"label":"Slitstarka golvskydd","text_value":"","icon":"v"},{"label":"Handtag med halkskydd","text_value":"","icon":"v"},{"label":"Garanti  ","text_value":"2 \u00e5r","icon":"x"}],"product_frequently_asked_questions":null},"yoast_head":"<!-- This site is optimized with the Yoast SEO plugin v27.4 - https:\/\/yoast.com\/product\/yoast-seo-wordpress\/ -->\n<title>Evolve Ultra Series plattbelastad hack squat (UL-360) - Evolve<\/title>\n<meta name=\"robots\" content=\"index, follow, max-snippet:-1, max-image-preview:large, max-video-preview:-1\" \/>\n<link rel=\"canonical\" href=\"https:\/\/evolve-fitness.eu\/sv\/produkt\/evolve-ultra-series-plattbelastad-hack-squat-2\/\" \/>\n<meta property=\"og:locale\" content=\"sv_SE\" \/>\n<meta property=\"og:type\" content=\"article\" \/>\n<meta property=\"og:title\" content=\"Evolve Ultra Series plattbelastad hack squat (UL-360) - Evolve\" \/>\n<meta property=\"og:url\" content=\"https:\/\/evolve-fitness.eu\/sv\/produkt\/evolve-ultra-series-plattbelastad-hack-squat-2\/\" \/>\n<meta property=\"og:site_name\" content=\"Evolve\" \/>\n<meta property=\"article:publisher\" content=\"https:\/\/www.facebook.com\/EvolveFitnessEurope\" \/>\n<meta property=\"article:modified_time\" content=\"2026-03-31T12:35:53+00:00\" \/>\n<meta property=\"og:image\" content=\"https:\/\/evolve-fitness.eu\/wp-content\/uploads\/2023\/11\/EV-PL-UL-360-Evolve-Ultra-Series-Plate-Loaded-Hack-Squat-1.png\" \/>\n\t<meta property=\"og:image:width\" content=\"680\" \/>\n\t<meta property=\"og:image:height\" content=\"600\" \/>\n\t<meta property=\"og:image:type\" content=\"image\/png\" \/>\n<meta name=\"twitter:card\" content=\"summary_large_image\" \/>\n<script type=\"application\/ld+json\" class=\"yoast-schema-graph\">{\"@context\":\"https:\\\/\\\/schema.org\",\"@graph\":[{\"@type\":\"WebPage\",\"@id\":\"https:\\\/\\\/evolve-fitness.eu\\\/sv\\\/produkt\\\/evolve-ultra-series-plattbelastad-hack-squat-2\\\/\",\"url\":\"https:\\\/\\\/evolve-fitness.eu\\\/sv\\\/produkt\\\/evolve-ultra-series-plattbelastad-hack-squat-2\\\/\",\"name\":\"Evolve Ultra Series plattbelastad hack squat (UL-360) - Evolve\",\"isPartOf\":{\"@id\":\"https:\\\/\\\/evolve-fitness.eu\\\/sv\\\/#website\"},\"primaryImageOfPage\":{\"@id\":\"https:\\\/\\\/evolve-fitness.eu\\\/sv\\\/produkt\\\/evolve-ultra-series-plattbelastad-hack-squat-2\\\/#primaryimage\"},\"image\":{\"@id\":\"https:\\\/\\\/evolve-fitness.eu\\\/sv\\\/produkt\\\/evolve-ultra-series-plattbelastad-hack-squat-2\\\/#primaryimage\"},\"thumbnailUrl\":\"https:\\\/\\\/evolve-fitness.eu\\\/wp-content\\\/uploads\\\/2023\\\/11\\\/EV-PL-UL-360-Evolve-Ultra-Series-Plate-Loaded-Hack-Squat-1.png\",\"datePublished\":\"2023-11-16T08:35:52+00:00\",\"dateModified\":\"2026-03-31T12:35:53+00:00\",\"breadcrumb\":{\"@id\":\"https:\\\/\\\/evolve-fitness.eu\\\/sv\\\/produkt\\\/evolve-ultra-series-plattbelastad-hack-squat-2\\\/#breadcrumb\"},\"inLanguage\":\"sv-SE\",\"potentialAction\":[{\"@type\":\"ReadAction\",\"target\":[\"https:\\\/\\\/evolve-fitness.eu\\\/sv\\\/produkt\\\/evolve-ultra-series-plattbelastad-hack-squat-2\\\/\"]}]},{\"@type\":\"ImageObject\",\"inLanguage\":\"sv-SE\",\"@id\":\"https:\\\/\\\/evolve-fitness.eu\\\/sv\\\/produkt\\\/evolve-ultra-series-plattbelastad-hack-squat-2\\\/#primaryimage\",\"url\":\"https:\\\/\\\/evolve-fitness.eu\\\/wp-content\\\/uploads\\\/2023\\\/11\\\/EV-PL-UL-360-Evolve-Ultra-Series-Plate-Loaded-Hack-Squat-1.png\",\"contentUrl\":\"https:\\\/\\\/evolve-fitness.eu\\\/wp-content\\\/uploads\\\/2023\\\/11\\\/EV-PL-UL-360-Evolve-Ultra-Series-Plate-Loaded-Hack-Squat-1.png\",\"width\":680,\"height\":600,\"caption\":\"EV-PL-UL-360\"},{\"@type\":\"BreadcrumbList\",\"@id\":\"https:\\\/\\\/evolve-fitness.eu\\\/sv\\\/produkt\\\/evolve-ultra-series-plattbelastad-hack-squat-2\\\/#breadcrumb\",\"itemListElement\":[{\"@type\":\"ListItem\",\"position\":1,\"name\":\"Home\",\"item\":\"https:\\\/\\\/evolve-fitness.eu\\\/sv\\\/\"},{\"@type\":\"ListItem\",\"position\":2,\"name\":\"Produkter\",\"item\":\"https:\\\/\\\/evolve-fitness.eu\\\/sv\\\/shop\\\/\"},{\"@type\":\"ListItem\",\"position\":3,\"name\":\"Evolve Ultra Series plattbelastad hack squat (UL-360)\"}]},{\"@type\":\"WebSite\",\"@id\":\"https:\\\/\\\/evolve-fitness.eu\\\/sv\\\/#website\",\"url\":\"https:\\\/\\\/evolve-fitness.eu\\\/sv\\\/\",\"name\":\"Evolve\",\"description\":\"Your Evolved Gear Arrived\",\"publisher\":{\"@id\":\"https:\\\/\\\/evolve-fitness.eu\\\/sv\\\/#organization\"},\"potentialAction\":[{\"@type\":\"SearchAction\",\"target\":{\"@type\":\"EntryPoint\",\"urlTemplate\":\"https:\\\/\\\/evolve-fitness.eu\\\/sv\\\/?s={search_term_string}\"},\"query-input\":{\"@type\":\"PropertyValueSpecification\",\"valueRequired\":true,\"valueName\":\"search_term_string\"}}],\"inLanguage\":\"sv-SE\"},{\"@type\":\"Organization\",\"@id\":\"https:\\\/\\\/evolve-fitness.eu\\\/sv\\\/#organization\",\"name\":\"Evolve\",\"url\":\"https:\\\/\\\/evolve-fitness.eu\\\/sv\\\/\",\"logo\":{\"@type\":\"ImageObject\",\"inLanguage\":\"sv-SE\",\"@id\":\"https:\\\/\\\/evolve-fitness.eu\\\/sv\\\/#\\\/schema\\\/logo\\\/image\\\/\",\"url\":\"https:\\\/\\\/evolve-fitness.eu\\\/wp-content\\\/uploads\\\/2023\\\/05\\\/Evolve-logo.svg\",\"contentUrl\":\"https:\\\/\\\/evolve-fitness.eu\\\/wp-content\\\/uploads\\\/2023\\\/05\\\/Evolve-logo.svg\",\"width\":176,\"height\":20,\"caption\":\"Evolve\"},\"image\":{\"@id\":\"https:\\\/\\\/evolve-fitness.eu\\\/sv\\\/#\\\/schema\\\/logo\\\/image\\\/\"},\"sameAs\":[\"https:\\\/\\\/www.facebook.com\\\/EvolveFitnessEurope\"]}]}<\/script>\n<!-- \/ Yoast SEO plugin. -->","yoast_head_json":{"title":"Evolve Ultra Series plattbelastad hack squat (UL-360) - Evolve","robots":{"index":"index","follow":"follow","max-snippet":"max-snippet:-1","max-image-preview":"max-image-preview:large","max-video-preview":"max-video-preview:-1"},"canonical":"https:\/\/evolve-fitness.eu\/sv\/produkt\/evolve-ultra-series-plattbelastad-hack-squat-2\/","og_locale":"sv_SE","og_type":"article","og_title":"Evolve Ultra Series plattbelastad hack squat (UL-360) - Evolve","og_url":"https:\/\/evolve-fitness.eu\/sv\/produkt\/evolve-ultra-series-plattbelastad-hack-squat-2\/","og_site_name":"Evolve","article_publisher":"https:\/\/www.facebook.com\/EvolveFitnessEurope","article_modified_time":"2026-03-31T12:35:53+00:00","og_image":[{"width":680,"height":600,"url":"https:\/\/evolve-fitness.eu\/wp-content\/uploads\/2023\/11\/EV-PL-UL-360-Evolve-Ultra-Series-Plate-Loaded-Hack-Squat-1.png","type":"image\/png"}],"twitter_card":"summary_large_image","schema":{"@context":"https:\/\/schema.org","@graph":[{"@type":"WebPage","@id":"https:\/\/evolve-fitness.eu\/sv\/produkt\/evolve-ultra-series-plattbelastad-hack-squat-2\/","url":"https:\/\/evolve-fitness.eu\/sv\/produkt\/evolve-ultra-series-plattbelastad-hack-squat-2\/","name":"Evolve Ultra Series plattbelastad hack squat (UL-360) - Evolve","isPartOf":{"@id":"https:\/\/evolve-fitness.eu\/sv\/#website"},"primaryImageOfPage":{"@id":"https:\/\/evolve-fitness.eu\/sv\/produkt\/evolve-ultra-series-plattbelastad-hack-squat-2\/#primaryimage"},"image":{"@id":"https:\/\/evolve-fitness.eu\/sv\/produkt\/evolve-ultra-series-plattbelastad-hack-squat-2\/#primaryimage"},"thumbnailUrl":"https:\/\/evolve-fitness.eu\/wp-content\/uploads\/2023\/11\/EV-PL-UL-360-Evolve-Ultra-Series-Plate-Loaded-Hack-Squat-1.png","datePublished":"2023-11-16T08:35:52+00:00","dateModified":"2026-03-31T12:35:53+00:00","breadcrumb":{"@id":"https:\/\/evolve-fitness.eu\/sv\/produkt\/evolve-ultra-series-plattbelastad-hack-squat-2\/#breadcrumb"},"inLanguage":"sv-SE","potentialAction":[{"@type":"ReadAction","target":["https:\/\/evolve-fitness.eu\/sv\/produkt\/evolve-ultra-series-plattbelastad-hack-squat-2\/"]}]},{"@type":"ImageObject","inLanguage":"sv-SE","@id":"https:\/\/evolve-fitness.eu\/sv\/produkt\/evolve-ultra-series-plattbelastad-hack-squat-2\/#primaryimage","url":"https:\/\/evolve-fitness.eu\/wp-content\/uploads\/2023\/11\/EV-PL-UL-360-Evolve-Ultra-Series-Plate-Loaded-Hack-Squat-1.png","contentUrl":"https:\/\/evolve-fitness.eu\/wp-content\/uploads\/2023\/11\/EV-PL-UL-360-Evolve-Ultra-Series-Plate-Loaded-Hack-Squat-1.png","width":680,"height":600,"caption":"EV-PL-UL-360"},{"@type":"BreadcrumbList","@id":"https:\/\/evolve-fitness.eu\/sv\/produkt\/evolve-ultra-series-plattbelastad-hack-squat-2\/#breadcrumb","itemListElement":[{"@type":"ListItem","position":1,"name":"Home","item":"https:\/\/evolve-fitness.eu\/sv\/"},{"@type":"ListItem","position":2,"name":"Produkter","item":"https:\/\/evolve-fitness.eu\/sv\/shop\/"},{"@type":"ListItem","position":3,"name":"Evolve Ultra Series plattbelastad hack squat (UL-360)"}]},{"@type":"WebSite","@id":"https:\/\/evolve-fitness.eu\/sv\/#website","url":"https:\/\/evolve-fitness.eu\/sv\/","name":"Evolve","description":"Your Evolved Gear Arrived","publisher":{"@id":"https:\/\/evolve-fitness.eu\/sv\/#organization"},"potentialAction":[{"@type":"SearchAction","target":{"@type":"EntryPoint","urlTemplate":"https:\/\/evolve-fitness.eu\/sv\/?s={search_term_string}"},"query-input":{"@type":"PropertyValueSpecification","valueRequired":true,"valueName":"search_term_string"}}],"inLanguage":"sv-SE"},{"@type":"Organization","@id":"https:\/\/evolve-fitness.eu\/sv\/#organization","name":"Evolve","url":"https:\/\/evolve-fitness.eu\/sv\/","logo":{"@type":"ImageObject","inLanguage":"sv-SE","@id":"https:\/\/evolve-fitness.eu\/sv\/#\/schema\/logo\/image\/","url":"https:\/\/evolve-fitness.eu\/wp-content\/uploads\/2023\/05\/Evolve-logo.svg","contentUrl":"https:\/\/evolve-fitness.eu\/wp-content\/uploads\/2023\/05\/Evolve-logo.svg","width":176,"height":20,"caption":"Evolve"},"image":{"@id":"https:\/\/evolve-fitness.eu\/sv\/#\/schema\/logo\/image\/"},"sameAs":["https:\/\/www.facebook.com\/EvolveFitnessEurope"]}]}},"_links":{"self":[{"href":"https:\/\/evolve-fitness.eu\/sv\/wp-json\/wp\/v2\/product\/48598","targetHints":{"allow":["GET"]}}],"collection":[{"href":"https:\/\/evolve-fitness.eu\/sv\/wp-json\/wp\/v2\/product"}],"about":[{"href":"https:\/\/evolve-fitness.eu\/sv\/wp-json\/wp\/v2\/types\/product"}],"wp:featuredmedia":[{"embeddable":true,"href":"https:\/\/evolve-fitness.eu\/sv\/wp-json\/wp\/v2\/media\/116634"}],"wp:attachment":[{"href":"https:\/\/evolve-fitness.eu\/sv\/wp-json\/wp\/v2\/media?parent=48598"}],"wp:term":[{"taxonomy":"product_brand","embeddable":true,"href":"https:\/\/evolve-fitness.eu\/sv\/wp-json\/wp\/v2\/product_brand?post=48598"},{"taxonomy":"product_cat","embeddable":true,"href":"https:\/\/evolve-fitness.eu\/sv\/wp-json\/wp\/v2\/product_cat?post=48598"},{"taxonomy":"product_tag","embeddable":true,"href":"https:\/\/evolve-fitness.eu\/sv\/wp-json\/wp\/v2\/product_tag?post=48598"}],"curies":[{"name":"wp","href":"https:\/\/api.w.org\/{rel}","templated":true}]}}