{"id":52661,"date":"2023-09-12T13:36:10","date_gmt":"2023-09-12T13:36:10","guid":{"rendered":"https:\/\/evolve-fitness.eu\/product\/evolve-prime-series-multi-smith-machine-med-kabelkors\/"},"modified":"2024-05-07T09:25:30","modified_gmt":"2024-05-07T09:25:30","slug":"evolve-prime-series-multi-smith-machine-med-kabelkors","status":"publish","type":"product","link":"https:\/\/evolve-fitness.eu\/sv\/produkt\/evolve-prime-series-multi-smith-machine-med-kabelkors\/","title":{"rendered":"Evolve Prime Series Multi Smith Machine med kabelkors"},"content":{"rendered":"\n<section class=\"wp-block-group alignfull has-lightgray-background-color has-background is-layout-constrained wp-block-group-is-layout-constrained\">\n<div class=\"wp-block-columns alignwide is-layout-flex wp-container-core-columns-is-layout-2edb0647 wp-block-columns-is-layout-flex\" style=\"margin-top:0;margin-bottom:0\">\n<div class=\"wp-block-column is-layout-flow wp-block-column-is-layout-flow\" style=\"flex-basis:33.33%\"><\/div>\n\n\n\n<div class=\"wp-block-column is-layout-flow wp-block-column-is-layout-flow\" style=\"flex-basis:66.66%\"><\/div>\n<\/div>\n<\/section>\n\n<section class=\"wp-block-group alignfull black-content has-white-color has-darkgray-background-color has-text-color has-background is-layout-constrained wp-block-group-is-layout-constrained\" style=\"padding-top:var(--wp--preset--spacing--section-bottom);padding-bottom:var(--wp--preset--spacing--section-bottom)\">\n<h3 class=\"wp-block-heading has-text-align-center\"><strong><strong>EVOLVE PLATE LADDAD PRIME-SERIE<\/strong><\/strong><\/h3>\n\n\n\n<p>Med Evolve Plate Loaded Prime Series \u00e4r h\u00f6gsta kvalitet standard. F\u00f6rb\u00e4ttra din styrketr\u00e4ning med maskiner som \u00e4r utformade f\u00f6r komfort, h\u00e5llbarhet och prestanda. Utforska hela sortimentet idag och omdefiniera din tr\u00e4ningsresa.<\/p>\n\n\n\n<section class=\"wp-block-group alignfull black-content has-white-color has-darkgray-background-color has-text-color has-background is-layout-constrained wp-block-group-is-layout-constrained\" style=\"padding-top:var(--wp--preset--spacing--section-bottom);padding-bottom:var(--wp--preset--spacing--section-bottom)\">\n<div class=\"wp-block-columns alignwide mobile-reverse is-layout-flex wp-container-core-columns-is-layout-ca64bf2d wp-block-columns-is-layout-flex\" style=\"margin-bottom:var(--wp--preset--spacing--side-padding)\">\n<div class=\"wp-block-column is-vertically-aligned-center is-layout-flow wp-block-column-is-layout-flow\">\n<h3 class=\"wp-block-heading\" style=\"margin-bottom:var(--wp--preset--spacing--h-3-bottom)\"><strong><strong><strong>Spetskompetens omdefinierad<\/strong><\/strong><\/strong><\/h3>\n\n\n\n<p><strong><em><strong>Vi introducerar Evolve Plate Loaded Prime Series<\/strong><\/em><\/strong><\/p>\n\n\n\n<p style=\"margin-bottom:var(--wp--preset--spacing--tb-section-padding)\">Upplev toppen av styrketr\u00e4ning med Evolve Plate Loaded Prime Series. Varje maskin i denna serie \u00e4r minuti\u00f6st utformad f\u00f6r att erbjuda en \u00f6verl\u00e4gsen tr\u00e4ningsupplevelse, och h\u00e4r \u00e4r varf\u00f6r<\/p>\n\n\n\n<h3 class=\"wp-block-heading\" style=\"margin-bottom:var(--wp--preset--spacing--h-3-bottom)\"><strong><strong><strong><strong><strong>Tjock kl\u00e4dsel<\/strong><\/strong><\/strong><\/strong><\/strong><\/h3>\n\n\n\n<p><strong><em><strong><strong><strong>\u00d6verl\u00e4gsen komfort och h\u00e5llbarhet<\/strong><\/strong><\/strong><\/em><\/strong><\/p>\n\n\n\n<p>H\u00e5ll ordning och maximera utrymmeseffektiviteten med <strong>Pegs f\u00f6r f\u00f6rvaring av viktskivor<\/strong>. H\u00e5ll dina tallrikar inom r\u00e4ckh\u00e5ll och skapa en st\u00f6kfri tr\u00e4ningsmilj\u00f6.<\/p>\n<\/div>\n\n\n\n<div class=\"wp-block-column is-vertically-aligned-center is-layout-flow wp-block-column-is-layout-flow\">\n<figure class=\"wp-block-image size-large is-resized is-style-rounded\"><img loading=\"lazy\" decoding=\"async\" width=\"933\" height=\"1024\" src=\"https:\/\/evolve-fitness.eu\/wp-content\/uploads\/2023\/08\/EV-PL-EC-001-933x1024.jpg\" alt=\"\" class=\"wp-image-3399\" style=\"width:643px;height:706px\" srcset=\"https:\/\/evolve-fitness.eu\/wp-content\/uploads\/2023\/08\/EV-PL-EC-001-933x1024.jpg 933w, https:\/\/evolve-fitness.eu\/wp-content\/uploads\/2023\/08\/EV-PL-EC-001-300x329.jpg 300w, https:\/\/evolve-fitness.eu\/wp-content\/uploads\/2023\/08\/EV-PL-EC-001-137x150.jpg 137w, https:\/\/evolve-fitness.eu\/wp-content\/uploads\/2023\/08\/EV-PL-EC-001-600x659.jpg 600w, https:\/\/evolve-fitness.eu\/wp-content\/uploads\/2023\/08\/EV-PL-EC-001-273x300.jpg 273w, https:\/\/evolve-fitness.eu\/wp-content\/uploads\/2023\/08\/EV-PL-EC-001-768x843.jpg 768w, https:\/\/evolve-fitness.eu\/wp-content\/uploads\/2023\/08\/EV-PL-EC-001-1399x1536.jpg 1399w, https:\/\/evolve-fitness.eu\/wp-content\/uploads\/2023\/08\/EV-PL-EC-001.jpg 1760w\" sizes=\"auto, (max-width: 933px) 100vw, 933px\" \/><\/figure>\n<\/div>\n<\/div>\n\n\n\n<div class=\"wp-block-columns alignwide mobile-reverse is-layout-flex wp-container-core-columns-is-layout-ca64bf2d wp-block-columns-is-layout-flex\" style=\"margin-bottom:var(--wp--preset--spacing--side-padding)\">\n<div class=\"wp-block-column is-vertically-aligned-center is-layout-flow wp-block-column-is-layout-flow\">\n<figure class=\"wp-block-image alignleft size-large is-resized is-style-rounded\"><img loading=\"lazy\" decoding=\"async\" width=\"1908\" height=\"1430\" src=\"https:\/\/evolve-fitness.eu\/wp-content\/uploads\/2023\/08\/EV-PL-EC-003-edited.jpg\" alt=\"\" class=\"wp-image-3403\" style=\"aspect-ratio:1.3333333333333333;width:642px;height:auto\" srcset=\"https:\/\/evolve-fitness.eu\/wp-content\/uploads\/2023\/08\/EV-PL-EC-003-edited.jpg 1908w, https:\/\/evolve-fitness.eu\/wp-content\/uploads\/2023\/08\/EV-PL-EC-003-edited-300x225.jpg 300w, https:\/\/evolve-fitness.eu\/wp-content\/uploads\/2023\/08\/EV-PL-EC-003-edited-200x150.jpg 200w, https:\/\/evolve-fitness.eu\/wp-content\/uploads\/2023\/08\/EV-PL-EC-003-edited-600x450.jpg 600w, https:\/\/evolve-fitness.eu\/wp-content\/uploads\/2023\/08\/EV-PL-EC-003-edited-1024x767.jpg 1024w, https:\/\/evolve-fitness.eu\/wp-content\/uploads\/2023\/08\/EV-PL-EC-003-edited-150x112.jpg 150w, https:\/\/evolve-fitness.eu\/wp-content\/uploads\/2023\/08\/EV-PL-EC-003-edited-768x576.jpg 768w, https:\/\/evolve-fitness.eu\/wp-content\/uploads\/2023\/08\/EV-PL-EC-003-edited-1536x1151.jpg 1536w\" sizes=\"auto, (max-width: 1908px) 100vw, 1908px\" \/><\/figure>\n<\/div>\n\n\n\n<div class=\"wp-block-column is-vertically-aligned-center is-layout-flow wp-block-column-is-layout-flow\">\n<h3 class=\"wp-block-heading\" style=\"margin-bottom:var(--wp--preset--spacing--h-3-bottom)\"><strong><strong>Riktad muskelp\u00e5verkan<\/strong><\/strong><\/h3>\n\n\n\n<p><strong>L\u00e4ttanv\u00e4nda justeringsknappar i vibrerande gult<\/strong><\/p>\n\n\n\n<p style=\"margin-bottom:var(--wp--preset--spacing--tb-section-padding)\">F\u00f6r dem som s\u00f6ker m\u00e5ngsidighet erbjuder utvalda maskiner i Prime-serien <strong>unilateral armr\u00f6relse<\/strong>. Denna funktion ger dig m\u00f6jlighet att effektivt rikta in dig p\u00e5 specifika muskelgrupper, s\u00e5 att du kan anpassa ditt tr\u00e4ningsprogram.<\/p>\n\n\n\n<h3 class=\"wp-block-heading\" style=\"margin-bottom:var(--wp--preset--spacing--h-3-bottom)\"><strong><strong><strong>Justerbar sittposition<\/strong><\/strong><\/strong><\/h3>\n\n\n\n<p><strong><em><strong><strong>L\u00e4ttanv\u00e4nda justeringsknappar i vibrerande gult<\/strong><\/strong><\/em><\/strong><\/p>\n\n\n\n<p>V\u00e5ra maskiner har en <strong>justerbar sittposition<\/strong> med justeringsrattar och handtag i ljust, l\u00e4tt\u00f6versk\u00e5dligt gult. Den anv\u00e4ndarv\u00e4nliga designen s\u00e4kerst\u00e4ller att du kan st\u00e4lla in din utrustning snabbt och exakt, vilket f\u00f6rb\u00e4ttrar din tr\u00e4ningsupplevelse.<\/p>\n<\/div>\n<\/div>\n\n\n\n<div class=\"wp-block-columns alignwide mobile-reverse is-layout-flex wp-container-core-columns-is-layout-ca64bf2d wp-block-columns-is-layout-flex\" style=\"margin-bottom:var(--wp--preset--spacing--side-padding)\">\n<div class=\"wp-block-column is-vertically-aligned-center is-layout-flow wp-block-column-is-layout-flow\">\n<h3 class=\"wp-block-heading\" style=\"margin-bottom:var(--wp--preset--spacing--h-3-bottom)\"><strong><strong>Tr\u00e4ning utan kr\u00e5ngel<\/strong><\/strong><\/h3>\n\n\n\n<p><strong><em><strong><strong><strong><strong><strong>\u00d6ppen ram f\u00f6r enkel \u00e5tkomst<\/strong><\/strong><\/strong><\/strong><\/strong><\/em><\/strong><\/p>\n\n\n\n<p style=\"margin-bottom:var(--wp--preset--spacing--tb-section-padding)\">Open Frame-designen p\u00e5 v\u00e5ra maskiner ger enkel \u00e5tkomst, s\u00e5 att du kan v\u00e4xla mellan olika \u00f6vningar utan problem. Slipp on\u00f6digt kr\u00e5ngel och fokusera p\u00e5 din tr\u00e4ning.<\/p>\n\n\n\n<h3 class=\"wp-block-heading\" style=\"margin-bottom:var(--wp--preset--spacing--h-3-bottom)\"><strong><strong><strong><strong>Handtag med halkskydd<\/strong><\/strong><\/strong><\/strong><\/h3>\n\n\n\n<p><strong><em><strong><strong>S\u00e4kert grepp f\u00f6r trygghet och f\u00f6rtroende<\/strong><\/strong><\/em><\/strong><\/p>\n\n\n\n<p>Prioritera s\u00e4kerhet och f\u00f6rtroende med v\u00e5ra <strong>halkfria handtag<\/strong>. De ger ett s\u00e4kert grepp och minskar risken f\u00f6r olyckor under tr\u00e4ningspasset.<\/p>\n<\/div>\n\n\n\n<div class=\"wp-block-column is-vertically-aligned-center is-layout-flow wp-block-column-is-layout-flow\">\n<figure class=\"wp-block-image size-large is-resized is-style-rounded\"><img loading=\"lazy\" decoding=\"async\" width=\"1024\" height=\"1024\" src=\"https:\/\/evolve-fitness.eu\/wp-content\/uploads\/2023\/09\/EV-PL-PR-100-1024x1024.jpg\" alt=\"\" class=\"wp-image-3436\" style=\"object-fit:cover;width:578px;height:771px\" srcset=\"https:\/\/evolve-fitness.eu\/wp-content\/uploads\/2023\/09\/EV-PL-PR-100-1024x1024.jpg 1024w, https:\/\/evolve-fitness.eu\/wp-content\/uploads\/2023\/09\/EV-PL-PR-100-300x300.jpg 300w, https:\/\/evolve-fitness.eu\/wp-content\/uploads\/2023\/09\/EV-PL-PR-100-150x150.jpg 150w, https:\/\/evolve-fitness.eu\/wp-content\/uploads\/2023\/09\/EV-PL-PR-100-600x600.jpg 600w, https:\/\/evolve-fitness.eu\/wp-content\/uploads\/2023\/09\/EV-PL-PR-100-768x768.jpg 768w, https:\/\/evolve-fitness.eu\/wp-content\/uploads\/2023\/09\/EV-PL-PR-100-1536x1536.jpg 1536w, https:\/\/evolve-fitness.eu\/wp-content\/uploads\/2023\/09\/EV-PL-PR-100.jpg 2000w\" sizes=\"auto, (max-width: 1024px) 100vw, 1024px\" \/><\/figure>\n<\/div>\n<\/div>\n\n\n\n<div class=\"wp-block-columns alignwide mobile-reverse is-layout-flex wp-container-core-columns-is-layout-ca64bf2d wp-block-columns-is-layout-flex\" style=\"margin-bottom:var(--wp--preset--spacing--side-padding)\">\n<div class=\"wp-block-column is-vertically-aligned-center is-layout-flow wp-block-column-is-layout-flow\">\n<figure class=\"wp-block-image size-large is-resized is-style-rounded\"><img loading=\"lazy\" decoding=\"async\" width=\"1024\" height=\"1024\" src=\"https:\/\/evolve-fitness.eu\/wp-content\/uploads\/2023\/09\/EV-PL-PR-040-Low-Row-1024x1024.jpg\" alt=\"\" class=\"wp-image-3438\" style=\"object-fit:cover;width:626px;height:auto\" srcset=\"https:\/\/evolve-fitness.eu\/wp-content\/uploads\/2023\/09\/EV-PL-PR-040-Low-Row-1024x1024.jpg 1024w, https:\/\/evolve-fitness.eu\/wp-content\/uploads\/2023\/09\/EV-PL-PR-040-Low-Row-300x300.jpg 300w, https:\/\/evolve-fitness.eu\/wp-content\/uploads\/2023\/09\/EV-PL-PR-040-Low-Row-150x150.jpg 150w, https:\/\/evolve-fitness.eu\/wp-content\/uploads\/2023\/09\/EV-PL-PR-040-Low-Row-600x600.jpg 600w, https:\/\/evolve-fitness.eu\/wp-content\/uploads\/2023\/09\/EV-PL-PR-040-Low-Row-768x768.jpg 768w, https:\/\/evolve-fitness.eu\/wp-content\/uploads\/2023\/09\/EV-PL-PR-040-Low-Row-1536x1536.jpg 1536w, https:\/\/evolve-fitness.eu\/wp-content\/uploads\/2023\/09\/EV-PL-PR-040-Low-Row.jpg 2000w\" sizes=\"auto, (max-width: 1024px) 100vw, 1024px\" \/><\/figure>\n<\/div>\n\n\n\n<div class=\"wp-block-column is-vertically-aligned-center is-layout-flow wp-block-column-is-layout-flow\">\n<h3 class=\"wp-block-heading\" style=\"margin-bottom:var(--wp--preset--spacing--h-3-bottom)\"><strong><strong><strong>L\u00e5ngvarig prestanda<\/strong><\/strong><\/strong><\/h3>\n\n\n\n<p><strong><em><strong><strong>Premiumkvalitet, kraftigt PU-l\u00e4der<\/strong><\/strong><\/em><\/strong><\/p>\n\n\n\n<p style=\"margin-bottom:var(--wp--preset--spacing--tb-section-padding)\">V\u00e5r utrustning best\u00e5r av <strong>h\u00f6gkvalitativt, kraftigt PU-l\u00e4der<\/strong> som \u00e4r utformat f\u00f6r att t\u00e5la \u00e4ven de tuffaste tr\u00e4ningspassen. Den ser inte bara bra ut utan har ocks\u00e5 l\u00e5ng livsl\u00e4ngd.<\/p>\n\n\n\n<h3 class=\"wp-block-heading\" style=\"margin-bottom:var(--wp--preset--spacing--h-3-bottom)\"><strong><strong><strong><strong><strong><strong><strong>Slitstark finish<\/strong><\/strong><\/strong><\/strong><\/strong><\/strong><\/strong><\/h3>\n\n\n\n<p><strong><em><strong><strong><strong><strong><strong>Elektrostatisk sprutningsteknik f\u00f6r h\u00e4rdplastpulver<\/strong><\/strong><\/strong><\/strong><\/strong><\/em><\/strong><\/p>\n\n\n\n<p>Upplev en h\u00e5llbar finish med v\u00e5r <strong>elektrostatiska sprutteknik f\u00f6r h\u00e4rdplastpulver<\/strong>. Denna avancerade bel\u00e4ggning s\u00e4kerst\u00e4ller att din utrustning beh\u00e5ller sitt visuella utseende \u00f6ver tid.<\/p>\n\n\n\n<h3 class=\"wp-block-heading\" style=\"margin-bottom:var(--wp--preset--spacing--h-3-bottom)\"><strong><strong><strong><strong>Byggd f\u00f6r att h\u00e5lla<\/strong><\/strong><\/strong><\/strong><\/h3>\n\n\n\n<p><strong><em><strong><strong><strong>Bultar och muttrar i rostfritt st\u00e5l<\/strong><\/strong><\/strong><\/em><\/strong><\/p>\n\n\n\n<p style=\"margin-bottom:var(--wp--preset--spacing--tb-section-padding)\">Prime-serien \u00e4r byggd f\u00f6r att h\u00e5lla l\u00e4nge, med alla bultar och muttrar tillverkade av <strong>rostfritt st\u00e5l<\/strong>. Denna kvalitetskonstruktion garanterar l\u00e5ng livsl\u00e4ngd f\u00f6r din utrustning.<\/p>\n<\/div>\n<\/div>\n<\/section>\n<\/section>\n","protected":false},"excerpt":{"rendered":"<p>Lyft ditt gym med Evolve PR-950: ett kompakt kraftpaket f\u00f6r kommersiell fitness. Med dubbla cable cross-stationer, en robust Smith-maskin och en integrerad pull-up-st\u00e5ng erbjuder den m\u00e5ngsidiga tr\u00e4ningsm\u00f6jligheter p\u00e5 minimal yta. Den h\u00e5llbara ramen med rostskydd, den mjuka linj\u00e4ra r\u00f6relsen och f\u00f6rvaringen f\u00f6r viktskivor g\u00f6r den till ett m\u00e5ste f\u00f6r gym\u00e4gare. F\u00f6rb\u00e4ttra din fitnessanl\u00e4ggning med denna m\u00e5ngsidiga maskin redan idag!<\/p>\n","protected":false},"featured_media":52673,"template":"","meta":{"_acf_changed":false,"inline_featured_image":false},"product_brand":[],"product_cat":[4878,5444],"product_tag":[],"class_list":{"0":"post-52661","1":"product","2":"type-product","3":"status-publish","4":"has-post-thumbnail","6":"product_cat-platbelastade-maskiner","7":"product_cat-prime-series-platbelastad","9":"first","10":"instock","11":"virtual","12":"purchasable","13":"product-type-simple"},"acf":{"long_title":"Evolve Prime Series Multi Smith-maskin med kabelkors, PR-950","subtitle":"","specifications":[{"label":"SKU","text_value":"EV-PL-PR-950","icon":"x"},{"label":"M\u00e5tt  ","text_value":"2351 x 1367 x 2159 mm","icon":"x"},{"label":"Max. last  ","text_value":"362 kg","icon":"x"},{"label":"Garanti  ","text_value":"2 \u00e5r","icon":"x"},{"label":"Vikt staplar  ","text_value":"2 x 77 kg (154 kg totalt)","icon":"x"},{"label":"F\u00f6rvaring av viktskivor  ","text_value":"","icon":"v"},{"label":"Oberoende dubbla kabeltorn","text_value":"","icon":"v"},{"label":"Smith-maskin","text_value":"","icon":"v"},{"label":"Rails utrustade med linj\u00e4ra lager","text_value":"","icon":"v"},{"label":"Flera f\u00e4stpunkter f\u00f6r st\u00e5ngen","text_value":"","icon":"v"},{"label":"Pull-up-st\u00e5ng med flera grepp","text_value":"","icon":"v"},{"label":"Rullar med justerbar h\u00f6jd","text_value":"","icon":"v"},{"label":"Tv\u00e5 valbara viktmagasin","text_value":"","icon":"v"},{"label":"Slitstarka golvskydd","text_value":"","icon":"v"},{"label":"4 pinnar f\u00f6r f\u00f6rvaring av viktskivor","text_value":"","icon":"v"},{"label":"Inbyggd bar med kragar","text_value":"","icon":"v"},{"label":"","text_value":"","icon":"v"},{"label":"","text_value":"","icon":"v"},{"label":"","text_value":"","icon":"v"},{"label":"","text_value":"","icon":"v"},{"label":"","text_value":"","icon":"x"}]},"yoast_head":"<!-- This site is optimized with the Yoast SEO plugin v26.6 - https:\/\/yoast.com\/wordpress\/plugins\/seo\/ -->\n<title>Evolve Prime Series Multi Smith Machine med kabelkors - Evolve<\/title>\n<meta name=\"robots\" content=\"index, follow, max-snippet:-1, max-image-preview:large, max-video-preview:-1\" \/>\n<link rel=\"canonical\" href=\"https:\/\/evolve-fitness.eu\/sv\/produkt\/evolve-prime-series-multi-smith-machine-med-kabelkors\/\" \/>\n<meta property=\"og:locale\" content=\"sv_SE\" \/>\n<meta property=\"og:type\" content=\"article\" \/>\n<meta property=\"og:title\" content=\"Evolve Prime Series Multi Smith Machine med kabelkors - Evolve\" \/>\n<meta property=\"og:url\" content=\"https:\/\/evolve-fitness.eu\/sv\/produkt\/evolve-prime-series-multi-smith-machine-med-kabelkors\/\" \/>\n<meta property=\"og:site_name\" content=\"Evolve\" \/>\n<meta property=\"article:publisher\" content=\"https:\/\/www.facebook.com\/EvolveFitnessEurope\" \/>\n<meta property=\"article:modified_time\" content=\"2024-05-07T09:25:30+00:00\" \/>\n<meta property=\"og:image\" content=\"https:\/\/evolve-fitness.eu\/wp-content\/uploads\/2023\/09\/EVOLVE-PL-PR-950.png\" \/>\n\t<meta property=\"og:image:width\" content=\"680\" \/>\n\t<meta property=\"og:image:height\" content=\"600\" \/>\n\t<meta property=\"og:image:type\" content=\"image\/png\" \/>\n<meta name=\"twitter:card\" content=\"summary_large_image\" \/>\n<script type=\"application\/ld+json\" class=\"yoast-schema-graph\">{\"@context\":\"https:\/\/schema.org\",\"@graph\":[{\"@type\":\"WebPage\",\"@id\":\"https:\/\/evolve-fitness.eu\/sv\/produkt\/evolve-prime-series-multi-smith-machine-med-kabelkors\/\",\"url\":\"https:\/\/evolve-fitness.eu\/sv\/produkt\/evolve-prime-series-multi-smith-machine-med-kabelkors\/\",\"name\":\"Evolve Prime Series Multi Smith Machine med kabelkors - Evolve\",\"isPartOf\":{\"@id\":\"https:\/\/evolve-fitness.eu\/sv\/#website\"},\"primaryImageOfPage\":{\"@id\":\"https:\/\/evolve-fitness.eu\/sv\/produkt\/evolve-prime-series-multi-smith-machine-med-kabelkors\/#primaryimage\"},\"image\":{\"@id\":\"https:\/\/evolve-fitness.eu\/sv\/produkt\/evolve-prime-series-multi-smith-machine-med-kabelkors\/#primaryimage\"},\"thumbnailUrl\":\"https:\/\/evolve-fitness.eu\/wp-content\/uploads\/2023\/09\/EVOLVE-PL-PR-950.png\",\"datePublished\":\"2023-09-12T13:36:10+00:00\",\"dateModified\":\"2024-05-07T09:25:30+00:00\",\"breadcrumb\":{\"@id\":\"https:\/\/evolve-fitness.eu\/sv\/produkt\/evolve-prime-series-multi-smith-machine-med-kabelkors\/#breadcrumb\"},\"inLanguage\":\"sv-SE\",\"potentialAction\":[{\"@type\":\"ReadAction\",\"target\":[\"https:\/\/evolve-fitness.eu\/sv\/produkt\/evolve-prime-series-multi-smith-machine-med-kabelkors\/\"]}]},{\"@type\":\"ImageObject\",\"inLanguage\":\"sv-SE\",\"@id\":\"https:\/\/evolve-fitness.eu\/sv\/produkt\/evolve-prime-series-multi-smith-machine-med-kabelkors\/#primaryimage\",\"url\":\"https:\/\/evolve-fitness.eu\/wp-content\/uploads\/2023\/09\/EVOLVE-PL-PR-950.png\",\"contentUrl\":\"https:\/\/evolve-fitness.eu\/wp-content\/uploads\/2023\/09\/EVOLVE-PL-PR-950.png\",\"width\":680,\"height\":600},{\"@type\":\"BreadcrumbList\",\"@id\":\"https:\/\/evolve-fitness.eu\/sv\/produkt\/evolve-prime-series-multi-smith-machine-med-kabelkors\/#breadcrumb\",\"itemListElement\":[{\"@type\":\"ListItem\",\"position\":1,\"name\":\"Home\",\"item\":\"https:\/\/evolve-fitness.eu\/sv\/\"},{\"@type\":\"ListItem\",\"position\":2,\"name\":\"Produkter\",\"item\":\"https:\/\/evolve-fitness.eu\/sv\/shop\/\"},{\"@type\":\"ListItem\",\"position\":3,\"name\":\"Evolve Prime Series Multi Smith Machine med kabelkors\"}]},{\"@type\":\"WebSite\",\"@id\":\"https:\/\/evolve-fitness.eu\/sv\/#website\",\"url\":\"https:\/\/evolve-fitness.eu\/sv\/\",\"name\":\"Evolve\",\"description\":\"Your Evolved Gear Arrived\",\"publisher\":{\"@id\":\"https:\/\/evolve-fitness.eu\/sv\/#organization\"},\"potentialAction\":[{\"@type\":\"SearchAction\",\"target\":{\"@type\":\"EntryPoint\",\"urlTemplate\":\"https:\/\/evolve-fitness.eu\/sv\/?s={search_term_string}\"},\"query-input\":{\"@type\":\"PropertyValueSpecification\",\"valueRequired\":true,\"valueName\":\"search_term_string\"}}],\"inLanguage\":\"sv-SE\"},{\"@type\":\"Organization\",\"@id\":\"https:\/\/evolve-fitness.eu\/sv\/#organization\",\"name\":\"Evolve\",\"url\":\"https:\/\/evolve-fitness.eu\/sv\/\",\"logo\":{\"@type\":\"ImageObject\",\"inLanguage\":\"sv-SE\",\"@id\":\"https:\/\/evolve-fitness.eu\/sv\/#\/schema\/logo\/image\/\",\"url\":\"https:\/\/evolve-fitness.eu\/wp-content\/uploads\/2023\/05\/Evolve-logo.svg\",\"contentUrl\":\"https:\/\/evolve-fitness.eu\/wp-content\/uploads\/2023\/05\/Evolve-logo.svg\",\"width\":176,\"height\":20,\"caption\":\"Evolve\"},\"image\":{\"@id\":\"https:\/\/evolve-fitness.eu\/sv\/#\/schema\/logo\/image\/\"},\"sameAs\":[\"https:\/\/www.facebook.com\/EvolveFitnessEurope\"]}]}<\/script>\n<!-- \/ Yoast SEO plugin. -->","yoast_head_json":{"title":"Evolve Prime Series Multi Smith Machine med kabelkors - Evolve","robots":{"index":"index","follow":"follow","max-snippet":"max-snippet:-1","max-image-preview":"max-image-preview:large","max-video-preview":"max-video-preview:-1"},"canonical":"https:\/\/evolve-fitness.eu\/sv\/produkt\/evolve-prime-series-multi-smith-machine-med-kabelkors\/","og_locale":"sv_SE","og_type":"article","og_title":"Evolve Prime Series Multi Smith Machine med kabelkors - Evolve","og_url":"https:\/\/evolve-fitness.eu\/sv\/produkt\/evolve-prime-series-multi-smith-machine-med-kabelkors\/","og_site_name":"Evolve","article_publisher":"https:\/\/www.facebook.com\/EvolveFitnessEurope","article_modified_time":"2024-05-07T09:25:30+00:00","og_image":[{"width":680,"height":600,"url":"https:\/\/evolve-fitness.eu\/wp-content\/uploads\/2023\/09\/EVOLVE-PL-PR-950.png","type":"image\/png"}],"twitter_card":"summary_large_image","schema":{"@context":"https:\/\/schema.org","@graph":[{"@type":"WebPage","@id":"https:\/\/evolve-fitness.eu\/sv\/produkt\/evolve-prime-series-multi-smith-machine-med-kabelkors\/","url":"https:\/\/evolve-fitness.eu\/sv\/produkt\/evolve-prime-series-multi-smith-machine-med-kabelkors\/","name":"Evolve Prime Series Multi Smith Machine med kabelkors - Evolve","isPartOf":{"@id":"https:\/\/evolve-fitness.eu\/sv\/#website"},"primaryImageOfPage":{"@id":"https:\/\/evolve-fitness.eu\/sv\/produkt\/evolve-prime-series-multi-smith-machine-med-kabelkors\/#primaryimage"},"image":{"@id":"https:\/\/evolve-fitness.eu\/sv\/produkt\/evolve-prime-series-multi-smith-machine-med-kabelkors\/#primaryimage"},"thumbnailUrl":"https:\/\/evolve-fitness.eu\/wp-content\/uploads\/2023\/09\/EVOLVE-PL-PR-950.png","datePublished":"2023-09-12T13:36:10+00:00","dateModified":"2024-05-07T09:25:30+00:00","breadcrumb":{"@id":"https:\/\/evolve-fitness.eu\/sv\/produkt\/evolve-prime-series-multi-smith-machine-med-kabelkors\/#breadcrumb"},"inLanguage":"sv-SE","potentialAction":[{"@type":"ReadAction","target":["https:\/\/evolve-fitness.eu\/sv\/produkt\/evolve-prime-series-multi-smith-machine-med-kabelkors\/"]}]},{"@type":"ImageObject","inLanguage":"sv-SE","@id":"https:\/\/evolve-fitness.eu\/sv\/produkt\/evolve-prime-series-multi-smith-machine-med-kabelkors\/#primaryimage","url":"https:\/\/evolve-fitness.eu\/wp-content\/uploads\/2023\/09\/EVOLVE-PL-PR-950.png","contentUrl":"https:\/\/evolve-fitness.eu\/wp-content\/uploads\/2023\/09\/EVOLVE-PL-PR-950.png","width":680,"height":600},{"@type":"BreadcrumbList","@id":"https:\/\/evolve-fitness.eu\/sv\/produkt\/evolve-prime-series-multi-smith-machine-med-kabelkors\/#breadcrumb","itemListElement":[{"@type":"ListItem","position":1,"name":"Home","item":"https:\/\/evolve-fitness.eu\/sv\/"},{"@type":"ListItem","position":2,"name":"Produkter","item":"https:\/\/evolve-fitness.eu\/sv\/shop\/"},{"@type":"ListItem","position":3,"name":"Evolve Prime Series Multi Smith Machine med kabelkors"}]},{"@type":"WebSite","@id":"https:\/\/evolve-fitness.eu\/sv\/#website","url":"https:\/\/evolve-fitness.eu\/sv\/","name":"Evolve","description":"Your Evolved Gear Arrived","publisher":{"@id":"https:\/\/evolve-fitness.eu\/sv\/#organization"},"potentialAction":[{"@type":"SearchAction","target":{"@type":"EntryPoint","urlTemplate":"https:\/\/evolve-fitness.eu\/sv\/?s={search_term_string}"},"query-input":{"@type":"PropertyValueSpecification","valueRequired":true,"valueName":"search_term_string"}}],"inLanguage":"sv-SE"},{"@type":"Organization","@id":"https:\/\/evolve-fitness.eu\/sv\/#organization","name":"Evolve","url":"https:\/\/evolve-fitness.eu\/sv\/","logo":{"@type":"ImageObject","inLanguage":"sv-SE","@id":"https:\/\/evolve-fitness.eu\/sv\/#\/schema\/logo\/image\/","url":"https:\/\/evolve-fitness.eu\/wp-content\/uploads\/2023\/05\/Evolve-logo.svg","contentUrl":"https:\/\/evolve-fitness.eu\/wp-content\/uploads\/2023\/05\/Evolve-logo.svg","width":176,"height":20,"caption":"Evolve"},"image":{"@id":"https:\/\/evolve-fitness.eu\/sv\/#\/schema\/logo\/image\/"},"sameAs":["https:\/\/www.facebook.com\/EvolveFitnessEurope"]}]}},"_links":{"self":[{"href":"https:\/\/evolve-fitness.eu\/sv\/wp-json\/wp\/v2\/product\/52661","targetHints":{"allow":["GET"]}}],"collection":[{"href":"https:\/\/evolve-fitness.eu\/sv\/wp-json\/wp\/v2\/product"}],"about":[{"href":"https:\/\/evolve-fitness.eu\/sv\/wp-json\/wp\/v2\/types\/product"}],"wp:featuredmedia":[{"embeddable":true,"href":"https:\/\/evolve-fitness.eu\/sv\/wp-json\/wp\/v2\/media\/52673"}],"wp:attachment":[{"href":"https:\/\/evolve-fitness.eu\/sv\/wp-json\/wp\/v2\/media?parent=52661"}],"wp:term":[{"taxonomy":"product_brand","embeddable":true,"href":"https:\/\/evolve-fitness.eu\/sv\/wp-json\/wp\/v2\/product_brand?post=52661"},{"taxonomy":"product_cat","embeddable":true,"href":"https:\/\/evolve-fitness.eu\/sv\/wp-json\/wp\/v2\/product_cat?post=52661"},{"taxonomy":"product_tag","embeddable":true,"href":"https:\/\/evolve-fitness.eu\/sv\/wp-json\/wp\/v2\/product_tag?post=52661"}],"curies":[{"name":"wp","href":"https:\/\/api.w.org\/{rel}","templated":true}]}}