{"id":65708,"date":"2023-11-08T12:37:20","date_gmt":"2023-11-08T12:37:20","guid":{"rendered":"https:\/\/evolve-fitness.eu\/product\/evolve-hexagon-hantlar-1-60-kg\/"},"modified":"2025-02-06T14:11:43","modified_gmt":"2025-02-06T14:11:43","slug":"evolve-hexagon-hantlar-1-60-kg","status":"publish","type":"product","link":"https:\/\/evolve-fitness.eu\/sv\/produkt\/evolve-hexagon-hantlar-1-60-kg\/","title":{"rendered":"Evolve TPU Hexagon-hantlar 1 &#8211; 40 kg"},"content":{"rendered":"\n<section class=\"wp-block-group alignfull has-lightgray-background-color has-background is-layout-constrained wp-block-group-is-layout-constrained\">\n<div class=\"wp-block-columns alignwide is-layout-flex wp-container-core-columns-is-layout-2edb0647 wp-block-columns-is-layout-flex\" style=\"margin-top:0;margin-bottom:0\">\n<div class=\"wp-block-column is-layout-flow wp-block-column-is-layout-flow\" style=\"flex-basis:33.33%\"><\/div>\n\n\n\n<div class=\"wp-block-column is-layout-flow wp-block-column-is-layout-flow\" style=\"flex-basis:66.66%\"><\/div>\n<\/div>\n<\/section>\n\n<section class=\"wp-block-group alignfull black-content has-white-color has-darkgray-background-color has-text-color has-background is-layout-constrained wp-block-group-is-layout-constrained\" style=\"padding-top:var(--wp--preset--spacing--section-bottom);padding-bottom:var(--wp--preset--spacing--section-bottom)\">\n<div class=\"wp-block-columns alignwide is-layout-flex wp-container-core-columns-is-layout-c45ee707 wp-block-columns-is-layout-flex\" style=\"margin-bottom:var(--wp--preset--spacing--side-padding);padding-top:var(--wp--preset--spacing--side-padding)\">\n<div class=\"wp-block-column is-vertically-aligned-center is-layout-flow wp-block-column-is-layout-flow\">\n<div class=\"wp-block-columns is-layout-flex wp-container-core-columns-is-layout-9d6595d7 wp-block-columns-is-layout-flex\">\n<div class=\"wp-block-column is-layout-flow wp-block-column-is-layout-flow\">\n<figure class=\"wp-block-image size-full is-style-rounded\"><img loading=\"lazy\" decoding=\"async\" width=\"680\" height=\"600\" src=\"https:\/\/evolve-fitness.eu\/wp-content\/uploads\/2023\/11\/Evolve-hex-dumbbells-5.png\" alt=\"\" class=\"wp-image-5356\" srcset=\"https:\/\/evolve-fitness.eu\/wp-content\/uploads\/2023\/11\/Evolve-hex-dumbbells-5.png 680w, https:\/\/evolve-fitness.eu\/wp-content\/uploads\/2023\/11\/Evolve-hex-dumbbells-5-300x265.png 300w, https:\/\/evolve-fitness.eu\/wp-content\/uploads\/2023\/11\/Evolve-hex-dumbbells-5-170x150.png 170w, https:\/\/evolve-fitness.eu\/wp-content\/uploads\/2023\/11\/Evolve-hex-dumbbells-5-600x529.png 600w, https:\/\/evolve-fitness.eu\/wp-content\/uploads\/2023\/11\/Evolve-hex-dumbbells-5-150x132.png 150w\" sizes=\"auto, (max-width: 680px) 100vw, 680px\" \/><\/figure>\n<\/div>\n<\/div>\n<\/div>\n\n\n\n<div class=\"wp-block-column is-vertically-aligned-center is-layout-flow wp-block-column-is-layout-flow\">\n<h3 class=\"wp-block-heading\"><strong>Funktionell design f\u00f6r varje tr\u00e4ningspass<\/strong><\/h3>\n\n\n\n<p><strong><em><strong><em>Utmana dina gr\u00e4nser<\/em><\/strong><\/em><\/strong><\/p>\n\n\n\n<p>V\u00e5ra hantlar \u00e4r utformade med praktiska egenskaper i \u00e5tanke och har TPU-huvuden f\u00f6r att \u00f6ka h\u00e5llbarheten, skydda ditt utrymme och minska bullret. Den innovativa hexagonformen f\u00f6rhindrar rullning och underl\u00e4ttar en m\u00e4ngd olika \u00f6vningar f\u00f6r dem som gillar funktionella eller crossfit-rutiner. Med tydligt pr\u00e4glade och laserskurna viktnummer \u00e4r valet enkelt, vilket s\u00e4kerst\u00e4ller en s\u00f6ml\u00f6s \u00f6verg\u00e5ng mellan vikter.<\/p>\n<\/div>\n<\/div>\n\n\n\n<div class=\"wp-block-columns alignwide is-layout-flex wp-container-core-columns-is-layout-c45ee707 wp-block-columns-is-layout-flex\" style=\"margin-bottom:var(--wp--preset--spacing--side-padding);padding-top:var(--wp--preset--spacing--side-padding)\">\n<div class=\"wp-block-column is-vertically-aligned-center is-layout-flow wp-block-column-is-layout-flow\">\n<h3 class=\"wp-block-heading\"><strong>Ergonomisk spetskompetens<\/strong><\/h3>\n\n\n\n<p><strong><em><strong><em>H\u00f6gsta prestanda<\/em><\/strong><\/em><\/strong><\/p>\n\n\n\n<p style=\"margin-bottom:var(--wp--preset--spacing--tb-section-padding)\">Upplev komforten i v\u00e5ra ergonomiskt utformade hantlar. Varje handtag \u00e4r noggrant b\u00f6jt och belagt med en h\u00e5rd kromfinish, som inte bara ger en elegant, modern touch utan ocks\u00e5 skyddar mot rost. Det r\u00e4fflade m\u00f6nstret ger ett stadigt grepp och g\u00f6r det m\u00f6jligt f\u00f6r anv\u00e4ndaren att tr\u00e4na med tillf\u00f6rsikt och s\u00e4kerhet.<\/p>\n<\/div>\n\n\n\n<div class=\"wp-block-column is-vertically-aligned-center is-layout-flow wp-block-column-is-layout-flow\">\n<div class=\"wp-block-columns is-layout-flex wp-container-core-columns-is-layout-9d6595d7 wp-block-columns-is-layout-flex\">\n<div class=\"wp-block-column is-layout-flow wp-block-column-is-layout-flow\">\n<figure class=\"wp-block-image size-full is-resized is-style-rounded\"><img loading=\"lazy\" decoding=\"async\" width=\"1920\" height=\"1280\" src=\"https:\/\/evolve-fitness.eu\/wp-content\/uploads\/2023\/12\/A7_05929.jpg\" alt=\"\" class=\"wp-image-7933\" style=\"object-fit:cover;width:680px;height:600px\" srcset=\"https:\/\/evolve-fitness.eu\/wp-content\/uploads\/2023\/12\/A7_05929.jpg 1920w, https:\/\/evolve-fitness.eu\/wp-content\/uploads\/2023\/12\/A7_05929-300x200.jpg 300w, https:\/\/evolve-fitness.eu\/wp-content\/uploads\/2023\/12\/A7_05929-225x150.jpg 225w, https:\/\/evolve-fitness.eu\/wp-content\/uploads\/2023\/12\/A7_05929-600x400.jpg 600w, https:\/\/evolve-fitness.eu\/wp-content\/uploads\/2023\/12\/A7_05929-1024x683.jpg 1024w, https:\/\/evolve-fitness.eu\/wp-content\/uploads\/2023\/12\/A7_05929-150x100.jpg 150w, https:\/\/evolve-fitness.eu\/wp-content\/uploads\/2023\/12\/A7_05929-768x512.jpg 768w, https:\/\/evolve-fitness.eu\/wp-content\/uploads\/2023\/12\/A7_05929-1536x1024.jpg 1536w\" sizes=\"auto, (max-width: 1920px) 100vw, 1920px\" \/><\/figure>\n<\/div>\n<\/div>\n<\/div>\n<\/div>\n\n\n\n<div class=\"wp-block-columns alignwide is-layout-flex wp-container-core-columns-is-layout-c45ee707 wp-block-columns-is-layout-flex\" style=\"margin-bottom:var(--wp--preset--spacing--side-padding);padding-top:var(--wp--preset--spacing--side-padding)\">\n<div class=\"wp-block-column is-vertically-aligned-center is-layout-flow wp-block-column-is-layout-flow\">\n<figure class=\"wp-block-image size-full is-resized is-style-rounded\"><img loading=\"lazy\" decoding=\"async\" width=\"680\" height=\"600\" src=\"https:\/\/evolve-fitness.eu\/wp-content\/uploads\/2023\/11\/Evolve-hex-dumbbells.png\" alt=\"\" class=\"wp-image-5346\" style=\"object-fit:cover;width:680px;height:600px\" srcset=\"https:\/\/evolve-fitness.eu\/wp-content\/uploads\/2023\/11\/Evolve-hex-dumbbells.png 680w, https:\/\/evolve-fitness.eu\/wp-content\/uploads\/2023\/11\/Evolve-hex-dumbbells-300x265.png 300w, https:\/\/evolve-fitness.eu\/wp-content\/uploads\/2023\/11\/Evolve-hex-dumbbells-170x150.png 170w, https:\/\/evolve-fitness.eu\/wp-content\/uploads\/2023\/11\/Evolve-hex-dumbbells-600x529.png 600w, https:\/\/evolve-fitness.eu\/wp-content\/uploads\/2023\/11\/Evolve-hex-dumbbells-150x132.png 150w\" sizes=\"auto, (max-width: 680px) 100vw, 680px\" \/><\/figure>\n<\/div>\n\n\n\n<div class=\"wp-block-column is-vertically-aligned-center is-layout-constrained wp-block-column-is-layout-constrained\">\n<h3 class=\"wp-block-heading\"><strong>Anpassning f\u00f6r att lyfta ditt varum\u00e4rke<\/strong><\/h3>\n\n\n\n<p><strong><em><strong><em>Evolve hantlar med anpassad passform<\/em><\/strong><\/em><\/strong><\/p>\n\n\n\n<p>F\u00f6rb\u00e4ttra utseendet p\u00e5 din anl\u00e4ggning med Evolve Hexagon hantlar. Vi erbjuder inte bara \u00f6verl\u00e4gsen tr\u00e4ningsutrustning, utan \u00e4ven anpassningstj\u00e4nster f\u00f6r att anpassa den till ditt varum\u00e4rkes estetik. V\u00e4lj att integrera dina varum\u00e4rkesf\u00e4rger och logotyp s\u00f6ml\u00f6st med v\u00e5r lasersk\u00e4rning och uretaninfusionsprocess. Med Evolve \u00e4r din tr\u00e4ningsutrustning inte bara ett redskap f\u00f6r tr\u00e4ning &#8211; den \u00e4r en \u00e5terspegling av ditt engagemang f\u00f6r kvalitet och stil.<\/p>\n<\/div>\n<\/div>\n\n\n\n<div class=\"wp-block-columns alignwide is-layout-flex wp-container-core-columns-is-layout-c45ee707 wp-block-columns-is-layout-flex\" style=\"margin-bottom:var(--wp--preset--spacing--side-padding);padding-top:var(--wp--preset--spacing--side-padding)\">\n<div class=\"wp-block-column is-vertically-aligned-center is-layout-flow wp-block-column-is-layout-flow\">\n<h3 class=\"wp-block-heading\"><strong>Brett spektrum av vikter<\/strong><\/h3>\n\n\n\n<p><strong><em><strong><em>Utmana dina gr\u00e4nser<\/em><\/strong><\/em><\/strong><\/p>\n\n\n\n<p>V\u00e5rt breda viktsortiment, som str\u00e4cker sig fr\u00e5n 1 kg till 40 kg, passar alla niv\u00e5er av styrka och tr\u00e4ningsskicklighet. Evolve Hexagon Dumbbells finns i par eller upps\u00e4ttningar och passar hela spektrumet av anv\u00e4ndare, fr\u00e5n nyb\u00f6rjare som p\u00e5b\u00f6rjar sin fitnessresa till erfarna idrottare som vill t\u00e4nja p\u00e5 sina gr\u00e4nser.<\/p>\n<\/div>\n\n\n\n<div class=\"wp-block-column is-vertically-aligned-center is-layout-flow wp-block-column-is-layout-flow\">\n<div class=\"wp-block-columns is-layout-flex wp-container-core-columns-is-layout-9d6595d7 wp-block-columns-is-layout-flex\">\n<div class=\"wp-block-column is-layout-flow wp-block-column-is-layout-flow\">\n<figure class=\"wp-block-image size-full is-style-rounded\"><img loading=\"lazy\" decoding=\"async\" width=\"680\" height=\"600\" src=\"https:\/\/evolve-fitness.eu\/wp-content\/uploads\/2023\/11\/Evolve-hex-dumbbells-4-1.png\" alt=\"\" class=\"wp-image-5354\" srcset=\"https:\/\/evolve-fitness.eu\/wp-content\/uploads\/2023\/11\/Evolve-hex-dumbbells-4-1.png 680w, https:\/\/evolve-fitness.eu\/wp-content\/uploads\/2023\/11\/Evolve-hex-dumbbells-4-1-300x265.png 300w, https:\/\/evolve-fitness.eu\/wp-content\/uploads\/2023\/11\/Evolve-hex-dumbbells-4-1-170x150.png 170w, https:\/\/evolve-fitness.eu\/wp-content\/uploads\/2023\/11\/Evolve-hex-dumbbells-4-1-600x529.png 600w, https:\/\/evolve-fitness.eu\/wp-content\/uploads\/2023\/11\/Evolve-hex-dumbbells-4-1-150x132.png 150w\" sizes=\"auto, (max-width: 680px) 100vw, 680px\" \/><\/figure>\n<\/div>\n<\/div>\n<\/div>\n<\/div>\n\n\n\n<div class=\"wp-block-columns alignwide is-layout-flex wp-container-core-columns-is-layout-c45ee707 wp-block-columns-is-layout-flex\" style=\"margin-bottom:var(--wp--preset--spacing--side-padding);padding-top:var(--wp--preset--spacing--side-padding)\">\n<div class=\"wp-block-column is-vertically-aligned-center is-layout-flow wp-block-column-is-layout-flow\">\n<div class=\"wp-block-columns is-layout-flex wp-container-core-columns-is-layout-9d6595d7 wp-block-columns-is-layout-flex\">\n<div class=\"wp-block-column is-layout-flow wp-block-column-is-layout-flow\">\n<figure class=\"wp-block-video\"><video height=\"2160\" style=\"aspect-ratio: 3840 \/ 2160;\" width=\"3840\" autoplay=\"\" controls=\"\" loop=\"\" muted=\"\" src=\"https:\/\/evolve-fitness.eu\/wp-content\/uploads\/2023\/11\/1.mp4\"><\/video><\/figure>\n<\/div>\n<\/div>\n<\/div>\n\n\n\n<div class=\"wp-block-column is-vertically-aligned-center is-layout-flow wp-block-column-is-layout-flow\">\n<h3 class=\"wp-block-heading\"><strong>Teknisk elegans<\/strong><\/h3>\n\n\n\n<p><strong><em><strong>Varaktig prestanda<\/strong><\/em><\/strong><\/p>\n\n\n\n<p>Evolve Hexagon Dumbbells \u00e4r en paradigm av teknisk sofistikering och estetisk design, fr\u00e5n TPU-huvudena till det konturerade, kromf\u00f6rst\u00e4rkta greppet. Den sexkantiga formen ger balans, medan de laserskurna detaljerna \u00e5terspeglar v\u00e5rt engagemang f\u00f6r kvalitet. Utveckla dig med oss och ta det f\u00f6rsta steget mot en \u00f6verl\u00e4gsen tr\u00e4ningsupplevelse.<\/p>\n<\/div>\n<\/div>\n<\/section>\n\n<p><\/p>\n","protected":false},"excerpt":{"rendered":"<p>P\u00e5 Evolve tror vi p\u00e5 kraften i omvandling genom styrka. Det \u00e4r d\u00e4rf\u00f6r vi har konstruerat Evolve Hexagon Dumbbell f\u00f6r att \u00f6vertr\u00e4ffa kraven p\u00e5 h\u00e5llbarhet och prestanda. V\u00e5ra hantlar \u00e4r tillverkade av h\u00f6gkvalitativa metalllegeringar och har enast\u00e5ende motst\u00e5ndskraft mot korrosion och deformation. Den noggranna precisionsgjutningen garanterar perfekt balans och m\u00e5ttnoggrannhet, vilket g\u00f6r dem till ett perfekt val f\u00f6r alla fitnessentusiaster, oavsett om du utrustar ett hemmagym eller en kommersiell fitnessanl\u00e4ggning p\u00e5 milit\u00e4rbaser, hotell, vandrarhem eller rehabiliteringscenter.<\/p>\n","protected":false},"featured_media":221659,"template":"","meta":{"_acf_changed":false,"inline_featured_image":false},"product_brand":[],"product_cat":[1568,2535],"product_tag":[],"class_list":{"0":"post-65708","1":"product","2":"type-product","3":"status-publish","4":"has-post-thumbnail","6":"product_cat-fria-vikter","7":"product_cat-hantlar","9":"first","10":"instock","11":"shipping-taxable","12":"purchasable","13":"product-type-variable"},"acf":{"long_title":"Evolve TPU Hexagon-hantlar 1 - 40 kg","subtitle":"","specifications":[{"label":"SKU","text_value":"EV-DB-HX","icon":"x"},{"label":"Vikt pr\u00e4glad p\u00e5 sidorna","text_value":"","icon":"v"},{"label":"TPU-huvuden ger h\u00e5llbarhet","text_value":"","icon":"v"},{"label":"Konturerat f\u00f6rkromat r\u00e4fflat handtag f\u00f6r blank yta och perfekt grepp","text_value":"","icon":"v"},{"label":"Laserskuren, uretaninfuserad logotyp och viktnummer","text_value":"","icon":"v"},{"label":"Hexagon, icke-rullande design f\u00f6r en perfekt balans","text_value":"","icon":"v"},{"label":"","text_value":"","icon":"x"}]},"yoast_head":"<!-- This site is optimized with the Yoast SEO plugin v26.6 - https:\/\/yoast.com\/wordpress\/plugins\/seo\/ -->\n<title>Evolve TPU Hexagon-hantlar 1 - 40 kg - Evolve<\/title>\n<meta name=\"robots\" content=\"index, follow, max-snippet:-1, max-image-preview:large, max-video-preview:-1\" \/>\n<link rel=\"canonical\" href=\"https:\/\/evolve-fitness.eu\/sv\/produkt\/evolve-hexagon-hantlar-1-60-kg\/\" \/>\n<meta property=\"og:locale\" content=\"sv_SE\" \/>\n<meta property=\"og:type\" content=\"article\" \/>\n<meta property=\"og:title\" content=\"Evolve TPU Hexagon-hantlar 1 - 40 kg - Evolve\" \/>\n<meta property=\"og:url\" content=\"https:\/\/evolve-fitness.eu\/sv\/produkt\/evolve-hexagon-hantlar-1-60-kg\/\" \/>\n<meta property=\"og:site_name\" content=\"Evolve\" \/>\n<meta property=\"article:publisher\" content=\"https:\/\/www.facebook.com\/EvolveFitnessEurope\" \/>\n<meta property=\"article:modified_time\" content=\"2025-02-06T14:11:43+00:00\" \/>\n<meta property=\"og:image\" content=\"https:\/\/evolve-fitness.eu\/wp-content\/uploads\/2023\/11\/Evolve-hex-dumbbells-1.png\" \/>\n\t<meta property=\"og:image:width\" content=\"680\" \/>\n\t<meta property=\"og:image:height\" content=\"600\" \/>\n\t<meta property=\"og:image:type\" content=\"image\/png\" \/>\n<meta name=\"twitter:card\" content=\"summary_large_image\" \/>\n<script type=\"application\/ld+json\" class=\"yoast-schema-graph\">{\"@context\":\"https:\/\/schema.org\",\"@graph\":[{\"@type\":\"WebPage\",\"@id\":\"https:\/\/evolve-fitness.eu\/sv\/produkt\/evolve-hexagon-hantlar-1-60-kg\/\",\"url\":\"https:\/\/evolve-fitness.eu\/sv\/produkt\/evolve-hexagon-hantlar-1-60-kg\/\",\"name\":\"Evolve TPU Hexagon-hantlar 1 - 40 kg - Evolve\",\"isPartOf\":{\"@id\":\"https:\/\/evolve-fitness.eu\/sv\/#website\"},\"primaryImageOfPage\":{\"@id\":\"https:\/\/evolve-fitness.eu\/sv\/produkt\/evolve-hexagon-hantlar-1-60-kg\/#primaryimage\"},\"image\":{\"@id\":\"https:\/\/evolve-fitness.eu\/sv\/produkt\/evolve-hexagon-hantlar-1-60-kg\/#primaryimage\"},\"thumbnailUrl\":\"https:\/\/evolve-fitness.eu\/wp-content\/uploads\/2023\/11\/EV-DB-HX1-50.png\",\"datePublished\":\"2023-11-08T12:37:20+00:00\",\"dateModified\":\"2025-02-06T14:11:43+00:00\",\"breadcrumb\":{\"@id\":\"https:\/\/evolve-fitness.eu\/sv\/produkt\/evolve-hexagon-hantlar-1-60-kg\/#breadcrumb\"},\"inLanguage\":\"sv-SE\",\"potentialAction\":[{\"@type\":\"ReadAction\",\"target\":[\"https:\/\/evolve-fitness.eu\/sv\/produkt\/evolve-hexagon-hantlar-1-60-kg\/\"]}]},{\"@type\":\"ImageObject\",\"inLanguage\":\"sv-SE\",\"@id\":\"https:\/\/evolve-fitness.eu\/sv\/produkt\/evolve-hexagon-hantlar-1-60-kg\/#primaryimage\",\"url\":\"https:\/\/evolve-fitness.eu\/wp-content\/uploads\/2023\/11\/EV-DB-HX1-50.png\",\"contentUrl\":\"https:\/\/evolve-fitness.eu\/wp-content\/uploads\/2023\/11\/EV-DB-HX1-50.png\",\"width\":1080,\"height\":1080},{\"@type\":\"BreadcrumbList\",\"@id\":\"https:\/\/evolve-fitness.eu\/sv\/produkt\/evolve-hexagon-hantlar-1-60-kg\/#breadcrumb\",\"itemListElement\":[{\"@type\":\"ListItem\",\"position\":1,\"name\":\"Home\",\"item\":\"https:\/\/evolve-fitness.eu\/sv\/\"},{\"@type\":\"ListItem\",\"position\":2,\"name\":\"Produkter\",\"item\":\"https:\/\/evolve-fitness.eu\/sv\/shop\/\"},{\"@type\":\"ListItem\",\"position\":3,\"name\":\"Evolve TPU Hexagon-hantlar 1 &#8211; 40 kg\"}]},{\"@type\":\"WebSite\",\"@id\":\"https:\/\/evolve-fitness.eu\/sv\/#website\",\"url\":\"https:\/\/evolve-fitness.eu\/sv\/\",\"name\":\"Evolve\",\"description\":\"Your Evolved Gear Arrived\",\"publisher\":{\"@id\":\"https:\/\/evolve-fitness.eu\/sv\/#organization\"},\"potentialAction\":[{\"@type\":\"SearchAction\",\"target\":{\"@type\":\"EntryPoint\",\"urlTemplate\":\"https:\/\/evolve-fitness.eu\/sv\/?s={search_term_string}\"},\"query-input\":{\"@type\":\"PropertyValueSpecification\",\"valueRequired\":true,\"valueName\":\"search_term_string\"}}],\"inLanguage\":\"sv-SE\"},{\"@type\":\"Organization\",\"@id\":\"https:\/\/evolve-fitness.eu\/sv\/#organization\",\"name\":\"Evolve\",\"url\":\"https:\/\/evolve-fitness.eu\/sv\/\",\"logo\":{\"@type\":\"ImageObject\",\"inLanguage\":\"sv-SE\",\"@id\":\"https:\/\/evolve-fitness.eu\/sv\/#\/schema\/logo\/image\/\",\"url\":\"https:\/\/evolve-fitness.eu\/wp-content\/uploads\/2023\/05\/Evolve-logo.svg\",\"contentUrl\":\"https:\/\/evolve-fitness.eu\/wp-content\/uploads\/2023\/05\/Evolve-logo.svg\",\"width\":176,\"height\":20,\"caption\":\"Evolve\"},\"image\":{\"@id\":\"https:\/\/evolve-fitness.eu\/sv\/#\/schema\/logo\/image\/\"},\"sameAs\":[\"https:\/\/www.facebook.com\/EvolveFitnessEurope\"]}]}<\/script>\n<!-- \/ Yoast SEO plugin. -->","yoast_head_json":{"title":"Evolve TPU Hexagon-hantlar 1 - 40 kg - Evolve","robots":{"index":"index","follow":"follow","max-snippet":"max-snippet:-1","max-image-preview":"max-image-preview:large","max-video-preview":"max-video-preview:-1"},"canonical":"https:\/\/evolve-fitness.eu\/sv\/produkt\/evolve-hexagon-hantlar-1-60-kg\/","og_locale":"sv_SE","og_type":"article","og_title":"Evolve TPU Hexagon-hantlar 1 - 40 kg - Evolve","og_url":"https:\/\/evolve-fitness.eu\/sv\/produkt\/evolve-hexagon-hantlar-1-60-kg\/","og_site_name":"Evolve","article_publisher":"https:\/\/www.facebook.com\/EvolveFitnessEurope","article_modified_time":"2025-02-06T14:11:43+00:00","og_image":[{"width":680,"height":600,"url":"https:\/\/evolve-fitness.eu\/wp-content\/uploads\/2023\/11\/Evolve-hex-dumbbells-1.png","type":"image\/png"}],"twitter_card":"summary_large_image","schema":{"@context":"https:\/\/schema.org","@graph":[{"@type":"WebPage","@id":"https:\/\/evolve-fitness.eu\/sv\/produkt\/evolve-hexagon-hantlar-1-60-kg\/","url":"https:\/\/evolve-fitness.eu\/sv\/produkt\/evolve-hexagon-hantlar-1-60-kg\/","name":"Evolve TPU Hexagon-hantlar 1 - 40 kg - Evolve","isPartOf":{"@id":"https:\/\/evolve-fitness.eu\/sv\/#website"},"primaryImageOfPage":{"@id":"https:\/\/evolve-fitness.eu\/sv\/produkt\/evolve-hexagon-hantlar-1-60-kg\/#primaryimage"},"image":{"@id":"https:\/\/evolve-fitness.eu\/sv\/produkt\/evolve-hexagon-hantlar-1-60-kg\/#primaryimage"},"thumbnailUrl":"https:\/\/evolve-fitness.eu\/wp-content\/uploads\/2023\/11\/EV-DB-HX1-50.png","datePublished":"2023-11-08T12:37:20+00:00","dateModified":"2025-02-06T14:11:43+00:00","breadcrumb":{"@id":"https:\/\/evolve-fitness.eu\/sv\/produkt\/evolve-hexagon-hantlar-1-60-kg\/#breadcrumb"},"inLanguage":"sv-SE","potentialAction":[{"@type":"ReadAction","target":["https:\/\/evolve-fitness.eu\/sv\/produkt\/evolve-hexagon-hantlar-1-60-kg\/"]}]},{"@type":"ImageObject","inLanguage":"sv-SE","@id":"https:\/\/evolve-fitness.eu\/sv\/produkt\/evolve-hexagon-hantlar-1-60-kg\/#primaryimage","url":"https:\/\/evolve-fitness.eu\/wp-content\/uploads\/2023\/11\/EV-DB-HX1-50.png","contentUrl":"https:\/\/evolve-fitness.eu\/wp-content\/uploads\/2023\/11\/EV-DB-HX1-50.png","width":1080,"height":1080},{"@type":"BreadcrumbList","@id":"https:\/\/evolve-fitness.eu\/sv\/produkt\/evolve-hexagon-hantlar-1-60-kg\/#breadcrumb","itemListElement":[{"@type":"ListItem","position":1,"name":"Home","item":"https:\/\/evolve-fitness.eu\/sv\/"},{"@type":"ListItem","position":2,"name":"Produkter","item":"https:\/\/evolve-fitness.eu\/sv\/shop\/"},{"@type":"ListItem","position":3,"name":"Evolve TPU Hexagon-hantlar 1 &#8211; 40 kg"}]},{"@type":"WebSite","@id":"https:\/\/evolve-fitness.eu\/sv\/#website","url":"https:\/\/evolve-fitness.eu\/sv\/","name":"Evolve","description":"Your Evolved Gear Arrived","publisher":{"@id":"https:\/\/evolve-fitness.eu\/sv\/#organization"},"potentialAction":[{"@type":"SearchAction","target":{"@type":"EntryPoint","urlTemplate":"https:\/\/evolve-fitness.eu\/sv\/?s={search_term_string}"},"query-input":{"@type":"PropertyValueSpecification","valueRequired":true,"valueName":"search_term_string"}}],"inLanguage":"sv-SE"},{"@type":"Organization","@id":"https:\/\/evolve-fitness.eu\/sv\/#organization","name":"Evolve","url":"https:\/\/evolve-fitness.eu\/sv\/","logo":{"@type":"ImageObject","inLanguage":"sv-SE","@id":"https:\/\/evolve-fitness.eu\/sv\/#\/schema\/logo\/image\/","url":"https:\/\/evolve-fitness.eu\/wp-content\/uploads\/2023\/05\/Evolve-logo.svg","contentUrl":"https:\/\/evolve-fitness.eu\/wp-content\/uploads\/2023\/05\/Evolve-logo.svg","width":176,"height":20,"caption":"Evolve"},"image":{"@id":"https:\/\/evolve-fitness.eu\/sv\/#\/schema\/logo\/image\/"},"sameAs":["https:\/\/www.facebook.com\/EvolveFitnessEurope"]}]}},"_links":{"self":[{"href":"https:\/\/evolve-fitness.eu\/sv\/wp-json\/wp\/v2\/product\/65708","targetHints":{"allow":["GET"]}}],"collection":[{"href":"https:\/\/evolve-fitness.eu\/sv\/wp-json\/wp\/v2\/product"}],"about":[{"href":"https:\/\/evolve-fitness.eu\/sv\/wp-json\/wp\/v2\/types\/product"}],"wp:featuredmedia":[{"embeddable":true,"href":"https:\/\/evolve-fitness.eu\/sv\/wp-json\/wp\/v2\/media\/221659"}],"wp:attachment":[{"href":"https:\/\/evolve-fitness.eu\/sv\/wp-json\/wp\/v2\/media?parent=65708"}],"wp:term":[{"taxonomy":"product_brand","embeddable":true,"href":"https:\/\/evolve-fitness.eu\/sv\/wp-json\/wp\/v2\/product_brand?post=65708"},{"taxonomy":"product_cat","embeddable":true,"href":"https:\/\/evolve-fitness.eu\/sv\/wp-json\/wp\/v2\/product_cat?post=65708"},{"taxonomy":"product_tag","embeddable":true,"href":"https:\/\/evolve-fitness.eu\/sv\/wp-json\/wp\/v2\/product_tag?post=65708"}],"curies":[{"name":"wp","href":"https:\/\/api.w.org\/{rel}","templated":true}]}}