{"id":71585,"date":"2023-09-11T12:44:40","date_gmt":"2023-09-11T12:44:40","guid":{"rendered":"https:\/\/evolve-fitness.eu\/product\/evolve-prime-series-platbelastad-smith-maskin\/"},"modified":"2026-03-31T16:31:39","modified_gmt":"2026-03-31T13:31:39","slug":"evolve-prime-series-platbelastad-smith-maskin","status":"publish","type":"product","link":"https:\/\/evolve-fitness.eu\/sv\/produkt\/evolve-prime-series-platbelastad-smith-maskin\/","title":{"rendered":"Evolve Prime Series pl\u00e5tbelastad Smith-maskin"},"content":{"rendered":"\n<section class=\"wp-block-group alignfull has-lightgray-background-color has-background is-layout-constrained wp-block-group-is-layout-constrained\">\n<div class=\"wp-block-columns alignwide is-layout-flex wp-container-core-columns-is-layout-2edb0647 wp-block-columns-is-layout-flex\" style=\"margin-top:0;margin-bottom:0\">\n<div class=\"wp-block-column is-layout-flow wp-block-column-is-layout-flow\" style=\"flex-basis:33.33%\"><\/div>\n\n\n\n<div class=\"wp-block-column is-layout-flow wp-block-column-is-layout-flow\" style=\"flex-basis:66.66%\"><\/div>\n<\/div>\n<\/section>\n\n<section class=\"wp-block-group alignfull black-content has-white-color has-darkgray-background-color has-text-color has-background is-layout-constrained wp-block-group-is-layout-constrained\" style=\"padding-top:var(--wp--preset--spacing--section-bottom);padding-bottom:var(--wp--preset--spacing--section-bottom)\">\n<h3 class=\"wp-block-heading has-text-align-center\"><strong><strong>EVOLVE PLATE LADDAD PRIME-SERIE<\/strong><\/strong><\/h3>\n\n\n\n<p>Med Evolve Plate Loaded Prime Series \u00e4r h\u00f6gsta kvalitet standard. F\u00f6rb\u00e4ttra din styrketr\u00e4ning med maskiner som \u00e4r utformade f\u00f6r komfort, h\u00e5llbarhet och prestanda. Utforska hela sortimentet idag och omdefiniera din tr\u00e4ningsresa.  <\/p>\n\n\n\n<section class=\"wp-block-group alignfull black-content has-white-color has-darkgray-background-color has-text-color has-background is-layout-constrained wp-block-group-is-layout-constrained\" style=\"padding-top:var(--wp--preset--spacing--section-bottom);padding-bottom:var(--wp--preset--spacing--section-bottom)\">\n<div class=\"wp-block-columns alignwide mobile-reverse is-layout-flex wp-container-core-columns-is-layout-ca64bf2d wp-block-columns-is-layout-flex\" style=\"margin-bottom:var(--wp--preset--spacing--side-padding)\">\n<div class=\"wp-block-column is-vertically-aligned-center is-layout-flow wp-block-column-is-layout-flow\">\n<h3 class=\"wp-block-heading\" style=\"margin-bottom:var(--wp--preset--spacing--h-3-bottom)\"><strong><strong><strong>Spetskompetens omdefinierad<\/strong><\/strong><\/strong><\/h3>\n\n\n\n<p><strong><em><strong>Vi introducerar Evolve Plate Loaded Prime Series<\/strong><\/em><\/strong><\/p>\n\n\n\n<p style=\"margin-bottom:var(--wp--preset--spacing--tb-section-padding)\">Upplev toppen av styrketr\u00e4ning med Evolve Plate Loaded Prime Series. Varje maskin i denna serie \u00e4r minuti\u00f6st utformad f\u00f6r att erbjuda en \u00f6verl\u00e4gsen tr\u00e4ningsupplevelse, och h\u00e4r \u00e4r varf\u00f6r<\/p>\n\n\n\n<h3 class=\"wp-block-heading\" style=\"margin-bottom:var(--wp--preset--spacing--h-3-bottom)\"><strong><strong><strong><strong><strong>lagringsl\u00f6sningar<\/strong><\/strong><\/strong><\/strong><\/strong><\/h3>\n\n\n\n<p><strong><em><strong><strong><strong>Maximal utrymmeseffektivitet<\/strong><\/strong><\/strong><\/em><\/strong><\/p>\n\n\n\n<p>H\u00e5ll ordning och maximera utrymmeseffektiviteten med <strong>Pegs f\u00f6r f\u00f6rvaring av viktskivor<\/strong>. H\u00e5ll dina tallrikar inom r\u00e4ckh\u00e5ll och skapa en st\u00f6kfri tr\u00e4ningsmilj\u00f6.<\/p>\n<\/div>\n\n\n\n<div class=\"wp-block-column is-vertically-aligned-center is-layout-flow wp-block-column-is-layout-flow\">\n<figure class=\"wp-block-image size-large\"><img loading=\"lazy\" decoding=\"async\" width=\"683\" height=\"1024\" src=\"https:\/\/evolve-fitness.eu\/wp-content\/uploads\/2023\/09\/EV-PL-PR-222-3-683x1024.jpg\" alt=\"EV-PL-PR-222\" class=\"wp-image-166257\" srcset=\"https:\/\/evolve-fitness.eu\/wp-content\/uploads\/2023\/09\/EV-PL-PR-222-3-683x1024.jpg 683w, https:\/\/evolve-fitness.eu\/wp-content\/uploads\/2023\/09\/EV-PL-PR-222-3-200x300.jpg 200w, https:\/\/evolve-fitness.eu\/wp-content\/uploads\/2023\/09\/EV-PL-PR-222-3-100x150.jpg 100w, https:\/\/evolve-fitness.eu\/wp-content\/uploads\/2023\/09\/EV-PL-PR-222-3-768x1152.jpg 768w, https:\/\/evolve-fitness.eu\/wp-content\/uploads\/2023\/09\/EV-PL-PR-222-3-1024x1536.jpg 1024w, https:\/\/evolve-fitness.eu\/wp-content\/uploads\/2023\/09\/EV-PL-PR-222-3-1365x2048.jpg 1365w, https:\/\/evolve-fitness.eu\/wp-content\/uploads\/2023\/09\/EV-PL-PR-222-3-300x450.jpg 300w, https:\/\/evolve-fitness.eu\/wp-content\/uploads\/2023\/09\/EV-PL-PR-222-3-600x900.jpg 600w, https:\/\/evolve-fitness.eu\/wp-content\/uploads\/2023\/09\/EV-PL-PR-222-3.jpg 1373w\" sizes=\"auto, (max-width: 683px) 100vw, 683px\" \/><\/figure>\n<\/div>\n<\/div>\n\n\n\n<div class=\"wp-block-columns alignwide mobile-reverse is-layout-flex wp-container-core-columns-is-layout-ca64bf2d wp-block-columns-is-layout-flex\" style=\"margin-bottom:var(--wp--preset--spacing--side-padding)\">\n<div class=\"wp-block-column is-vertically-aligned-center is-layout-flow wp-block-column-is-layout-flow\">\n<figure class=\"wp-block-image size-large\"><img loading=\"lazy\" decoding=\"async\" width=\"1024\" height=\"683\" src=\"https:\/\/evolve-fitness.eu\/wp-content\/uploads\/2023\/09\/A7_08342-1024x683.jpg\" alt=\"\" class=\"wp-image-8749\" srcset=\"https:\/\/evolve-fitness.eu\/wp-content\/uploads\/2023\/09\/A7_08342-1024x683.jpg 1024w, https:\/\/evolve-fitness.eu\/wp-content\/uploads\/2023\/09\/A7_08342-300x200.jpg 300w, https:\/\/evolve-fitness.eu\/wp-content\/uploads\/2023\/09\/A7_08342-225x150.jpg 225w, https:\/\/evolve-fitness.eu\/wp-content\/uploads\/2023\/09\/A7_08342-600x400.jpg 600w, https:\/\/evolve-fitness.eu\/wp-content\/uploads\/2023\/09\/A7_08342-150x100.jpg 150w, https:\/\/evolve-fitness.eu\/wp-content\/uploads\/2023\/09\/A7_08342-768x512.jpg 768w, https:\/\/evolve-fitness.eu\/wp-content\/uploads\/2023\/09\/A7_08342-1536x1024.jpg 1536w, https:\/\/evolve-fitness.eu\/wp-content\/uploads\/2023\/09\/A7_08342.jpg 1980w\" sizes=\"auto, (max-width: 1024px) 100vw, 1024px\" \/><\/figure>\n<\/div>\n\n\n\n<div class=\"wp-block-column is-vertically-aligned-center is-layout-flow wp-block-column-is-layout-flow\">\n<h3 class=\"wp-block-heading\" style=\"margin-bottom:var(--wp--preset--spacing--h-3-bottom)\"><strong><strong>Riktad muskelp\u00e5verkan<\/strong><\/strong><\/h3>\n\n\n\n<p><strong>L\u00e4ttanv\u00e4nda justeringsknappar i vibrerande gult<\/strong><\/p>\n\n\n\n<p style=\"margin-bottom:var(--wp--preset--spacing--tb-section-padding)\">F\u00f6r dem som s\u00f6ker m\u00e5ngsidighet erbjuder utvalda maskiner i Prime-serien <strong>unilateral armr\u00f6relse<\/strong>. Denna funktion ger dig m\u00f6jlighet att effektivt rikta in dig p\u00e5 specifika muskelgrupper, s\u00e5 att du kan anpassa ditt tr\u00e4ningsprogram.<\/p>\n<\/div>\n<\/div>\n\n\n\n<div class=\"wp-block-columns alignwide mobile-reverse is-layout-flex wp-container-core-columns-is-layout-ca64bf2d wp-block-columns-is-layout-flex\" style=\"margin-bottom:var(--wp--preset--spacing--side-padding)\">\n<div class=\"wp-block-column is-vertically-aligned-center is-layout-flow wp-block-column-is-layout-flow\">\n<h3 class=\"wp-block-heading\" style=\"margin-bottom:var(--wp--preset--spacing--h-3-bottom)\"><strong><strong>Tr\u00e4ning utan kr\u00e5ngel<\/strong><\/strong><\/h3>\n\n\n\n<p><strong><em><strong><strong><strong><strong><strong>\u00d6ppen ram f\u00f6r enkel \u00e5tkomst<\/strong><\/strong><\/strong><\/strong><\/strong><\/em><\/strong><\/p>\n\n\n\n<p style=\"margin-bottom:var(--wp--preset--spacing--tb-section-padding)\">Open Frame-designen p\u00e5 v\u00e5ra maskiner ger enkel \u00e5tkomst, s\u00e5 att du kan v\u00e4xla mellan olika \u00f6vningar utan problem. Slipp on\u00f6digt kr\u00e5ngel och fokusera p\u00e5 din tr\u00e4ning.<\/p>\n<\/div>\n\n\n\n<div class=\"wp-block-column is-vertically-aligned-center is-layout-flow wp-block-column-is-layout-flow\">\n<figure class=\"wp-block-image size-large\"><img loading=\"lazy\" decoding=\"async\" width=\"1024\" height=\"683\" src=\"https:\/\/evolve-fitness.eu\/wp-content\/uploads\/2023\/09\/A7_08345-1024x683.jpg\" alt=\"\" class=\"wp-image-8751\" srcset=\"https:\/\/evolve-fitness.eu\/wp-content\/uploads\/2023\/09\/A7_08345-1024x683.jpg 1024w, https:\/\/evolve-fitness.eu\/wp-content\/uploads\/2023\/09\/A7_08345-300x200.jpg 300w, https:\/\/evolve-fitness.eu\/wp-content\/uploads\/2023\/09\/A7_08345-225x150.jpg 225w, https:\/\/evolve-fitness.eu\/wp-content\/uploads\/2023\/09\/A7_08345-600x400.jpg 600w, https:\/\/evolve-fitness.eu\/wp-content\/uploads\/2023\/09\/A7_08345-150x100.jpg 150w, https:\/\/evolve-fitness.eu\/wp-content\/uploads\/2023\/09\/A7_08345-768x512.jpg 768w, https:\/\/evolve-fitness.eu\/wp-content\/uploads\/2023\/09\/A7_08345-1536x1024.jpg 1536w, https:\/\/evolve-fitness.eu\/wp-content\/uploads\/2023\/09\/A7_08345.jpg 1980w\" sizes=\"auto, (max-width: 1024px) 100vw, 1024px\" \/><\/figure>\n<\/div>\n<\/div>\n\n\n\n<div class=\"wp-block-columns alignwide mobile-reverse is-layout-flex wp-container-core-columns-is-layout-ca64bf2d wp-block-columns-is-layout-flex\" style=\"margin-bottom:var(--wp--preset--spacing--side-padding)\">\n<div class=\"wp-block-column is-vertically-aligned-center is-layout-flow wp-block-column-is-layout-flow\">\n<figure class=\"wp-block-image size-large\"><img loading=\"lazy\" decoding=\"async\" width=\"1024\" height=\"683\" src=\"https:\/\/evolve-fitness.eu\/wp-content\/uploads\/2023\/09\/A7_08357-1024x683.jpg\" alt=\"\" class=\"wp-image-8753\" srcset=\"https:\/\/evolve-fitness.eu\/wp-content\/uploads\/2023\/09\/A7_08357-1024x683.jpg 1024w, https:\/\/evolve-fitness.eu\/wp-content\/uploads\/2023\/09\/A7_08357-300x200.jpg 300w, https:\/\/evolve-fitness.eu\/wp-content\/uploads\/2023\/09\/A7_08357-225x150.jpg 225w, https:\/\/evolve-fitness.eu\/wp-content\/uploads\/2023\/09\/A7_08357-600x400.jpg 600w, https:\/\/evolve-fitness.eu\/wp-content\/uploads\/2023\/09\/A7_08357-150x100.jpg 150w, https:\/\/evolve-fitness.eu\/wp-content\/uploads\/2023\/09\/A7_08357-768x512.jpg 768w, https:\/\/evolve-fitness.eu\/wp-content\/uploads\/2023\/09\/A7_08357-1536x1024.jpg 1536w, https:\/\/evolve-fitness.eu\/wp-content\/uploads\/2023\/09\/A7_08357.jpg 1980w\" sizes=\"auto, (max-width: 1024px) 100vw, 1024px\" \/><\/figure>\n<\/div>\n\n\n\n<div class=\"wp-block-column is-vertically-aligned-center is-layout-flow wp-block-column-is-layout-flow\">\n<h3 class=\"wp-block-heading\" style=\"margin-bottom:var(--wp--preset--spacing--h-3-bottom)\"><strong><strong><strong>L\u00e5ngvarig prestanda<\/strong><\/strong><\/strong><\/h3>\n\n\n\n<p><strong><em><strong><strong>Premiumkvalitet, kraftigt PU-l\u00e4der<\/strong><\/strong><\/em><\/strong><\/p>\n\n\n\n<p style=\"margin-bottom:var(--wp--preset--spacing--tb-section-padding)\">V\u00e5r utrustning best\u00e5r av <strong>h\u00f6gkvalitativt, kraftigt PU-l\u00e4der<\/strong> som \u00e4r utformat f\u00f6r att t\u00e5la \u00e4ven de tuffaste tr\u00e4ningspassen. Den ser inte bara bra ut utan har ocks\u00e5 l\u00e5ng livsl\u00e4ngd.<\/p>\n\n\n\n<h3 class=\"wp-block-heading\" style=\"margin-bottom:var(--wp--preset--spacing--h-3-bottom)\"><strong><strong><strong><strong><strong><strong><strong>Slitstark finish<\/strong><\/strong><\/strong><\/strong><\/strong><\/strong><\/strong><\/h3>\n\n\n\n<p><strong><em><strong><strong><strong><strong><strong>Elektrostatisk sprutningsteknik f\u00f6r h\u00e4rdplastpulver<\/strong><\/strong><\/strong><\/strong><\/strong><\/em><\/strong><\/p>\n\n\n\n<p style=\"margin-bottom:var(--wp--preset--spacing--tb-section-padding)\">Upplev en h\u00e5llbar finish med v\u00e5r <strong>elektrostatiska sprutteknik f\u00f6r h\u00e4rdplastpulver<\/strong>. Denna avancerade bel\u00e4ggning s\u00e4kerst\u00e4ller att din utrustning beh\u00e5ller sitt visuella utseende \u00f6ver tid.<\/p>\n\n\n\n<h3 class=\"wp-block-heading\" style=\"margin-bottom:var(--wp--preset--spacing--h-3-bottom)\"><strong><strong><strong><strong>Byggd f\u00f6r att h\u00e5lla<\/strong><\/strong><\/strong><\/strong><\/h3>\n\n\n\n<p><strong><em><strong><strong><strong>Bultar och muttrar i rostfritt st\u00e5l<\/strong><\/strong><\/strong><\/em><\/strong><\/p>\n\n\n\n<p style=\"margin-bottom:var(--wp--preset--spacing--tb-section-padding)\">Prime-serien \u00e4r byggd f\u00f6r att h\u00e5lla l\u00e4nge, med alla bultar och muttrar tillverkade av <strong>rostfritt st\u00e5l<\/strong>. Denna kvalitetskonstruktion garanterar l\u00e5ng livsl\u00e4ngd f\u00f6r din utrustning.<\/p>\n<\/div>\n<\/div>\n<\/section>\n<\/section>\n","protected":false},"excerpt":{"rendered":"<p>F\u00f6rb\u00e4ttra ditt gyms prestanda med Evolve Prime Series Plate Loaded Smith Machine PR-222. Denna robusta maskin \u00e4r utformad f\u00f6r kommersiella tr\u00e4ningsanl\u00e4ggningar och ger en helkroppsupplevelse. Det integrerade skivst\u00e5ngssystemet s\u00e4kerst\u00e4ller stabilitet, korrekt h\u00e5llning och en l\u00e5g startvikt, medan den solida st\u00e5lramen, s\u00e4kerhetsfunktionerna och de sex f\u00f6rvaringspinnarna f\u00f6r viktskivor ger h\u00e5llbarhet och organisation. Med 20 f\u00e4stpunkter f\u00f6r st\u00e5ngen, s\u00e4kerhetsstopp med justerbar h\u00f6jd och elegant design \u00e4r denna Smith Machine det ultimata valet. Uppgradera ditt gym redan idag.<\/p>\n","protected":false},"featured_media":71594,"template":"","meta":{"_acf_changed":false,"inline_featured_image":false},"product_brand":[],"product_cat":[4878,5444],"product_tag":[],"class_list":{"0":"post-71585","1":"product","2":"type-product","3":"status-publish","4":"has-post-thumbnail","6":"product_cat-platbelastade-maskiner","7":"product_cat-prime-series-platbelastad","9":"first","10":"instock","11":"virtual","12":"purchasable","13":"product-type-simple"},"acf":{"long_title":"Evolve Prime Series pl\u00e5tbelastad Smith-maskin, PR-222","subtitle":"","specifications":[{"label":"SKU","text_value":"EV-PL-PR-222","icon":"x"},{"label":"M\u00e5tt  ","text_value":"2162 x 1573 x 2387 mm","icon":"x"},{"label":"Vikt  ","text_value":"197 kg","icon":"x"},{"label":"Max. last  ","text_value":"300 kg","icon":"x"},{"label":"Pinnar f\u00f6r f\u00f6rvaring av viktskivor","text_value":"6","icon":"v"},{"label":"F\u00e4stpunkter f\u00f6r st\u00e5ng","text_value":"11","icon":"x"},{"label":"Tjocklek p\u00e5 ram","text_value":"3 mm","icon":"x"},{"label":"Motst\u00e5nd","text_value":"genom att belasta viktskivor med en 51 mm hyls\u00f6ppning","icon":"x"},{"label":"Integrerade s\u00e4kerhetsst\u00f6d med justerbar h\u00f6jd","text_value":"","icon":"v"},{"label":"Inbyggt motviktssystem kopplat till st\u00e5ngen via kabel, vilket minskar startvikten","text_value":"","icon":"v"},{"label":"Motvikt","text_value":"","icon":"v"},{"label":"Integrerade s\u00e4kerhetsspotters","text_value":"","icon":"v"},{"label":"Rails utrustade med linj\u00e4ra lager","text_value":"","icon":"v"},{"label":"F\u00f6rvaring av viktskivor  ","text_value":"","icon":"v"},{"label":"Inbyggd bar med kragar","text_value":"2 \u00e5r","icon":"v"},{"label":"Korrosionsskyddande f\u00e4rg","text_value":"","icon":"v"},{"label":"Metallram utan vassa kanter","text_value":"","icon":"v"},{"label":"Slitstarka golvskydd","text_value":"","icon":"v"},{"label":"Garanti  ","text_value":"2 \u00e5r","icon":"x"}]},"yoast_head":"<!-- This site is optimized with the Yoast SEO plugin v26.6 - https:\/\/yoast.com\/wordpress\/plugins\/seo\/ -->\n<title>Evolve Prime Series pl\u00e5tbelastad Smith-maskin - Evolve<\/title>\n<meta name=\"robots\" content=\"index, follow, max-snippet:-1, max-image-preview:large, max-video-preview:-1\" \/>\n<link rel=\"canonical\" href=\"https:\/\/evolve-fitness.eu\/sv\/produkt\/evolve-prime-series-platbelastad-smith-maskin\/\" \/>\n<meta property=\"og:locale\" content=\"sv_SE\" \/>\n<meta property=\"og:type\" content=\"article\" \/>\n<meta property=\"og:title\" content=\"Evolve Prime Series pl\u00e5tbelastad Smith-maskin - Evolve\" \/>\n<meta property=\"og:url\" content=\"https:\/\/evolve-fitness.eu\/sv\/produkt\/evolve-prime-series-platbelastad-smith-maskin\/\" \/>\n<meta property=\"og:site_name\" content=\"Evolve\" \/>\n<meta property=\"article:publisher\" content=\"https:\/\/www.facebook.com\/EvolveFitnessEurope\" \/>\n<meta property=\"article:modified_time\" content=\"2026-03-31T13:31:39+00:00\" \/>\n<meta property=\"og:image\" content=\"https:\/\/evolve-fitness.eu\/wp-content\/uploads\/2023\/09\/EVOLVE-PL-PR-222.png\" \/>\n\t<meta property=\"og:image:width\" content=\"680\" \/>\n\t<meta property=\"og:image:height\" content=\"600\" \/>\n\t<meta property=\"og:image:type\" content=\"image\/png\" \/>\n<meta name=\"twitter:card\" content=\"summary_large_image\" \/>\n<script type=\"application\/ld+json\" class=\"yoast-schema-graph\">{\"@context\":\"https:\/\/schema.org\",\"@graph\":[{\"@type\":\"WebPage\",\"@id\":\"https:\/\/evolve-fitness.eu\/sv\/produkt\/evolve-prime-series-platbelastad-smith-maskin\/\",\"url\":\"https:\/\/evolve-fitness.eu\/sv\/produkt\/evolve-prime-series-platbelastad-smith-maskin\/\",\"name\":\"Evolve Prime Series pl\u00e5tbelastad Smith-maskin - Evolve\",\"isPartOf\":{\"@id\":\"https:\/\/evolve-fitness.eu\/sv\/#website\"},\"primaryImageOfPage\":{\"@id\":\"https:\/\/evolve-fitness.eu\/sv\/produkt\/evolve-prime-series-platbelastad-smith-maskin\/#primaryimage\"},\"image\":{\"@id\":\"https:\/\/evolve-fitness.eu\/sv\/produkt\/evolve-prime-series-platbelastad-smith-maskin\/#primaryimage\"},\"thumbnailUrl\":\"https:\/\/evolve-fitness.eu\/wp-content\/uploads\/2023\/09\/EVOLVE-PL-PR-222.png\",\"datePublished\":\"2023-09-11T12:44:40+00:00\",\"dateModified\":\"2026-03-31T13:31:39+00:00\",\"breadcrumb\":{\"@id\":\"https:\/\/evolve-fitness.eu\/sv\/produkt\/evolve-prime-series-platbelastad-smith-maskin\/#breadcrumb\"},\"inLanguage\":\"sv-SE\",\"potentialAction\":[{\"@type\":\"ReadAction\",\"target\":[\"https:\/\/evolve-fitness.eu\/sv\/produkt\/evolve-prime-series-platbelastad-smith-maskin\/\"]}]},{\"@type\":\"ImageObject\",\"inLanguage\":\"sv-SE\",\"@id\":\"https:\/\/evolve-fitness.eu\/sv\/produkt\/evolve-prime-series-platbelastad-smith-maskin\/#primaryimage\",\"url\":\"https:\/\/evolve-fitness.eu\/wp-content\/uploads\/2023\/09\/EVOLVE-PL-PR-222.png\",\"contentUrl\":\"https:\/\/evolve-fitness.eu\/wp-content\/uploads\/2023\/09\/EVOLVE-PL-PR-222.png\",\"width\":680,\"height\":600,\"caption\":\"EV-PL-PR-222\"},{\"@type\":\"BreadcrumbList\",\"@id\":\"https:\/\/evolve-fitness.eu\/sv\/produkt\/evolve-prime-series-platbelastad-smith-maskin\/#breadcrumb\",\"itemListElement\":[{\"@type\":\"ListItem\",\"position\":1,\"name\":\"Home\",\"item\":\"https:\/\/evolve-fitness.eu\/sv\/\"},{\"@type\":\"ListItem\",\"position\":2,\"name\":\"Produkter\",\"item\":\"https:\/\/evolve-fitness.eu\/sv\/shop\/\"},{\"@type\":\"ListItem\",\"position\":3,\"name\":\"Evolve Prime Series pl\u00e5tbelastad Smith-maskin\"}]},{\"@type\":\"WebSite\",\"@id\":\"https:\/\/evolve-fitness.eu\/sv\/#website\",\"url\":\"https:\/\/evolve-fitness.eu\/sv\/\",\"name\":\"Evolve\",\"description\":\"Your Evolved Gear Arrived\",\"publisher\":{\"@id\":\"https:\/\/evolve-fitness.eu\/sv\/#organization\"},\"potentialAction\":[{\"@type\":\"SearchAction\",\"target\":{\"@type\":\"EntryPoint\",\"urlTemplate\":\"https:\/\/evolve-fitness.eu\/sv\/?s={search_term_string}\"},\"query-input\":{\"@type\":\"PropertyValueSpecification\",\"valueRequired\":true,\"valueName\":\"search_term_string\"}}],\"inLanguage\":\"sv-SE\"},{\"@type\":\"Organization\",\"@id\":\"https:\/\/evolve-fitness.eu\/sv\/#organization\",\"name\":\"Evolve\",\"url\":\"https:\/\/evolve-fitness.eu\/sv\/\",\"logo\":{\"@type\":\"ImageObject\",\"inLanguage\":\"sv-SE\",\"@id\":\"https:\/\/evolve-fitness.eu\/sv\/#\/schema\/logo\/image\/\",\"url\":\"https:\/\/evolve-fitness.eu\/wp-content\/uploads\/2023\/05\/Evolve-logo.svg\",\"contentUrl\":\"https:\/\/evolve-fitness.eu\/wp-content\/uploads\/2023\/05\/Evolve-logo.svg\",\"width\":176,\"height\":20,\"caption\":\"Evolve\"},\"image\":{\"@id\":\"https:\/\/evolve-fitness.eu\/sv\/#\/schema\/logo\/image\/\"},\"sameAs\":[\"https:\/\/www.facebook.com\/EvolveFitnessEurope\"]}]}<\/script>\n<!-- \/ Yoast SEO plugin. -->","yoast_head_json":{"title":"Evolve Prime Series pl\u00e5tbelastad Smith-maskin - Evolve","robots":{"index":"index","follow":"follow","max-snippet":"max-snippet:-1","max-image-preview":"max-image-preview:large","max-video-preview":"max-video-preview:-1"},"canonical":"https:\/\/evolve-fitness.eu\/sv\/produkt\/evolve-prime-series-platbelastad-smith-maskin\/","og_locale":"sv_SE","og_type":"article","og_title":"Evolve Prime Series pl\u00e5tbelastad Smith-maskin - Evolve","og_url":"https:\/\/evolve-fitness.eu\/sv\/produkt\/evolve-prime-series-platbelastad-smith-maskin\/","og_site_name":"Evolve","article_publisher":"https:\/\/www.facebook.com\/EvolveFitnessEurope","article_modified_time":"2026-03-31T13:31:39+00:00","og_image":[{"width":680,"height":600,"url":"https:\/\/evolve-fitness.eu\/wp-content\/uploads\/2023\/09\/EVOLVE-PL-PR-222.png","type":"image\/png"}],"twitter_card":"summary_large_image","schema":{"@context":"https:\/\/schema.org","@graph":[{"@type":"WebPage","@id":"https:\/\/evolve-fitness.eu\/sv\/produkt\/evolve-prime-series-platbelastad-smith-maskin\/","url":"https:\/\/evolve-fitness.eu\/sv\/produkt\/evolve-prime-series-platbelastad-smith-maskin\/","name":"Evolve Prime Series pl\u00e5tbelastad Smith-maskin - Evolve","isPartOf":{"@id":"https:\/\/evolve-fitness.eu\/sv\/#website"},"primaryImageOfPage":{"@id":"https:\/\/evolve-fitness.eu\/sv\/produkt\/evolve-prime-series-platbelastad-smith-maskin\/#primaryimage"},"image":{"@id":"https:\/\/evolve-fitness.eu\/sv\/produkt\/evolve-prime-series-platbelastad-smith-maskin\/#primaryimage"},"thumbnailUrl":"https:\/\/evolve-fitness.eu\/wp-content\/uploads\/2023\/09\/EVOLVE-PL-PR-222.png","datePublished":"2023-09-11T12:44:40+00:00","dateModified":"2026-03-31T13:31:39+00:00","breadcrumb":{"@id":"https:\/\/evolve-fitness.eu\/sv\/produkt\/evolve-prime-series-platbelastad-smith-maskin\/#breadcrumb"},"inLanguage":"sv-SE","potentialAction":[{"@type":"ReadAction","target":["https:\/\/evolve-fitness.eu\/sv\/produkt\/evolve-prime-series-platbelastad-smith-maskin\/"]}]},{"@type":"ImageObject","inLanguage":"sv-SE","@id":"https:\/\/evolve-fitness.eu\/sv\/produkt\/evolve-prime-series-platbelastad-smith-maskin\/#primaryimage","url":"https:\/\/evolve-fitness.eu\/wp-content\/uploads\/2023\/09\/EVOLVE-PL-PR-222.png","contentUrl":"https:\/\/evolve-fitness.eu\/wp-content\/uploads\/2023\/09\/EVOLVE-PL-PR-222.png","width":680,"height":600,"caption":"EV-PL-PR-222"},{"@type":"BreadcrumbList","@id":"https:\/\/evolve-fitness.eu\/sv\/produkt\/evolve-prime-series-platbelastad-smith-maskin\/#breadcrumb","itemListElement":[{"@type":"ListItem","position":1,"name":"Home","item":"https:\/\/evolve-fitness.eu\/sv\/"},{"@type":"ListItem","position":2,"name":"Produkter","item":"https:\/\/evolve-fitness.eu\/sv\/shop\/"},{"@type":"ListItem","position":3,"name":"Evolve Prime Series pl\u00e5tbelastad Smith-maskin"}]},{"@type":"WebSite","@id":"https:\/\/evolve-fitness.eu\/sv\/#website","url":"https:\/\/evolve-fitness.eu\/sv\/","name":"Evolve","description":"Your Evolved Gear Arrived","publisher":{"@id":"https:\/\/evolve-fitness.eu\/sv\/#organization"},"potentialAction":[{"@type":"SearchAction","target":{"@type":"EntryPoint","urlTemplate":"https:\/\/evolve-fitness.eu\/sv\/?s={search_term_string}"},"query-input":{"@type":"PropertyValueSpecification","valueRequired":true,"valueName":"search_term_string"}}],"inLanguage":"sv-SE"},{"@type":"Organization","@id":"https:\/\/evolve-fitness.eu\/sv\/#organization","name":"Evolve","url":"https:\/\/evolve-fitness.eu\/sv\/","logo":{"@type":"ImageObject","inLanguage":"sv-SE","@id":"https:\/\/evolve-fitness.eu\/sv\/#\/schema\/logo\/image\/","url":"https:\/\/evolve-fitness.eu\/wp-content\/uploads\/2023\/05\/Evolve-logo.svg","contentUrl":"https:\/\/evolve-fitness.eu\/wp-content\/uploads\/2023\/05\/Evolve-logo.svg","width":176,"height":20,"caption":"Evolve"},"image":{"@id":"https:\/\/evolve-fitness.eu\/sv\/#\/schema\/logo\/image\/"},"sameAs":["https:\/\/www.facebook.com\/EvolveFitnessEurope"]}]}},"_links":{"self":[{"href":"https:\/\/evolve-fitness.eu\/sv\/wp-json\/wp\/v2\/product\/71585","targetHints":{"allow":["GET"]}}],"collection":[{"href":"https:\/\/evolve-fitness.eu\/sv\/wp-json\/wp\/v2\/product"}],"about":[{"href":"https:\/\/evolve-fitness.eu\/sv\/wp-json\/wp\/v2\/types\/product"}],"wp:featuredmedia":[{"embeddable":true,"href":"https:\/\/evolve-fitness.eu\/sv\/wp-json\/wp\/v2\/media\/71594"}],"wp:attachment":[{"href":"https:\/\/evolve-fitness.eu\/sv\/wp-json\/wp\/v2\/media?parent=71585"}],"wp:term":[{"taxonomy":"product_brand","embeddable":true,"href":"https:\/\/evolve-fitness.eu\/sv\/wp-json\/wp\/v2\/product_brand?post=71585"},{"taxonomy":"product_cat","embeddable":true,"href":"https:\/\/evolve-fitness.eu\/sv\/wp-json\/wp\/v2\/product_cat?post=71585"},{"taxonomy":"product_tag","embeddable":true,"href":"https:\/\/evolve-fitness.eu\/sv\/wp-json\/wp\/v2\/product_tag?post=71585"}],"curies":[{"name":"wp","href":"https:\/\/api.w.org\/{rel}","templated":true}]}}