{"id":76595,"date":"2024-01-18T14:45:11","date_gmt":"2024-01-18T14:45:11","guid":{"rendered":"https:\/\/evolve-fitness.eu\/product\/evolve-ultra-series-cpu-hantlar-i-uretan-10-60-kg\/"},"modified":"2026-04-09T15:43:41","modified_gmt":"2026-04-09T12:43:41","slug":"evolve-ultra-series-cpu-hantlar-i-uretan-10-60-kg","status":"publish","type":"product","link":"https:\/\/evolve-fitness.eu\/sv\/produkt\/evolve-ultra-series-cpu-hantlar-i-uretan-10-60-kg\/","title":{"rendered":"Evolve Ultra Series CPU Uretan-hantlar Set 10-60 kg (CP-10-60)"},"content":{"rendered":"\n<section class=\"wp-block-group alignfull has-lightgray-background-color has-background is-layout-constrained wp-block-group-is-layout-constrained\">\n<div class=\"wp-block-columns alignwide is-layout-flex wp-container-core-columns-is-layout-2edb0647 wp-block-columns-is-layout-flex\" style=\"margin-top:0;margin-bottom:0\">\n<div class=\"wp-block-column is-layout-flow wp-block-column-is-layout-flow\" style=\"flex-basis:33.33%\"><\/div>\n\n\n\n<div class=\"wp-block-column is-layout-flow wp-block-column-is-layout-flow\" style=\"flex-basis:66.66%\"><\/div>\n<\/div>\n<\/section>\n\n<section class=\"wp-block-group alignfull black-content has-white-color has-darkgray-background-color has-text-color has-background is-layout-constrained wp-block-group-is-layout-constrained\" style=\"padding-top:var(--wp--preset--spacing--section-bottom);padding-bottom:var(--wp--preset--spacing--section-bottom)\">\n<div class=\"wp-block-columns alignwide mobile-reverse is-layout-flex wp-container-core-columns-is-layout-ca64bf2d wp-block-columns-is-layout-flex\" style=\"margin-bottom:var(--wp--preset--spacing--side-padding)\">\n<div class=\"wp-block-column is-vertically-aligned-center is-layout-flow wp-block-column-is-layout-flow\">\n<h3 class=\"wp-block-heading\" style=\"margin-bottom:var(--wp--preset--spacing--h-3-bottom)\">Anpassningsbar och stilren<\/h3>\n\n\n\n<p><strong><em><strong><em>F\u00f6rb\u00e4ttra ditt gyms varum\u00e4rke<\/em><\/strong><\/em><\/strong><\/p>\n\n\n\n<p style=\"margin-bottom:var(--wp--preset--spacing--tb-section-padding)\">Ut\u00f6ver exceptionell h\u00e5llbarhet erbjuder Evolve Urethane hantlar anpassningsalternativ f\u00f6r att h\u00f6ja ditt gyms varum\u00e4rke och estetik. L\u00e4gg till din logotyp och v\u00e4lj anpassade f\u00e4rger f\u00f6r att skapa en unik tr\u00e4ningsupplevelse, som skiljer ditt gym fr\u00e5n konkurrenterna och l\u00e4mnar ett best\u00e5ende intryck p\u00e5 dina medlemmar.<\/p>\n<\/div>\n\n\n\n<div class=\"wp-block-column is-vertically-aligned-center is-layout-flow wp-block-column-is-layout-flow\">\n<figure class=\"wp-block-video\"><video height=\"1080\" style=\"aspect-ratio: 1920 \/ 1080;\" width=\"1920\" autoplay=\"\" controls=\"\" loop=\"\" muted=\"\" src=\"https:\/\/evolve-fitness.eu\/wp-content\/uploads\/2024\/01\/EV-DB-CP-10-60-Evolve-Ultra-Series-CPU-Urethane-Dumbbells-3D.mp4\"><\/video><\/figure>\n<\/div>\n<\/div>\n\n\n\n<div class=\"wp-block-columns alignwide is-layout-flex wp-container-core-columns-is-layout-c45ee707 wp-block-columns-is-layout-flex\" style=\"margin-bottom:var(--wp--preset--spacing--side-padding);padding-top:var(--wp--preset--spacing--side-padding)\">\n<div class=\"wp-block-column is-vertically-aligned-center is-layout-flow wp-block-column-is-layout-flow\">\n<figure class=\"wp-block-image size-large\"><img loading=\"lazy\" decoding=\"async\" width=\"1024\" height=\"1024\" src=\"https:\/\/evolve-fitness.eu\/wp-content\/uploads\/2024\/01\/EV-DB-CP-10-60-Evolve-Ultra-Series-CPU-Urethane-Dumbbells-PNG-Full-3-1024x1024.png\" alt=\"EV-DB-CP-10-60\" class=\"wp-image-10469\" srcset=\"https:\/\/evolve-fitness.eu\/wp-content\/uploads\/2024\/01\/EV-DB-CP-10-60-Evolve-Ultra-Series-CPU-Urethane-Dumbbells-PNG-Full-3-1024x1024.png 1024w, https:\/\/evolve-fitness.eu\/wp-content\/uploads\/2024\/01\/EV-DB-CP-10-60-Evolve-Ultra-Series-CPU-Urethane-Dumbbells-PNG-Full-3-300x300.png 300w, https:\/\/evolve-fitness.eu\/wp-content\/uploads\/2024\/01\/EV-DB-CP-10-60-Evolve-Ultra-Series-CPU-Urethane-Dumbbells-PNG-Full-3-150x150.png 150w, https:\/\/evolve-fitness.eu\/wp-content\/uploads\/2024\/01\/EV-DB-CP-10-60-Evolve-Ultra-Series-CPU-Urethane-Dumbbells-PNG-Full-3-600x600.png 600w, https:\/\/evolve-fitness.eu\/wp-content\/uploads\/2024\/01\/EV-DB-CP-10-60-Evolve-Ultra-Series-CPU-Urethane-Dumbbells-PNG-Full-3-768x768.png 768w, https:\/\/evolve-fitness.eu\/wp-content\/uploads\/2024\/01\/EV-DB-CP-10-60-Evolve-Ultra-Series-CPU-Urethane-Dumbbells-PNG-Full-3-1536x1536.png 1536w, https:\/\/evolve-fitness.eu\/wp-content\/uploads\/2024\/01\/EV-DB-CP-10-60-Evolve-Ultra-Series-CPU-Urethane-Dumbbells-PNG-Full-3.png 1600w\" sizes=\"auto, (max-width: 1024px) 100vw, 1024px\" \/><\/figure>\n<\/div>\n\n\n\n<div class=\"wp-block-column is-vertically-aligned-center is-layout-constrained wp-block-column-is-layout-constrained\">\n<h3 class=\"wp-block-heading\" style=\"margin-bottom:var(--wp--preset--spacing--h-3-bottom)\"><strong>Varf\u00f6r Uretan \u00e4r b\u00e4st<\/strong><\/h3>\n\n\n\n<p><em><strong>Det p\u00e5litliga valet f\u00f6r gym\u00e4gare<\/strong><\/em><\/p>\n\n\n\n<p style=\"margin-bottom:var(--wp--preset--spacing--tb-section-padding)\">Som gym\u00e4gare som s\u00f6ker p\u00e5litlig och l\u00e5ngvarig utrustning \u00e4r Evolve Urethane hantlar din ultimata l\u00f6sning. Dessa hantlar \u00e4r tillverkade av f\u00f6rstklassigt uretanmaterial och har en o\u00f6vertr\u00e4ffad h\u00e5llbarhet, vilket g\u00f6r dem idealiska f\u00f6r kommersiella gym. Du beh\u00f6ver inte oroa dig f\u00f6r repor, flisor eller skal &#8211; dessa hantlar beh\u00e5ller sitt ursprungliga utseende i flera \u00e5r och \u00e4r ett kostnadseffektivt alternativ som eliminerar behovet av frekventa byten.<\/p>\n<\/div>\n<\/div>\n\n\n\n<div class=\"wp-block-columns alignwide is-layout-flex wp-container-core-columns-is-layout-c45ee707 wp-block-columns-is-layout-flex\" style=\"margin-bottom:var(--wp--preset--spacing--side-padding);padding-top:var(--wp--preset--spacing--side-padding)\">\n<div class=\"wp-block-column is-vertically-aligned-center is-layout-flow wp-block-column-is-layout-flow\">\n<h3 class=\"wp-block-heading\" style=\"margin-bottom:var(--wp--preset--spacing--h-3-bottom)\">Precisionsgjuten<\/h3>\n\n\n\n<p><strong><em>Konsekvent prestanda<\/em><\/strong><\/p>\n\n\n\n<p>P\u00e5 Evolve prioriterar vi precisionsgjutning f\u00f6r att garantera enhetlig vikt och orubblig prestanda f\u00f6r varje hantel. Till skillnad fr\u00e5n standardhantlar med oj\u00e4mn vikt \u00e4r Evolves hantlar noggrant tillverkade enligt exakta specifikationer, vilket ger en j\u00e4mn vikt och k\u00e4nsla f\u00f6r f\u00f6rb\u00e4ttrad tr\u00e4ningsnoggrannhet.<\/p>\n\n\n\n<p><\/p>\n\n\n\n<h3 class=\"wp-block-heading\" style=\"margin-bottom:var(--wp--preset--spacing--h-3-bottom)\">Stor variation i vikt<\/h3>\n\n\n\n<p><strong><em>Anpassningsbar f\u00f6r alla konditionsniv\u00e5er<\/em><\/strong><\/p>\n\n\n\n<p style=\"margin-bottom:var(--wp--preset--spacing--tb-section-padding)\">Evolve Urethane Dumbbells str\u00e4cker sig fr\u00e5n 10 kg till 60 kg och passar alla fitnessniv\u00e5er och tillgodoser olika tr\u00e4ningsbehov. Dessa hantlar erbjuder exakta och gradvisa vikt\u00f6kningar, vilket s\u00e4kerst\u00e4ller en s\u00f6ml\u00f6s progression f\u00f6r dina medlemmars tr\u00e4ningsresor.<\/p>\n<\/div>\n\n\n\n<div class=\"wp-block-column is-vertically-aligned-center is-layout-flow wp-block-column-is-layout-flow\">\n<div class=\"wp-block-columns is-layout-flex wp-container-core-columns-is-layout-9d6595d7 wp-block-columns-is-layout-flex\">\n<div class=\"wp-block-column is-layout-flow wp-block-column-is-layout-flow\">\n<figure class=\"wp-block-image size-large\"><img loading=\"lazy\" decoding=\"async\" width=\"1024\" height=\"1024\" src=\"https:\/\/evolve-fitness.eu\/wp-content\/uploads\/2024\/01\/Dumbell-Handle-Dimenions-1024x1024.jpg\" alt=\"EV-DB-CP-10-60\" class=\"wp-image-10505\" srcset=\"https:\/\/evolve-fitness.eu\/wp-content\/uploads\/2024\/01\/Dumbell-Handle-Dimenions-1024x1024.jpg 1024w, https:\/\/evolve-fitness.eu\/wp-content\/uploads\/2024\/01\/Dumbell-Handle-Dimenions-300x300.jpg 300w, https:\/\/evolve-fitness.eu\/wp-content\/uploads\/2024\/01\/Dumbell-Handle-Dimenions-150x150.jpg 150w, https:\/\/evolve-fitness.eu\/wp-content\/uploads\/2024\/01\/Dumbell-Handle-Dimenions-600x600.jpg 600w, https:\/\/evolve-fitness.eu\/wp-content\/uploads\/2024\/01\/Dumbell-Handle-Dimenions-768x768.jpg 768w, https:\/\/evolve-fitness.eu\/wp-content\/uploads\/2024\/01\/Dumbell-Handle-Dimenions.jpg 1500w\" sizes=\"auto, (max-width: 1024px) 100vw, 1024px\" \/><\/figure>\n<\/div>\n<\/div>\n<\/div>\n<\/div>\n<\/section>\n","protected":false},"excerpt":{"rendered":"<p>Upplev toppen av styrketr\u00e4ning med Evolve Fitness Ultra Series CPU Urethane Dumbbells, som str\u00e4cker sig fr\u00e5n 10 till 60 kg. Dessa premiumhantlar i uretan \u00e4r utformade f\u00f6r b\u00e5de fitnessentusiaster och professionella idrottare och erbjuder o\u00f6vertr\u00e4ffad h\u00e5llbarhet och exakt balans. Evolve Ultra Series hantlar \u00e4r tillverkade med en unik CPU (Compound Polyurethane) formulering, vilket garanterar l\u00e5ngvarig prestanda i alla gym eller hemtr\u00e4ningsmilj\u00f6er. Varje hantel \u00e4r noggrant konstruerad f\u00f6r ergonomisk hantering, vilket ger ett bekv\u00e4mt och s\u00e4kert grepp f\u00f6r dina dagliga styrketr\u00e4ningsrutiner. Uppgradera din tr\u00e4ningsutrustning med Evolve Ultra Series hantlar och ta din tr\u00e4ningsresa till n\u00e4sta niv\u00e5. Dessa uretanhantlar \u00e4r perfekta f\u00f6r ett brett spektrum av \u00f6vningar, fr\u00e5n grundl\u00e4ggande tyngdlyftning till mer komplexa tr\u00e4ningsrutiner, och \u00e4r ett m\u00e5ngsidigt tillskott till alla tr\u00e4ningsprogram.<\/p>\n","protected":false},"featured_media":76602,"template":"","meta":{"_acf_changed":false,"inline_featured_image":false},"product_brand":[],"product_cat":[1568,2535],"product_tag":[],"class_list":{"0":"post-76595","1":"product","2":"type-product","3":"status-publish","4":"has-post-thumbnail","6":"product_cat-fria-vikter","7":"product_cat-hantlar","9":"first","10":"instock","11":"shipping-taxable","12":"purchasable","13":"product-type-simple"},"acf":{"long_title":"Evolve Ultra Series CPU Uretan-hantlar Set 10-60 kg (CP-10-60)","subtitle":"","specifications":[{"label":"SKU","text_value":"EV-DB-CP-10-60","icon":"x"},{"label":"Viktintervall","text_value":"10 kg - 60 kg","icon":"x"},{"label":"Grepp","text_value":"H\u00e5rdf\u00f6rkromade r\u00e4fflade handtag","icon":"x"},{"label":"Material","text_value":"  H\u00f6gkvalitativ CPU-uretan","icon":"x"},{"label":"Precisionsgjuten","text_value":"S\u00e4kerst\u00e4ller enhetlig vikt och konsekvent prestanda","icon":"x"},{"label":"Anpassning","text_value":"Alternativ f\u00f6r gymvarum\u00e4rke, inklusive laserskurna logotyper och f\u00e4rger","icon":"x"}]},"yoast_head":"<!-- This site is optimized with the Yoast SEO plugin v26.6 - https:\/\/yoast.com\/wordpress\/plugins\/seo\/ -->\n<title>Evolve Ultra Series CPU Uretan-hantlar Set 10-60 kg (CP-10-60) - Evolve<\/title>\n<meta name=\"robots\" content=\"index, follow, max-snippet:-1, max-image-preview:large, max-video-preview:-1\" \/>\n<link rel=\"canonical\" href=\"https:\/\/evolve-fitness.eu\/sv\/produkt\/evolve-ultra-series-cpu-hantlar-i-uretan-10-60-kg\/\" \/>\n<meta property=\"og:locale\" content=\"sv_SE\" \/>\n<meta property=\"og:type\" content=\"article\" \/>\n<meta property=\"og:title\" content=\"Evolve Ultra Series CPU Uretan-hantlar Set 10-60 kg (CP-10-60) - Evolve\" \/>\n<meta property=\"og:url\" content=\"https:\/\/evolve-fitness.eu\/sv\/produkt\/evolve-ultra-series-cpu-hantlar-i-uretan-10-60-kg\/\" \/>\n<meta property=\"og:site_name\" content=\"Evolve\" \/>\n<meta property=\"article:publisher\" content=\"https:\/\/www.facebook.com\/EvolveFitnessEurope\" \/>\n<meta property=\"article:modified_time\" content=\"2026-04-09T12:43:41+00:00\" \/>\n<meta property=\"og:image\" content=\"https:\/\/evolve-fitness.eu\/wp-content\/uploads\/2024\/01\/EV-DB-CP-10-60-Evolve-Ultra-Series-CPU-Urethane-Dumbbells-PNG.png\" \/>\n\t<meta property=\"og:image:width\" content=\"680\" \/>\n\t<meta property=\"og:image:height\" content=\"600\" \/>\n\t<meta property=\"og:image:type\" content=\"image\/png\" \/>\n<meta name=\"twitter:card\" content=\"summary_large_image\" \/>\n<script type=\"application\/ld+json\" class=\"yoast-schema-graph\">{\"@context\":\"https:\/\/schema.org\",\"@graph\":[{\"@type\":\"WebPage\",\"@id\":\"https:\/\/evolve-fitness.eu\/sv\/produkt\/evolve-ultra-series-cpu-hantlar-i-uretan-10-60-kg\/\",\"url\":\"https:\/\/evolve-fitness.eu\/sv\/produkt\/evolve-ultra-series-cpu-hantlar-i-uretan-10-60-kg\/\",\"name\":\"Evolve Ultra Series CPU Uretan-hantlar Set 10-60 kg (CP-10-60) - Evolve\",\"isPartOf\":{\"@id\":\"https:\/\/evolve-fitness.eu\/sv\/#website\"},\"primaryImageOfPage\":{\"@id\":\"https:\/\/evolve-fitness.eu\/sv\/produkt\/evolve-ultra-series-cpu-hantlar-i-uretan-10-60-kg\/#primaryimage\"},\"image\":{\"@id\":\"https:\/\/evolve-fitness.eu\/sv\/produkt\/evolve-ultra-series-cpu-hantlar-i-uretan-10-60-kg\/#primaryimage\"},\"thumbnailUrl\":\"https:\/\/evolve-fitness.eu\/wp-content\/uploads\/2024\/01\/EV-DB-CP-10-60-Evolve-Ultra-Series-CPU-Urethane-Dumbbells-PNG.png\",\"datePublished\":\"2024-01-18T14:45:11+00:00\",\"dateModified\":\"2026-04-09T12:43:41+00:00\",\"breadcrumb\":{\"@id\":\"https:\/\/evolve-fitness.eu\/sv\/produkt\/evolve-ultra-series-cpu-hantlar-i-uretan-10-60-kg\/#breadcrumb\"},\"inLanguage\":\"sv-SE\",\"potentialAction\":[{\"@type\":\"ReadAction\",\"target\":[\"https:\/\/evolve-fitness.eu\/sv\/produkt\/evolve-ultra-series-cpu-hantlar-i-uretan-10-60-kg\/\"]}]},{\"@type\":\"ImageObject\",\"inLanguage\":\"sv-SE\",\"@id\":\"https:\/\/evolve-fitness.eu\/sv\/produkt\/evolve-ultra-series-cpu-hantlar-i-uretan-10-60-kg\/#primaryimage\",\"url\":\"https:\/\/evolve-fitness.eu\/wp-content\/uploads\/2024\/01\/EV-DB-CP-10-60-Evolve-Ultra-Series-CPU-Urethane-Dumbbells-PNG.png\",\"contentUrl\":\"https:\/\/evolve-fitness.eu\/wp-content\/uploads\/2024\/01\/EV-DB-CP-10-60-Evolve-Ultra-Series-CPU-Urethane-Dumbbells-PNG.png\",\"width\":680,\"height\":600,\"caption\":\"EV-DB-CP-10-60\"},{\"@type\":\"BreadcrumbList\",\"@id\":\"https:\/\/evolve-fitness.eu\/sv\/produkt\/evolve-ultra-series-cpu-hantlar-i-uretan-10-60-kg\/#breadcrumb\",\"itemListElement\":[{\"@type\":\"ListItem\",\"position\":1,\"name\":\"Home\",\"item\":\"https:\/\/evolve-fitness.eu\/sv\/\"},{\"@type\":\"ListItem\",\"position\":2,\"name\":\"Produkter\",\"item\":\"https:\/\/evolve-fitness.eu\/sv\/shop\/\"},{\"@type\":\"ListItem\",\"position\":3,\"name\":\"Evolve Ultra Series CPU Uretan-hantlar Set 10-60 kg (CP-10-60)\"}]},{\"@type\":\"WebSite\",\"@id\":\"https:\/\/evolve-fitness.eu\/sv\/#website\",\"url\":\"https:\/\/evolve-fitness.eu\/sv\/\",\"name\":\"Evolve\",\"description\":\"Your Evolved Gear Arrived\",\"publisher\":{\"@id\":\"https:\/\/evolve-fitness.eu\/sv\/#organization\"},\"potentialAction\":[{\"@type\":\"SearchAction\",\"target\":{\"@type\":\"EntryPoint\",\"urlTemplate\":\"https:\/\/evolve-fitness.eu\/sv\/?s={search_term_string}\"},\"query-input\":{\"@type\":\"PropertyValueSpecification\",\"valueRequired\":true,\"valueName\":\"search_term_string\"}}],\"inLanguage\":\"sv-SE\"},{\"@type\":\"Organization\",\"@id\":\"https:\/\/evolve-fitness.eu\/sv\/#organization\",\"name\":\"Evolve\",\"url\":\"https:\/\/evolve-fitness.eu\/sv\/\",\"logo\":{\"@type\":\"ImageObject\",\"inLanguage\":\"sv-SE\",\"@id\":\"https:\/\/evolve-fitness.eu\/sv\/#\/schema\/logo\/image\/\",\"url\":\"https:\/\/evolve-fitness.eu\/wp-content\/uploads\/2023\/05\/Evolve-logo.svg\",\"contentUrl\":\"https:\/\/evolve-fitness.eu\/wp-content\/uploads\/2023\/05\/Evolve-logo.svg\",\"width\":176,\"height\":20,\"caption\":\"Evolve\"},\"image\":{\"@id\":\"https:\/\/evolve-fitness.eu\/sv\/#\/schema\/logo\/image\/\"},\"sameAs\":[\"https:\/\/www.facebook.com\/EvolveFitnessEurope\"]}]}<\/script>\n<!-- \/ Yoast SEO plugin. -->","yoast_head_json":{"title":"Evolve Ultra Series CPU Uretan-hantlar Set 10-60 kg (CP-10-60) - Evolve","robots":{"index":"index","follow":"follow","max-snippet":"max-snippet:-1","max-image-preview":"max-image-preview:large","max-video-preview":"max-video-preview:-1"},"canonical":"https:\/\/evolve-fitness.eu\/sv\/produkt\/evolve-ultra-series-cpu-hantlar-i-uretan-10-60-kg\/","og_locale":"sv_SE","og_type":"article","og_title":"Evolve Ultra Series CPU Uretan-hantlar Set 10-60 kg (CP-10-60) - Evolve","og_url":"https:\/\/evolve-fitness.eu\/sv\/produkt\/evolve-ultra-series-cpu-hantlar-i-uretan-10-60-kg\/","og_site_name":"Evolve","article_publisher":"https:\/\/www.facebook.com\/EvolveFitnessEurope","article_modified_time":"2026-04-09T12:43:41+00:00","og_image":[{"width":680,"height":600,"url":"https:\/\/evolve-fitness.eu\/wp-content\/uploads\/2024\/01\/EV-DB-CP-10-60-Evolve-Ultra-Series-CPU-Urethane-Dumbbells-PNG.png","type":"image\/png"}],"twitter_card":"summary_large_image","schema":{"@context":"https:\/\/schema.org","@graph":[{"@type":"WebPage","@id":"https:\/\/evolve-fitness.eu\/sv\/produkt\/evolve-ultra-series-cpu-hantlar-i-uretan-10-60-kg\/","url":"https:\/\/evolve-fitness.eu\/sv\/produkt\/evolve-ultra-series-cpu-hantlar-i-uretan-10-60-kg\/","name":"Evolve Ultra Series CPU Uretan-hantlar Set 10-60 kg (CP-10-60) - Evolve","isPartOf":{"@id":"https:\/\/evolve-fitness.eu\/sv\/#website"},"primaryImageOfPage":{"@id":"https:\/\/evolve-fitness.eu\/sv\/produkt\/evolve-ultra-series-cpu-hantlar-i-uretan-10-60-kg\/#primaryimage"},"image":{"@id":"https:\/\/evolve-fitness.eu\/sv\/produkt\/evolve-ultra-series-cpu-hantlar-i-uretan-10-60-kg\/#primaryimage"},"thumbnailUrl":"https:\/\/evolve-fitness.eu\/wp-content\/uploads\/2024\/01\/EV-DB-CP-10-60-Evolve-Ultra-Series-CPU-Urethane-Dumbbells-PNG.png","datePublished":"2024-01-18T14:45:11+00:00","dateModified":"2026-04-09T12:43:41+00:00","breadcrumb":{"@id":"https:\/\/evolve-fitness.eu\/sv\/produkt\/evolve-ultra-series-cpu-hantlar-i-uretan-10-60-kg\/#breadcrumb"},"inLanguage":"sv-SE","potentialAction":[{"@type":"ReadAction","target":["https:\/\/evolve-fitness.eu\/sv\/produkt\/evolve-ultra-series-cpu-hantlar-i-uretan-10-60-kg\/"]}]},{"@type":"ImageObject","inLanguage":"sv-SE","@id":"https:\/\/evolve-fitness.eu\/sv\/produkt\/evolve-ultra-series-cpu-hantlar-i-uretan-10-60-kg\/#primaryimage","url":"https:\/\/evolve-fitness.eu\/wp-content\/uploads\/2024\/01\/EV-DB-CP-10-60-Evolve-Ultra-Series-CPU-Urethane-Dumbbells-PNG.png","contentUrl":"https:\/\/evolve-fitness.eu\/wp-content\/uploads\/2024\/01\/EV-DB-CP-10-60-Evolve-Ultra-Series-CPU-Urethane-Dumbbells-PNG.png","width":680,"height":600,"caption":"EV-DB-CP-10-60"},{"@type":"BreadcrumbList","@id":"https:\/\/evolve-fitness.eu\/sv\/produkt\/evolve-ultra-series-cpu-hantlar-i-uretan-10-60-kg\/#breadcrumb","itemListElement":[{"@type":"ListItem","position":1,"name":"Home","item":"https:\/\/evolve-fitness.eu\/sv\/"},{"@type":"ListItem","position":2,"name":"Produkter","item":"https:\/\/evolve-fitness.eu\/sv\/shop\/"},{"@type":"ListItem","position":3,"name":"Evolve Ultra Series CPU Uretan-hantlar Set 10-60 kg (CP-10-60)"}]},{"@type":"WebSite","@id":"https:\/\/evolve-fitness.eu\/sv\/#website","url":"https:\/\/evolve-fitness.eu\/sv\/","name":"Evolve","description":"Your Evolved Gear Arrived","publisher":{"@id":"https:\/\/evolve-fitness.eu\/sv\/#organization"},"potentialAction":[{"@type":"SearchAction","target":{"@type":"EntryPoint","urlTemplate":"https:\/\/evolve-fitness.eu\/sv\/?s={search_term_string}"},"query-input":{"@type":"PropertyValueSpecification","valueRequired":true,"valueName":"search_term_string"}}],"inLanguage":"sv-SE"},{"@type":"Organization","@id":"https:\/\/evolve-fitness.eu\/sv\/#organization","name":"Evolve","url":"https:\/\/evolve-fitness.eu\/sv\/","logo":{"@type":"ImageObject","inLanguage":"sv-SE","@id":"https:\/\/evolve-fitness.eu\/sv\/#\/schema\/logo\/image\/","url":"https:\/\/evolve-fitness.eu\/wp-content\/uploads\/2023\/05\/Evolve-logo.svg","contentUrl":"https:\/\/evolve-fitness.eu\/wp-content\/uploads\/2023\/05\/Evolve-logo.svg","width":176,"height":20,"caption":"Evolve"},"image":{"@id":"https:\/\/evolve-fitness.eu\/sv\/#\/schema\/logo\/image\/"},"sameAs":["https:\/\/www.facebook.com\/EvolveFitnessEurope"]}]}},"_links":{"self":[{"href":"https:\/\/evolve-fitness.eu\/sv\/wp-json\/wp\/v2\/product\/76595","targetHints":{"allow":["GET"]}}],"collection":[{"href":"https:\/\/evolve-fitness.eu\/sv\/wp-json\/wp\/v2\/product"}],"about":[{"href":"https:\/\/evolve-fitness.eu\/sv\/wp-json\/wp\/v2\/types\/product"}],"wp:featuredmedia":[{"embeddable":true,"href":"https:\/\/evolve-fitness.eu\/sv\/wp-json\/wp\/v2\/media\/76602"}],"wp:attachment":[{"href":"https:\/\/evolve-fitness.eu\/sv\/wp-json\/wp\/v2\/media?parent=76595"}],"wp:term":[{"taxonomy":"product_brand","embeddable":true,"href":"https:\/\/evolve-fitness.eu\/sv\/wp-json\/wp\/v2\/product_brand?post=76595"},{"taxonomy":"product_cat","embeddable":true,"href":"https:\/\/evolve-fitness.eu\/sv\/wp-json\/wp\/v2\/product_cat?post=76595"},{"taxonomy":"product_tag","embeddable":true,"href":"https:\/\/evolve-fitness.eu\/sv\/wp-json\/wp\/v2\/product_tag?post=76595"}],"curies":[{"name":"wp","href":"https:\/\/api.w.org\/{rel}","templated":true}]}}