{"id":84907,"date":"2023-09-19T09:54:11","date_gmt":"2023-09-19T09:54:11","guid":{"rendered":"https:\/\/evolve-fitness.eu\/product\/evolve-prime-series-justerbar-bank\/"},"modified":"2026-04-01T09:15:32","modified_gmt":"2026-04-01T06:15:32","slug":"evolve-prime-series-justerbar-bank","status":"publish","type":"product","link":"https:\/\/evolve-fitness.eu\/sv\/produkt\/evolve-prime-series-justerbar-bank\/","title":{"rendered":"Evolve Prime Series justerbar b\u00e4nk"},"content":{"rendered":"\n<section class=\"wp-block-group alignfull has-lightgray-background-color has-background is-layout-constrained wp-block-group-is-layout-constrained\">\n<div class=\"wp-block-columns alignwide is-layout-flex wp-container-core-columns-is-layout-2edb0647 wp-block-columns-is-layout-flex\" style=\"margin-top:0;margin-bottom:0\">\n<div class=\"wp-block-column is-layout-flow wp-block-column-is-layout-flow\" style=\"flex-basis:33.33%\"><\/div>\n\n\n\n<div class=\"wp-block-column is-layout-flow wp-block-column-is-layout-flow\" style=\"flex-basis:66.66%\"><\/div>\n<\/div>\n<\/section>\n\n<section class=\"wp-block-group alignfull black-content has-white-color has-darkgray-background-color has-text-color has-background is-layout-constrained wp-block-group-is-layout-constrained\" style=\"padding-top:var(--wp--preset--spacing--section-bottom);padding-bottom:var(--wp--preset--spacing--section-bottom)\">\n<div class=\"wp-block-columns alignwide mobile-reverse is-layout-flex wp-container-core-columns-is-layout-ca64bf2d wp-block-columns-is-layout-flex\" style=\"margin-bottom:var(--wp--preset--spacing--side-padding)\">\n<div class=\"wp-block-column is-vertically-aligned-center is-layout-flow wp-block-column-is-layout-flow\">\n<h3 class=\"wp-block-heading\" style=\"margin-bottom:var(--wp--preset--spacing--h-3-bottom)\"><strong><strong><strong><strong><strong><strong><strong>H\u00e5llbar och anpassningsbar<\/strong><\/strong><\/strong><\/strong><\/strong><\/strong><\/strong><\/h3>\n\n\n\n<p><strong><em><strong><em><strong><strong><strong><strong><strong>Fitnessb\u00e4nkar<\/strong><\/strong><\/strong><\/strong><\/strong><\/em><\/strong><\/em><\/strong><\/p>\n\n\n\n<p style=\"margin-bottom:var(--wp--preset--spacing--tb-section-padding)\">F\u00f6rh\u00f6j ditt fitnessutrymme med v\u00e5ra Evolve-b\u00e4nkar. B\u00e4nkarna \u00e4r tillverkade av en solid metallram med den senaste tekniken f\u00f6r elektrostatisk sprutning av h\u00e4rdplastpulver och \u00e4r byggda f\u00f6r att h\u00e5lla l\u00e4nge. Den robusta konstruktionen g\u00f6r att de klarar kraven fr\u00e5n hemanv\u00e4ndare, professionella gym och kommersiella tr\u00e4ningsanl\u00e4ggningar, inklusive milit\u00e4rbaser, hotell, vandrarhem och rehabiliteringscenter.<\/p>\n<\/div>\n\n\n\n<div class=\"wp-block-column is-vertically-aligned-center is-layout-flow wp-block-column-is-layout-flow\">\n<figure class=\"wp-block-video\"><video height=\"2160\" style=\"aspect-ratio: 3840 \/ 2160;\" width=\"3840\" autoplay=\"\" controls=\"\" loop=\"\" muted=\"\" src=\"https:\/\/evolve-fitness.eu\/wp-content\/uploads\/2023\/09\/1-2.mp4\"><\/video><\/figure>\n<\/div>\n<\/div>\n\n\n\n<div class=\"wp-block-columns alignwide is-layout-flex wp-container-core-columns-is-layout-c45ee707 wp-block-columns-is-layout-flex\" style=\"margin-bottom:var(--wp--preset--spacing--side-padding);padding-top:var(--wp--preset--spacing--side-padding)\">\n<div class=\"wp-block-column is-vertically-aligned-center is-layout-flow wp-block-column-is-layout-flow\">\n<figure class=\"wp-block-image size-large is-resized is-style-rounded\"><img loading=\"lazy\" decoding=\"async\" width=\"1024\" height=\"768\" src=\"https:\/\/evolve-fitness.eu\/wp-content\/uploads\/2023\/09\/Lemon-Gym-Saharova-15-1024x768.jpg\" alt=\"\" class=\"wp-image-4047\" style=\"object-fit:cover;width:680px;height:600px\" srcset=\"https:\/\/evolve-fitness.eu\/wp-content\/uploads\/2023\/09\/Lemon-Gym-Saharova-15-1024x768.jpg 1024w, https:\/\/evolve-fitness.eu\/wp-content\/uploads\/2023\/09\/Lemon-Gym-Saharova-15-300x225.jpg 300w, https:\/\/evolve-fitness.eu\/wp-content\/uploads\/2023\/09\/Lemon-Gym-Saharova-15-200x150.jpg 200w, https:\/\/evolve-fitness.eu\/wp-content\/uploads\/2023\/09\/Lemon-Gym-Saharova-15-600x450.jpg 600w, https:\/\/evolve-fitness.eu\/wp-content\/uploads\/2023\/09\/Lemon-Gym-Saharova-15-150x113.jpg 150w, https:\/\/evolve-fitness.eu\/wp-content\/uploads\/2023\/09\/Lemon-Gym-Saharova-15-768x576.jpg 768w, https:\/\/evolve-fitness.eu\/wp-content\/uploads\/2023\/09\/Lemon-Gym-Saharova-15-1536x1152.jpg 1536w, https:\/\/evolve-fitness.eu\/wp-content\/uploads\/2023\/09\/Lemon-Gym-Saharova-15.jpg 2048w\" sizes=\"auto, (max-width: 1024px) 100vw, 1024px\" \/><\/figure>\n<\/div>\n\n\n\n<div class=\"wp-block-column is-vertically-aligned-center is-layout-flow wp-block-column-is-layout-flow\">\n<h3 class=\"wp-block-heading\" style=\"margin-bottom:var(--wp--preset--spacing--h-3-bottom)\"><strong>Anpassad f\u00f6r ditt varum\u00e4rke<\/strong><\/h3>\n\n\n\n<p><strong><em><strong><em>Matcha din interi\u00f6rs f\u00e4rgschema<\/em><\/strong><\/em><\/strong><\/p>\n\n\n\n<p style=\"margin-bottom:var(--wp--preset--spacing--tb-section-padding)\">F\u00f6rb\u00e4ttra ditt gyms varum\u00e4rkesimage genom att v\u00e4lja Evolve-utrustning. Vi erbjuder anpassningsalternativ f\u00f6r att matcha din interi\u00f6rs f\u00e4rgschema. Du kan \u00e4ven anpassa ramens och kl\u00e4dselns f\u00e4rger f\u00f6r att s\u00f6ml\u00f6st integrera med din anl\u00e4ggnings estetik. F\u00e5 den tr\u00e4ningsutrustning du har v\u00e4ntat p\u00e5 &#8211; h\u00e5llbar, snygg och skr\u00e4ddarsydd f\u00f6r dina specifika behov. V\u00e4lj Evolve f\u00f6r f\u00f6rstklassig tr\u00e4ningsutrustning som utm\u00e4rker sig i kommersiella milj\u00f6er och kompletterar din designvision.<\/p>\n<\/div>\n<\/div>\n\n\n\n<div class=\"wp-block-columns alignwide is-layout-flex wp-container-core-columns-is-layout-c45ee707 wp-block-columns-is-layout-flex\" style=\"margin-bottom:var(--wp--preset--spacing--side-padding);padding-top:var(--wp--preset--spacing--side-padding)\">\n<div class=\"wp-block-column is-vertically-aligned-center is-layout-flow wp-block-column-is-layout-flow\">\n<h3 class=\"wp-block-heading\" style=\"margin-bottom:var(--wp--preset--spacing--h-3-bottom)\"><strong><strong><strong><strong><strong><strong><strong><strong>Funktionell<\/strong> <strong>Stabilitet<\/strong><\/strong><\/strong><\/strong><\/strong><\/strong><\/strong><\/strong><\/h3>\n\n\n\n<p><strong><em><strong><em><strong><strong><strong><strong><strong><strong><em><strong><em><strong><strong><strong><strong><strong>PVC-\u00f6verdrag<\/strong><\/strong><\/strong><\/strong><\/strong><\/em><\/strong><\/em><\/strong><\/strong><\/strong><\/strong><\/strong><\/strong><\/em><\/strong><\/em><\/strong><\/p>\n\n\n\n<p style=\"margin-bottom:var(--wp--preset--spacing--tb-section-padding)\">V\u00e5ra Evolve-b\u00e4nkar har mjuka PVC-\u00f6verdrag p\u00e5 f\u00f6tterna f\u00f6r att skydda dina golv och ge exceptionell stabilitet \u00e4ven under de mest intensiva tr\u00e4ningspassen. Du kan lita p\u00e5 att dessa b\u00e4nkar ger en helkroppstr\u00e4ning med maximal stabilitet. Den mjuka och bekv\u00e4ma kl\u00e4dseln \u00e4r fylld med t\u00e4tt, elastiskt skum som inte tappar formen med tiden. Dessutom \u00e4r den kl\u00e4dd med h\u00f6gkvalitativt, slitstarkt PU-l\u00e4der f\u00f6r l\u00e5ng h\u00e5llbarhet.<\/p>\n<\/div>\n\n\n\n<div class=\"wp-block-column is-vertically-aligned-center is-layout-flow wp-block-column-is-layout-flow\">\n<figure class=\"wp-block-video\"><video height=\"2160\" style=\"aspect-ratio: 3840 \/ 2160;\" width=\"3840\" autoplay=\"\" controls=\"\" loop=\"\" muted=\"\" src=\"https:\/\/evolve-fitness.eu\/wp-content\/uploads\/2023\/09\/2-1.mp4\"><\/video><\/figure>\n<\/div>\n<\/div>\n<\/section>\n","protected":false},"excerpt":{"rendered":"<p>Evolve Prime Series Adjustable Bench, PR-204, \u00e4r en h\u00f6gkvalitativ och h\u00e5llbar tr\u00e4ningsb\u00e4nk f\u00f6r kommersiellt bruk. Den har en robust metallram med rostskyddande bel\u00e4ggning, justerbara vinklar f\u00f6r maximal komfort och en stabil konstruktion med golvskydd. B\u00e4nken \u00e4r kompakt och l\u00e4tt att flytta med transporthjul och handtag. Den bekv\u00e4ma kl\u00e4dseln \u00e4r fylld med t\u00e4tt skum och kl\u00e4dd i kraftigt PU-l\u00e4der. Du kan \u00e4ven anpassa f\u00e4rgerna s\u00e5 att de matchar inredningen i ditt gym. Med 2 \u00e5rs garanti och en viktkapacitet p\u00e5 280 kg \u00e4r denna b\u00e4nk ett fantastiskt val f\u00f6r professionella tr\u00e4ningsanl\u00e4ggningar.<\/p>\n","protected":false},"featured_media":84918,"template":"","meta":{"_acf_changed":false,"inline_featured_image":false},"product_brand":[],"product_cat":[1247,2062],"product_tag":[1250,2143,2088,6858,2105,2065,2138,2133,2077,2126,2097,2114],"class_list":{"0":"post-84907","1":"product","2":"type-product","3":"status-publish","4":"has-post-thumbnail","6":"product_cat-bankar","7":"product_cat-prime-series-bankar","8":"product_tag-bank-sv","9":"product_tag-gym-i-hemmet","10":"product_tag-hoftstot","11":"product_tag-justerbar-bank","12":"product_tag-komfort-sv","13":"product_tag-kommersiellt-gym","14":"product_tag-kraftig-sv","15":"product_tag-olympisk-bank","16":"product_tag-precision-sv","17":"product_tag-skum-med-hog-densitet","18":"product_tag-styrka","19":"product_tag-styrketraning","21":"first","22":"instock","23":"shipping-taxable","24":"purchasable","25":"product-type-simple"},"acf":{"long_title":"Evolve Prime Series justerbar b\u00e4nk, PR-204","subtitle":"","specifications":[{"label":"SKU","text_value":"EV-BN-PR-204","icon":"x"},{"label":"M\u00e5tt och dimensioner","text_value":"1362 x 447 x 415 mm","icon":"x"},{"label":"Vikt  ","text_value":"37 kg","icon":"v"},{"label":"Max. last  ","text_value":"280 kg","icon":"x"},{"label":"Justerbara ryggst\u00f6dspositioner","text_value":"9","icon":"x"},{"label":"Justerbart st\u00f6d f\u00f6r s\u00e4tet","text_value":"4","icon":"x"},{"label":"Vinklar","text_value":"0\u00b0 - 90\u00b0","icon":"x"},{"label":"Tjocklek p\u00e5 ram","text_value":"3 mm","icon":"x"},{"label":"Tjocklek p\u00e5 kl\u00e4dsel","text_value":"6 cm","icon":"x"},{"label":"L\u00e4ttanv\u00e4nda justeringsmekanismer","text_value":"","icon":"v"},{"label":"St\u00e5lram med pulverlackerad yta, t\u00e4ckt med en slitage- och rept\u00e5lig bel\u00e4ggning","text_value":"","icon":"v"},{"label":"Korrosionsskyddande f\u00e4rg","text_value":"","icon":"v"},{"label":"Slitstarka golvskydd","text_value":"","icon":"v"},{"label":"Handtag f\u00f6r transport","text_value":"","icon":"v"},{"label":"Hjul f\u00f6r transport","text_value":"2 \u00e5r","icon":"v"},{"label":"Garanti  ","text_value":"2 \u00e5r","icon":"x"}],"product_frequently_asked_questions":null},"yoast_head":"<!-- This site is optimized with the Yoast SEO plugin v27.4 - https:\/\/yoast.com\/product\/yoast-seo-wordpress\/ -->\n<title>Evolve Prime Series justerbar b\u00e4nk - Evolve<\/title>\n<meta name=\"robots\" content=\"index, follow, max-snippet:-1, max-image-preview:large, max-video-preview:-1\" \/>\n<link rel=\"canonical\" href=\"https:\/\/evolve-fitness.eu\/sv\/produkt\/evolve-prime-series-justerbar-bank\/\" \/>\n<meta property=\"og:locale\" content=\"sv_SE\" \/>\n<meta property=\"og:type\" content=\"article\" \/>\n<meta property=\"og:title\" content=\"Evolve Prime Series justerbar b\u00e4nk - Evolve\" \/>\n<meta property=\"og:url\" content=\"https:\/\/evolve-fitness.eu\/sv\/produkt\/evolve-prime-series-justerbar-bank\/\" \/>\n<meta property=\"og:site_name\" content=\"Evolve\" \/>\n<meta property=\"article:publisher\" content=\"https:\/\/www.facebook.com\/EvolveFitnessEurope\" \/>\n<meta property=\"article:modified_time\" content=\"2026-04-01T06:15:32+00:00\" \/>\n<meta property=\"og:image\" content=\"https:\/\/evolve-fitness.eu\/wp-content\/uploads\/2023\/09\/EVOLVE-BN-PR-204.png\" \/>\n\t<meta property=\"og:image:width\" content=\"680\" \/>\n\t<meta property=\"og:image:height\" content=\"600\" \/>\n\t<meta property=\"og:image:type\" content=\"image\/png\" \/>\n<meta name=\"twitter:card\" content=\"summary_large_image\" \/>\n<script type=\"application\/ld+json\" class=\"yoast-schema-graph\">{\"@context\":\"https:\\\/\\\/schema.org\",\"@graph\":[{\"@type\":\"WebPage\",\"@id\":\"https:\\\/\\\/evolve-fitness.eu\\\/sv\\\/produkt\\\/evolve-prime-series-justerbar-bank\\\/\",\"url\":\"https:\\\/\\\/evolve-fitness.eu\\\/sv\\\/produkt\\\/evolve-prime-series-justerbar-bank\\\/\",\"name\":\"Evolve Prime Series justerbar b\u00e4nk - Evolve\",\"isPartOf\":{\"@id\":\"https:\\\/\\\/evolve-fitness.eu\\\/sv\\\/#website\"},\"primaryImageOfPage\":{\"@id\":\"https:\\\/\\\/evolve-fitness.eu\\\/sv\\\/produkt\\\/evolve-prime-series-justerbar-bank\\\/#primaryimage\"},\"image\":{\"@id\":\"https:\\\/\\\/evolve-fitness.eu\\\/sv\\\/produkt\\\/evolve-prime-series-justerbar-bank\\\/#primaryimage\"},\"thumbnailUrl\":\"https:\\\/\\\/evolve-fitness.eu\\\/wp-content\\\/uploads\\\/2023\\\/09\\\/EVOLVE-BN-PR-204.png\",\"datePublished\":\"2023-09-19T09:54:11+00:00\",\"dateModified\":\"2026-04-01T06:15:32+00:00\",\"breadcrumb\":{\"@id\":\"https:\\\/\\\/evolve-fitness.eu\\\/sv\\\/produkt\\\/evolve-prime-series-justerbar-bank\\\/#breadcrumb\"},\"inLanguage\":\"sv-SE\",\"potentialAction\":[{\"@type\":\"ReadAction\",\"target\":[\"https:\\\/\\\/evolve-fitness.eu\\\/sv\\\/produkt\\\/evolve-prime-series-justerbar-bank\\\/\"]}]},{\"@type\":\"ImageObject\",\"inLanguage\":\"sv-SE\",\"@id\":\"https:\\\/\\\/evolve-fitness.eu\\\/sv\\\/produkt\\\/evolve-prime-series-justerbar-bank\\\/#primaryimage\",\"url\":\"https:\\\/\\\/evolve-fitness.eu\\\/wp-content\\\/uploads\\\/2023\\\/09\\\/EVOLVE-BN-PR-204.png\",\"contentUrl\":\"https:\\\/\\\/evolve-fitness.eu\\\/wp-content\\\/uploads\\\/2023\\\/09\\\/EVOLVE-BN-PR-204.png\",\"width\":680,\"height\":600,\"caption\":\"EV-BN-PR-204\"},{\"@type\":\"BreadcrumbList\",\"@id\":\"https:\\\/\\\/evolve-fitness.eu\\\/sv\\\/produkt\\\/evolve-prime-series-justerbar-bank\\\/#breadcrumb\",\"itemListElement\":[{\"@type\":\"ListItem\",\"position\":1,\"name\":\"Home\",\"item\":\"https:\\\/\\\/evolve-fitness.eu\\\/sv\\\/\"},{\"@type\":\"ListItem\",\"position\":2,\"name\":\"Produkter\",\"item\":\"https:\\\/\\\/evolve-fitness.eu\\\/sv\\\/shop\\\/\"},{\"@type\":\"ListItem\",\"position\":3,\"name\":\"Evolve Prime Series justerbar b\u00e4nk\"}]},{\"@type\":\"WebSite\",\"@id\":\"https:\\\/\\\/evolve-fitness.eu\\\/sv\\\/#website\",\"url\":\"https:\\\/\\\/evolve-fitness.eu\\\/sv\\\/\",\"name\":\"Evolve\",\"description\":\"Your Evolved Gear Arrived\",\"publisher\":{\"@id\":\"https:\\\/\\\/evolve-fitness.eu\\\/sv\\\/#organization\"},\"potentialAction\":[{\"@type\":\"SearchAction\",\"target\":{\"@type\":\"EntryPoint\",\"urlTemplate\":\"https:\\\/\\\/evolve-fitness.eu\\\/sv\\\/?s={search_term_string}\"},\"query-input\":{\"@type\":\"PropertyValueSpecification\",\"valueRequired\":true,\"valueName\":\"search_term_string\"}}],\"inLanguage\":\"sv-SE\"},{\"@type\":\"Organization\",\"@id\":\"https:\\\/\\\/evolve-fitness.eu\\\/sv\\\/#organization\",\"name\":\"Evolve\",\"url\":\"https:\\\/\\\/evolve-fitness.eu\\\/sv\\\/\",\"logo\":{\"@type\":\"ImageObject\",\"inLanguage\":\"sv-SE\",\"@id\":\"https:\\\/\\\/evolve-fitness.eu\\\/sv\\\/#\\\/schema\\\/logo\\\/image\\\/\",\"url\":\"https:\\\/\\\/evolve-fitness.eu\\\/wp-content\\\/uploads\\\/2023\\\/05\\\/Evolve-logo.svg\",\"contentUrl\":\"https:\\\/\\\/evolve-fitness.eu\\\/wp-content\\\/uploads\\\/2023\\\/05\\\/Evolve-logo.svg\",\"width\":176,\"height\":20,\"caption\":\"Evolve\"},\"image\":{\"@id\":\"https:\\\/\\\/evolve-fitness.eu\\\/sv\\\/#\\\/schema\\\/logo\\\/image\\\/\"},\"sameAs\":[\"https:\\\/\\\/www.facebook.com\\\/EvolveFitnessEurope\"]}]}<\/script>\n<!-- \/ Yoast SEO plugin. -->","yoast_head_json":{"title":"Evolve Prime Series justerbar b\u00e4nk - Evolve","robots":{"index":"index","follow":"follow","max-snippet":"max-snippet:-1","max-image-preview":"max-image-preview:large","max-video-preview":"max-video-preview:-1"},"canonical":"https:\/\/evolve-fitness.eu\/sv\/produkt\/evolve-prime-series-justerbar-bank\/","og_locale":"sv_SE","og_type":"article","og_title":"Evolve Prime Series justerbar b\u00e4nk - Evolve","og_url":"https:\/\/evolve-fitness.eu\/sv\/produkt\/evolve-prime-series-justerbar-bank\/","og_site_name":"Evolve","article_publisher":"https:\/\/www.facebook.com\/EvolveFitnessEurope","article_modified_time":"2026-04-01T06:15:32+00:00","og_image":[{"width":680,"height":600,"url":"https:\/\/evolve-fitness.eu\/wp-content\/uploads\/2023\/09\/EVOLVE-BN-PR-204.png","type":"image\/png"}],"twitter_card":"summary_large_image","schema":{"@context":"https:\/\/schema.org","@graph":[{"@type":"WebPage","@id":"https:\/\/evolve-fitness.eu\/sv\/produkt\/evolve-prime-series-justerbar-bank\/","url":"https:\/\/evolve-fitness.eu\/sv\/produkt\/evolve-prime-series-justerbar-bank\/","name":"Evolve Prime Series justerbar b\u00e4nk - Evolve","isPartOf":{"@id":"https:\/\/evolve-fitness.eu\/sv\/#website"},"primaryImageOfPage":{"@id":"https:\/\/evolve-fitness.eu\/sv\/produkt\/evolve-prime-series-justerbar-bank\/#primaryimage"},"image":{"@id":"https:\/\/evolve-fitness.eu\/sv\/produkt\/evolve-prime-series-justerbar-bank\/#primaryimage"},"thumbnailUrl":"https:\/\/evolve-fitness.eu\/wp-content\/uploads\/2023\/09\/EVOLVE-BN-PR-204.png","datePublished":"2023-09-19T09:54:11+00:00","dateModified":"2026-04-01T06:15:32+00:00","breadcrumb":{"@id":"https:\/\/evolve-fitness.eu\/sv\/produkt\/evolve-prime-series-justerbar-bank\/#breadcrumb"},"inLanguage":"sv-SE","potentialAction":[{"@type":"ReadAction","target":["https:\/\/evolve-fitness.eu\/sv\/produkt\/evolve-prime-series-justerbar-bank\/"]}]},{"@type":"ImageObject","inLanguage":"sv-SE","@id":"https:\/\/evolve-fitness.eu\/sv\/produkt\/evolve-prime-series-justerbar-bank\/#primaryimage","url":"https:\/\/evolve-fitness.eu\/wp-content\/uploads\/2023\/09\/EVOLVE-BN-PR-204.png","contentUrl":"https:\/\/evolve-fitness.eu\/wp-content\/uploads\/2023\/09\/EVOLVE-BN-PR-204.png","width":680,"height":600,"caption":"EV-BN-PR-204"},{"@type":"BreadcrumbList","@id":"https:\/\/evolve-fitness.eu\/sv\/produkt\/evolve-prime-series-justerbar-bank\/#breadcrumb","itemListElement":[{"@type":"ListItem","position":1,"name":"Home","item":"https:\/\/evolve-fitness.eu\/sv\/"},{"@type":"ListItem","position":2,"name":"Produkter","item":"https:\/\/evolve-fitness.eu\/sv\/shop\/"},{"@type":"ListItem","position":3,"name":"Evolve Prime Series justerbar b\u00e4nk"}]},{"@type":"WebSite","@id":"https:\/\/evolve-fitness.eu\/sv\/#website","url":"https:\/\/evolve-fitness.eu\/sv\/","name":"Evolve","description":"Your Evolved Gear Arrived","publisher":{"@id":"https:\/\/evolve-fitness.eu\/sv\/#organization"},"potentialAction":[{"@type":"SearchAction","target":{"@type":"EntryPoint","urlTemplate":"https:\/\/evolve-fitness.eu\/sv\/?s={search_term_string}"},"query-input":{"@type":"PropertyValueSpecification","valueRequired":true,"valueName":"search_term_string"}}],"inLanguage":"sv-SE"},{"@type":"Organization","@id":"https:\/\/evolve-fitness.eu\/sv\/#organization","name":"Evolve","url":"https:\/\/evolve-fitness.eu\/sv\/","logo":{"@type":"ImageObject","inLanguage":"sv-SE","@id":"https:\/\/evolve-fitness.eu\/sv\/#\/schema\/logo\/image\/","url":"https:\/\/evolve-fitness.eu\/wp-content\/uploads\/2023\/05\/Evolve-logo.svg","contentUrl":"https:\/\/evolve-fitness.eu\/wp-content\/uploads\/2023\/05\/Evolve-logo.svg","width":176,"height":20,"caption":"Evolve"},"image":{"@id":"https:\/\/evolve-fitness.eu\/sv\/#\/schema\/logo\/image\/"},"sameAs":["https:\/\/www.facebook.com\/EvolveFitnessEurope"]}]}},"_links":{"self":[{"href":"https:\/\/evolve-fitness.eu\/sv\/wp-json\/wp\/v2\/product\/84907","targetHints":{"allow":["GET"]}}],"collection":[{"href":"https:\/\/evolve-fitness.eu\/sv\/wp-json\/wp\/v2\/product"}],"about":[{"href":"https:\/\/evolve-fitness.eu\/sv\/wp-json\/wp\/v2\/types\/product"}],"wp:featuredmedia":[{"embeddable":true,"href":"https:\/\/evolve-fitness.eu\/sv\/wp-json\/wp\/v2\/media\/84918"}],"wp:attachment":[{"href":"https:\/\/evolve-fitness.eu\/sv\/wp-json\/wp\/v2\/media?parent=84907"}],"wp:term":[{"taxonomy":"product_brand","embeddable":true,"href":"https:\/\/evolve-fitness.eu\/sv\/wp-json\/wp\/v2\/product_brand?post=84907"},{"taxonomy":"product_cat","embeddable":true,"href":"https:\/\/evolve-fitness.eu\/sv\/wp-json\/wp\/v2\/product_cat?post=84907"},{"taxonomy":"product_tag","embeddable":true,"href":"https:\/\/evolve-fitness.eu\/sv\/wp-json\/wp\/v2\/product_tag?post=84907"}],"curies":[{"name":"wp","href":"https:\/\/api.w.org\/{rel}","templated":true}]}}