{"id":91226,"date":"2023-08-24T10:25:48","date_gmt":"2023-08-24T10:25:48","guid":{"rendered":"https:\/\/evolve-fitness.eu\/product\/evolve-prime-series-selectorized-4-stationer-multi-gym\/"},"modified":"2026-04-14T08:09:09","modified_gmt":"2026-04-14T05:09:09","slug":"evolve-prime-series-selectorized-4-stationer-multi-gym","status":"publish","type":"product","link":"https:\/\/evolve-fitness.eu\/sv\/produkt\/evolve-prime-series-selectorized-4-stationer-multi-gym\/","title":{"rendered":"Evolve Prime Series Selectorized Multi Gym med 4 stationer (PR-101)"},"content":{"rendered":"\n<section class=\"wp-block-group alignfull has-lightgray-background-color has-background is-layout-constrained wp-block-group-is-layout-constrained\">\n<div class=\"wp-block-columns alignwide is-layout-flex wp-container-core-columns-is-layout-2edb0647 wp-block-columns-is-layout-flex\" style=\"margin-top:0;margin-bottom:0\">\n<div class=\"wp-block-column is-layout-flow wp-block-column-is-layout-flow\" style=\"flex-basis:33.33%\"><\/div>\n\n\n\n<div class=\"wp-block-column is-layout-flow wp-block-column-is-layout-flow\" style=\"flex-basis:66.66%\"><\/div>\n<\/div>\n<\/section>\n\n<section class=\"wp-block-group alignfull black-content has-white-color has-darkgray-background-color has-text-color has-background is-layout-constrained wp-block-group-is-layout-constrained\" style=\"padding-top:var(--wp--preset--spacing--section-bottom);padding-bottom:var(--wp--preset--spacing--section-bottom)\">\n<section class=\"wp-block-group alignfull black-content has-white-color has-darkgray-background-color has-text-color has-background is-layout-constrained wp-block-group-is-layout-constrained\" style=\"padding-top:var(--wp--preset--spacing--section-bottom);padding-bottom:var(--wp--preset--spacing--section-bottom)\">\n<div class=\"wp-block-columns alignwide mobile-reverse is-layout-flex wp-container-core-columns-is-layout-ca64bf2d wp-block-columns-is-layout-flex\" style=\"margin-bottom:var(--wp--preset--spacing--side-padding)\">\n<div class=\"wp-block-column is-vertically-aligned-center is-layout-flow wp-block-column-is-layout-flow\">\n<h3 class=\"wp-block-heading\" style=\"margin-bottom:var(--wp--preset--spacing--h-3-bottom)\">Revolutionera din tr\u00e4ning<\/h3>\n\n\n\n<p><em><strong>Evolve Prime Series Selectoriserade maskiner<\/strong><\/em><\/p>\n\n\n\n<p style=\"margin-bottom:var(--wp--preset--spacing--tb-section-padding)\">F\u00f6rh\u00f6j din tr\u00e4ningsresa med Evolve Prime Series Selectorized Machines. Dessa maskiner \u00e4r utformade f\u00f6r effektiva tr\u00e4ningspass och erbjuder en rad funktioner f\u00f6r att f\u00f6rb\u00e4ttra din tr\u00e4ningsrutin. Med justerbara s\u00e4ten och ryggst\u00f6d kan anv\u00e4ndarna anpassa sina tr\u00e4ningspositioner f\u00f6r maximal komfort. Maskinerna har en exceptionellt h\u00e5llbar oval ram, vilket ger b\u00e5de en elegant design och en livsl\u00e4ngd som \u00e4r l\u00e4mplig f\u00f6r kommersiella milj\u00f6er. En bekv\u00e4m kl\u00e4dd bas s\u00e4kerst\u00e4ller stabilitet under tr\u00e4ningspassen, medan halkfria handtag, en l\u00e5gprofilerad torndesign, kompakt storlek och anpassningsbara ram- och kl\u00e4dself\u00e4rger ger en touch av stil till ditt gym. Uppt\u00e4ck ensidiga r\u00f6relser och konvergerande axelarmar som ger en naturlig och balanserad tr\u00e4ningsupplevelse.<\/p>\n\n\n\n<h3 class=\"wp-block-heading\" style=\"margin-bottom:var(--wp--preset--spacing--h-3-bottom)\">Ergonomisk spetskompetens<\/h3>\n\n\n\n<p><strong><em>Skr\u00e4ddarsydd f\u00f6r din kropp<\/em><\/strong><\/p>\n\n\n\n<p>V\u00e5ra selektiva styrkemaskiner har en ergonomisk design som anpassar sig efter m\u00e4nniskokroppens anatomi. Detta s\u00e4kerst\u00e4ller korrekt kroppsposition och stabiliserar lederna under tr\u00e4ningen. Handtagen \u00e4r t\u00e4ckta med ett halkfritt material som garanterar maximal stabilitet och tr\u00e4ningss\u00e4kerhet. Justerbara s\u00e4ten och ryggst\u00f6d g\u00f6r det m\u00f6jligt f\u00f6r anv\u00e4ndaren att hitta den perfekta tr\u00e4ningspositionen f\u00f6r sina individuella behov. Justeringshandtagen, som \u00e4r m\u00e5lade i en ljus f\u00e4rg, \u00e4r b\u00e5de l\u00e4tta att identifiera och anv\u00e4ndarv\u00e4nliga.<\/p>\n<\/div>\n\n\n\n<div class=\"wp-block-column is-vertically-aligned-center is-layout-flow wp-block-column-is-layout-flow\">\n<figure class=\"wp-block-image size-large is-resized is-style-rounded\"><img loading=\"lazy\" decoding=\"async\" width=\"1536\" height=\"1536\" src=\"https:\/\/evolve-fitness.eu\/wp-content\/uploads\/2023\/08\/3-4-edited.jpg\" alt=\"\" class=\"wp-image-2841\" style=\"width:684px;height:684px\" srcset=\"https:\/\/evolve-fitness.eu\/wp-content\/uploads\/2023\/08\/3-4-edited.jpg 1536w, https:\/\/evolve-fitness.eu\/wp-content\/uploads\/2023\/08\/3-4-edited-300x300.jpg 300w, https:\/\/evolve-fitness.eu\/wp-content\/uploads\/2023\/08\/3-4-edited-150x150.jpg 150w, https:\/\/evolve-fitness.eu\/wp-content\/uploads\/2023\/08\/3-4-edited-600x600.jpg 600w, https:\/\/evolve-fitness.eu\/wp-content\/uploads\/2023\/08\/3-4-edited-1024x1024.jpg 1024w, https:\/\/evolve-fitness.eu\/wp-content\/uploads\/2023\/08\/3-4-edited-768x768.jpg 768w\" sizes=\"auto, (max-width: 1536px) 100vw, 1536px\" \/><\/figure>\n<\/div>\n<\/div>\n<\/section>\n\n\n\n<section class=\"wp-block-group alignfull black-content has-white-color has-darkgray-background-color has-text-color has-background is-layout-constrained wp-block-group-is-layout-constrained\" style=\"padding-top:var(--wp--preset--spacing--section-bottom);padding-bottom:var(--wp--preset--spacing--section-bottom)\">\n<div class=\"wp-block-columns alignwide mobile-reverse is-layout-flex wp-container-core-columns-is-layout-ca64bf2d wp-block-columns-is-layout-flex\" style=\"margin-bottom:var(--wp--preset--spacing--side-padding)\">\n<div class=\"wp-block-column is-vertically-aligned-center is-layout-flow wp-block-column-is-layout-flow\">\n<figure class=\"wp-block-image size-large is-resized is-style-rounded\"><img loading=\"lazy\" decoding=\"async\" width=\"767\" height=\"1024\" src=\"https:\/\/evolve-fitness.eu\/wp-content\/uploads\/2023\/08\/13-2-767x1024.jpg\" alt=\"\" class=\"wp-image-2363\" style=\"width:594px;height:794px\" srcset=\"https:\/\/evolve-fitness.eu\/wp-content\/uploads\/2023\/08\/13-2-767x1024.jpg 767w, https:\/\/evolve-fitness.eu\/wp-content\/uploads\/2023\/08\/13-2-300x401.jpg 300w, https:\/\/evolve-fitness.eu\/wp-content\/uploads\/2023\/08\/13-2-112x150.jpg 112w, https:\/\/evolve-fitness.eu\/wp-content\/uploads\/2023\/08\/13-2-600x801.jpg 600w, https:\/\/evolve-fitness.eu\/wp-content\/uploads\/2023\/08\/13-2-225x300.jpg 225w, https:\/\/evolve-fitness.eu\/wp-content\/uploads\/2023\/08\/13-2-768x1026.jpg 768w, https:\/\/evolve-fitness.eu\/wp-content\/uploads\/2023\/08\/13-2.jpg 864w\" sizes=\"auto, (max-width: 767px) 100vw, 767px\" \/><\/figure>\n<\/div>\n\n\n\n<div class=\"wp-block-column is-vertically-aligned-center is-layout-flow wp-block-column-is-layout-flow\">\n<h3 class=\"wp-block-heading\" style=\"margin-bottom:var(--wp--preset--spacing--h-3-bottom)\">S\u00e4kerhet och enkelhet<\/h3>\n\n\n\n<p><strong><em>Smidiga justeringar<\/em><\/strong><\/p>\n\n\n\n<p style=\"margin-bottom:var(--wp--preset--spacing--tb-section-padding)\">S\u00e4kerheten \u00e4r av st\u00f6rsta vikt, och d\u00e4rf\u00f6r \u00e4r viktstaplarna p\u00e5 alla selekterade styrkemaskiner helt t\u00e4ckta med ogenomskinliga plasth\u00f6ljen. Detta \u00f6kar inte bara s\u00e4kerheten vid tr\u00e4ning utan ger ocks\u00e5 ett attraktivt utseende. Det \u00e4r enkelt att \u00e4ndra motst\u00e5ndet &#8211; skjut bara stiftet till \u00f6nskad viktstapel. Varje viktplatta skyddas av ett extra korrosionsbest\u00e4ndigt skikt.<\/p>\n\n\n\n<h3 class=\"wp-block-heading\" style=\"margin-bottom:var(--wp--preset--spacing--h-3-bottom)\">Multifunktionell<\/h3>\n\n\n\n<p><strong><em>Bekv\u00e4mlighet vid dina fingertoppar<\/em><\/strong><\/p>\n\n\n\n<p>Inbyggda f\u00f6rvaringsfack g\u00f6r det m\u00f6jligt att f\u00f6rvara viktiga saker som vattenflaskor, musikspelare eller mobiltelefoner inom arml\u00e4ngds avst\u00e5nd. Informativa skyltar visar vilka muskelgrupper varje tr\u00e4nare riktar in sig p\u00e5 och ger v\u00e4gledning om korrekt kroppsposition och r\u00f6relser f\u00f6r att s\u00e4kerst\u00e4lla att \u00f6vningarna utf\u00f6rs korrekt. De konvergerande axelarmarna efterliknar naturliga r\u00f6relser, och den ensidiga handtagsr\u00f6relsen m\u00f6jligg\u00f6r riktat muskelarbete, oavsett om man anv\u00e4nder en eller b\u00e5da h\u00e4nderna, vilket fr\u00e4mjar styrka med symmetri och balans.<\/p>\n<\/div>\n<\/div>\n<\/section>\n\n\n\n<section class=\"wp-block-group alignfull black-content has-white-color has-darkgray-background-color has-text-color has-background is-layout-constrained wp-block-group-is-layout-constrained\" style=\"padding-top:var(--wp--preset--spacing--section-bottom);padding-bottom:var(--wp--preset--spacing--section-bottom)\">\n<div class=\"wp-block-columns alignwide mobile-reverse is-layout-flex wp-container-core-columns-is-layout-ca64bf2d wp-block-columns-is-layout-flex\" style=\"margin-bottom:var(--wp--preset--spacing--side-padding)\">\n<div class=\"wp-block-column is-vertically-aligned-center is-layout-flow wp-block-column-is-layout-flow\">\n<h3 class=\"wp-block-heading\" style=\"margin-bottom:var(--wp--preset--spacing--h-3-bottom)\">\u00d6verd\u00e5dig komfort<\/h3>\n\n\n\n<p><strong><em>St\u00f6djande stoppning<\/em><\/strong><\/p>\n\n\n\n<p style=\"margin-bottom:var(--wp--preset--spacing--tb-section-padding)\">S\u00e4kerheten \u00e4r av st\u00f6rsta vikt, och d\u00e4rf\u00f6r \u00e4r viktstaplarna p\u00e5 alla selekterade styrkemaskiner helt t\u00e4ckta med ogenomskinliga plasth\u00f6ljen. Detta \u00f6kar inte bara s\u00e4kerheten vid tr\u00e4ning utan ger ocks\u00e5 ett attraktivt utseende. Det \u00e4r enkelt att \u00e4ndra motst\u00e5ndet &#8211; skjut bara stiftet till \u00f6nskad viktstapel. Varje viktplatta skyddas av ett extra korrosionsbest\u00e4ndigt skikt.<\/p>\n\n\n\n<h3 class=\"wp-block-heading\" style=\"margin-bottom:var(--wp--preset--spacing--h-3-bottom)\">Byggd f\u00f6r att h\u00e5lla<\/h3>\n\n\n\n<p><strong><em>Robust ramverk<\/em><\/strong><\/p>\n\n\n\n<p>Ramen \u00e4r tillverkad av svetsade, pulverlackerade ovala r\u00f6r och \u00e4r inte bara mycket h\u00e5llbar utan \u00e4ven rostbest\u00e4ndig. Oavsett om du \u00e4r en hemanv\u00e4ndare som s\u00f6ker kvalitet eller ett professionellt gym eller kommersiell tr\u00e4ningsanl\u00e4ggning, inklusive milit\u00e4rbaser, hotell, vandrarhem och rehabiliteringscenter, \u00e4r dessa maskiner utformade f\u00f6r att uppfylla dina f\u00f6rv\u00e4ntningar.<\/p>\n\n\n\n<p><\/p>\n\n\n\n<div class=\"wp-block-columns is-layout-flex wp-container-core-columns-is-layout-9d6595d7 wp-block-columns-is-layout-flex\">\n<div class=\"wp-block-column is-layout-flow wp-block-column-is-layout-flow\">\n<div class=\"wp-block-columns is-layout-flex wp-container-core-columns-is-layout-9d6595d7 wp-block-columns-is-layout-flex\">\n<div class=\"wp-block-column is-layout-flow wp-block-column-is-layout-flow\"><\/div>\n<\/div>\n<\/div>\n<\/div>\n\n\n\n<h3 class=\"wp-block-heading\" style=\"margin-bottom:var(--wp--preset--spacing--h-3-bottom)\">Idealisk f\u00f6r yrkesverksamma<\/h3>\n\n\n\n<p><strong><em>Anpassa ditt gym<\/em><\/strong><\/p>\n\n\n\n<p>F\u00f6rst\u00e4rk ditt gyms varum\u00e4rke med utrustning som matchar din stil. N\u00e4r du best\u00e4ller Evolve-utrustning matchar vi den med din interi\u00f6rs f\u00e4rgschema och anpassar ramens och kl\u00e4dselns f\u00e4rger s\u00e5 att de passar ditt utrymme. Upplev l\u00f6sningen du har v\u00e4ntat p\u00e5 &#8211; tr\u00e4ningsutrustning anpassad efter dina behov. V\u00e4lj h\u00f6gkvalitativ tr\u00e4ningsutrustning som passar utm\u00e4rkt i en kommersiell milj\u00f6 samtidigt som den kompletterar din interi\u00f6rs f\u00e4rgschema.<\/p>\n<\/div>\n\n\n\n<div class=\"wp-block-column is-vertically-aligned-center is-layout-flow wp-block-column-is-layout-flow\">\n<figure class=\"wp-block-image size-large is-resized is-style-rounded\"><img loading=\"lazy\" decoding=\"async\" width=\"648\" height=\"864\" src=\"https:\/\/evolve-fitness.eu\/wp-content\/uploads\/2023\/08\/33-edited.jpg\" alt=\"\" class=\"wp-image-2843\" style=\"width:572px;height:763px\" srcset=\"https:\/\/evolve-fitness.eu\/wp-content\/uploads\/2023\/08\/33-edited.jpg 648w, https:\/\/evolve-fitness.eu\/wp-content\/uploads\/2023\/08\/33-edited-300x400.jpg 300w, https:\/\/evolve-fitness.eu\/wp-content\/uploads\/2023\/08\/33-edited-113x150.jpg 113w, https:\/\/evolve-fitness.eu\/wp-content\/uploads\/2023\/08\/33-edited-600x800.jpg 600w, https:\/\/evolve-fitness.eu\/wp-content\/uploads\/2023\/08\/33-edited-225x300.jpg 225w\" sizes=\"auto, (max-width: 648px) 100vw, 648px\" \/><\/figure>\n<\/div>\n<\/div>\n\n\n\n<p><\/p>\n<\/section>\n<\/section>\n","protected":false},"excerpt":{"rendered":"<p>Uppn\u00e5 varierad och effektiv tr\u00e4ning med Evolve Prime Series Selectorized 4 Stations Multi Gym, PR-101. Den \u00e4r utformad f\u00f6r upp till 4 anv\u00e4ndare samtidigt och erbjuder \u00f6vningar som lat pulldown och sittande rodd i ett kompakt utrymme. Halkfria handtag, justerbara funktioner och h\u00e5llbar konstruktion garanterar s\u00e4kerhet och komfort. Lyft ditt gym med anpassningsbara alternativ som matchar ditt varum\u00e4rkes stil.   <\/p>\n","protected":false},"featured_media":91235,"template":"","meta":{"_acf_changed":false,"inline_featured_image":false},"product_brand":[],"product_cat":[2824,2823],"product_tag":[],"class_list":{"0":"post-91226","1":"product","2":"type-product","3":"status-publish","4":"has-post-thumbnail","6":"product_cat-prime-series-selectoriserade-maskiner","7":"product_cat-selectoriserade-maskiner","9":"first","10":"instock","11":"virtual","12":"purchasable","13":"product-type-simple"},"acf":{"long_title":"Evolve Prime Series Selectorized Multi Gym med 4 stationer (PR-101)","subtitle":"","specifications":[{"label":"SKU","text_value":"EV-SC-PR-101","icon":"x"},{"label":"M\u00e5tt och dimensioner","text_value":"1850 x 3450 x 2300 mm","icon":"x"},{"label":"Vikt  ","text_value":"350 kg","icon":"x"},{"label":"Vikt Stack","text_value":"354 kg","icon":"x"},{"label":"Max anv\u00e4ndarvikt","text_value":"180 kg","icon":"x"},{"label":"Tjocklek p\u00e5 ram","text_value":"3 mm","icon":"x"},{"label":"Anpassa f\u00e4rger p\u00e5 ram och kl\u00e4dsel","text_value":"","icon":"v"},{"label":"H\u00f6ljda viktstaplar","text_value":"","icon":"v"},{"label":"4 tr\u00e4ningsstationer och flera tr\u00e4ningsalternativ","text_value":"","icon":"v"},{"label":"Halks\u00e4kra fotst\u00f6d","text_value":"","icon":"v"},{"label":"Slitstarka golvskydd","text_value":"","icon":"v"},{"label":"Kl\u00e4dsel med h\u00f6g rivh\u00e5llfasthet","text_value":"","icon":"v"},{"label":"Handtag med halkskydd","text_value":"","icon":"v"},{"label":"Dragstation med justerbar h\u00f6jd","text_value":"","icon":"v"},{"label":"Magnetisk viktstapelstift","text_value":"2 \u00e5r","icon":"v"},{"label":"Nylonkabel","text_value":"","icon":"v"},{"label":"Garanti  ","text_value":"2 \u00e5r","icon":"x"}],"product_frequently_asked_questions":null},"yoast_head":"<!-- This site is optimized with the Yoast SEO plugin v27.4 - https:\/\/yoast.com\/product\/yoast-seo-wordpress\/ -->\n<title>Evolve Prime Series Selectorized Multi Gym med 4 stationer (PR-101) - Evolve<\/title>\n<meta name=\"robots\" content=\"index, follow, max-snippet:-1, max-image-preview:large, max-video-preview:-1\" \/>\n<link rel=\"canonical\" href=\"https:\/\/evolve-fitness.eu\/sv\/produkt\/evolve-prime-series-selectorized-4-stationer-multi-gym\/\" \/>\n<meta property=\"og:locale\" content=\"sv_SE\" \/>\n<meta property=\"og:type\" content=\"article\" \/>\n<meta property=\"og:title\" content=\"Evolve Prime Series Selectorized Multi Gym med 4 stationer (PR-101) - Evolve\" \/>\n<meta property=\"og:url\" content=\"https:\/\/evolve-fitness.eu\/sv\/produkt\/evolve-prime-series-selectorized-4-stationer-multi-gym\/\" \/>\n<meta property=\"og:site_name\" content=\"Evolve\" \/>\n<meta property=\"article:publisher\" content=\"https:\/\/www.facebook.com\/EvolveFitnessEurope\" \/>\n<meta property=\"article:modified_time\" content=\"2026-04-14T05:09:09+00:00\" \/>\n<meta property=\"og:image\" content=\"https:\/\/evolve-fitness.eu\/wp-content\/uploads\/2023\/08\/Evolve-Selectorized-PR-101.png\" \/>\n\t<meta property=\"og:image:width\" content=\"680\" \/>\n\t<meta property=\"og:image:height\" content=\"600\" \/>\n\t<meta property=\"og:image:type\" content=\"image\/png\" \/>\n<meta name=\"twitter:card\" content=\"summary_large_image\" \/>\n<script type=\"application\/ld+json\" class=\"yoast-schema-graph\">{\"@context\":\"https:\\\/\\\/schema.org\",\"@graph\":[{\"@type\":\"WebPage\",\"@id\":\"https:\\\/\\\/evolve-fitness.eu\\\/sv\\\/produkt\\\/evolve-prime-series-selectorized-4-stationer-multi-gym\\\/\",\"url\":\"https:\\\/\\\/evolve-fitness.eu\\\/sv\\\/produkt\\\/evolve-prime-series-selectorized-4-stationer-multi-gym\\\/\",\"name\":\"Evolve Prime Series Selectorized Multi Gym med 4 stationer (PR-101) - Evolve\",\"isPartOf\":{\"@id\":\"https:\\\/\\\/evolve-fitness.eu\\\/sv\\\/#website\"},\"primaryImageOfPage\":{\"@id\":\"https:\\\/\\\/evolve-fitness.eu\\\/sv\\\/produkt\\\/evolve-prime-series-selectorized-4-stationer-multi-gym\\\/#primaryimage\"},\"image\":{\"@id\":\"https:\\\/\\\/evolve-fitness.eu\\\/sv\\\/produkt\\\/evolve-prime-series-selectorized-4-stationer-multi-gym\\\/#primaryimage\"},\"thumbnailUrl\":\"https:\\\/\\\/evolve-fitness.eu\\\/wp-content\\\/uploads\\\/2023\\\/08\\\/Evolve-Selectorized-PR-101.png\",\"datePublished\":\"2023-08-24T10:25:48+00:00\",\"dateModified\":\"2026-04-14T05:09:09+00:00\",\"breadcrumb\":{\"@id\":\"https:\\\/\\\/evolve-fitness.eu\\\/sv\\\/produkt\\\/evolve-prime-series-selectorized-4-stationer-multi-gym\\\/#breadcrumb\"},\"inLanguage\":\"sv-SE\",\"potentialAction\":[{\"@type\":\"ReadAction\",\"target\":[\"https:\\\/\\\/evolve-fitness.eu\\\/sv\\\/produkt\\\/evolve-prime-series-selectorized-4-stationer-multi-gym\\\/\"]}]},{\"@type\":\"ImageObject\",\"inLanguage\":\"sv-SE\",\"@id\":\"https:\\\/\\\/evolve-fitness.eu\\\/sv\\\/produkt\\\/evolve-prime-series-selectorized-4-stationer-multi-gym\\\/#primaryimage\",\"url\":\"https:\\\/\\\/evolve-fitness.eu\\\/wp-content\\\/uploads\\\/2023\\\/08\\\/Evolve-Selectorized-PR-101.png\",\"contentUrl\":\"https:\\\/\\\/evolve-fitness.eu\\\/wp-content\\\/uploads\\\/2023\\\/08\\\/Evolve-Selectorized-PR-101.png\",\"width\":680,\"height\":600},{\"@type\":\"BreadcrumbList\",\"@id\":\"https:\\\/\\\/evolve-fitness.eu\\\/sv\\\/produkt\\\/evolve-prime-series-selectorized-4-stationer-multi-gym\\\/#breadcrumb\",\"itemListElement\":[{\"@type\":\"ListItem\",\"position\":1,\"name\":\"Home\",\"item\":\"https:\\\/\\\/evolve-fitness.eu\\\/sv\\\/\"},{\"@type\":\"ListItem\",\"position\":2,\"name\":\"Produkter\",\"item\":\"https:\\\/\\\/evolve-fitness.eu\\\/sv\\\/shop\\\/\"},{\"@type\":\"ListItem\",\"position\":3,\"name\":\"Evolve Prime Series Selectorized Multi Gym med 4 stationer (PR-101)\"}]},{\"@type\":\"WebSite\",\"@id\":\"https:\\\/\\\/evolve-fitness.eu\\\/sv\\\/#website\",\"url\":\"https:\\\/\\\/evolve-fitness.eu\\\/sv\\\/\",\"name\":\"Evolve\",\"description\":\"Your Evolved Gear Arrived\",\"publisher\":{\"@id\":\"https:\\\/\\\/evolve-fitness.eu\\\/sv\\\/#organization\"},\"potentialAction\":[{\"@type\":\"SearchAction\",\"target\":{\"@type\":\"EntryPoint\",\"urlTemplate\":\"https:\\\/\\\/evolve-fitness.eu\\\/sv\\\/?s={search_term_string}\"},\"query-input\":{\"@type\":\"PropertyValueSpecification\",\"valueRequired\":true,\"valueName\":\"search_term_string\"}}],\"inLanguage\":\"sv-SE\"},{\"@type\":\"Organization\",\"@id\":\"https:\\\/\\\/evolve-fitness.eu\\\/sv\\\/#organization\",\"name\":\"Evolve\",\"url\":\"https:\\\/\\\/evolve-fitness.eu\\\/sv\\\/\",\"logo\":{\"@type\":\"ImageObject\",\"inLanguage\":\"sv-SE\",\"@id\":\"https:\\\/\\\/evolve-fitness.eu\\\/sv\\\/#\\\/schema\\\/logo\\\/image\\\/\",\"url\":\"https:\\\/\\\/evolve-fitness.eu\\\/wp-content\\\/uploads\\\/2023\\\/05\\\/Evolve-logo.svg\",\"contentUrl\":\"https:\\\/\\\/evolve-fitness.eu\\\/wp-content\\\/uploads\\\/2023\\\/05\\\/Evolve-logo.svg\",\"width\":176,\"height\":20,\"caption\":\"Evolve\"},\"image\":{\"@id\":\"https:\\\/\\\/evolve-fitness.eu\\\/sv\\\/#\\\/schema\\\/logo\\\/image\\\/\"},\"sameAs\":[\"https:\\\/\\\/www.facebook.com\\\/EvolveFitnessEurope\"]}]}<\/script>\n<!-- \/ Yoast SEO plugin. -->","yoast_head_json":{"title":"Evolve Prime Series Selectorized Multi Gym med 4 stationer (PR-101) - Evolve","robots":{"index":"index","follow":"follow","max-snippet":"max-snippet:-1","max-image-preview":"max-image-preview:large","max-video-preview":"max-video-preview:-1"},"canonical":"https:\/\/evolve-fitness.eu\/sv\/produkt\/evolve-prime-series-selectorized-4-stationer-multi-gym\/","og_locale":"sv_SE","og_type":"article","og_title":"Evolve Prime Series Selectorized Multi Gym med 4 stationer (PR-101) - Evolve","og_url":"https:\/\/evolve-fitness.eu\/sv\/produkt\/evolve-prime-series-selectorized-4-stationer-multi-gym\/","og_site_name":"Evolve","article_publisher":"https:\/\/www.facebook.com\/EvolveFitnessEurope","article_modified_time":"2026-04-14T05:09:09+00:00","og_image":[{"width":680,"height":600,"url":"https:\/\/evolve-fitness.eu\/wp-content\/uploads\/2023\/08\/Evolve-Selectorized-PR-101.png","type":"image\/png"}],"twitter_card":"summary_large_image","schema":{"@context":"https:\/\/schema.org","@graph":[{"@type":"WebPage","@id":"https:\/\/evolve-fitness.eu\/sv\/produkt\/evolve-prime-series-selectorized-4-stationer-multi-gym\/","url":"https:\/\/evolve-fitness.eu\/sv\/produkt\/evolve-prime-series-selectorized-4-stationer-multi-gym\/","name":"Evolve Prime Series Selectorized Multi Gym med 4 stationer (PR-101) - Evolve","isPartOf":{"@id":"https:\/\/evolve-fitness.eu\/sv\/#website"},"primaryImageOfPage":{"@id":"https:\/\/evolve-fitness.eu\/sv\/produkt\/evolve-prime-series-selectorized-4-stationer-multi-gym\/#primaryimage"},"image":{"@id":"https:\/\/evolve-fitness.eu\/sv\/produkt\/evolve-prime-series-selectorized-4-stationer-multi-gym\/#primaryimage"},"thumbnailUrl":"https:\/\/evolve-fitness.eu\/wp-content\/uploads\/2023\/08\/Evolve-Selectorized-PR-101.png","datePublished":"2023-08-24T10:25:48+00:00","dateModified":"2026-04-14T05:09:09+00:00","breadcrumb":{"@id":"https:\/\/evolve-fitness.eu\/sv\/produkt\/evolve-prime-series-selectorized-4-stationer-multi-gym\/#breadcrumb"},"inLanguage":"sv-SE","potentialAction":[{"@type":"ReadAction","target":["https:\/\/evolve-fitness.eu\/sv\/produkt\/evolve-prime-series-selectorized-4-stationer-multi-gym\/"]}]},{"@type":"ImageObject","inLanguage":"sv-SE","@id":"https:\/\/evolve-fitness.eu\/sv\/produkt\/evolve-prime-series-selectorized-4-stationer-multi-gym\/#primaryimage","url":"https:\/\/evolve-fitness.eu\/wp-content\/uploads\/2023\/08\/Evolve-Selectorized-PR-101.png","contentUrl":"https:\/\/evolve-fitness.eu\/wp-content\/uploads\/2023\/08\/Evolve-Selectorized-PR-101.png","width":680,"height":600},{"@type":"BreadcrumbList","@id":"https:\/\/evolve-fitness.eu\/sv\/produkt\/evolve-prime-series-selectorized-4-stationer-multi-gym\/#breadcrumb","itemListElement":[{"@type":"ListItem","position":1,"name":"Home","item":"https:\/\/evolve-fitness.eu\/sv\/"},{"@type":"ListItem","position":2,"name":"Produkter","item":"https:\/\/evolve-fitness.eu\/sv\/shop\/"},{"@type":"ListItem","position":3,"name":"Evolve Prime Series Selectorized Multi Gym med 4 stationer (PR-101)"}]},{"@type":"WebSite","@id":"https:\/\/evolve-fitness.eu\/sv\/#website","url":"https:\/\/evolve-fitness.eu\/sv\/","name":"Evolve","description":"Your Evolved Gear Arrived","publisher":{"@id":"https:\/\/evolve-fitness.eu\/sv\/#organization"},"potentialAction":[{"@type":"SearchAction","target":{"@type":"EntryPoint","urlTemplate":"https:\/\/evolve-fitness.eu\/sv\/?s={search_term_string}"},"query-input":{"@type":"PropertyValueSpecification","valueRequired":true,"valueName":"search_term_string"}}],"inLanguage":"sv-SE"},{"@type":"Organization","@id":"https:\/\/evolve-fitness.eu\/sv\/#organization","name":"Evolve","url":"https:\/\/evolve-fitness.eu\/sv\/","logo":{"@type":"ImageObject","inLanguage":"sv-SE","@id":"https:\/\/evolve-fitness.eu\/sv\/#\/schema\/logo\/image\/","url":"https:\/\/evolve-fitness.eu\/wp-content\/uploads\/2023\/05\/Evolve-logo.svg","contentUrl":"https:\/\/evolve-fitness.eu\/wp-content\/uploads\/2023\/05\/Evolve-logo.svg","width":176,"height":20,"caption":"Evolve"},"image":{"@id":"https:\/\/evolve-fitness.eu\/sv\/#\/schema\/logo\/image\/"},"sameAs":["https:\/\/www.facebook.com\/EvolveFitnessEurope"]}]}},"_links":{"self":[{"href":"https:\/\/evolve-fitness.eu\/sv\/wp-json\/wp\/v2\/product\/91226","targetHints":{"allow":["GET"]}}],"collection":[{"href":"https:\/\/evolve-fitness.eu\/sv\/wp-json\/wp\/v2\/product"}],"about":[{"href":"https:\/\/evolve-fitness.eu\/sv\/wp-json\/wp\/v2\/types\/product"}],"wp:featuredmedia":[{"embeddable":true,"href":"https:\/\/evolve-fitness.eu\/sv\/wp-json\/wp\/v2\/media\/91235"}],"wp:attachment":[{"href":"https:\/\/evolve-fitness.eu\/sv\/wp-json\/wp\/v2\/media?parent=91226"}],"wp:term":[{"taxonomy":"product_brand","embeddable":true,"href":"https:\/\/evolve-fitness.eu\/sv\/wp-json\/wp\/v2\/product_brand?post=91226"},{"taxonomy":"product_cat","embeddable":true,"href":"https:\/\/evolve-fitness.eu\/sv\/wp-json\/wp\/v2\/product_cat?post=91226"},{"taxonomy":"product_tag","embeddable":true,"href":"https:\/\/evolve-fitness.eu\/sv\/wp-json\/wp\/v2\/product_tag?post=91226"}],"curies":[{"name":"wp","href":"https:\/\/api.w.org\/{rel}","templated":true}]}}