{"id":97298,"date":"2023-12-01T14:31:49","date_gmt":"2023-12-01T14:31:49","guid":{"rendered":"https:\/\/evolve-fitness.eu\/product\/evolve-komplett-kraftstall-230-270-cm-2\/"},"modified":"2024-03-15T11:30:15","modified_gmt":"2024-03-15T11:30:15","slug":"evolve-komplett-kraftstall-230-270-cm-2","status":"publish","type":"product","link":"https:\/\/evolve-fitness.eu\/sv\/produkt\/evolve-komplett-kraftstall-230-270-cm-2\/","title":{"rendered":"Evolve komplett kraftst\u00e4ll 230 &#8211; 270 cm"},"content":{"rendered":"\n<section class=\"wp-block-group alignfull has-lightgray-background-color has-background is-layout-constrained wp-block-group-is-layout-constrained\">\n<div class=\"wp-block-columns alignwide is-layout-flex wp-container-core-columns-is-layout-2edb0647 wp-block-columns-is-layout-flex\" style=\"margin-top:0;margin-bottom:0\">\n<div class=\"wp-block-column is-layout-flow wp-block-column-is-layout-flow\" style=\"flex-basis:33.33%\"><\/div>\n\n\n\n<div class=\"wp-block-column is-layout-flow wp-block-column-is-layout-flow\" style=\"flex-basis:66.66%\"><\/div>\n<\/div>\n<\/section>\n\n<section class=\"wp-block-group alignfull black-content has-white-color has-darkgray-background-color has-text-color has-background is-layout-constrained wp-block-group-is-layout-constrained\" style=\"padding-top:var(--wp--preset--spacing--section-bottom);padding-bottom:var(--wp--preset--spacing--section-bottom)\">\n<div class=\"wp-block-columns alignwide mobile-reverse is-layout-flex wp-container-core-columns-is-layout-ca64bf2d wp-block-columns-is-layout-flex\" style=\"margin-bottom:var(--wp--preset--spacing--side-padding)\">\n<div class=\"wp-block-column is-vertically-aligned-center is-layout-flow wp-block-column-is-layout-flow\">\n<h3 class=\"wp-block-heading\" style=\"margin-bottom:var(--wp--preset--spacing--h-3-bottom)\"><strong><strong><strong><strong><strong><strong><strong>robust och m\u00e5ngsidig konstruktion<\/strong><\/strong><\/strong><\/strong><\/strong><\/strong><\/strong><\/h3>\n\n\n\n<p>Evolve PR-02 Complete Power Rack 230 &#8211; 270 cm \u00e4r en robust och m\u00e5ngsidig utrustning f\u00f6r styrketr\u00e4ning, idealisk f\u00f6r kommersiella gym. Dessa egenskaper g\u00f6r den till ett utm\u00e4rkt val f\u00f6r en rad olika styrke\u00f6vningar, som st\u00f6djer olika tr\u00e4ningsrutiner samtidigt som fokus ligger p\u00e5 l\u00e5ngsiktig tillf\u00f6rlitlighet. Evolve PR-02 Complete Power Rack \u00e4r utformat f\u00f6r att rymma ett brett utbud av styrketr\u00e4nings\u00f6vningar. De justerbara funktionerna, inklusive J-krokar och s\u00e4kerhetsbyglar, ger m\u00e5ngsidighet f\u00f6r \u00f6vningar som kn\u00e4b\u00f6j, b\u00e4nkpress och marklyft.<\/p>\n<\/div>\n\n\n\n<div class=\"wp-block-column is-vertically-aligned-center is-layout-flow wp-block-column-is-layout-flow\">\n<figure class=\"wp-block-image size-large\"><img loading=\"lazy\" decoding=\"async\" width=\"1024\" height=\"683\" src=\"https:\/\/evolve-fitness.eu\/wp-content\/uploads\/2023\/12\/EV-CR-PR-01-2-1024x683.jpg\" alt=\"EV-CR-PR-01\" class=\"wp-image-10941\" srcset=\"https:\/\/evolve-fitness.eu\/wp-content\/uploads\/2023\/12\/EV-CR-PR-01-2-1024x683.jpg 1024w, https:\/\/evolve-fitness.eu\/wp-content\/uploads\/2023\/12\/EV-CR-PR-01-2-300x200.jpg 300w, https:\/\/evolve-fitness.eu\/wp-content\/uploads\/2023\/12\/EV-CR-PR-01-2-225x150.jpg 225w, https:\/\/evolve-fitness.eu\/wp-content\/uploads\/2023\/12\/EV-CR-PR-01-2-600x400.jpg 600w, https:\/\/evolve-fitness.eu\/wp-content\/uploads\/2023\/12\/EV-CR-PR-01-2-150x100.jpg 150w, https:\/\/evolve-fitness.eu\/wp-content\/uploads\/2023\/12\/EV-CR-PR-01-2-768x512.jpg 768w, https:\/\/evolve-fitness.eu\/wp-content\/uploads\/2023\/12\/EV-CR-PR-01-2-1536x1024.jpg 1536w, https:\/\/evolve-fitness.eu\/wp-content\/uploads\/2023\/12\/EV-CR-PR-01-2.jpg 1920w\" sizes=\"auto, (max-width: 1024px) 100vw, 1024px\" \/><\/figure>\n<\/div>\n<\/div>\n\n\n\n<div class=\"wp-block-columns alignwide is-layout-flex wp-container-core-columns-is-layout-c45ee707 wp-block-columns-is-layout-flex\" style=\"margin-bottom:var(--wp--preset--spacing--side-padding);padding-top:var(--wp--preset--spacing--side-padding)\">\n<div class=\"wp-block-column is-vertically-aligned-center is-layout-flow wp-block-column-is-layout-flow\">\n<figure class=\"wp-block-image size-large\"><img loading=\"lazy\" decoding=\"async\" width=\"1024\" height=\"683\" src=\"https:\/\/evolve-fitness.eu\/wp-content\/uploads\/2023\/12\/Evolve-Power-Rack-EV-CR-PR-01-1-1024x683.jpg\" alt=\"EV-CR-PR-01\" class=\"wp-image-10939\" srcset=\"https:\/\/evolve-fitness.eu\/wp-content\/uploads\/2023\/12\/Evolve-Power-Rack-EV-CR-PR-01-1-1024x683.jpg 1024w, https:\/\/evolve-fitness.eu\/wp-content\/uploads\/2023\/12\/Evolve-Power-Rack-EV-CR-PR-01-1-300x200.jpg 300w, https:\/\/evolve-fitness.eu\/wp-content\/uploads\/2023\/12\/Evolve-Power-Rack-EV-CR-PR-01-1-225x150.jpg 225w, https:\/\/evolve-fitness.eu\/wp-content\/uploads\/2023\/12\/Evolve-Power-Rack-EV-CR-PR-01-1-600x400.jpg 600w, https:\/\/evolve-fitness.eu\/wp-content\/uploads\/2023\/12\/Evolve-Power-Rack-EV-CR-PR-01-1-150x100.jpg 150w, https:\/\/evolve-fitness.eu\/wp-content\/uploads\/2023\/12\/Evolve-Power-Rack-EV-CR-PR-01-1-768x512.jpg 768w, https:\/\/evolve-fitness.eu\/wp-content\/uploads\/2023\/12\/Evolve-Power-Rack-EV-CR-PR-01-1-1536x1024.jpg 1536w, https:\/\/evolve-fitness.eu\/wp-content\/uploads\/2023\/12\/Evolve-Power-Rack-EV-CR-PR-01-1.jpg 1920w\" sizes=\"auto, (max-width: 1024px) 100vw, 1024px\" \/><\/figure>\n<\/div>\n\n\n\n<div class=\"wp-block-column is-vertically-aligned-center is-layout-constrained wp-block-column-is-layout-constrained\">\n<h3 class=\"wp-block-heading\" style=\"margin-bottom:var(--wp--preset--spacing--h-3-bottom)\"><strong>\n  <strong>\n    <strong>\n      <strong>\n        <strong>\n          <strong>\n            <strong>\n              <strong>KOMPAKT <\/strong>\n            <\/strong>\n          <\/strong>\n        <\/strong>\n      <\/strong>\n    <\/strong>\n  <\/strong>\n<\/strong>OCH stabil design<\/h3>\n\n\n\n<p>Den robusta 3 mm tjocka pulverlackerade ramen klarar upp till 1000 kg, vilket garanterar h\u00e5llbarhet och s\u00e4kerhet. Den kompakta konstruktionen g\u00f6r den l\u00e4mplig f\u00f6r mindre utrymmen samtidigt som den har den robusthet som kr\u00e4vs f\u00f6r tunga lyft. Rackets design \u00e4r optimerad f\u00f6r stabilitet, vilket s\u00e4kerst\u00e4ller att det sitter s\u00e4kert under intensiva tr\u00e4ningspass. Detta g\u00f6r den till ett s\u00e4kert och p\u00e5litligt val f\u00f6r b\u00e5de nyb\u00f6rjare och erfarna lyftare, vilket bidrar till en effektiv och \u00e4ndam\u00e5lsenlig tr\u00e4ningsmilj\u00f6. Det integrerade viktf\u00f6rvaringssystemet hj\u00e4lper till att h\u00e5lla tr\u00e4ningsomr\u00e5det st\u00e4dat och s\u00e4kert.<\/p>\n<\/div>\n<\/div>\n\n\n\n<div class=\"wp-block-columns alignwide is-layout-flex wp-container-core-columns-is-layout-c45ee707 wp-block-columns-is-layout-flex\" style=\"margin-bottom:var(--wp--preset--spacing--side-padding);padding-top:var(--wp--preset--spacing--side-padding)\">\n<div class=\"wp-block-column is-vertically-aligned-center is-layout-constrained wp-block-column-is-layout-constrained\">\n<h3 class=\"wp-block-heading\" style=\"margin-bottom:var(--wp--preset--spacing--h-3-bottom)\"><strong><strong><strong><strong><strong><strong><strong>precision och funktionalitet<\/strong><\/strong><\/strong><\/strong><\/strong><\/strong><\/strong><\/h3>\n\n\n\n<p>De precisionslaserskurna h\u00e5len och numren p\u00e5 Evolve PR-02 Complete Power Rack f\u00f6rb\u00e4ttrar dess funktionalitet och anv\u00e4ndarv\u00e4nlighet. Dessa funktioner m\u00f6jligg\u00f6r snabba och exakta justeringar av J-krokar och s\u00e4kerhetsst\u00e4nger, vilket s\u00e4kerst\u00e4ller effektiv inst\u00e4llning f\u00f6r olika \u00f6vningar. De tydligt markerade siffrorna hj\u00e4lper ocks\u00e5 till att s\u00e4kerst\u00e4lla symmetri i st\u00e5ngplaceringen, vilket \u00e4r avg\u00f6rande f\u00f6r balanserad tr\u00e4ning och f\u00f6rebyggande av skador.<\/p>\n<\/div>\n\n\n\n<div class=\"wp-block-column is-vertically-aligned-center is-layout-flow wp-block-column-is-layout-flow\">\n<figure class=\"wp-block-video\"><video height=\"2160\" style=\"aspect-ratio: 3840 \/ 2160;\" width=\"3840\" autoplay=\"\" controls=\"\" loop=\"\" muted=\"\" src=\"https:\/\/evolve-fitness.eu\/wp-content\/uploads\/2023\/12\/2-6.mp4\"><\/video><\/figure>\n<\/div>\n<\/div>\n<\/section>\n","protected":false},"excerpt":{"rendered":"<p>Upplev \u00f6verl\u00e4gsen styrketr\u00e4ning med Evolve Complete Power Rack 230 &#8211; 270 cm. Detta h\u00f6gkvalitativa power rack \u00e4r tillverkat av robusta 3 mm metallr\u00f6r med en rostbest\u00e4ndig pulverlackering, vilket garanterar h\u00e5llbarhet och stabilitet. Den m\u00e5ngsidiga designen inkluderar justerbara J-cups, s\u00e4kerhetsspotterarmar och en pull-up-st\u00e5ng med flera grepp som passar anv\u00e4ndare p\u00e5 alla tr\u00e4ningsniv\u00e5er. Den funktionella layouten har inbyggda f\u00f6rvaringspinnar och ett barf\u00f6rvaringsutrymme f\u00f6r effektiv organisering. Perfekt f\u00f6r hemanv\u00e4ndare som vill ha kvalitet och professionella gym, detta power rack t\u00e5l tung kommersiell anv\u00e4ndning. Med en maximal lastkapacitet p\u00e5 1000 kg \u00e4r den perfekt f\u00f6r b\u00e5de nyb\u00f6rjare och avancerade anv\u00e4ndare som str\u00e4var efter att sl\u00e5 personliga rekord, vilket g\u00f6r den till ett p\u00e5litligt val f\u00f6r olika tr\u00e4ningsmilj\u00f6er.<\/p>\n","protected":false},"featured_media":97316,"template":"","meta":{"_acf_changed":false,"inline_featured_image":false},"product_brand":[],"product_cat":[2903,3539],"product_tag":[],"class_list":{"0":"post-97298","1":"product","2":"type-product","3":"status-publish","4":"has-post-thumbnail","6":"product_cat-korsvis-funktionell","7":"product_cat-kraftackar","9":"first","10":"instock","11":"shipping-taxable","12":"purchasable","13":"product-type-variable"},"acf":{"long_title":"Evolve komplett kraftst\u00e4ll 230 - 270 cm","subtitle":"","specifications":[{"label":"SKU","text_value":"EV-CR-PR-02","icon":"x"},{"label":"Garanti","text_value":"2 \u00e5r","icon":"x"},{"label":"Vikt","text_value":"250 kg","icon":"x"},{"label":"Syfte","text_value":"Kommersiell","icon":"x"},{"label":"Max belastning","text_value":"1000 kg","icon":"x"},{"label":"Typ av ram","text_value":"St\u00e5l, 3 mm tjocklek","icon":"x"},{"label":"Avst\u00e5nd mellan h\u00e5l","text_value":"50 mm","icon":"x"},{"label":"H\u00e5ldiameter f\u00f6r \u00f6gla","text_value":"22 mm","icon":"x"},{"label":"Korrosionsskyddande f\u00e4rg","text_value":"","icon":"v"}]},"yoast_head":"<!-- This site is optimized with the Yoast SEO plugin v27.4 - https:\/\/yoast.com\/product\/yoast-seo-wordpress\/ -->\n<title>Evolve komplett kraftst\u00e4ll 230 - 270 cm - Evolve<\/title>\n<meta name=\"robots\" content=\"index, follow, max-snippet:-1, max-image-preview:large, max-video-preview:-1\" \/>\n<link rel=\"canonical\" href=\"https:\/\/evolve-fitness.eu\/sv\/produkt\/evolve-komplett-kraftstall-230-270-cm-2\/\" \/>\n<meta property=\"og:locale\" content=\"sv_SE\" \/>\n<meta property=\"og:type\" content=\"article\" \/>\n<meta property=\"og:title\" content=\"Evolve komplett kraftst\u00e4ll 230 - 270 cm - Evolve\" \/>\n<meta property=\"og:url\" content=\"https:\/\/evolve-fitness.eu\/sv\/produkt\/evolve-komplett-kraftstall-230-270-cm-2\/\" \/>\n<meta property=\"og:site_name\" content=\"Evolve\" \/>\n<meta property=\"article:publisher\" content=\"https:\/\/www.facebook.com\/EvolveFitnessEurope\" \/>\n<meta property=\"article:modified_time\" content=\"2024-03-15T11:30:15+00:00\" \/>\n<meta property=\"og:image\" content=\"https:\/\/evolve-fitness.eu\/wp-content\/uploads\/2023\/12\/Evolve-Complete-Power-Rack-230-270-cm.png\" \/>\n\t<meta property=\"og:image:width\" content=\"680\" \/>\n\t<meta property=\"og:image:height\" content=\"600\" \/>\n\t<meta property=\"og:image:type\" content=\"image\/png\" \/>\n<meta name=\"twitter:card\" content=\"summary_large_image\" \/>\n<script type=\"application\/ld+json\" class=\"yoast-schema-graph\">{\"@context\":\"https:\\\/\\\/schema.org\",\"@graph\":[{\"@type\":\"WebPage\",\"@id\":\"https:\\\/\\\/evolve-fitness.eu\\\/sv\\\/produkt\\\/evolve-komplett-kraftstall-230-270-cm-2\\\/\",\"url\":\"https:\\\/\\\/evolve-fitness.eu\\\/sv\\\/produkt\\\/evolve-komplett-kraftstall-230-270-cm-2\\\/\",\"name\":\"Evolve komplett kraftst\u00e4ll 230 - 270 cm - Evolve\",\"isPartOf\":{\"@id\":\"https:\\\/\\\/evolve-fitness.eu\\\/sv\\\/#website\"},\"primaryImageOfPage\":{\"@id\":\"https:\\\/\\\/evolve-fitness.eu\\\/sv\\\/produkt\\\/evolve-komplett-kraftstall-230-270-cm-2\\\/#primaryimage\"},\"image\":{\"@id\":\"https:\\\/\\\/evolve-fitness.eu\\\/sv\\\/produkt\\\/evolve-komplett-kraftstall-230-270-cm-2\\\/#primaryimage\"},\"thumbnailUrl\":\"https:\\\/\\\/evolve-fitness.eu\\\/wp-content\\\/uploads\\\/2023\\\/12\\\/Evolve-Complete-Power-Rack-230-270-cm.png\",\"datePublished\":\"2023-12-01T14:31:49+00:00\",\"dateModified\":\"2024-03-15T11:30:15+00:00\",\"breadcrumb\":{\"@id\":\"https:\\\/\\\/evolve-fitness.eu\\\/sv\\\/produkt\\\/evolve-komplett-kraftstall-230-270-cm-2\\\/#breadcrumb\"},\"inLanguage\":\"sv-SE\",\"potentialAction\":[{\"@type\":\"ReadAction\",\"target\":[\"https:\\\/\\\/evolve-fitness.eu\\\/sv\\\/produkt\\\/evolve-komplett-kraftstall-230-270-cm-2\\\/\"]}]},{\"@type\":\"ImageObject\",\"inLanguage\":\"sv-SE\",\"@id\":\"https:\\\/\\\/evolve-fitness.eu\\\/sv\\\/produkt\\\/evolve-komplett-kraftstall-230-270-cm-2\\\/#primaryimage\",\"url\":\"https:\\\/\\\/evolve-fitness.eu\\\/wp-content\\\/uploads\\\/2023\\\/12\\\/Evolve-Complete-Power-Rack-230-270-cm.png\",\"contentUrl\":\"https:\\\/\\\/evolve-fitness.eu\\\/wp-content\\\/uploads\\\/2023\\\/12\\\/Evolve-Complete-Power-Rack-230-270-cm.png\",\"width\":680,\"height\":600},{\"@type\":\"BreadcrumbList\",\"@id\":\"https:\\\/\\\/evolve-fitness.eu\\\/sv\\\/produkt\\\/evolve-komplett-kraftstall-230-270-cm-2\\\/#breadcrumb\",\"itemListElement\":[{\"@type\":\"ListItem\",\"position\":1,\"name\":\"Home\",\"item\":\"https:\\\/\\\/evolve-fitness.eu\\\/sv\\\/\"},{\"@type\":\"ListItem\",\"position\":2,\"name\":\"Produkter\",\"item\":\"https:\\\/\\\/evolve-fitness.eu\\\/sv\\\/shop\\\/\"},{\"@type\":\"ListItem\",\"position\":3,\"name\":\"Evolve komplett kraftst\u00e4ll 230 &#8211; 270 cm\"}]},{\"@type\":\"WebSite\",\"@id\":\"https:\\\/\\\/evolve-fitness.eu\\\/sv\\\/#website\",\"url\":\"https:\\\/\\\/evolve-fitness.eu\\\/sv\\\/\",\"name\":\"Evolve\",\"description\":\"Your Evolved Gear Arrived\",\"publisher\":{\"@id\":\"https:\\\/\\\/evolve-fitness.eu\\\/sv\\\/#organization\"},\"potentialAction\":[{\"@type\":\"SearchAction\",\"target\":{\"@type\":\"EntryPoint\",\"urlTemplate\":\"https:\\\/\\\/evolve-fitness.eu\\\/sv\\\/?s={search_term_string}\"},\"query-input\":{\"@type\":\"PropertyValueSpecification\",\"valueRequired\":true,\"valueName\":\"search_term_string\"}}],\"inLanguage\":\"sv-SE\"},{\"@type\":\"Organization\",\"@id\":\"https:\\\/\\\/evolve-fitness.eu\\\/sv\\\/#organization\",\"name\":\"Evolve\",\"url\":\"https:\\\/\\\/evolve-fitness.eu\\\/sv\\\/\",\"logo\":{\"@type\":\"ImageObject\",\"inLanguage\":\"sv-SE\",\"@id\":\"https:\\\/\\\/evolve-fitness.eu\\\/sv\\\/#\\\/schema\\\/logo\\\/image\\\/\",\"url\":\"https:\\\/\\\/evolve-fitness.eu\\\/wp-content\\\/uploads\\\/2023\\\/05\\\/Evolve-logo.svg\",\"contentUrl\":\"https:\\\/\\\/evolve-fitness.eu\\\/wp-content\\\/uploads\\\/2023\\\/05\\\/Evolve-logo.svg\",\"width\":176,\"height\":20,\"caption\":\"Evolve\"},\"image\":{\"@id\":\"https:\\\/\\\/evolve-fitness.eu\\\/sv\\\/#\\\/schema\\\/logo\\\/image\\\/\"},\"sameAs\":[\"https:\\\/\\\/www.facebook.com\\\/EvolveFitnessEurope\"]}]}<\/script>\n<!-- \/ Yoast SEO plugin. -->","yoast_head_json":{"title":"Evolve komplett kraftst\u00e4ll 230 - 270 cm - Evolve","robots":{"index":"index","follow":"follow","max-snippet":"max-snippet:-1","max-image-preview":"max-image-preview:large","max-video-preview":"max-video-preview:-1"},"canonical":"https:\/\/evolve-fitness.eu\/sv\/produkt\/evolve-komplett-kraftstall-230-270-cm-2\/","og_locale":"sv_SE","og_type":"article","og_title":"Evolve komplett kraftst\u00e4ll 230 - 270 cm - Evolve","og_url":"https:\/\/evolve-fitness.eu\/sv\/produkt\/evolve-komplett-kraftstall-230-270-cm-2\/","og_site_name":"Evolve","article_publisher":"https:\/\/www.facebook.com\/EvolveFitnessEurope","article_modified_time":"2024-03-15T11:30:15+00:00","og_image":[{"width":680,"height":600,"url":"https:\/\/evolve-fitness.eu\/wp-content\/uploads\/2023\/12\/Evolve-Complete-Power-Rack-230-270-cm.png","type":"image\/png"}],"twitter_card":"summary_large_image","schema":{"@context":"https:\/\/schema.org","@graph":[{"@type":"WebPage","@id":"https:\/\/evolve-fitness.eu\/sv\/produkt\/evolve-komplett-kraftstall-230-270-cm-2\/","url":"https:\/\/evolve-fitness.eu\/sv\/produkt\/evolve-komplett-kraftstall-230-270-cm-2\/","name":"Evolve komplett kraftst\u00e4ll 230 - 270 cm - Evolve","isPartOf":{"@id":"https:\/\/evolve-fitness.eu\/sv\/#website"},"primaryImageOfPage":{"@id":"https:\/\/evolve-fitness.eu\/sv\/produkt\/evolve-komplett-kraftstall-230-270-cm-2\/#primaryimage"},"image":{"@id":"https:\/\/evolve-fitness.eu\/sv\/produkt\/evolve-komplett-kraftstall-230-270-cm-2\/#primaryimage"},"thumbnailUrl":"https:\/\/evolve-fitness.eu\/wp-content\/uploads\/2023\/12\/Evolve-Complete-Power-Rack-230-270-cm.png","datePublished":"2023-12-01T14:31:49+00:00","dateModified":"2024-03-15T11:30:15+00:00","breadcrumb":{"@id":"https:\/\/evolve-fitness.eu\/sv\/produkt\/evolve-komplett-kraftstall-230-270-cm-2\/#breadcrumb"},"inLanguage":"sv-SE","potentialAction":[{"@type":"ReadAction","target":["https:\/\/evolve-fitness.eu\/sv\/produkt\/evolve-komplett-kraftstall-230-270-cm-2\/"]}]},{"@type":"ImageObject","inLanguage":"sv-SE","@id":"https:\/\/evolve-fitness.eu\/sv\/produkt\/evolve-komplett-kraftstall-230-270-cm-2\/#primaryimage","url":"https:\/\/evolve-fitness.eu\/wp-content\/uploads\/2023\/12\/Evolve-Complete-Power-Rack-230-270-cm.png","contentUrl":"https:\/\/evolve-fitness.eu\/wp-content\/uploads\/2023\/12\/Evolve-Complete-Power-Rack-230-270-cm.png","width":680,"height":600},{"@type":"BreadcrumbList","@id":"https:\/\/evolve-fitness.eu\/sv\/produkt\/evolve-komplett-kraftstall-230-270-cm-2\/#breadcrumb","itemListElement":[{"@type":"ListItem","position":1,"name":"Home","item":"https:\/\/evolve-fitness.eu\/sv\/"},{"@type":"ListItem","position":2,"name":"Produkter","item":"https:\/\/evolve-fitness.eu\/sv\/shop\/"},{"@type":"ListItem","position":3,"name":"Evolve komplett kraftst\u00e4ll 230 &#8211; 270 cm"}]},{"@type":"WebSite","@id":"https:\/\/evolve-fitness.eu\/sv\/#website","url":"https:\/\/evolve-fitness.eu\/sv\/","name":"Evolve","description":"Your Evolved Gear Arrived","publisher":{"@id":"https:\/\/evolve-fitness.eu\/sv\/#organization"},"potentialAction":[{"@type":"SearchAction","target":{"@type":"EntryPoint","urlTemplate":"https:\/\/evolve-fitness.eu\/sv\/?s={search_term_string}"},"query-input":{"@type":"PropertyValueSpecification","valueRequired":true,"valueName":"search_term_string"}}],"inLanguage":"sv-SE"},{"@type":"Organization","@id":"https:\/\/evolve-fitness.eu\/sv\/#organization","name":"Evolve","url":"https:\/\/evolve-fitness.eu\/sv\/","logo":{"@type":"ImageObject","inLanguage":"sv-SE","@id":"https:\/\/evolve-fitness.eu\/sv\/#\/schema\/logo\/image\/","url":"https:\/\/evolve-fitness.eu\/wp-content\/uploads\/2023\/05\/Evolve-logo.svg","contentUrl":"https:\/\/evolve-fitness.eu\/wp-content\/uploads\/2023\/05\/Evolve-logo.svg","width":176,"height":20,"caption":"Evolve"},"image":{"@id":"https:\/\/evolve-fitness.eu\/sv\/#\/schema\/logo\/image\/"},"sameAs":["https:\/\/www.facebook.com\/EvolveFitnessEurope"]}]}},"_links":{"self":[{"href":"https:\/\/evolve-fitness.eu\/sv\/wp-json\/wp\/v2\/product\/97298","targetHints":{"allow":["GET"]}}],"collection":[{"href":"https:\/\/evolve-fitness.eu\/sv\/wp-json\/wp\/v2\/product"}],"about":[{"href":"https:\/\/evolve-fitness.eu\/sv\/wp-json\/wp\/v2\/types\/product"}],"wp:featuredmedia":[{"embeddable":true,"href":"https:\/\/evolve-fitness.eu\/sv\/wp-json\/wp\/v2\/media\/97316"}],"wp:attachment":[{"href":"https:\/\/evolve-fitness.eu\/sv\/wp-json\/wp\/v2\/media?parent=97298"}],"wp:term":[{"taxonomy":"product_brand","embeddable":true,"href":"https:\/\/evolve-fitness.eu\/sv\/wp-json\/wp\/v2\/product_brand?post=97298"},{"taxonomy":"product_cat","embeddable":true,"href":"https:\/\/evolve-fitness.eu\/sv\/wp-json\/wp\/v2\/product_cat?post=97298"},{"taxonomy":"product_tag","embeddable":true,"href":"https:\/\/evolve-fitness.eu\/sv\/wp-json\/wp\/v2\/product_tag?post=97298"}],"curies":[{"name":"wp","href":"https:\/\/api.w.org\/{rel}","templated":true}]}}